{"id":154401,"date":"2019-11-21T14:19:45","date_gmt":"2019-11-21T13:19:45","guid":{"rendered":"https:\/\/www.wretmanestate.com\/our-services\/"},"modified":"2025-03-20T13:12:57","modified_gmt":"2025-03-20T12:12:57","slug":"vores-serviceydelser","status":"publish","type":"page","link":"https:\/\/www.wretmanestate.com\/dk\/om-os-ejendomsmaeglere-franske-riviera\/vores-serviceydelser\/","title":{"rendered":"Vores Serviceydelser"},"content":{"rendered":"<div class=\"wpb-content-wrapper\"><p>[vc_row full_width=&#8221;stretch_row_content_no_spaces&#8221; content_placement=&#8221;bottom&#8221; css=&#8221;.vc_custom_1586940364405{background-image: url(https:\/\/www.wretmanestate.com\/wp-content\/uploads\/2019\/11\/new-banner.jpg?id=3444) !important;background-position: center !important;background-repeat: no-repeat !important;background-size: cover !important;}&#8221; el_class=&#8221;bloc-title small&#8221;][vc_column]<div class=\" \">\r\n\t\r\n        <div class=\"mh-heading-wrapper\">\r\n            <h1            class=\"mh-heading mh-color-white mh-heading--bottom-separator   \"\r\n            style=\"font-weight:700;\">\r\n\t\t\tVORES SERVICEYDELSER        <\/h1>\r\n\r\n\t\t    <\/div>\r\n\r\n\t<\/div>[vc_column_text el_class=&#8221;sous-titre-page&#8221;]<\/p>\n<p style=\"text-align: center;\">En komplet l\u00f8sning med kunden i fokus<\/p>\n<p>[\/vc_column_text][\/vc_column][\/vc_row][vc_row][vc_column]<div class=\" \">\r\n\t\r\n        <div class=\"mh-heading-wrapper\">\r\n            <h2            class=\"mh-heading  mh-heading--bottom-separator   \"\r\n            style=\"font-weight:700;\">\r\n\t\t\tWRETMAN ESTATE TILBYDER EN KOMPLET L\u00d8SNING        <\/h2>\r\n\r\n\t\t    <\/div>\r\n\r\n\t<\/div>[\/vc_column][\/vc_row][vc_row el_class=&#8221;img-nos-services&#8221; css=&#8221;.vc_custom_1579535571926{margin-top: 0px !important;margin-bottom: 50px !important;}&#8221;][vc_column width=&#8221;1\/4&#8243;][vc_single_image image=&#8221;13403&#8243; img_size=&#8221;120&#215;120&#8243; alignment=&#8221;center&#8221;][vc_column_text]<\/p>\n<p style=\"text-align: center;\"><span style=\"color: #000000;\"><strong>Vurdering<\/strong><\/span><\/p>\n<p>[\/vc_column_text][\/vc_column][vc_column width=&#8221;1\/4&#8243;][vc_single_image image=&#8221;805851&#8243; img_size=&#8221;120&#215;120&#8243; alignment=&#8221;center&#8221; css=&#8221;&#8221;][vc_column_text]<\/p>\n<p style=\"text-align: center;\"><span style=\"color: #000000;\"><strong>Skr\u00e6ddersyet s\u00f8gning<br \/>\n<\/strong><br \/>\n<\/span><\/p>\n<p>[\/vc_column_text][\/vc_column][vc_column width=&#8221;1\/4&#8243;][vc_single_image image=&#8221;13370&#8243; img_size=&#8221;120&#215;120&#8243; alignment=&#8221;center&#8221;][vc_column_text]<\/p>\n<p style=\"text-align: center;\"><span style=\"color: #000000;\"><strong>Professionel r\u00e5dgivning<br \/>\n<\/strong><br \/>\n<\/span><\/p>\n<p>[\/vc_column_text][\/vc_column][vc_column width=&#8221;1\/4&#8243;][vc_single_image image=&#8221;13378&#8243; img_size=&#8221;120&#215;120&#8243; alignment=&#8221;center&#8221;][vc_column_text]<\/p>\n<p style=\"text-align: center;\"><span style=\"color: #000000;\"><strong>Til salg<\/strong><\/span><\/p>\n<p>[\/vc_column_text][\/vc_column][\/vc_row][vc_row el_class=&#8221;bloc-padding red_links&#8221; css=&#8221;.vc_custom_1581929662794{margin-bottom: 0px !important;}&#8221;][vc_column width=&#8221;1\/2&#8243;][vc_column_text css=&#8221;.vc_custom_1661764151592{margin-bottom: 10px !important;}&#8221; el_class=&#8221;txt_center&#8221;]<\/p>\n<p style=\"text-align: left;\">Hos Wretman Estate er en bolighandel meget mere end bare en handel. Vi g\u00f8r alt for at forenkle processen, s\u00e5 du som k\u00f8ber eller <a href=\"\/dk\/til-salg\/\">s\u00e6lger<\/a>\u00a0altid kan f\u00f8le dig i trygge h\u00e6nder. Vores m\u00e6glere r\u00e5dgiver b\u00e5de med salg og k\u00f8b, og hj\u00e6lper dig gennem hvert trin i processen. Ogs\u00e5 efter, at k\u00f8bet eller salget er fuldf\u00f8rt.<\/p>\n<p style=\"text-align: left;\">Vi adskiller os fra andre m\u00e6glere i Frankrig, da vi hj\u00e6lper vores kunder med alt det, der indeb\u00e6rer at skabe et hjem p\u00e5 den franske Riviera &#8211; eller omvendt, at s\u00e6lge din ejendom og flytte hjem igen.<\/p>\n<p style=\"text-align: left;\">M\u00e5ske tr\u00e6nger du til professionel r\u00e5dgivning? Eller hj\u00e6lp med administrative og praktiske detaljer? Afslutte eller oprette abonnementer, forsikringer eller lignende? Vi hj\u00e6lper dig, s\u00e5 l\u00e6nge du beh\u00f8ver os.<\/p>\n<p style=\"text-align: left;\">Vi har et st\u00f8rre <a href=\"\/dk\/om-os\/partnere-netvaerk\/\">netv\u00e6rk<\/a> af kyndige specialister p\u00e5 den franske Riviera. S\u00e5som notarer, advokater, bygherrer, forsikringsselskaber, myndigheder, banker og revisorer.<\/p>\n<p>[\/vc_column_text][\/vc_column][vc_column width=&#8221;1\/2&#8243;][vc_single_image image=&#8221;23408&#8243; img_size=&#8221;large&#8221;][\/vc_column][\/vc_row][vc_row el_class=&#8221;red_links&#8221;][vc_column]<div class=\" \">\r\n\t\r\n        <div class=\"mh-heading-wrapper\">\r\n            <h2            class=\"mh-heading  mh-heading--bottom-separator   \"\r\n            style=\"font-weight:700;\">\r\n\t\t\tSt\u00f8rst i Frankrig        <\/h2>\r\n\r\n\t\t    <\/div>\r\n\r\n\t<\/div>[vc_column_text]<\/p>\n<p style=\"text-align: center;\">Vi er det st\u00f8rste Skandinaviske ejendomsm\u00e6glerfirma i Frankrig, og med vores 7 <a href=\"\/dk\/kontakt\/vores-kontorer\/\">kontorer <\/a>d\u00e6kker vi fra Menton til St Tropez p\u00e5 den franske Riviera. Vores <a href=\"\/dk\/om-os\/team\/\">team<\/a> best\u00e5r af mere end 45 medarbejdere, hvoraf de fleste er skandinaver, men bor i Sydfrankrig. Vi taler i alt 19 sprog<\/p>\n<p style=\"text-align: center;\"><em>Hvordan kan vi hj\u00e6lpe dig?<\/em><\/p>\n<p>[\/vc_column_text][\/vc_column][\/vc_row]<\/p>\n<\/div>","protected":false},"excerpt":{"rendered":"<p>[vc_row full_width=&#8221;stretch_row_content_no_spaces&#8221; content_placement=&#8221;bottom&#8221; css=&#8221;.vc_custom_1586940364405{background-image: url(https:\/\/www.wretmanestate.com\/wp-content\/uploads\/2019\/11\/new-banner.jpg?id=3444) !important;background-position: center !important;background-repeat: no-repeat !important;background-size: cover !important;}&#8221; el_class=&#8221;bloc-title small&#8221;][vc_column][vc_column_text el_class=&#8221;sous-titre-page&#8221;] En komplet l\u00f8sning med kunden i fokus [\/vc_column_text][\/vc_column][\/vc_row][vc_row][vc_column][\/vc_column][\/vc_row][vc_row el_class=&#8221;img-nos-services&#8221; css=&#8221;.vc_custom_1579535571926{margin-top: 0px !important;margin-bottom: 50px !important;}&#8221;][vc_column width=&#8221;1\/4&#8243;][vc_single_image image=&#8221;13403&#8243; img_size=&#8221;120&#215;120&#8243; alignment=&#8221;center&#8221;][vc_column_text] Vurdering [\/vc_column_text][\/vc_column][vc_column width=&#8221;1\/4&#8243;][vc_single_image image=&#8221;805851&#8243; img_size=&#8221;120&#215;120&#8243; alignment=&#8221;center&#8221; css=&#8221;&#8221;][vc_column_text] Skr\u00e6ddersyet s\u00f8gning [\/vc_column_text][\/vc_column][vc_column width=&#8221;1\/4&#8243;][vc_single_image image=&#8221;13370&#8243; img_size=&#8221;120&#215;120&#8243; alignment=&#8221;center&#8221;][vc_column_text] Professionel r\u00e5dgivning [\/vc_column_text][\/vc_column][vc_column width=&#8221;1\/4&#8243;][vc_single_image image=&#8221;13378&#8243; img_size=&#8221;120&#215;120&#8243; alignment=&#8221;center&#8221;][vc_column_text] Til [&hellip;]<\/p>\n","protected":false},"author":1,"featured_media":0,"parent":154480,"menu_order":0,"comment_status":"closed","ping_status":"closed","template":"page_full-width.php","meta":{"_acf_changed":false,"content-type":"","_monsterinsights_skip_tracking":false,"_monsterinsights_sitenote_active":false,"_monsterinsights_sitenote_note":"","_monsterinsights_sitenote_category":0,"footnotes":""},"class_list":["post-154401","page","type-page","status-publish","hentry"],"acf":[],"yoast_head":"<!-- This site is optimized with the Yoast SEO plugin v27.5 - https:\/\/yoast.com\/product\/yoast-seo-wordpress\/ -->\n<title>Vores Serviceydelser - Vi tilbyder en komplet l\u00f8sning - Wretman Estate<\/title>\n<meta name=\"description\" content=\"Virksomheden, Wretman Estate p\u00e5 den franske Riviera tilbyder en komplet l\u00f8sning: vurdering, salg, professionel r\u00e5dgivning og s\u00f8gning.:\" \/>\n<meta name=\"robots\" content=\"index, follow, max-snippet:-1, max-image-preview:large, max-video-preview:-1\" \/>\n<link rel=\"canonical\" href=\"https:\/\/www.wretmanestate.com\/dk\/om-os-ejendomsmaeglere-franske-riviera\/vores-serviceydelser\/\" \/>\n<meta property=\"og:locale\" content=\"en_US\" \/>\n<meta property=\"og:type\" content=\"article\" \/>\n<meta property=\"og:title\" content=\"Vores Serviceydelser - Vi tilbyder en komplet l\u00f8sning - Wretman Estate\" \/>\n<meta property=\"og:description\" content=\"Virksomheden, Wretman Estate p\u00e5 den franske Riviera tilbyder en komplet l\u00f8sning: vurdering, salg, professionel r\u00e5dgivning og s\u00f8gning.:\" \/>\n<meta property=\"og:url\" content=\"https:\/\/www.wretmanestate.com\/dk\/om-os-ejendomsmaeglere-franske-riviera\/vores-serviceydelser\/\" \/>\n<meta property=\"og:site_name\" content=\"Wretman Estate\" \/>\n<meta property=\"article:modified_time\" content=\"2025-03-20T12:12:57+00:00\" \/>\n<meta name=\"twitter:card\" content=\"summary_large_image\" \/>\n<meta name=\"twitter:label1\" content=\"Est. reading time\" \/>\n\t<meta name=\"twitter:data1\" content=\"2 minutes\" \/>\n<script type=\"application\/ld+json\" class=\"yoast-schema-graph\">{\"@context\":\"https:\\\/\\\/schema.org\",\"@graph\":[{\"@type\":\"WebPage\",\"@id\":\"https:\\\/\\\/www.wretmanestate.com\\\/dk\\\/om-os-ejendomsmaeglere-franske-riviera\\\/vores-serviceydelser\\\/\",\"url\":\"https:\\\/\\\/www.wretmanestate.com\\\/dk\\\/om-os-ejendomsmaeglere-franske-riviera\\\/vores-serviceydelser\\\/\",\"name\":\"Vores Serviceydelser - Vi tilbyder en komplet l\u00f8sning - Wretman Estate\",\"isPartOf\":{\"@id\":\"https:\\\/\\\/www.wretmanestate.com\\\/dk\\\/#website\"},\"datePublished\":\"2019-11-21T13:19:45+00:00\",\"dateModified\":\"2025-03-20T12:12:57+00:00\",\"description\":\"Virksomheden, Wretman Estate p\u00e5 den franske Riviera tilbyder en komplet l\u00f8sning: vurdering, salg, professionel r\u00e5dgivning og s\u00f8gning.:\",\"breadcrumb\":{\"@id\":\"https:\\\/\\\/www.wretmanestate.com\\\/dk\\\/om-os-ejendomsmaeglere-franske-riviera\\\/vores-serviceydelser\\\/#breadcrumb\"},\"inLanguage\":\"da-DK\",\"potentialAction\":[{\"@type\":\"ReadAction\",\"target\":[\"https:\\\/\\\/www.wretmanestate.com\\\/dk\\\/om-os-ejendomsmaeglere-franske-riviera\\\/vores-serviceydelser\\\/\"]}]},{\"@type\":\"BreadcrumbList\",\"@id\":\"https:\\\/\\\/www.wretmanestate.com\\\/dk\\\/om-os-ejendomsmaeglere-franske-riviera\\\/vores-serviceydelser\\\/#breadcrumb\",\"itemListElement\":[{\"@type\":\"ListItem\",\"position\":1,\"name\":\"Accueil\",\"item\":\"https:\\\/\\\/www.wretmanestate.com\\\/dk\\\/\"},{\"@type\":\"ListItem\",\"position\":2,\"name\":\"Om os\",\"item\":\"https:\\\/\\\/www.wretmanestate.com\\\/dk\\\/om-os-ejendomsmaeglere-franske-riviera\\\/\"},{\"@type\":\"ListItem\",\"position\":3,\"name\":\"Vores Serviceydelser\"}]},{\"@type\":\"WebSite\",\"@id\":\"https:\\\/\\\/www.wretmanestate.com\\\/dk\\\/#website\",\"url\":\"https:\\\/\\\/www.wretmanestate.com\\\/dk\\\/\",\"name\":\"Wretman Estate\",\"description\":\"Immobilier sur la C\u00f4te d&#039;Azur et la Provence\",\"publisher\":{\"@id\":\"https:\\\/\\\/www.wretmanestate.com\\\/dk\\\/#organization\"},\"potentialAction\":[{\"@type\":\"SearchAction\",\"target\":{\"@type\":\"EntryPoint\",\"urlTemplate\":\"https:\\\/\\\/www.wretmanestate.com\\\/dk\\\/?s={search_term_string}\"},\"query-input\":{\"@type\":\"PropertyValueSpecification\",\"valueRequired\":true,\"valueName\":\"search_term_string\"}}],\"inLanguage\":\"da-DK\"},{\"@type\":\"Organization\",\"@id\":\"https:\\\/\\\/www.wretmanestate.com\\\/dk\\\/#organization\",\"name\":\"WRETMAN ESTATE\",\"url\":\"https:\\\/\\\/www.wretmanestate.com\\\/dk\\\/\",\"logo\":{\"@type\":\"ImageObject\",\"inLanguage\":\"da-DK\",\"@id\":\"https:\\\/\\\/www.wretmanestate.com\\\/dk\\\/#\\\/schema\\\/logo\\\/image\\\/\",\"url\":\"\",\"contentUrl\":\"\",\"caption\":\"WRETMAN ESTATE\"},\"image\":{\"@id\":\"https:\\\/\\\/www.wretmanestate.com\\\/dk\\\/#\\\/schema\\\/logo\\\/image\\\/\"}}]}<\/script>\n<!-- \/ Yoast SEO plugin. -->","yoast_head_json":{"title":"Vores Serviceydelser - Vi tilbyder en komplet l\u00f8sning - Wretman Estate","description":"Virksomheden, Wretman Estate p\u00e5 den franske Riviera tilbyder en komplet l\u00f8sning: vurdering, salg, professionel r\u00e5dgivning og s\u00f8gning.:","robots":{"index":"index","follow":"follow","max-snippet":"max-snippet:-1","max-image-preview":"max-image-preview:large","max-video-preview":"max-video-preview:-1"},"canonical":"https:\/\/www.wretmanestate.com\/dk\/om-os-ejendomsmaeglere-franske-riviera\/vores-serviceydelser\/","og_locale":"en_US","og_type":"article","og_title":"Vores Serviceydelser - Vi tilbyder en komplet l\u00f8sning - Wretman Estate","og_description":"Virksomheden, Wretman Estate p\u00e5 den franske Riviera tilbyder en komplet l\u00f8sning: vurdering, salg, professionel r\u00e5dgivning og s\u00f8gning.:","og_url":"https:\/\/www.wretmanestate.com\/dk\/om-os-ejendomsmaeglere-franske-riviera\/vores-serviceydelser\/","og_site_name":"Wretman Estate","article_modified_time":"2025-03-20T12:12:57+00:00","twitter_card":"summary_large_image","twitter_misc":{"Est. reading time":"2 minutes"},"schema":{"@context":"https:\/\/schema.org","@graph":[{"@type":"WebPage","@id":"https:\/\/www.wretmanestate.com\/dk\/om-os-ejendomsmaeglere-franske-riviera\/vores-serviceydelser\/","url":"https:\/\/www.wretmanestate.com\/dk\/om-os-ejendomsmaeglere-franske-riviera\/vores-serviceydelser\/","name":"Vores Serviceydelser - Vi tilbyder en komplet l\u00f8sning - Wretman Estate","isPartOf":{"@id":"https:\/\/www.wretmanestate.com\/dk\/#website"},"datePublished":"2019-11-21T13:19:45+00:00","dateModified":"2025-03-20T12:12:57+00:00","description":"Virksomheden, Wretman Estate p\u00e5 den franske Riviera tilbyder en komplet l\u00f8sning: vurdering, salg, professionel r\u00e5dgivning og s\u00f8gning.:","breadcrumb":{"@id":"https:\/\/www.wretmanestate.com\/dk\/om-os-ejendomsmaeglere-franske-riviera\/vores-serviceydelser\/#breadcrumb"},"inLanguage":"da-DK","potentialAction":[{"@type":"ReadAction","target":["https:\/\/www.wretmanestate.com\/dk\/om-os-ejendomsmaeglere-franske-riviera\/vores-serviceydelser\/"]}]},{"@type":"BreadcrumbList","@id":"https:\/\/www.wretmanestate.com\/dk\/om-os-ejendomsmaeglere-franske-riviera\/vores-serviceydelser\/#breadcrumb","itemListElement":[{"@type":"ListItem","position":1,"name":"Accueil","item":"https:\/\/www.wretmanestate.com\/dk\/"},{"@type":"ListItem","position":2,"name":"Om os","item":"https:\/\/www.wretmanestate.com\/dk\/om-os-ejendomsmaeglere-franske-riviera\/"},{"@type":"ListItem","position":3,"name":"Vores Serviceydelser"}]},{"@type":"WebSite","@id":"https:\/\/www.wretmanestate.com\/dk\/#website","url":"https:\/\/www.wretmanestate.com\/dk\/","name":"Wretman Estate","description":"Immobilier sur la C\u00f4te d&#039;Azur et la Provence","publisher":{"@id":"https:\/\/www.wretmanestate.com\/dk\/#organization"},"potentialAction":[{"@type":"SearchAction","target":{"@type":"EntryPoint","urlTemplate":"https:\/\/www.wretmanestate.com\/dk\/?s={search_term_string}"},"query-input":{"@type":"PropertyValueSpecification","valueRequired":true,"valueName":"search_term_string"}}],"inLanguage":"da-DK"},{"@type":"Organization","@id":"https:\/\/www.wretmanestate.com\/dk\/#organization","name":"WRETMAN ESTATE","url":"https:\/\/www.wretmanestate.com\/dk\/","logo":{"@type":"ImageObject","inLanguage":"da-DK","@id":"https:\/\/www.wretmanestate.com\/dk\/#\/schema\/logo\/image\/","url":"","contentUrl":"","caption":"WRETMAN ESTATE"},"image":{"@id":"https:\/\/www.wretmanestate.com\/dk\/#\/schema\/logo\/image\/"}}]}},"_links":{"self":[{"href":"https:\/\/www.wretmanestate.com\/dk\/wp-json\/wp\/v2\/pages\/154401","targetHints":{"allow":["GET"]}}],"collection":[{"href":"https:\/\/www.wretmanestate.com\/dk\/wp-json\/wp\/v2\/pages"}],"about":[{"href":"https:\/\/www.wretmanestate.com\/dk\/wp-json\/wp\/v2\/types\/page"}],"author":[{"embeddable":true,"href":"https:\/\/www.wretmanestate.com\/dk\/wp-json\/wp\/v2\/users\/1"}],"replies":[{"embeddable":true,"href":"https:\/\/www.wretmanestate.com\/dk\/wp-json\/wp\/v2\/comments?post=154401"}],"version-history":[{"count":6,"href":"https:\/\/www.wretmanestate.com\/dk\/wp-json\/wp\/v2\/pages\/154401\/revisions"}],"predecessor-version":[{"id":805860,"href":"https:\/\/www.wretmanestate.com\/dk\/wp-json\/wp\/v2\/pages\/154401\/revisions\/805860"}],"up":[{"embeddable":true,"href":"https:\/\/www.wretmanestate.com\/dk\/wp-json\/wp\/v2\/pages\/154480"}],"wp:attachment":[{"href":"https:\/\/www.wretmanestate.com\/dk\/wp-json\/wp\/v2\/media?parent=154401"}],"curies":[{"name":"wp","href":"https:\/\/api.w.org\/{rel}","templated":true}]}}