{"id":154428,"date":"2019-12-04T10:02:44","date_gmt":"2019-12-04T09:02:44","guid":{"rendered":"https:\/\/www.wretmanestate.com\/invest\/"},"modified":"2022-08-25T15:55:51","modified_gmt":"2022-08-25T13:55:51","slug":"invester-sydfrankrig","status":"publish","type":"page","link":"https:\/\/www.wretmanestate.com\/dk\/invester-sydfrankrig\/","title":{"rendered":"Invester"},"content":{"rendered":"<div class=\"wpb-content-wrapper\"><p>[vc_row full_width=&#8221;stretch_row_content_no_spaces&#8221; content_placement=&#8221;bottom&#8221; css=&#8221;.vc_custom_1580383587690{background-image: url(https:\/\/www.wretmanestate.com\/wp-content\/uploads\/2019\/11\/new-banner.jpg?id=3444) !important;background-position: center !important;background-repeat: no-repeat !important;background-size: cover !important;}&#8221; el_class=&#8221;bloc-title header_team small&#8221;][vc_column]<div class=\" \">\r\n\t\r\n        <div class=\"mh-heading-wrapper\">\r\n            <h1            class=\"mh-heading mh-color-white mh-heading--bottom-separator   \"\r\n            style=\"font-weight:700;\">\r\n\t\t\tINVESTER        <\/h1>\r\n\r\n\t\t    <\/div>\r\n\r\n\t<\/div>[vc_column_text el_class=&#8221;sous-titre-page&#8221;]Investere i hoteller, ving\u00e5rde og andre handelsm\u00e6ssige ejendomme[\/vc_column_text][\/vc_column][\/vc_row][vc_row bg_type=&#8221;bg_color&#8221; bg_override=&#8221;ex-full&#8221; bg_color_value=&#8221;#f2f2f6&#8243; el_class=&#8221;red_links&#8221;][vc_column width=&#8221;1\/2&#8243;][vc_column_text]<strong>Wretman Invest specialiserer sig i handelsm\u00e6ssige ejendomsinvesteringer, s\u00e5som hoteller, B&amp;B&#8217;er, ving\u00e5rde, boligblokke og indk\u00f8bscentre.<\/strong><\/p>\n<p>Vores hovedfokus er at identificere interessante og profitable ejendomme. <a href=\"\/dk\/koeb\/ejendomssoegning\/\">Alle vores s\u00f8gninger<\/a> er tilpasset vores kunders kriterier. Vi fungerer som r\u00e5dgivere i b\u00e5de salgs- og k\u00f8bsprocessen, og vi har h\u00e5ndplukket et team af specialister inden for juridiske og skattem\u00e6ssige forhold, renovering og ledelse. Wretman Invest befinder sig p\u00e5 den franske Riviera med et globalt netv\u00e6rk, og vi er \u00e5bne for internationalt samarbejde. Kontakt vores ekspert for mere information:<\/p>\n<p style=\"text-align: left;\"><strong><a href=\"https:\/\/www.wretmanestate.com\/dk\/om-os-ejendomsmaeglere-franske-riviera\/team\/elisabeth-kahler\/\">Elisabeth K\u00e4hler<\/a><\/strong><br \/>\n<a href=\"mailto:invest@wretmanestate.com\">invest@wretmanestate.com<\/a><\/p>\n<p>[\/vc_column_text][\/vc_column][vc_column width=&#8221;1\/2&#8243;][vc_single_image image=&#8221;18422&#8243; img_size=&#8221;large&#8221;][\/vc_column][\/vc_row][vc_row][vc_column]    <div class=\"mh-grid\">\r\n\t\t    <\/div>\r\n\r\n[\/vc_column][\/vc_row]<\/p>\n<\/div>","protected":false},"excerpt":{"rendered":"<p>[vc_row full_width=&#8221;stretch_row_content_no_spaces&#8221; content_placement=&#8221;bottom&#8221; css=&#8221;.vc_custom_1580383587690{background-image: url(https:\/\/www.wretmanestate.com\/wp-content\/uploads\/2019\/11\/new-banner.jpg?id=3444) !important;background-position: center !important;background-repeat: no-repeat !important;background-size: cover !important;}&#8221; el_class=&#8221;bloc-title header_team small&#8221;][vc_column][vc_column_text el_class=&#8221;sous-titre-page&#8221;]Investere i hoteller, ving\u00e5rde og andre handelsm\u00e6ssige ejendomme[\/vc_column_text][\/vc_column][\/vc_row][vc_row bg_type=&#8221;bg_color&#8221; bg_override=&#8221;ex-full&#8221; bg_color_value=&#8221;#f2f2f6&#8243; el_class=&#8221;red_links&#8221;][vc_column width=&#8221;1\/2&#8243;][vc_column_text]Wretman Invest specialiserer sig i handelsm\u00e6ssige ejendomsinvesteringer, s\u00e5som hoteller, B&amp;B&#8217;er, ving\u00e5rde, boligblokke og indk\u00f8bscentre. Vores hovedfokus er at identificere interessante og profitable ejendomme. Alle vores s\u00f8gninger er tilpasset [&hellip;]<\/p>\n","protected":false},"author":1,"featured_media":0,"parent":0,"menu_order":0,"comment_status":"closed","ping_status":"closed","template":"page_full-width.php","meta":{"_acf_changed":false,"content-type":"","_monsterinsights_skip_tracking":false,"_monsterinsights_sitenote_active":false,"_monsterinsights_sitenote_note":"","_monsterinsights_sitenote_category":0,"footnotes":""},"class_list":["post-154428","page","type-page","status-publish","hentry"],"acf":[],"yoast_head":"<!-- This site is optimized with the Yoast SEO plugin v27.5 - https:\/\/yoast.com\/product\/yoast-seo-wordpress\/ -->\n<title>Invester i handelsm\u00e6ssige ejendomme - franske Riviera - Wretman Estate<\/title>\n<meta name=\"description\" content=\"Wretman Invest specialiserer sig i handelsm\u00e6ssige ejendomsinvesteringer, s\u00e5som hoteller, B&amp;B&#039;er, ving\u00e5rde, boligblokke og indk\u00f8bscentre.\" \/>\n<meta name=\"robots\" content=\"index, follow, max-snippet:-1, max-image-preview:large, max-video-preview:-1\" \/>\n<link rel=\"canonical\" href=\"https:\/\/www.wretmanestate.com\/dk\/invester-sydfrankrig\/\" \/>\n<meta property=\"og:locale\" content=\"en_US\" \/>\n<meta property=\"og:type\" content=\"article\" \/>\n<meta property=\"og:title\" content=\"Invester i handelsm\u00e6ssige ejendomme - franske Riviera - Wretman Estate\" \/>\n<meta property=\"og:description\" content=\"Wretman Invest specialiserer sig i handelsm\u00e6ssige ejendomsinvesteringer, s\u00e5som hoteller, B&amp;B&#039;er, ving\u00e5rde, boligblokke og indk\u00f8bscentre.\" \/>\n<meta property=\"og:url\" content=\"https:\/\/www.wretmanestate.com\/dk\/invester-sydfrankrig\/\" \/>\n<meta property=\"og:site_name\" content=\"Wretman Estate\" \/>\n<meta property=\"article:modified_time\" content=\"2022-08-25T13:55:51+00:00\" \/>\n<meta name=\"twitter:card\" content=\"summary_large_image\" \/>\n<meta name=\"twitter:label1\" content=\"Est. reading time\" \/>\n\t<meta name=\"twitter:data1\" content=\"1 minute\" \/>\n<script type=\"application\/ld+json\" class=\"yoast-schema-graph\">{\"@context\":\"https:\\\/\\\/schema.org\",\"@graph\":[{\"@type\":\"WebPage\",\"@id\":\"https:\\\/\\\/www.wretmanestate.com\\\/dk\\\/invester-sydfrankrig\\\/\",\"url\":\"https:\\\/\\\/www.wretmanestate.com\\\/dk\\\/invester-sydfrankrig\\\/\",\"name\":\"Invester i handelsm\u00e6ssige ejendomme - franske Riviera - Wretman Estate\",\"isPartOf\":{\"@id\":\"https:\\\/\\\/www.wretmanestate.com\\\/dk\\\/#website\"},\"datePublished\":\"2019-12-04T09:02:44+00:00\",\"dateModified\":\"2022-08-25T13:55:51+00:00\",\"description\":\"Wretman Invest specialiserer sig i handelsm\u00e6ssige ejendomsinvesteringer, s\u00e5som hoteller, B&B'er, ving\u00e5rde, boligblokke og indk\u00f8bscentre.\",\"breadcrumb\":{\"@id\":\"https:\\\/\\\/www.wretmanestate.com\\\/dk\\\/invester-sydfrankrig\\\/#breadcrumb\"},\"inLanguage\":\"da-DK\",\"potentialAction\":[{\"@type\":\"ReadAction\",\"target\":[\"https:\\\/\\\/www.wretmanestate.com\\\/dk\\\/invester-sydfrankrig\\\/\"]}]},{\"@type\":\"BreadcrumbList\",\"@id\":\"https:\\\/\\\/www.wretmanestate.com\\\/dk\\\/invester-sydfrankrig\\\/#breadcrumb\",\"itemListElement\":[{\"@type\":\"ListItem\",\"position\":1,\"name\":\"Accueil\",\"item\":\"https:\\\/\\\/www.wretmanestate.com\\\/dk\\\/\"},{\"@type\":\"ListItem\",\"position\":2,\"name\":\"Invester\"}]},{\"@type\":\"WebSite\",\"@id\":\"https:\\\/\\\/www.wretmanestate.com\\\/dk\\\/#website\",\"url\":\"https:\\\/\\\/www.wretmanestate.com\\\/dk\\\/\",\"name\":\"Wretman Estate\",\"description\":\"Immobilier sur la C\u00f4te d&#039;Azur et la Provence\",\"publisher\":{\"@id\":\"https:\\\/\\\/www.wretmanestate.com\\\/dk\\\/#organization\"},\"potentialAction\":[{\"@type\":\"SearchAction\",\"target\":{\"@type\":\"EntryPoint\",\"urlTemplate\":\"https:\\\/\\\/www.wretmanestate.com\\\/dk\\\/?s={search_term_string}\"},\"query-input\":{\"@type\":\"PropertyValueSpecification\",\"valueRequired\":true,\"valueName\":\"search_term_string\"}}],\"inLanguage\":\"da-DK\"},{\"@type\":\"Organization\",\"@id\":\"https:\\\/\\\/www.wretmanestate.com\\\/dk\\\/#organization\",\"name\":\"WRETMAN ESTATE\",\"url\":\"https:\\\/\\\/www.wretmanestate.com\\\/dk\\\/\",\"logo\":{\"@type\":\"ImageObject\",\"inLanguage\":\"da-DK\",\"@id\":\"https:\\\/\\\/www.wretmanestate.com\\\/dk\\\/#\\\/schema\\\/logo\\\/image\\\/\",\"url\":\"\",\"contentUrl\":\"\",\"caption\":\"WRETMAN ESTATE\"},\"image\":{\"@id\":\"https:\\\/\\\/www.wretmanestate.com\\\/dk\\\/#\\\/schema\\\/logo\\\/image\\\/\"}}]}<\/script>\n<!-- \/ Yoast SEO plugin. -->","yoast_head_json":{"title":"Invester i handelsm\u00e6ssige ejendomme - franske Riviera - Wretman Estate","description":"Wretman Invest specialiserer sig i handelsm\u00e6ssige ejendomsinvesteringer, s\u00e5som hoteller, B&B'er, ving\u00e5rde, boligblokke og indk\u00f8bscentre.","robots":{"index":"index","follow":"follow","max-snippet":"max-snippet:-1","max-image-preview":"max-image-preview:large","max-video-preview":"max-video-preview:-1"},"canonical":"https:\/\/www.wretmanestate.com\/dk\/invester-sydfrankrig\/","og_locale":"en_US","og_type":"article","og_title":"Invester i handelsm\u00e6ssige ejendomme - franske Riviera - Wretman Estate","og_description":"Wretman Invest specialiserer sig i handelsm\u00e6ssige ejendomsinvesteringer, s\u00e5som hoteller, B&B'er, ving\u00e5rde, boligblokke og indk\u00f8bscentre.","og_url":"https:\/\/www.wretmanestate.com\/dk\/invester-sydfrankrig\/","og_site_name":"Wretman Estate","article_modified_time":"2022-08-25T13:55:51+00:00","twitter_card":"summary_large_image","twitter_misc":{"Est. reading time":"1 minute"},"schema":{"@context":"https:\/\/schema.org","@graph":[{"@type":"WebPage","@id":"https:\/\/www.wretmanestate.com\/dk\/invester-sydfrankrig\/","url":"https:\/\/www.wretmanestate.com\/dk\/invester-sydfrankrig\/","name":"Invester i handelsm\u00e6ssige ejendomme - franske Riviera - Wretman Estate","isPartOf":{"@id":"https:\/\/www.wretmanestate.com\/dk\/#website"},"datePublished":"2019-12-04T09:02:44+00:00","dateModified":"2022-08-25T13:55:51+00:00","description":"Wretman Invest specialiserer sig i handelsm\u00e6ssige ejendomsinvesteringer, s\u00e5som hoteller, B&B'er, ving\u00e5rde, boligblokke og indk\u00f8bscentre.","breadcrumb":{"@id":"https:\/\/www.wretmanestate.com\/dk\/invester-sydfrankrig\/#breadcrumb"},"inLanguage":"da-DK","potentialAction":[{"@type":"ReadAction","target":["https:\/\/www.wretmanestate.com\/dk\/invester-sydfrankrig\/"]}]},{"@type":"BreadcrumbList","@id":"https:\/\/www.wretmanestate.com\/dk\/invester-sydfrankrig\/#breadcrumb","itemListElement":[{"@type":"ListItem","position":1,"name":"Accueil","item":"https:\/\/www.wretmanestate.com\/dk\/"},{"@type":"ListItem","position":2,"name":"Invester"}]},{"@type":"WebSite","@id":"https:\/\/www.wretmanestate.com\/dk\/#website","url":"https:\/\/www.wretmanestate.com\/dk\/","name":"Wretman Estate","description":"Immobilier sur la C\u00f4te d&#039;Azur et la Provence","publisher":{"@id":"https:\/\/www.wretmanestate.com\/dk\/#organization"},"potentialAction":[{"@type":"SearchAction","target":{"@type":"EntryPoint","urlTemplate":"https:\/\/www.wretmanestate.com\/dk\/?s={search_term_string}"},"query-input":{"@type":"PropertyValueSpecification","valueRequired":true,"valueName":"search_term_string"}}],"inLanguage":"da-DK"},{"@type":"Organization","@id":"https:\/\/www.wretmanestate.com\/dk\/#organization","name":"WRETMAN ESTATE","url":"https:\/\/www.wretmanestate.com\/dk\/","logo":{"@type":"ImageObject","inLanguage":"da-DK","@id":"https:\/\/www.wretmanestate.com\/dk\/#\/schema\/logo\/image\/","url":"","contentUrl":"","caption":"WRETMAN ESTATE"},"image":{"@id":"https:\/\/www.wretmanestate.com\/dk\/#\/schema\/logo\/image\/"}}]}},"_links":{"self":[{"href":"https:\/\/www.wretmanestate.com\/dk\/wp-json\/wp\/v2\/pages\/154428","targetHints":{"allow":["GET"]}}],"collection":[{"href":"https:\/\/www.wretmanestate.com\/dk\/wp-json\/wp\/v2\/pages"}],"about":[{"href":"https:\/\/www.wretmanestate.com\/dk\/wp-json\/wp\/v2\/types\/page"}],"author":[{"embeddable":true,"href":"https:\/\/www.wretmanestate.com\/dk\/wp-json\/wp\/v2\/users\/1"}],"replies":[{"embeddable":true,"href":"https:\/\/www.wretmanestate.com\/dk\/wp-json\/wp\/v2\/comments?post=154428"}],"version-history":[{"count":10,"href":"https:\/\/www.wretmanestate.com\/dk\/wp-json\/wp\/v2\/pages\/154428\/revisions"}],"predecessor-version":[{"id":324625,"href":"https:\/\/www.wretmanestate.com\/dk\/wp-json\/wp\/v2\/pages\/154428\/revisions\/324625"}],"wp:attachment":[{"href":"https:\/\/www.wretmanestate.com\/dk\/wp-json\/wp\/v2\/media?parent=154428"}],"curies":[{"name":"wp","href":"https:\/\/api.w.org\/{rel}","templated":true}]}}