{"id":154434,"date":"2019-11-28T12:03:34","date_gmt":"2019-11-28T11:03:34","guid":{"rendered":"https:\/\/www.wretmanestate.com\/partners-network\/"},"modified":"2024-02-06T14:40:49","modified_gmt":"2024-02-06T13:40:49","slug":"partnere-netvaerk","status":"publish","type":"page","link":"https:\/\/www.wretmanestate.com\/dk\/om-os-ejendomsmaeglere-franske-riviera\/partnere-netvaerk\/","title":{"rendered":"Partnere Netvaerk"},"content":{"rendered":"<div class=\"wpb-content-wrapper\"><p>[vc_row full_width=&#8221;stretch_row_content_no_spaces&#8221; content_placement=&#8221;bottom&#8221; css=&#8221;.vc_custom_1586940062851{background-image: url(https:\/\/www.wretmanestate.com\/wp-content\/uploads\/2019\/11\/new-banner.jpg?id=3444) !important;background-position: center !important;background-repeat: no-repeat !important;background-size: cover !important;}&#8221; el_class=&#8221;bloc-title small&#8221;][vc_column]<div class=\" \">\r\n\t\r\n        <div class=\"mh-heading-wrapper\">\r\n            <h1            class=\"mh-heading mh-color-white mh-heading--bottom-separator   \"\r\n            style=\"font-weight:700;\">\r\n\t\t\tPARTNERE OG NETV\u00c6RK        <\/h1>\r\n\r\n\t\t    <\/div>\r\n\r\n\t<\/div>[vc_column_text el_class=&#8221;sous-titre-page&#8221;]<\/p>\n<p style=\"text-align: center;\">Vi tror p\u00e5 samarbejde<\/p>\n<p>[\/vc_column_text][\/vc_column][\/vc_row][vc_row css=&#8221;.vc_custom_1574948128442{margin-top: 30px !important;}&#8221;][vc_column]<div class=\" \">\r\n\t\r\n        <div class=\"mh-heading-wrapper\">\r\n            <h2            class=\"mh-heading  mh-heading--bottom-separator   \"\r\n            style=\"font-weight:700;\">\r\n\t\t\tPROFESSIONEL NETV\u00c6RK        <\/h2>\r\n\r\n\t\t    <\/div>\r\n\r\n\t<\/div>[vc_column_text]<\/p>\n<p style=\"text-align: center;\">Vi er medlem af Apimarket, FNAIM og MLS, som er de st\u00f8rste nationale databaser for ejendomsm\u00e6glere<\/p>\n<p style=\"text-align: center;\">Gennem vores medlemskaber har vi adgang til tusindvis af ejendomme p\u00e5 markedet. Alle vores ejendomme er ligeledes synlige p\u00e5 vores samarbejdspartneres hjemmesider.<\/p>\n<p style=\"text-align: center;\">Alt dette er interessant for vores kunder. For vores k\u00f8bere, kan vi tilbyde et bredt udvalg af ejendomme at v\u00e6lge imellem. For vores s\u00e6lgere stiger antallet af potentielle k\u00f8bere, da mange ag vores partnere har adgang til vores ejendomme.<\/p>\n<p style=\"text-align: center;\">Vi er vant til at arbejde med andre ejendomsm\u00e6glere, da det \u00f8ger vores chancer for at s\u00e6lge din bolig, eller finde en bolig, der passer til dig.<\/p>\n<p>[\/vc_column_text][vc_row_inner equal_height=&#8221;yes&#8221; content_placement=&#8221;top&#8221; css=&#8221;.vc_custom_1574948123219{margin-top: 30px !important;}&#8221;][vc_column_inner width=&#8221;1\/2&#8243;][vc_single_image image=&#8221;11831&#8243; img_size=&#8221;medium&#8221; alignment=&#8221;center&#8221; onclick=&#8221;custom_link&#8221; img_link_target=&#8221;_blank&#8221; link=&#8221;https:\/\/apimo.net\/&#8221;][\/vc_column_inner][vc_column_inner width=&#8221;1\/2&#8243;][vc_single_image image=&#8221;11827&#8243; img_size=&#8221;medium&#8221; alignment=&#8221;center&#8221; onclick=&#8221;custom_link&#8221; img_link_target=&#8221;_blank&#8221; link=&#8221;https:\/\/www.fnaim.fr\/&#8221;][\/vc_column_inner][\/vc_row_inner][\/vc_column][\/vc_row][vc_row][vc_column][vc_separator color=&#8221;custom&#8221; border_width=&#8221;3&#8243; accent_color=&#8221;#7a1523&#8243;][\/vc_column][\/vc_row][vc_row][vc_column]<div class=\" \">\r\n\t\r\n        <div class=\"mh-heading-wrapper\">\r\n            <h2            class=\"mh-heading  mh-heading--bottom-separator   \"\r\n            style=\"font-weight:700;\">\r\n\t\t\tPARTNERE        <\/h2>\r\n\r\n\t\t    <\/div>\r\n\r\n\t<\/div>[vc_row_inner equal_height=&#8221;yes&#8221; content_placement=&#8221;top&#8221; css=&#8221;.vc_custom_1579181147575{margin-top: 30px !important;}&#8221;][vc_column_inner width=&#8221;1\/3&#8243;][vc_single_image image=&#8221;3643&#8243; img_size=&#8221;medium&#8221; onclick=&#8221;custom_link&#8221; img_link_target=&#8221;_blank&#8221; link=&#8221;http:\/\/www.rivieraklubben.com&#8221;][vc_column_text]Svensk netv\u00e6rk p\u00e5 den franske Riviera med over 3000 medlemmer. Klubben har v\u00e6ret aktiv i 40 \u00e5r, og tilbyder utallige aktiviteter og brugbar information om det franske samfund.<\/p>\n<p>[\/vc_column_text][\/vc_column_inner][vc_column_inner width=&#8221;1\/3&#8243;][vc_single_image image=&#8221;16328&#8243; img_size=&#8221;medium&#8221; onclick=&#8221;custom_link&#8221; img_link_target=&#8221;_blank&#8221; link=&#8221;http:\/\/www.svenskakyrkan.se\/sodrafrankrike&#8221;][vc_column_text]Den svenske kirke tilbyder b\u00f8rn og familier forskellige aktiviteter, barned\u00e5b, bryllup og lignende. De hj\u00e6lper og st\u00f8tter samtidig i sv\u00e6re situationer. Ydermere organiserer de b\u00e5de jul og p\u00e5skemarkeder \u00e5rligt.[\/vc_column_text][\/vc_column_inner][vc_column_inner width=&#8221;1\/3&#8243;][vc_single_image image=&#8221;3689&#8243; img_size=&#8221;medium&#8221; onclick=&#8221;custom_link&#8221; img_link_target=&#8221;_blank&#8221; link=&#8221;http:\/\/www.consulat-suede.fr&#8221; css=&#8221;.vc_custom_1579181253459{margin-bottom: 10px !important;}&#8221;][vc_column_text]Konsulatet tilbyder r\u00e5dgivning og hj\u00e6lp til svenske statsborgere i forbindelse med kontakt til franske myndigheder. Konsulatet udsteder blandt andet livscertifikater, forel\u00f8bige pas og kan efter anmodning overs\u00e6tte svenske personlige certifikater.[\/vc_column_text][\/vc_column_inner][\/vc_row_inner][\/vc_column][\/vc_row][vc_row][vc_column][vc_separator color=&#8221;custom&#8221; border_width=&#8221;3&#8243; accent_color=&#8221;#7a1523&#8243;][\/vc_column][\/vc_row][vc_row css=&#8221;.vc_custom_1574948116312{margin-top: 30px !important;}&#8221;][vc_column]<div class=\" \">\r\n\t\r\n        <div class=\"mh-heading-wrapper\">\r\n            <h3            class=\"mh-heading  mh-heading--bottom-separator   \"\r\n            style=\"font-weight:700;\">\r\n\t\t\tRENOVERING        <\/h3>\r\n\r\n\t\t    <\/div>\r\n\r\n\t<\/div>[vc_row_inner equal_height=&#8221;yes&#8221; content_placement=&#8221;top&#8221; css=&#8221;.vc_custom_1579180878218{margin-top: 30px !important;}&#8221;][vc_column_inner width=&#8221;1\/4&#8243;][vc_single_image image=&#8221;16930&#8243; img_size=&#8221;&#8221; alignment=&#8221;center&#8221; onclick=&#8221;custom_link&#8221; img_link_target=&#8221;_blank&#8221; link=&#8221;http:\/\/www.villascandinave.com&#8221;][vc_column_text]Svensk renoveringstjeneste, der arbejder med b\u00e5de bygge- og renoveringsprojekter. Tilbyder projektledelse fra A-Z og giver ogs\u00e5 homestyling. Service p\u00e5 svensk, engelsk og fransk.[\/vc_column_text][\/vc_column_inner][vc_column_inner width=&#8221;1\/4&#8243;][vc_single_image image=&#8221;16922&#8243; img_size=&#8221;&#8221; alignment=&#8221;center&#8221; onclick=&#8221;custom_link&#8221; img_link_target=&#8221;_blank&#8221; link=&#8221;http:\/\/www.maisonsanssoucis.com&#8221;][vc_column_text]Maison sans soucis er dedikeret til ejendomsadministration og vedligeholder sommerhuse i Canton de Fayence og omegn. Service p\u00e5 fransk og engelsk.[\/vc_column_text][\/vc_column_inner][vc_column_inner width=&#8221;1\/4&#8243;][vc_single_image image=&#8221;16926&#8243; img_size=&#8221;&#8221; alignment=&#8221;center&#8221; onclick=&#8221;custom_link&#8221; img_link_target=&#8221;_blank&#8221; link=&#8221;http:\/\/www.mzarchitecture.com&#8221;][vc_column_text]Fransk\/Britisk arkitekturfirma, der specialiserer sig inden for luksushoteller, restauranter og villaer. Firmaet har 15 \u00e5rs erfaring i faget og gode kvalifikationer. Service p\u00e5 b\u00e5de fransk og engelsk.[\/vc_column_text][\/vc_column_inner][vc_column_inner width=&#8221;1\/4&#8243;][vc_single_image image=&#8221;16937&#8243; img_size=&#8221;&#8221; alignment=&#8221;center&#8221; onclick=&#8221;custom_link&#8221;][vc_column_text]Interior Architecture Agency specialiserer sig i ombygning, dekorering og renovering af rum b\u00e5de indenfor og udenfor. Service p\u00e5 engelsk og fransk.[\/vc_column_text][\/vc_column_inner][\/vc_row_inner][\/vc_column][\/vc_row][vc_row][vc_column][vc_separator color=&#8221;custom&#8221; border_width=&#8221;3&#8243; accent_color=&#8221;#7a1523&#8243;][\/vc_column][\/vc_row][vc_row css=&#8221;.vc_custom_1574948102543{margin-top: 30px !important;}&#8221;][vc_column]<div class=\" \">\r\n\t\r\n        <div class=\"mh-heading-wrapper\">\r\n            <h3            class=\"mh-heading  mh-heading--bottom-separator   \"\r\n            style=\"font-weight:700;\">\r\n\t\t\tBANK OG FORSIKRING        <\/h3>\r\n\r\n\t\t    <\/div>\r\n\r\n\t<\/div>[vc_row_inner equal_height=&#8221;yes&#8221; content_placement=&#8221;top&#8221; css=&#8221;.vc_custom_1574948094073{margin-top: 30px !important;}&#8221;][vc_column_inner width=&#8221;1\/4&#8243;][vc_single_image image=&#8221;3683&#8243; alignment=&#8221;center&#8221; onclick=&#8221;custom_link&#8221; link=&#8221;https:\/\/www.handelsbanken.com\/en\/about-the-group\/locations\/france&#8221;][vc_column_text]Handelsbanken i Nice yder hj\u00e6lp til boligk\u00f8b i Frankrig. Andre tjenester er Privat banking og individuelle banktjenester.[\/vc_column_text][\/vc_column_inner][vc_column_inner width=&#8221;1\/4&#8243;][vc_single_image image=&#8221;3684&#8243; alignment=&#8221;center&#8221; onclick=&#8221;custom_link&#8221; link=&#8221;https:\/\/www.nykredit.dk\/udland\/&#8221;][vc_column_text]Nykredit i Cannes har v\u00e6ret til stede p\u00e5 den franske Riviera siden 2003. De tilbyder l\u00e5n til boligk\u00f8b i Frankrig.[\/vc_column_text][\/vc_column_inner][vc_column_inner width=&#8221;1\/4&#8243;][vc_single_image image=&#8221;3681&#8243; alignment=&#8221;center&#8221; onclick=&#8221;custom_link&#8221; link=&#8221;https:\/\/seb.se\/&#8221;][vc_column_text]SEB Luxembourg tilbyder hj\u00e6lp med boligl\u00e5n.[\/vc_column_text][\/vc_column_inner][vc_column_inner width=&#8221;1\/4&#8243;][vc_single_image image=&#8221;3682&#8243; alignment=&#8221;center&#8221; onclick=&#8221;custom_link&#8221; link=&#8221;https:\/\/www.gan.fr\/&#8221;][vc_column_text]Frankrigs \u00e6ldste forsikringsselskab med cirka en million kunder. De hj\u00e6lper dig med at tegne bil-, hus-, sundheds-, og livsforsikring.[\/vc_column_text][\/vc_column_inner][\/vc_row_inner][\/vc_column][\/vc_row]<\/p>\n<\/div>","protected":false},"excerpt":{"rendered":"<p>[vc_row full_width=&#8221;stretch_row_content_no_spaces&#8221; content_placement=&#8221;bottom&#8221; css=&#8221;.vc_custom_1586940062851{background-image: url(https:\/\/www.wretmanestate.com\/wp-content\/uploads\/2019\/11\/new-banner.jpg?id=3444) !important;background-position: center !important;background-repeat: no-repeat !important;background-size: cover !important;}&#8221; el_class=&#8221;bloc-title small&#8221;][vc_column][vc_column_text el_class=&#8221;sous-titre-page&#8221;] Vi tror p\u00e5 samarbejde [\/vc_column_text][\/vc_column][\/vc_row][vc_row css=&#8221;.vc_custom_1574948128442{margin-top: 30px !important;}&#8221;][vc_column][vc_column_text] Vi er medlem af Apimarket, FNAIM og MLS, som er de st\u00f8rste nationale databaser for ejendomsm\u00e6glere Gennem vores medlemskaber har vi adgang til tusindvis af ejendomme p\u00e5 markedet. Alle vores ejendomme er [&hellip;]<\/p>\n","protected":false},"author":1,"featured_media":0,"parent":154480,"menu_order":0,"comment_status":"closed","ping_status":"closed","template":"page_full-width.php","meta":{"_acf_changed":false,"content-type":"","_monsterinsights_skip_tracking":false,"_monsterinsights_sitenote_active":false,"_monsterinsights_sitenote_note":"","_monsterinsights_sitenote_category":0,"footnotes":""},"class_list":["post-154434","page","type-page","status-publish","hentry"],"acf":[],"yoast_head":"<!-- This site is optimized with the Yoast SEO plugin v27.5 - https:\/\/yoast.com\/product\/yoast-seo-wordpress\/ -->\n<title>Vores partnere og netv\u00e6rk i Frankrig - Wretman Estate<\/title>\n<meta name=\"description\" content=\"Wretman Estate er medlem af de st\u00f8rste nationale databaser for ejendomsm\u00e6glere. Vi har adgang til tusindevis af ejendomme.\" \/>\n<meta name=\"robots\" content=\"index, follow, max-snippet:-1, max-image-preview:large, max-video-preview:-1\" \/>\n<link rel=\"canonical\" href=\"https:\/\/www.wretmanestate.com\/dk\/om-os-ejendomsmaeglere-franske-riviera\/partnere-netvaerk\/\" \/>\n<meta property=\"og:locale\" content=\"en_US\" \/>\n<meta property=\"og:type\" content=\"article\" \/>\n<meta property=\"og:title\" content=\"Vores partnere og netv\u00e6rk i Frankrig - Wretman Estate\" \/>\n<meta property=\"og:description\" content=\"Wretman Estate er medlem af de st\u00f8rste nationale databaser for ejendomsm\u00e6glere. Vi har adgang til tusindevis af ejendomme.\" \/>\n<meta property=\"og:url\" content=\"https:\/\/www.wretmanestate.com\/dk\/om-os-ejendomsmaeglere-franske-riviera\/partnere-netvaerk\/\" \/>\n<meta property=\"og:site_name\" content=\"Wretman Estate\" \/>\n<meta property=\"article:modified_time\" content=\"2024-02-06T13:40:49+00:00\" \/>\n<meta name=\"twitter:card\" content=\"summary_large_image\" \/>\n<meta name=\"twitter:label1\" content=\"Est. reading time\" \/>\n\t<meta name=\"twitter:data1\" content=\"3 minutes\" \/>\n<script type=\"application\/ld+json\" class=\"yoast-schema-graph\">{\"@context\":\"https:\\\/\\\/schema.org\",\"@graph\":[{\"@type\":\"WebPage\",\"@id\":\"https:\\\/\\\/www.wretmanestate.com\\\/dk\\\/om-os-ejendomsmaeglere-franske-riviera\\\/partnere-netvaerk\\\/\",\"url\":\"https:\\\/\\\/www.wretmanestate.com\\\/dk\\\/om-os-ejendomsmaeglere-franske-riviera\\\/partnere-netvaerk\\\/\",\"name\":\"Vores partnere og netv\u00e6rk i Frankrig - Wretman Estate\",\"isPartOf\":{\"@id\":\"https:\\\/\\\/www.wretmanestate.com\\\/dk\\\/#website\"},\"datePublished\":\"2019-11-28T11:03:34+00:00\",\"dateModified\":\"2024-02-06T13:40:49+00:00\",\"description\":\"Wretman Estate er medlem af de st\u00f8rste nationale databaser for ejendomsm\u00e6glere. Vi har adgang til tusindevis af ejendomme.\",\"breadcrumb\":{\"@id\":\"https:\\\/\\\/www.wretmanestate.com\\\/dk\\\/om-os-ejendomsmaeglere-franske-riviera\\\/partnere-netvaerk\\\/#breadcrumb\"},\"inLanguage\":\"da-DK\",\"potentialAction\":[{\"@type\":\"ReadAction\",\"target\":[\"https:\\\/\\\/www.wretmanestate.com\\\/dk\\\/om-os-ejendomsmaeglere-franske-riviera\\\/partnere-netvaerk\\\/\"]}]},{\"@type\":\"BreadcrumbList\",\"@id\":\"https:\\\/\\\/www.wretmanestate.com\\\/dk\\\/om-os-ejendomsmaeglere-franske-riviera\\\/partnere-netvaerk\\\/#breadcrumb\",\"itemListElement\":[{\"@type\":\"ListItem\",\"position\":1,\"name\":\"Accueil\",\"item\":\"https:\\\/\\\/www.wretmanestate.com\\\/dk\\\/\"},{\"@type\":\"ListItem\",\"position\":2,\"name\":\"Om os\",\"item\":\"https:\\\/\\\/www.wretmanestate.com\\\/dk\\\/om-os-ejendomsmaeglere-franske-riviera\\\/\"},{\"@type\":\"ListItem\",\"position\":3,\"name\":\"Partnere Netvaerk\"}]},{\"@type\":\"WebSite\",\"@id\":\"https:\\\/\\\/www.wretmanestate.com\\\/dk\\\/#website\",\"url\":\"https:\\\/\\\/www.wretmanestate.com\\\/dk\\\/\",\"name\":\"Wretman Estate\",\"description\":\"Immobilier sur la C\u00f4te d&#039;Azur et la Provence\",\"publisher\":{\"@id\":\"https:\\\/\\\/www.wretmanestate.com\\\/dk\\\/#organization\"},\"potentialAction\":[{\"@type\":\"SearchAction\",\"target\":{\"@type\":\"EntryPoint\",\"urlTemplate\":\"https:\\\/\\\/www.wretmanestate.com\\\/dk\\\/?s={search_term_string}\"},\"query-input\":{\"@type\":\"PropertyValueSpecification\",\"valueRequired\":true,\"valueName\":\"search_term_string\"}}],\"inLanguage\":\"da-DK\"},{\"@type\":\"Organization\",\"@id\":\"https:\\\/\\\/www.wretmanestate.com\\\/dk\\\/#organization\",\"name\":\"WRETMAN ESTATE\",\"url\":\"https:\\\/\\\/www.wretmanestate.com\\\/dk\\\/\",\"logo\":{\"@type\":\"ImageObject\",\"inLanguage\":\"da-DK\",\"@id\":\"https:\\\/\\\/www.wretmanestate.com\\\/dk\\\/#\\\/schema\\\/logo\\\/image\\\/\",\"url\":\"\",\"contentUrl\":\"\",\"caption\":\"WRETMAN ESTATE\"},\"image\":{\"@id\":\"https:\\\/\\\/www.wretmanestate.com\\\/dk\\\/#\\\/schema\\\/logo\\\/image\\\/\"}}]}<\/script>\n<!-- \/ Yoast SEO plugin. -->","yoast_head_json":{"title":"Vores partnere og netv\u00e6rk i Frankrig - Wretman Estate","description":"Wretman Estate er medlem af de st\u00f8rste nationale databaser for ejendomsm\u00e6glere. Vi har adgang til tusindevis af ejendomme.","robots":{"index":"index","follow":"follow","max-snippet":"max-snippet:-1","max-image-preview":"max-image-preview:large","max-video-preview":"max-video-preview:-1"},"canonical":"https:\/\/www.wretmanestate.com\/dk\/om-os-ejendomsmaeglere-franske-riviera\/partnere-netvaerk\/","og_locale":"en_US","og_type":"article","og_title":"Vores partnere og netv\u00e6rk i Frankrig - Wretman Estate","og_description":"Wretman Estate er medlem af de st\u00f8rste nationale databaser for ejendomsm\u00e6glere. Vi har adgang til tusindevis af ejendomme.","og_url":"https:\/\/www.wretmanestate.com\/dk\/om-os-ejendomsmaeglere-franske-riviera\/partnere-netvaerk\/","og_site_name":"Wretman Estate","article_modified_time":"2024-02-06T13:40:49+00:00","twitter_card":"summary_large_image","twitter_misc":{"Est. reading time":"3 minutes"},"schema":{"@context":"https:\/\/schema.org","@graph":[{"@type":"WebPage","@id":"https:\/\/www.wretmanestate.com\/dk\/om-os-ejendomsmaeglere-franske-riviera\/partnere-netvaerk\/","url":"https:\/\/www.wretmanestate.com\/dk\/om-os-ejendomsmaeglere-franske-riviera\/partnere-netvaerk\/","name":"Vores partnere og netv\u00e6rk i Frankrig - Wretman Estate","isPartOf":{"@id":"https:\/\/www.wretmanestate.com\/dk\/#website"},"datePublished":"2019-11-28T11:03:34+00:00","dateModified":"2024-02-06T13:40:49+00:00","description":"Wretman Estate er medlem af de st\u00f8rste nationale databaser for ejendomsm\u00e6glere. Vi har adgang til tusindevis af ejendomme.","breadcrumb":{"@id":"https:\/\/www.wretmanestate.com\/dk\/om-os-ejendomsmaeglere-franske-riviera\/partnere-netvaerk\/#breadcrumb"},"inLanguage":"da-DK","potentialAction":[{"@type":"ReadAction","target":["https:\/\/www.wretmanestate.com\/dk\/om-os-ejendomsmaeglere-franske-riviera\/partnere-netvaerk\/"]}]},{"@type":"BreadcrumbList","@id":"https:\/\/www.wretmanestate.com\/dk\/om-os-ejendomsmaeglere-franske-riviera\/partnere-netvaerk\/#breadcrumb","itemListElement":[{"@type":"ListItem","position":1,"name":"Accueil","item":"https:\/\/www.wretmanestate.com\/dk\/"},{"@type":"ListItem","position":2,"name":"Om os","item":"https:\/\/www.wretmanestate.com\/dk\/om-os-ejendomsmaeglere-franske-riviera\/"},{"@type":"ListItem","position":3,"name":"Partnere Netvaerk"}]},{"@type":"WebSite","@id":"https:\/\/www.wretmanestate.com\/dk\/#website","url":"https:\/\/www.wretmanestate.com\/dk\/","name":"Wretman Estate","description":"Immobilier sur la C\u00f4te d&#039;Azur et la Provence","publisher":{"@id":"https:\/\/www.wretmanestate.com\/dk\/#organization"},"potentialAction":[{"@type":"SearchAction","target":{"@type":"EntryPoint","urlTemplate":"https:\/\/www.wretmanestate.com\/dk\/?s={search_term_string}"},"query-input":{"@type":"PropertyValueSpecification","valueRequired":true,"valueName":"search_term_string"}}],"inLanguage":"da-DK"},{"@type":"Organization","@id":"https:\/\/www.wretmanestate.com\/dk\/#organization","name":"WRETMAN ESTATE","url":"https:\/\/www.wretmanestate.com\/dk\/","logo":{"@type":"ImageObject","inLanguage":"da-DK","@id":"https:\/\/www.wretmanestate.com\/dk\/#\/schema\/logo\/image\/","url":"","contentUrl":"","caption":"WRETMAN ESTATE"},"image":{"@id":"https:\/\/www.wretmanestate.com\/dk\/#\/schema\/logo\/image\/"}}]}},"_links":{"self":[{"href":"https:\/\/www.wretmanestate.com\/dk\/wp-json\/wp\/v2\/pages\/154434","targetHints":{"allow":["GET"]}}],"collection":[{"href":"https:\/\/www.wretmanestate.com\/dk\/wp-json\/wp\/v2\/pages"}],"about":[{"href":"https:\/\/www.wretmanestate.com\/dk\/wp-json\/wp\/v2\/types\/page"}],"author":[{"embeddable":true,"href":"https:\/\/www.wretmanestate.com\/dk\/wp-json\/wp\/v2\/users\/1"}],"replies":[{"embeddable":true,"href":"https:\/\/www.wretmanestate.com\/dk\/wp-json\/wp\/v2\/comments?post=154434"}],"version-history":[{"count":9,"href":"https:\/\/www.wretmanestate.com\/dk\/wp-json\/wp\/v2\/pages\/154434\/revisions"}],"predecessor-version":[{"id":569901,"href":"https:\/\/www.wretmanestate.com\/dk\/wp-json\/wp\/v2\/pages\/154434\/revisions\/569901"}],"up":[{"embeddable":true,"href":"https:\/\/www.wretmanestate.com\/dk\/wp-json\/wp\/v2\/pages\/154480"}],"wp:attachment":[{"href":"https:\/\/www.wretmanestate.com\/dk\/wp-json\/wp\/v2\/media?parent=154434"}],"curies":[{"name":"wp","href":"https:\/\/api.w.org\/{rel}","templated":true}]}}