{"id":154480,"date":"2019-11-20T15:33:47","date_gmt":"2019-11-20T14:33:47","guid":{"rendered":"https:\/\/www.wretmanestate.com\/about\/"},"modified":"2022-06-29T10:15:29","modified_gmt":"2022-06-29T08:15:29","slug":"om-os-ejendomsmaeglere-franske-riviera","status":"publish","type":"page","link":"https:\/\/www.wretmanestate.com\/dk\/om-os-ejendomsmaeglere-franske-riviera\/","title":{"rendered":"Om os"},"content":{"rendered":"<div class=\"wpb-content-wrapper\"><p>[vc_row full_width=&#8221;stretch_row_content_no_spaces&#8221; content_placement=&#8221;bottom&#8221; css=&#8221;.vc_custom_1586939804461{background-image: url(https:\/\/www.wretmanestate.com\/wp-content\/uploads\/2019\/11\/new-banner.jpg?id=3444) !important;background-position: center !important;background-repeat: no-repeat !important;background-size: cover !important;}&#8221; el_class=&#8221;bloc-title small&#8221;][vc_column]<div class=\" \">\r\n\t\r\n        <div class=\"mh-heading-wrapper\">\r\n            <h1            class=\"mh-heading mh-color-white mh-heading--bottom-separator   \"\r\n            style=\"font-weight:700;\">\r\n\t\t\tOM OS        <\/h1>\r\n\r\n\t\t    <\/div>\r\n\r\n\t<\/div>[vc_column_text el_class=&#8221;sous-titre-page&#8221;]Et internationalt team, der kender markedet[\/vc_column_text][\/vc_column][\/vc_row][vc_row full_width=&#8221;stretch_row&#8221; el_class=&#8221;bloc_txt border red_links&#8221;][vc_column]<div class=\" \">\r\n\t\r\n        <div class=\"mh-heading-wrapper\">\r\n            <h2            class=\"mh-heading  mh-heading--bottom-separator   \"\r\n            style=\"font-weight:700;\">\r\n\t\t\tDET ST\u00d8RSTE SKANDINAVISKE EJENDOMSFIRMA I FRANKRIG        <\/h2>\r\n\r\n\t\t    <\/div>\r\n\r\n\t<\/div>[vc_column_text]<\/p>\n<p style=\"text-align: center;\">Wretman Estate blev grundlagt af br\u00f8drene Johan og Filip Wretman i 2006.<\/p>\n<p style=\"text-align: center;\">Vi har <a href=\"\/dk\/kontakt\/vores-kontorer\/\">7 kontorer<\/a> og<a href=\"\/dk\/om-os\/team\/\"> 50 medarbejdere<\/a> over hele regionen. Fra Menton til St Tropez og omr\u00e5derne Valbonne og Var.<\/p>\n<p style=\"text-align: center;\">Virksomheden er specialiseret i udenlandske kunder, og vi hj\u00e6lper vores kunder gennem hele salgssprocessen.<\/p>\n<p style=\"text-align: center;\">I de senere \u00e5r har vi \u00e5bnet <a href=\"\/dk\/invest\">Wretman Invest<\/a>, som specialiserer sig i k\u00f8b og salg af hoteller, vinmarker, lejlighedskomplekser og andre investeringsprojekter.<\/p>\n<p style=\"text-align: center;\">Vi tilbyder kvalitetsrige ejendomme for k\u00f8bere, og seri\u00f8se kunder til s\u00e6lgere.<\/p>\n<p>[\/vc_column_text][\/vc_column][\/vc_row][vc_row full_width=&#8221;stretch_row_content_no_spaces&#8221;][vc_column][vc_row_inner equal_height=&#8221;yes&#8221; content_placement=&#8221;bottom&#8221; gap=&#8221;1&#8243; el_class=&#8221;row_bloc_img&#8221;][vc_column_inner width=&#8221;1\/2&#8243; css=&#8221;.vc_custom_1574262893359{background-image: url(https:\/\/www.wretmanestate.com\/wp-content\/uploads\/2019\/11\/equipe.jpg?id=3397) !important;background-position: center !important;background-repeat: no-repeat !important;background-size: cover !important;}&#8221;]<div class=\" \">\r\n\t\r\n        <div class=\"mh-heading-wrapper\">\r\n            <h2            class=\"mh-heading mh-color-white    \"\r\n            style=\"font-weight:700;\">\r\n\t\t\tVORES TEAM        <\/h2>\r\n\r\n\t\t            <div class=\"mh-subheading mh-color-white\"\r\n                 style=\"\">\r\n\t\t\t\tVores internationale team vil overg\u00e5 dine forventninger            <\/div>\r\n\t\t    <\/div>\r\n\r\n\t<\/div>[vc_column_text el_class=&#8221;lien_img&#8221;]<a href=\"\/dk\/om-os\/team\">Team<\/a>[\/vc_column_text][\/vc_column_inner][vc_column_inner width=&#8221;1\/2&#8243; css=&#8221;.vc_custom_1582276883613{background-image: url(https:\/\/www.wretmanestate.com\/wp-content\/uploads\/2020\/02\/Womans-hands-typing-on-laptop-1280-600.jpg?id=17284) !important;background-position: center !important;background-repeat: no-repeat !important;background-size: cover !important;}&#8221;]<div class=\" \">\r\n\t\r\n        <div class=\"mh-heading-wrapper\">\r\n            <h2            class=\"mh-heading mh-color-white    \"\r\n            style=\"font-weight:700;\">\r\n\t\t\tANBEFALINGER        <\/h2>\r\n\r\n\t\t            <div class=\"mh-subheading mh-color-white\"\r\n                 style=\"\">\r\n\t\t\t\tVores bedste reklame er vores kunder            <\/div>\r\n\t\t    <\/div>\r\n\r\n\t<\/div>[vc_column_text el_class=&#8221;lien_img&#8221;]<a href=\"\/dk\/om-os\/anbefalinger\/\">Anbefalinger<\/a>[\/vc_column_text][\/vc_column_inner][\/vc_row_inner][vc_row_inner equal_height=&#8221;yes&#8221; content_placement=&#8221;bottom&#8221; gap=&#8221;1&#8243; el_class=&#8221;row_bloc_img&#8221;][vc_column_inner width=&#8221;1\/2&#8243; css=&#8221;.vc_custom_1581416330617{background-image: url(https:\/\/www.wretmanestate.com\/wp-content\/uploads\/2020\/02\/Partners-and-network-scaled.jpeg?id=17139) !important;background-position: center !important;background-repeat: no-repeat !important;background-size: cover !important;}&#8221;]<div class=\" \">\r\n\t\r\n        <div class=\"mh-heading-wrapper\">\r\n            <h2            class=\"mh-heading mh-color-white    \"\r\n            style=\"font-weight:700;\">\r\n\t\t\tPARTNERE OG NETV\u00c6RK        <\/h2>\r\n\r\n\t\t            <div class=\"mh-subheading mh-color-white\"\r\n                 style=\"\">\r\n\t\t\t\tVi tror p\u00e5 samarbejde            <\/div>\r\n\t\t    <\/div>\r\n\r\n\t<\/div>[vc_column_text el_class=&#8221;lien_img&#8221;]<a href=\"\/dk\/om-os\/partnere-netvaerk\">Partnere og netv\u00e6rk<\/a>[\/vc_column_text][\/vc_column_inner][vc_column_inner width=&#8221;1\/2&#8243; css=&#8221;.vc_custom_1582276811644{background-image: url(https:\/\/www.wretmanestate.com\/wp-content\/uploads\/2020\/02\/vara-tjanster-m-600-300.jpg?id=17134) !important;background-position: center !important;background-repeat: no-repeat !important;background-size: cover !important;}&#8221;]<div class=\" \">\r\n\t\r\n        <div class=\"mh-heading-wrapper\">\r\n            <h2            class=\"mh-heading mh-color-white    \"\r\n            style=\"font-weight:700;\">\r\n\t\t\tVORES SERVICEYDELSER        <\/h2>\r\n\r\n\t\t            <div class=\"mh-subheading mh-color-white\"\r\n                 style=\"\">\r\n\t\t\t\tEt kundeorienteret fokus            <\/div>\r\n\t\t    <\/div>\r\n\r\n\t<\/div>[vc_column_text el_class=&#8221;lien_img&#8221;]<a href=\"\/dk\/om-os\/vores-serviceydelser\/\">Vores serviceydelser<\/a>[\/vc_column_text][\/vc_column_inner][\/vc_row_inner][vc_row_inner equal_height=&#8221;yes&#8221; content_placement=&#8221;bottom&#8221; gap=&#8221;1&#8243; el_class=&#8221;row_bloc_img&#8221;][vc_column_inner width=&#8221;1\/2&#8243; css=&#8221;.vc_custom_1589814882243{background-image: url(https:\/\/www.wretmanestate.com\/wp-content\/uploads\/2020\/05\/Ma\u0308klare-Franska-Rivieran-1920-600-a.jpg?id=62825) !important;background-position: center !important;background-repeat: no-repeat !important;background-size: cover !important;}&#8221;]<div class=\" \">\r\n\t\r\n        <div class=\"mh-heading-wrapper\">\r\n            <h2            class=\"mh-heading mh-color-white    \"\r\n            style=\"font-weight:700;\">\r\n\t\t\tNYHEDER        <\/h2>\r\n\r\n\t\t            <div class=\"mh-subheading mh-color-white\"\r\n                 style=\"\">\r\n\t\t\t\tAktuelle aktiviteter            <\/div>\r\n\t\t    <\/div>\r\n\r\n\t<\/div>[vc_column_text el_class=&#8221;lien_img&#8221;]<a href=\"\/dk\/om-os\/nyheder\">Nyheder<\/a>[\/vc_column_text][\/vc_column_inner][vc_column_inner width=&#8221;1\/2&#8243; css=&#8221;.vc_custom_1581414797708{background-image: url(https:\/\/www.wretmanestate.com\/wp-content\/uploads\/2020\/01\/office-nice.jpg?id=16956) !important;background-position: center !important;background-repeat: no-repeat !important;background-size: cover !important;}&#8221;]<div class=\" \">\r\n\t\r\n        <div class=\"mh-heading-wrapper\">\r\n            <h2            class=\"mh-heading mh-color-white    \"\r\n            style=\"font-weight:700;\">\r\n\t\t\tVORES KONTORER        <\/h2>\r\n\r\n\t\t            <div class=\"mh-subheading mh-color-white\"\r\n                 style=\"\">\r\n\t\t\t\tAntibes, Cannes, Callian, Nice, Menton, Valbonne &amp; Wretman Invest            <\/div>\r\n\t\t    <\/div>\r\n\r\n\t<\/div>[vc_column_text el_class=&#8221;lien_img&#8221;]<a href=\"\/dk\/kontakt\/vores-kontorer\/\">Vores kontorer<\/a>[\/vc_column_text][\/vc_column_inner][\/vc_row_inner][\/vc_column][\/vc_row]<\/p>\n<\/div>","protected":false},"excerpt":{"rendered":"<p>[vc_row full_width=&#8221;stretch_row_content_no_spaces&#8221; content_placement=&#8221;bottom&#8221; css=&#8221;.vc_custom_1586939804461{background-image: url(https:\/\/www.wretmanestate.com\/wp-content\/uploads\/2019\/11\/new-banner.jpg?id=3444) !important;background-position: center !important;background-repeat: no-repeat !important;background-size: cover !important;}&#8221; el_class=&#8221;bloc-title small&#8221;][vc_column][vc_column_text el_class=&#8221;sous-titre-page&#8221;]Et internationalt team, der kender markedet[\/vc_column_text][\/vc_column][\/vc_row][vc_row full_width=&#8221;stretch_row&#8221; el_class=&#8221;bloc_txt border red_links&#8221;][vc_column][vc_column_text] Wretman Estate blev grundlagt af br\u00f8drene Johan og Filip Wretman i 2006. Vi har 7 kontorer og 50 medarbejdere over hele regionen. Fra Menton til St Tropez og omr\u00e5derne Valbonne og [&hellip;]<\/p>\n","protected":false},"author":1,"featured_media":0,"parent":0,"menu_order":0,"comment_status":"closed","ping_status":"closed","template":"page_full-width.php","meta":{"_acf_changed":false,"content-type":"","_monsterinsights_skip_tracking":false,"_monsterinsights_sitenote_active":false,"_monsterinsights_sitenote_note":"","_monsterinsights_sitenote_category":0,"footnotes":""},"class_list":["post-154480","page","type-page","status-publish","hentry"],"acf":[],"yoast_head":"<!-- This site is optimized with the Yoast SEO plugin v27.5 - https:\/\/yoast.com\/product\/yoast-seo-wordpress\/ -->\n<title>Om os - Skadinavisk ejendomsfirma - franske Riviera - Wretman Estate<\/title>\n<meta name=\"description\" content=\"Skandinavisk ejendomsfirma i Sydfrankrig. Vi s\u00e6lger huse og lejligheder p\u00e5 den franske Riviera: Cannes, Nice, Menton, Antibes, Valbonne\" \/>\n<meta name=\"robots\" content=\"index, follow, max-snippet:-1, max-image-preview:large, max-video-preview:-1\" \/>\n<link rel=\"canonical\" href=\"https:\/\/www.wretmanestate.com\/dk\/om-os-ejendomsmaeglere-franske-riviera\/\" \/>\n<meta property=\"og:locale\" content=\"en_US\" \/>\n<meta property=\"og:type\" content=\"article\" \/>\n<meta property=\"og:title\" content=\"Om os - Skadinavisk ejendomsfirma - franske Riviera - Wretman Estate\" \/>\n<meta property=\"og:description\" content=\"Skandinavisk ejendomsfirma i Sydfrankrig. Vi s\u00e6lger huse og lejligheder p\u00e5 den franske Riviera: Cannes, Nice, Menton, Antibes, Valbonne\" \/>\n<meta property=\"og:url\" content=\"https:\/\/www.wretmanestate.com\/dk\/om-os-ejendomsmaeglere-franske-riviera\/\" \/>\n<meta property=\"og:site_name\" content=\"Wretman Estate\" \/>\n<meta property=\"article:modified_time\" content=\"2022-06-29T08:15:29+00:00\" \/>\n<meta name=\"twitter:card\" content=\"summary_large_image\" \/>\n<meta name=\"twitter:label1\" content=\"Est. reading time\" \/>\n\t<meta name=\"twitter:data1\" content=\"2 minutes\" \/>\n<script type=\"application\/ld+json\" class=\"yoast-schema-graph\">{\"@context\":\"https:\\\/\\\/schema.org\",\"@graph\":[{\"@type\":\"WebPage\",\"@id\":\"https:\\\/\\\/www.wretmanestate.com\\\/dk\\\/om-os-ejendomsmaeglere-franske-riviera\\\/\",\"url\":\"https:\\\/\\\/www.wretmanestate.com\\\/dk\\\/om-os-ejendomsmaeglere-franske-riviera\\\/\",\"name\":\"Om os - Skadinavisk ejendomsfirma - franske Riviera - Wretman Estate\",\"isPartOf\":{\"@id\":\"https:\\\/\\\/www.wretmanestate.com\\\/dk\\\/#website\"},\"datePublished\":\"2019-11-20T14:33:47+00:00\",\"dateModified\":\"2022-06-29T08:15:29+00:00\",\"description\":\"Skandinavisk ejendomsfirma i Sydfrankrig. Vi s\u00e6lger huse og lejligheder p\u00e5 den franske Riviera: Cannes, Nice, Menton, Antibes, Valbonne\",\"breadcrumb\":{\"@id\":\"https:\\\/\\\/www.wretmanestate.com\\\/dk\\\/om-os-ejendomsmaeglere-franske-riviera\\\/#breadcrumb\"},\"inLanguage\":\"da-DK\",\"potentialAction\":[{\"@type\":\"ReadAction\",\"target\":[\"https:\\\/\\\/www.wretmanestate.com\\\/dk\\\/om-os-ejendomsmaeglere-franske-riviera\\\/\"]}]},{\"@type\":\"BreadcrumbList\",\"@id\":\"https:\\\/\\\/www.wretmanestate.com\\\/dk\\\/om-os-ejendomsmaeglere-franske-riviera\\\/#breadcrumb\",\"itemListElement\":[{\"@type\":\"ListItem\",\"position\":1,\"name\":\"Accueil\",\"item\":\"https:\\\/\\\/www.wretmanestate.com\\\/dk\\\/\"},{\"@type\":\"ListItem\",\"position\":2,\"name\":\"Om os\"}]},{\"@type\":\"WebSite\",\"@id\":\"https:\\\/\\\/www.wretmanestate.com\\\/dk\\\/#website\",\"url\":\"https:\\\/\\\/www.wretmanestate.com\\\/dk\\\/\",\"name\":\"Wretman Estate\",\"description\":\"Immobilier sur la C\u00f4te d&#039;Azur et la Provence\",\"publisher\":{\"@id\":\"https:\\\/\\\/www.wretmanestate.com\\\/dk\\\/#organization\"},\"potentialAction\":[{\"@type\":\"SearchAction\",\"target\":{\"@type\":\"EntryPoint\",\"urlTemplate\":\"https:\\\/\\\/www.wretmanestate.com\\\/dk\\\/?s={search_term_string}\"},\"query-input\":{\"@type\":\"PropertyValueSpecification\",\"valueRequired\":true,\"valueName\":\"search_term_string\"}}],\"inLanguage\":\"da-DK\"},{\"@type\":\"Organization\",\"@id\":\"https:\\\/\\\/www.wretmanestate.com\\\/dk\\\/#organization\",\"name\":\"WRETMAN ESTATE\",\"url\":\"https:\\\/\\\/www.wretmanestate.com\\\/dk\\\/\",\"logo\":{\"@type\":\"ImageObject\",\"inLanguage\":\"da-DK\",\"@id\":\"https:\\\/\\\/www.wretmanestate.com\\\/dk\\\/#\\\/schema\\\/logo\\\/image\\\/\",\"url\":\"\",\"contentUrl\":\"\",\"caption\":\"WRETMAN ESTATE\"},\"image\":{\"@id\":\"https:\\\/\\\/www.wretmanestate.com\\\/dk\\\/#\\\/schema\\\/logo\\\/image\\\/\"}}]}<\/script>\n<!-- \/ Yoast SEO plugin. -->","yoast_head_json":{"title":"Om os - Skadinavisk ejendomsfirma - franske Riviera - Wretman Estate","description":"Skandinavisk ejendomsfirma i Sydfrankrig. Vi s\u00e6lger huse og lejligheder p\u00e5 den franske Riviera: Cannes, Nice, Menton, Antibes, Valbonne","robots":{"index":"index","follow":"follow","max-snippet":"max-snippet:-1","max-image-preview":"max-image-preview:large","max-video-preview":"max-video-preview:-1"},"canonical":"https:\/\/www.wretmanestate.com\/dk\/om-os-ejendomsmaeglere-franske-riviera\/","og_locale":"en_US","og_type":"article","og_title":"Om os - Skadinavisk ejendomsfirma - franske Riviera - Wretman Estate","og_description":"Skandinavisk ejendomsfirma i Sydfrankrig. Vi s\u00e6lger huse og lejligheder p\u00e5 den franske Riviera: Cannes, Nice, Menton, Antibes, Valbonne","og_url":"https:\/\/www.wretmanestate.com\/dk\/om-os-ejendomsmaeglere-franske-riviera\/","og_site_name":"Wretman Estate","article_modified_time":"2022-06-29T08:15:29+00:00","twitter_card":"summary_large_image","twitter_misc":{"Est. reading time":"2 minutes"},"schema":{"@context":"https:\/\/schema.org","@graph":[{"@type":"WebPage","@id":"https:\/\/www.wretmanestate.com\/dk\/om-os-ejendomsmaeglere-franske-riviera\/","url":"https:\/\/www.wretmanestate.com\/dk\/om-os-ejendomsmaeglere-franske-riviera\/","name":"Om os - Skadinavisk ejendomsfirma - franske Riviera - Wretman Estate","isPartOf":{"@id":"https:\/\/www.wretmanestate.com\/dk\/#website"},"datePublished":"2019-11-20T14:33:47+00:00","dateModified":"2022-06-29T08:15:29+00:00","description":"Skandinavisk ejendomsfirma i Sydfrankrig. Vi s\u00e6lger huse og lejligheder p\u00e5 den franske Riviera: Cannes, Nice, Menton, Antibes, Valbonne","breadcrumb":{"@id":"https:\/\/www.wretmanestate.com\/dk\/om-os-ejendomsmaeglere-franske-riviera\/#breadcrumb"},"inLanguage":"da-DK","potentialAction":[{"@type":"ReadAction","target":["https:\/\/www.wretmanestate.com\/dk\/om-os-ejendomsmaeglere-franske-riviera\/"]}]},{"@type":"BreadcrumbList","@id":"https:\/\/www.wretmanestate.com\/dk\/om-os-ejendomsmaeglere-franske-riviera\/#breadcrumb","itemListElement":[{"@type":"ListItem","position":1,"name":"Accueil","item":"https:\/\/www.wretmanestate.com\/dk\/"},{"@type":"ListItem","position":2,"name":"Om os"}]},{"@type":"WebSite","@id":"https:\/\/www.wretmanestate.com\/dk\/#website","url":"https:\/\/www.wretmanestate.com\/dk\/","name":"Wretman Estate","description":"Immobilier sur la C\u00f4te d&#039;Azur et la Provence","publisher":{"@id":"https:\/\/www.wretmanestate.com\/dk\/#organization"},"potentialAction":[{"@type":"SearchAction","target":{"@type":"EntryPoint","urlTemplate":"https:\/\/www.wretmanestate.com\/dk\/?s={search_term_string}"},"query-input":{"@type":"PropertyValueSpecification","valueRequired":true,"valueName":"search_term_string"}}],"inLanguage":"da-DK"},{"@type":"Organization","@id":"https:\/\/www.wretmanestate.com\/dk\/#organization","name":"WRETMAN ESTATE","url":"https:\/\/www.wretmanestate.com\/dk\/","logo":{"@type":"ImageObject","inLanguage":"da-DK","@id":"https:\/\/www.wretmanestate.com\/dk\/#\/schema\/logo\/image\/","url":"","contentUrl":"","caption":"WRETMAN ESTATE"},"image":{"@id":"https:\/\/www.wretmanestate.com\/dk\/#\/schema\/logo\/image\/"}}]}},"_links":{"self":[{"href":"https:\/\/www.wretmanestate.com\/dk\/wp-json\/wp\/v2\/pages\/154480","targetHints":{"allow":["GET"]}}],"collection":[{"href":"https:\/\/www.wretmanestate.com\/dk\/wp-json\/wp\/v2\/pages"}],"about":[{"href":"https:\/\/www.wretmanestate.com\/dk\/wp-json\/wp\/v2\/types\/page"}],"author":[{"embeddable":true,"href":"https:\/\/www.wretmanestate.com\/dk\/wp-json\/wp\/v2\/users\/1"}],"replies":[{"embeddable":true,"href":"https:\/\/www.wretmanestate.com\/dk\/wp-json\/wp\/v2\/comments?post=154480"}],"version-history":[{"count":7,"href":"https:\/\/www.wretmanestate.com\/dk\/wp-json\/wp\/v2\/pages\/154480\/revisions"}],"predecessor-version":[{"id":314116,"href":"https:\/\/www.wretmanestate.com\/dk\/wp-json\/wp\/v2\/pages\/154480\/revisions\/314116"}],"wp:attachment":[{"href":"https:\/\/www.wretmanestate.com\/dk\/wp-json\/wp\/v2\/media?parent=154480"}],"curies":[{"name":"wp","href":"https:\/\/api.w.org\/{rel}","templated":true}]}}