{"id":154608,"date":"2019-12-06T17:43:49","date_gmt":"2019-12-06T16:43:49","guid":{"rendered":"https:\/\/www.wretmanestate.com\/til-salg\/estimation\/"},"modified":"2020-11-25T01:39:01","modified_gmt":"2020-11-25T00:39:01","slug":"vurdering","status":"publish","type":"page","link":"https:\/\/www.wretmanestate.com\/dk\/til-salg-franske-riviera\/vurdering\/","title":{"rendered":"Vurdering"},"content":{"rendered":"<div class=\"wpb-content-wrapper\"><p>[vc_row full_width=&#8221;stretch_row_content_no_spaces&#8221; content_placement=&#8221;bottom&#8221; css=&#8221;.vc_custom_1586939141034{background-image: url(https:\/\/www.wretmanestate.com\/wp-content\/uploads\/2019\/11\/new-banner.jpg?id=3444) !important;background-position: center !important;background-repeat: no-repeat !important;background-size: cover !important;}&#8221; el_class=&#8221;bloc-title small&#8221;][vc_column]<div class=\" \">\r\n\t\r\n        <div class=\"mh-heading-wrapper\">\r\n            <h1            class=\"mh-heading mh-color-white mh-heading--bottom-separator   \"\r\n            style=\"font-weight:700;\">\r\n\t\t\tVURDERING        <\/h1>\r\n\r\n\t\t    <\/div>\r\n\r\n\t<\/div>[vc_column_text el_class=&#8221;sous-titre-page&#8221;]Undrer du dig over, hvor meget din bolig er v\u00e6rd?<br \/>\nVores uddannede og professionelle ejendomsm\u00e6glere hos Wretman Estate vil hj\u00e6lpe dig[\/vc_column_text][\/vc_column][\/vc_row][vc_row el_class=&#8221;red_links&#8221;][vc_column width=&#8221;2\/3&#8243;]<div class=\" \">\r\n\t\r\n        <div class=\"mh-heading-wrapper\">\r\n            <h2            class=\"mh-heading  mh-heading--bottom-separator   \"\r\n            style=\"font-weight:700;\">\r\n\t\t\tF\u00c5 VURDERET DIN EJENDOM GRATIS        <\/h2>\r\n\r\n\t\t    <\/div>\r\n\r\n\t<\/div>[vc_column_text]N\u00e5r vi estimerer en boligs salgspris, tager vi flere forskellige faktorer i betragtning s\u00e5som placering, tilstand, omr\u00e5de, udsigt salgsprisen for sammenlignelige ejendomme i omr\u00e5det mm. Efter at have unders\u00f8gt disse forskellige faktorer, kan vi give dig et billede af en rimelig salgspris.<\/p>\n<p>Hvis du er nysgerrig p\u00e5, hvad der sker med priserne i dit omr\u00e5de eller overvejer at s\u00e6lge dit hus, kan vores uddannede ejendoms\u00e6glere hos Wretman Estate hj\u00e6lpe dig.<\/p>\n<p><a href=\"\/dk\/kontakt\/\">Ring til os<\/a>\u00a0eller udfyld formularen til h\u00f8jre, s\u00e5 kontakter vi dig snarest muligt for en professionel vurdering af din bolig:[\/vc_column_text][vc_single_image image=&#8221;25582&#8243; img_size=&#8221;full&#8221;][\/vc_column][vc_column width=&#8221;1\/3&#8243;][vc_row_inner][vc_column_inner el_class=&#8221;bloc-form-text&#8221;]<div class=\" \">\r\n\t\r\n        <div class=\"mh-heading-wrapper\">\r\n            <h2            class=\"mh-heading mh-color-white    \"\r\n            style=\"font-weight:700;\">\r\n\t\t\tKontakt        <\/h2>\r\n\r\n\t\t    <\/div>\r\n\r\n\t<\/div>\n<div class=\"wpcf7 no-js\" id=\"wpcf7-f154870-o1\" lang=\"fr-FR\" dir=\"ltr\" data-wpcf7-id=\"154870\">\n<div class=\"screen-reader-response\"><p role=\"status\" aria-live=\"polite\" aria-atomic=\"true\"><\/p> <ul><\/ul><\/div>\n<form action=\"\/dk\/wp-json\/wp\/v2\/pages\/154608#wpcf7-f154870-o1\" method=\"post\" class=\"wpcf7-form init\" aria-label=\"Contact form\" novalidate=\"novalidate\" data-status=\"init\">\n<fieldset class=\"hidden-fields-container\"><input type=\"hidden\" name=\"_wpcf7\" value=\"154870\" \/><input type=\"hidden\" name=\"_wpcf7_version\" value=\"6.1.5\" \/><input type=\"hidden\" name=\"_wpcf7_locale\" value=\"fr_FR\" \/><input type=\"hidden\" name=\"_wpcf7_unit_tag\" value=\"wpcf7-f154870-o1\" \/><input type=\"hidden\" name=\"_wpcf7_container_post\" value=\"0\" \/><input type=\"hidden\" name=\"_wpcf7_posted_data_hash\" value=\"\" \/><input type=\"hidden\" name=\"_wpcf7_recaptcha_response\" value=\"\" \/>\n<\/fieldset>\n<p><input type=\"hidden\" name=\"your-subject\" value=\"Chasseur de Biens DK\" \/>\n<\/p>\n<div class=\"bloc-form\">\n\t<div class=\"vc_col-xs-12 vc_col-sm-12 vc_col-md-12 vc_col-lg-12\">\n\t\t<p><span class=\"wpcf7-form-control-wrap\" data-name=\"your-name\"><input size=\"40\" maxlength=\"400\" class=\"wpcf7-form-control wpcf7-text wpcf7-validates-as-required\" aria-required=\"true\" aria-invalid=\"false\" placeholder=\"Navn\" value=\"\" type=\"text\" name=\"your-name\" \/><\/span>\n\t\t<\/p>\n\t<\/div>\n\t<div class=\"vc_col-xs-12 vc_col-sm-12 vc_col-md-12 vc_col-lg-12\">\n\t\t<p><span class=\"wpcf7-form-control-wrap\" data-name=\"your-email\"><input size=\"40\" maxlength=\"400\" class=\"wpcf7-form-control wpcf7-email wpcf7-validates-as-required wpcf7-text wpcf7-validates-as-email\" aria-required=\"true\" aria-invalid=\"false\" placeholder=\"Email\" value=\"\" type=\"email\" name=\"your-email\" \/><\/span>\n\t\t<\/p>\n\t<\/div>\n\t<div class=\"vc_col-xs-12 vc_col-sm-12 vc_col-md-12 vc_col-lg-12\">\n\t\t<p><span class=\"wpcf7-form-control-wrap\" data-name=\"tel\"><input size=\"40\" maxlength=\"400\" class=\"wpcf7-form-control wpcf7-tel wpcf7-validates-as-required wpcf7-text wpcf7-validates-as-tel\" aria-required=\"true\" aria-invalid=\"false\" placeholder=\"Telefon\" value=\"\" type=\"tel\" name=\"tel\" \/><\/span>\n\t\t<\/p>\n\t<\/div>\n\t<div class=\"vc_col-xs-12 vc_col-sm-12 vc_col-md-12 vc_col-lg-12 radio\">\n\t\t<p><span class=\"radios\"><br \/>\n<label class=\"label\">Lejlighed<input type=\"radio\" name=\"type\" value=\"5\" \/><span class=\"checkmark\"><\/span><\/label><br \/>\n<label class=\"label\">Hus<input type=\"radio\" name=\"type\" value=\"18\" \/><span class=\"checkmark\"><\/span><\/label><br \/>\n<label class=\"label\">Grund<input type=\"radio\" name=\"type\" value=\"46\" \/><span class=\"checkmark\"><\/span><\/label><br \/>\n<label class=\"label\">Bygning<input type=\"radio\" name=\"type\" value=\"24\" \/><span class=\"checkmark\"><\/span><\/label><\/span>\n\t\t<\/p>\n\t<\/div>\n\t<div class=\"vc_col-xs-12 vc_col-sm-12 vc_col-md-12 vc_col-lg-12 clear\">\n\t\t<p><span class=\"wpcf7-form-control-wrap\" data-name=\"Ville\"><input size=\"40\" maxlength=\"400\" class=\"wpcf7-form-control wpcf7-text wpcf7-validates-as-required\" aria-required=\"true\" aria-invalid=\"false\" placeholder=\"By\/Omr\u00e5de\" value=\"\" type=\"text\" name=\"Ville\" \/><\/span>\n\t\t<\/p>\n\t<\/div>\n\t<div class=\"vc_col-xs-12 vc_col-sm-12 vc_col-md-12 vc_col-lg-12\">\n\t\t<p><span class=\"wpcf7-form-control-wrap\" data-name=\"Message\"><textarea cols=\"40\" rows=\"10\" maxlength=\"2000\" class=\"wpcf7-form-control wpcf7-textarea wpcf7-validates-as-required\" aria-required=\"true\" aria-invalid=\"false\" placeholder=\"Besked\" name=\"Message\"><\/textarea><\/span>\n\t\t<\/p>\n\t<\/div>\n\t<div class=\"vc_col-xs-12 vc_col-sm-12 vc_col-md-12 vc_col-lg-12\">\n\t\t<p><span class=\"wpcf7-form-control-wrap\" data-name=\"acceptance-236\"><span class=\"wpcf7-form-control wpcf7-acceptance\"><span class=\"wpcf7-list-item\"><label><input type=\"checkbox\" name=\"acceptance-236\" value=\"1\" aria-invalid=\"false\" \/><span class=\"wpcf7-list-item-label\">Jeg har l\u00e6st og godkendt <a target=\"_blank\" href=\"\/en\/privacy-notice\">privatpolitikken.<\/a><\/span><\/label><\/span><\/span><\/span>\n\t\t<\/p>\n\t<\/div>\n\t<div class=\"vc_col-xs-12 vc_col-sm-12 vc_col-md-12 vc_col-lg-12 recaptcha\">\n\t\n\t<\/div>\n\t<div class=\"vc_col-xs-12 vc_col-sm-12 vc_col-md-12 vc_col-lg-12 envoyer\">\n\t\t<p><input class=\"wpcf7-form-control wpcf7-submit has-spinner\" type=\"submit\" value=\"Sende\" \/>\n\t\t<\/p>\n\t<\/div>\n<\/div><div class=\"wpcf7-response-output\" aria-hidden=\"true\"><\/div>\n<\/form>\n<\/div>\n[\/vc_column_inner][\/vc_row_inner][\/vc_column][\/vc_row]<\/p>\n<\/div>","protected":false},"excerpt":{"rendered":"<p>[vc_row full_width=&#8221;stretch_row_content_no_spaces&#8221; content_placement=&#8221;bottom&#8221; css=&#8221;.vc_custom_1586939141034{background-image: url(https:\/\/www.wretmanestate.com\/wp-content\/uploads\/2019\/11\/new-banner.jpg?id=3444) !important;background-position: center !important;background-repeat: no-repeat !important;background-size: cover !important;}&#8221; el_class=&#8221;bloc-title small&#8221;][vc_column][vc_column_text el_class=&#8221;sous-titre-page&#8221;]Undrer du dig over, hvor meget din bolig er v\u00e6rd? Vores uddannede og professionelle ejendomsm\u00e6glere hos Wretman Estate vil hj\u00e6lpe dig[\/vc_column_text][\/vc_column][\/vc_row][vc_row el_class=&#8221;red_links&#8221;][vc_column width=&#8221;2\/3&#8243;][vc_column_text]N\u00e5r vi estimerer en boligs salgspris, tager vi flere forskellige faktorer i betragtning s\u00e5som placering, tilstand, omr\u00e5de, udsigt salgsprisen [&hellip;]<\/p>\n","protected":false},"author":1,"featured_media":0,"parent":154436,"menu_order":0,"comment_status":"closed","ping_status":"closed","template":"page_full-width.php","meta":{"_acf_changed":false,"content-type":"","_monsterinsights_skip_tracking":false,"_monsterinsights_sitenote_active":false,"_monsterinsights_sitenote_note":"","_monsterinsights_sitenote_category":0,"footnotes":""},"class_list":["post-154608","page","type-page","status-publish","hentry"],"acf":[],"yoast_head":"<!-- This site is optimized with the Yoast SEO plugin v27.5 - https:\/\/yoast.com\/product\/yoast-seo-wordpress\/ -->\n<title>Wretman Estate vurderer din ejendom gratis - Wretman Estate<\/title>\n<meta name=\"description\" content=\"Wretman Estate vurderer din ejendom p\u00e5 den franske Rivieran. Kontakt os for en gratis vurdering, hvis du overvejer at s\u00e6lge din bolig.\" \/>\n<meta name=\"robots\" content=\"index, follow, max-snippet:-1, max-image-preview:large, max-video-preview:-1\" \/>\n<link rel=\"canonical\" href=\"https:\/\/www.wretmanestate.com\/dk\/til-salg-franske-riviera\/vurdering\/\" \/>\n<meta property=\"og:locale\" content=\"en_US\" \/>\n<meta property=\"og:type\" content=\"article\" \/>\n<meta property=\"og:title\" content=\"Wretman Estate vurderer din ejendom gratis - Wretman Estate\" \/>\n<meta property=\"og:description\" content=\"Wretman Estate vurderer din ejendom p\u00e5 den franske Rivieran. Kontakt os for en gratis vurdering, hvis du overvejer at s\u00e6lge din bolig.\" \/>\n<meta property=\"og:url\" content=\"https:\/\/www.wretmanestate.com\/dk\/til-salg-franske-riviera\/vurdering\/\" \/>\n<meta property=\"og:site_name\" content=\"Wretman Estate\" \/>\n<meta property=\"article:modified_time\" content=\"2020-11-25T00:39:01+00:00\" \/>\n<meta name=\"twitter:card\" content=\"summary_large_image\" \/>\n<meta name=\"twitter:label1\" content=\"Est. reading time\" \/>\n\t<meta name=\"twitter:data1\" content=\"2 minutes\" \/>\n<script type=\"application\/ld+json\" class=\"yoast-schema-graph\">{\"@context\":\"https:\\\/\\\/schema.org\",\"@graph\":[{\"@type\":\"WebPage\",\"@id\":\"https:\\\/\\\/www.wretmanestate.com\\\/dk\\\/til-salg-franske-riviera\\\/vurdering\\\/\",\"url\":\"https:\\\/\\\/www.wretmanestate.com\\\/dk\\\/til-salg-franske-riviera\\\/vurdering\\\/\",\"name\":\"Wretman Estate vurderer din ejendom gratis - Wretman Estate\",\"isPartOf\":{\"@id\":\"https:\\\/\\\/www.wretmanestate.com\\\/dk\\\/#website\"},\"datePublished\":\"2019-12-06T16:43:49+00:00\",\"dateModified\":\"2020-11-25T00:39:01+00:00\",\"description\":\"Wretman Estate vurderer din ejendom p\u00e5 den franske Rivieran. Kontakt os for en gratis vurdering, hvis du overvejer at s\u00e6lge din bolig.\",\"breadcrumb\":{\"@id\":\"https:\\\/\\\/www.wretmanestate.com\\\/dk\\\/til-salg-franske-riviera\\\/vurdering\\\/#breadcrumb\"},\"inLanguage\":\"da-DK\",\"potentialAction\":[{\"@type\":\"ReadAction\",\"target\":[\"https:\\\/\\\/www.wretmanestate.com\\\/dk\\\/til-salg-franske-riviera\\\/vurdering\\\/\"]}]},{\"@type\":\"BreadcrumbList\",\"@id\":\"https:\\\/\\\/www.wretmanestate.com\\\/dk\\\/til-salg-franske-riviera\\\/vurdering\\\/#breadcrumb\",\"itemListElement\":[{\"@type\":\"ListItem\",\"position\":1,\"name\":\"Accueil\",\"item\":\"https:\\\/\\\/www.wretmanestate.com\\\/dk\\\/\"},{\"@type\":\"ListItem\",\"position\":2,\"name\":\"Til salg\",\"item\":\"https:\\\/\\\/www.wretmanestate.com\\\/dk\\\/til-salg-franske-riviera\\\/\"},{\"@type\":\"ListItem\",\"position\":3,\"name\":\"Vurdering\"}]},{\"@type\":\"WebSite\",\"@id\":\"https:\\\/\\\/www.wretmanestate.com\\\/dk\\\/#website\",\"url\":\"https:\\\/\\\/www.wretmanestate.com\\\/dk\\\/\",\"name\":\"Wretman Estate\",\"description\":\"Immobilier sur la C\u00f4te d&#039;Azur et la Provence\",\"publisher\":{\"@id\":\"https:\\\/\\\/www.wretmanestate.com\\\/dk\\\/#organization\"},\"potentialAction\":[{\"@type\":\"SearchAction\",\"target\":{\"@type\":\"EntryPoint\",\"urlTemplate\":\"https:\\\/\\\/www.wretmanestate.com\\\/dk\\\/?s={search_term_string}\"},\"query-input\":{\"@type\":\"PropertyValueSpecification\",\"valueRequired\":true,\"valueName\":\"search_term_string\"}}],\"inLanguage\":\"da-DK\"},{\"@type\":\"Organization\",\"@id\":\"https:\\\/\\\/www.wretmanestate.com\\\/dk\\\/#organization\",\"name\":\"WRETMAN ESTATE\",\"url\":\"https:\\\/\\\/www.wretmanestate.com\\\/dk\\\/\",\"logo\":{\"@type\":\"ImageObject\",\"inLanguage\":\"da-DK\",\"@id\":\"https:\\\/\\\/www.wretmanestate.com\\\/dk\\\/#\\\/schema\\\/logo\\\/image\\\/\",\"url\":\"\",\"contentUrl\":\"\",\"caption\":\"WRETMAN ESTATE\"},\"image\":{\"@id\":\"https:\\\/\\\/www.wretmanestate.com\\\/dk\\\/#\\\/schema\\\/logo\\\/image\\\/\"}}]}<\/script>\n<!-- \/ Yoast SEO plugin. -->","yoast_head_json":{"title":"Wretman Estate vurderer din ejendom gratis - Wretman Estate","description":"Wretman Estate vurderer din ejendom p\u00e5 den franske Rivieran. Kontakt os for en gratis vurdering, hvis du overvejer at s\u00e6lge din bolig.","robots":{"index":"index","follow":"follow","max-snippet":"max-snippet:-1","max-image-preview":"max-image-preview:large","max-video-preview":"max-video-preview:-1"},"canonical":"https:\/\/www.wretmanestate.com\/dk\/til-salg-franske-riviera\/vurdering\/","og_locale":"en_US","og_type":"article","og_title":"Wretman Estate vurderer din ejendom gratis - Wretman Estate","og_description":"Wretman Estate vurderer din ejendom p\u00e5 den franske Rivieran. Kontakt os for en gratis vurdering, hvis du overvejer at s\u00e6lge din bolig.","og_url":"https:\/\/www.wretmanestate.com\/dk\/til-salg-franske-riviera\/vurdering\/","og_site_name":"Wretman Estate","article_modified_time":"2020-11-25T00:39:01+00:00","twitter_card":"summary_large_image","twitter_misc":{"Est. reading time":"2 minutes"},"schema":{"@context":"https:\/\/schema.org","@graph":[{"@type":"WebPage","@id":"https:\/\/www.wretmanestate.com\/dk\/til-salg-franske-riviera\/vurdering\/","url":"https:\/\/www.wretmanestate.com\/dk\/til-salg-franske-riviera\/vurdering\/","name":"Wretman Estate vurderer din ejendom gratis - Wretman Estate","isPartOf":{"@id":"https:\/\/www.wretmanestate.com\/dk\/#website"},"datePublished":"2019-12-06T16:43:49+00:00","dateModified":"2020-11-25T00:39:01+00:00","description":"Wretman Estate vurderer din ejendom p\u00e5 den franske Rivieran. Kontakt os for en gratis vurdering, hvis du overvejer at s\u00e6lge din bolig.","breadcrumb":{"@id":"https:\/\/www.wretmanestate.com\/dk\/til-salg-franske-riviera\/vurdering\/#breadcrumb"},"inLanguage":"da-DK","potentialAction":[{"@type":"ReadAction","target":["https:\/\/www.wretmanestate.com\/dk\/til-salg-franske-riviera\/vurdering\/"]}]},{"@type":"BreadcrumbList","@id":"https:\/\/www.wretmanestate.com\/dk\/til-salg-franske-riviera\/vurdering\/#breadcrumb","itemListElement":[{"@type":"ListItem","position":1,"name":"Accueil","item":"https:\/\/www.wretmanestate.com\/dk\/"},{"@type":"ListItem","position":2,"name":"Til salg","item":"https:\/\/www.wretmanestate.com\/dk\/til-salg-franske-riviera\/"},{"@type":"ListItem","position":3,"name":"Vurdering"}]},{"@type":"WebSite","@id":"https:\/\/www.wretmanestate.com\/dk\/#website","url":"https:\/\/www.wretmanestate.com\/dk\/","name":"Wretman Estate","description":"Immobilier sur la C\u00f4te d&#039;Azur et la Provence","publisher":{"@id":"https:\/\/www.wretmanestate.com\/dk\/#organization"},"potentialAction":[{"@type":"SearchAction","target":{"@type":"EntryPoint","urlTemplate":"https:\/\/www.wretmanestate.com\/dk\/?s={search_term_string}"},"query-input":{"@type":"PropertyValueSpecification","valueRequired":true,"valueName":"search_term_string"}}],"inLanguage":"da-DK"},{"@type":"Organization","@id":"https:\/\/www.wretmanestate.com\/dk\/#organization","name":"WRETMAN ESTATE","url":"https:\/\/www.wretmanestate.com\/dk\/","logo":{"@type":"ImageObject","inLanguage":"da-DK","@id":"https:\/\/www.wretmanestate.com\/dk\/#\/schema\/logo\/image\/","url":"","contentUrl":"","caption":"WRETMAN ESTATE"},"image":{"@id":"https:\/\/www.wretmanestate.com\/dk\/#\/schema\/logo\/image\/"}}]}},"_links":{"self":[{"href":"https:\/\/www.wretmanestate.com\/dk\/wp-json\/wp\/v2\/pages\/154608","targetHints":{"allow":["GET"]}}],"collection":[{"href":"https:\/\/www.wretmanestate.com\/dk\/wp-json\/wp\/v2\/pages"}],"about":[{"href":"https:\/\/www.wretmanestate.com\/dk\/wp-json\/wp\/v2\/types\/page"}],"author":[{"embeddable":true,"href":"https:\/\/www.wretmanestate.com\/dk\/wp-json\/wp\/v2\/users\/1"}],"replies":[{"embeddable":true,"href":"https:\/\/www.wretmanestate.com\/dk\/wp-json\/wp\/v2\/comments?post=154608"}],"version-history":[{"count":6,"href":"https:\/\/www.wretmanestate.com\/dk\/wp-json\/wp\/v2\/pages\/154608\/revisions"}],"predecessor-version":[{"id":324631,"href":"https:\/\/www.wretmanestate.com\/dk\/wp-json\/wp\/v2\/pages\/154608\/revisions\/324631"}],"up":[{"embeddable":true,"href":"https:\/\/www.wretmanestate.com\/dk\/wp-json\/wp\/v2\/pages\/154436"}],"wp:attachment":[{"href":"https:\/\/www.wretmanestate.com\/dk\/wp-json\/wp\/v2\/media?parent=154608"}],"curies":[{"name":"wp","href":"https:\/\/api.w.org\/{rel}","templated":true}]}}