{"id":154611,"date":"2019-11-21T14:42:39","date_gmt":"2019-11-21T13:42:39","guid":{"rendered":"https:\/\/www.wretmanestate.com\/koeb\/property-search\/"},"modified":"2025-03-27T11:34:37","modified_gmt":"2025-03-27T10:34:37","slug":"ejendomssoegning","status":"publish","type":"page","link":"https:\/\/www.wretmanestate.com\/dk\/koeb-franske-riviera\/ejendomssoegning\/","title":{"rendered":"Ejendomss\u00f8gning"},"content":{"rendered":"<div class=\"wpb-content-wrapper\"><p>[vc_row full_width=&#8221;stretch_row_content_no_spaces&#8221; content_placement=&#8221;bottom&#8221; css=&#8221;.vc_custom_1586941374954{background-image: url(https:\/\/www.wretmanestate.com\/wp-content\/uploads\/2019\/11\/new-banner.jpg?id=3444) !important;background-position: center !important;background-repeat: no-repeat !important;background-size: cover !important;}&#8221; el_class=&#8221;bloc-title small&#8221;][vc_column]<div class=\" \">\r\n\t\r\n        <div class=\"mh-heading-wrapper\">\r\n            <h1            class=\"mh-heading mh-color-white mh-heading--bottom-separator   \"\r\n            style=\"font-weight:700;\">\r\n\t\t\tEJENDOMSS\u00d8GNING        <\/h1>\r\n\r\n\t\t            <div class=\"mh-subheading mh-color-white\"\r\n                 style=\"\">\r\n\t\t\t\tVi g\u00f8r det nemt for dig at s\u00f8ge efter en ejendom            <\/div>\r\n\t\t    <\/div>\r\n\r\n\t<\/div>[vc_column_text el_class=&#8221;sous-titre-page&#8221;][\/vc_column_text][\/vc_column][\/vc_row][vc_row el_class=&#8221;red_links&#8221;][vc_column width=&#8221;1\/3&#8243; el_class=&#8221;bloc-picto-txt&#8221;][vc_single_image image=&#8221;13841&#8243; img_size=&#8221;180&#215;180&#8243; alignment=&#8221;center&#8221;]<div class=\" \">\r\n\t\r\n        <div class=\"mh-heading-wrapper\">\r\n            <h2            class=\"mh-heading  mh-heading--bottom-separator   \"\r\n            style=\"font-weight:700;\">\r\n\t\t\tPERSONLIG EJENDOMSS\u00d8GNING        <\/h2>\r\n\r\n\t\t    <\/div>\r\n\r\n\t<\/div>[vc_column_text]Kan du ikke finde, hvad du s\u00f8ger efter blandt vores ejendomme p\u00e5 hjemmesiden? S\u00e5 lad en af vores ejendomsm\u00e6glere udf\u00f8re en personlig ejendomss\u00f8gning for dig. Det er ikke kun effektivt, men ogs\u00e5 gratis!<\/p>\n<p>Vores ejendomsm\u00e6glere tager dig kun med ud og bes\u00f8ger ejendomme, der passer dine kriterier.[\/vc_column_text][\/vc_column][vc_column width=&#8221;1\/3&#8243; el_class=&#8221;bloc-picto-txt&#8221;][vc_single_image image=&#8221;13829&#8243; img_size=&#8221;180&#215;180&#8243; alignment=&#8221;center&#8221;]<div class=\" \">\r\n\t\r\n        <div class=\"mh-heading-wrapper\">\r\n            <h2            class=\"mh-heading  mh-heading--bottom-separator   \"\r\n            style=\"font-weight:700;\">\r\n\t\t\tVI HAR NETV\u00c6RKET        <\/h2>\r\n\r\n\t\t    <\/div>\r\n\r\n\t<\/div>[vc_column_text]Udover ejendommene, som er <a href=\"\/dk\/koeb\/\">til salg<\/a> p\u00e5 vores hjemmeside, har vi samtidig adgang til tusinde af andre ejendomme via vores <a href=\"\/dk\/om-os\/partnere-netvaerk\/\">netv\u00e6rk og databaser<\/a>. Vi samarbejder ogs\u00e5 med andre m\u00e6glere, hvis ejendommen, som du kan lide, ikke er fremvist p\u00e5 vores hjemmeside.<\/p>\n<p>Det er vigtigt for os at finde netop d\u00e9t, du s\u00f8ger efter.[\/vc_column_text][\/vc_column][vc_column width=&#8221;1\/3&#8243; el_class=&#8221;bloc-picto-txt&#8221;][vc_single_image image=&#8221;807291&#8243; img_size=&#8221;180&#215;180&#8243; alignment=&#8221;center&#8221; css=&#8221;&#8221;]<div class=\" \">\r\n\t\r\n        <div class=\"mh-heading-wrapper\">\r\n            <h2            class=\"mh-heading  mh-heading--bottom-separator   \"\r\n            style=\"font-weight:700;\">\r\n\t\t\tVI FORBEREDER BES\u00d8GENE P\u00c5 FORH\u00c5ND        <\/h2>\r\n\r\n\t\t    <\/div>\r\n\r\n\t<\/div>[vc_column_text]Vi er vant til, at udenlandske kunder kun kommer for en kort periode. Derfor optimerer vi din tid ved at sende forslag af mulige ejendomme p\u00e5 forh\u00e5nd, samt arrangere alle fremvisingerne over en eller to dage.[\/vc_column_text][\/vc_column][\/vc_row][vc_row el_class=&#8221;red_links&#8221;][vc_column width=&#8221;1\/6&#8243; css=&#8221;.vc_custom_1574343980650{margin-top: 0px !important;margin-right: 0px !important;margin-bottom: 0px !important;margin-left: 0px !important;padding-top: 0px !important;padding-right: 0px !important;padding-bottom: 0px !important;padding-left: 0px !important;}&#8221;][\/vc_column][vc_column width=&#8221;1\/3&#8243; el_class=&#8221;bloc-picto-txt&#8221;][vc_single_image image=&#8221;13849&#8243; img_size=&#8221;180&#215;180&#8243; alignment=&#8221;center&#8221;]<div class=\" \">\r\n\t\r\n        <div class=\"mh-heading-wrapper\">\r\n            <h2            class=\"mh-heading  mh-heading--bottom-separator   \"\r\n            style=\"font-weight:700;\">\r\n\t\t\tVI TALER SPROGET        <\/h2>\r\n\r\n\t\t    <\/div>\r\n\r\n\t<\/div>[vc_column_text]De franske administrative procedure er komplekse, men vi er her for dig til at overs\u00e6tte og forklare det hele under k\u00f8bsprocessen.Vi ordner papirarbejdet for dig, og vi arbejder ligeledes med engelsktalende notare, s\u00e5 du kan f\u00f8le dig sikker inden for alle juridiske aspekter.<\/p>\n<p>Vi har stor erfaring med internationale kunder og kan derfor besvare de fleste sp\u00f8rgsm\u00e5l. Alt fra, hvor du finder de bedste internationale skoler til, hvordan det franske skattesystem fungerer.[\/vc_column_text][\/vc_column][vc_column width=&#8221;1\/3&#8243; el_class=&#8221;bloc-picto-txt&#8221;][vc_single_image image=&#8221;13853&#8243; img_size=&#8221;180&#215;180&#8243; alignment=&#8221;center&#8221;]<div class=\" \">\r\n\t\r\n        <div class=\"mh-heading-wrapper\">\r\n            <h2            class=\"mh-heading  mh-heading--bottom-separator   \"\r\n            style=\"font-weight:700;\">\r\n\t\t\tVI KENDER OMR\u00c5DET        <\/h2>\r\n\r\n\t\t    <\/div>\r\n\r\n\t<\/div>[vc_column_text]Vi d\u00e6kker hele den<a href=\"\/dk\/koeb\/franske-riviera\/\"> Franske Riviera.<\/a> Fra St Tropez til Menton samt Provence og Le Var. Vi har ligeledes<a href=\"\/dk\/kontakt\/vores-kontorer\/\"> 7 kontorer<\/a>, som er strategisk placeret langs kysten s\u00e5vel som i Valbonne og Fayence.<\/p>\n<p><a href=\"\/dk\/om-os\/team\/\">Vores 42 medarbejdere<\/a> bor i regionen, og har stort kendskab til omr\u00e5det.[\/vc_column_text][\/vc_column][vc_column width=&#8221;1\/6&#8243; css=&#8221;.vc_custom_1574344011061{margin-top: 0px !important;margin-right: 0px !important;margin-bottom: 0px !important;margin-left: 0px !important;padding-top: 0px !important;padding-right: 0px !important;padding-bottom: 0px !important;padding-left: 0px !important;}&#8221;][\/vc_column][\/vc_row][vc_row color=&#8221;custom&#8221; align=&#8221;align_center&#8221; style=&#8221;&#8221; border_width=&#8221;2&#8243; el_width=&#8221;90&#8243; accent_color=&#8221;#7a1523&#8243; css=&#8221;.vc_custom_1579180682632{padding-bottom: 20px !important;}&#8221;][vc_column][vc_separator color=&#8221;custom&#8221; border_width=&#8221;2&#8243; el_width=&#8221;90&#8243; css=&#8221;.vc_custom_1579856697066{padding-bottom: 20px !important;}&#8221; accent_color=&#8221;#7a1523&#8243;][\/vc_column][\/vc_row][vc_row el_class=&#8221;red_links&#8221;][vc_column width=&#8221;1\/2&#8243; css=&#8221;.vc_custom_1579856665116{padding-right: 20px !important;}&#8221;]<div class=\" \">\r\n\t\r\n        <div class=\"mh-heading-wrapper\">\r\n            <h2            class=\"mh-heading  mh-heading--bottom-separator   \"\r\n            style=\"font-weight:700;\">\r\n\t\t\tHVORFOR WRETMAN ESTATE        <\/h2>\r\n\r\n\t\t    <\/div>\r\n\r\n\t<\/div>[vc_column_text]Wretman Estate s\u00e6lger og k\u00f8ber ikke kun ejendomme. Vi g\u00f8r en forskel ved at hj\u00e6lpe vores kunder med alt, hvad der beh\u00f8ves til at skabe et nyt hjem i Frankrig.<\/p>\n<p>Gennem vores netv\u00e6rk og databaser har vi adgang til alle ejendomme p\u00e5 markedet. Det er vigtigt for os at finde lige pr\u00e6cis det, der passer dine \u00f8nsker, og ikke blot s\u00e6lge en ejendom. Vi kan vise omr\u00e5der, der d\u00e6kker dine behov, fremvise samlignende ejendomme, hvis du finder noget andet interessant samt give dig r\u00e5d til at forhandle ejendommens pris.<\/p>\n<p><a href=\"https:\/\/www.wretmanestate.com\/dk\/om-os-ejendomsmaeglere-franske-riviera\/vores-serviceydelser\/\">Vi hj\u00e6lper dig<\/a> med en \u00f8konomisk analyse, en markedsanalyse og giver r\u00e5d og finansielle l\u00f8sninger ved hj\u00e6lp af ledende banker. Vi tager os af alt papirarbejdet for dig, og den endelige underskrift vil blive med hj\u00e6lp fra vores engelsktalende notar. Med vores brede erfaring blandt internationale kunder, kan vi svare p\u00e5 de fleste sp\u00f8rgsm\u00e5l, som ikke kun omhandler k\u00f8bsprocessen, men ogs\u00e5 alt omhandlende at bo i Frankrig.<\/p>\n<p>Det er vores m\u00e5l, at du f\u00e5r den ejendom, som du \u00f8nsker til den bedst mulige pris. For os, er alle k\u00f8bere ogs\u00e5 potentielle s\u00e6lgere, hvorfor det er vigtigt, at vores kunder k\u00f8ber til den rigtige pris.<\/p>\n<p>K\u00f8bsprocessen af en ejendom er sj\u00e6ldent f\u00e6rdigbehandlet, n\u00e5r kontrakten er underskrevet. M\u00e5ske har du brug for professionel r\u00e5dgivning? Eller hj\u00e6lp til administrative og praktiske detaljer? Hos Wretman Estate g\u00f8r vi alt, hvad vi kan, for at g\u00f8re processen nem for dig.<\/p>\n<p><strong>Ejendoms\u00f8gning &#8211; en hurtig m\u00e5de at finde din dr\u00f8mmebolig p\u00e5!<\/strong>[\/vc_column_text][\/vc_column][vc_column width=&#8221;1\/2&#8243;]<div class=\" \">\r\n\t\r\n        <div class=\"mh-heading-wrapper\">\r\n            <h2            class=\"mh-heading  mh-heading--bottom-separator   \"\r\n            style=\"font-weight:700;\">\r\n\t\t\tKRITERER FOR S\u00d8GNING        <\/h2>\r\n\r\n\t\t            <div class=\"mh-subheading \"\r\n                 style=\"\">\r\n\t\t\t\tUdfyld denne blanket for at blive kontaktet af en ejendomsm\u00e6gler, der hj\u00e6lper med en skr\u00e6ddersyet s\u00f8gning.            <\/div>\r\n\t\t    <\/div>\r\n\r\n\t<\/div>\n<div class=\"wpcf7 no-js\" id=\"wpcf7-f154870-o1\" lang=\"fr-FR\" dir=\"ltr\" data-wpcf7-id=\"154870\">\n<div class=\"screen-reader-response\"><p role=\"status\" aria-live=\"polite\" aria-atomic=\"true\"><\/p> <ul><\/ul><\/div>\n<form action=\"\/dk\/wp-json\/wp\/v2\/pages\/154611#wpcf7-f154870-o1\" method=\"post\" class=\"wpcf7-form init\" aria-label=\"Contact form\" novalidate=\"novalidate\" data-status=\"init\">\n<fieldset class=\"hidden-fields-container\"><input type=\"hidden\" name=\"_wpcf7\" value=\"154870\" \/><input type=\"hidden\" name=\"_wpcf7_version\" value=\"6.1.5\" \/><input type=\"hidden\" name=\"_wpcf7_locale\" value=\"fr_FR\" \/><input type=\"hidden\" name=\"_wpcf7_unit_tag\" value=\"wpcf7-f154870-o1\" \/><input type=\"hidden\" name=\"_wpcf7_container_post\" value=\"0\" \/><input type=\"hidden\" name=\"_wpcf7_posted_data_hash\" value=\"\" \/><input type=\"hidden\" name=\"_wpcf7_recaptcha_response\" value=\"\" \/>\n<\/fieldset>\n<p><input type=\"hidden\" name=\"your-subject\" value=\"Chasseur de Biens DK\" \/>\n<\/p>\n<div class=\"bloc-form\">\n\t<div class=\"vc_col-xs-12 vc_col-sm-12 vc_col-md-12 vc_col-lg-12\">\n\t\t<p><span class=\"wpcf7-form-control-wrap\" data-name=\"your-name\"><input size=\"40\" maxlength=\"400\" class=\"wpcf7-form-control wpcf7-text wpcf7-validates-as-required\" aria-required=\"true\" aria-invalid=\"false\" placeholder=\"Navn\" value=\"\" type=\"text\" name=\"your-name\" \/><\/span>\n\t\t<\/p>\n\t<\/div>\n\t<div class=\"vc_col-xs-12 vc_col-sm-12 vc_col-md-12 vc_col-lg-12\">\n\t\t<p><span class=\"wpcf7-form-control-wrap\" data-name=\"your-email\"><input size=\"40\" maxlength=\"400\" class=\"wpcf7-form-control wpcf7-email wpcf7-validates-as-required wpcf7-text wpcf7-validates-as-email\" aria-required=\"true\" aria-invalid=\"false\" placeholder=\"Email\" value=\"\" type=\"email\" name=\"your-email\" \/><\/span>\n\t\t<\/p>\n\t<\/div>\n\t<div class=\"vc_col-xs-12 vc_col-sm-12 vc_col-md-12 vc_col-lg-12\">\n\t\t<p><span class=\"wpcf7-form-control-wrap\" data-name=\"tel\"><input size=\"40\" maxlength=\"400\" class=\"wpcf7-form-control wpcf7-tel wpcf7-validates-as-required wpcf7-text wpcf7-validates-as-tel\" aria-required=\"true\" aria-invalid=\"false\" placeholder=\"Telefon\" value=\"\" type=\"tel\" name=\"tel\" \/><\/span>\n\t\t<\/p>\n\t<\/div>\n\t<div class=\"vc_col-xs-12 vc_col-sm-12 vc_col-md-12 vc_col-lg-12 radio\">\n\t\t<p><span class=\"radios\"><br \/>\n<label class=\"label\">Lejlighed<input type=\"radio\" name=\"type\" value=\"5\" \/><span class=\"checkmark\"><\/span><\/label><br \/>\n<label class=\"label\">Hus<input type=\"radio\" name=\"type\" value=\"18\" \/><span class=\"checkmark\"><\/span><\/label><br \/>\n<label class=\"label\">Grund<input type=\"radio\" name=\"type\" value=\"46\" \/><span class=\"checkmark\"><\/span><\/label><br \/>\n<label class=\"label\">Bygning<input type=\"radio\" name=\"type\" value=\"24\" \/><span class=\"checkmark\"><\/span><\/label><\/span>\n\t\t<\/p>\n\t<\/div>\n\t<div class=\"vc_col-xs-12 vc_col-sm-12 vc_col-md-12 vc_col-lg-12 clear\">\n\t\t<p><span class=\"wpcf7-form-control-wrap\" data-name=\"Ville\"><input size=\"40\" maxlength=\"400\" class=\"wpcf7-form-control wpcf7-text wpcf7-validates-as-required\" aria-required=\"true\" aria-invalid=\"false\" placeholder=\"By\/Omr\u00e5de\" value=\"\" type=\"text\" name=\"Ville\" \/><\/span>\n\t\t<\/p>\n\t<\/div>\n\t<div class=\"vc_col-xs-12 vc_col-sm-12 vc_col-md-12 vc_col-lg-12\">\n\t\t<p><span class=\"wpcf7-form-control-wrap\" data-name=\"Message\"><textarea cols=\"40\" rows=\"10\" maxlength=\"2000\" class=\"wpcf7-form-control wpcf7-textarea wpcf7-validates-as-required\" aria-required=\"true\" aria-invalid=\"false\" placeholder=\"Besked\" name=\"Message\"><\/textarea><\/span>\n\t\t<\/p>\n\t<\/div>\n\t<div class=\"vc_col-xs-12 vc_col-sm-12 vc_col-md-12 vc_col-lg-12\">\n\t\t<p><span class=\"wpcf7-form-control-wrap\" data-name=\"acceptance-236\"><span class=\"wpcf7-form-control wpcf7-acceptance\"><span class=\"wpcf7-list-item\"><label><input type=\"checkbox\" name=\"acceptance-236\" value=\"1\" aria-invalid=\"false\" \/><span class=\"wpcf7-list-item-label\">Jeg har l\u00e6st og godkendt <a target=\"_blank\" href=\"\/en\/privacy-notice\">privatpolitikken.<\/a><\/span><\/label><\/span><\/span><\/span>\n\t\t<\/p>\n\t<\/div>\n\t<div class=\"vc_col-xs-12 vc_col-sm-12 vc_col-md-12 vc_col-lg-12 recaptcha\">\n\t\n\t<\/div>\n\t<div class=\"vc_col-xs-12 vc_col-sm-12 vc_col-md-12 vc_col-lg-12 envoyer\">\n\t\t<p><input class=\"wpcf7-form-control wpcf7-submit has-spinner\" type=\"submit\" value=\"Sende\" \/>\n\t\t<\/p>\n\t<\/div>\n<\/div><div class=\"wpcf7-response-output\" aria-hidden=\"true\"><\/div>\n<\/form>\n<\/div>\n[\/vc_column][\/vc_row]<\/p>\n<\/div>","protected":false},"excerpt":{"rendered":"<p>[vc_row full_width=&#8221;stretch_row_content_no_spaces&#8221; content_placement=&#8221;bottom&#8221; css=&#8221;.vc_custom_1586941374954{background-image: url(https:\/\/www.wretmanestate.com\/wp-content\/uploads\/2019\/11\/new-banner.jpg?id=3444) !important;background-position: center !important;background-repeat: no-repeat !important;background-size: cover !important;}&#8221; el_class=&#8221;bloc-title small&#8221;][vc_column][vc_column_text el_class=&#8221;sous-titre-page&#8221;][\/vc_column_text][\/vc_column][\/vc_row][vc_row el_class=&#8221;red_links&#8221;][vc_column width=&#8221;1\/3&#8243; el_class=&#8221;bloc-picto-txt&#8221;][vc_single_image image=&#8221;13841&#8243; img_size=&#8221;180&#215;180&#8243; alignment=&#8221;center&#8221;][vc_column_text]Kan du ikke finde, hvad du s\u00f8ger efter blandt vores ejendomme p\u00e5 hjemmesiden? S\u00e5 lad en af vores ejendomsm\u00e6glere udf\u00f8re en personlig ejendomss\u00f8gning for dig. Det er ikke kun effektivt, men ogs\u00e5 gratis! Vores ejendomsm\u00e6glere [&hellip;]<\/p>\n","protected":false},"author":1,"featured_media":0,"parent":154364,"menu_order":0,"comment_status":"closed","ping_status":"closed","template":"page_full-width.php","meta":{"_acf_changed":false,"content-type":"","_monsterinsights_skip_tracking":false,"_monsterinsights_sitenote_active":false,"_monsterinsights_sitenote_note":"","_monsterinsights_sitenote_category":0,"footnotes":""},"class_list":["post-154611","page","type-page","status-publish","hentry"],"acf":[],"yoast_head":"<!-- This site is optimized with the Yoast SEO plugin v27.5 - https:\/\/yoast.com\/product\/yoast-seo-wordpress\/ -->\n<title>Ejendomss\u00f8gning - k\u00f8be en ejendom - Wretman Estate<\/title>\n<meta name=\"description\" content=\"\u00d8nsker du at k\u00f8be en ejendom p\u00e5 den franske Riviera eller Provence? Kontakt oss for en personlig ejendomss\u00f8gning.\" \/>\n<meta name=\"robots\" content=\"index, follow, max-snippet:-1, max-image-preview:large, max-video-preview:-1\" \/>\n<link rel=\"canonical\" href=\"https:\/\/www.wretmanestate.com\/dk\/koeb-franske-riviera\/ejendomssoegning\/\" \/>\n<meta property=\"og:locale\" content=\"en_US\" \/>\n<meta property=\"og:type\" content=\"article\" \/>\n<meta property=\"og:title\" content=\"Ejendomss\u00f8gning - k\u00f8be en ejendom - Wretman Estate\" \/>\n<meta property=\"og:description\" content=\"\u00d8nsker du at k\u00f8be en ejendom p\u00e5 den franske Riviera eller Provence? Kontakt oss for en personlig ejendomss\u00f8gning.\" \/>\n<meta property=\"og:url\" content=\"https:\/\/www.wretmanestate.com\/dk\/koeb-franske-riviera\/ejendomssoegning\/\" \/>\n<meta property=\"og:site_name\" content=\"Wretman Estate\" \/>\n<meta property=\"article:modified_time\" content=\"2025-03-27T10:34:37+00:00\" \/>\n<meta name=\"twitter:card\" content=\"summary_large_image\" \/>\n<meta name=\"twitter:label1\" content=\"Est. reading time\" \/>\n\t<meta name=\"twitter:data1\" content=\"4 minutes\" \/>\n<script type=\"application\/ld+json\" class=\"yoast-schema-graph\">{\"@context\":\"https:\\\/\\\/schema.org\",\"@graph\":[{\"@type\":\"WebPage\",\"@id\":\"https:\\\/\\\/www.wretmanestate.com\\\/dk\\\/koeb-franske-riviera\\\/ejendomssoegning\\\/\",\"url\":\"https:\\\/\\\/www.wretmanestate.com\\\/dk\\\/koeb-franske-riviera\\\/ejendomssoegning\\\/\",\"name\":\"Ejendomss\u00f8gning - k\u00f8be en ejendom - Wretman Estate\",\"isPartOf\":{\"@id\":\"https:\\\/\\\/www.wretmanestate.com\\\/dk\\\/#website\"},\"datePublished\":\"2019-11-21T13:42:39+00:00\",\"dateModified\":\"2025-03-27T10:34:37+00:00\",\"description\":\"\u00d8nsker du at k\u00f8be en ejendom p\u00e5 den franske Riviera eller Provence? Kontakt oss for en personlig ejendomss\u00f8gning.\",\"breadcrumb\":{\"@id\":\"https:\\\/\\\/www.wretmanestate.com\\\/dk\\\/koeb-franske-riviera\\\/ejendomssoegning\\\/#breadcrumb\"},\"inLanguage\":\"da-DK\",\"potentialAction\":[{\"@type\":\"ReadAction\",\"target\":[\"https:\\\/\\\/www.wretmanestate.com\\\/dk\\\/koeb-franske-riviera\\\/ejendomssoegning\\\/\"]}]},{\"@type\":\"BreadcrumbList\",\"@id\":\"https:\\\/\\\/www.wretmanestate.com\\\/dk\\\/koeb-franske-riviera\\\/ejendomssoegning\\\/#breadcrumb\",\"itemListElement\":[{\"@type\":\"ListItem\",\"position\":1,\"name\":\"Accueil\",\"item\":\"https:\\\/\\\/www.wretmanestate.com\\\/dk\\\/\"},{\"@type\":\"ListItem\",\"position\":2,\"name\":\"K\u00f8b\",\"item\":\"https:\\\/\\\/www.wretmanestate.com\\\/dk\\\/koeb-franske-riviera\\\/\"},{\"@type\":\"ListItem\",\"position\":3,\"name\":\"Ejendomss\u00f8gning\"}]},{\"@type\":\"WebSite\",\"@id\":\"https:\\\/\\\/www.wretmanestate.com\\\/dk\\\/#website\",\"url\":\"https:\\\/\\\/www.wretmanestate.com\\\/dk\\\/\",\"name\":\"Wretman Estate\",\"description\":\"Immobilier sur la C\u00f4te d&#039;Azur et la Provence\",\"publisher\":{\"@id\":\"https:\\\/\\\/www.wretmanestate.com\\\/dk\\\/#organization\"},\"potentialAction\":[{\"@type\":\"SearchAction\",\"target\":{\"@type\":\"EntryPoint\",\"urlTemplate\":\"https:\\\/\\\/www.wretmanestate.com\\\/dk\\\/?s={search_term_string}\"},\"query-input\":{\"@type\":\"PropertyValueSpecification\",\"valueRequired\":true,\"valueName\":\"search_term_string\"}}],\"inLanguage\":\"da-DK\"},{\"@type\":\"Organization\",\"@id\":\"https:\\\/\\\/www.wretmanestate.com\\\/dk\\\/#organization\",\"name\":\"WRETMAN ESTATE\",\"url\":\"https:\\\/\\\/www.wretmanestate.com\\\/dk\\\/\",\"logo\":{\"@type\":\"ImageObject\",\"inLanguage\":\"da-DK\",\"@id\":\"https:\\\/\\\/www.wretmanestate.com\\\/dk\\\/#\\\/schema\\\/logo\\\/image\\\/\",\"url\":\"\",\"contentUrl\":\"\",\"caption\":\"WRETMAN ESTATE\"},\"image\":{\"@id\":\"https:\\\/\\\/www.wretmanestate.com\\\/dk\\\/#\\\/schema\\\/logo\\\/image\\\/\"}}]}<\/script>\n<!-- \/ Yoast SEO plugin. -->","yoast_head_json":{"title":"Ejendomss\u00f8gning - k\u00f8be en ejendom - Wretman Estate","description":"\u00d8nsker du at k\u00f8be en ejendom p\u00e5 den franske Riviera eller Provence? Kontakt oss for en personlig ejendomss\u00f8gning.","robots":{"index":"index","follow":"follow","max-snippet":"max-snippet:-1","max-image-preview":"max-image-preview:large","max-video-preview":"max-video-preview:-1"},"canonical":"https:\/\/www.wretmanestate.com\/dk\/koeb-franske-riviera\/ejendomssoegning\/","og_locale":"en_US","og_type":"article","og_title":"Ejendomss\u00f8gning - k\u00f8be en ejendom - Wretman Estate","og_description":"\u00d8nsker du at k\u00f8be en ejendom p\u00e5 den franske Riviera eller Provence? Kontakt oss for en personlig ejendomss\u00f8gning.","og_url":"https:\/\/www.wretmanestate.com\/dk\/koeb-franske-riviera\/ejendomssoegning\/","og_site_name":"Wretman Estate","article_modified_time":"2025-03-27T10:34:37+00:00","twitter_card":"summary_large_image","twitter_misc":{"Est. reading time":"4 minutes"},"schema":{"@context":"https:\/\/schema.org","@graph":[{"@type":"WebPage","@id":"https:\/\/www.wretmanestate.com\/dk\/koeb-franske-riviera\/ejendomssoegning\/","url":"https:\/\/www.wretmanestate.com\/dk\/koeb-franske-riviera\/ejendomssoegning\/","name":"Ejendomss\u00f8gning - k\u00f8be en ejendom - Wretman Estate","isPartOf":{"@id":"https:\/\/www.wretmanestate.com\/dk\/#website"},"datePublished":"2019-11-21T13:42:39+00:00","dateModified":"2025-03-27T10:34:37+00:00","description":"\u00d8nsker du at k\u00f8be en ejendom p\u00e5 den franske Riviera eller Provence? Kontakt oss for en personlig ejendomss\u00f8gning.","breadcrumb":{"@id":"https:\/\/www.wretmanestate.com\/dk\/koeb-franske-riviera\/ejendomssoegning\/#breadcrumb"},"inLanguage":"da-DK","potentialAction":[{"@type":"ReadAction","target":["https:\/\/www.wretmanestate.com\/dk\/koeb-franske-riviera\/ejendomssoegning\/"]}]},{"@type":"BreadcrumbList","@id":"https:\/\/www.wretmanestate.com\/dk\/koeb-franske-riviera\/ejendomssoegning\/#breadcrumb","itemListElement":[{"@type":"ListItem","position":1,"name":"Accueil","item":"https:\/\/www.wretmanestate.com\/dk\/"},{"@type":"ListItem","position":2,"name":"K\u00f8b","item":"https:\/\/www.wretmanestate.com\/dk\/koeb-franske-riviera\/"},{"@type":"ListItem","position":3,"name":"Ejendomss\u00f8gning"}]},{"@type":"WebSite","@id":"https:\/\/www.wretmanestate.com\/dk\/#website","url":"https:\/\/www.wretmanestate.com\/dk\/","name":"Wretman Estate","description":"Immobilier sur la C\u00f4te d&#039;Azur et la Provence","publisher":{"@id":"https:\/\/www.wretmanestate.com\/dk\/#organization"},"potentialAction":[{"@type":"SearchAction","target":{"@type":"EntryPoint","urlTemplate":"https:\/\/www.wretmanestate.com\/dk\/?s={search_term_string}"},"query-input":{"@type":"PropertyValueSpecification","valueRequired":true,"valueName":"search_term_string"}}],"inLanguage":"da-DK"},{"@type":"Organization","@id":"https:\/\/www.wretmanestate.com\/dk\/#organization","name":"WRETMAN ESTATE","url":"https:\/\/www.wretmanestate.com\/dk\/","logo":{"@type":"ImageObject","inLanguage":"da-DK","@id":"https:\/\/www.wretmanestate.com\/dk\/#\/schema\/logo\/image\/","url":"","contentUrl":"","caption":"WRETMAN ESTATE"},"image":{"@id":"https:\/\/www.wretmanestate.com\/dk\/#\/schema\/logo\/image\/"}}]}},"_links":{"self":[{"href":"https:\/\/www.wretmanestate.com\/dk\/wp-json\/wp\/v2\/pages\/154611","targetHints":{"allow":["GET"]}}],"collection":[{"href":"https:\/\/www.wretmanestate.com\/dk\/wp-json\/wp\/v2\/pages"}],"about":[{"href":"https:\/\/www.wretmanestate.com\/dk\/wp-json\/wp\/v2\/types\/page"}],"author":[{"embeddable":true,"href":"https:\/\/www.wretmanestate.com\/dk\/wp-json\/wp\/v2\/users\/1"}],"replies":[{"embeddable":true,"href":"https:\/\/www.wretmanestate.com\/dk\/wp-json\/wp\/v2\/comments?post=154611"}],"version-history":[{"count":7,"href":"https:\/\/www.wretmanestate.com\/dk\/wp-json\/wp\/v2\/pages\/154611\/revisions"}],"predecessor-version":[{"id":807301,"href":"https:\/\/www.wretmanestate.com\/dk\/wp-json\/wp\/v2\/pages\/154611\/revisions\/807301"}],"up":[{"embeddable":true,"href":"https:\/\/www.wretmanestate.com\/dk\/wp-json\/wp\/v2\/pages\/154364"}],"wp:attachment":[{"href":"https:\/\/www.wretmanestate.com\/dk\/wp-json\/wp\/v2\/media?parent=154611"}],"curies":[{"name":"wp","href":"https:\/\/api.w.org\/{rel}","templated":true}]}}