{"id":154648,"date":"2019-11-28T15:17:13","date_gmt":"2019-11-28T14:17:13","guid":{"rendered":"https:\/\/www.wretmanestate.com\/koeb\/franske-riviera\/a-few-hours-from-home\/"},"modified":"2022-08-29T11:06:51","modified_gmt":"2022-08-29T09:06:51","slug":"fa-timer-hjemmefra","status":"publish","type":"page","link":"https:\/\/www.wretmanestate.com\/dk\/koeb-franske-riviera\/franske-riviera\/fa-timer-hjemmefra\/","title":{"rendered":"F\u00e5 timer hjemmefra"},"content":{"rendered":"<div class=\"wpb-content-wrapper\"><p>[vc_row full_width=&#8221;stretch_row_content_no_spaces&#8221; content_placement=&#8221;bottom&#8221; css=&#8221;.vc_custom_1580383175775{background-image: url(https:\/\/www.wretmanestate.com\/wp-content\/uploads\/2019\/11\/new-banner.jpg?id=3444) !important;background-position: center !important;background-repeat: no-repeat !important;background-size: cover !important;}&#8221; el_class=&#8221;bloc-title small&#8221;][vc_column]<div class=\" \">\r\n\t\r\n        <div class=\"mh-heading-wrapper\">\r\n            <h1            class=\"mh-heading mh-color-white mh-heading--bottom-separator   \"\r\n            style=\"font-weight:700;\">\r\n\t\t\tF\u00c5 TIMER HJEMMEFRA        <\/h1>\r\n\r\n\t\t            <div class=\"mh-subheading mh-color-white\"\r\n                 style=\"\">\r\n\t\t\t\tNice Lufthavn er strategisk placeret i Europa og tilbyder direkte flyafgange til 117 destinationer p\u00e5 verdensplan            <\/div>\r\n\t\t    <\/div>\r\n\r\n\t<\/div>[vc_column_text el_class=&#8221;sous-titre-page&#8221;][\/vc_column_text][\/vc_column][\/vc_row][vc_row el_class=&#8221;red_links&#8221;][vc_column][vc_row_inner equal_height=&#8221;yes&#8221; content_placement=&#8221;top&#8221; el_class=&#8221;red_links&#8221;][vc_column_inner width=&#8221;1\/4&#8243;][vc_single_image image=&#8221;13460&#8243; img_size=&#8221;120&#215;120&#8243; alignment=&#8221;center&#8221;][vc_column_text]<\/p>\n<p style=\"text-align: center;\"><strong>Nice Lufthavn er landest n\u00e6st st\u00f8rste<\/strong><\/p>\n<p>[\/vc_column_text][\/vc_column_inner][vc_column_inner width=&#8221;1\/4&#8243;][vc_single_image image=&#8221;13436&#8243; img_size=&#8221;120&#215;120&#8243; alignment=&#8221;center&#8221;][vc_column_text]<\/p>\n<p style=\"text-align: center;\"><strong>14 milioner passagerer om \u00e5ret<\/strong><\/p>\n<p>[\/vc_column_text][\/vc_column_inner][vc_column_inner width=&#8221;1\/4&#8243;][vc_single_image image=&#8221;13444&#8243; img_size=&#8221;120&#215;120&#8243; alignment=&#8221;center&#8221;][vc_column_text]<\/p>\n<p style=\"text-align: center;\"><strong>61% af Frankrigs internationale flytrafik<\/strong><\/p>\n<p>[\/vc_column_text][\/vc_column_inner][vc_column_inner width=&#8221;1\/4&#8243;][vc_single_image image=&#8221;13452&#8243; img_size=&#8221;120&#215;120&#8243; alignment=&#8221;center&#8221;][vc_column_text]<\/p>\n<p style=\"text-align: center;\"><strong>117 destinationer til 40 lande<\/strong><\/p>\n<p>[\/vc_column_text][\/vc_column_inner][\/vc_row_inner][vc_column_text el_class=&#8221;txt_center&#8221;]<\/p>\n<p style=\"text-align: center;\">Det er nemt at komme til den <a href=\"\/dk\/koeb\/franske-riviera\/\">franske Riviera<\/a>. Der er internationale fly til Nice flere gange om dagen, og der k\u00f8rer tog langs hele kysten.B\u00e5de og helikoptere er ogs\u00e5 tilg\u00e6ngelige, hvis dette \u00f8nskes. Sporvognslinjen mellem Nice lufthavn og havnen i Nice tager blot 35 minutter.<\/p>\n<p style=\"text-align: center;\">En feriebolig p\u00e5 den franske Riviera er let at finde. Og herfra har du rig mulighed for at udforske andre byer i Europa.<\/p>\n<p style=\"text-align: center;\">Tag et kig p\u00e5 alle de brugbare links nedenfor.<\/p>\n<p>[\/vc_column_text][\/vc_column][\/vc_row][vc_row full_width=&#8221;stretch_row_content_no_spaces&#8221; el_class=&#8221;img-nos-services&#8221;][vc_column][vc_separator color=&#8221;custom&#8221; border_width=&#8221;2&#8243; el_width=&#8221;90&#8243; accent_color=&#8221;#7a1523&#8243; css=&#8221;.vc_custom_1589808934343{padding-bottom: 20px !important;}&#8221;][\/vc_column][\/vc_row][vc_row css=&#8221;.vc_custom_1580467536385{margin-top: 30px !important;}&#8221; el_class=&#8221;red_links&#8221;][vc_column]<div class=\" \">\r\n\t\r\n        <div class=\"mh-heading-wrapper\">\r\n            <h2            class=\"mh-heading  mh-heading--bottom-separator   \"\r\n            style=\"font-weight:700;\">\r\n\t\t\tTURISTINFORMATION        <\/h2>\r\n\r\n\t\t    <\/div>\r\n\r\n\t<\/div>[\/vc_column][vc_column width=&#8221;1\/2&#8243;][vc_column_text]<\/p>\n<h4>Den franske Riviera<\/h4>\n<p>Hvis du er p\u00e5 udkig efter informationer ang\u00e5ende udflugter, inden- og udend\u00f8rs aktiviteter eller arrangementer p\u00e5 den franske Riviera, anbefaler vi <a href=\"https:\/\/cotedazurfrance.fr\/\">Cote d &#8216;Azur Tourisme<\/a>. Denne side er fyldt med inspiration for alle, der elsker Sydfrankrig!<\/p>\n<h4>Antibes<\/h4>\n<p>Charmerende Antibes og dens lilles\u00f8ster Juan-les-Pins er stedet for mange internationale familier. Hjemmesiden <a href=\"https:\/\/www.antibesjuanlespins.com\/\">Antibes Juan-les-Pins<\/a> har samlet et antal guides omhandlende byens kulturliv, markeder, sport og friluftsliv og diverse kurser og natteliv.<\/p>\n<h4>Cannes<\/h4>\n<p>Cannes er en levende by. Turistkontoren, <a href=\"https:\/\/www.cannes-destination.fr\/\">Cannes Destination<\/a>,\u00a0 har forslag til udflugter, boligleje, natteliv, casino og diverse efterspurgte restauranter.<\/p>\n<h4>Nice<\/h4>\n<p>Banker dit hjerte lidt ekstra for den franske Riviera&#8217;s hovedstad, Nice? <a href=\"https:\/\/www.nicetourisme.com\/\">Nice Tourisme<\/a> tilbyder brugbare informationer, og de opdaterer regelm\u00e6ssigt anbefalinger for hyggelige restauranter og udflugter for familier og par.[\/vc_column_text][\/vc_column][vc_column width=&#8221;1\/2&#8243;][vc_column_text]<\/p>\n<h4>Menton<\/h4>\n<p>Byen Menton har skabt en side, <a href=\"https:\/\/www.menton.fr\/\">Menton Tourisme<\/a>, hvor indbyggere og forbipasserende kan finde nyttige informationer om, hvad kommunen arbejder p\u00e5. Den beskriver ogs\u00e5 byens kutlurarv og historie, arrangementer og et link direkte sendt fra stranden Plage des Sablettes.<\/p>\n<h4>Saint-Tropez<\/h4>\n<p>I det eksklusive feriested Saint Tropez, finder du Saint Tropez Tourisme. De har en hjemmeside, der tilbyder tips og r\u00e5d om byens bedste restauranter, museer, shopping og lejeboliger. Du finder selvf\u00f8lgelig ogs\u00e5 information om byens mange arrangementer.<\/p>\n<h4>Le Var<\/h4>\n<p>Er du interesseret i regionen Var og dens charmerende landsbyer og b\u00f8lgende landskaber? <a href=\"https:\/\/www.visitvar.fr\/en\/\">Visit Var<\/a> samler alt information om, hvad der sker i omr\u00e5det.[\/vc_column_text][vc_single_image image=&#8221;62792&#8243; img_size=&#8221;large&#8221;][\/vc_column][\/vc_row][vc_row el_class=&#8221;red_links&#8221;][vc_column][vc_separator color=&#8221;custom&#8221; border_width=&#8221;2&#8243; el_width=&#8221;90&#8243; accent_color=&#8221;#7a1523&#8243; css=&#8221;.vc_custom_1582541764323{padding-bottom: 20px !important;}&#8221;]<div class=\" \">\r\n\t\r\n        <div class=\"mh-heading-wrapper\">\r\n            <h2            class=\"mh-heading  mh-heading--bottom-separator   \"\r\n            style=\"font-weight:700;\">\r\n\t\t\tTRANSPORT        <\/h2>\r\n\r\n\t\t    <\/div>\r\n\r\n\t<\/div>[\/vc_column][vc_column width=&#8221;1\/2&#8243;][vc_single_image image=&#8221;23555&#8243; img_size=&#8221;full&#8221; css=&#8221;.vc_custom_1582624548173{background-image: url(https:\/\/www.wretmanestate.com\/wp-content\/uploads\/2020\/02\/Banana-tree-in-gulfe-juan-1920.jpg?id=23442) !important;}&#8221;][\/vc_column][vc_column width=&#8221;1\/2&#8243;][vc_column_text]<\/p>\n<h4>Tog og Bus<\/h4>\n<p>Det er let at rejse gennem Rivieraen med bus, tog og tram.<\/p>\n<p><a href=\"https:\/\/www.sncf.com\/\">SNCF<\/a>\u00a0st\u00e5r for togtrafikken langs kysten. K\u00f8b billetter eller find tidsplan for afgange p\u00e5 deres hjemmeside.<\/p>\n<p><a href=\"https:\/\/www.lignesdazur.com\/\">Lignes d&#8217;Azur<\/a> er hjemmesiden, der st\u00e5r for tram og bustrafikken i Nice.<\/p>\n<p><a href=\"https:\/\/www.palmbus.fr\/\">Palm Bus<\/a> st\u00e5r for bustrafikken i Cannes. P\u00e5 deres hjemmeside finder du information omkring priser, oversigt over afgange og kort. Palm Bus har ogs\u00e5 en App til at tjekke afgange til en hver tid.<\/p>\n<h4>Helikopter<\/h4>\n<p>At komme rundt med helikopter er nok ikke den mest almindelige transportmulighed, men p\u00e5 den franske Riviera er det en v\u00e6rdsat mulighed.<\/p>\n<ul>\n<li><a href=\"https:\/\/www.azurhelico.com\/\">Azur Helico<\/a><\/li>\n<li><a href=\"https:\/\/www.monacair.mc\/en\/\">Monacair<\/a><\/li>\n<\/ul>\n<p>Du kan ogs\u00e5 give en helikoptertur som en gave![\/vc_column_text][\/vc_column][\/vc_row]<\/p>\n<\/div>","protected":false},"excerpt":{"rendered":"<p>[vc_row full_width=&#8221;stretch_row_content_no_spaces&#8221; content_placement=&#8221;bottom&#8221; css=&#8221;.vc_custom_1580383175775{background-image: url(https:\/\/www.wretmanestate.com\/wp-content\/uploads\/2019\/11\/new-banner.jpg?id=3444) !important;background-position: center !important;background-repeat: no-repeat !important;background-size: cover !important;}&#8221; el_class=&#8221;bloc-title small&#8221;][vc_column][vc_column_text el_class=&#8221;sous-titre-page&#8221;][\/vc_column_text][\/vc_column][\/vc_row][vc_row el_class=&#8221;red_links&#8221;][vc_column][vc_row_inner equal_height=&#8221;yes&#8221; content_placement=&#8221;top&#8221; el_class=&#8221;red_links&#8221;][vc_column_inner width=&#8221;1\/4&#8243;][vc_single_image image=&#8221;13460&#8243; img_size=&#8221;120&#215;120&#8243; alignment=&#8221;center&#8221;][vc_column_text] Nice Lufthavn er landest n\u00e6st st\u00f8rste [\/vc_column_text][\/vc_column_inner][vc_column_inner width=&#8221;1\/4&#8243;][vc_single_image image=&#8221;13436&#8243; img_size=&#8221;120&#215;120&#8243; alignment=&#8221;center&#8221;][vc_column_text] 14 milioner passagerer om \u00e5ret [\/vc_column_text][\/vc_column_inner][vc_column_inner width=&#8221;1\/4&#8243;][vc_single_image image=&#8221;13444&#8243; img_size=&#8221;120&#215;120&#8243; alignment=&#8221;center&#8221;][vc_column_text] 61% af Frankrigs internationale flytrafik [\/vc_column_text][\/vc_column_inner][vc_column_inner width=&#8221;1\/4&#8243;][vc_single_image image=&#8221;13452&#8243; img_size=&#8221;120&#215;120&#8243; alignment=&#8221;center&#8221;][vc_column_text] 117 [&hellip;]<\/p>\n","protected":false},"author":1,"featured_media":0,"parent":154630,"menu_order":1,"comment_status":"closed","ping_status":"closed","template":"page_full-width.php","meta":{"_acf_changed":false,"content-type":"","_monsterinsights_skip_tracking":false,"_monsterinsights_sitenote_active":false,"_monsterinsights_sitenote_note":"","_monsterinsights_sitenote_category":0,"footnotes":""},"class_list":["post-154648","page","type-page","status-publish","hentry"],"acf":[],"yoast_head":"<!-- This site is optimized with the Yoast SEO plugin v27.4 - https:\/\/yoast.com\/product\/yoast-seo-wordpress\/ -->\n<title>Transport p\u00e5 den franske Riviera - F\u00e5 timer hjemmefra - Wretman Estate<\/title>\n<meta name=\"description\" content=\"Det er nemt at komme til den franske Riviera s\u00e5vel som rundt i regionen. Udforsk mulighederne med bus, tog, tram, b\u00e5d eller helikopter.\" \/>\n<meta name=\"robots\" content=\"index, follow, max-snippet:-1, max-image-preview:large, max-video-preview:-1\" \/>\n<link rel=\"canonical\" href=\"https:\/\/www.wretmanestate.com\/dk\/koeb-franske-riviera\/franske-riviera\/fa-timer-hjemmefra\/\" \/>\n<meta property=\"og:locale\" content=\"en_US\" \/>\n<meta property=\"og:type\" content=\"article\" \/>\n<meta property=\"og:title\" content=\"Transport p\u00e5 den franske Riviera - F\u00e5 timer hjemmefra - Wretman Estate\" \/>\n<meta property=\"og:description\" content=\"Det er nemt at komme til den franske Riviera s\u00e5vel som rundt i regionen. Udforsk mulighederne med bus, tog, tram, b\u00e5d eller helikopter.\" \/>\n<meta property=\"og:url\" content=\"https:\/\/www.wretmanestate.com\/dk\/koeb-franske-riviera\/franske-riviera\/fa-timer-hjemmefra\/\" \/>\n<meta property=\"og:site_name\" content=\"Wretman Estate\" \/>\n<meta property=\"article:modified_time\" content=\"2022-08-29T09:06:51+00:00\" \/>\n<meta name=\"twitter:card\" content=\"summary_large_image\" \/>\n<meta name=\"twitter:label1\" content=\"Est. reading time\" \/>\n\t<meta name=\"twitter:data1\" content=\"3 minutes\" \/>\n<script type=\"application\/ld+json\" class=\"yoast-schema-graph\">{\"@context\":\"https:\\\/\\\/schema.org\",\"@graph\":[{\"@type\":\"WebPage\",\"@id\":\"https:\\\/\\\/www.wretmanestate.com\\\/dk\\\/koeb-franske-riviera\\\/franske-riviera\\\/fa-timer-hjemmefra\\\/\",\"url\":\"https:\\\/\\\/www.wretmanestate.com\\\/dk\\\/koeb-franske-riviera\\\/franske-riviera\\\/fa-timer-hjemmefra\\\/\",\"name\":\"Transport p\u00e5 den franske Riviera - F\u00e5 timer hjemmefra - Wretman Estate\",\"isPartOf\":{\"@id\":\"https:\\\/\\\/www.wretmanestate.com\\\/dk\\\/#website\"},\"datePublished\":\"2019-11-28T14:17:13+00:00\",\"dateModified\":\"2022-08-29T09:06:51+00:00\",\"description\":\"Det er nemt at komme til den franske Riviera s\u00e5vel som rundt i regionen. Udforsk mulighederne med bus, tog, tram, b\u00e5d eller helikopter.\",\"breadcrumb\":{\"@id\":\"https:\\\/\\\/www.wretmanestate.com\\\/dk\\\/koeb-franske-riviera\\\/franske-riviera\\\/fa-timer-hjemmefra\\\/#breadcrumb\"},\"inLanguage\":\"da-DK\",\"potentialAction\":[{\"@type\":\"ReadAction\",\"target\":[\"https:\\\/\\\/www.wretmanestate.com\\\/dk\\\/koeb-franske-riviera\\\/franske-riviera\\\/fa-timer-hjemmefra\\\/\"]}]},{\"@type\":\"BreadcrumbList\",\"@id\":\"https:\\\/\\\/www.wretmanestate.com\\\/dk\\\/koeb-franske-riviera\\\/franske-riviera\\\/fa-timer-hjemmefra\\\/#breadcrumb\",\"itemListElement\":[{\"@type\":\"ListItem\",\"position\":1,\"name\":\"Accueil\",\"item\":\"https:\\\/\\\/www.wretmanestate.com\\\/dk\\\/\"},{\"@type\":\"ListItem\",\"position\":2,\"name\":\"K\u00f8b\",\"item\":\"https:\\\/\\\/www.wretmanestate.com\\\/dk\\\/koeb-franske-riviera\\\/\"},{\"@type\":\"ListItem\",\"position\":3,\"name\":\"Den franske riviera\",\"item\":\"https:\\\/\\\/www.wretmanestate.com\\\/dk\\\/koeb-franske-riviera\\\/franske-riviera\\\/\"},{\"@type\":\"ListItem\",\"position\":4,\"name\":\"F\u00e5 timer hjemmefra\"}]},{\"@type\":\"WebSite\",\"@id\":\"https:\\\/\\\/www.wretmanestate.com\\\/dk\\\/#website\",\"url\":\"https:\\\/\\\/www.wretmanestate.com\\\/dk\\\/\",\"name\":\"Wretman Estate\",\"description\":\"Immobilier sur la C\u00f4te d&#039;Azur et la Provence\",\"publisher\":{\"@id\":\"https:\\\/\\\/www.wretmanestate.com\\\/dk\\\/#organization\"},\"potentialAction\":[{\"@type\":\"SearchAction\",\"target\":{\"@type\":\"EntryPoint\",\"urlTemplate\":\"https:\\\/\\\/www.wretmanestate.com\\\/dk\\\/?s={search_term_string}\"},\"query-input\":{\"@type\":\"PropertyValueSpecification\",\"valueRequired\":true,\"valueName\":\"search_term_string\"}}],\"inLanguage\":\"da-DK\"},{\"@type\":\"Organization\",\"@id\":\"https:\\\/\\\/www.wretmanestate.com\\\/dk\\\/#organization\",\"name\":\"WRETMAN ESTATE\",\"url\":\"https:\\\/\\\/www.wretmanestate.com\\\/dk\\\/\",\"logo\":{\"@type\":\"ImageObject\",\"inLanguage\":\"da-DK\",\"@id\":\"https:\\\/\\\/www.wretmanestate.com\\\/dk\\\/#\\\/schema\\\/logo\\\/image\\\/\",\"url\":\"\",\"contentUrl\":\"\",\"caption\":\"WRETMAN ESTATE\"},\"image\":{\"@id\":\"https:\\\/\\\/www.wretmanestate.com\\\/dk\\\/#\\\/schema\\\/logo\\\/image\\\/\"}}]}<\/script>\n<!-- \/ Yoast SEO plugin. -->","yoast_head_json":{"title":"Transport p\u00e5 den franske Riviera - F\u00e5 timer hjemmefra - Wretman Estate","description":"Det er nemt at komme til den franske Riviera s\u00e5vel som rundt i regionen. Udforsk mulighederne med bus, tog, tram, b\u00e5d eller helikopter.","robots":{"index":"index","follow":"follow","max-snippet":"max-snippet:-1","max-image-preview":"max-image-preview:large","max-video-preview":"max-video-preview:-1"},"canonical":"https:\/\/www.wretmanestate.com\/dk\/koeb-franske-riviera\/franske-riviera\/fa-timer-hjemmefra\/","og_locale":"en_US","og_type":"article","og_title":"Transport p\u00e5 den franske Riviera - F\u00e5 timer hjemmefra - Wretman Estate","og_description":"Det er nemt at komme til den franske Riviera s\u00e5vel som rundt i regionen. Udforsk mulighederne med bus, tog, tram, b\u00e5d eller helikopter.","og_url":"https:\/\/www.wretmanestate.com\/dk\/koeb-franske-riviera\/franske-riviera\/fa-timer-hjemmefra\/","og_site_name":"Wretman Estate","article_modified_time":"2022-08-29T09:06:51+00:00","twitter_card":"summary_large_image","twitter_misc":{"Est. reading time":"3 minutes"},"schema":{"@context":"https:\/\/schema.org","@graph":[{"@type":"WebPage","@id":"https:\/\/www.wretmanestate.com\/dk\/koeb-franske-riviera\/franske-riviera\/fa-timer-hjemmefra\/","url":"https:\/\/www.wretmanestate.com\/dk\/koeb-franske-riviera\/franske-riviera\/fa-timer-hjemmefra\/","name":"Transport p\u00e5 den franske Riviera - F\u00e5 timer hjemmefra - Wretman Estate","isPartOf":{"@id":"https:\/\/www.wretmanestate.com\/dk\/#website"},"datePublished":"2019-11-28T14:17:13+00:00","dateModified":"2022-08-29T09:06:51+00:00","description":"Det er nemt at komme til den franske Riviera s\u00e5vel som rundt i regionen. Udforsk mulighederne med bus, tog, tram, b\u00e5d eller helikopter.","breadcrumb":{"@id":"https:\/\/www.wretmanestate.com\/dk\/koeb-franske-riviera\/franske-riviera\/fa-timer-hjemmefra\/#breadcrumb"},"inLanguage":"da-DK","potentialAction":[{"@type":"ReadAction","target":["https:\/\/www.wretmanestate.com\/dk\/koeb-franske-riviera\/franske-riviera\/fa-timer-hjemmefra\/"]}]},{"@type":"BreadcrumbList","@id":"https:\/\/www.wretmanestate.com\/dk\/koeb-franske-riviera\/franske-riviera\/fa-timer-hjemmefra\/#breadcrumb","itemListElement":[{"@type":"ListItem","position":1,"name":"Accueil","item":"https:\/\/www.wretmanestate.com\/dk\/"},{"@type":"ListItem","position":2,"name":"K\u00f8b","item":"https:\/\/www.wretmanestate.com\/dk\/koeb-franske-riviera\/"},{"@type":"ListItem","position":3,"name":"Den franske riviera","item":"https:\/\/www.wretmanestate.com\/dk\/koeb-franske-riviera\/franske-riviera\/"},{"@type":"ListItem","position":4,"name":"F\u00e5 timer hjemmefra"}]},{"@type":"WebSite","@id":"https:\/\/www.wretmanestate.com\/dk\/#website","url":"https:\/\/www.wretmanestate.com\/dk\/","name":"Wretman Estate","description":"Immobilier sur la C\u00f4te d&#039;Azur et la Provence","publisher":{"@id":"https:\/\/www.wretmanestate.com\/dk\/#organization"},"potentialAction":[{"@type":"SearchAction","target":{"@type":"EntryPoint","urlTemplate":"https:\/\/www.wretmanestate.com\/dk\/?s={search_term_string}"},"query-input":{"@type":"PropertyValueSpecification","valueRequired":true,"valueName":"search_term_string"}}],"inLanguage":"da-DK"},{"@type":"Organization","@id":"https:\/\/www.wretmanestate.com\/dk\/#organization","name":"WRETMAN ESTATE","url":"https:\/\/www.wretmanestate.com\/dk\/","logo":{"@type":"ImageObject","inLanguage":"da-DK","@id":"https:\/\/www.wretmanestate.com\/dk\/#\/schema\/logo\/image\/","url":"","contentUrl":"","caption":"WRETMAN ESTATE"},"image":{"@id":"https:\/\/www.wretmanestate.com\/dk\/#\/schema\/logo\/image\/"}}]}},"_links":{"self":[{"href":"https:\/\/www.wretmanestate.com\/dk\/wp-json\/wp\/v2\/pages\/154648","targetHints":{"allow":["GET"]}}],"collection":[{"href":"https:\/\/www.wretmanestate.com\/dk\/wp-json\/wp\/v2\/pages"}],"about":[{"href":"https:\/\/www.wretmanestate.com\/dk\/wp-json\/wp\/v2\/types\/page"}],"author":[{"embeddable":true,"href":"https:\/\/www.wretmanestate.com\/dk\/wp-json\/wp\/v2\/users\/1"}],"replies":[{"embeddable":true,"href":"https:\/\/www.wretmanestate.com\/dk\/wp-json\/wp\/v2\/comments?post=154648"}],"version-history":[{"count":10,"href":"https:\/\/www.wretmanestate.com\/dk\/wp-json\/wp\/v2\/pages\/154648\/revisions"}],"predecessor-version":[{"id":325365,"href":"https:\/\/www.wretmanestate.com\/dk\/wp-json\/wp\/v2\/pages\/154648\/revisions\/325365"}],"up":[{"embeddable":true,"href":"https:\/\/www.wretmanestate.com\/dk\/wp-json\/wp\/v2\/pages\/154630"}],"wp:attachment":[{"href":"https:\/\/www.wretmanestate.com\/dk\/wp-json\/wp\/v2\/media?parent=154648"}],"curies":[{"name":"wp","href":"https:\/\/api.w.org\/{rel}","templated":true}]}}