{"id":154650,"date":"2019-12-13T14:02:09","date_gmt":"2019-12-13T13:02:09","guid":{"rendered":"https:\/\/www.wretmanestate.com\/til-salg\/salesprocess\/"},"modified":"2022-08-25T16:11:36","modified_gmt":"2022-08-25T14:11:36","slug":"salgsprocessen","status":"publish","type":"page","link":"https:\/\/www.wretmanestate.com\/dk\/til-salg-franske-riviera\/salgsprocessen\/","title":{"rendered":"Salgsprocessen"},"content":{"rendered":"<div class=\"wpb-content-wrapper\"><p>[vc_row full_width=&#8221;stretch_row_content_no_spaces&#8221; content_placement=&#8221;bottom&#8221; css=&#8221;.vc_custom_1586938177390{background-image: url(https:\/\/www.wretmanestate.com\/wp-content\/uploads\/2019\/11\/new-banner.jpg?id=3444) !important;background-position: center !important;background-repeat: no-repeat !important;background-size: cover !important;}&#8221; el_class=&#8221;bloc-title small&#8221;][vc_column]<div class=\" \">\r\n\t\r\n        <div class=\"mh-heading-wrapper\">\r\n            <h1            class=\"mh-heading mh-color-white mh-heading--bottom-separator   \"\r\n            style=\"font-weight:700;\">\r\n\t\t\tSalgsprocessen        <\/h1>\r\n\r\n\t\t    <\/div>\r\n\r\n\t<\/div>[vc_column_text el_class=&#8221;sous-titre-page&#8221;]Wretman Estate er til r\u00e5dighed gennem hele forl\u00f8bet[\/vc_column_text][\/vc_column][\/vc_row][vc_row el_class=&#8221;bloc-padding red_links&#8221; css=&#8221;.vc_custom_1581411509559{padding-top: 20px !important;padding-bottom: 20px !important;}&#8221;][vc_column width=&#8221;1\/2&#8243;][vc_column_text el_class=&#8221;txt_center&#8221;]<\/p>\n<h2 style=\"text-align: left;\"><strong>SALGSPROCESSEN<\/strong><\/h2>\n<p style=\"text-align: left;\">At have en trov\u00e6rdig <a href=\"\/dk\/om-os\/team\/\">engelsktalende ejendomsm\u00e6gler,<\/a> kan v\u00e6re yderst vigtigt for de fleste udenlandske s\u00e6lgere under en salgsproces.<\/p>\n<p style=\"text-align: left;\">En p\u00e5lidelig m\u00e6gler er en, som s\u00e6lgeren stoler p\u00e5 kan koordinere hele salgsprocessen, men ogs\u00e5 gennemf\u00f8re en tilfredsstillende salgsaftale.<\/p>\n<p style=\"text-align: left;\"><a href=\"\/dk\/\">Wretman Estate<\/a> vil hj\u00e6lpe dig med alle juridiske dele og h\u00e5ndtere de kulturelle forskelle og sprogproblemer, der kan opst\u00e5 undervejs.<\/p>\n<p style=\"text-align: left;\">Vores <a href=\"\/dk\/om-os\/team\/\">medarbejdere<\/a> hos Wretman Estate er alle flersprogede og bor i Frankrig. Vores ejendomsm\u00e6glere guider dig gennem hele processen med at k\u00f8be en ejendom p\u00e5 den franske riviera.<\/p>\n<p>[\/vc_column_text][vc_column_text]<\/p>\n<p style=\"text-align: center;\"><em>T\u00f8v ikke med at <a href=\"\/dk\/kontakt\/\">kontakte os<\/a>, hvis du har yderligere sp\u00f8rgsm\u00e5l!<\/em><\/p>\n<p>[\/vc_column_text][\/vc_column][vc_column width=&#8221;1\/2&#8243;][vc_single_image image=&#8221;22237&#8243; img_size=&#8221;large&#8221;][\/vc_column][\/vc_row][vc_row el_class=&#8221;bloc-padding&#8221; css=&#8221;.vc_custom_1579691600228{margin-top: 0px !important;padding-top: 20px !important;padding-bottom: 20px !important;}&#8221;][vc_column width=&#8221;1\/2&#8243;][vc_single_image image=&#8221;18491&#8243; img_size=&#8221;large&#8221;][\/vc_column][vc_column width=&#8221;1\/2&#8243;][vc_column_text]<\/p>\n<h3><em><strong>1)<\/strong><\/em> <em>Underskrive<\/em><b><i>\u00a0en salgsaftale med en ejendomsm\u00e6gler<\/i><\/b><\/h3>\n<p>Det f\u00f8rste skridt i at s\u00e6lge en ejendom er at underskrive en aftale, en s\u00e5kaldt salgskontrakt, med en licenseret og registreret ejendomsm\u00e6gler i Frankrig. Salgskontrakten skal v\u00e6re formuleret efter en lovbestemt model, som g\u00e6lder i hele Frankrig. Det inkluderer blandt andet ejerens navn, ejendommens adresse, en kort beskrivelse af ejendommen, m\u00e6glergebyr, kontraktens gyldighed, eventuelle s\u00e6rlige betingelser for salget samt en tidsfrist og opsigelsesbetingelser.<\/p>\n<p>I Frankrig findes der b\u00e5de en eksklusiv og en ikke-eksklusiv (simpel) salgskontrakt. Dette er vigtigt at diskutere med din ejendomsm\u00e6gler, da valget af kontrakt kan have betydning for ejendomssalget og den endelige k\u00f8bspris.[\/vc_column_text][\/vc_column][\/vc_row][vc_row el_class=&#8221;bloc-padding&#8221; css=&#8221;.vc_custom_1579691610717{padding-top: 20px !important;padding-bottom: 20px !important;}&#8221;][vc_column width=&#8221;1\/2&#8243;][vc_column_text el_class=&#8221;txt_center&#8221;]<\/p>\n<h3 style=\"text-align: left;\"><strong><em>2) Tekniske vurderinger og lovgivning<\/em><\/strong><\/h3>\n<p style=\"text-align: left;\">N\u00e5r man s\u00e6lger en ejendom, skal s\u00e6lgeren bestille en teknisk vurdering af ejendommen \u2013 \u201cdiagnostik\u201d. Dette giver en redeg\u00f8relse for den n\u00f8jagtige overfladem\u00e5ling af ejendommen (hvis ejendommen er en del af et boligf\u00e6llesskab), energiforbrug, vurdering af naturlige risici i omr\u00e5det,<br \/>\ndet elektriske systems tilstand, gasinstallation, og hvis der er er spor af bly, asbest eller termitter i ejendommen. Ejeren skal ligeledes kunne fremvise gyldig ejerskabsattest og bevis for ejendomsskat. Dette vil svare til en tilstandsrapport i Danmark.<\/p>\n<p style=\"text-align: left;\">Derudover skal du, n\u00e5r du s\u00e6lger en ejendom og er en del af et boligselskab, v\u00e6re i stand til at give oplysninger om foreningens gebyrer, dets vedt\u00e6gter og protokol fra de tre seneste \u00e5rsm\u00f8der.<\/p>\n<p>[\/vc_column_text][\/vc_column][vc_column width=&#8221;1\/2&#8243;][vc_single_image image=&#8221;22241&#8243; img_size=&#8221;large&#8221;][\/vc_column][\/vc_row][vc_row el_class=&#8221;bloc-padding&#8221; css=&#8221;.vc_custom_1579691621837{padding-top: 20px !important;padding-bottom: 20px !important;}&#8221;][vc_column width=&#8221;1\/2&#8243;][vc_single_image image=&#8221;18475&#8243; img_size=&#8221;large&#8221;][\/vc_column][vc_column width=&#8221;1\/2&#8243;][vc_column_text]<\/p>\n<h3><em><strong>3)<\/strong> <b>Budgivning &#8211; &#8220;Intention d&#8217;achat&#8221;<\/b><\/em><\/h3>\n<p>I Frankrig byder man enten den anf\u00f8rte pris eller under den. S\u00e6lgeren er forpligtet til at s\u00e6lge, hvis k\u00f8berens tilbud stemmer overens med den anf\u00f8rte pris og salgsordren. N\u00e5r man giver et tilbud, bekr\u00e6fter man normalvis skriftligt med det, der kaldes et \u201clettre d\u2019intention d\u2019achat\u201d. Ved dette stadie af salgsprocessen er buddet endnu ikke bindende for k\u00f8beren.<\/p>\n<p>S\u00e6lgeren skal n\u00f8je overveje alle vilk\u00e5r, inden han accepterer et tilbud, da en skriftlig accept betyder, at han er forpligtet til at s\u00e6lge. K\u00f8beren kan s\u00e5ledes senere ans\u00f8ge om erstatning, hvis s\u00e6lgeren n\u00e6gter at s\u00e6lge ejendommen. Dog kan k\u00f8beren tr\u00e6kke sig tilbage, selv efter et tilbud er accepteret.[\/vc_column_text][\/vc_column][\/vc_row][vc_row el_class=&#8221;bloc-padding&#8221; css=&#8221;.vc_custom_1579766739980{padding-top: 20px !important;padding-bottom: 20px !important;}&#8221;][vc_column width=&#8221;1\/2&#8243;][vc_column_text]<\/p>\n<h3><strong><em>4)<\/em> <em>V\u00e6lg din notar<\/em><\/strong><\/h3>\n<p>Notaren er en juridisk kvalificeret embedsmand, der udarbejder dokumenter, kontrollerer og er ansvarlig for registreringen af \u200b\u200bsalget. Franskm\u00e6nd har ofte den samme notar gennem hele livet, da han kan r\u00e5dgive om sp\u00f8rgsm\u00e5l vedr\u00f8rende arveafgift og lignende. Ofte er k\u00f8bere og s\u00e6lgere repr\u00e6senteret af deres egne notarer, som derefter deler gebyret uden at \u00f8ge omkostningerne<\/p>\n<p>Notarer er objektive og forventes at v\u00e6re neutrale, og deres endelige ansvar ligger foran den franske justitsminister. Notargebyret, ogs\u00e5 kaldet anskaffelsesomkostninger, inkluderer forskellige skatter og afgifter s\u00e5som stempelafgift og forsendelsesomkostninger. Den udg\u00f8r ca. 7,5% af k\u00f8bsprisen p\u00e5 eksisterende varer og 2,5% af den nye produktion. Notargebyret betales af k\u00f8beren.<\/p>\n<p>Wretman Estate samarbejder med flere p\u00e5lidelige engelsktalende notarer[\/vc_column_text][\/vc_column][vc_column width=&#8221;1\/2&#8243;][vc_single_image image=&#8221;22248&#8243; img_size=&#8221;large&#8221;][\/vc_column][\/vc_row][vc_row el_class=&#8221;bloc-padding&#8221; css=&#8221;.vc_custom_1579766750080{padding-top: 20px !important;padding-bottom: 20px !important;}&#8221;][vc_column width=&#8221;1\/2&#8243;][vc_single_image image=&#8221;18479&#8243; img_size=&#8221;large&#8221;][\/vc_column][vc_column width=&#8221;1\/2&#8243;][vc_column_text]<\/p>\n<h3><em><strong><i>5) Den forberedende kontrakt &#8211; &#8220;Compromis de vente&#8221;<\/i><\/strong><\/em><\/h3>\n<p>Den forberedende kontrakt er udarbejdet af en notar eller ejendomsm\u00e6gler og inkluderer alle salgsbetingelserne. Dette skal v\u00e6re meget pr\u00e6cist, da det er grundlaget for den endelige aftale.<\/p>\n<p>Den forberedende kontrakt indeholder alle k\u00f8bsbetingelser, s\u00e5som l\u00e5neklausul, dato for overtagelse, mulig liste over m\u00f8bler, der skal medtages i k\u00f8bet, information om gebyrer og boligforeningen. Den beskriver ogs\u00e5, under hvilke omst\u00e6ndigheder kontrakten kan brydes uden sanktioner. Dette kan for<br \/>\neksempel v\u00e6re, at ejendommen har begr\u00e6nsninger for byggetilladelse, eller hvis k\u00f8bernes pant ikke ville blive ydet. Underskrives denne aftale er det herefter bindende for s\u00e6lgeren.<\/p>\n<p>M\u00e6gleren skal n\u00f8je f\u00f8lge op p\u00e5, at alle de n\u00f8dvendige punkter er inkluderet, og at aftalen ikke indeholder klausuler, der p\u00e5virker s\u00e6lgeren negativt.[\/vc_column_text][\/vc_column][\/vc_row][vc_row el_class=&#8221;bloc-padding&#8221; css=&#8221;.vc_custom_1579691651925{padding-top: 20px !important;padding-bottom: 20px !important;}&#8221;][vc_column width=&#8221;1\/2&#8243;][vc_column_text]<\/p>\n<h3><strong><em>6) Udbetaling og forudbetaling<\/em><\/strong><\/h3>\n<p>K\u00f8beren er berettiget til at tr\u00e6kke sig tilbage fra k\u00f8bet gratis inden for 10 dage, efter han har underskrevet og modtaget en kopi af den forberedende kontrakt med vedh\u00e6ftede filer.<\/p>\n<p>En vigtig bem\u00e6rkelse er, at de 10 dage starter, efter at k\u00f8beren har modtaget alle vedh\u00e6ftede filer, der vedr\u00f8rer ejendommen, s\u00e5 det er ikke nok kun at have underskrevet den forberedende kontrakt. Derefter er fortrydelsesfristen udl\u00f8bet.<\/p>\n<p>Udbetalingen p\u00e5 mellem 5 og 10% deponeres p\u00e5 en deponeringskonto, der administreres af notaren. Indenfor senest 10 dage skal notaren efter underskrivelsen af \u200b\u200bden forberedende kontrakt forudsat, at k\u00f8beren \u00f8nsker at gennemf\u00f8re k\u00f8bet.[\/vc_column_text][\/vc_column][vc_column width=&#8221;1\/2&#8243;][vc_single_image image=&#8221;18467&#8243; img_size=&#8221;large&#8221;][\/vc_column][\/vc_row][vc_row el_class=&#8221;bloc-padding&#8221; css=&#8221;.vc_custom_1579691661172{padding-top: 20px !important;padding-bottom: 20px !important;}&#8221;][vc_column width=&#8221;1\/2&#8243;][vc_single_image image=&#8221;18495&#8243; img_size=&#8221;large&#8221;][\/vc_column][vc_column width=&#8221;1\/2&#8243;][vc_column_text el_class=&#8221;txt_center&#8221;]<\/p>\n<h3 style=\"text-align: left;\"><strong><em>7) Endelige kontrakt\/sk\u00f8de &#8211; \u201cActe authentique de vente\u201d<\/em><\/strong><\/h3>\n<p style=\"text-align: left;\">N\u00e5r notaren har gennemf\u00f8rt alle inspektioner og f\u00e5et alle de n\u00f8dvendige oplysninger om byplanl\u00e6gning og eventuelle prioritetsl\u00e5n p\u00e5 ejendommen, kan den endelige k\u00f8bskontrakt, ogs\u00e5 kaldet &#8220;&#8221;Acte authentique de vente&#8221;&#8221;, underskrives. Det tager normalt to til tre m\u00e5neder mellem underskrivelsen af \u200b\u200b&#8221;&#8221;Compromis de Vente&#8221;&#8221; og &#8220;&#8221;Acte authentique de vente&#8221;&#8221;.<\/p>\n<p style=\"text-align: left;\">P\u00e5 dagen for den endelige underskrevet kontrakt sikrer notaren, at det samlede bel\u00f8b er modtaget p\u00e5 deponeringskontoen.<\/p>\n<p style=\"text-align: left;\">Overtagelsen sker samme dag som underskrivelsen af \u200b\u200bkontrakten, derfor skal ejendommen forlades inden underskrivelsen.<\/p>\n<p style=\"text-align: left;\">N\u00e5r kontrakten er underskrevet, overlades n\u00f8gler, og begge parter modtager et skriftligt bevis p\u00e5 handelen.<\/p>\n<p>[\/vc_column_text][\/vc_column][\/vc_row][vc_row el_class=&#8221;bloc-padding red_links&#8221; css=&#8221;.vc_custom_1593529171851{padding-top: 20px !important;padding-bottom: 20px !important;}&#8221;][vc_column width=&#8221;1\/2&#8243;][vc_column_text el_class=&#8221;txt_center&#8221;]<\/p>\n<h3 style=\"text-align: left;\"><em><strong><i>8) Betalinger og skatter<\/i><\/strong><\/em><\/h3>\n<p style=\"text-align: left;\">Notaren overf\u00f8rer det fulde bel\u00f8b til s\u00e6lgeren efter, at kontrakten er underskrevet. Det er ogs\u00e5 notaren, der h\u00e5ndterer alle transaktioner i forbindelse med salget; potentiel kapitalgevinstskat, omkostninger til opstilling af nye l\u00e5n og m\u00e6glergebyrer, hvilket ogs\u00e5 overf\u00f8res p\u00e5 samme dag som underskrivelsen af kontrakten.<\/p>\n<p style=\"text-align: left;\">M\u00e6gleren har ikke lov til at modtage salgsprovisionen f\u00f8r, at den endelige k\u00f8bskontrakt er underskrevet.<\/p>\n<p style=\"text-align: left;\">Ejendomsm\u00e6glerne hos Wretman Estate kan hj\u00e6lpe dig med at beregne kapitalgevinsterne f\u00f8r salget.<\/p>\n<p>[\/vc_column_text][\/vc_column][vc_column width=&#8221;1\/2&#8243;][vc_single_image image=&#8221;18471&#8243; img_size=&#8221;large&#8221;][\/vc_column][\/vc_row][vc_row el_class=&#8221;bloc-padding red_links&#8221; css=&#8221;.vc_custom_1593509159957{padding-top: 20px !important;padding-bottom: 20px !important;}&#8221;][vc_column width=&#8221;1\/2&#8243;][vc_single_image image=&#8221;18483&#8243; img_size=&#8221;large&#8221;][\/vc_column][vc_column width=&#8221;1\/2&#8243;][vc_column_text]<\/p>\n<h3><strong><em>9) Tinglysning<\/em><\/strong><\/h3>\n<p>Notaren registrerer salget. Den endelige afregning foretages nogle m\u00e5neder efter salget i forbindelse med indhentning af kopien af \u200b\u200bden juridiske handling samt kopi af \u201c\u201dauthentique de l\u2019acte de vente\u201d\u201d, som sendes via posten til k\u00f8beren.<\/p>\n<p>Du er altid velkommen til at <a href=\"\/dk\/kontakt\/\">kontakte os<\/a> hvis du har yderligere sp\u00f8rgsm\u00e5l ang\u00e5ende salgsprocessen.[\/vc_column_text][\/vc_column][\/vc_row]<\/p>\n<\/div>","protected":false},"excerpt":{"rendered":"<p>[vc_row full_width=&#8221;stretch_row_content_no_spaces&#8221; content_placement=&#8221;bottom&#8221; css=&#8221;.vc_custom_1586938177390{background-image: url(https:\/\/www.wretmanestate.com\/wp-content\/uploads\/2019\/11\/new-banner.jpg?id=3444) !important;background-position: center !important;background-repeat: no-repeat !important;background-size: cover !important;}&#8221; el_class=&#8221;bloc-title small&#8221;][vc_column][vc_column_text el_class=&#8221;sous-titre-page&#8221;]Wretman Estate er til r\u00e5dighed gennem hele forl\u00f8bet[\/vc_column_text][\/vc_column][\/vc_row][vc_row el_class=&#8221;bloc-padding red_links&#8221; css=&#8221;.vc_custom_1581411509559{padding-top: 20px !important;padding-bottom: 20px !important;}&#8221;][vc_column width=&#8221;1\/2&#8243;][vc_column_text el_class=&#8221;txt_center&#8221;] SALGSPROCESSEN At have en trov\u00e6rdig engelsktalende ejendomsm\u00e6gler, kan v\u00e6re yderst vigtigt for de fleste udenlandske s\u00e6lgere under en salgsproces. En p\u00e5lidelig m\u00e6gler er en, [&hellip;]<\/p>\n","protected":false},"author":23,"featured_media":0,"parent":154436,"menu_order":0,"comment_status":"closed","ping_status":"closed","template":"page_full-width.php","meta":{"_acf_changed":false,"content-type":"","_monsterinsights_skip_tracking":false,"_monsterinsights_sitenote_active":false,"_monsterinsights_sitenote_note":"","_monsterinsights_sitenote_category":0,"footnotes":""},"class_list":["post-154650","page","type-page","status-publish","hentry"],"acf":[],"yoast_head":"<!-- This site is optimized with the Yoast SEO plugin v27.5 - https:\/\/yoast.com\/product\/yoast-seo-wordpress\/ -->\n<title>Vi forklarer om salgsprocessen i Frankrig - Wretman Estate<\/title>\n<meta name=\"description\" content=\"Wretman Estate&#039;s m\u00e6glere er eksperter i salgsprocessen. Denne guide forklarer alle punkterne, n\u00e5r man s\u00e6lger en ejendom i Frankrig.\" \/>\n<meta name=\"robots\" content=\"index, follow, max-snippet:-1, max-image-preview:large, max-video-preview:-1\" \/>\n<link rel=\"canonical\" href=\"https:\/\/www.wretmanestate.com\/dk\/til-salg-franske-riviera\/salgsprocessen\/\" \/>\n<meta property=\"og:locale\" content=\"en_US\" \/>\n<meta property=\"og:type\" content=\"article\" \/>\n<meta property=\"og:title\" content=\"Vi forklarer om salgsprocessen i Frankrig - Wretman Estate\" \/>\n<meta property=\"og:description\" content=\"Wretman Estate&#039;s m\u00e6glere er eksperter i salgsprocessen. Denne guide forklarer alle punkterne, n\u00e5r man s\u00e6lger en ejendom i Frankrig.\" \/>\n<meta property=\"og:url\" content=\"https:\/\/www.wretmanestate.com\/dk\/til-salg-franske-riviera\/salgsprocessen\/\" \/>\n<meta property=\"og:site_name\" content=\"Wretman Estate\" \/>\n<meta property=\"article:modified_time\" content=\"2022-08-25T14:11:36+00:00\" \/>\n<meta name=\"twitter:card\" content=\"summary_large_image\" \/>\n<meta name=\"twitter:label1\" content=\"Est. reading time\" \/>\n\t<meta name=\"twitter:data1\" content=\"5 minutes\" \/>\n<script type=\"application\/ld+json\" class=\"yoast-schema-graph\">{\"@context\":\"https:\\\/\\\/schema.org\",\"@graph\":[{\"@type\":\"WebPage\",\"@id\":\"https:\\\/\\\/www.wretmanestate.com\\\/dk\\\/til-salg-franske-riviera\\\/salgsprocessen\\\/\",\"url\":\"https:\\\/\\\/www.wretmanestate.com\\\/dk\\\/til-salg-franske-riviera\\\/salgsprocessen\\\/\",\"name\":\"Vi forklarer om salgsprocessen i Frankrig - Wretman Estate\",\"isPartOf\":{\"@id\":\"https:\\\/\\\/www.wretmanestate.com\\\/dk\\\/#website\"},\"datePublished\":\"2019-12-13T13:02:09+00:00\",\"dateModified\":\"2022-08-25T14:11:36+00:00\",\"description\":\"Wretman Estate's m\u00e6glere er eksperter i salgsprocessen. Denne guide forklarer alle punkterne, n\u00e5r man s\u00e6lger en ejendom i Frankrig.\",\"breadcrumb\":{\"@id\":\"https:\\\/\\\/www.wretmanestate.com\\\/dk\\\/til-salg-franske-riviera\\\/salgsprocessen\\\/#breadcrumb\"},\"inLanguage\":\"da-DK\",\"potentialAction\":[{\"@type\":\"ReadAction\",\"target\":[\"https:\\\/\\\/www.wretmanestate.com\\\/dk\\\/til-salg-franske-riviera\\\/salgsprocessen\\\/\"]}]},{\"@type\":\"BreadcrumbList\",\"@id\":\"https:\\\/\\\/www.wretmanestate.com\\\/dk\\\/til-salg-franske-riviera\\\/salgsprocessen\\\/#breadcrumb\",\"itemListElement\":[{\"@type\":\"ListItem\",\"position\":1,\"name\":\"Accueil\",\"item\":\"https:\\\/\\\/www.wretmanestate.com\\\/dk\\\/\"},{\"@type\":\"ListItem\",\"position\":2,\"name\":\"Til salg\",\"item\":\"https:\\\/\\\/www.wretmanestate.com\\\/dk\\\/til-salg-franske-riviera\\\/\"},{\"@type\":\"ListItem\",\"position\":3,\"name\":\"Salgsprocessen\"}]},{\"@type\":\"WebSite\",\"@id\":\"https:\\\/\\\/www.wretmanestate.com\\\/dk\\\/#website\",\"url\":\"https:\\\/\\\/www.wretmanestate.com\\\/dk\\\/\",\"name\":\"Wretman Estate\",\"description\":\"Immobilier sur la C\u00f4te d&#039;Azur et la Provence\",\"publisher\":{\"@id\":\"https:\\\/\\\/www.wretmanestate.com\\\/dk\\\/#organization\"},\"potentialAction\":[{\"@type\":\"SearchAction\",\"target\":{\"@type\":\"EntryPoint\",\"urlTemplate\":\"https:\\\/\\\/www.wretmanestate.com\\\/dk\\\/?s={search_term_string}\"},\"query-input\":{\"@type\":\"PropertyValueSpecification\",\"valueRequired\":true,\"valueName\":\"search_term_string\"}}],\"inLanguage\":\"da-DK\"},{\"@type\":\"Organization\",\"@id\":\"https:\\\/\\\/www.wretmanestate.com\\\/dk\\\/#organization\",\"name\":\"WRETMAN ESTATE\",\"url\":\"https:\\\/\\\/www.wretmanestate.com\\\/dk\\\/\",\"logo\":{\"@type\":\"ImageObject\",\"inLanguage\":\"da-DK\",\"@id\":\"https:\\\/\\\/www.wretmanestate.com\\\/dk\\\/#\\\/schema\\\/logo\\\/image\\\/\",\"url\":\"\",\"contentUrl\":\"\",\"caption\":\"WRETMAN ESTATE\"},\"image\":{\"@id\":\"https:\\\/\\\/www.wretmanestate.com\\\/dk\\\/#\\\/schema\\\/logo\\\/image\\\/\"}}]}<\/script>\n<!-- \/ Yoast SEO plugin. -->","yoast_head_json":{"title":"Vi forklarer om salgsprocessen i Frankrig - Wretman Estate","description":"Wretman Estate's m\u00e6glere er eksperter i salgsprocessen. Denne guide forklarer alle punkterne, n\u00e5r man s\u00e6lger en ejendom i Frankrig.","robots":{"index":"index","follow":"follow","max-snippet":"max-snippet:-1","max-image-preview":"max-image-preview:large","max-video-preview":"max-video-preview:-1"},"canonical":"https:\/\/www.wretmanestate.com\/dk\/til-salg-franske-riviera\/salgsprocessen\/","og_locale":"en_US","og_type":"article","og_title":"Vi forklarer om salgsprocessen i Frankrig - Wretman Estate","og_description":"Wretman Estate's m\u00e6glere er eksperter i salgsprocessen. Denne guide forklarer alle punkterne, n\u00e5r man s\u00e6lger en ejendom i Frankrig.","og_url":"https:\/\/www.wretmanestate.com\/dk\/til-salg-franske-riviera\/salgsprocessen\/","og_site_name":"Wretman Estate","article_modified_time":"2022-08-25T14:11:36+00:00","twitter_card":"summary_large_image","twitter_misc":{"Est. reading time":"5 minutes"},"schema":{"@context":"https:\/\/schema.org","@graph":[{"@type":"WebPage","@id":"https:\/\/www.wretmanestate.com\/dk\/til-salg-franske-riviera\/salgsprocessen\/","url":"https:\/\/www.wretmanestate.com\/dk\/til-salg-franske-riviera\/salgsprocessen\/","name":"Vi forklarer om salgsprocessen i Frankrig - Wretman Estate","isPartOf":{"@id":"https:\/\/www.wretmanestate.com\/dk\/#website"},"datePublished":"2019-12-13T13:02:09+00:00","dateModified":"2022-08-25T14:11:36+00:00","description":"Wretman Estate's m\u00e6glere er eksperter i salgsprocessen. Denne guide forklarer alle punkterne, n\u00e5r man s\u00e6lger en ejendom i Frankrig.","breadcrumb":{"@id":"https:\/\/www.wretmanestate.com\/dk\/til-salg-franske-riviera\/salgsprocessen\/#breadcrumb"},"inLanguage":"da-DK","potentialAction":[{"@type":"ReadAction","target":["https:\/\/www.wretmanestate.com\/dk\/til-salg-franske-riviera\/salgsprocessen\/"]}]},{"@type":"BreadcrumbList","@id":"https:\/\/www.wretmanestate.com\/dk\/til-salg-franske-riviera\/salgsprocessen\/#breadcrumb","itemListElement":[{"@type":"ListItem","position":1,"name":"Accueil","item":"https:\/\/www.wretmanestate.com\/dk\/"},{"@type":"ListItem","position":2,"name":"Til salg","item":"https:\/\/www.wretmanestate.com\/dk\/til-salg-franske-riviera\/"},{"@type":"ListItem","position":3,"name":"Salgsprocessen"}]},{"@type":"WebSite","@id":"https:\/\/www.wretmanestate.com\/dk\/#website","url":"https:\/\/www.wretmanestate.com\/dk\/","name":"Wretman Estate","description":"Immobilier sur la C\u00f4te d&#039;Azur et la Provence","publisher":{"@id":"https:\/\/www.wretmanestate.com\/dk\/#organization"},"potentialAction":[{"@type":"SearchAction","target":{"@type":"EntryPoint","urlTemplate":"https:\/\/www.wretmanestate.com\/dk\/?s={search_term_string}"},"query-input":{"@type":"PropertyValueSpecification","valueRequired":true,"valueName":"search_term_string"}}],"inLanguage":"da-DK"},{"@type":"Organization","@id":"https:\/\/www.wretmanestate.com\/dk\/#organization","name":"WRETMAN ESTATE","url":"https:\/\/www.wretmanestate.com\/dk\/","logo":{"@type":"ImageObject","inLanguage":"da-DK","@id":"https:\/\/www.wretmanestate.com\/dk\/#\/schema\/logo\/image\/","url":"","contentUrl":"","caption":"WRETMAN ESTATE"},"image":{"@id":"https:\/\/www.wretmanestate.com\/dk\/#\/schema\/logo\/image\/"}}]}},"_links":{"self":[{"href":"https:\/\/www.wretmanestate.com\/dk\/wp-json\/wp\/v2\/pages\/154650","targetHints":{"allow":["GET"]}}],"collection":[{"href":"https:\/\/www.wretmanestate.com\/dk\/wp-json\/wp\/v2\/pages"}],"about":[{"href":"https:\/\/www.wretmanestate.com\/dk\/wp-json\/wp\/v2\/types\/page"}],"author":[{"embeddable":true,"href":"https:\/\/www.wretmanestate.com\/dk\/wp-json\/wp\/v2\/users\/23"}],"replies":[{"embeddable":true,"href":"https:\/\/www.wretmanestate.com\/dk\/wp-json\/wp\/v2\/comments?post=154650"}],"version-history":[{"count":13,"href":"https:\/\/www.wretmanestate.com\/dk\/wp-json\/wp\/v2\/pages\/154650\/revisions"}],"predecessor-version":[{"id":324630,"href":"https:\/\/www.wretmanestate.com\/dk\/wp-json\/wp\/v2\/pages\/154650\/revisions\/324630"}],"up":[{"embeddable":true,"href":"https:\/\/www.wretmanestate.com\/dk\/wp-json\/wp\/v2\/pages\/154436"}],"wp:attachment":[{"href":"https:\/\/www.wretmanestate.com\/dk\/wp-json\/wp\/v2\/media?parent=154650"}],"curies":[{"name":"wp","href":"https:\/\/api.w.org\/{rel}","templated":true}]}}