{"id":155522,"date":"2020-06-03T11:46:33","date_gmt":"2020-06-03T09:46:33","guid":{"rendered":"https:\/\/www.wretmanestate.com\/terrasses-vue-mer\/"},"modified":"2020-11-25T03:31:30","modified_gmt":"2020-11-25T02:31:30","slug":"terrasse-med-havudsigt","status":"publish","type":"page","link":"https:\/\/www.wretmanestate.com\/dk\/koeb-franske-riviera\/terrasse-med-havudsigt\/","title":{"rendered":"Terrasse med havudsigt"},"content":{"rendered":"<div class=\"wpb-content-wrapper\"><p>[vc_row full_width=&#8221;stretch_row_content_no_spaces&#8221; content_placement=&#8221;bottom&#8221; css=&#8221;.vc_custom_1586947588943{background-image: url(https:\/\/www.wretmanestate.com\/wp-content\/uploads\/2019\/11\/new-banner.jpg?id=3444) !important;background-position: center !important;background-repeat: no-repeat !important;background-size: cover !important;}&#8221; el_class=&#8221;bloc-title very-small&#8221;][vc_column]<div class=\" \">\r\n\t\r\n        <div class=\"mh-heading-wrapper\">\r\n            <h1            class=\"mh-heading mh-color-white mh-heading--bottom-separator   \"\r\n            style=\"font-weight:700;\">\r\n\t\t\tTerrasse med havudsigt        <\/h1>\r\n\r\n\t\t    <\/div>\r\n\r\n\t<\/div>[\/vc_column][\/vc_row][vc_row el_class=&#8221;form_vente&#8221;][vc_column css=&#8221;.vc_custom_1586947602455{padding-top: 0px !important;}&#8221;]\t\t<listing-grid\r\n\t\t\tid=\"myhome-listing-grid\"\r\n\t\t\tclass=\"\"\r\n\t\t\tconfig-key='MyHomeListing1777649563'\r\n\t\t>\r\n\t\t\t\t\t<\/listing-grid>\r\n\t\t[\/vc_column][\/vc_row]<\/p>\n<\/div>","protected":false},"excerpt":{"rendered":"<p>[vc_row full_width=&#8221;stretch_row_content_no_spaces&#8221; content_placement=&#8221;bottom&#8221; css=&#8221;.vc_custom_1586947588943{background-image: url(https:\/\/www.wretmanestate.com\/wp-content\/uploads\/2019\/11\/new-banner.jpg?id=3444) !important;background-position: center !important;background-repeat: no-repeat !important;background-size: cover !important;}&#8221; el_class=&#8221;bloc-title very-small&#8221;][vc_column][\/vc_column][\/vc_row][vc_row el_class=&#8221;form_vente&#8221;][vc_column css=&#8221;.vc_custom_1586947602455{padding-top: 0px !important;}&#8221;][\/vc_column][\/vc_row]<\/p>\n","protected":false},"author":1,"featured_media":0,"parent":154364,"menu_order":0,"comment_status":"closed","ping_status":"closed","template":"page_full-width.php","meta":{"_acf_changed":false,"content-type":"","_monsterinsights_skip_tracking":false,"_monsterinsights_sitenote_active":false,"_monsterinsights_sitenote_note":"","_monsterinsights_sitenote_category":0,"footnotes":""},"class_list":["post-155522","page","type-page","status-publish","hentry"],"acf":[],"yoast_head":"<!-- This site is optimized with the Yoast SEO plugin v27.5 - https:\/\/yoast.com\/product\/yoast-seo-wordpress\/ -->\n<title>Terrasse med havudsigt - huse til salg i Sydfrankrig- Wretman Estate<\/title>\n<meta name=\"description\" content=\"\u00d8nsker du at k\u00f8be en ejendom med terrasse og havudsigt? Vi tilbyder huse og lejligheder til salg p\u00e5 den franske riviera og Provence.\" \/>\n<meta name=\"robots\" content=\"index, follow, max-snippet:-1, max-image-preview:large, max-video-preview:-1\" \/>\n<link rel=\"canonical\" href=\"https:\/\/www.wretmanestate.com\/dk\/koeb-franske-riviera\/terrasse-med-havudsigt\/\" \/>\n<meta property=\"og:locale\" content=\"en_US\" \/>\n<meta property=\"og:type\" content=\"article\" \/>\n<meta property=\"og:title\" content=\"Terrasse med havudsigt - huse til salg i Sydfrankrig- Wretman Estate\" \/>\n<meta property=\"og:description\" content=\"\u00d8nsker du at k\u00f8be en ejendom med terrasse og havudsigt? Vi tilbyder huse og lejligheder til salg p\u00e5 den franske riviera og Provence.\" \/>\n<meta property=\"og:url\" content=\"https:\/\/www.wretmanestate.com\/dk\/koeb-franske-riviera\/terrasse-med-havudsigt\/\" \/>\n<meta property=\"og:site_name\" content=\"Wretman Estate\" \/>\n<meta property=\"article:modified_time\" content=\"2020-11-25T02:31:30+00:00\" \/>\n<meta name=\"twitter:card\" content=\"summary_large_image\" \/>\n<meta name=\"twitter:label1\" content=\"Est. reading time\" \/>\n\t<meta name=\"twitter:data1\" content=\"2 minutes\" \/>\n<script type=\"application\/ld+json\" class=\"yoast-schema-graph\">{\"@context\":\"https:\\\/\\\/schema.org\",\"@graph\":[{\"@type\":\"WebPage\",\"@id\":\"https:\\\/\\\/www.wretmanestate.com\\\/dk\\\/koeb-franske-riviera\\\/terrasse-med-havudsigt\\\/\",\"url\":\"https:\\\/\\\/www.wretmanestate.com\\\/dk\\\/koeb-franske-riviera\\\/terrasse-med-havudsigt\\\/\",\"name\":\"Terrasse med havudsigt - huse til salg i Sydfrankrig- Wretman Estate\",\"isPartOf\":{\"@id\":\"https:\\\/\\\/www.wretmanestate.com\\\/dk\\\/#website\"},\"datePublished\":\"2020-06-03T09:46:33+00:00\",\"dateModified\":\"2020-11-25T02:31:30+00:00\",\"description\":\"\u00d8nsker du at k\u00f8be en ejendom med terrasse og havudsigt? Vi tilbyder huse og lejligheder til salg p\u00e5 den franske riviera og Provence.\",\"breadcrumb\":{\"@id\":\"https:\\\/\\\/www.wretmanestate.com\\\/dk\\\/koeb-franske-riviera\\\/terrasse-med-havudsigt\\\/#breadcrumb\"},\"inLanguage\":\"da-DK\",\"potentialAction\":[{\"@type\":\"ReadAction\",\"target\":[\"https:\\\/\\\/www.wretmanestate.com\\\/dk\\\/koeb-franske-riviera\\\/terrasse-med-havudsigt\\\/\"]}]},{\"@type\":\"BreadcrumbList\",\"@id\":\"https:\\\/\\\/www.wretmanestate.com\\\/dk\\\/koeb-franske-riviera\\\/terrasse-med-havudsigt\\\/#breadcrumb\",\"itemListElement\":[{\"@type\":\"ListItem\",\"position\":1,\"name\":\"Accueil\",\"item\":\"https:\\\/\\\/www.wretmanestate.com\\\/dk\\\/\"},{\"@type\":\"ListItem\",\"position\":2,\"name\":\"K\u00f8b\",\"item\":\"https:\\\/\\\/www.wretmanestate.com\\\/dk\\\/koeb-franske-riviera\\\/\"},{\"@type\":\"ListItem\",\"position\":3,\"name\":\"Terrasse med havudsigt\"}]},{\"@type\":\"WebSite\",\"@id\":\"https:\\\/\\\/www.wretmanestate.com\\\/dk\\\/#website\",\"url\":\"https:\\\/\\\/www.wretmanestate.com\\\/dk\\\/\",\"name\":\"Wretman Estate\",\"description\":\"Immobilier sur la C\u00f4te d&#039;Azur et la Provence\",\"publisher\":{\"@id\":\"https:\\\/\\\/www.wretmanestate.com\\\/dk\\\/#organization\"},\"potentialAction\":[{\"@type\":\"SearchAction\",\"target\":{\"@type\":\"EntryPoint\",\"urlTemplate\":\"https:\\\/\\\/www.wretmanestate.com\\\/dk\\\/?s={search_term_string}\"},\"query-input\":{\"@type\":\"PropertyValueSpecification\",\"valueRequired\":true,\"valueName\":\"search_term_string\"}}],\"inLanguage\":\"da-DK\"},{\"@type\":\"Organization\",\"@id\":\"https:\\\/\\\/www.wretmanestate.com\\\/dk\\\/#organization\",\"name\":\"WRETMAN ESTATE\",\"url\":\"https:\\\/\\\/www.wretmanestate.com\\\/dk\\\/\",\"logo\":{\"@type\":\"ImageObject\",\"inLanguage\":\"da-DK\",\"@id\":\"https:\\\/\\\/www.wretmanestate.com\\\/dk\\\/#\\\/schema\\\/logo\\\/image\\\/\",\"url\":\"\",\"contentUrl\":\"\",\"caption\":\"WRETMAN ESTATE\"},\"image\":{\"@id\":\"https:\\\/\\\/www.wretmanestate.com\\\/dk\\\/#\\\/schema\\\/logo\\\/image\\\/\"}}]}<\/script>\n<!-- \/ Yoast SEO plugin. -->","yoast_head_json":{"title":"Terrasse med havudsigt - huse til salg i Sydfrankrig- Wretman Estate","description":"\u00d8nsker du at k\u00f8be en ejendom med terrasse og havudsigt? Vi tilbyder huse og lejligheder til salg p\u00e5 den franske riviera og Provence.","robots":{"index":"index","follow":"follow","max-snippet":"max-snippet:-1","max-image-preview":"max-image-preview:large","max-video-preview":"max-video-preview:-1"},"canonical":"https:\/\/www.wretmanestate.com\/dk\/koeb-franske-riviera\/terrasse-med-havudsigt\/","og_locale":"en_US","og_type":"article","og_title":"Terrasse med havudsigt - huse til salg i Sydfrankrig- Wretman Estate","og_description":"\u00d8nsker du at k\u00f8be en ejendom med terrasse og havudsigt? Vi tilbyder huse og lejligheder til salg p\u00e5 den franske riviera og Provence.","og_url":"https:\/\/www.wretmanestate.com\/dk\/koeb-franske-riviera\/terrasse-med-havudsigt\/","og_site_name":"Wretman Estate","article_modified_time":"2020-11-25T02:31:30+00:00","twitter_card":"summary_large_image","twitter_misc":{"Est. reading time":"2 minutes"},"schema":{"@context":"https:\/\/schema.org","@graph":[{"@type":"WebPage","@id":"https:\/\/www.wretmanestate.com\/dk\/koeb-franske-riviera\/terrasse-med-havudsigt\/","url":"https:\/\/www.wretmanestate.com\/dk\/koeb-franske-riviera\/terrasse-med-havudsigt\/","name":"Terrasse med havudsigt - huse til salg i Sydfrankrig- Wretman Estate","isPartOf":{"@id":"https:\/\/www.wretmanestate.com\/dk\/#website"},"datePublished":"2020-06-03T09:46:33+00:00","dateModified":"2020-11-25T02:31:30+00:00","description":"\u00d8nsker du at k\u00f8be en ejendom med terrasse og havudsigt? Vi tilbyder huse og lejligheder til salg p\u00e5 den franske riviera og Provence.","breadcrumb":{"@id":"https:\/\/www.wretmanestate.com\/dk\/koeb-franske-riviera\/terrasse-med-havudsigt\/#breadcrumb"},"inLanguage":"da-DK","potentialAction":[{"@type":"ReadAction","target":["https:\/\/www.wretmanestate.com\/dk\/koeb-franske-riviera\/terrasse-med-havudsigt\/"]}]},{"@type":"BreadcrumbList","@id":"https:\/\/www.wretmanestate.com\/dk\/koeb-franske-riviera\/terrasse-med-havudsigt\/#breadcrumb","itemListElement":[{"@type":"ListItem","position":1,"name":"Accueil","item":"https:\/\/www.wretmanestate.com\/dk\/"},{"@type":"ListItem","position":2,"name":"K\u00f8b","item":"https:\/\/www.wretmanestate.com\/dk\/koeb-franske-riviera\/"},{"@type":"ListItem","position":3,"name":"Terrasse med havudsigt"}]},{"@type":"WebSite","@id":"https:\/\/www.wretmanestate.com\/dk\/#website","url":"https:\/\/www.wretmanestate.com\/dk\/","name":"Wretman Estate","description":"Immobilier sur la C\u00f4te d&#039;Azur et la Provence","publisher":{"@id":"https:\/\/www.wretmanestate.com\/dk\/#organization"},"potentialAction":[{"@type":"SearchAction","target":{"@type":"EntryPoint","urlTemplate":"https:\/\/www.wretmanestate.com\/dk\/?s={search_term_string}"},"query-input":{"@type":"PropertyValueSpecification","valueRequired":true,"valueName":"search_term_string"}}],"inLanguage":"da-DK"},{"@type":"Organization","@id":"https:\/\/www.wretmanestate.com\/dk\/#organization","name":"WRETMAN ESTATE","url":"https:\/\/www.wretmanestate.com\/dk\/","logo":{"@type":"ImageObject","inLanguage":"da-DK","@id":"https:\/\/www.wretmanestate.com\/dk\/#\/schema\/logo\/image\/","url":"","contentUrl":"","caption":"WRETMAN ESTATE"},"image":{"@id":"https:\/\/www.wretmanestate.com\/dk\/#\/schema\/logo\/image\/"}}]}},"_links":{"self":[{"href":"https:\/\/www.wretmanestate.com\/dk\/wp-json\/wp\/v2\/pages\/155522","targetHints":{"allow":["GET"]}}],"collection":[{"href":"https:\/\/www.wretmanestate.com\/dk\/wp-json\/wp\/v2\/pages"}],"about":[{"href":"https:\/\/www.wretmanestate.com\/dk\/wp-json\/wp\/v2\/types\/page"}],"author":[{"embeddable":true,"href":"https:\/\/www.wretmanestate.com\/dk\/wp-json\/wp\/v2\/users\/1"}],"replies":[{"embeddable":true,"href":"https:\/\/www.wretmanestate.com\/dk\/wp-json\/wp\/v2\/comments?post=155522"}],"version-history":[{"count":2,"href":"https:\/\/www.wretmanestate.com\/dk\/wp-json\/wp\/v2\/pages\/155522\/revisions"}],"predecessor-version":[{"id":167890,"href":"https:\/\/www.wretmanestate.com\/dk\/wp-json\/wp\/v2\/pages\/155522\/revisions\/167890"}],"up":[{"embeddable":true,"href":"https:\/\/www.wretmanestate.com\/dk\/wp-json\/wp\/v2\/pages\/154364"}],"wp:attachment":[{"href":"https:\/\/www.wretmanestate.com\/dk\/wp-json\/wp\/v2\/media?parent=155522"}],"curies":[{"name":"wp","href":"https:\/\/api.w.org\/{rel}","templated":true}]}}