{"id":545145,"date":"2023-09-11T14:31:19","date_gmt":"2023-09-11T12:31:19","guid":{"rendered":"https:\/\/www.wretmanestate.com\/?page_id=545145"},"modified":"2025-11-03T12:35:25","modified_gmt":"2025-11-03T11:35:25","slug":"louann-ellena","status":"publish","type":"page","link":"https:\/\/www.wretmanestate.com\/dk\/om-os-ejendomsmaeglere-franske-riviera\/team\/louann-ellena\/","title":{"rendered":"Louann ELLENA"},"content":{"rendered":"<div class=\"wpb-content-wrapper\"><p>[vc_row full_width=&#8221;stretch_row_content_no_spaces&#8221; content_placement=&#8221;bottom&#8221; css=&#8221;.vc_custom_1580722970157{background-image: url(https:\/\/www.wretmanestate.com\/wp-content\/uploads\/2019\/11\/new-banner.jpg?id=3444) !important;background-position: center !important;background-repeat: no-repeat !important;background-size: cover !important;}&#8221; el_class=&#8221;bloc-title header_team medium&#8221;][vc_column]<div class=\" \">\r\n\t\r\n        <div class=\"mh-heading-wrapper\">\r\n            <h1            class=\"mh-heading mh-color-white mh-heading--bottom-separator   \"\r\n            style=\"font-weight:700;\">\r\n\t\t\tLouann ELLENA        <\/h1>\r\n\r\n\t\t            <div class=\"mh-subheading mh-color-white\"\r\n                 style=\"\">\r\n\t\t\t\tMarketing- og kommunikationschef            <\/div>\r\n\t\t    <\/div>\r\n\r\n\t<\/div>[vc_single_image image=&#8221;555697&#8243; img_size=&#8221;full&#8221; alignment=&#8221;center&#8221; style=&#8221;vc_box_rounded&#8221;][\/vc_column][\/vc_row][vc_row bg_type=&#8221;bg_color&#8221; bg_override=&#8221;ex-full&#8221; el_class=&#8221;team_desc&#8221; bg_color_value=&#8221;#f2f2f6&#8243;][vc_column width=&#8221;1\/2&#8243;][vc_column_text]<\/p>\n<h5><strong>Hvad lavede du, f\u00f8r du kom til Wretman?<\/strong><\/h5>\n<p>F\u00f8r jeg blev en del af Wretman Estate-netv\u00e6rket, arbejdede jeg som<br \/>\nmarketingkommunikationsassistent i sports- og prestigebilbranchen som en del af min\u00a0bachelorgrad i marketingkommunikation og reklame. I dag er jeg meget glad for at forts\u00e6tte min\u00a0kandidatuddannelse hos dette fantastiske bureau!<\/p>\n<h5><strong>Hvis du skulle v\u00e6lge \u00e9t sted p\u00e5 C\u00f4te d&#8217;Azur, hvilket skulle det s\u00e5 v\u00e6re?<\/strong><\/h5>\n<p>Hvis jeg kun skulle v\u00e6lge \u00e9t sted p\u00e5 C\u00f4te d&#8217;Azur, ville det uden t\u00f8ven v\u00e6re den gamle bydel i\u00a0Antibes! Dens smalle gader og volde g\u00f8r den til et meget charmerende sted at vandre rundt.<\/p>\n<h5><strong>Hvad er din yndlingsvandring\/udflugt i regionen?<\/strong><\/h5>\n<p>Min yndlingsudflugt i regionen er uden tvivl \u00celes de L\u00e9rins! Mellem skovvandringer og stranden er\u00a0det det perfekte sted at komme v\u00e6k fra det hele.[\/vc_column_text][\/vc_column][vc_column width=&#8221;1\/2&#8243;][vc_column_text]<\/p>\n<h5><strong>Hvor er dit yndlingssted at tage p\u00e5 stranden?<\/strong><\/h5>\n<p>Efter min mening er Cap d&#8217;Antibes et af de bedste steder at tage p\u00e5 stranden. Stenstrande,\u00a0sandstrande eller sm\u00e5 bugter i klipperne &#8211; der er noget for enhver smag.<\/p>\n<h5><strong>Hvad er det bedste skisportssted i omr\u00e5det?<\/strong><\/h5>\n<p>Valberg! Det er selvf\u00f8lgelig ikke det st\u00f8rste skisportssted i regionen, men det er indhyllet i en\u00a0varm, famili\u00e6r atmosf\u00e6re: ideelt til en ferie med venner eller familie.<\/p>\n<h5><strong>Hvordan er en ideel s\u00f8ndag for dig?<\/strong><\/h5>\n<p>En ideel s\u00f8ndag er en dag, hvor man m\u00f8des med familien over et godt m\u00e5ltid, men ogs\u00e5 en dag,\u00a0hvor man lader batterierne op til den kommende uge.[\/vc_column_text][\/vc_column][\/vc_row][vc_row][vc_column]    <div class=\"mh-grid\">\r\n\t\t    <\/div>\r\n\r\n[\/vc_column][\/vc_row]<\/p>\n<\/div>","protected":false},"excerpt":{"rendered":"<p>[vc_row full_width=&#8221;stretch_row_content_no_spaces&#8221; content_placement=&#8221;bottom&#8221; css=&#8221;.vc_custom_1580722970157{background-image: url(https:\/\/www.wretmanestate.com\/wp-content\/uploads\/2019\/11\/new-banner.jpg?id=3444) !important;background-position: center !important;background-repeat: no-repeat !important;background-size: cover !important;}&#8221; el_class=&#8221;bloc-title header_team medium&#8221;][vc_column][vc_single_image image=&#8221;555697&#8243; img_size=&#8221;full&#8221; alignment=&#8221;center&#8221; style=&#8221;vc_box_rounded&#8221;][\/vc_column][\/vc_row][vc_row bg_type=&#8221;bg_color&#8221; bg_override=&#8221;ex-full&#8221; el_class=&#8221;team_desc&#8221; bg_color_value=&#8221;#f2f2f6&#8243;][vc_column width=&#8221;1\/2&#8243;][vc_column_text] Hvad lavede du, f\u00f8r du kom til Wretman? F\u00f8r jeg blev en del af Wretman Estate-netv\u00e6rket, arbejdede jeg som marketingkommunikationsassistent i sports- og prestigebilbranchen som en del af min\u00a0bachelorgrad i marketingkommunikation [&hellip;]<\/p>\n","protected":false},"author":90,"featured_media":0,"parent":154850,"menu_order":0,"comment_status":"closed","ping_status":"closed","template":"page_full-width.php","meta":{"_acf_changed":false,"content-type":"","_monsterinsights_skip_tracking":false,"_monsterinsights_sitenote_active":false,"_monsterinsights_sitenote_note":"","_monsterinsights_sitenote_category":0,"footnotes":""},"class_list":["post-545145","page","type-page","status-publish","hentry"],"acf":[],"yoast_head":"<!-- This site is optimized with the Yoast SEO plugin v27.5 - https:\/\/yoast.com\/product\/yoast-seo-wordpress\/ -->\n<title>Ejendomsm\u00e6gler i Cannes - Louann ELLENA - Wretman Estate<\/title>\n<meta name=\"description\" content=\"Wretman Estate har 7 kontorer i Sydfrankrig, og vi er det st\u00f8rste skandinaviske ejendomsfirma i Frankrig. Kontakt kontoret i Cannes i dag!\" \/>\n<meta name=\"robots\" content=\"index, follow, max-snippet:-1, max-image-preview:large, max-video-preview:-1\" \/>\n<link rel=\"canonical\" href=\"https:\/\/www.wretmanestate.com\/dk\/om-os-ejendomsmaeglere-franske-riviera\/team\/louann-ellena\/\" \/>\n<meta property=\"og:locale\" content=\"en_US\" \/>\n<meta property=\"og:type\" content=\"article\" \/>\n<meta property=\"og:title\" content=\"Ejendomsm\u00e6gler i Cannes - Louann ELLENA - Wretman Estate\" \/>\n<meta property=\"og:description\" content=\"Wretman Estate har 7 kontorer i Sydfrankrig, og vi er det st\u00f8rste skandinaviske ejendomsfirma i Frankrig. Kontakt kontoret i Cannes i dag!\" \/>\n<meta property=\"og:url\" content=\"https:\/\/www.wretmanestate.com\/dk\/om-os-ejendomsmaeglere-franske-riviera\/team\/louann-ellena\/\" \/>\n<meta property=\"og:site_name\" content=\"Wretman Estate\" \/>\n<meta property=\"article:modified_time\" content=\"2025-11-03T11:35:25+00:00\" \/>\n<meta name=\"twitter:card\" content=\"summary_large_image\" \/>\n<meta name=\"twitter:label1\" content=\"Est. reading time\" \/>\n\t<meta name=\"twitter:data1\" content=\"2 minutes\" \/>\n<script type=\"application\/ld+json\" class=\"yoast-schema-graph\">{\"@context\":\"https:\\\/\\\/schema.org\",\"@graph\":[{\"@type\":\"WebPage\",\"@id\":\"https:\\\/\\\/www.wretmanestate.com\\\/dk\\\/om-os-ejendomsmaeglere-franske-riviera\\\/team\\\/louann-ellena\\\/\",\"url\":\"https:\\\/\\\/www.wretmanestate.com\\\/dk\\\/om-os-ejendomsmaeglere-franske-riviera\\\/team\\\/louann-ellena\\\/\",\"name\":\"Ejendomsm\u00e6gler i Cannes - Louann ELLENA - Wretman Estate\",\"isPartOf\":{\"@id\":\"https:\\\/\\\/www.wretmanestate.com\\\/dk\\\/#website\"},\"datePublished\":\"2023-09-11T12:31:19+00:00\",\"dateModified\":\"2025-11-03T11:35:25+00:00\",\"description\":\"Wretman Estate har 7 kontorer i Sydfrankrig, og vi er det st\u00f8rste skandinaviske ejendomsfirma i Frankrig. Kontakt kontoret i Cannes i dag!\",\"breadcrumb\":{\"@id\":\"https:\\\/\\\/www.wretmanestate.com\\\/dk\\\/om-os-ejendomsmaeglere-franske-riviera\\\/team\\\/louann-ellena\\\/#breadcrumb\"},\"inLanguage\":\"da-DK\",\"potentialAction\":[{\"@type\":\"ReadAction\",\"target\":[\"https:\\\/\\\/www.wretmanestate.com\\\/dk\\\/om-os-ejendomsmaeglere-franske-riviera\\\/team\\\/louann-ellena\\\/\"]}]},{\"@type\":\"BreadcrumbList\",\"@id\":\"https:\\\/\\\/www.wretmanestate.com\\\/dk\\\/om-os-ejendomsmaeglere-franske-riviera\\\/team\\\/louann-ellena\\\/#breadcrumb\",\"itemListElement\":[{\"@type\":\"ListItem\",\"position\":1,\"name\":\"Accueil\",\"item\":\"https:\\\/\\\/www.wretmanestate.com\\\/dk\\\/\"},{\"@type\":\"ListItem\",\"position\":2,\"name\":\"Om os\",\"item\":\"https:\\\/\\\/www.wretmanestate.com\\\/dk\\\/om-os-ejendomsmaeglere-franske-riviera\\\/\"},{\"@type\":\"ListItem\",\"position\":3,\"name\":\"Team\",\"item\":\"https:\\\/\\\/www.wretmanestate.com\\\/dk\\\/om-os-ejendomsmaeglere-franske-riviera\\\/team\\\/\"},{\"@type\":\"ListItem\",\"position\":4,\"name\":\"Louann ELLENA\"}]},{\"@type\":\"WebSite\",\"@id\":\"https:\\\/\\\/www.wretmanestate.com\\\/dk\\\/#website\",\"url\":\"https:\\\/\\\/www.wretmanestate.com\\\/dk\\\/\",\"name\":\"Wretman Estate\",\"description\":\"Immobilier sur la C\u00f4te d&#039;Azur et la Provence\",\"publisher\":{\"@id\":\"https:\\\/\\\/www.wretmanestate.com\\\/dk\\\/#organization\"},\"potentialAction\":[{\"@type\":\"SearchAction\",\"target\":{\"@type\":\"EntryPoint\",\"urlTemplate\":\"https:\\\/\\\/www.wretmanestate.com\\\/dk\\\/?s={search_term_string}\"},\"query-input\":{\"@type\":\"PropertyValueSpecification\",\"valueRequired\":true,\"valueName\":\"search_term_string\"}}],\"inLanguage\":\"da-DK\"},{\"@type\":\"Organization\",\"@id\":\"https:\\\/\\\/www.wretmanestate.com\\\/dk\\\/#organization\",\"name\":\"WRETMAN ESTATE\",\"url\":\"https:\\\/\\\/www.wretmanestate.com\\\/dk\\\/\",\"logo\":{\"@type\":\"ImageObject\",\"inLanguage\":\"da-DK\",\"@id\":\"https:\\\/\\\/www.wretmanestate.com\\\/dk\\\/#\\\/schema\\\/logo\\\/image\\\/\",\"url\":\"\",\"contentUrl\":\"\",\"caption\":\"WRETMAN ESTATE\"},\"image\":{\"@id\":\"https:\\\/\\\/www.wretmanestate.com\\\/dk\\\/#\\\/schema\\\/logo\\\/image\\\/\"}}]}<\/script>\n<!-- \/ Yoast SEO plugin. -->","yoast_head_json":{"title":"Ejendomsm\u00e6gler i Cannes - Louann ELLENA - Wretman Estate","description":"Wretman Estate har 7 kontorer i Sydfrankrig, og vi er det st\u00f8rste skandinaviske ejendomsfirma i Frankrig. Kontakt kontoret i Cannes i dag!","robots":{"index":"index","follow":"follow","max-snippet":"max-snippet:-1","max-image-preview":"max-image-preview:large","max-video-preview":"max-video-preview:-1"},"canonical":"https:\/\/www.wretmanestate.com\/dk\/om-os-ejendomsmaeglere-franske-riviera\/team\/louann-ellena\/","og_locale":"en_US","og_type":"article","og_title":"Ejendomsm\u00e6gler i Cannes - Louann ELLENA - Wretman Estate","og_description":"Wretman Estate har 7 kontorer i Sydfrankrig, og vi er det st\u00f8rste skandinaviske ejendomsfirma i Frankrig. Kontakt kontoret i Cannes i dag!","og_url":"https:\/\/www.wretmanestate.com\/dk\/om-os-ejendomsmaeglere-franske-riviera\/team\/louann-ellena\/","og_site_name":"Wretman Estate","article_modified_time":"2025-11-03T11:35:25+00:00","twitter_card":"summary_large_image","twitter_misc":{"Est. reading time":"2 minutes"},"schema":{"@context":"https:\/\/schema.org","@graph":[{"@type":"WebPage","@id":"https:\/\/www.wretmanestate.com\/dk\/om-os-ejendomsmaeglere-franske-riviera\/team\/louann-ellena\/","url":"https:\/\/www.wretmanestate.com\/dk\/om-os-ejendomsmaeglere-franske-riviera\/team\/louann-ellena\/","name":"Ejendomsm\u00e6gler i Cannes - Louann ELLENA - Wretman Estate","isPartOf":{"@id":"https:\/\/www.wretmanestate.com\/dk\/#website"},"datePublished":"2023-09-11T12:31:19+00:00","dateModified":"2025-11-03T11:35:25+00:00","description":"Wretman Estate har 7 kontorer i Sydfrankrig, og vi er det st\u00f8rste skandinaviske ejendomsfirma i Frankrig. Kontakt kontoret i Cannes i dag!","breadcrumb":{"@id":"https:\/\/www.wretmanestate.com\/dk\/om-os-ejendomsmaeglere-franske-riviera\/team\/louann-ellena\/#breadcrumb"},"inLanguage":"da-DK","potentialAction":[{"@type":"ReadAction","target":["https:\/\/www.wretmanestate.com\/dk\/om-os-ejendomsmaeglere-franske-riviera\/team\/louann-ellena\/"]}]},{"@type":"BreadcrumbList","@id":"https:\/\/www.wretmanestate.com\/dk\/om-os-ejendomsmaeglere-franske-riviera\/team\/louann-ellena\/#breadcrumb","itemListElement":[{"@type":"ListItem","position":1,"name":"Accueil","item":"https:\/\/www.wretmanestate.com\/dk\/"},{"@type":"ListItem","position":2,"name":"Om os","item":"https:\/\/www.wretmanestate.com\/dk\/om-os-ejendomsmaeglere-franske-riviera\/"},{"@type":"ListItem","position":3,"name":"Team","item":"https:\/\/www.wretmanestate.com\/dk\/om-os-ejendomsmaeglere-franske-riviera\/team\/"},{"@type":"ListItem","position":4,"name":"Louann ELLENA"}]},{"@type":"WebSite","@id":"https:\/\/www.wretmanestate.com\/dk\/#website","url":"https:\/\/www.wretmanestate.com\/dk\/","name":"Wretman Estate","description":"Immobilier sur la C\u00f4te d&#039;Azur et la Provence","publisher":{"@id":"https:\/\/www.wretmanestate.com\/dk\/#organization"},"potentialAction":[{"@type":"SearchAction","target":{"@type":"EntryPoint","urlTemplate":"https:\/\/www.wretmanestate.com\/dk\/?s={search_term_string}"},"query-input":{"@type":"PropertyValueSpecification","valueRequired":true,"valueName":"search_term_string"}}],"inLanguage":"da-DK"},{"@type":"Organization","@id":"https:\/\/www.wretmanestate.com\/dk\/#organization","name":"WRETMAN ESTATE","url":"https:\/\/www.wretmanestate.com\/dk\/","logo":{"@type":"ImageObject","inLanguage":"da-DK","@id":"https:\/\/www.wretmanestate.com\/dk\/#\/schema\/logo\/image\/","url":"","contentUrl":"","caption":"WRETMAN ESTATE"},"image":{"@id":"https:\/\/www.wretmanestate.com\/dk\/#\/schema\/logo\/image\/"}}]}},"_links":{"self":[{"href":"https:\/\/www.wretmanestate.com\/dk\/wp-json\/wp\/v2\/pages\/545145","targetHints":{"allow":["GET"]}}],"collection":[{"href":"https:\/\/www.wretmanestate.com\/dk\/wp-json\/wp\/v2\/pages"}],"about":[{"href":"https:\/\/www.wretmanestate.com\/dk\/wp-json\/wp\/v2\/types\/page"}],"author":[{"embeddable":true,"href":"https:\/\/www.wretmanestate.com\/dk\/wp-json\/wp\/v2\/users\/90"}],"replies":[{"embeddable":true,"href":"https:\/\/www.wretmanestate.com\/dk\/wp-json\/wp\/v2\/comments?post=545145"}],"version-history":[{"count":4,"href":"https:\/\/www.wretmanestate.com\/dk\/wp-json\/wp\/v2\/pages\/545145\/revisions"}],"predecessor-version":[{"id":850663,"href":"https:\/\/www.wretmanestate.com\/dk\/wp-json\/wp\/v2\/pages\/545145\/revisions\/850663"}],"up":[{"embeddable":true,"href":"https:\/\/www.wretmanestate.com\/dk\/wp-json\/wp\/v2\/pages\/154850"}],"wp:attachment":[{"href":"https:\/\/www.wretmanestate.com\/dk\/wp-json\/wp\/v2\/media?parent=545145"}],"curies":[{"name":"wp","href":"https:\/\/api.w.org\/{rel}","templated":true}]}}