{"id":551487,"date":"2023-10-16T15:04:05","date_gmt":"2023-10-16T13:04:05","guid":{"rendered":"https:\/\/www.wretmanestate.com\/?page_id=551487"},"modified":"2025-11-27T10:16:12","modified_gmt":"2025-11-27T09:16:12","slug":"ema-garnier","status":"publish","type":"page","link":"https:\/\/www.wretmanestate.com\/dk\/om-os-ejendomsmaeglere-franske-riviera\/team\/ema-garnier\/","title":{"rendered":"Ema GARNIER"},"content":{"rendered":"<div class=\"wpb-content-wrapper\"><p>[vc_row full_width=&#8221;stretch_row_content_no_spaces&#8221; content_placement=&#8221;bottom&#8221; css=&#8221;.vc_custom_1580720336371{background-image: url(https:\/\/www.wretmanestate.com\/wp-content\/uploads\/2019\/11\/new-banner.jpg?id=3444) !important;background-position: center !important;background-repeat: no-repeat !important;background-size: cover !important;}&#8221; el_class=&#8221;bloc-title header_team medium&#8221;][vc_column]<div class=\" \">\r\n\t\r\n        <div class=\"mh-heading-wrapper\">\r\n            <h1            class=\"mh-heading mh-color-white mh-heading--bottom-separator   \"\r\n            style=\"font-weight:700;\">\r\n\t\t\tEma GARNIER        <\/h1>\r\n\r\n\t\t            <div class=\"mh-subheading mh-color-white\"\r\n                 style=\"\">\r\n\t\t\t\tCommercial Assistant            <\/div>\r\n\t\t    <\/div>\r\n\r\n\t<\/div>[vc_single_image image=&#8221;854599&#8243; img_size=&#8221;full&#8221; alignment=&#8221;center&#8221; style=&#8221;vc_box_rounded&#8221; css=&#8221;&#8221;][\/vc_column][\/vc_row][vc_row bg_type=&#8221;bg_color&#8221; bg_override=&#8221;ex-full&#8221; el_class=&#8221;team_desc&#8221; bg_color_value=&#8221;#f2f2f6&#8243; el_id=&#8221;red_links&#8221;][vc_column width=&#8221;1\/2&#8243;][vc_column_text css=&#8221;&#8221;]<\/p>\n<h5 class=\"p1\"><span style=\"color: #993300;\"><strong>Hvor l\u00e6nge har du boet i Frankrig?<\/strong><\/span><\/h5>\n<p class=\"p1\">Jeg har altid boet i Frankrig.<\/p>\n<h5 class=\"p1\"><span style=\"color: #993300;\"><strong>Hvor er dit yndlingssted at tage til stranden?<\/strong><\/span><\/h5>\n<p class=\"p1\">Jeg kan rigtig godt lide Midi-stranden i Cannes. Atmosf\u00e6ren er afslappet, udsigten er behagelig, og det er et sted, hvor jeg ofte tager hen for at slappe af.<\/p>\n<h5 class=\"p1\"><span style=\"color: #993300;\"><strong>Hvad er det bedste skisportssted i omr\u00e5det?<\/strong><\/span><\/h5>\n<p class=\"p1\">Efter min mening er det bedste skisportssted Auron: familievenligt, behageligt og stort nok til at nyde en hel dag eller weekend.<\/p>\n<p>[\/vc_column_text][\/vc_column][vc_column width=&#8221;1\/2&#8243;][vc_column_text css=&#8221;&#8221;]<\/p>\n<h5 class=\"p1\"><span style=\"color: #993300;\"><strong>Hvis du skulle v\u00e6lge \u00e9t sted p\u00e5 den franske riviera, hvilket ville det s\u00e5 v\u00e6re?<\/strong><\/span><\/h5>\n<p class=\"p1\">Jeg ville uden t\u00f8ven v\u00e6lge Cannes. Det er en livlig by, men man kan ogs\u00e5 finde fred og ro der, og jeg elsker virkelig atmosf\u00e6ren og omgivelserne.<\/p>\n<h5 class=\"p1\"><span style=\"color: #993300;\"><strong>Hvad kan du lide at lave p\u00e5 din fridag?<\/strong><\/span><\/h5>\n<p class=\"p1\">N\u00e5r jeg har en fridag, kan jeg godt lide at g\u00e5 en tur ved havet, opdage en ny restaurant eller bare nyde solskinnet. Regionen er perfekt til det.<\/p>\n<h5 class=\"p1\"><span style=\"color: #993300;\"><strong>Hvad synes du er den bedste egenskab\/personlighedstr\u00e6k for at v\u00e6re en god ejendomsm\u00e6gler?<\/strong><\/span><\/h5>\n<p class=\"p1\">Efter min mening er den vigtigste egenskab at kunne lytte. Ved virkelig at forst\u00e5 kundens behov kan man opbygge et tillidsforhold og levere en service af h\u00f8j kvalitet.<\/p>\n<p>[\/vc_column_text][\/vc_column][\/vc_row][vc_row][vc_column]    <div class=\"mh-grid\">\r\n\t\t    <\/div>\r\n\r\n[\/vc_column][\/vc_row]<\/p>\n<\/div>","protected":false},"excerpt":{"rendered":"<p>[vc_row full_width=&#8221;stretch_row_content_no_spaces&#8221; content_placement=&#8221;bottom&#8221; css=&#8221;.vc_custom_1580720336371{background-image: url(https:\/\/www.wretmanestate.com\/wp-content\/uploads\/2019\/11\/new-banner.jpg?id=3444) !important;background-position: center !important;background-repeat: no-repeat !important;background-size: cover !important;}&#8221; el_class=&#8221;bloc-title header_team medium&#8221;][vc_column][vc_single_image image=&#8221;854599&#8243; img_size=&#8221;full&#8221; alignment=&#8221;center&#8221; style=&#8221;vc_box_rounded&#8221; css=&#8221;&#8221;][\/vc_column][\/vc_row][vc_row bg_type=&#8221;bg_color&#8221; bg_override=&#8221;ex-full&#8221; el_class=&#8221;team_desc&#8221; bg_color_value=&#8221;#f2f2f6&#8243; el_id=&#8221;red_links&#8221;][vc_column width=&#8221;1\/2&#8243;][vc_column_text css=&#8221;&#8221;] Hvor l\u00e6nge har du boet i Frankrig? Jeg har altid boet i Frankrig. Hvor er dit yndlingssted at tage til stranden? Jeg kan rigtig godt lide Midi-stranden i [&hellip;]<\/p>\n","protected":false},"author":90,"featured_media":0,"parent":154850,"menu_order":0,"comment_status":"closed","ping_status":"closed","template":"page_full-width.php","meta":{"_acf_changed":false,"content-type":"","_monsterinsights_skip_tracking":false,"_monsterinsights_sitenote_active":false,"_monsterinsights_sitenote_note":"","_monsterinsights_sitenote_category":0,"footnotes":""},"class_list":["post-551487","page","type-page","status-publish","hentry"],"acf":[],"yoast_head":"<!-- This site is optimized with the Yoast SEO plugin v27.5 - https:\/\/yoast.com\/product\/yoast-seo-wordpress\/ -->\n<title>Ema GARNIER - Real estate assistant in Antibes - Wretman Estate<\/title>\n<meta name=\"description\" content=\"Ema Garnier is an assistant at Wretman Estate&#039;s Antibes office. We are the largest Scandinavian real estate agency on the French Riviera.\" \/>\n<meta name=\"robots\" content=\"index, follow, max-snippet:-1, max-image-preview:large, max-video-preview:-1\" \/>\n<link rel=\"canonical\" href=\"https:\/\/www.wretmanestate.com\/dk\/om-os-ejendomsmaeglere-franske-riviera\/team\/ema-garnier\/\" \/>\n<meta property=\"og:locale\" content=\"en_US\" \/>\n<meta property=\"og:type\" content=\"article\" \/>\n<meta property=\"og:title\" content=\"Ema GARNIER - Real estate assistant in Antibes - Wretman Estate\" \/>\n<meta property=\"og:description\" content=\"Ema Garnier is an assistant at Wretman Estate&#039;s Antibes office. We are the largest Scandinavian real estate agency on the French Riviera.\" \/>\n<meta property=\"og:url\" content=\"https:\/\/www.wretmanestate.com\/dk\/om-os-ejendomsmaeglere-franske-riviera\/team\/ema-garnier\/\" \/>\n<meta property=\"og:site_name\" content=\"Wretman Estate\" \/>\n<meta property=\"article:modified_time\" content=\"2025-11-27T09:16:12+00:00\" \/>\n<meta name=\"twitter:card\" content=\"summary_large_image\" \/>\n<meta name=\"twitter:label1\" content=\"Est. reading time\" \/>\n\t<meta name=\"twitter:data1\" content=\"2 minutes\" \/>\n<script type=\"application\/ld+json\" class=\"yoast-schema-graph\">{\"@context\":\"https:\\\/\\\/schema.org\",\"@graph\":[{\"@type\":\"WebPage\",\"@id\":\"https:\\\/\\\/www.wretmanestate.com\\\/dk\\\/om-os-ejendomsmaeglere-franske-riviera\\\/team\\\/ema-garnier\\\/\",\"url\":\"https:\\\/\\\/www.wretmanestate.com\\\/dk\\\/om-os-ejendomsmaeglere-franske-riviera\\\/team\\\/ema-garnier\\\/\",\"name\":\"Ema GARNIER - Real estate assistant in Antibes - Wretman Estate\",\"isPartOf\":{\"@id\":\"https:\\\/\\\/www.wretmanestate.com\\\/dk\\\/#website\"},\"datePublished\":\"2023-10-16T13:04:05+00:00\",\"dateModified\":\"2025-11-27T09:16:12+00:00\",\"description\":\"Ema Garnier is an assistant at Wretman Estate's Antibes office. We are the largest Scandinavian real estate agency on the French Riviera.\",\"breadcrumb\":{\"@id\":\"https:\\\/\\\/www.wretmanestate.com\\\/dk\\\/om-os-ejendomsmaeglere-franske-riviera\\\/team\\\/ema-garnier\\\/#breadcrumb\"},\"inLanguage\":\"da-DK\",\"potentialAction\":[{\"@type\":\"ReadAction\",\"target\":[\"https:\\\/\\\/www.wretmanestate.com\\\/dk\\\/om-os-ejendomsmaeglere-franske-riviera\\\/team\\\/ema-garnier\\\/\"]}]},{\"@type\":\"BreadcrumbList\",\"@id\":\"https:\\\/\\\/www.wretmanestate.com\\\/dk\\\/om-os-ejendomsmaeglere-franske-riviera\\\/team\\\/ema-garnier\\\/#breadcrumb\",\"itemListElement\":[{\"@type\":\"ListItem\",\"position\":1,\"name\":\"Accueil\",\"item\":\"https:\\\/\\\/www.wretmanestate.com\\\/dk\\\/\"},{\"@type\":\"ListItem\",\"position\":2,\"name\":\"Om os\",\"item\":\"https:\\\/\\\/www.wretmanestate.com\\\/dk\\\/om-os-ejendomsmaeglere-franske-riviera\\\/\"},{\"@type\":\"ListItem\",\"position\":3,\"name\":\"Team\",\"item\":\"https:\\\/\\\/www.wretmanestate.com\\\/dk\\\/om-os-ejendomsmaeglere-franske-riviera\\\/team\\\/\"},{\"@type\":\"ListItem\",\"position\":4,\"name\":\"Ema GARNIER\"}]},{\"@type\":\"WebSite\",\"@id\":\"https:\\\/\\\/www.wretmanestate.com\\\/dk\\\/#website\",\"url\":\"https:\\\/\\\/www.wretmanestate.com\\\/dk\\\/\",\"name\":\"Wretman Estate\",\"description\":\"Immobilier sur la C\u00f4te d&#039;Azur et la Provence\",\"publisher\":{\"@id\":\"https:\\\/\\\/www.wretmanestate.com\\\/dk\\\/#organization\"},\"potentialAction\":[{\"@type\":\"SearchAction\",\"target\":{\"@type\":\"EntryPoint\",\"urlTemplate\":\"https:\\\/\\\/www.wretmanestate.com\\\/dk\\\/?s={search_term_string}\"},\"query-input\":{\"@type\":\"PropertyValueSpecification\",\"valueRequired\":true,\"valueName\":\"search_term_string\"}}],\"inLanguage\":\"da-DK\"},{\"@type\":\"Organization\",\"@id\":\"https:\\\/\\\/www.wretmanestate.com\\\/dk\\\/#organization\",\"name\":\"WRETMAN ESTATE\",\"url\":\"https:\\\/\\\/www.wretmanestate.com\\\/dk\\\/\",\"logo\":{\"@type\":\"ImageObject\",\"inLanguage\":\"da-DK\",\"@id\":\"https:\\\/\\\/www.wretmanestate.com\\\/dk\\\/#\\\/schema\\\/logo\\\/image\\\/\",\"url\":\"\",\"contentUrl\":\"\",\"caption\":\"WRETMAN ESTATE\"},\"image\":{\"@id\":\"https:\\\/\\\/www.wretmanestate.com\\\/dk\\\/#\\\/schema\\\/logo\\\/image\\\/\"}}]}<\/script>\n<!-- \/ Yoast SEO plugin. -->","yoast_head_json":{"title":"Ema GARNIER - Real estate assistant in Antibes - Wretman Estate","description":"Ema Garnier is an assistant at Wretman Estate's Antibes office. We are the largest Scandinavian real estate agency on the French Riviera.","robots":{"index":"index","follow":"follow","max-snippet":"max-snippet:-1","max-image-preview":"max-image-preview:large","max-video-preview":"max-video-preview:-1"},"canonical":"https:\/\/www.wretmanestate.com\/dk\/om-os-ejendomsmaeglere-franske-riviera\/team\/ema-garnier\/","og_locale":"en_US","og_type":"article","og_title":"Ema GARNIER - Real estate assistant in Antibes - Wretman Estate","og_description":"Ema Garnier is an assistant at Wretman Estate's Antibes office. We are the largest Scandinavian real estate agency on the French Riviera.","og_url":"https:\/\/www.wretmanestate.com\/dk\/om-os-ejendomsmaeglere-franske-riviera\/team\/ema-garnier\/","og_site_name":"Wretman Estate","article_modified_time":"2025-11-27T09:16:12+00:00","twitter_card":"summary_large_image","twitter_misc":{"Est. reading time":"2 minutes"},"schema":{"@context":"https:\/\/schema.org","@graph":[{"@type":"WebPage","@id":"https:\/\/www.wretmanestate.com\/dk\/om-os-ejendomsmaeglere-franske-riviera\/team\/ema-garnier\/","url":"https:\/\/www.wretmanestate.com\/dk\/om-os-ejendomsmaeglere-franske-riviera\/team\/ema-garnier\/","name":"Ema GARNIER - Real estate assistant in Antibes - Wretman Estate","isPartOf":{"@id":"https:\/\/www.wretmanestate.com\/dk\/#website"},"datePublished":"2023-10-16T13:04:05+00:00","dateModified":"2025-11-27T09:16:12+00:00","description":"Ema Garnier is an assistant at Wretman Estate's Antibes office. We are the largest Scandinavian real estate agency on the French Riviera.","breadcrumb":{"@id":"https:\/\/www.wretmanestate.com\/dk\/om-os-ejendomsmaeglere-franske-riviera\/team\/ema-garnier\/#breadcrumb"},"inLanguage":"da-DK","potentialAction":[{"@type":"ReadAction","target":["https:\/\/www.wretmanestate.com\/dk\/om-os-ejendomsmaeglere-franske-riviera\/team\/ema-garnier\/"]}]},{"@type":"BreadcrumbList","@id":"https:\/\/www.wretmanestate.com\/dk\/om-os-ejendomsmaeglere-franske-riviera\/team\/ema-garnier\/#breadcrumb","itemListElement":[{"@type":"ListItem","position":1,"name":"Accueil","item":"https:\/\/www.wretmanestate.com\/dk\/"},{"@type":"ListItem","position":2,"name":"Om os","item":"https:\/\/www.wretmanestate.com\/dk\/om-os-ejendomsmaeglere-franske-riviera\/"},{"@type":"ListItem","position":3,"name":"Team","item":"https:\/\/www.wretmanestate.com\/dk\/om-os-ejendomsmaeglere-franske-riviera\/team\/"},{"@type":"ListItem","position":4,"name":"Ema GARNIER"}]},{"@type":"WebSite","@id":"https:\/\/www.wretmanestate.com\/dk\/#website","url":"https:\/\/www.wretmanestate.com\/dk\/","name":"Wretman Estate","description":"Immobilier sur la C\u00f4te d&#039;Azur et la Provence","publisher":{"@id":"https:\/\/www.wretmanestate.com\/dk\/#organization"},"potentialAction":[{"@type":"SearchAction","target":{"@type":"EntryPoint","urlTemplate":"https:\/\/www.wretmanestate.com\/dk\/?s={search_term_string}"},"query-input":{"@type":"PropertyValueSpecification","valueRequired":true,"valueName":"search_term_string"}}],"inLanguage":"da-DK"},{"@type":"Organization","@id":"https:\/\/www.wretmanestate.com\/dk\/#organization","name":"WRETMAN ESTATE","url":"https:\/\/www.wretmanestate.com\/dk\/","logo":{"@type":"ImageObject","inLanguage":"da-DK","@id":"https:\/\/www.wretmanestate.com\/dk\/#\/schema\/logo\/image\/","url":"","contentUrl":"","caption":"WRETMAN ESTATE"},"image":{"@id":"https:\/\/www.wretmanestate.com\/dk\/#\/schema\/logo\/image\/"}}]}},"_links":{"self":[{"href":"https:\/\/www.wretmanestate.com\/dk\/wp-json\/wp\/v2\/pages\/551487","targetHints":{"allow":["GET"]}}],"collection":[{"href":"https:\/\/www.wretmanestate.com\/dk\/wp-json\/wp\/v2\/pages"}],"about":[{"href":"https:\/\/www.wretmanestate.com\/dk\/wp-json\/wp\/v2\/types\/page"}],"author":[{"embeddable":true,"href":"https:\/\/www.wretmanestate.com\/dk\/wp-json\/wp\/v2\/users\/90"}],"replies":[{"embeddable":true,"href":"https:\/\/www.wretmanestate.com\/dk\/wp-json\/wp\/v2\/comments?post=551487"}],"version-history":[{"count":6,"href":"https:\/\/www.wretmanestate.com\/dk\/wp-json\/wp\/v2\/pages\/551487\/revisions"}],"predecessor-version":[{"id":854605,"href":"https:\/\/www.wretmanestate.com\/dk\/wp-json\/wp\/v2\/pages\/551487\/revisions\/854605"}],"up":[{"embeddable":true,"href":"https:\/\/www.wretmanestate.com\/dk\/wp-json\/wp\/v2\/pages\/154850"}],"wp:attachment":[{"href":"https:\/\/www.wretmanestate.com\/dk\/wp-json\/wp\/v2\/media?parent=551487"}],"curies":[{"name":"wp","href":"https:\/\/api.w.org\/{rel}","templated":true}]}}