{"id":843149,"date":"2025-10-02T15:54:24","date_gmt":"2025-10-02T13:54:24","guid":{"rendered":"https:\/\/www.wretmanestate.com\/?page_id=843149"},"modified":"2025-12-04T16:08:03","modified_gmt":"2025-12-04T15:08:03","slug":"tiffany-barbeau","status":"publish","type":"page","link":"https:\/\/www.wretmanestate.com\/dk\/om-os-ejendomsmaeglere-franske-riviera\/team\/tiffany-barbeau\/","title":{"rendered":"Tiffany BARBEAU"},"content":{"rendered":"<div class=\"wpb-content-wrapper\"><p>[vc_row full_width=&#8221;stretch_row_content_no_spaces&#8221; content_placement=&#8221;bottom&#8221; css=&#8221;.vc_custom_1580720336371{background-image: url(https:\/\/www.wretmanestate.com\/wp-content\/uploads\/2019\/11\/new-banner.jpg?id=3444) !important;background-position: center !important;background-repeat: no-repeat !important;background-size: cover !important;}&#8221; el_class=&#8221;bloc-title header_team medium&#8221;][vc_column]<div class=\" \">\r\n\t\r\n        <div class=\"mh-heading-wrapper\">\r\n            <h1            class=\"mh-heading mh-color-white mh-heading--bottom-separator   \"\r\n            style=\"font-weight:700;\">\r\n\t\t\tTiffany BARBEAU        <\/h1>\r\n\r\n\t\t            <div class=\"mh-subheading mh-color-white\"\r\n                 style=\"\">\r\n\t\t\t\tCommercial Assistant            <\/div>\r\n\t\t    <\/div>\r\n\r\n\t<\/div>[vc_single_image image=&#8221;855694&#8243; img_size=&#8221;full&#8221; alignment=&#8221;center&#8221; style=&#8221;vc_box_rounded&#8221; css=&#8221;&#8221;][\/vc_column][\/vc_row][vc_row bg_type=&#8221;bg_color&#8221; bg_override=&#8221;ex-full&#8221; el_class=&#8221;team_desc&#8221; bg_color_value=&#8221;#f2f2f6&#8243; el_id=&#8221;red_links&#8221;][vc_column width=&#8221;1\/2&#8243;][vc_column_text css=&#8221;&#8221;]<\/p>\n<h5><span style=\"color: #993300;\"><strong>Hvordan kom du til C\u00f4te d&#8217;Azur?<\/strong><\/span><\/h5>\n<p>Jeg kommer oprindeligt fra Narbonne, en lille by i det sydvestlige Frankrig. Jeg m\u00e5tte flytte for at studere, og hvad er bedre end C\u00f4te d&#8217;Azur for at udvikle sig inden for premium- og luksusverdenen?<\/p>\n<h5><span style=\"color: #993300;\"><strong>Fort\u00e6l os noget om dig selv: en ukendt detalje, som kun f\u00e5 mennesker kender til.<\/strong><\/span><\/h5>\n<p>I l\u00f8bet af mit f\u00f8rste \u00e5r p\u00e5 bacheloruddannelsen, under min praktik i slutningen af s\u00e6sonen p\u00e5 et luksushotel i Courchevel, havde jeg lejlighed til at ledsage kendte personer til deres v\u00e6relser. Uden at n\u00e6vne navne, lad os bare sige, at det var skuespilleren fra Harry Potter, hvis fornavn begynder med E og slutter med A &#8230;<\/p>\n<h5><span style=\"color: #993300;\"><strong>Hvad er dit yndlingssted at tage til stranden?<\/strong><\/span><\/h5>\n<p>En tryllekunstner afsl\u00f8rer aldrig sine hemmeligheder &#8230; s\u00e5 det forbliver et mysterium.[\/vc_column_text][\/vc_column][vc_column width=&#8221;1\/2&#8243;][vc_column_text css=&#8221;&#8221;]<\/p>\n<h5><span style=\"color: #993300;\"><strong>Hvis du skulle v\u00e6lge et sted p\u00e5 C\u00f4te d&#8217;Azur, hvilket sted ville det s\u00e5 v\u00e6re?<\/strong><\/span><\/h5>\n<p>Da jeg ankom, forelskede jeg mig straks i Nice. S\u00e5 jeg vil selvf\u00f8lgelig sige Nice, p\u00e5 grund af dens charmerende gamle bydel, havnen og de fantastiske restauranter. Og som nummer to vil jeg sige Antibes.<\/p>\n<h5><span style=\"color: #993300;\"><strong>Hvordan ser en perfekt s\u00f8ndag ud for dig?<\/strong><\/span><\/h5>\n<p>F\u00f8rst en god lang morgenmad, det er en dejlig afveksling fra ugens rytme! En lille iskaffe for at v\u00e5gne ordentligt, derefter en tur med mine venner og min k\u00e6reste i omr\u00e5det, med en focaccia undervejs. Et obligatorisk stop p\u00e5 en terrasse for at nyde en pornstar martini, inden jeg slutter dagen af med man\u00e9r hos Lou Pantail, min yndlingsrestaurant her.<\/p>\n<h5><span style=\"color: #993300;\"><strong>Hvad lavede du, f\u00f8r du kom til Wretman?<\/strong><\/span><\/h5>\n<p>F\u00f8r jeg kom til Wretman, havde jeg mulighed for at gennemf\u00f8re flere praktikophold i forskellige luksussektorer under min bacheloruddannelse: mode hos Galeries Lafayette, \u00f8nologi hos G\u00e9rard Bertrand, hotelbranchen hos Cheval Blanc i Courchevel, concierge hos Le Collectionist og endda en sommersession i New York.[\/vc_column_text][\/vc_column][\/vc_row][vc_row][vc_column]    <div class=\"mh-grid\">\r\n\t\t    <\/div>\r\n\r\n[\/vc_column][\/vc_row]<\/p>\n<\/div>","protected":false},"excerpt":{"rendered":"<p>[vc_row full_width=&#8221;stretch_row_content_no_spaces&#8221; content_placement=&#8221;bottom&#8221; css=&#8221;.vc_custom_1580720336371{background-image: url(https:\/\/www.wretmanestate.com\/wp-content\/uploads\/2019\/11\/new-banner.jpg?id=3444) !important;background-position: center !important;background-repeat: no-repeat !important;background-size: cover !important;}&#8221; el_class=&#8221;bloc-title header_team medium&#8221;][vc_column][vc_single_image image=&#8221;855694&#8243; img_size=&#8221;full&#8221; alignment=&#8221;center&#8221; style=&#8221;vc_box_rounded&#8221; css=&#8221;&#8221;][\/vc_column][\/vc_row][vc_row bg_type=&#8221;bg_color&#8221; bg_override=&#8221;ex-full&#8221; el_class=&#8221;team_desc&#8221; bg_color_value=&#8221;#f2f2f6&#8243; el_id=&#8221;red_links&#8221;][vc_column width=&#8221;1\/2&#8243;][vc_column_text css=&#8221;&#8221;] Hvordan kom du til C\u00f4te d&#8217;Azur? Jeg kommer oprindeligt fra Narbonne, en lille by i det sydvestlige Frankrig. Jeg m\u00e5tte flytte for at studere, og hvad er bedre [&hellip;]<\/p>\n","protected":false},"author":23,"featured_media":0,"parent":154850,"menu_order":0,"comment_status":"closed","ping_status":"closed","template":"page_full-width.php","meta":{"_acf_changed":false,"content-type":"","_monsterinsights_skip_tracking":false,"_monsterinsights_sitenote_active":false,"_monsterinsights_sitenote_note":"","_monsterinsights_sitenote_category":0,"footnotes":""},"class_list":["post-843149","page","type-page","status-publish","hentry"],"acf":[],"yoast_head":"<!-- This site is optimized with the Yoast SEO plugin v27.5 - https:\/\/yoast.com\/product\/yoast-seo-wordpress\/ -->\n<title>Tiffany BARBEAU - Real estate assistant in Vence - Wretman Estate<\/title>\n<meta name=\"description\" content=\"Tiffany is an assistant at Wretman Estate&#039;s Vence office. We are the largest Scandinavian real estate agency on the French Riviera.\" \/>\n<meta name=\"robots\" content=\"index, follow, max-snippet:-1, max-image-preview:large, max-video-preview:-1\" \/>\n<link rel=\"canonical\" href=\"https:\/\/www.wretmanestate.com\/dk\/om-os-ejendomsmaeglere-franske-riviera\/team\/tiffany-barbeau\/\" \/>\n<meta property=\"og:locale\" content=\"en_US\" \/>\n<meta property=\"og:type\" content=\"article\" \/>\n<meta property=\"og:title\" content=\"Tiffany BARBEAU - Real estate assistant in Vence - Wretman Estate\" \/>\n<meta property=\"og:description\" content=\"Tiffany is an assistant at Wretman Estate&#039;s Vence office. We are the largest Scandinavian real estate agency on the French Riviera.\" \/>\n<meta property=\"og:url\" content=\"https:\/\/www.wretmanestate.com\/dk\/om-os-ejendomsmaeglere-franske-riviera\/team\/tiffany-barbeau\/\" \/>\n<meta property=\"og:site_name\" content=\"Wretman Estate\" \/>\n<meta property=\"article:modified_time\" content=\"2025-12-04T15:08:03+00:00\" \/>\n<meta name=\"twitter:card\" content=\"summary_large_image\" \/>\n<meta name=\"twitter:label1\" content=\"Est. reading time\" \/>\n\t<meta name=\"twitter:data1\" content=\"3 minutes\" \/>\n<script type=\"application\/ld+json\" class=\"yoast-schema-graph\">{\"@context\":\"https:\\\/\\\/schema.org\",\"@graph\":[{\"@type\":\"WebPage\",\"@id\":\"https:\\\/\\\/www.wretmanestate.com\\\/dk\\\/om-os-ejendomsmaeglere-franske-riviera\\\/team\\\/tiffany-barbeau\\\/\",\"url\":\"https:\\\/\\\/www.wretmanestate.com\\\/dk\\\/om-os-ejendomsmaeglere-franske-riviera\\\/team\\\/tiffany-barbeau\\\/\",\"name\":\"Tiffany BARBEAU - Real estate assistant in Vence - Wretman Estate\",\"isPartOf\":{\"@id\":\"https:\\\/\\\/www.wretmanestate.com\\\/dk\\\/#website\"},\"datePublished\":\"2025-10-02T13:54:24+00:00\",\"dateModified\":\"2025-12-04T15:08:03+00:00\",\"description\":\"Tiffany is an assistant at Wretman Estate's Vence office. We are the largest Scandinavian real estate agency on the French Riviera.\",\"breadcrumb\":{\"@id\":\"https:\\\/\\\/www.wretmanestate.com\\\/dk\\\/om-os-ejendomsmaeglere-franske-riviera\\\/team\\\/tiffany-barbeau\\\/#breadcrumb\"},\"inLanguage\":\"da-DK\",\"potentialAction\":[{\"@type\":\"ReadAction\",\"target\":[\"https:\\\/\\\/www.wretmanestate.com\\\/dk\\\/om-os-ejendomsmaeglere-franske-riviera\\\/team\\\/tiffany-barbeau\\\/\"]}]},{\"@type\":\"BreadcrumbList\",\"@id\":\"https:\\\/\\\/www.wretmanestate.com\\\/dk\\\/om-os-ejendomsmaeglere-franske-riviera\\\/team\\\/tiffany-barbeau\\\/#breadcrumb\",\"itemListElement\":[{\"@type\":\"ListItem\",\"position\":1,\"name\":\"Accueil\",\"item\":\"https:\\\/\\\/www.wretmanestate.com\\\/dk\\\/\"},{\"@type\":\"ListItem\",\"position\":2,\"name\":\"Om os\",\"item\":\"https:\\\/\\\/www.wretmanestate.com\\\/dk\\\/om-os-ejendomsmaeglere-franske-riviera\\\/\"},{\"@type\":\"ListItem\",\"position\":3,\"name\":\"Team\",\"item\":\"https:\\\/\\\/www.wretmanestate.com\\\/dk\\\/om-os-ejendomsmaeglere-franske-riviera\\\/team\\\/\"},{\"@type\":\"ListItem\",\"position\":4,\"name\":\"Tiffany BARBEAU\"}]},{\"@type\":\"WebSite\",\"@id\":\"https:\\\/\\\/www.wretmanestate.com\\\/dk\\\/#website\",\"url\":\"https:\\\/\\\/www.wretmanestate.com\\\/dk\\\/\",\"name\":\"Wretman Estate\",\"description\":\"Immobilier sur la C\u00f4te d&#039;Azur et la Provence\",\"publisher\":{\"@id\":\"https:\\\/\\\/www.wretmanestate.com\\\/dk\\\/#organization\"},\"potentialAction\":[{\"@type\":\"SearchAction\",\"target\":{\"@type\":\"EntryPoint\",\"urlTemplate\":\"https:\\\/\\\/www.wretmanestate.com\\\/dk\\\/?s={search_term_string}\"},\"query-input\":{\"@type\":\"PropertyValueSpecification\",\"valueRequired\":true,\"valueName\":\"search_term_string\"}}],\"inLanguage\":\"da-DK\"},{\"@type\":\"Organization\",\"@id\":\"https:\\\/\\\/www.wretmanestate.com\\\/dk\\\/#organization\",\"name\":\"WRETMAN ESTATE\",\"url\":\"https:\\\/\\\/www.wretmanestate.com\\\/dk\\\/\",\"logo\":{\"@type\":\"ImageObject\",\"inLanguage\":\"da-DK\",\"@id\":\"https:\\\/\\\/www.wretmanestate.com\\\/dk\\\/#\\\/schema\\\/logo\\\/image\\\/\",\"url\":\"\",\"contentUrl\":\"\",\"caption\":\"WRETMAN ESTATE\"},\"image\":{\"@id\":\"https:\\\/\\\/www.wretmanestate.com\\\/dk\\\/#\\\/schema\\\/logo\\\/image\\\/\"}}]}<\/script>\n<!-- \/ Yoast SEO plugin. -->","yoast_head_json":{"title":"Tiffany BARBEAU - Real estate assistant in Vence - Wretman Estate","description":"Tiffany is an assistant at Wretman Estate's Vence office. We are the largest Scandinavian real estate agency on the French Riviera.","robots":{"index":"index","follow":"follow","max-snippet":"max-snippet:-1","max-image-preview":"max-image-preview:large","max-video-preview":"max-video-preview:-1"},"canonical":"https:\/\/www.wretmanestate.com\/dk\/om-os-ejendomsmaeglere-franske-riviera\/team\/tiffany-barbeau\/","og_locale":"en_US","og_type":"article","og_title":"Tiffany BARBEAU - Real estate assistant in Vence - Wretman Estate","og_description":"Tiffany is an assistant at Wretman Estate's Vence office. We are the largest Scandinavian real estate agency on the French Riviera.","og_url":"https:\/\/www.wretmanestate.com\/dk\/om-os-ejendomsmaeglere-franske-riviera\/team\/tiffany-barbeau\/","og_site_name":"Wretman Estate","article_modified_time":"2025-12-04T15:08:03+00:00","twitter_card":"summary_large_image","twitter_misc":{"Est. reading time":"3 minutes"},"schema":{"@context":"https:\/\/schema.org","@graph":[{"@type":"WebPage","@id":"https:\/\/www.wretmanestate.com\/dk\/om-os-ejendomsmaeglere-franske-riviera\/team\/tiffany-barbeau\/","url":"https:\/\/www.wretmanestate.com\/dk\/om-os-ejendomsmaeglere-franske-riviera\/team\/tiffany-barbeau\/","name":"Tiffany BARBEAU - Real estate assistant in Vence - Wretman Estate","isPartOf":{"@id":"https:\/\/www.wretmanestate.com\/dk\/#website"},"datePublished":"2025-10-02T13:54:24+00:00","dateModified":"2025-12-04T15:08:03+00:00","description":"Tiffany is an assistant at Wretman Estate's Vence office. We are the largest Scandinavian real estate agency on the French Riviera.","breadcrumb":{"@id":"https:\/\/www.wretmanestate.com\/dk\/om-os-ejendomsmaeglere-franske-riviera\/team\/tiffany-barbeau\/#breadcrumb"},"inLanguage":"da-DK","potentialAction":[{"@type":"ReadAction","target":["https:\/\/www.wretmanestate.com\/dk\/om-os-ejendomsmaeglere-franske-riviera\/team\/tiffany-barbeau\/"]}]},{"@type":"BreadcrumbList","@id":"https:\/\/www.wretmanestate.com\/dk\/om-os-ejendomsmaeglere-franske-riviera\/team\/tiffany-barbeau\/#breadcrumb","itemListElement":[{"@type":"ListItem","position":1,"name":"Accueil","item":"https:\/\/www.wretmanestate.com\/dk\/"},{"@type":"ListItem","position":2,"name":"Om os","item":"https:\/\/www.wretmanestate.com\/dk\/om-os-ejendomsmaeglere-franske-riviera\/"},{"@type":"ListItem","position":3,"name":"Team","item":"https:\/\/www.wretmanestate.com\/dk\/om-os-ejendomsmaeglere-franske-riviera\/team\/"},{"@type":"ListItem","position":4,"name":"Tiffany BARBEAU"}]},{"@type":"WebSite","@id":"https:\/\/www.wretmanestate.com\/dk\/#website","url":"https:\/\/www.wretmanestate.com\/dk\/","name":"Wretman Estate","description":"Immobilier sur la C\u00f4te d&#039;Azur et la Provence","publisher":{"@id":"https:\/\/www.wretmanestate.com\/dk\/#organization"},"potentialAction":[{"@type":"SearchAction","target":{"@type":"EntryPoint","urlTemplate":"https:\/\/www.wretmanestate.com\/dk\/?s={search_term_string}"},"query-input":{"@type":"PropertyValueSpecification","valueRequired":true,"valueName":"search_term_string"}}],"inLanguage":"da-DK"},{"@type":"Organization","@id":"https:\/\/www.wretmanestate.com\/dk\/#organization","name":"WRETMAN ESTATE","url":"https:\/\/www.wretmanestate.com\/dk\/","logo":{"@type":"ImageObject","inLanguage":"da-DK","@id":"https:\/\/www.wretmanestate.com\/dk\/#\/schema\/logo\/image\/","url":"","contentUrl":"","caption":"WRETMAN ESTATE"},"image":{"@id":"https:\/\/www.wretmanestate.com\/dk\/#\/schema\/logo\/image\/"}}]}},"_links":{"self":[{"href":"https:\/\/www.wretmanestate.com\/dk\/wp-json\/wp\/v2\/pages\/843149","targetHints":{"allow":["GET"]}}],"collection":[{"href":"https:\/\/www.wretmanestate.com\/dk\/wp-json\/wp\/v2\/pages"}],"about":[{"href":"https:\/\/www.wretmanestate.com\/dk\/wp-json\/wp\/v2\/types\/page"}],"author":[{"embeddable":true,"href":"https:\/\/www.wretmanestate.com\/dk\/wp-json\/wp\/v2\/users\/23"}],"replies":[{"embeddable":true,"href":"https:\/\/www.wretmanestate.com\/dk\/wp-json\/wp\/v2\/comments?post=843149"}],"version-history":[{"count":2,"href":"https:\/\/www.wretmanestate.com\/dk\/wp-json\/wp\/v2\/pages\/843149\/revisions"}],"predecessor-version":[{"id":855705,"href":"https:\/\/www.wretmanestate.com\/dk\/wp-json\/wp\/v2\/pages\/843149\/revisions\/855705"}],"up":[{"embeddable":true,"href":"https:\/\/www.wretmanestate.com\/dk\/wp-json\/wp\/v2\/pages\/154850"}],"wp:attachment":[{"href":"https:\/\/www.wretmanestate.com\/dk\/wp-json\/wp\/v2\/media?parent=843149"}],"curies":[{"name":"wp","href":"https:\/\/api.w.org\/{rel}","templated":true}]}}