{"id":853221,"date":"2025-11-18T15:27:20","date_gmt":"2025-11-18T14:27:20","guid":{"rendered":"https:\/\/www.wretmanestate.com\/?page_id=853221"},"modified":"2025-11-18T15:59:27","modified_gmt":"2025-11-18T14:59:27","slug":"ilona-hutsenband","status":"publish","type":"page","link":"https:\/\/www.wretmanestate.com\/dk\/om-os-ejendomsmaeglere-franske-riviera\/team\/ilona-hutsenband\/","title":{"rendered":"Ilona HUTSENBAND"},"content":{"rendered":"<div class=\"wpb-content-wrapper\"><p>[vc_row full_width=&#8221;stretch_row_content_no_spaces&#8221; content_placement=&#8221;bottom&#8221; css=&#8221;.vc_custom_1580720481228{background-image: url(https:\/\/www.wretmanestate.com\/wp-content\/uploads\/2019\/11\/new-banner.jpg?id=3444) !important;background-position: center !important;background-repeat: no-repeat !important;background-size: cover !important;}&#8221; el_class=&#8221;bloc-title header_team medium&#8221;][vc_column]<div class=\" \">\r\n\t\r\n        <div class=\"mh-heading-wrapper\">\r\n            <h1            class=\"mh-heading mh-color-white mh-heading--bottom-separator   \"\r\n            style=\"font-weight:700;\">\r\n\t\t\tIlona HUTSENBAND        <\/h1>\r\n\r\n\t\t            <div class=\"mh-subheading mh-color-white\"\r\n                 style=\"\">\r\n\t\t\t\tSalgsassistent i Lorgues og omegn            <\/div>\r\n\t\t    <\/div>\r\n\r\n\t<\/div>[vc_single_image image=&#8221;853230&#8243; img_size=&#8221;full&#8221; alignment=&#8221;center&#8221; style=&#8221;vc_box_rounded&#8221; css=&#8221;&#8221;][\/vc_column][\/vc_row][vc_row bg_type=&#8221;bg_color&#8221; bg_override=&#8221;ex-full&#8221; el_class=&#8221;team_desc&#8221; bg_color_value=&#8221;#f2f2f6&#8243;][vc_column width=&#8221;1\/2&#8243;][vc_column_text css=&#8221;&#8221;]<\/p>\n<h5><span style=\"color: #993300;\"><strong>Hvor l\u00e6nge har du boet i Frankrig?<\/strong><\/span><\/h5>\n<p>Jeg har boet i Frankrig i fire \u00e5r nu, for jeg er belgier og boede tidligere i Belgien.<\/p>\n<h5><span style=\"color: #993300;\"><strong>Hvad er din yndlingsudflugt i regionen?<\/strong><\/span><\/h5>\n<p>Min yndlingsudflugt er en sommerdag, hvor jeg tager min hund med ud at bade i en smuk flod.<\/p>\n<h5><span style=\"color: #993300;\"><strong>Hvad kan du lide at lave p\u00e5 en fridag?<\/strong><\/span><\/h5>\n<p>P\u00e5 mine fridage elsker jeg at passe mine heste og dyr eller g\u00e5 ud med mine veninder, shoppe og tilbringe tid med min familie.[\/vc_column_text][\/vc_column][vc_column width=&#8221;1\/2&#8243;][vc_column_text css=&#8221;&#8221;]<\/p>\n<h5><span style=\"color: #993300;\"><strong>Hvordan ser en perfekt s\u00f8ndag ud for dig?<\/strong><\/span><\/h5>\n<p>For mig er en perfekt s\u00f8ndag en solrig s\u00f8ndag, hvor jeg nyder at v\u00e6re sammen med min familie.<\/p>\n<h5><span style=\"color: #993300;\"><strong>Hvordan kom du til C\u00f4te d&#8217;Azur?<\/strong><\/span><\/h5>\n<p>Jeg kom til C\u00f4te d&#8217;Azur, fordi en af mine for\u00e6ldres venner boede her, og han overbeviste dem om at flytte til solens rige, s\u00e5 de kunne nyde det hele \u00e5ret rundt.<\/p>\n<h5><span style=\"color: #993300;\"><strong>Hvor er dit yndlingssted at tage p\u00e5 stranden?<\/strong><\/span><\/h5>\n<p>Da jeg ikke har v\u00e6ret her s\u00e5 l\u00e6nge, kender jeg ikke s\u00e5 mange steder, men jeg foretr\u00e6kker at tage til stenstrande eller sm\u00e5 bugter, hvor der ikke er nogen, men ogs\u00e5 til St. Tropez med mine venner.[\/vc_column_text][\/vc_column][\/vc_row][vc_row][vc_column]    <div class=\"mh-grid\">\r\n\t\t    <\/div>\r\n\r\n[\/vc_column][\/vc_row]<\/p>\n<\/div>","protected":false},"excerpt":{"rendered":"<p>[vc_row full_width=&#8221;stretch_row_content_no_spaces&#8221; content_placement=&#8221;bottom&#8221; css=&#8221;.vc_custom_1580720481228{background-image: url(https:\/\/www.wretmanestate.com\/wp-content\/uploads\/2019\/11\/new-banner.jpg?id=3444) !important;background-position: center !important;background-repeat: no-repeat !important;background-size: cover !important;}&#8221; el_class=&#8221;bloc-title header_team medium&#8221;][vc_column][vc_single_image image=&#8221;853230&#8243; img_size=&#8221;full&#8221; alignment=&#8221;center&#8221; style=&#8221;vc_box_rounded&#8221; css=&#8221;&#8221;][\/vc_column][\/vc_row][vc_row bg_type=&#8221;bg_color&#8221; bg_override=&#8221;ex-full&#8221; el_class=&#8221;team_desc&#8221; bg_color_value=&#8221;#f2f2f6&#8243;][vc_column width=&#8221;1\/2&#8243;][vc_column_text css=&#8221;&#8221;] Hvor l\u00e6nge har du boet i Frankrig? Jeg har boet i Frankrig i fire \u00e5r nu, for jeg er belgier og boede tidligere i Belgien. Hvad er din yndlingsudflugt [&hellip;]<\/p>\n","protected":false},"author":23,"featured_media":0,"parent":154850,"menu_order":0,"comment_status":"closed","ping_status":"closed","template":"page_full-width.php","meta":{"_acf_changed":false,"content-type":"","_monsterinsights_skip_tracking":false,"_monsterinsights_sitenote_active":false,"_monsterinsights_sitenote_note":"","_monsterinsights_sitenote_category":0,"footnotes":""},"class_list":["post-853221","page","type-page","status-publish","hentry"],"acf":[],"yoast_head":"<!-- This site is optimized with the Yoast SEO plugin v27.5 - https:\/\/yoast.com\/product\/yoast-seo-wordpress\/ -->\n<title>Salgsagent i Lorgues - Ilona HUTSENBAND - Wretman Estate<\/title>\n<meta name=\"description\" content=\"Ilona Hutsenband er salgsassistent hos Wretman Estate, hvor hun assisterer vores m\u00e6glere med ejendomstransaktioner i Lorgues p\u00e5 C\u00f4te d&#039;Azur.\" \/>\n<meta name=\"robots\" content=\"index, follow, max-snippet:-1, max-image-preview:large, max-video-preview:-1\" \/>\n<link rel=\"canonical\" href=\"https:\/\/www.wretmanestate.com\/dk\/om-os-ejendomsmaeglere-franske-riviera\/team\/ilona-hutsenband\/\" \/>\n<meta property=\"og:locale\" content=\"en_US\" \/>\n<meta property=\"og:type\" content=\"article\" \/>\n<meta property=\"og:title\" content=\"Salgsagent i Lorgues - Ilona HUTSENBAND - Wretman Estate\" \/>\n<meta property=\"og:description\" content=\"Ilona Hutsenband er salgsassistent hos Wretman Estate, hvor hun assisterer vores m\u00e6glere med ejendomstransaktioner i Lorgues p\u00e5 C\u00f4te d&#039;Azur.\" \/>\n<meta property=\"og:url\" content=\"https:\/\/www.wretmanestate.com\/dk\/om-os-ejendomsmaeglere-franske-riviera\/team\/ilona-hutsenband\/\" \/>\n<meta property=\"og:site_name\" content=\"Wretman Estate\" \/>\n<meta property=\"article:modified_time\" content=\"2025-11-18T14:59:27+00:00\" \/>\n<meta name=\"twitter:card\" content=\"summary_large_image\" \/>\n<meta name=\"twitter:label1\" content=\"Est. reading time\" \/>\n\t<meta name=\"twitter:data1\" content=\"2 minutes\" \/>\n<script type=\"application\/ld+json\" class=\"yoast-schema-graph\">{\"@context\":\"https:\\\/\\\/schema.org\",\"@graph\":[{\"@type\":\"WebPage\",\"@id\":\"https:\\\/\\\/www.wretmanestate.com\\\/dk\\\/om-os-ejendomsmaeglere-franske-riviera\\\/team\\\/ilona-hutsenband\\\/\",\"url\":\"https:\\\/\\\/www.wretmanestate.com\\\/dk\\\/om-os-ejendomsmaeglere-franske-riviera\\\/team\\\/ilona-hutsenband\\\/\",\"name\":\"Salgsagent i Lorgues - Ilona HUTSENBAND - Wretman Estate\",\"isPartOf\":{\"@id\":\"https:\\\/\\\/www.wretmanestate.com\\\/dk\\\/#website\"},\"datePublished\":\"2025-11-18T14:27:20+00:00\",\"dateModified\":\"2025-11-18T14:59:27+00:00\",\"description\":\"Ilona Hutsenband er salgsassistent hos Wretman Estate, hvor hun assisterer vores m\u00e6glere med ejendomstransaktioner i Lorgues p\u00e5 C\u00f4te d'Azur.\",\"breadcrumb\":{\"@id\":\"https:\\\/\\\/www.wretmanestate.com\\\/dk\\\/om-os-ejendomsmaeglere-franske-riviera\\\/team\\\/ilona-hutsenband\\\/#breadcrumb\"},\"inLanguage\":\"da-DK\",\"potentialAction\":[{\"@type\":\"ReadAction\",\"target\":[\"https:\\\/\\\/www.wretmanestate.com\\\/dk\\\/om-os-ejendomsmaeglere-franske-riviera\\\/team\\\/ilona-hutsenband\\\/\"]}]},{\"@type\":\"BreadcrumbList\",\"@id\":\"https:\\\/\\\/www.wretmanestate.com\\\/dk\\\/om-os-ejendomsmaeglere-franske-riviera\\\/team\\\/ilona-hutsenband\\\/#breadcrumb\",\"itemListElement\":[{\"@type\":\"ListItem\",\"position\":1,\"name\":\"Accueil\",\"item\":\"https:\\\/\\\/www.wretmanestate.com\\\/dk\\\/\"},{\"@type\":\"ListItem\",\"position\":2,\"name\":\"Om os\",\"item\":\"https:\\\/\\\/www.wretmanestate.com\\\/dk\\\/om-os-ejendomsmaeglere-franske-riviera\\\/\"},{\"@type\":\"ListItem\",\"position\":3,\"name\":\"Team\",\"item\":\"https:\\\/\\\/www.wretmanestate.com\\\/dk\\\/om-os-ejendomsmaeglere-franske-riviera\\\/team\\\/\"},{\"@type\":\"ListItem\",\"position\":4,\"name\":\"Ilona HUTSENBAND\"}]},{\"@type\":\"WebSite\",\"@id\":\"https:\\\/\\\/www.wretmanestate.com\\\/dk\\\/#website\",\"url\":\"https:\\\/\\\/www.wretmanestate.com\\\/dk\\\/\",\"name\":\"Wretman Estate\",\"description\":\"Immobilier sur la C\u00f4te d&#039;Azur et la Provence\",\"publisher\":{\"@id\":\"https:\\\/\\\/www.wretmanestate.com\\\/dk\\\/#organization\"},\"potentialAction\":[{\"@type\":\"SearchAction\",\"target\":{\"@type\":\"EntryPoint\",\"urlTemplate\":\"https:\\\/\\\/www.wretmanestate.com\\\/dk\\\/?s={search_term_string}\"},\"query-input\":{\"@type\":\"PropertyValueSpecification\",\"valueRequired\":true,\"valueName\":\"search_term_string\"}}],\"inLanguage\":\"da-DK\"},{\"@type\":\"Organization\",\"@id\":\"https:\\\/\\\/www.wretmanestate.com\\\/dk\\\/#organization\",\"name\":\"WRETMAN ESTATE\",\"url\":\"https:\\\/\\\/www.wretmanestate.com\\\/dk\\\/\",\"logo\":{\"@type\":\"ImageObject\",\"inLanguage\":\"da-DK\",\"@id\":\"https:\\\/\\\/www.wretmanestate.com\\\/dk\\\/#\\\/schema\\\/logo\\\/image\\\/\",\"url\":\"\",\"contentUrl\":\"\",\"caption\":\"WRETMAN ESTATE\"},\"image\":{\"@id\":\"https:\\\/\\\/www.wretmanestate.com\\\/dk\\\/#\\\/schema\\\/logo\\\/image\\\/\"}}]}<\/script>\n<!-- \/ Yoast SEO plugin. -->","yoast_head_json":{"title":"Salgsagent i Lorgues - Ilona HUTSENBAND - Wretman Estate","description":"Ilona Hutsenband er salgsassistent hos Wretman Estate, hvor hun assisterer vores m\u00e6glere med ejendomstransaktioner i Lorgues p\u00e5 C\u00f4te d'Azur.","robots":{"index":"index","follow":"follow","max-snippet":"max-snippet:-1","max-image-preview":"max-image-preview:large","max-video-preview":"max-video-preview:-1"},"canonical":"https:\/\/www.wretmanestate.com\/dk\/om-os-ejendomsmaeglere-franske-riviera\/team\/ilona-hutsenband\/","og_locale":"en_US","og_type":"article","og_title":"Salgsagent i Lorgues - Ilona HUTSENBAND - Wretman Estate","og_description":"Ilona Hutsenband er salgsassistent hos Wretman Estate, hvor hun assisterer vores m\u00e6glere med ejendomstransaktioner i Lorgues p\u00e5 C\u00f4te d'Azur.","og_url":"https:\/\/www.wretmanestate.com\/dk\/om-os-ejendomsmaeglere-franske-riviera\/team\/ilona-hutsenband\/","og_site_name":"Wretman Estate","article_modified_time":"2025-11-18T14:59:27+00:00","twitter_card":"summary_large_image","twitter_misc":{"Est. reading time":"2 minutes"},"schema":{"@context":"https:\/\/schema.org","@graph":[{"@type":"WebPage","@id":"https:\/\/www.wretmanestate.com\/dk\/om-os-ejendomsmaeglere-franske-riviera\/team\/ilona-hutsenband\/","url":"https:\/\/www.wretmanestate.com\/dk\/om-os-ejendomsmaeglere-franske-riviera\/team\/ilona-hutsenband\/","name":"Salgsagent i Lorgues - Ilona HUTSENBAND - Wretman Estate","isPartOf":{"@id":"https:\/\/www.wretmanestate.com\/dk\/#website"},"datePublished":"2025-11-18T14:27:20+00:00","dateModified":"2025-11-18T14:59:27+00:00","description":"Ilona Hutsenband er salgsassistent hos Wretman Estate, hvor hun assisterer vores m\u00e6glere med ejendomstransaktioner i Lorgues p\u00e5 C\u00f4te d'Azur.","breadcrumb":{"@id":"https:\/\/www.wretmanestate.com\/dk\/om-os-ejendomsmaeglere-franske-riviera\/team\/ilona-hutsenband\/#breadcrumb"},"inLanguage":"da-DK","potentialAction":[{"@type":"ReadAction","target":["https:\/\/www.wretmanestate.com\/dk\/om-os-ejendomsmaeglere-franske-riviera\/team\/ilona-hutsenband\/"]}]},{"@type":"BreadcrumbList","@id":"https:\/\/www.wretmanestate.com\/dk\/om-os-ejendomsmaeglere-franske-riviera\/team\/ilona-hutsenband\/#breadcrumb","itemListElement":[{"@type":"ListItem","position":1,"name":"Accueil","item":"https:\/\/www.wretmanestate.com\/dk\/"},{"@type":"ListItem","position":2,"name":"Om os","item":"https:\/\/www.wretmanestate.com\/dk\/om-os-ejendomsmaeglere-franske-riviera\/"},{"@type":"ListItem","position":3,"name":"Team","item":"https:\/\/www.wretmanestate.com\/dk\/om-os-ejendomsmaeglere-franske-riviera\/team\/"},{"@type":"ListItem","position":4,"name":"Ilona HUTSENBAND"}]},{"@type":"WebSite","@id":"https:\/\/www.wretmanestate.com\/dk\/#website","url":"https:\/\/www.wretmanestate.com\/dk\/","name":"Wretman Estate","description":"Immobilier sur la C\u00f4te d&#039;Azur et la Provence","publisher":{"@id":"https:\/\/www.wretmanestate.com\/dk\/#organization"},"potentialAction":[{"@type":"SearchAction","target":{"@type":"EntryPoint","urlTemplate":"https:\/\/www.wretmanestate.com\/dk\/?s={search_term_string}"},"query-input":{"@type":"PropertyValueSpecification","valueRequired":true,"valueName":"search_term_string"}}],"inLanguage":"da-DK"},{"@type":"Organization","@id":"https:\/\/www.wretmanestate.com\/dk\/#organization","name":"WRETMAN ESTATE","url":"https:\/\/www.wretmanestate.com\/dk\/","logo":{"@type":"ImageObject","inLanguage":"da-DK","@id":"https:\/\/www.wretmanestate.com\/dk\/#\/schema\/logo\/image\/","url":"","contentUrl":"","caption":"WRETMAN ESTATE"},"image":{"@id":"https:\/\/www.wretmanestate.com\/dk\/#\/schema\/logo\/image\/"}}]}},"_links":{"self":[{"href":"https:\/\/www.wretmanestate.com\/dk\/wp-json\/wp\/v2\/pages\/853221","targetHints":{"allow":["GET"]}}],"collection":[{"href":"https:\/\/www.wretmanestate.com\/dk\/wp-json\/wp\/v2\/pages"}],"about":[{"href":"https:\/\/www.wretmanestate.com\/dk\/wp-json\/wp\/v2\/types\/page"}],"author":[{"embeddable":true,"href":"https:\/\/www.wretmanestate.com\/dk\/wp-json\/wp\/v2\/users\/23"}],"replies":[{"embeddable":true,"href":"https:\/\/www.wretmanestate.com\/dk\/wp-json\/wp\/v2\/comments?post=853221"}],"version-history":[{"count":3,"href":"https:\/\/www.wretmanestate.com\/dk\/wp-json\/wp\/v2\/pages\/853221\/revisions"}],"predecessor-version":[{"id":853248,"href":"https:\/\/www.wretmanestate.com\/dk\/wp-json\/wp\/v2\/pages\/853221\/revisions\/853248"}],"up":[{"embeddable":true,"href":"https:\/\/www.wretmanestate.com\/dk\/wp-json\/wp\/v2\/pages\/154850"}],"wp:attachment":[{"href":"https:\/\/www.wretmanestate.com\/dk\/wp-json\/wp\/v2\/media?parent=853221"}],"curies":[{"name":"wp","href":"https:\/\/api.w.org\/{rel}","templated":true}]}}