{"id":233404,"date":"2021-08-04T10:08:07","date_gmt":"2021-08-04T08:08:07","guid":{"rendered":"https:\/\/www.wretmanestate.com\/om-oss-eiendomsmeglere-franske-rivieraen\/team\/wenche-bautz-2\/"},"modified":"2022-09-14T12:22:16","modified_gmt":"2022-09-14T10:22:16","slug":"wenche-bautz","status":"publish","type":"page","link":"https:\/\/www.wretmanestate.com\/no\/om-oss-eiendomsmeglere-franske-rivieraen\/team\/wenche-bautz\/","title":{"rendered":"Wenche BAUTZ"},"content":{"rendered":"<div class=\"wpb-content-wrapper\"><p>[vc_row full_width=&#8221;stretch_row_content_no_spaces&#8221; content_placement=&#8221;bottom&#8221; css=&#8221;.vc_custom_1580722896940{background-image: url(https:\/\/www.wretmanestate.com\/wp-content\/uploads\/2019\/11\/new-banner.jpg?id=3444) !important;background-position: center !important;background-repeat: no-repeat !important;background-size: cover !important;}&#8221; el_class=&#8221;bloc-title header_team medium&#8221;][vc_column]<div class=\" \">\r\n\t\r\n        <div class=\"mh-heading-wrapper\">\r\n            <h1            class=\"mh-heading mh-color-white mh-heading--bottom-separator   \"\r\n            style=\"font-weight:700;\">\r\n\t\t\tWenche BAUTZ        <\/h1>\r\n\r\n\t\t            <div class=\"mh-subheading mh-color-white\"\r\n                 style=\"\">\r\n\t\t\t\tAgent commercial sp\u00e9cialis\u00e9e dans la client\u00e8le norv\u00e9gienne            <\/div>\r\n\t\t    <\/div>\r\n\r\n\t<\/div>[vc_single_image image=&#8221;328266&#8243; img_size=&#8221;full&#8221; alignment=&#8221;center&#8221; style=&#8221;vc_box_rounded&#8221;][\/vc_column][\/vc_row][vc_row bg_type=&#8221;bg_color&#8221; bg_override=&#8221;ex-full&#8221; el_class=&#8221;team_desc red_links&#8221; bg_color_value=&#8221;#f2f2f6&#8243;][vc_column width=&#8221;1\/2&#8243;][vc_column_text]<\/p>\n<h5><strong>Combien de temps as-tu v\u00e9cu en France\u00a0? <\/strong><\/h5>\n<p>Je d\u00e9m\u00e9nage actuellement en France. Pendant les 6 derni\u00e8res ann\u00e9es j\u2019ai v\u00e9cu entre la Norv\u00e8ge et la France et pendant 35 ans j\u2019ai pass\u00e9 la plupart de mes vacances en France.<\/p>\n<h5><strong>Raconte-nous quelque chose sur toi\/ une info in\u00e9dite que peu de personnes connaissent\/sont au courant.<\/strong><\/h5>\n<p>En Norv\u00e8ge je suis aussi notaire ! Et pour le moment je suis le seul agent immobilier en France avec cette exp\u00e9rience et qui parle aussi fran\u00e7ais. En Norv\u00e8ge, les agents immobiliers sont \u00e9galement des notaires. Nous nous occupons de tout ; la vente, les contrats, les informations concernant les propri\u00e9t\u00e9s etc. Il faut 5 ans d&#8217;\u00e9tudes et de pratique pour devenir agent immobilier en Norv\u00e8ge et ce sont des \u00e9tudes juridiques et \u00e9conomiques sp\u00e9cifiquement destin\u00e9es \u00e0 l&#8217;immobilier, succession, etc. Ces \u00e9tudes sont obligatoires pour travailler dans l&#8217;immobilier en Norv\u00e8ge. Ce n&#8217;est pas n\u00e9cessaire en France car nous avons les notaires. Mon exp\u00e9rience et mon \u00e9ducation me donnent une possibilit\u00e9 unique de conseiller les clients sur les diff\u00e9rences d&#8217;achat de biens en Norv\u00e8ge et en France, et informer les Norv\u00e9giens sur les \u00e9tapes \u00e0 suivre lors du processus d&#8217;achat.[\/vc_column_text][\/vc_column][vc_column width=&#8221;1\/2&#8243;][vc_column_text]<\/p>\n<h5><strong>Quel est ton endroit pr\u00e9f\u00e9r\u00e9 pour aller \u00e0 la plage ?<\/strong><\/h5>\n<p>Cannes la Bocca.<\/p>\n<h5><strong>Quelle est la meilleure station de ski des environs ?<\/strong><\/h5>\n<p>J\u2019adore skier \u00e0 Auron.<\/p>\n<h5><strong>Comment es-tu arriv\u00e9(e) sur la C\u00f4te d&#8217;Azur ?<\/strong><\/h5>\n<p>Depuis que je suis venue en France pour la premi\u00e8re fois \u00e0 19 ans pour apprendre la langue, je suis amoureuse de la France. J\u2019ai \u00e9tudi\u00e9 le fran\u00e7ais pendant un an \u00e0 Paris et Versailles, puis j\u2019ai poursuivi en Norv\u00e8ge \u00e0 l\u2019universit\u00e9 d\u2019Oslo. Depuis 1984, j\u2019ai pass\u00e9 pratiquement toutes mes vacances en France, un peu partout \u00e0 travers le pays. Ce sont le soleil et les couleurs du Sud qui m\u2019ont retenu sur la C\u00f4te d\u2019Azur.[\/vc_column_text][\/vc_column][\/vc_row][vc_row][vc_column]    <div class=\"mh-grid\">\r\n\t\t    <\/div>\r\n\r\n[\/vc_column][\/vc_row]<\/p>\n<\/div>","protected":false},"excerpt":{"rendered":"<p>[vc_row full_width=&#8221;stretch_row_content_no_spaces&#8221; content_placement=&#8221;bottom&#8221; css=&#8221;.vc_custom_1580722896940{background-image: url(https:\/\/www.wretmanestate.com\/wp-content\/uploads\/2019\/11\/new-banner.jpg?id=3444) !important;background-position: center !important;background-repeat: no-repeat !important;background-size: cover !important;}&#8221; el_class=&#8221;bloc-title header_team medium&#8221;][vc_column][vc_single_image image=&#8221;328266&#8243; img_size=&#8221;full&#8221; alignment=&#8221;center&#8221; style=&#8221;vc_box_rounded&#8221;][\/vc_column][\/vc_row][vc_row bg_type=&#8221;bg_color&#8221; bg_override=&#8221;ex-full&#8221; el_class=&#8221;team_desc red_links&#8221; bg_color_value=&#8221;#f2f2f6&#8243;][vc_column width=&#8221;1\/2&#8243;][vc_column_text] Combien de temps as-tu v\u00e9cu en France\u00a0? Je d\u00e9m\u00e9nage actuellement en France. Pendant les 6 derni\u00e8res ann\u00e9es j\u2019ai v\u00e9cu entre la Norv\u00e8ge et la France et pendant 35 ans j\u2019ai [&hellip;]<\/p>\n","protected":false},"author":1,"featured_media":0,"parent":65074,"menu_order":0,"comment_status":"closed","ping_status":"closed","template":"page_full-width.php","meta":{"_acf_changed":false,"content-type":"","_monsterinsights_skip_tracking":false,"_monsterinsights_sitenote_active":false,"_monsterinsights_sitenote_note":"","_monsterinsights_sitenote_category":0,"footnotes":""},"class_list":["post-233404","page","type-page","status-publish","hentry"],"acf":[],"yoast_head":"<!-- This site is optimized with the Yoast SEO plugin v27.4 - https:\/\/yoast.com\/product\/yoast-seo-wordpress\/ -->\n<title>Agent commerciale norv\u00e9gienne - Wenche BAUTZ - Wretman Estate<\/title>\n<meta name=\"robots\" content=\"index, follow, max-snippet:-1, max-image-preview:large, max-video-preview:-1\" \/>\n<link rel=\"canonical\" href=\"https:\/\/www.wretmanestate.com\/no\/om-oss-eiendomsmeglere-franske-rivieraen\/team\/wenche-bautz\/\" \/>\n<meta property=\"og:locale\" content=\"nb_NO\" \/>\n<meta property=\"og:type\" content=\"article\" \/>\n<meta property=\"og:title\" content=\"Agent commerciale norv\u00e9gienne - Wenche BAUTZ - Wretman Estate\" \/>\n<meta property=\"og:description\" content=\"[vc_row full_width=&#8221;stretch_row_content_no_spaces&#8221; content_placement=&#8221;bottom&#8221; css=&#8221;.vc_custom_1580722896940{background-image: url(https:\/\/www.wretmanestate.com\/wp-content\/uploads\/2019\/11\/new-banner.jpg?id=3444) !important;background-position: center !important;background-repeat: no-repeat !important;background-size: cover !important;}&#8221; el_class=&#8221;bloc-title header_team medium&#8221;][vc_column][vc_single_image image=&#8221;328266&#8243; img_size=&#8221;full&#8221; alignment=&#8221;center&#8221; style=&#8221;vc_box_rounded&#8221;][\/vc_column][\/vc_row][vc_row bg_type=&#8221;bg_color&#8221; bg_override=&#8221;ex-full&#8221; el_class=&#8221;team_desc red_links&#8221; bg_color_value=&#8221;#f2f2f6&#8243;][vc_column width=&#8221;1\/2&#8243;][vc_column_text] Combien de temps as-tu v\u00e9cu en France\u00a0? Je d\u00e9m\u00e9nage actuellement en France. Pendant les 6 derni\u00e8res ann\u00e9es j\u2019ai v\u00e9cu entre la Norv\u00e8ge et la France et pendant 35 ans j\u2019ai [&hellip;]\" \/>\n<meta property=\"og:url\" content=\"https:\/\/www.wretmanestate.com\/no\/om-oss-eiendomsmeglere-franske-rivieraen\/team\/wenche-bautz\/\" \/>\n<meta property=\"og:site_name\" content=\"Wretman Estate\" \/>\n<meta property=\"article:modified_time\" content=\"2022-09-14T10:22:16+00:00\" \/>\n<meta name=\"twitter:card\" content=\"summary_large_image\" \/>\n<meta name=\"twitter:label1\" content=\"Ansl. lesetid\" \/>\n\t<meta name=\"twitter:data1\" content=\"3 minutter\" \/>\n<script type=\"application\/ld+json\" class=\"yoast-schema-graph\">{\"@context\":\"https:\\\/\\\/schema.org\",\"@graph\":[{\"@type\":\"WebPage\",\"@id\":\"https:\\\/\\\/www.wretmanestate.com\\\/no\\\/om-oss-eiendomsmeglere-franske-rivieraen\\\/team\\\/wenche-bautz\\\/\",\"url\":\"https:\\\/\\\/www.wretmanestate.com\\\/no\\\/om-oss-eiendomsmeglere-franske-rivieraen\\\/team\\\/wenche-bautz\\\/\",\"name\":\"Agent commerciale norv\u00e9gienne - Wenche BAUTZ - Wretman Estate\",\"isPartOf\":{\"@id\":\"https:\\\/\\\/www.wretmanestate.com\\\/no\\\/#website\"},\"datePublished\":\"2021-08-04T08:08:07+00:00\",\"dateModified\":\"2022-09-14T10:22:16+00:00\",\"breadcrumb\":{\"@id\":\"https:\\\/\\\/www.wretmanestate.com\\\/no\\\/om-oss-eiendomsmeglere-franske-rivieraen\\\/team\\\/wenche-bautz\\\/#breadcrumb\"},\"inLanguage\":\"nb-NO\",\"potentialAction\":[{\"@type\":\"ReadAction\",\"target\":[\"https:\\\/\\\/www.wretmanestate.com\\\/no\\\/om-oss-eiendomsmeglere-franske-rivieraen\\\/team\\\/wenche-bautz\\\/\"]}]},{\"@type\":\"BreadcrumbList\",\"@id\":\"https:\\\/\\\/www.wretmanestate.com\\\/no\\\/om-oss-eiendomsmeglere-franske-rivieraen\\\/team\\\/wenche-bautz\\\/#breadcrumb\",\"itemListElement\":[{\"@type\":\"ListItem\",\"position\":1,\"name\":\"Accueil\",\"item\":\"https:\\\/\\\/www.wretmanestate.com\\\/no\\\/\"},{\"@type\":\"ListItem\",\"position\":2,\"name\":\"Om oss\",\"item\":\"https:\\\/\\\/www.wretmanestate.com\\\/no\\\/om-oss-eiendomsmeglere-franske-rivieraen\\\/\"},{\"@type\":\"ListItem\",\"position\":3,\"name\":\"Team\",\"item\":\"https:\\\/\\\/www.wretmanestate.com\\\/no\\\/om-oss-eiendomsmeglere-franske-rivieraen\\\/team\\\/\"},{\"@type\":\"ListItem\",\"position\":4,\"name\":\"Wenche BAUTZ\"}]},{\"@type\":\"WebSite\",\"@id\":\"https:\\\/\\\/www.wretmanestate.com\\\/no\\\/#website\",\"url\":\"https:\\\/\\\/www.wretmanestate.com\\\/no\\\/\",\"name\":\"Wretman Estate\",\"description\":\"Immobilier sur la C\u00f4te d&#039;Azur et la Provence\",\"publisher\":{\"@id\":\"https:\\\/\\\/www.wretmanestate.com\\\/no\\\/#organization\"},\"potentialAction\":[{\"@type\":\"SearchAction\",\"target\":{\"@type\":\"EntryPoint\",\"urlTemplate\":\"https:\\\/\\\/www.wretmanestate.com\\\/no\\\/?s={search_term_string}\"},\"query-input\":{\"@type\":\"PropertyValueSpecification\",\"valueRequired\":true,\"valueName\":\"search_term_string\"}}],\"inLanguage\":\"nb-NO\"},{\"@type\":\"Organization\",\"@id\":\"https:\\\/\\\/www.wretmanestate.com\\\/no\\\/#organization\",\"name\":\"WRETMAN ESTATE\",\"url\":\"https:\\\/\\\/www.wretmanestate.com\\\/no\\\/\",\"logo\":{\"@type\":\"ImageObject\",\"inLanguage\":\"nb-NO\",\"@id\":\"https:\\\/\\\/www.wretmanestate.com\\\/no\\\/#\\\/schema\\\/logo\\\/image\\\/\",\"url\":\"\",\"contentUrl\":\"\",\"caption\":\"WRETMAN ESTATE\"},\"image\":{\"@id\":\"https:\\\/\\\/www.wretmanestate.com\\\/no\\\/#\\\/schema\\\/logo\\\/image\\\/\"}}]}<\/script>\n<!-- \/ Yoast SEO plugin. -->","yoast_head_json":{"title":"Agent commerciale norv\u00e9gienne - Wenche BAUTZ - Wretman Estate","robots":{"index":"index","follow":"follow","max-snippet":"max-snippet:-1","max-image-preview":"max-image-preview:large","max-video-preview":"max-video-preview:-1"},"canonical":"https:\/\/www.wretmanestate.com\/no\/om-oss-eiendomsmeglere-franske-rivieraen\/team\/wenche-bautz\/","og_locale":"nb_NO","og_type":"article","og_title":"Agent commerciale norv\u00e9gienne - Wenche BAUTZ - Wretman Estate","og_description":"[vc_row full_width=&#8221;stretch_row_content_no_spaces&#8221; content_placement=&#8221;bottom&#8221; css=&#8221;.vc_custom_1580722896940{background-image: url(https:\/\/www.wretmanestate.com\/wp-content\/uploads\/2019\/11\/new-banner.jpg?id=3444) !important;background-position: center !important;background-repeat: no-repeat !important;background-size: cover !important;}&#8221; el_class=&#8221;bloc-title header_team medium&#8221;][vc_column][vc_single_image image=&#8221;328266&#8243; img_size=&#8221;full&#8221; alignment=&#8221;center&#8221; style=&#8221;vc_box_rounded&#8221;][\/vc_column][\/vc_row][vc_row bg_type=&#8221;bg_color&#8221; bg_override=&#8221;ex-full&#8221; el_class=&#8221;team_desc red_links&#8221; bg_color_value=&#8221;#f2f2f6&#8243;][vc_column width=&#8221;1\/2&#8243;][vc_column_text] Combien de temps as-tu v\u00e9cu en France\u00a0? Je d\u00e9m\u00e9nage actuellement en France. Pendant les 6 derni\u00e8res ann\u00e9es j\u2019ai v\u00e9cu entre la Norv\u00e8ge et la France et pendant 35 ans j\u2019ai [&hellip;]","og_url":"https:\/\/www.wretmanestate.com\/no\/om-oss-eiendomsmeglere-franske-rivieraen\/team\/wenche-bautz\/","og_site_name":"Wretman Estate","article_modified_time":"2022-09-14T10:22:16+00:00","twitter_card":"summary_large_image","twitter_misc":{"Ansl. lesetid":"3 minutter"},"schema":{"@context":"https:\/\/schema.org","@graph":[{"@type":"WebPage","@id":"https:\/\/www.wretmanestate.com\/no\/om-oss-eiendomsmeglere-franske-rivieraen\/team\/wenche-bautz\/","url":"https:\/\/www.wretmanestate.com\/no\/om-oss-eiendomsmeglere-franske-rivieraen\/team\/wenche-bautz\/","name":"Agent commerciale norv\u00e9gienne - Wenche BAUTZ - Wretman Estate","isPartOf":{"@id":"https:\/\/www.wretmanestate.com\/no\/#website"},"datePublished":"2021-08-04T08:08:07+00:00","dateModified":"2022-09-14T10:22:16+00:00","breadcrumb":{"@id":"https:\/\/www.wretmanestate.com\/no\/om-oss-eiendomsmeglere-franske-rivieraen\/team\/wenche-bautz\/#breadcrumb"},"inLanguage":"nb-NO","potentialAction":[{"@type":"ReadAction","target":["https:\/\/www.wretmanestate.com\/no\/om-oss-eiendomsmeglere-franske-rivieraen\/team\/wenche-bautz\/"]}]},{"@type":"BreadcrumbList","@id":"https:\/\/www.wretmanestate.com\/no\/om-oss-eiendomsmeglere-franske-rivieraen\/team\/wenche-bautz\/#breadcrumb","itemListElement":[{"@type":"ListItem","position":1,"name":"Accueil","item":"https:\/\/www.wretmanestate.com\/no\/"},{"@type":"ListItem","position":2,"name":"Om oss","item":"https:\/\/www.wretmanestate.com\/no\/om-oss-eiendomsmeglere-franske-rivieraen\/"},{"@type":"ListItem","position":3,"name":"Team","item":"https:\/\/www.wretmanestate.com\/no\/om-oss-eiendomsmeglere-franske-rivieraen\/team\/"},{"@type":"ListItem","position":4,"name":"Wenche BAUTZ"}]},{"@type":"WebSite","@id":"https:\/\/www.wretmanestate.com\/no\/#website","url":"https:\/\/www.wretmanestate.com\/no\/","name":"Wretman Estate","description":"Immobilier sur la C\u00f4te d&#039;Azur et la Provence","publisher":{"@id":"https:\/\/www.wretmanestate.com\/no\/#organization"},"potentialAction":[{"@type":"SearchAction","target":{"@type":"EntryPoint","urlTemplate":"https:\/\/www.wretmanestate.com\/no\/?s={search_term_string}"},"query-input":{"@type":"PropertyValueSpecification","valueRequired":true,"valueName":"search_term_string"}}],"inLanguage":"nb-NO"},{"@type":"Organization","@id":"https:\/\/www.wretmanestate.com\/no\/#organization","name":"WRETMAN ESTATE","url":"https:\/\/www.wretmanestate.com\/no\/","logo":{"@type":"ImageObject","inLanguage":"nb-NO","@id":"https:\/\/www.wretmanestate.com\/no\/#\/schema\/logo\/image\/","url":"","contentUrl":"","caption":"WRETMAN ESTATE"},"image":{"@id":"https:\/\/www.wretmanestate.com\/no\/#\/schema\/logo\/image\/"}}]}},"_links":{"self":[{"href":"https:\/\/www.wretmanestate.com\/no\/wp-json\/wp\/v2\/pages\/233404","targetHints":{"allow":["GET"]}}],"collection":[{"href":"https:\/\/www.wretmanestate.com\/no\/wp-json\/wp\/v2\/pages"}],"about":[{"href":"https:\/\/www.wretmanestate.com\/no\/wp-json\/wp\/v2\/types\/page"}],"author":[{"embeddable":true,"href":"https:\/\/www.wretmanestate.com\/no\/wp-json\/wp\/v2\/users\/1"}],"replies":[{"embeddable":true,"href":"https:\/\/www.wretmanestate.com\/no\/wp-json\/wp\/v2\/comments?post=233404"}],"version-history":[{"count":2,"href":"https:\/\/www.wretmanestate.com\/no\/wp-json\/wp\/v2\/pages\/233404\/revisions"}],"predecessor-version":[{"id":328279,"href":"https:\/\/www.wretmanestate.com\/no\/wp-json\/wp\/v2\/pages\/233404\/revisions\/328279"}],"up":[{"embeddable":true,"href":"https:\/\/www.wretmanestate.com\/no\/wp-json\/wp\/v2\/pages\/65074"}],"wp:attachment":[{"href":"https:\/\/www.wretmanestate.com\/no\/wp-json\/wp\/v2\/media?parent=233404"}],"curies":[{"name":"wp","href":"https:\/\/api.w.org\/{rel}","templated":true}]}}