{"id":559382,"date":"2023-11-29T10:13:11","date_gmt":"2023-11-29T09:13:11","guid":{"rendered":"https:\/\/www.wretmanestate.com\/?page_id=559382"},"modified":"2025-06-16T10:08:04","modified_gmt":"2025-06-16T08:08:04","slug":"paloma-constans","status":"publish","type":"page","link":"https:\/\/www.wretmanestate.com\/no\/om-oss-eiendomsmeglere-franske-rivieraen\/team\/paloma-constans\/","title":{"rendered":"Paloma CONSTANS"},"content":{"rendered":"<div class=\"wpb-content-wrapper\"><p>[vc_row full_width=&#8221;stretch_row_content_no_spaces&#8221; content_placement=&#8221;bottom&#8221; css=&#8221;.vc_custom_1580720336371{background-image: url(https:\/\/www.wretmanestate.com\/wp-content\/uploads\/2019\/11\/new-banner.jpg?id=3444) !important;background-position: center !important;background-repeat: no-repeat !important;background-size: cover !important;}&#8221; el_class=&#8221;bloc-title header_team medium&#8221;][vc_column]<div class=\" \">\r\n\t\r\n        <div class=\"mh-heading-wrapper\">\r\n            <h1            class=\"mh-heading mh-color-white mh-heading--bottom-separator   \"\r\n            style=\"font-weight:700;\">\r\n\t\t\tPaloma CONSTANS        <\/h1>\r\n\r\n\t\t            <div class=\"mh-subheading mh-color-white\"\r\n                 style=\"\">\r\n\t\t\t\tAssistent ved avdelingen i Cannes            <\/div>\r\n\t\t    <\/div>\r\n\r\n\t<\/div>[vc_single_image image=&#8221;691010&#8243; img_size=&#8221;full&#8221; alignment=&#8221;center&#8221; style=&#8221;vc_box_rounded&#8221; css=&#8221;&#8221;][\/vc_column][\/vc_row][vc_row bg_type=&#8221;bg_color&#8221; bg_override=&#8221;ex-full&#8221; el_class=&#8221;team_desc&#8221; bg_color_value=&#8221;#f2f2f6&#8243; el_id=&#8221;red_links&#8221;][vc_column width=&#8221;1\/2&#8243;][vc_column_text css=&#8221;&#8221;]<\/p>\n<h5><span style=\"color: #993300;\">Hva er favorittvandringen din i regionen?<\/span><\/h5>\n<p>Favorittvandringen min i regionen er nok Cap d&#8217;Antibes. Jeg elsker \u00e5 g\u00e5 langs kysten, n\u00e6r havet. Det er et fredelig sted, omgitt av natur og det storsl\u00e5tte landskapet ved Middelhavet, perfekt for \u00e5 lade batteriene.<\/p>\n<h5><span style=\"color: #993300;\">Hvis du m\u00e5tte velge ett sted p\u00e5 Cote d&#8217;Azur, hvilket ville det v\u00e6re?<\/span><\/h5>\n<p>Hvis jeg m\u00e5tte velge et sted p\u00e5 C\u00f4te d&#8217;Azur, ville jeg valgt Antibes, der jeg er for \u00f8yeblikket. Det er en ideell by med sin unike sjarm, fantastiske strender og hyggelige atmosf\u00e6re.<\/p>\n<h5><span style=\"color: #993300;\">Hvordan ser en ideell s\u00f8ndag ut for deg?<\/span><\/h5>\n<p>En ideell s\u00f8ndag for meg er \u00e5 ikke st\u00e5 opp for tidlig, men heller ikke for sent, for \u00e5 f\u00e5 mest mulig ut av dagen. Jeg liker \u00e5 starte med brunsj, og s\u00e5 vandrer jeg rundt i byen for \u00e5 shoppe litt. P\u00e5 ettermiddagen tilbringer jeg tid sammen med familien, noe som gj\u00f8r dagen enda hyggeligere.[\/vc_column_text][\/vc_column][vc_column width=&#8221;1\/2&#8243;][vc_column_text css=&#8221;&#8221;]<\/p>\n<h5><span style=\"color: #993300;\">Hva liker du \u00e5 gj\u00f8re n\u00e5r du har fri?<\/span><\/h5>\n<p>P\u00e5 en fridag liker jeg \u00e5 slappe av og ta meg tid til meg selv. Jeg bruker ofte dagen til \u00e5 treffe familien og gj\u00f8re ting jeg ikke har tid til i l\u00f8pet av uken, for eksempel \u00e5 hvile, g\u00e5 til fris\u00f8ren eller ta en ansiktsbehandling.<\/p>\n<h5><span style=\"color: #993300;\">Hva gjorde du f\u00f8r du begynte i Wretman?<\/span><\/h5>\n<p>F\u00f8r jeg begynte hos Wretman, tok jeg fagbrev i eiendomsmegling hos et annet eiendomsmeglerfirma. I l\u00f8pet av de to \u00e5rene jeg hadde arbeidserfaring, fikk jeg muligheten til \u00e5 gj\u00f8re mye feltarbeid, noe som ga meg muligheten til \u00e5 l\u00e6re mer om hvordan en eiendomsmegler jobber.<\/p>\n<h5><span style=\"color: #993300;\">Hva er etter min mening den beste personlige egenskapen for \u00e5 bli en god megler?<\/span><\/h5>\n<p>For meg er empati den beste personlige egenskapen for \u00e5 v\u00e6re en god salgsagent. Siden dette er et sv\u00e6rt relasjonelt yrke, er det viktig \u00e5 kunne sette seg inn i kundenes situasjon og forst\u00e5 deres behov og forventninger. Aktiv lytting hjelper deg til \u00e5 forst\u00e5 motivasjonen deres bedre, men ogs\u00e5 til \u00e5 bygge et tillitsforhold.[\/vc_column_text][\/vc_column][\/vc_row]<\/p>\n<\/div>","protected":false},"excerpt":{"rendered":"<p>[vc_row full_width=&#8221;stretch_row_content_no_spaces&#8221; content_placement=&#8221;bottom&#8221; css=&#8221;.vc_custom_1580720336371{background-image: url(https:\/\/www.wretmanestate.com\/wp-content\/uploads\/2019\/11\/new-banner.jpg?id=3444) !important;background-position: center !important;background-repeat: no-repeat !important;background-size: cover !important;}&#8221; el_class=&#8221;bloc-title header_team medium&#8221;][vc_column][vc_single_image image=&#8221;691010&#8243; img_size=&#8221;full&#8221; alignment=&#8221;center&#8221; style=&#8221;vc_box_rounded&#8221; css=&#8221;&#8221;][\/vc_column][\/vc_row][vc_row bg_type=&#8221;bg_color&#8221; bg_override=&#8221;ex-full&#8221; el_class=&#8221;team_desc&#8221; bg_color_value=&#8221;#f2f2f6&#8243; el_id=&#8221;red_links&#8221;][vc_column width=&#8221;1\/2&#8243;][vc_column_text css=&#8221;&#8221;] Hva er favorittvandringen din i regionen? Favorittvandringen min i regionen er nok Cap d&#8217;Antibes. Jeg elsker \u00e5 g\u00e5 langs kysten, n\u00e6r havet. Det er et fredelig sted, omgitt [&hellip;]<\/p>\n","protected":false},"author":79,"featured_media":0,"parent":65074,"menu_order":0,"comment_status":"closed","ping_status":"closed","template":"page_full-width.php","meta":{"_acf_changed":false,"content-type":"","_monsterinsights_skip_tracking":false,"_monsterinsights_sitenote_active":false,"_monsterinsights_sitenote_note":"","_monsterinsights_sitenote_category":0,"footnotes":""},"class_list":["post-559382","page","type-page","status-publish","hentry"],"acf":[],"yoast_head":"<!-- This site is optimized with the Yoast SEO plugin v27.5 - https:\/\/yoast.com\/product\/yoast-seo-wordpress\/ -->\n<title>Cannes filial - Paloma CONSTANS - Wretman Estate<\/title>\n<meta name=\"description\" content=\"Paloma er assistent p\u00e5 Wretman Estate Cannes. Vi er det st\u00f8rste skandinaviske eiendomsmeglerfirmaet p\u00e5 den franske rivieraen. Kontakt oss i dag!\" \/>\n<meta name=\"robots\" content=\"index, follow, max-snippet:-1, max-image-preview:large, max-video-preview:-1\" \/>\n<link rel=\"canonical\" href=\"https:\/\/www.wretmanestate.com\/no\/om-oss-eiendomsmeglere-franske-rivieraen\/team\/paloma-constans\/\" \/>\n<meta property=\"og:locale\" content=\"nb_NO\" \/>\n<meta property=\"og:type\" content=\"article\" \/>\n<meta property=\"og:title\" content=\"Cannes filial - Paloma CONSTANS - Wretman Estate\" \/>\n<meta property=\"og:description\" content=\"Paloma er assistent p\u00e5 Wretman Estate Cannes. Vi er det st\u00f8rste skandinaviske eiendomsmeglerfirmaet p\u00e5 den franske rivieraen. Kontakt oss i dag!\" \/>\n<meta property=\"og:url\" content=\"https:\/\/www.wretmanestate.com\/no\/om-oss-eiendomsmeglere-franske-rivieraen\/team\/paloma-constans\/\" \/>\n<meta property=\"og:site_name\" content=\"Wretman Estate\" \/>\n<meta property=\"article:modified_time\" content=\"2025-06-16T08:08:04+00:00\" \/>\n<meta name=\"twitter:card\" content=\"summary_large_image\" \/>\n<meta name=\"twitter:label1\" content=\"Ansl. lesetid\" \/>\n\t<meta name=\"twitter:data1\" content=\"3 minutter\" \/>\n<script type=\"application\/ld+json\" class=\"yoast-schema-graph\">{\"@context\":\"https:\\\/\\\/schema.org\",\"@graph\":[{\"@type\":\"WebPage\",\"@id\":\"https:\\\/\\\/www.wretmanestate.com\\\/no\\\/om-oss-eiendomsmeglere-franske-rivieraen\\\/team\\\/paloma-constans\\\/\",\"url\":\"https:\\\/\\\/www.wretmanestate.com\\\/no\\\/om-oss-eiendomsmeglere-franske-rivieraen\\\/team\\\/paloma-constans\\\/\",\"name\":\"Cannes filial - Paloma CONSTANS - Wretman Estate\",\"isPartOf\":{\"@id\":\"https:\\\/\\\/www.wretmanestate.com\\\/no\\\/#website\"},\"datePublished\":\"2023-11-29T09:13:11+00:00\",\"dateModified\":\"2025-06-16T08:08:04+00:00\",\"description\":\"Paloma er assistent p\u00e5 Wretman Estate Cannes. Vi er det st\u00f8rste skandinaviske eiendomsmeglerfirmaet p\u00e5 den franske rivieraen. Kontakt oss i dag!\",\"breadcrumb\":{\"@id\":\"https:\\\/\\\/www.wretmanestate.com\\\/no\\\/om-oss-eiendomsmeglere-franske-rivieraen\\\/team\\\/paloma-constans\\\/#breadcrumb\"},\"inLanguage\":\"nb-NO\",\"potentialAction\":[{\"@type\":\"ReadAction\",\"target\":[\"https:\\\/\\\/www.wretmanestate.com\\\/no\\\/om-oss-eiendomsmeglere-franske-rivieraen\\\/team\\\/paloma-constans\\\/\"]}]},{\"@type\":\"BreadcrumbList\",\"@id\":\"https:\\\/\\\/www.wretmanestate.com\\\/no\\\/om-oss-eiendomsmeglere-franske-rivieraen\\\/team\\\/paloma-constans\\\/#breadcrumb\",\"itemListElement\":[{\"@type\":\"ListItem\",\"position\":1,\"name\":\"Accueil\",\"item\":\"https:\\\/\\\/www.wretmanestate.com\\\/no\\\/\"},{\"@type\":\"ListItem\",\"position\":2,\"name\":\"Om oss\",\"item\":\"https:\\\/\\\/www.wretmanestate.com\\\/no\\\/om-oss-eiendomsmeglere-franske-rivieraen\\\/\"},{\"@type\":\"ListItem\",\"position\":3,\"name\":\"Team\",\"item\":\"https:\\\/\\\/www.wretmanestate.com\\\/no\\\/om-oss-eiendomsmeglere-franske-rivieraen\\\/team\\\/\"},{\"@type\":\"ListItem\",\"position\":4,\"name\":\"Paloma CONSTANS\"}]},{\"@type\":\"WebSite\",\"@id\":\"https:\\\/\\\/www.wretmanestate.com\\\/no\\\/#website\",\"url\":\"https:\\\/\\\/www.wretmanestate.com\\\/no\\\/\",\"name\":\"Wretman Estate\",\"description\":\"Immobilier sur la C\u00f4te d&#039;Azur et la Provence\",\"publisher\":{\"@id\":\"https:\\\/\\\/www.wretmanestate.com\\\/no\\\/#organization\"},\"potentialAction\":[{\"@type\":\"SearchAction\",\"target\":{\"@type\":\"EntryPoint\",\"urlTemplate\":\"https:\\\/\\\/www.wretmanestate.com\\\/no\\\/?s={search_term_string}\"},\"query-input\":{\"@type\":\"PropertyValueSpecification\",\"valueRequired\":true,\"valueName\":\"search_term_string\"}}],\"inLanguage\":\"nb-NO\"},{\"@type\":\"Organization\",\"@id\":\"https:\\\/\\\/www.wretmanestate.com\\\/no\\\/#organization\",\"name\":\"WRETMAN ESTATE\",\"url\":\"https:\\\/\\\/www.wretmanestate.com\\\/no\\\/\",\"logo\":{\"@type\":\"ImageObject\",\"inLanguage\":\"nb-NO\",\"@id\":\"https:\\\/\\\/www.wretmanestate.com\\\/no\\\/#\\\/schema\\\/logo\\\/image\\\/\",\"url\":\"\",\"contentUrl\":\"\",\"caption\":\"WRETMAN ESTATE\"},\"image\":{\"@id\":\"https:\\\/\\\/www.wretmanestate.com\\\/no\\\/#\\\/schema\\\/logo\\\/image\\\/\"}}]}<\/script>\n<!-- \/ Yoast SEO plugin. -->","yoast_head_json":{"title":"Cannes filial - Paloma CONSTANS - Wretman Estate","description":"Paloma er assistent p\u00e5 Wretman Estate Cannes. Vi er det st\u00f8rste skandinaviske eiendomsmeglerfirmaet p\u00e5 den franske rivieraen. Kontakt oss i dag!","robots":{"index":"index","follow":"follow","max-snippet":"max-snippet:-1","max-image-preview":"max-image-preview:large","max-video-preview":"max-video-preview:-1"},"canonical":"https:\/\/www.wretmanestate.com\/no\/om-oss-eiendomsmeglere-franske-rivieraen\/team\/paloma-constans\/","og_locale":"nb_NO","og_type":"article","og_title":"Cannes filial - Paloma CONSTANS - Wretman Estate","og_description":"Paloma er assistent p\u00e5 Wretman Estate Cannes. Vi er det st\u00f8rste skandinaviske eiendomsmeglerfirmaet p\u00e5 den franske rivieraen. Kontakt oss i dag!","og_url":"https:\/\/www.wretmanestate.com\/no\/om-oss-eiendomsmeglere-franske-rivieraen\/team\/paloma-constans\/","og_site_name":"Wretman Estate","article_modified_time":"2025-06-16T08:08:04+00:00","twitter_card":"summary_large_image","twitter_misc":{"Ansl. lesetid":"3 minutter"},"schema":{"@context":"https:\/\/schema.org","@graph":[{"@type":"WebPage","@id":"https:\/\/www.wretmanestate.com\/no\/om-oss-eiendomsmeglere-franske-rivieraen\/team\/paloma-constans\/","url":"https:\/\/www.wretmanestate.com\/no\/om-oss-eiendomsmeglere-franske-rivieraen\/team\/paloma-constans\/","name":"Cannes filial - Paloma CONSTANS - Wretman Estate","isPartOf":{"@id":"https:\/\/www.wretmanestate.com\/no\/#website"},"datePublished":"2023-11-29T09:13:11+00:00","dateModified":"2025-06-16T08:08:04+00:00","description":"Paloma er assistent p\u00e5 Wretman Estate Cannes. Vi er det st\u00f8rste skandinaviske eiendomsmeglerfirmaet p\u00e5 den franske rivieraen. Kontakt oss i dag!","breadcrumb":{"@id":"https:\/\/www.wretmanestate.com\/no\/om-oss-eiendomsmeglere-franske-rivieraen\/team\/paloma-constans\/#breadcrumb"},"inLanguage":"nb-NO","potentialAction":[{"@type":"ReadAction","target":["https:\/\/www.wretmanestate.com\/no\/om-oss-eiendomsmeglere-franske-rivieraen\/team\/paloma-constans\/"]}]},{"@type":"BreadcrumbList","@id":"https:\/\/www.wretmanestate.com\/no\/om-oss-eiendomsmeglere-franske-rivieraen\/team\/paloma-constans\/#breadcrumb","itemListElement":[{"@type":"ListItem","position":1,"name":"Accueil","item":"https:\/\/www.wretmanestate.com\/no\/"},{"@type":"ListItem","position":2,"name":"Om oss","item":"https:\/\/www.wretmanestate.com\/no\/om-oss-eiendomsmeglere-franske-rivieraen\/"},{"@type":"ListItem","position":3,"name":"Team","item":"https:\/\/www.wretmanestate.com\/no\/om-oss-eiendomsmeglere-franske-rivieraen\/team\/"},{"@type":"ListItem","position":4,"name":"Paloma CONSTANS"}]},{"@type":"WebSite","@id":"https:\/\/www.wretmanestate.com\/no\/#website","url":"https:\/\/www.wretmanestate.com\/no\/","name":"Wretman Estate","description":"Immobilier sur la C\u00f4te d&#039;Azur et la Provence","publisher":{"@id":"https:\/\/www.wretmanestate.com\/no\/#organization"},"potentialAction":[{"@type":"SearchAction","target":{"@type":"EntryPoint","urlTemplate":"https:\/\/www.wretmanestate.com\/no\/?s={search_term_string}"},"query-input":{"@type":"PropertyValueSpecification","valueRequired":true,"valueName":"search_term_string"}}],"inLanguage":"nb-NO"},{"@type":"Organization","@id":"https:\/\/www.wretmanestate.com\/no\/#organization","name":"WRETMAN ESTATE","url":"https:\/\/www.wretmanestate.com\/no\/","logo":{"@type":"ImageObject","inLanguage":"nb-NO","@id":"https:\/\/www.wretmanestate.com\/no\/#\/schema\/logo\/image\/","url":"","contentUrl":"","caption":"WRETMAN ESTATE"},"image":{"@id":"https:\/\/www.wretmanestate.com\/no\/#\/schema\/logo\/image\/"}}]}},"_links":{"self":[{"href":"https:\/\/www.wretmanestate.com\/no\/wp-json\/wp\/v2\/pages\/559382","targetHints":{"allow":["GET"]}}],"collection":[{"href":"https:\/\/www.wretmanestate.com\/no\/wp-json\/wp\/v2\/pages"}],"about":[{"href":"https:\/\/www.wretmanestate.com\/no\/wp-json\/wp\/v2\/types\/page"}],"author":[{"embeddable":true,"href":"https:\/\/www.wretmanestate.com\/no\/wp-json\/wp\/v2\/users\/79"}],"replies":[{"embeddable":true,"href":"https:\/\/www.wretmanestate.com\/no\/wp-json\/wp\/v2\/comments?post=559382"}],"version-history":[{"count":7,"href":"https:\/\/www.wretmanestate.com\/no\/wp-json\/wp\/v2\/pages\/559382\/revisions"}],"predecessor-version":[{"id":826184,"href":"https:\/\/www.wretmanestate.com\/no\/wp-json\/wp\/v2\/pages\/559382\/revisions\/826184"}],"up":[{"embeddable":true,"href":"https:\/\/www.wretmanestate.com\/no\/wp-json\/wp\/v2\/pages\/65074"}],"wp:attachment":[{"href":"https:\/\/www.wretmanestate.com\/no\/wp-json\/wp\/v2\/media?parent=559382"}],"curies":[{"name":"wp","href":"https:\/\/api.w.org\/{rel}","templated":true}]}}