{"id":62485,"date":"2019-12-04T10:02:44","date_gmt":"2019-12-04T09:02:44","guid":{"rendered":"https:\/\/www.wretmanestate.com\/investera\/"},"modified":"2022-06-09T11:37:19","modified_gmt":"2022-06-09T09:37:19","slug":"investere-sor-frankrike","status":"publish","type":"page","link":"https:\/\/www.wretmanestate.com\/no\/investere-sor-frankrike\/","title":{"rendered":"Investere"},"content":{"rendered":"<div class=\"wpb-content-wrapper\"><p>[vc_row full_width=&#8221;stretch_row_content_no_spaces&#8221; content_placement=&#8221;bottom&#8221; css=&#8221;.vc_custom_1580383587690{background-image: url(https:\/\/www.wretmanestate.com\/wp-content\/uploads\/2019\/11\/new-banner.jpg?id=3444) !important;background-position: center !important;background-repeat: no-repeat !important;background-size: cover !important;}&#8221; el_class=&#8221;bloc-title header_team small&#8221;][vc_column]<div class=\" \">\r\n\t\r\n        <div class=\"mh-heading-wrapper\">\r\n            <h1            class=\"mh-heading mh-color-white mh-heading--bottom-separator   \"\r\n            style=\"font-weight:700;\">\r\n\t\t\tINVESTERE        <\/h1>\r\n\r\n\t\t    <\/div>\r\n\r\n\t<\/div>[vc_column_text el_class=&#8221;sous-titre-page&#8221;]<span style=\"font-weight: 400;\">Bed &amp; Breakfast, ving\u00e5rder, leilighetskompleks og sentrumsbygg<\/span>[\/vc_column_text][\/vc_column][\/vc_row][vc_row bg_type=&#8221;bg_color&#8221; bg_override=&#8221;ex-full&#8221; bg_color_value=&#8221;#f2f2f6&#8243; el_class=&#8221;red_links&#8221;][vc_column width=&#8221;1\/2&#8243;][vc_column_text]<strong>Wretman Invest er en del av Wretman Estate, spesialisert p\u00e5 \u00e5 hjelpe kunder som \u00f8nsker \u00e5 \u00e5 investere i st\u00f8rre eiendommer. Som for eksempel Bed &amp; Breakfast, ving\u00e5rder, leilighetskompleks og sentrumsbygg.<\/strong><\/p>\n<p>V\u00e5rt fokus er \u00e5 identifisere interessante og l\u00f8nnsomme objekt for investeringer, samt \u00e5 <a href=\"\/no\/kjope\/boligsok\/\">skreddersy eiendomss\u00f8k<\/a> ut i fra v\u00e5re kunders kriterier. Wretman Invest har r\u00e5dgivere b\u00e5de i <a href=\"\/no\/selge\/salgsprosessen\/\">salgs<\/a>&#8211; og kj\u00f8psprosessen. Vi har et h\u00e5ndplukket team av eksperter innenfor jus, renovering og management. Vi er holder til p\u00e5 den franske rivieraen, men v\u00e5rt nettverk er globalt og vi er \u00e5pne for internasjonalt samarbeid. Kontakt gjerne v\u00e5re ekspert for n\u00e6rmere informasjon:<\/p>\n<p style=\"text-align: left;\"><a href=\"https:\/\/www.wretmanestate.com\/no\/om-oss-eiendomsmeglere-franske-rivieraen\/team\/elisabeth-kahler\/\"><strong>Elisabeth K\u00e4hler<\/strong><\/a><br \/>\n<a href=\"mailto:invest@wretmanestate.com\">invest@wretmanestate.com<\/a><\/p>\n<p>[\/vc_column_text][\/vc_column][vc_column width=&#8221;1\/2&#8243;][vc_single_image image=&#8221;18422&#8243; img_size=&#8221;large&#8221;][\/vc_column][\/vc_row][vc_row][vc_column]    <div class=\"mh-grid\">\r\n\t\t    <\/div>\r\n\r\n[\/vc_column][\/vc_row]<\/p>\n<\/div>","protected":false},"excerpt":{"rendered":"<p>[vc_row full_width=&#8221;stretch_row_content_no_spaces&#8221; content_placement=&#8221;bottom&#8221; css=&#8221;.vc_custom_1580383587690{background-image: url(https:\/\/www.wretmanestate.com\/wp-content\/uploads\/2019\/11\/new-banner.jpg?id=3444) !important;background-position: center !important;background-repeat: no-repeat !important;background-size: cover !important;}&#8221; el_class=&#8221;bloc-title header_team small&#8221;][vc_column][vc_column_text el_class=&#8221;sous-titre-page&#8221;]Bed &amp; Breakfast, ving\u00e5rder, leilighetskompleks og sentrumsbygg[\/vc_column_text][\/vc_column][\/vc_row][vc_row bg_type=&#8221;bg_color&#8221; bg_override=&#8221;ex-full&#8221; bg_color_value=&#8221;#f2f2f6&#8243; el_class=&#8221;red_links&#8221;][vc_column width=&#8221;1\/2&#8243;][vc_column_text]Wretman Invest er en del av Wretman Estate, spesialisert p\u00e5 \u00e5 hjelpe kunder som \u00f8nsker \u00e5 \u00e5 investere i st\u00f8rre eiendommer. Som for eksempel Bed &amp; Breakfast, ving\u00e5rder, leilighetskompleks [&hellip;]<\/p>\n","protected":false},"author":1,"featured_media":0,"parent":0,"menu_order":0,"comment_status":"closed","ping_status":"closed","template":"page_full-width.php","meta":{"_acf_changed":false,"content-type":"","_monsterinsights_skip_tracking":false,"_monsterinsights_sitenote_active":false,"_monsterinsights_sitenote_note":"","_monsterinsights_sitenote_category":0,"footnotes":""},"class_list":["post-62485","page","type-page","status-publish","hentry"],"acf":[],"yoast_head":"<!-- This site is optimized with the Yoast SEO plugin v27.5 - https:\/\/yoast.com\/product\/yoast-seo-wordpress\/ -->\n<title>Investere i n\u00e6ringseiendom p\u00e5 den Franske Rivieraen- Wretman Estate<\/title>\n<meta name=\"description\" content=\"Wretman Invest hjelper deg investere i kommersielle eiendommer som hoteller, B&amp;B, ving\u00e5rder, leilighetskomplekser og kj\u00f8pesentre p\u00e5 den franske rivieraen.\" \/>\n<meta name=\"robots\" content=\"index, follow, max-snippet:-1, max-image-preview:large, max-video-preview:-1\" \/>\n<link rel=\"canonical\" href=\"https:\/\/www.wretmanestate.com\/no\/investere-sor-frankrike\/\" \/>\n<meta property=\"og:locale\" content=\"nb_NO\" \/>\n<meta property=\"og:type\" content=\"article\" \/>\n<meta property=\"og:title\" content=\"Investere i n\u00e6ringseiendom p\u00e5 den Franske Rivieraen- Wretman Estate\" \/>\n<meta property=\"og:description\" content=\"Wretman Invest hjelper deg investere i kommersielle eiendommer som hoteller, B&amp;B, ving\u00e5rder, leilighetskomplekser og kj\u00f8pesentre p\u00e5 den franske rivieraen.\" \/>\n<meta property=\"og:url\" content=\"https:\/\/www.wretmanestate.com\/no\/investere-sor-frankrike\/\" \/>\n<meta property=\"og:site_name\" content=\"Wretman Estate\" \/>\n<meta property=\"article:modified_time\" content=\"2022-06-09T09:37:19+00:00\" \/>\n<meta name=\"twitter:card\" content=\"summary_large_image\" \/>\n<meta name=\"twitter:label1\" content=\"Ansl. lesetid\" \/>\n\t<meta name=\"twitter:data1\" content=\"1 minutt\" \/>\n<script type=\"application\/ld+json\" class=\"yoast-schema-graph\">{\"@context\":\"https:\\\/\\\/schema.org\",\"@graph\":[{\"@type\":\"WebPage\",\"@id\":\"https:\\\/\\\/www.wretmanestate.com\\\/no\\\/investere-sor-frankrike\\\/\",\"url\":\"https:\\\/\\\/www.wretmanestate.com\\\/no\\\/investere-sor-frankrike\\\/\",\"name\":\"Investere i n\u00e6ringseiendom p\u00e5 den Franske Rivieraen- Wretman Estate\",\"isPartOf\":{\"@id\":\"https:\\\/\\\/www.wretmanestate.com\\\/no\\\/#website\"},\"datePublished\":\"2019-12-04T09:02:44+00:00\",\"dateModified\":\"2022-06-09T09:37:19+00:00\",\"description\":\"Wretman Invest hjelper deg investere i kommersielle eiendommer som hoteller, B&B, ving\u00e5rder, leilighetskomplekser og kj\u00f8pesentre p\u00e5 den franske rivieraen.\",\"breadcrumb\":{\"@id\":\"https:\\\/\\\/www.wretmanestate.com\\\/no\\\/investere-sor-frankrike\\\/#breadcrumb\"},\"inLanguage\":\"nb-NO\",\"potentialAction\":[{\"@type\":\"ReadAction\",\"target\":[\"https:\\\/\\\/www.wretmanestate.com\\\/no\\\/investere-sor-frankrike\\\/\"]}]},{\"@type\":\"BreadcrumbList\",\"@id\":\"https:\\\/\\\/www.wretmanestate.com\\\/no\\\/investere-sor-frankrike\\\/#breadcrumb\",\"itemListElement\":[{\"@type\":\"ListItem\",\"position\":1,\"name\":\"Accueil\",\"item\":\"https:\\\/\\\/www.wretmanestate.com\\\/no\\\/\"},{\"@type\":\"ListItem\",\"position\":2,\"name\":\"Investere\"}]},{\"@type\":\"WebSite\",\"@id\":\"https:\\\/\\\/www.wretmanestate.com\\\/no\\\/#website\",\"url\":\"https:\\\/\\\/www.wretmanestate.com\\\/no\\\/\",\"name\":\"Wretman Estate\",\"description\":\"Immobilier sur la C\u00f4te d&#039;Azur et la Provence\",\"publisher\":{\"@id\":\"https:\\\/\\\/www.wretmanestate.com\\\/no\\\/#organization\"},\"potentialAction\":[{\"@type\":\"SearchAction\",\"target\":{\"@type\":\"EntryPoint\",\"urlTemplate\":\"https:\\\/\\\/www.wretmanestate.com\\\/no\\\/?s={search_term_string}\"},\"query-input\":{\"@type\":\"PropertyValueSpecification\",\"valueRequired\":true,\"valueName\":\"search_term_string\"}}],\"inLanguage\":\"nb-NO\"},{\"@type\":\"Organization\",\"@id\":\"https:\\\/\\\/www.wretmanestate.com\\\/no\\\/#organization\",\"name\":\"WRETMAN ESTATE\",\"url\":\"https:\\\/\\\/www.wretmanestate.com\\\/no\\\/\",\"logo\":{\"@type\":\"ImageObject\",\"inLanguage\":\"nb-NO\",\"@id\":\"https:\\\/\\\/www.wretmanestate.com\\\/no\\\/#\\\/schema\\\/logo\\\/image\\\/\",\"url\":\"\",\"contentUrl\":\"\",\"caption\":\"WRETMAN ESTATE\"},\"image\":{\"@id\":\"https:\\\/\\\/www.wretmanestate.com\\\/no\\\/#\\\/schema\\\/logo\\\/image\\\/\"}}]}<\/script>\n<!-- \/ Yoast SEO plugin. -->","yoast_head_json":{"title":"Investere i n\u00e6ringseiendom p\u00e5 den Franske Rivieraen- Wretman Estate","description":"Wretman Invest hjelper deg investere i kommersielle eiendommer som hoteller, B&B, ving\u00e5rder, leilighetskomplekser og kj\u00f8pesentre p\u00e5 den franske rivieraen.","robots":{"index":"index","follow":"follow","max-snippet":"max-snippet:-1","max-image-preview":"max-image-preview:large","max-video-preview":"max-video-preview:-1"},"canonical":"https:\/\/www.wretmanestate.com\/no\/investere-sor-frankrike\/","og_locale":"nb_NO","og_type":"article","og_title":"Investere i n\u00e6ringseiendom p\u00e5 den Franske Rivieraen- Wretman Estate","og_description":"Wretman Invest hjelper deg investere i kommersielle eiendommer som hoteller, B&B, ving\u00e5rder, leilighetskomplekser og kj\u00f8pesentre p\u00e5 den franske rivieraen.","og_url":"https:\/\/www.wretmanestate.com\/no\/investere-sor-frankrike\/","og_site_name":"Wretman Estate","article_modified_time":"2022-06-09T09:37:19+00:00","twitter_card":"summary_large_image","twitter_misc":{"Ansl. lesetid":"1 minutt"},"schema":{"@context":"https:\/\/schema.org","@graph":[{"@type":"WebPage","@id":"https:\/\/www.wretmanestate.com\/no\/investere-sor-frankrike\/","url":"https:\/\/www.wretmanestate.com\/no\/investere-sor-frankrike\/","name":"Investere i n\u00e6ringseiendom p\u00e5 den Franske Rivieraen- Wretman Estate","isPartOf":{"@id":"https:\/\/www.wretmanestate.com\/no\/#website"},"datePublished":"2019-12-04T09:02:44+00:00","dateModified":"2022-06-09T09:37:19+00:00","description":"Wretman Invest hjelper deg investere i kommersielle eiendommer som hoteller, B&B, ving\u00e5rder, leilighetskomplekser og kj\u00f8pesentre p\u00e5 den franske rivieraen.","breadcrumb":{"@id":"https:\/\/www.wretmanestate.com\/no\/investere-sor-frankrike\/#breadcrumb"},"inLanguage":"nb-NO","potentialAction":[{"@type":"ReadAction","target":["https:\/\/www.wretmanestate.com\/no\/investere-sor-frankrike\/"]}]},{"@type":"BreadcrumbList","@id":"https:\/\/www.wretmanestate.com\/no\/investere-sor-frankrike\/#breadcrumb","itemListElement":[{"@type":"ListItem","position":1,"name":"Accueil","item":"https:\/\/www.wretmanestate.com\/no\/"},{"@type":"ListItem","position":2,"name":"Investere"}]},{"@type":"WebSite","@id":"https:\/\/www.wretmanestate.com\/no\/#website","url":"https:\/\/www.wretmanestate.com\/no\/","name":"Wretman Estate","description":"Immobilier sur la C\u00f4te d&#039;Azur et la Provence","publisher":{"@id":"https:\/\/www.wretmanestate.com\/no\/#organization"},"potentialAction":[{"@type":"SearchAction","target":{"@type":"EntryPoint","urlTemplate":"https:\/\/www.wretmanestate.com\/no\/?s={search_term_string}"},"query-input":{"@type":"PropertyValueSpecification","valueRequired":true,"valueName":"search_term_string"}}],"inLanguage":"nb-NO"},{"@type":"Organization","@id":"https:\/\/www.wretmanestate.com\/no\/#organization","name":"WRETMAN ESTATE","url":"https:\/\/www.wretmanestate.com\/no\/","logo":{"@type":"ImageObject","inLanguage":"nb-NO","@id":"https:\/\/www.wretmanestate.com\/no\/#\/schema\/logo\/image\/","url":"","contentUrl":"","caption":"WRETMAN ESTATE"},"image":{"@id":"https:\/\/www.wretmanestate.com\/no\/#\/schema\/logo\/image\/"}}]}},"_links":{"self":[{"href":"https:\/\/www.wretmanestate.com\/no\/wp-json\/wp\/v2\/pages\/62485","targetHints":{"allow":["GET"]}}],"collection":[{"href":"https:\/\/www.wretmanestate.com\/no\/wp-json\/wp\/v2\/pages"}],"about":[{"href":"https:\/\/www.wretmanestate.com\/no\/wp-json\/wp\/v2\/types\/page"}],"author":[{"embeddable":true,"href":"https:\/\/www.wretmanestate.com\/no\/wp-json\/wp\/v2\/users\/1"}],"replies":[{"embeddable":true,"href":"https:\/\/www.wretmanestate.com\/no\/wp-json\/wp\/v2\/comments?post=62485"}],"version-history":[{"count":6,"href":"https:\/\/www.wretmanestate.com\/no\/wp-json\/wp\/v2\/pages\/62485\/revisions"}],"predecessor-version":[{"id":306369,"href":"https:\/\/www.wretmanestate.com\/no\/wp-json\/wp\/v2\/pages\/62485\/revisions\/306369"}],"wp:attachment":[{"href":"https:\/\/www.wretmanestate.com\/no\/wp-json\/wp\/v2\/media?parent=62485"}],"curies":[{"name":"wp","href":"https:\/\/api.w.org\/{rel}","templated":true}]}}