{"id":62839,"date":"2019-12-06T17:43:49","date_gmt":"2019-12-06T16:43:49","guid":{"rendered":"https:\/\/www.wretmanestate.com\/vardering\/"},"modified":"2020-06-04T16:26:49","modified_gmt":"2020-06-04T14:26:49","slug":"verdivurdering","status":"publish","type":"page","link":"https:\/\/www.wretmanestate.com\/no\/selge-franske-rivieraen\/verdivurdering\/","title":{"rendered":"Verdivurdering"},"content":{"rendered":"<div class=\"wpb-content-wrapper\"><p>[vc_row full_width=&#8221;stretch_row_content_no_spaces&#8221; content_placement=&#8221;bottom&#8221; css=&#8221;.vc_custom_1586939464337{background-image: url(https:\/\/www.wretmanestate.com\/wp-content\/uploads\/2019\/11\/new-banner.jpg?id=3444) !important;background-position: center !important;background-repeat: no-repeat !important;background-size: cover !important;}&#8221; el_class=&#8221;bloc-title small&#8221;][vc_column]<div class=\" \">\r\n\t\r\n        <div class=\"mh-heading-wrapper\">\r\n            <h1            class=\"mh-heading mh-color-white mh-heading--bottom-separator   \"\r\n            style=\"font-weight:700;\">\r\n\t\t\tVERDIVURDERING        <\/h1>\r\n\r\n\t\t    <\/div>\r\n\r\n\t<\/div>[vc_column_text el_class=&#8221;sous-titre-page&#8221;]<\/p>\n<p style=\"text-align: center;\">Tenker du p\u00e5 hvor mye eiendommen din kan v\u00e6re verdt?<br \/>\nV\u00e5re eksperter har lang erfaring i \u00e5 prisvurdere hus og leiligheter.<\/p>\n<p>[\/vc_column_text][\/vc_column][\/vc_row][vc_row el_class=&#8221;red_links&#8221;][vc_column width=&#8221;2\/3&#8243;]<div class=\" \">\r\n\t\r\n        <div class=\"mh-heading-wrapper\">\r\n            <h2            class=\"mh-heading  mh-heading--bottom-separator   \"\r\n            style=\"font-weight:700;\">\r\n\t\t\t VERDIVURDER DIN BOLIG KOSTNADSFRITT        <\/h2>\r\n\r\n\t\t    <\/div>\r\n\r\n\t<\/div>[vc_column_text]Ved verdivurdering av den eiendom tar vi hensyn til flere ulike faktorer, blant annet beliggenhet, standard, areal, eksponering, utsikt samt salgspris p\u00e5 sammenlignbare eiendommer i omr\u00e5det. Etter \u00e5 ha unders\u00f8kt disse ulike faktorene, kan vi gi deg et s\u00e5 realistisk bilde som mulig p\u00e5 en aktuell salgspris.<\/p>\n<p>Om du lurer p\u00e5 prisene i ditt omr\u00e5de, eller om du vurderer \u00e5 selge ditt hus kan v\u00e5re erfarne meglere hos Wretman Estate hjelpe deg.<\/p>\n<p><a href=\"\/no\/kontakt\/kontorer\/\">Ring oss<\/a> eller fyll ut formularet til h\u00f8yre, s\u00e5 kontakter vi deg s\u00e5 raskt som mulig for en profesjonell verdivurdering.[\/vc_column_text][vc_single_image image=&#8221;25583&#8243; img_size=&#8221;full&#8221;][\/vc_column][vc_column width=&#8221;1\/3&#8243;][vc_row_inner][vc_column_inner el_class=&#8221;bloc-form-text&#8221;]<div class=\" \">\r\n\t\r\n        <div class=\"mh-heading-wrapper\">\r\n            <h2            class=\"mh-heading mh-color-white    \"\r\n            style=\"font-weight:700;\">\r\n\t\t\tKontakt oss        <\/h2>\r\n\r\n\t\t    <\/div>\r\n\r\n\t<\/div>\n<div class=\"wpcf7 no-js\" id=\"wpcf7-f18405-o1\" lang=\"fr-FR\" dir=\"ltr\" data-wpcf7-id=\"18405\">\n<div class=\"screen-reader-response\"><p role=\"status\" aria-live=\"polite\" aria-atomic=\"true\"><\/p> <ul><\/ul><\/div>\n<form action=\"\/no\/wp-json\/wp\/v2\/pages\/62839#wpcf7-f18405-o1\" method=\"post\" class=\"wpcf7-form init\" aria-label=\"Formulaire de contact\" novalidate=\"novalidate\" data-status=\"init\">\n<fieldset class=\"hidden-fields-container\"><input type=\"hidden\" name=\"_wpcf7\" value=\"18405\" \/><input type=\"hidden\" name=\"_wpcf7_version\" value=\"6.1.5\" \/><input type=\"hidden\" name=\"_wpcf7_locale\" value=\"fr_FR\" \/><input type=\"hidden\" name=\"_wpcf7_unit_tag\" value=\"wpcf7-f18405-o1\" \/><input type=\"hidden\" name=\"_wpcf7_container_post\" value=\"0\" \/><input type=\"hidden\" name=\"_wpcf7_posted_data_hash\" value=\"\" \/><input type=\"hidden\" name=\"_wpcf7_recaptcha_response\" value=\"\" \/>\n<\/fieldset>\n<p><input type=\"hidden\" name=\"your-subject\" value=\"Chasseur de Biens NB\" \/>\n<\/p>\n<div class=\"bloc-form\">\n\t<div class=\"vc_col-xs-12 vc_col-sm-12 vc_col-md-12 vc_col-lg-12\">\n\t\t<p><span class=\"wpcf7-form-control-wrap\" data-name=\"your-name\"><input size=\"40\" maxlength=\"400\" class=\"wpcf7-form-control wpcf7-text wpcf7-validates-as-required\" aria-required=\"true\" aria-invalid=\"false\" placeholder=\"Navn\" value=\"\" type=\"text\" name=\"your-name\" \/><\/span>\n\t\t<\/p>\n\t<\/div>\n\t<div class=\"vc_col-xs-12 vc_col-sm-12 vc_col-md-12 vc_col-lg-12\">\n\t\t<p><span class=\"wpcf7-form-control-wrap\" data-name=\"your-email\"><input size=\"40\" maxlength=\"400\" class=\"wpcf7-form-control wpcf7-email wpcf7-validates-as-required wpcf7-text wpcf7-validates-as-email\" aria-required=\"true\" aria-invalid=\"false\" placeholder=\"E-post\" value=\"\" type=\"email\" name=\"your-email\" \/><\/span>\n\t\t<\/p>\n\t<\/div>\n\t<div class=\"vc_col-xs-12 vc_col-sm-12 vc_col-md-12 vc_col-lg-12\">\n\t\t<p><span class=\"wpcf7-form-control-wrap\" data-name=\"tel\"><input size=\"40\" maxlength=\"400\" class=\"wpcf7-form-control wpcf7-tel wpcf7-validates-as-required wpcf7-text wpcf7-validates-as-tel\" aria-required=\"true\" aria-invalid=\"false\" placeholder=\"Telefon\" value=\"\" type=\"tel\" name=\"tel\" \/><\/span>\n\t\t<\/p>\n\t<\/div>\n\t<div class=\"vc_col-xs-12 vc_col-sm-12 vc_col-md-12 vc_col-lg-12 radio\">\n\t\t<p><span class=\"radios\"><label class=\"label oui\">Leilighet<input type=\"radio\" name=\"type\" value=\"5\" \/><span class=\"checkmark\"><\/span><\/label><label class=\"label non\">Hus<input type=\"radio\" name=\"type\" value=\"18\" \/><span class=\"checkmark\"><\/span><\/label><label class=\"label non\">Plott<input type=\"radio\" name=\"type\" value=\"46\" \/><span class=\"checkmark\"><\/span><\/label><label class=\"label non\">Eiendom<input type=\"radio\" name=\"type\" value=\"24\" \/><span class=\"checkmark\"><\/span><\/label><\/span>\n\t\t<\/p>\n\t<\/div>\n\t<div class=\"vc_col-xs-12 vc_col-sm-12 vc_col-md-12 vc_col-lg-12 clear\">\n\t\t<p><span class=\"wpcf7-form-control-wrap\" data-name=\"Ville\"><input size=\"40\" maxlength=\"400\" class=\"wpcf7-form-control wpcf7-text wpcf7-validates-as-required\" aria-required=\"true\" aria-invalid=\"false\" placeholder=\"By\" value=\"\" type=\"text\" name=\"Ville\" \/><\/span>\n\t\t<\/p>\n\t<\/div>\n\t<div class=\"vc_col-xs-12 vc_col-sm-12 vc_col-md-12 vc_col-lg-12\">\n\t\t<p><span class=\"wpcf7-form-control-wrap\" data-name=\"Message\"><textarea cols=\"40\" rows=\"10\" maxlength=\"2000\" class=\"wpcf7-form-control wpcf7-textarea wpcf7-validates-as-required\" aria-required=\"true\" aria-invalid=\"false\" placeholder=\"Meddelande\" name=\"Message\"><\/textarea><\/span>\n\t\t<\/p>\n\t<\/div>\n\t<div class=\"vc_col-xs-12 vc_col-sm-12 vc_col-md-12 vc_col-lg-12\">\n\t\t<p><span class=\"wpcf7-form-control-wrap\" data-name=\"acceptance-236\"><span class=\"wpcf7-form-control wpcf7-acceptance\"><span class=\"wpcf7-list-item\"><label><input type=\"checkbox\" name=\"acceptance-236\" value=\"1\" aria-invalid=\"false\" \/><span class=\"wpcf7-list-item-label\">Jeg har lest og godkjent <a target=\"_blank\" href=\"\/no\/privacy-notice\/\">personvernerkl\u00e6ringen. <\/a><\/span><\/label><\/span><\/span><\/span>\n\t\t<\/p>\n\t<\/div>\n\t<div class=\"vc_col-xs-12 vc_col-sm-12 vc_col-md-12 vc_col-lg-12 recaptcha\">\n\t\n\t<\/div>\n\t<div class=\"vc_col-xs-12 vc_col-sm-12 vc_col-md-12 vc_col-lg-12 envoyer\">\n\t\t<p><input class=\"wpcf7-form-control wpcf7-submit has-spinner\" type=\"submit\" value=\"Sende\" \/>\n\t\t<\/p>\n\t<\/div>\n<\/div><div class=\"wpcf7-response-output\" aria-hidden=\"true\"><\/div>\n<\/form>\n<\/div>\n[\/vc_column_inner][\/vc_row_inner][\/vc_column][\/vc_row]<\/p>\n<\/div>","protected":false},"excerpt":{"rendered":"<p>[vc_row full_width=&#8221;stretch_row_content_no_spaces&#8221; content_placement=&#8221;bottom&#8221; css=&#8221;.vc_custom_1586939464337{background-image: url(https:\/\/www.wretmanestate.com\/wp-content\/uploads\/2019\/11\/new-banner.jpg?id=3444) !important;background-position: center !important;background-repeat: no-repeat !important;background-size: cover !important;}&#8221; el_class=&#8221;bloc-title small&#8221;][vc_column][vc_column_text el_class=&#8221;sous-titre-page&#8221;] Tenker du p\u00e5 hvor mye eiendommen din kan v\u00e6re verdt? V\u00e5re eksperter har lang erfaring i \u00e5 prisvurdere hus og leiligheter. [\/vc_column_text][\/vc_column][\/vc_row][vc_row el_class=&#8221;red_links&#8221;][vc_column width=&#8221;2\/3&#8243;][vc_column_text]Ved verdivurdering av den eiendom tar vi hensyn til flere ulike faktorer, blant annet beliggenhet, standard, areal, [&hellip;]<\/p>\n","protected":false},"author":1,"featured_media":0,"parent":64069,"menu_order":0,"comment_status":"closed","ping_status":"closed","template":"page_full-width.php","meta":{"_acf_changed":false,"content-type":"","_monsterinsights_skip_tracking":false,"_monsterinsights_sitenote_active":false,"_monsterinsights_sitenote_note":"","_monsterinsights_sitenote_category":0,"footnotes":""},"class_list":["post-62839","page","type-page","status-publish","hentry"],"acf":[],"yoast_head":"<!-- This site is optimized with the Yoast SEO plugin v27.5 - https:\/\/yoast.com\/product\/yoast-seo-wordpress\/ -->\n<title>Vi hjelper deg med verdsettelsen av hjemmet ditt - Wretman Estate<\/title>\n<meta name=\"description\" content=\"Wretman Estate hjelper deg med \u00e5 vurdere eiendommen din p\u00e5 den franske rivieraen. Kontakt oss hvis du vil selge din leilighet eller villa i Frankrike.\" \/>\n<meta name=\"robots\" content=\"index, follow, max-snippet:-1, max-image-preview:large, max-video-preview:-1\" \/>\n<link rel=\"canonical\" href=\"https:\/\/www.wretmanestate.com\/no\/selge-franske-rivieraen\/verdivurdering\/\" \/>\n<meta property=\"og:locale\" content=\"nb_NO\" \/>\n<meta property=\"og:type\" content=\"article\" \/>\n<meta property=\"og:title\" content=\"Vi hjelper deg med verdsettelsen av hjemmet ditt - Wretman Estate\" \/>\n<meta property=\"og:description\" content=\"Wretman Estate hjelper deg med \u00e5 vurdere eiendommen din p\u00e5 den franske rivieraen. Kontakt oss hvis du vil selge din leilighet eller villa i Frankrike.\" \/>\n<meta property=\"og:url\" content=\"https:\/\/www.wretmanestate.com\/no\/selge-franske-rivieraen\/verdivurdering\/\" \/>\n<meta property=\"og:site_name\" content=\"Wretman Estate\" \/>\n<meta property=\"article:modified_time\" content=\"2020-06-04T14:26:49+00:00\" \/>\n<meta name=\"twitter:card\" content=\"summary_large_image\" \/>\n<meta name=\"twitter:label1\" content=\"Ansl. lesetid\" \/>\n\t<meta name=\"twitter:data1\" content=\"2 minutter\" \/>\n<script type=\"application\/ld+json\" class=\"yoast-schema-graph\">{\"@context\":\"https:\\\/\\\/schema.org\",\"@graph\":[{\"@type\":\"WebPage\",\"@id\":\"https:\\\/\\\/www.wretmanestate.com\\\/no\\\/selge-franske-rivieraen\\\/verdivurdering\\\/\",\"url\":\"https:\\\/\\\/www.wretmanestate.com\\\/no\\\/selge-franske-rivieraen\\\/verdivurdering\\\/\",\"name\":\"Vi hjelper deg med verdsettelsen av hjemmet ditt - Wretman Estate\",\"isPartOf\":{\"@id\":\"https:\\\/\\\/www.wretmanestate.com\\\/no\\\/#website\"},\"datePublished\":\"2019-12-06T16:43:49+00:00\",\"dateModified\":\"2020-06-04T14:26:49+00:00\",\"description\":\"Wretman Estate hjelper deg med \u00e5 vurdere eiendommen din p\u00e5 den franske rivieraen. Kontakt oss hvis du vil selge din leilighet eller villa i Frankrike.\",\"breadcrumb\":{\"@id\":\"https:\\\/\\\/www.wretmanestate.com\\\/no\\\/selge-franske-rivieraen\\\/verdivurdering\\\/#breadcrumb\"},\"inLanguage\":\"nb-NO\",\"potentialAction\":[{\"@type\":\"ReadAction\",\"target\":[\"https:\\\/\\\/www.wretmanestate.com\\\/no\\\/selge-franske-rivieraen\\\/verdivurdering\\\/\"]}]},{\"@type\":\"BreadcrumbList\",\"@id\":\"https:\\\/\\\/www.wretmanestate.com\\\/no\\\/selge-franske-rivieraen\\\/verdivurdering\\\/#breadcrumb\",\"itemListElement\":[{\"@type\":\"ListItem\",\"position\":1,\"name\":\"Accueil\",\"item\":\"https:\\\/\\\/www.wretmanestate.com\\\/no\\\/\"},{\"@type\":\"ListItem\",\"position\":2,\"name\":\"Selge\",\"item\":\"https:\\\/\\\/www.wretmanestate.com\\\/no\\\/selge-franske-rivieraen\\\/\"},{\"@type\":\"ListItem\",\"position\":3,\"name\":\"Verdivurdering\"}]},{\"@type\":\"WebSite\",\"@id\":\"https:\\\/\\\/www.wretmanestate.com\\\/no\\\/#website\",\"url\":\"https:\\\/\\\/www.wretmanestate.com\\\/no\\\/\",\"name\":\"Wretman Estate\",\"description\":\"Immobilier sur la C\u00f4te d&#039;Azur et la Provence\",\"publisher\":{\"@id\":\"https:\\\/\\\/www.wretmanestate.com\\\/no\\\/#organization\"},\"potentialAction\":[{\"@type\":\"SearchAction\",\"target\":{\"@type\":\"EntryPoint\",\"urlTemplate\":\"https:\\\/\\\/www.wretmanestate.com\\\/no\\\/?s={search_term_string}\"},\"query-input\":{\"@type\":\"PropertyValueSpecification\",\"valueRequired\":true,\"valueName\":\"search_term_string\"}}],\"inLanguage\":\"nb-NO\"},{\"@type\":\"Organization\",\"@id\":\"https:\\\/\\\/www.wretmanestate.com\\\/no\\\/#organization\",\"name\":\"WRETMAN ESTATE\",\"url\":\"https:\\\/\\\/www.wretmanestate.com\\\/no\\\/\",\"logo\":{\"@type\":\"ImageObject\",\"inLanguage\":\"nb-NO\",\"@id\":\"https:\\\/\\\/www.wretmanestate.com\\\/no\\\/#\\\/schema\\\/logo\\\/image\\\/\",\"url\":\"\",\"contentUrl\":\"\",\"caption\":\"WRETMAN ESTATE\"},\"image\":{\"@id\":\"https:\\\/\\\/www.wretmanestate.com\\\/no\\\/#\\\/schema\\\/logo\\\/image\\\/\"}}]}<\/script>\n<!-- \/ Yoast SEO plugin. -->","yoast_head_json":{"title":"Vi hjelper deg med verdsettelsen av hjemmet ditt - Wretman Estate","description":"Wretman Estate hjelper deg med \u00e5 vurdere eiendommen din p\u00e5 den franske rivieraen. Kontakt oss hvis du vil selge din leilighet eller villa i Frankrike.","robots":{"index":"index","follow":"follow","max-snippet":"max-snippet:-1","max-image-preview":"max-image-preview:large","max-video-preview":"max-video-preview:-1"},"canonical":"https:\/\/www.wretmanestate.com\/no\/selge-franske-rivieraen\/verdivurdering\/","og_locale":"nb_NO","og_type":"article","og_title":"Vi hjelper deg med verdsettelsen av hjemmet ditt - Wretman Estate","og_description":"Wretman Estate hjelper deg med \u00e5 vurdere eiendommen din p\u00e5 den franske rivieraen. Kontakt oss hvis du vil selge din leilighet eller villa i Frankrike.","og_url":"https:\/\/www.wretmanestate.com\/no\/selge-franske-rivieraen\/verdivurdering\/","og_site_name":"Wretman Estate","article_modified_time":"2020-06-04T14:26:49+00:00","twitter_card":"summary_large_image","twitter_misc":{"Ansl. lesetid":"2 minutter"},"schema":{"@context":"https:\/\/schema.org","@graph":[{"@type":"WebPage","@id":"https:\/\/www.wretmanestate.com\/no\/selge-franske-rivieraen\/verdivurdering\/","url":"https:\/\/www.wretmanestate.com\/no\/selge-franske-rivieraen\/verdivurdering\/","name":"Vi hjelper deg med verdsettelsen av hjemmet ditt - Wretman Estate","isPartOf":{"@id":"https:\/\/www.wretmanestate.com\/no\/#website"},"datePublished":"2019-12-06T16:43:49+00:00","dateModified":"2020-06-04T14:26:49+00:00","description":"Wretman Estate hjelper deg med \u00e5 vurdere eiendommen din p\u00e5 den franske rivieraen. Kontakt oss hvis du vil selge din leilighet eller villa i Frankrike.","breadcrumb":{"@id":"https:\/\/www.wretmanestate.com\/no\/selge-franske-rivieraen\/verdivurdering\/#breadcrumb"},"inLanguage":"nb-NO","potentialAction":[{"@type":"ReadAction","target":["https:\/\/www.wretmanestate.com\/no\/selge-franske-rivieraen\/verdivurdering\/"]}]},{"@type":"BreadcrumbList","@id":"https:\/\/www.wretmanestate.com\/no\/selge-franske-rivieraen\/verdivurdering\/#breadcrumb","itemListElement":[{"@type":"ListItem","position":1,"name":"Accueil","item":"https:\/\/www.wretmanestate.com\/no\/"},{"@type":"ListItem","position":2,"name":"Selge","item":"https:\/\/www.wretmanestate.com\/no\/selge-franske-rivieraen\/"},{"@type":"ListItem","position":3,"name":"Verdivurdering"}]},{"@type":"WebSite","@id":"https:\/\/www.wretmanestate.com\/no\/#website","url":"https:\/\/www.wretmanestate.com\/no\/","name":"Wretman Estate","description":"Immobilier sur la C\u00f4te d&#039;Azur et la Provence","publisher":{"@id":"https:\/\/www.wretmanestate.com\/no\/#organization"},"potentialAction":[{"@type":"SearchAction","target":{"@type":"EntryPoint","urlTemplate":"https:\/\/www.wretmanestate.com\/no\/?s={search_term_string}"},"query-input":{"@type":"PropertyValueSpecification","valueRequired":true,"valueName":"search_term_string"}}],"inLanguage":"nb-NO"},{"@type":"Organization","@id":"https:\/\/www.wretmanestate.com\/no\/#organization","name":"WRETMAN ESTATE","url":"https:\/\/www.wretmanestate.com\/no\/","logo":{"@type":"ImageObject","inLanguage":"nb-NO","@id":"https:\/\/www.wretmanestate.com\/no\/#\/schema\/logo\/image\/","url":"","contentUrl":"","caption":"WRETMAN ESTATE"},"image":{"@id":"https:\/\/www.wretmanestate.com\/no\/#\/schema\/logo\/image\/"}}]}},"_links":{"self":[{"href":"https:\/\/www.wretmanestate.com\/no\/wp-json\/wp\/v2\/pages\/62839","targetHints":{"allow":["GET"]}}],"collection":[{"href":"https:\/\/www.wretmanestate.com\/no\/wp-json\/wp\/v2\/pages"}],"about":[{"href":"https:\/\/www.wretmanestate.com\/no\/wp-json\/wp\/v2\/types\/page"}],"author":[{"embeddable":true,"href":"https:\/\/www.wretmanestate.com\/no\/wp-json\/wp\/v2\/users\/1"}],"replies":[{"embeddable":true,"href":"https:\/\/www.wretmanestate.com\/no\/wp-json\/wp\/v2\/comments?post=62839"}],"version-history":[{"count":0,"href":"https:\/\/www.wretmanestate.com\/no\/wp-json\/wp\/v2\/pages\/62839\/revisions"}],"up":[{"embeddable":true,"href":"https:\/\/www.wretmanestate.com\/no\/wp-json\/wp\/v2\/pages\/64069"}],"wp:attachment":[{"href":"https:\/\/www.wretmanestate.com\/no\/wp-json\/wp\/v2\/media?parent=62839"}],"curies":[{"name":"wp","href":"https:\/\/api.w.org\/{rel}","templated":true}]}}