{"id":62842,"date":"2019-12-13T14:02:09","date_gmt":"2019-12-13T13:02:09","guid":{"rendered":"https:\/\/www.wretmanestate.com\/saljprocessen\/"},"modified":"2020-09-10T15:47:49","modified_gmt":"2020-09-10T13:47:49","slug":"salgsprosessen","status":"publish","type":"page","link":"https:\/\/www.wretmanestate.com\/no\/selge-franske-rivieraen\/salgsprosessen\/","title":{"rendered":"Salgsprosessen"},"content":{"rendered":"<div class=\"wpb-content-wrapper\"><p>[vc_row full_width=&#8221;stretch_row_content_no_spaces&#8221; content_placement=&#8221;bottom&#8221; css=&#8221;.vc_custom_1586938251729{background-image: url(https:\/\/www.wretmanestate.com\/wp-content\/uploads\/2019\/11\/new-banner.jpg?id=3444) !important;background-position: center !important;background-repeat: no-repeat !important;background-size: cover !important;}&#8221; el_class=&#8221;bloc-title small&#8221;][vc_column]<div class=\" \">\r\n\t\r\n        <div class=\"mh-heading-wrapper\">\r\n            <h1            class=\"mh-heading mh-color-white mh-heading--bottom-separator   \"\r\n            style=\"font-weight:700;\">\r\n\t\t\tSALGSPROSESSEN        <\/h1>\r\n\r\n\t\t    <\/div>\r\n\r\n\t<\/div>[vc_column_text el_class=&#8221;sous-titre-page&#8221;]Wretman Estate er p\u00e5 din side hele veien[\/vc_column_text][\/vc_column][\/vc_row][vc_row el_class=&#8221;bloc-padding red_links&#8221; css=&#8221;.vc_custom_1581411509559{padding-top: 20px !important;padding-bottom: 20px !important;}&#8221;][vc_column width=&#8221;1\/2&#8243;][vc_column_text el_class=&#8221;txt_center&#8221;]<\/p>\n<h2>SALGSPROSESSEN<\/h2>\n<p>\u00c5 ha en p\u00e5litelig <a href=\"\/no\/om-oss\/team\/\">skandinavisktalende megler <\/a>kan for de fleste skandinaviske selgere v\u00e6re veldig viktig for \u00e5 forst\u00e5 <a href=\"\/no\/selge\/salgsprosessen\/\">salgsprosessen<\/a>. En som selger kan stole p\u00e5 i forbindelse med \u00e5 samordne det hele og avslutte handelen p\u00e5 en tilfredsstillende m\u00e5te. Vi hjelper deg med \u00e5 ta h\u00e5nd om den juridiske delen, samt h\u00e5ndtere de kulturforskjeller og spr\u00e5kproblemer som m\u00e5tte oppst\u00e5.<\/p>\n<p>Alle vi hos <a href=\"\/no\/\">Wretman Estate<\/a> bor p\u00e5 den <a href=\"\/no\/kjope\/franske-rivieraen\/\">Franske Rivieraen<\/a> og vi gj\u00f8r v\u00e5rt ytterste for \u00e5 veilede deg gjennom handelen.[\/vc_column_text][vc_column_text]<\/p>\n<p style=\"text-align: center;\"><em><br \/>\nN\u00f8l ikke med \u00e5 <a href=\"\/no\/kontakt\/\">kontakte oss<\/a> om dere har sp\u00f8rsm\u00e5l, eller \u00f8nsker noen r\u00e5d!<br \/>\n<\/em><\/p>\n<p>[\/vc_column_text][\/vc_column][vc_column width=&#8221;1\/2&#8243;][vc_single_image image=&#8221;22237&#8243; img_size=&#8221;large&#8221;][\/vc_column][\/vc_row][vc_row el_class=&#8221;bloc-padding&#8221; css=&#8221;.vc_custom_1579691600228{margin-top: 0px !important;padding-top: 20px !important;padding-bottom: 20px !important;}&#8221;][vc_column width=&#8221;1\/2&#8243;][vc_single_image image=&#8221;18491&#8243; img_size=&#8221;large&#8221;][\/vc_column][vc_column width=&#8221;1\/2&#8243;][vc_column_text]<\/p>\n<h3>1) Signere et salgsoppdrag med en megler<\/h3>\n<p>F\u00f8rste skritt i forbindelse med salg av bolig, er \u00e5 signere en avtale, et s\u00e5kalt salgsoppdrag med en autorisert og registrert megler i Frankrike. Salgsppdraget (mandatet) m\u00e5 formuleres etter fransk lov, gjeldende i hele Frankrike. Man inkluderer blant annet eiers navn, eiendommens adress, en kort beskrivelse av eiendommen, privisjonen, salgsoppdragets gyldighet, eventuelle spesielle vilk\u00e5r i handelen, samt en tidsbegrensning og oppsigelsesvilk\u00e5r.<\/p>\n<p>I Frankrike finnes b\u00e5de eksklusive og ikke-eksklusive salgsoppdrag. Det er viktig \u00e5 diskutere sp\u00f8rsm\u00e5let med din megler, da valg av salgsoppdrag kan p\u00e5virke rekkevidden p\u00e5 din eiendom og sluttprisen.[\/vc_column_text][\/vc_column][\/vc_row][vc_row el_class=&#8221;bloc-padding&#8221; css=&#8221;.vc_custom_1579691610717{padding-top: 20px !important;padding-bottom: 20px !important;}&#8221;][vc_column width=&#8221;1\/2&#8243;][vc_column_text el_class=&#8221;txt_center&#8221;]<\/p>\n<h3>2) Tekniske unders\u00f8kelser og det juridiske<\/h3>\n<p>Ved salg av en bolig m\u00e5 selger bestille en teknisk unders\u00f8kelse av eiendommen &#8211; \u201cdiagnoistics\u201d. Denne beskriver eiendommens st\u00f8rrelse, energiforbruk, bed\u00f8mmelse av naturrisiko, standard p\u00e5 det elektriske, gassinstallasjon, forekomst av bly p\u00e5 eiendommen, asbest og termitter. Eier m\u00e5 ogs\u00e5 fremvise skj\u00f8tet og eiendomsskatten p\u00e5 eiendommen.<\/p>\n<p>Ved salg av en bolig som er en del av et sameie m\u00e5 man ogs\u00e5 legge fram opplysninger fra sameiet. Her skal blant annet fellesutgifter, protokoll fra de tre siste generalforsamlingene og vedtektene i sameiet fremg\u00e5.[\/vc_column_text][\/vc_column][vc_column width=&#8221;1\/2&#8243;][vc_single_image image=&#8221;22241&#8243; img_size=&#8221;large&#8221;][\/vc_column][\/vc_row][vc_row el_class=&#8221;bloc-padding&#8221; css=&#8221;.vc_custom_1579691621837{padding-top: 20px !important;padding-bottom: 20px !important;}&#8221;][vc_column width=&#8221;1\/2&#8243;][vc_single_image image=&#8221;18475&#8243; img_size=&#8221;large&#8221;][\/vc_column][vc_column width=&#8221;1\/2&#8243;][vc_column_text]<\/p>\n<h3>3) Budgivning &#8211; \u201dIntention d&#8217;achat\u201d<\/h3>\n<p>I Frankrike legger man inn bud p\u00e5 et bel\u00f8p som ligger under det som er angitt \u201cprisantydningen\u201d, i motsetning til i Norge, hvor man ogs\u00e5 kan legge inn et bud over prisantydning. I Frankrike er selger forpliktet til \u00e5 selge om kj\u00f8perens bud er i overensstemmelse med salgsoppdragets pris og vilk\u00e5r.<\/p>\n<p>N\u00e5r man legger inn et bud, er det vanlig \u00e5 gj\u00f8re dette skriftlig, med et \u201c<em>lettre d&#8217;intention d&#8217;achat<\/em>\u201d. Budet er i dette tilfelle ikke bindende for kj\u00f8per\/budgiver.<\/p>\n<p>Selger m\u00e5 n\u00f8ye overveie alle vilk\u00e5r innen han aksepterer et bud, da en skriftlig aksept av bud inneb\u00e6rer at selger er bundet til \u00e5 selge. Kj\u00f8per kan kreve erstatning om selger skulle trekke tilbake sin aksept p\u00e5 et senere tidspunkt. Kj\u00f8per kan der i mot trekke seg ut av avtalen etter at et bud er akseptert.[\/vc_column_text][\/vc_column][\/vc_row][vc_row el_class=&#8221;bloc-padding&#8221; css=&#8221;.vc_custom_1579766739980{padding-top: 20px !important;padding-bottom: 20px !important;}&#8221;][vc_column width=&#8221;1\/2&#8243;][vc_column_text]<\/p>\n<h3>4) Velg notar<\/h3>\n<p>Notaren er en juridisk kvalifisert statstjenestemann som forbereder dokumenter, kontrollerer og har ansvar for registreringen av bolighandelen. Franskmenn har ofte samme notar livet ut, da notaren kan gi r\u00e5d i forbindelse med arveskatt, gevinstbeskatning osv. Oftest representeres kj\u00f8per og selger av sine egne notarer som deler p\u00e5 notaravgiften, uten at dette \u00f8ker kostnadene.<\/p>\n<p>Notarer er upartiske og forventes \u00e5 v\u00e6re n\u00f8ytrale. De er ansvarlige for den endelige handelen og ansvaret ligger under den franske justisministeren. Notaravgiften, ogs\u00e5 kalt kj\u00f8pskostnader eller dokumentavgiften, inkluderer ulike skatter og avgifter som for eksempel stempelavgift og det juridiske i forbindelse med handelen. Den ligger p\u00e5 cirka 7,5% av kj\u00f8psprisen p\u00e5 bruktboliger og cirka 2,5% p\u00e5 nybygg. Notaravgiften betales av kj\u00f8peren.<\/p>\n<p>Wretman Estate samarbeider med et flertall p\u00e5litelige engelsktalende notarer.[\/vc_column_text][\/vc_column][vc_column width=&#8221;1\/2&#8243;][vc_single_image image=&#8221;22248&#8243; img_size=&#8221;large&#8221;][\/vc_column][\/vc_row][vc_row el_class=&#8221;bloc-padding&#8221; css=&#8221;.vc_custom_1579766750080{padding-top: 20px !important;padding-bottom: 20px !important;}&#8221;][vc_column width=&#8221;1\/2&#8243;][vc_single_image image=&#8221;18479&#8243; img_size=&#8221;large&#8221;][\/vc_column][vc_column width=&#8221;1\/2&#8243;][vc_column_text]<\/p>\n<h3>5) Den forberedende kontrakten &#8211; \u201cCompromis de vente\u201d<\/h3>\n<p>Forkontrakten er utarbeidet av notarius eller eiendomsmegler og inkluderer alle salgsbetingelsene. Det m\u00e5 v\u00e6re veldig presist da det er grunnlaget for den endelige avtalen.<\/p>\n<p>Forkontrakten inneholder alle kj\u00f8psbetingelser som l\u00e5neklausul, dato for innreise, mulig liste over m\u00f8bler som skal inkluderes i kj\u00f8pet, informasjon om gebyrer og felleseie. Den beskriver ogs\u00e5 under hvilke omstendigheter kontrakten kan brytes uten straff. Dette kan for eksempel v\u00e6re at eiendommen har begrensningene i byggetillatelse eller om kj\u00f8perens pantel\u00e5n ikke ville bli gitt. Signering av denne avtalen er bindende for selgeren.<br \/>\nMegleren m\u00e5 n\u00f8ye sjekke at alle n\u00f8dvendige punkter er inkludert, og at avtalen ikke inneholder noen klausuler som p\u00e5virker selgeren negativt.[\/vc_column_text][\/vc_column][\/vc_row][vc_row el_class=&#8221;bloc-padding&#8221; css=&#8221;.vc_custom_1579691651925{padding-top: 20px !important;padding-bottom: 20px !important;}&#8221;][vc_column width=&#8221;1\/2&#8243;][vc_column_text]<\/p>\n<h3>6) Angrefrist og forh\u00e5ndsbetaling<\/h3>\n<p>Kj\u00f8per har etter fransk lov rett til \u00e5 trekke seg kostnadsfritt fra handelen. Dette m\u00e5 skje i l\u00f8pet av 10 dager etter at han har signert og f\u00e5tt kopi av den forberedende kontrakten med vedlegg.<\/p>\n<p>Det er viktig \u00e5 notere at de 10 angredagene begynner f\u00f8rst etter at kj\u00f8peren har f\u00e5tt alle dokumenter som ang\u00e5r eiendommen. Det holder ikke \u00e5 ha signert den forberedende kontrakten. Deretter er angreperioden over.<\/p>\n<p>Forh\u00e5ndsbetalingen er p\u00e5 mellom 5 og 10% av prisen p\u00e5 eiendommen. Denne deponeres p\u00e5 en spesiell klientkonto. Dette bel\u00f8pet skal v\u00e6re notaren i hende senest 10 dager etter at den forberedende kontrakten er signert, forutsatt at kj\u00f8per vil fullf\u00f8re transaksjonen.[\/vc_column_text][\/vc_column][vc_column width=&#8221;1\/2&#8243;][vc_single_image image=&#8221;18467&#8243; img_size=&#8221;large&#8221;][\/vc_column][\/vc_row][vc_row el_class=&#8221;bloc-padding&#8221; css=&#8221;.vc_custom_1579691661172{padding-top: 20px !important;padding-bottom: 20px !important;}&#8221;][vc_column width=&#8221;1\/2&#8243;][vc_single_image image=&#8221;18495&#8243; img_size=&#8221;large&#8221;][\/vc_column][vc_column width=&#8221;1\/2&#8243;][vc_column_text el_class=&#8221;txt_center&#8221;]<\/p>\n<h3>7) Endelig kontrakt\/skj\u00f8te &#8211; \u201dActe authentique de vente\u201d<\/h3>\n<p>Etter at notaren har kontrollert at alt er i orden og samlet inn all n\u00f8dvendig informasjon om byplaner og eventuell bel\u00e5ning av eiednommen, kan den endelige avtalen \u201cActe authentique de vente\u201d signeres. Fra signeringen av \u201cCompromis de vente\u201d og \u201cActe authentique de vente\u201d tar det oftest to til tre m\u00e5neder.<\/p>\n<p>P\u00e5 dagen for endelig kontrakt sjekker notaren at h\u00e5ndpengene er innkommet p\u00e5 klientkonto. Overtakelse skjer samme dag som signering av den endelige avtalen, derfor m\u00e5 eiendommen v\u00e6re t\u00f8mt innen signering.<\/p>\n<p>N\u00e5r den endelige kontrakten undertegnes overlates n\u00f8klene og begge parter f\u00e5r et skriftlig bevis p\u00e5 handelen.[\/vc_column_text][\/vc_column][\/vc_row][vc_row el_class=&#8221;bloc-padding&#8221; css=&#8221;.vc_custom_1579691673877{padding-top: 20px !important;padding-bottom: 20px !important;}&#8221;][vc_column width=&#8221;1\/2&#8243;][vc_column_text el_class=&#8221;txt_center&#8221;]<\/p>\n<h3>8) Betaling og skatter<\/h3>\n<p>Notaren overf\u00f8rer oppgj\u00f8ret til selger etter at kontrakten er signert. Det er ogs\u00e5 notaren som tar h\u00e5nd om alle transaksjoner som har med eiendommen \u00e5 gj\u00f8re. Som for eksempel eventuelle gevinstbeskatninger, kostnader for nye l\u00e5n samt meglerprovisjonen som betales samtidig.<\/p>\n<p>Megleren f\u00e5r ikke salgsprovisjonen f\u00f8r den endelige kontrakten er signert.<\/p>\n<p>Wretman Estates meglere kan hjelpe deg med \u00e5 beregne gevinstbeskatningen f\u00f8r salget.[\/vc_column_text][\/vc_column][vc_column width=&#8221;1\/2&#8243;][vc_single_image image=&#8221;18471&#8243; img_size=&#8221;large&#8221;][\/vc_column][\/vc_row][vc_row el_class=&#8221;bloc-padding red_links&#8221; css=&#8221;.vc_custom_1593509240302{padding-top: 20px !important;padding-bottom: 20px !important;}&#8221;][vc_column width=&#8221;1\/2&#8243;][vc_single_image image=&#8221;18483&#8243; img_size=&#8221;large&#8221;][\/vc_column][vc_column width=&#8221;1\/2&#8243;][vc_column_text]<\/p>\n<h3>9) Tinglysning av dokument<\/h3>\n<p>Notaren registrerer salget. Den endelige avregningen gj\u00f8res et antall m\u00e5neder etter salget i forbindelse med at kopi skj\u00f8tet \u201ccopie authentique de l`acte de vente\u201d, sendes til begge parter via post.<\/p>\n<p>N\u00f8l ikke med \u00e5 <a href=\"\/no\/kontakt\/\">kontakte oss<\/a> om du har sp\u00f8rsm\u00e5l rundt salgsprosessen![\/vc_column_text][\/vc_column][\/vc_row][vc_row][vc_column][\/vc_column][\/vc_row]<\/p>\n<\/div>","protected":false},"excerpt":{"rendered":"<p>[vc_row full_width=&#8221;stretch_row_content_no_spaces&#8221; content_placement=&#8221;bottom&#8221; css=&#8221;.vc_custom_1586938251729{background-image: url(https:\/\/www.wretmanestate.com\/wp-content\/uploads\/2019\/11\/new-banner.jpg?id=3444) !important;background-position: center !important;background-repeat: no-repeat !important;background-size: cover !important;}&#8221; el_class=&#8221;bloc-title small&#8221;][vc_column][vc_column_text el_class=&#8221;sous-titre-page&#8221;]Wretman Estate er p\u00e5 din side hele veien[\/vc_column_text][\/vc_column][\/vc_row][vc_row el_class=&#8221;bloc-padding red_links&#8221; css=&#8221;.vc_custom_1581411509559{padding-top: 20px !important;padding-bottom: 20px !important;}&#8221;][vc_column width=&#8221;1\/2&#8243;][vc_column_text el_class=&#8221;txt_center&#8221;] SALGSPROSESSEN \u00c5 ha en p\u00e5litelig skandinavisktalende megler kan for de fleste skandinaviske selgere v\u00e6re veldig viktig for \u00e5 forst\u00e5 salgsprosessen. En som selger kan [&hellip;]<\/p>\n","protected":false},"author":23,"featured_media":0,"parent":64069,"menu_order":0,"comment_status":"closed","ping_status":"closed","template":"page_full-width.php","meta":{"_acf_changed":false,"content-type":"","_monsterinsights_skip_tracking":false,"_monsterinsights_sitenote_active":false,"_monsterinsights_sitenote_note":"","_monsterinsights_sitenote_category":0,"footnotes":""},"class_list":["post-62842","page","type-page","status-publish","hentry"],"acf":[],"yoast_head":"<!-- This site is optimized with the Yoast SEO plugin v27.5 - https:\/\/yoast.com\/product\/yoast-seo-wordpress\/ -->\n<title>Vi forklarer salgsprosessen i Frankrike - Wretman Estate<\/title>\n<meta name=\"description\" content=\"Wretman Estate sin svensktalende megler hjelper deg \u00e5 ta vare p\u00e5 den juridiske delen, kulturelle forskjeller og eventuelle spr\u00e5kproblemer i salgsprosessen.\" \/>\n<meta name=\"robots\" content=\"index, follow, max-snippet:-1, max-image-preview:large, max-video-preview:-1\" \/>\n<link rel=\"canonical\" href=\"https:\/\/www.wretmanestate.com\/no\/selge-franske-rivieraen\/salgsprosessen\/\" \/>\n<meta property=\"og:locale\" content=\"nb_NO\" \/>\n<meta property=\"og:type\" content=\"article\" \/>\n<meta property=\"og:title\" content=\"Vi forklarer salgsprosessen i Frankrike - Wretman Estate\" \/>\n<meta property=\"og:description\" content=\"Wretman Estate sin svensktalende megler hjelper deg \u00e5 ta vare p\u00e5 den juridiske delen, kulturelle forskjeller og eventuelle spr\u00e5kproblemer i salgsprosessen.\" \/>\n<meta property=\"og:url\" content=\"https:\/\/www.wretmanestate.com\/no\/selge-franske-rivieraen\/salgsprosessen\/\" \/>\n<meta property=\"og:site_name\" content=\"Wretman Estate\" \/>\n<meta property=\"article:modified_time\" content=\"2020-09-10T13:47:49+00:00\" \/>\n<meta name=\"twitter:card\" content=\"summary_large_image\" \/>\n<meta name=\"twitter:label1\" content=\"Ansl. lesetid\" \/>\n\t<meta name=\"twitter:data1\" content=\"8 minutter\" \/>\n<script type=\"application\/ld+json\" class=\"yoast-schema-graph\">{\"@context\":\"https:\\\/\\\/schema.org\",\"@graph\":[{\"@type\":\"WebPage\",\"@id\":\"https:\\\/\\\/www.wretmanestate.com\\\/no\\\/selge-franske-rivieraen\\\/salgsprosessen\\\/\",\"url\":\"https:\\\/\\\/www.wretmanestate.com\\\/no\\\/selge-franske-rivieraen\\\/salgsprosessen\\\/\",\"name\":\"Vi forklarer salgsprosessen i Frankrike - Wretman Estate\",\"isPartOf\":{\"@id\":\"https:\\\/\\\/www.wretmanestate.com\\\/no\\\/#website\"},\"datePublished\":\"2019-12-13T13:02:09+00:00\",\"dateModified\":\"2020-09-10T13:47:49+00:00\",\"description\":\"Wretman Estate sin svensktalende megler hjelper deg \u00e5 ta vare p\u00e5 den juridiske delen, kulturelle forskjeller og eventuelle spr\u00e5kproblemer i salgsprosessen.\",\"breadcrumb\":{\"@id\":\"https:\\\/\\\/www.wretmanestate.com\\\/no\\\/selge-franske-rivieraen\\\/salgsprosessen\\\/#breadcrumb\"},\"inLanguage\":\"nb-NO\",\"potentialAction\":[{\"@type\":\"ReadAction\",\"target\":[\"https:\\\/\\\/www.wretmanestate.com\\\/no\\\/selge-franske-rivieraen\\\/salgsprosessen\\\/\"]}]},{\"@type\":\"BreadcrumbList\",\"@id\":\"https:\\\/\\\/www.wretmanestate.com\\\/no\\\/selge-franske-rivieraen\\\/salgsprosessen\\\/#breadcrumb\",\"itemListElement\":[{\"@type\":\"ListItem\",\"position\":1,\"name\":\"Accueil\",\"item\":\"https:\\\/\\\/www.wretmanestate.com\\\/no\\\/\"},{\"@type\":\"ListItem\",\"position\":2,\"name\":\"Selge\",\"item\":\"https:\\\/\\\/www.wretmanestate.com\\\/no\\\/selge-franske-rivieraen\\\/\"},{\"@type\":\"ListItem\",\"position\":3,\"name\":\"Salgsprosessen\"}]},{\"@type\":\"WebSite\",\"@id\":\"https:\\\/\\\/www.wretmanestate.com\\\/no\\\/#website\",\"url\":\"https:\\\/\\\/www.wretmanestate.com\\\/no\\\/\",\"name\":\"Wretman Estate\",\"description\":\"Immobilier sur la C\u00f4te d&#039;Azur et la Provence\",\"publisher\":{\"@id\":\"https:\\\/\\\/www.wretmanestate.com\\\/no\\\/#organization\"},\"potentialAction\":[{\"@type\":\"SearchAction\",\"target\":{\"@type\":\"EntryPoint\",\"urlTemplate\":\"https:\\\/\\\/www.wretmanestate.com\\\/no\\\/?s={search_term_string}\"},\"query-input\":{\"@type\":\"PropertyValueSpecification\",\"valueRequired\":true,\"valueName\":\"search_term_string\"}}],\"inLanguage\":\"nb-NO\"},{\"@type\":\"Organization\",\"@id\":\"https:\\\/\\\/www.wretmanestate.com\\\/no\\\/#organization\",\"name\":\"WRETMAN ESTATE\",\"url\":\"https:\\\/\\\/www.wretmanestate.com\\\/no\\\/\",\"logo\":{\"@type\":\"ImageObject\",\"inLanguage\":\"nb-NO\",\"@id\":\"https:\\\/\\\/www.wretmanestate.com\\\/no\\\/#\\\/schema\\\/logo\\\/image\\\/\",\"url\":\"\",\"contentUrl\":\"\",\"caption\":\"WRETMAN ESTATE\"},\"image\":{\"@id\":\"https:\\\/\\\/www.wretmanestate.com\\\/no\\\/#\\\/schema\\\/logo\\\/image\\\/\"}}]}<\/script>\n<!-- \/ Yoast SEO plugin. -->","yoast_head_json":{"title":"Vi forklarer salgsprosessen i Frankrike - Wretman Estate","description":"Wretman Estate sin svensktalende megler hjelper deg \u00e5 ta vare p\u00e5 den juridiske delen, kulturelle forskjeller og eventuelle spr\u00e5kproblemer i salgsprosessen.","robots":{"index":"index","follow":"follow","max-snippet":"max-snippet:-1","max-image-preview":"max-image-preview:large","max-video-preview":"max-video-preview:-1"},"canonical":"https:\/\/www.wretmanestate.com\/no\/selge-franske-rivieraen\/salgsprosessen\/","og_locale":"nb_NO","og_type":"article","og_title":"Vi forklarer salgsprosessen i Frankrike - Wretman Estate","og_description":"Wretman Estate sin svensktalende megler hjelper deg \u00e5 ta vare p\u00e5 den juridiske delen, kulturelle forskjeller og eventuelle spr\u00e5kproblemer i salgsprosessen.","og_url":"https:\/\/www.wretmanestate.com\/no\/selge-franske-rivieraen\/salgsprosessen\/","og_site_name":"Wretman Estate","article_modified_time":"2020-09-10T13:47:49+00:00","twitter_card":"summary_large_image","twitter_misc":{"Ansl. lesetid":"8 minutter"},"schema":{"@context":"https:\/\/schema.org","@graph":[{"@type":"WebPage","@id":"https:\/\/www.wretmanestate.com\/no\/selge-franske-rivieraen\/salgsprosessen\/","url":"https:\/\/www.wretmanestate.com\/no\/selge-franske-rivieraen\/salgsprosessen\/","name":"Vi forklarer salgsprosessen i Frankrike - Wretman Estate","isPartOf":{"@id":"https:\/\/www.wretmanestate.com\/no\/#website"},"datePublished":"2019-12-13T13:02:09+00:00","dateModified":"2020-09-10T13:47:49+00:00","description":"Wretman Estate sin svensktalende megler hjelper deg \u00e5 ta vare p\u00e5 den juridiske delen, kulturelle forskjeller og eventuelle spr\u00e5kproblemer i salgsprosessen.","breadcrumb":{"@id":"https:\/\/www.wretmanestate.com\/no\/selge-franske-rivieraen\/salgsprosessen\/#breadcrumb"},"inLanguage":"nb-NO","potentialAction":[{"@type":"ReadAction","target":["https:\/\/www.wretmanestate.com\/no\/selge-franske-rivieraen\/salgsprosessen\/"]}]},{"@type":"BreadcrumbList","@id":"https:\/\/www.wretmanestate.com\/no\/selge-franske-rivieraen\/salgsprosessen\/#breadcrumb","itemListElement":[{"@type":"ListItem","position":1,"name":"Accueil","item":"https:\/\/www.wretmanestate.com\/no\/"},{"@type":"ListItem","position":2,"name":"Selge","item":"https:\/\/www.wretmanestate.com\/no\/selge-franske-rivieraen\/"},{"@type":"ListItem","position":3,"name":"Salgsprosessen"}]},{"@type":"WebSite","@id":"https:\/\/www.wretmanestate.com\/no\/#website","url":"https:\/\/www.wretmanestate.com\/no\/","name":"Wretman Estate","description":"Immobilier sur la C\u00f4te d&#039;Azur et la Provence","publisher":{"@id":"https:\/\/www.wretmanestate.com\/no\/#organization"},"potentialAction":[{"@type":"SearchAction","target":{"@type":"EntryPoint","urlTemplate":"https:\/\/www.wretmanestate.com\/no\/?s={search_term_string}"},"query-input":{"@type":"PropertyValueSpecification","valueRequired":true,"valueName":"search_term_string"}}],"inLanguage":"nb-NO"},{"@type":"Organization","@id":"https:\/\/www.wretmanestate.com\/no\/#organization","name":"WRETMAN ESTATE","url":"https:\/\/www.wretmanestate.com\/no\/","logo":{"@type":"ImageObject","inLanguage":"nb-NO","@id":"https:\/\/www.wretmanestate.com\/no\/#\/schema\/logo\/image\/","url":"","contentUrl":"","caption":"WRETMAN ESTATE"},"image":{"@id":"https:\/\/www.wretmanestate.com\/no\/#\/schema\/logo\/image\/"}}]}},"_links":{"self":[{"href":"https:\/\/www.wretmanestate.com\/no\/wp-json\/wp\/v2\/pages\/62842","targetHints":{"allow":["GET"]}}],"collection":[{"href":"https:\/\/www.wretmanestate.com\/no\/wp-json\/wp\/v2\/pages"}],"about":[{"href":"https:\/\/www.wretmanestate.com\/no\/wp-json\/wp\/v2\/types\/page"}],"author":[{"embeddable":true,"href":"https:\/\/www.wretmanestate.com\/no\/wp-json\/wp\/v2\/users\/23"}],"replies":[{"embeddable":true,"href":"https:\/\/www.wretmanestate.com\/no\/wp-json\/wp\/v2\/comments?post=62842"}],"version-history":[{"count":5,"href":"https:\/\/www.wretmanestate.com\/no\/wp-json\/wp\/v2\/pages\/62842\/revisions"}],"predecessor-version":[{"id":104206,"href":"https:\/\/www.wretmanestate.com\/no\/wp-json\/wp\/v2\/pages\/62842\/revisions\/104206"}],"up":[{"embeddable":true,"href":"https:\/\/www.wretmanestate.com\/no\/wp-json\/wp\/v2\/pages\/64069"}],"wp:attachment":[{"href":"https:\/\/www.wretmanestate.com\/no\/wp-json\/wp\/v2\/media?parent=62842"}],"curies":[{"name":"wp","href":"https:\/\/api.w.org\/{rel}","templated":true}]}}