{"id":64069,"date":"2019-11-21T12:20:51","date_gmt":"2019-11-21T11:20:51","guid":{"rendered":"https:\/\/www.wretmanestate.com\/salja\/"},"modified":"2021-03-23T17:00:54","modified_gmt":"2021-03-23T16:00:54","slug":"selge-franske-rivieraen","status":"publish","type":"page","link":"https:\/\/www.wretmanestate.com\/no\/selge-franske-rivieraen\/","title":{"rendered":"Selge"},"content":{"rendered":"<div class=\"wpb-content-wrapper\"><p>[vc_row full_width=&#8221;stretch_row_content_no_spaces&#8221; content_placement=&#8221;bottom&#8221; css=&#8221;.vc_custom_1593678754028{background-image: url(https:\/\/www.wretmanestate.com\/wp-content\/uploads\/2019\/11\/new-banner.jpg?id=3444) !important;background-position: center !important;background-repeat: no-repeat !important;background-size: cover !important;}&#8221; el_class=&#8221;bloc-title small red_links&#8221;][vc_column]<div class=\" \">\r\n\t\r\n        <div class=\"mh-heading-wrapper\">\r\n            <h1            class=\"mh-heading mh-color-white mh-heading--bottom-separator   \"\r\n            style=\"font-weight:700;\">\r\n\t\t\tSELGE        <\/h1>\r\n\r\n\t\t    <\/div>\r\n\r\n\t<\/div>[vc_column_text el_class=&#8221;sous-titre-page&#8221;]<\/p>\n<p style=\"text-align: center;\">Vil du selge din bolig p\u00e5 den Franske Rivieraen?<br \/>\nMed oss kan du f\u00f8le deg trygg.<\/p>\n<p>[\/vc_column_text][\/vc_column][\/vc_row][vc_row el_class=&#8221;red_links&#8221;][vc_column][vc_column_text]<\/p>\n<p style=\"text-align: center;\">Hos Wretman Estate investerer vi en stor del av v\u00e5re inntekter i <a href=\"\/no\/selge-franske-rivieraen\/markedsforing\/\">markedsf\u00f8ring<\/a> av din bolig.<\/p>\n<p style=\"text-align: center;\">Vi har ogs\u00e5 et omfattende <a href=\"\/no\/om-oss-eiendomsmeglere-franske-rivieraen\/vare-samarbeidspartnere\/\">nettverk av partnere<\/a>, slik at vi n\u00e5r hele markedet.<\/p>\n<p style=\"text-align: center;\"><span style=\"font-weight: 400;\">Vi hjelper deg med alt fra <a href=\"\/no\/selge-franske-rivieraen\/verdivurdering\/\">verdivurdering<\/a> til resten av <a href=\"\/no\/selge-franske-rivieraen\/salgsprosessen\/\">salgsprosessen<\/a>.<\/span><\/p>\n<p>[\/vc_column_text][\/vc_column][\/vc_row][vc_row full_width=&#8221;stretch_row_content&#8221; equal_height=&#8221;yes&#8221; content_placement=&#8221;middle&#8221; css=&#8221;.vc_custom_1582560739111{padding-top: 15px !important;padding-bottom: 50px !important;}&#8221;][vc_column][vc_row_inner equal_height=&#8221;yes&#8221; content_placement=&#8221;bottom&#8221; gap=&#8221;1&#8243; el_class=&#8221;row_bloc_img&#8221;][vc_column_inner el_class=&#8221;img_sale&#8221; width=&#8221;1\/3&#8243; css=&#8221;.vc_custom_1616515239426{background-image: url(https:\/\/www.wretmanestate.com\/wp-content\/uploads\/2020\/02\/Midsection-of-man-with-tablet-1280-600.jpg?id=17279) !important;background-position: center !important;background-repeat: no-repeat !important;background-size: cover !important;}&#8221;]<div class=\" \">\r\n\t\r\n        <div class=\"mh-heading-wrapper\">\r\n            <h2            class=\"mh-heading mh-color-white    \"\r\n            style=\"font-weight:700;\">\r\n\t\t\tSALGSPROSESSEN        <\/h2>\r\n\r\n\t\t            <div class=\"mh-subheading mh-color-white\"\r\n                 style=\"\">\r\n\t\t\t\tVi er ved din side gjennom hele prosessen            <\/div>\r\n\t\t    <\/div>\r\n\r\n\t<\/div>[vc_column_text el_class=&#8221;lien_img&#8221;]<a href=\"\/no\/selge-franske-rivieraen\/salgsprosess\/\">Salgsprosess<\/a>[\/vc_column_text][\/vc_column_inner][vc_column_inner el_class=&#8221;img_estim&#8221; width=&#8221;1\/3&#8243; css=&#8221;.vc_custom_1616515245223{background-image: url(https:\/\/www.wretmanestate.com\/wp-content\/uploads\/2020\/02\/estimation-3.jpg?id=18450) !important;background-position: center !important;background-repeat: no-repeat !important;background-size: cover !important;}&#8221;]<div class=\" \">\r\n\t\r\n        <div class=\"mh-heading-wrapper\">\r\n            <h2            class=\"mh-heading mh-color-white    \"\r\n            style=\"font-weight:700;\">\r\n\t\t\tVERDIVURDERING        <\/h2>\r\n\r\n\t\t            <div class=\"mh-subheading mh-color-white\"\r\n                 style=\"\">\r\n\t\t\t\tV\u00e5re eksperter har solid erfaring            <\/div>\r\n\t\t    <\/div>\r\n\r\n\t<\/div>[vc_column_text el_class=&#8221;lien_img&#8221;]<a href=\"\/no\/selge-franske-rivieraen\/verdivurdering\/\">VERDIVURDERING<\/a>[\/vc_column_text][\/vc_column_inner][vc_column_inner el_class=&#8221;img_mark&#8221; width=&#8221;1\/3&#8243; css=&#8221;.vc_custom_1616515251286{background-image: url(https:\/\/www.wretmanestate.com\/wp-content\/uploads\/2020\/02\/magazines-fond-blanc.jpg?id=23482) !important;background-position: center !important;background-repeat: no-repeat !important;background-size: cover !important;}&#8221;]<div class=\" \">\r\n\t\r\n        <div class=\"mh-heading-wrapper\">\r\n            <h2            class=\"mh-heading mh-color-white    \"\r\n            style=\"font-weight:700;\">\r\n\t\t\tMARKEDSF\u00d8RING        <\/h2>\r\n\r\n\t\t            <div class=\"mh-subheading mh-color-white\"\r\n                 style=\"\">\r\n\t\t\t\tVi kan sees overalt            <\/div>\r\n\t\t    <\/div>\r\n\r\n\t<\/div>[vc_column_text el_class=&#8221;lien_img&#8221;]<a href=\"\/no\/selge-franske-rivieraen\/markedsforing\/\">MARKNEDSF\u00d8RING<\/a>[\/vc_column_text][\/vc_column_inner][\/vc_row_inner][\/vc_column][\/vc_row]<\/p>\n<\/div>","protected":false},"excerpt":{"rendered":"<p>[vc_row full_width=&#8221;stretch_row_content_no_spaces&#8221; content_placement=&#8221;bottom&#8221; css=&#8221;.vc_custom_1593678754028{background-image: url(https:\/\/www.wretmanestate.com\/wp-content\/uploads\/2019\/11\/new-banner.jpg?id=3444) !important;background-position: center !important;background-repeat: no-repeat !important;background-size: cover !important;}&#8221; el_class=&#8221;bloc-title small red_links&#8221;][vc_column][vc_column_text el_class=&#8221;sous-titre-page&#8221;] Vil du selge din bolig p\u00e5 den Franske Rivieraen? Med oss kan du f\u00f8le deg trygg. [\/vc_column_text][\/vc_column][\/vc_row][vc_row el_class=&#8221;red_links&#8221;][vc_column][vc_column_text] Hos Wretman Estate investerer vi en stor del av v\u00e5re inntekter i markedsf\u00f8ring av din bolig. Vi har ogs\u00e5 et omfattende [&hellip;]<\/p>\n","protected":false},"author":1,"featured_media":0,"parent":0,"menu_order":0,"comment_status":"closed","ping_status":"closed","template":"page_full-width.php","meta":{"_acf_changed":false,"content-type":"","_monsterinsights_skip_tracking":false,"_monsterinsights_sitenote_active":false,"_monsterinsights_sitenote_note":"","_monsterinsights_sitenote_category":0,"footnotes":""},"class_list":["post-64069","page","type-page","status-publish","hentry"],"acf":[],"yoast_head":"<!-- This site is optimized with the Yoast SEO plugin v27.5 - https:\/\/yoast.com\/product\/yoast-seo-wordpress\/ -->\n<title>Vi hjelper deg med \u00e5 selge hjemmet ditt p\u00e5 Rivieraen - Wretman Estate<\/title>\n<meta name=\"description\" content=\"Wretman Estate hjelper deg med \u00e5 selge hjemmet ditt p\u00e5 Rivieraen og i Provence. Penthouse eller villa? Vi vil finne den rette kj\u00f8peren for boligen din.\" \/>\n<meta name=\"robots\" content=\"index, follow, max-snippet:-1, max-image-preview:large, max-video-preview:-1\" \/>\n<link rel=\"canonical\" href=\"https:\/\/www.wretmanestate.com\/no\/selge-franske-rivieraen\/\" \/>\n<meta property=\"og:locale\" content=\"nb_NO\" \/>\n<meta property=\"og:type\" content=\"article\" \/>\n<meta property=\"og:title\" content=\"Vi hjelper deg med \u00e5 selge hjemmet ditt p\u00e5 Rivieraen - Wretman Estate\" \/>\n<meta property=\"og:description\" content=\"Wretman Estate hjelper deg med \u00e5 selge hjemmet ditt p\u00e5 Rivieraen og i Provence. Penthouse eller villa? Vi vil finne den rette kj\u00f8peren for boligen din.\" \/>\n<meta property=\"og:url\" content=\"https:\/\/www.wretmanestate.com\/no\/selge-franske-rivieraen\/\" \/>\n<meta property=\"og:site_name\" content=\"Wretman Estate\" \/>\n<meta property=\"article:modified_time\" content=\"2021-03-23T16:00:54+00:00\" \/>\n<meta name=\"twitter:card\" content=\"summary_large_image\" \/>\n<meta name=\"twitter:label1\" content=\"Ansl. lesetid\" \/>\n\t<meta name=\"twitter:data1\" content=\"2 minutter\" \/>\n<script type=\"application\/ld+json\" class=\"yoast-schema-graph\">{\"@context\":\"https:\\\/\\\/schema.org\",\"@graph\":[{\"@type\":\"WebPage\",\"@id\":\"https:\\\/\\\/www.wretmanestate.com\\\/no\\\/selge-franske-rivieraen\\\/\",\"url\":\"https:\\\/\\\/www.wretmanestate.com\\\/no\\\/selge-franske-rivieraen\\\/\",\"name\":\"Vi hjelper deg med \u00e5 selge hjemmet ditt p\u00e5 Rivieraen - Wretman Estate\",\"isPartOf\":{\"@id\":\"https:\\\/\\\/www.wretmanestate.com\\\/no\\\/#website\"},\"datePublished\":\"2019-11-21T11:20:51+00:00\",\"dateModified\":\"2021-03-23T16:00:54+00:00\",\"description\":\"Wretman Estate hjelper deg med \u00e5 selge hjemmet ditt p\u00e5 Rivieraen og i Provence. Penthouse eller villa? Vi vil finne den rette kj\u00f8peren for boligen din.\",\"breadcrumb\":{\"@id\":\"https:\\\/\\\/www.wretmanestate.com\\\/no\\\/selge-franske-rivieraen\\\/#breadcrumb\"},\"inLanguage\":\"nb-NO\",\"potentialAction\":[{\"@type\":\"ReadAction\",\"target\":[\"https:\\\/\\\/www.wretmanestate.com\\\/no\\\/selge-franske-rivieraen\\\/\"]}]},{\"@type\":\"BreadcrumbList\",\"@id\":\"https:\\\/\\\/www.wretmanestate.com\\\/no\\\/selge-franske-rivieraen\\\/#breadcrumb\",\"itemListElement\":[{\"@type\":\"ListItem\",\"position\":1,\"name\":\"Accueil\",\"item\":\"https:\\\/\\\/www.wretmanestate.com\\\/no\\\/\"},{\"@type\":\"ListItem\",\"position\":2,\"name\":\"Selge\"}]},{\"@type\":\"WebSite\",\"@id\":\"https:\\\/\\\/www.wretmanestate.com\\\/no\\\/#website\",\"url\":\"https:\\\/\\\/www.wretmanestate.com\\\/no\\\/\",\"name\":\"Wretman Estate\",\"description\":\"Immobilier sur la C\u00f4te d&#039;Azur et la Provence\",\"publisher\":{\"@id\":\"https:\\\/\\\/www.wretmanestate.com\\\/no\\\/#organization\"},\"potentialAction\":[{\"@type\":\"SearchAction\",\"target\":{\"@type\":\"EntryPoint\",\"urlTemplate\":\"https:\\\/\\\/www.wretmanestate.com\\\/no\\\/?s={search_term_string}\"},\"query-input\":{\"@type\":\"PropertyValueSpecification\",\"valueRequired\":true,\"valueName\":\"search_term_string\"}}],\"inLanguage\":\"nb-NO\"},{\"@type\":\"Organization\",\"@id\":\"https:\\\/\\\/www.wretmanestate.com\\\/no\\\/#organization\",\"name\":\"WRETMAN ESTATE\",\"url\":\"https:\\\/\\\/www.wretmanestate.com\\\/no\\\/\",\"logo\":{\"@type\":\"ImageObject\",\"inLanguage\":\"nb-NO\",\"@id\":\"https:\\\/\\\/www.wretmanestate.com\\\/no\\\/#\\\/schema\\\/logo\\\/image\\\/\",\"url\":\"\",\"contentUrl\":\"\",\"caption\":\"WRETMAN ESTATE\"},\"image\":{\"@id\":\"https:\\\/\\\/www.wretmanestate.com\\\/no\\\/#\\\/schema\\\/logo\\\/image\\\/\"}}]}<\/script>\n<!-- \/ Yoast SEO plugin. -->","yoast_head_json":{"title":"Vi hjelper deg med \u00e5 selge hjemmet ditt p\u00e5 Rivieraen - Wretman Estate","description":"Wretman Estate hjelper deg med \u00e5 selge hjemmet ditt p\u00e5 Rivieraen og i Provence. Penthouse eller villa? Vi vil finne den rette kj\u00f8peren for boligen din.","robots":{"index":"index","follow":"follow","max-snippet":"max-snippet:-1","max-image-preview":"max-image-preview:large","max-video-preview":"max-video-preview:-1"},"canonical":"https:\/\/www.wretmanestate.com\/no\/selge-franske-rivieraen\/","og_locale":"nb_NO","og_type":"article","og_title":"Vi hjelper deg med \u00e5 selge hjemmet ditt p\u00e5 Rivieraen - Wretman Estate","og_description":"Wretman Estate hjelper deg med \u00e5 selge hjemmet ditt p\u00e5 Rivieraen og i Provence. Penthouse eller villa? Vi vil finne den rette kj\u00f8peren for boligen din.","og_url":"https:\/\/www.wretmanestate.com\/no\/selge-franske-rivieraen\/","og_site_name":"Wretman Estate","article_modified_time":"2021-03-23T16:00:54+00:00","twitter_card":"summary_large_image","twitter_misc":{"Ansl. lesetid":"2 minutter"},"schema":{"@context":"https:\/\/schema.org","@graph":[{"@type":"WebPage","@id":"https:\/\/www.wretmanestate.com\/no\/selge-franske-rivieraen\/","url":"https:\/\/www.wretmanestate.com\/no\/selge-franske-rivieraen\/","name":"Vi hjelper deg med \u00e5 selge hjemmet ditt p\u00e5 Rivieraen - Wretman Estate","isPartOf":{"@id":"https:\/\/www.wretmanestate.com\/no\/#website"},"datePublished":"2019-11-21T11:20:51+00:00","dateModified":"2021-03-23T16:00:54+00:00","description":"Wretman Estate hjelper deg med \u00e5 selge hjemmet ditt p\u00e5 Rivieraen og i Provence. Penthouse eller villa? Vi vil finne den rette kj\u00f8peren for boligen din.","breadcrumb":{"@id":"https:\/\/www.wretmanestate.com\/no\/selge-franske-rivieraen\/#breadcrumb"},"inLanguage":"nb-NO","potentialAction":[{"@type":"ReadAction","target":["https:\/\/www.wretmanestate.com\/no\/selge-franske-rivieraen\/"]}]},{"@type":"BreadcrumbList","@id":"https:\/\/www.wretmanestate.com\/no\/selge-franske-rivieraen\/#breadcrumb","itemListElement":[{"@type":"ListItem","position":1,"name":"Accueil","item":"https:\/\/www.wretmanestate.com\/no\/"},{"@type":"ListItem","position":2,"name":"Selge"}]},{"@type":"WebSite","@id":"https:\/\/www.wretmanestate.com\/no\/#website","url":"https:\/\/www.wretmanestate.com\/no\/","name":"Wretman Estate","description":"Immobilier sur la C\u00f4te d&#039;Azur et la Provence","publisher":{"@id":"https:\/\/www.wretmanestate.com\/no\/#organization"},"potentialAction":[{"@type":"SearchAction","target":{"@type":"EntryPoint","urlTemplate":"https:\/\/www.wretmanestate.com\/no\/?s={search_term_string}"},"query-input":{"@type":"PropertyValueSpecification","valueRequired":true,"valueName":"search_term_string"}}],"inLanguage":"nb-NO"},{"@type":"Organization","@id":"https:\/\/www.wretmanestate.com\/no\/#organization","name":"WRETMAN ESTATE","url":"https:\/\/www.wretmanestate.com\/no\/","logo":{"@type":"ImageObject","inLanguage":"nb-NO","@id":"https:\/\/www.wretmanestate.com\/no\/#\/schema\/logo\/image\/","url":"","contentUrl":"","caption":"WRETMAN ESTATE"},"image":{"@id":"https:\/\/www.wretmanestate.com\/no\/#\/schema\/logo\/image\/"}}]}},"_links":{"self":[{"href":"https:\/\/www.wretmanestate.com\/no\/wp-json\/wp\/v2\/pages\/64069","targetHints":{"allow":["GET"]}}],"collection":[{"href":"https:\/\/www.wretmanestate.com\/no\/wp-json\/wp\/v2\/pages"}],"about":[{"href":"https:\/\/www.wretmanestate.com\/no\/wp-json\/wp\/v2\/types\/page"}],"author":[{"embeddable":true,"href":"https:\/\/www.wretmanestate.com\/no\/wp-json\/wp\/v2\/users\/1"}],"replies":[{"embeddable":true,"href":"https:\/\/www.wretmanestate.com\/no\/wp-json\/wp\/v2\/comments?post=64069"}],"version-history":[{"count":8,"href":"https:\/\/www.wretmanestate.com\/no\/wp-json\/wp\/v2\/pages\/64069\/revisions"}],"predecessor-version":[{"id":194883,"href":"https:\/\/www.wretmanestate.com\/no\/wp-json\/wp\/v2\/pages\/64069\/revisions\/194883"}],"wp:attachment":[{"href":"https:\/\/www.wretmanestate.com\/no\/wp-json\/wp\/v2\/media?parent=64069"}],"curies":[{"name":"wp","href":"https:\/\/api.w.org\/{rel}","templated":true}]}}