{"id":64074,"date":"2019-11-20T15:33:47","date_gmt":"2019-11-20T14:33:47","guid":{"rendered":"https:\/\/www.wretmanestate.com\/om-oss\/"},"modified":"2022-06-29T10:16:44","modified_gmt":"2022-06-29T08:16:44","slug":"om-oss-eiendomsmeglere-franske-rivieraen","status":"publish","type":"page","link":"https:\/\/www.wretmanestate.com\/no\/om-oss-eiendomsmeglere-franske-rivieraen\/","title":{"rendered":"Om oss"},"content":{"rendered":"<div class=\"wpb-content-wrapper\"><p>[vc_row full_width=&#8221;stretch_row_content_no_spaces&#8221; content_placement=&#8221;bottom&#8221; css=&#8221;.vc_custom_1586939659134{background-image: url(https:\/\/www.wretmanestate.com\/wp-content\/uploads\/2019\/11\/new-banner.jpg?id=3444) !important;background-position: center !important;background-repeat: no-repeat !important;background-size: cover !important;}&#8221; el_class=&#8221;bloc-title small&#8221;][vc_column]<div class=\" \">\r\n\t\r\n        <div class=\"mh-heading-wrapper\">\r\n            <h1            class=\"mh-heading mh-color-white mh-heading--bottom-separator   \"\r\n            style=\"font-weight:700;\">\r\n\t\t\tOM OSS        <\/h1>\r\n\r\n\t\t    <\/div>\r\n\r\n\t<\/div>[vc_column_text el_class=&#8221;sous-titre-page&#8221;]<\/p>\n<p style=\"text-align: center;\">Et internasjonalt team som kan markedet<\/p>\n<p>[\/vc_column_text][\/vc_column][\/vc_row][vc_row full_width=&#8221;stretch_row&#8221; el_class=&#8221;bloc_txt border red_links&#8221;][vc_column]<div class=\" \">\r\n\t\r\n        <div class=\"mh-heading-wrapper\">\r\n            <h2            class=\"mh-heading  mh-heading--bottom-separator   \"\r\n            style=\"font-weight:700;\">\r\n\t\t\tDEN ST\u00d8RSTE SKANDINAVISKE MEGLERFIRMAET I FRANKRIKE        <\/h2>\r\n\r\n\t\t    <\/div>\r\n\r\n\t<\/div>[vc_column_text]<\/p>\n<p style=\"text-align: center;\">Wretman Estate ble grunnlagt i 2006 av br\u00f8drene Johan og Filip Wretman.<\/p>\n<p style=\"text-align: center;\">Vi har 7 <a href=\"\/no\/kontakt-eiendomsmeglere-franske-rivieraen\/kontorer\/\">kontorer<\/a> og 50 <a href=\"\/no\/om-oss-eiendomsmeglere-franske-rivieraen\/team\/\">medarbeidere<\/a> og arbeider i hele regionen mellom Menton og St. Tropez, samt innover i landet bak Nice, omr\u00e5det i Valbonne og i Var.<\/p>\n<p style=\"text-align: center;\">Firmaet er spesialisert p\u00e5 utenlandske kunder, spesielt de skandinaviske. Vi legger stor vekt p\u00e5 \u00e5 f\u00f8lge v\u00e5re kunder gjennom hele transasjonsprosessen.<\/p>\n<p style=\"text-align: center;\">I de senere \u00e5rene har vi \u00e5pnet <a href=\"\/no\/investere-sor-frankrike\/\">Wretman Invest<\/a> som spesialiserer seg p\u00e5 kj\u00f8p og salg av kommersielle eiendommer som for eksempel hotell, ving\u00e5rder, leilighetskompleks og andre investeringsprosjekter.<\/p>\n<p>[\/vc_column_text][\/vc_column][\/vc_row][vc_row full_width=&#8221;stretch_row_content_no_spaces&#8221;][vc_column][vc_row_inner equal_height=&#8221;yes&#8221; content_placement=&#8221;bottom&#8221; gap=&#8221;1&#8243; el_class=&#8221;row_bloc_img&#8221;][vc_column_inner width=&#8221;1\/2&#8243; css=&#8221;.vc_custom_1574262893359{background-image: url(https:\/\/www.wretmanestate.com\/wp-content\/uploads\/2019\/11\/equipe.jpg?id=3397) !important;background-position: center !important;background-repeat: no-repeat !important;background-size: cover !important;}&#8221;]<div class=\" \">\r\n\t\r\n        <div class=\"mh-heading-wrapper\">\r\n            <h2            class=\"mh-heading mh-color-white    \"\r\n            style=\"font-weight:700;\">\r\n\t\t\tV\u00c5RT TEAM        <\/h2>\r\n\r\n\t\t            <div class=\"mh-subheading mh-color-white\"\r\n                 style=\"\">\r\n\t\t\t\tVi kjenner markedet og er p\u00e5 plass            <\/div>\r\n\t\t    <\/div>\r\n\r\n\t<\/div>[vc_column_text el_class=&#8221;lien_img&#8221;]<a href=\"\/no\/om-oss-eiendomsmeglere-franske-rivieraen\/team\/\">Team<\/a>[\/vc_column_text][\/vc_column_inner][vc_column_inner width=&#8221;1\/2&#8243; css=&#8221;.vc_custom_1582276883613{background-image: url(https:\/\/www.wretmanestate.com\/wp-content\/uploads\/2020\/02\/Womans-hands-typing-on-laptop-1280-600.jpg?id=17284) !important;background-position: center !important;background-repeat: no-repeat !important;background-size: cover !important;}&#8221;]<div class=\" \">\r\n\t\r\n        <div class=\"mh-heading-wrapper\">\r\n            <h2            class=\"mh-heading mh-color-white    \"\r\n            style=\"font-weight:700;\">\r\n\t\t\tANBEFALINGER        <\/h2>\r\n\r\n\t\t            <div class=\"mh-subheading mh-color-white\"\r\n                 style=\"\">\r\n\t\t\t\tV\u00e5r beste reklame er v\u00e5re kunder            <\/div>\r\n\t\t    <\/div>\r\n\r\n\t<\/div>[vc_column_text el_class=&#8221;lien_img&#8221;]<a href=\"\/no\/om-oss-eiendomsmeglere-franske-rivieraen\/referanser\/\">Anbefalinger<\/a>[\/vc_column_text][\/vc_column_inner][\/vc_row_inner][vc_row_inner equal_height=&#8221;yes&#8221; content_placement=&#8221;bottom&#8221; gap=&#8221;1&#8243; el_class=&#8221;row_bloc_img&#8221;][vc_column_inner width=&#8221;1\/2&#8243; css=&#8221;.vc_custom_1581416330617{background-image: url(https:\/\/www.wretmanestate.com\/wp-content\/uploads\/2020\/02\/Partners-and-network-scaled.jpeg?id=17139) !important;background-position: center !important;background-repeat: no-repeat !important;background-size: cover !important;}&#8221;]<div class=\" \">\r\n\t\r\n        <div class=\"mh-heading-wrapper\">\r\n            <h2            class=\"mh-heading mh-color-white    \"\r\n            style=\"font-weight:700;\">\r\n\t\t\tPARTNERE OG NETTVERK        <\/h2>\r\n\r\n\t\t            <div class=\"mh-subheading mh-color-white\"\r\n                 style=\"\">\r\n\t\t\t\tTilgang til alle tenkelige ferdigheter og alle attraktive objekter            <\/div>\r\n\t\t    <\/div>\r\n\r\n\t<\/div>[vc_column_text el_class=&#8221;lien_img&#8221;]<a href=\"\/no\/om-oss-eiendomsmeglere-franske-rivieraen\/vare-samarbeidspartnere\/\">Partnere og nettverk<\/a>[\/vc_column_text][\/vc_column_inner][vc_column_inner width=&#8221;1\/2&#8243; css=&#8221;.vc_custom_1582276811644{background-image: url(https:\/\/www.wretmanestate.com\/wp-content\/uploads\/2020\/02\/vara-tjanster-m-600-300.jpg?id=17134) !important;background-position: center !important;background-repeat: no-repeat !important;background-size: cover !important;}&#8221;]<div class=\" \">\r\n\t\r\n        <div class=\"mh-heading-wrapper\">\r\n            <h2            class=\"mh-heading mh-color-white    \"\r\n            style=\"font-weight:700;\">\r\n\t\t\tV\u00c5RE TJENESTER        <\/h2>\r\n\r\n\t\t            <div class=\"mh-subheading mh-color-white\"\r\n                 style=\"\">\r\n\t\t\t\tVi tilbyr en helhetsl\u00f8sning            <\/div>\r\n\t\t    <\/div>\r\n\r\n\t<\/div>[vc_column_text el_class=&#8221;lien_img&#8221;]<a href=\"\/no\/om-oss-eiendomsmeglere-franske-rivieraen\/vara-tjanster\/\">V\u00e5re tjenester<\/a>[\/vc_column_text][\/vc_column_inner][\/vc_row_inner][vc_row_inner equal_height=&#8221;yes&#8221; content_placement=&#8221;bottom&#8221; gap=&#8221;1&#8243; el_class=&#8221;row_bloc_img&#8221;][vc_column_inner el_class=&#8221;img_news&#8221; width=&#8221;1\/2&#8243; css=&#8221;.vc_custom_1595258914337{background-image: url(https:\/\/www.wretmanestate.com\/wp-content\/uploads\/2020\/05\/Ma\u0308klare-Franska-Rivieran-1920-600-a.jpg?id=62827) !important;background-position: center !important;background-repeat: no-repeat !important;background-size: cover !important;}&#8221;]<div class=\" \">\r\n\t\r\n        <div class=\"mh-heading-wrapper\">\r\n            <h2            class=\"mh-heading mh-color-white    \"\r\n            style=\"font-weight:700;\">\r\n\t\t\tNYHETER        <\/h2>\r\n\r\n\t\t            <div class=\"mh-subheading mh-color-white\"\r\n                 style=\"\">\r\n\t\t\t\tN\u00e5v\u00e6rende aktiviteter            <\/div>\r\n\t\t    <\/div>\r\n\r\n\t<\/div>[vc_column_text el_class=&#8221;lien_img&#8221;]<a href=\"\/no\/om-oss-eiendomsmeglere-franske-rivieraen\/nyheter\/\">Nyheter<\/a>[\/vc_column_text][\/vc_column_inner][vc_column_inner width=&#8221;1\/2&#8243; css=&#8221;.vc_custom_1581414797708{background-image: url(https:\/\/www.wretmanestate.com\/wp-content\/uploads\/2020\/01\/office-nice.jpg?id=16956) !important;background-position: center !important;background-repeat: no-repeat !important;background-size: cover !important;}&#8221;]<div class=\" \">\r\n\t\r\n        <div class=\"mh-heading-wrapper\">\r\n            <h2            class=\"mh-heading mh-color-white    \"\r\n            style=\"font-weight:700;\">\r\n\t\t\tV\u00c5RE KONTORER        <\/h2>\r\n\r\n\t\t            <div class=\"mh-subheading mh-color-white\"\r\n                 style=\"\">\r\n\t\t\t\tAntibes, Cannes, Callian, Nice, Menton, Valbonne &amp; Wretman Invest            <\/div>\r\n\t\t    <\/div>\r\n\r\n\t<\/div>[vc_column_text el_class=&#8221;lien_img&#8221;]<a href=\"\/no\/kontakt-eiendomsmeglere-franske-rivieraen\/kontorer\/\">V\u00e5re kontorer<\/a>[\/vc_column_text][\/vc_column_inner][\/vc_row_inner][\/vc_column][\/vc_row]<\/p>\n<\/div>","protected":false},"excerpt":{"rendered":"<p>[vc_row full_width=&#8221;stretch_row_content_no_spaces&#8221; content_placement=&#8221;bottom&#8221; css=&#8221;.vc_custom_1586939659134{background-image: url(https:\/\/www.wretmanestate.com\/wp-content\/uploads\/2019\/11\/new-banner.jpg?id=3444) !important;background-position: center !important;background-repeat: no-repeat !important;background-size: cover !important;}&#8221; el_class=&#8221;bloc-title small&#8221;][vc_column][vc_column_text el_class=&#8221;sous-titre-page&#8221;] Et internasjonalt team som kan markedet [\/vc_column_text][\/vc_column][\/vc_row][vc_row full_width=&#8221;stretch_row&#8221; el_class=&#8221;bloc_txt border red_links&#8221;][vc_column][vc_column_text] Wretman Estate ble grunnlagt i 2006 av br\u00f8drene Johan og Filip Wretman. Vi har 7 kontorer og 50 medarbeidere og arbeider i hele regionen mellom Menton og St. Tropez, [&hellip;]<\/p>\n","protected":false},"author":1,"featured_media":0,"parent":0,"menu_order":0,"comment_status":"closed","ping_status":"closed","template":"page_full-width.php","meta":{"_acf_changed":false,"content-type":"","_monsterinsights_skip_tracking":false,"_monsterinsights_sitenote_active":false,"_monsterinsights_sitenote_note":"","_monsterinsights_sitenote_category":0,"footnotes":""},"class_list":["post-64074","page","type-page","status-publish","hentry"],"acf":[],"yoast_head":"<!-- This site is optimized with the Yoast SEO plugin v27.5 - https:\/\/yoast.com\/product\/yoast-seo-wordpress\/ -->\n<title>Om oss- Svensk autorisert eiendomsmegler - Wretman Estate<\/title>\n<meta name=\"description\" content=\"Svensk megler i S\u00f8r-Frankrike. Vi selger hus og leiligheter p\u00e5 den franske rivieraen: Cannes, Nice, Mougins, Antibes, Juan-les-Pins, Valbonne.\" \/>\n<meta name=\"robots\" content=\"index, follow, max-snippet:-1, max-image-preview:large, max-video-preview:-1\" \/>\n<link rel=\"canonical\" href=\"https:\/\/www.wretmanestate.com\/no\/om-oss-eiendomsmeglere-franske-rivieraen\/\" \/>\n<meta property=\"og:locale\" content=\"nb_NO\" \/>\n<meta property=\"og:type\" content=\"article\" \/>\n<meta property=\"og:title\" content=\"Om oss- Svensk autorisert eiendomsmegler - Wretman Estate\" \/>\n<meta property=\"og:description\" content=\"Svensk megler i S\u00f8r-Frankrike. Vi selger hus og leiligheter p\u00e5 den franske rivieraen: Cannes, Nice, Mougins, Antibes, Juan-les-Pins, Valbonne.\" \/>\n<meta property=\"og:url\" content=\"https:\/\/www.wretmanestate.com\/no\/om-oss-eiendomsmeglere-franske-rivieraen\/\" \/>\n<meta property=\"og:site_name\" content=\"Wretman Estate\" \/>\n<meta property=\"article:modified_time\" content=\"2022-06-29T08:16:44+00:00\" \/>\n<meta name=\"twitter:card\" content=\"summary_large_image\" \/>\n<meta name=\"twitter:label1\" content=\"Ansl. lesetid\" \/>\n\t<meta name=\"twitter:data1\" content=\"2 minutter\" \/>\n<script type=\"application\/ld+json\" class=\"yoast-schema-graph\">{\"@context\":\"https:\\\/\\\/schema.org\",\"@graph\":[{\"@type\":\"WebPage\",\"@id\":\"https:\\\/\\\/www.wretmanestate.com\\\/no\\\/om-oss-eiendomsmeglere-franske-rivieraen\\\/\",\"url\":\"https:\\\/\\\/www.wretmanestate.com\\\/no\\\/om-oss-eiendomsmeglere-franske-rivieraen\\\/\",\"name\":\"Om oss- Svensk autorisert eiendomsmegler - Wretman Estate\",\"isPartOf\":{\"@id\":\"https:\\\/\\\/www.wretmanestate.com\\\/no\\\/#website\"},\"datePublished\":\"2019-11-20T14:33:47+00:00\",\"dateModified\":\"2022-06-29T08:16:44+00:00\",\"description\":\"Svensk megler i S\u00f8r-Frankrike. Vi selger hus og leiligheter p\u00e5 den franske rivieraen: Cannes, Nice, Mougins, Antibes, Juan-les-Pins, Valbonne.\",\"breadcrumb\":{\"@id\":\"https:\\\/\\\/www.wretmanestate.com\\\/no\\\/om-oss-eiendomsmeglere-franske-rivieraen\\\/#breadcrumb\"},\"inLanguage\":\"nb-NO\",\"potentialAction\":[{\"@type\":\"ReadAction\",\"target\":[\"https:\\\/\\\/www.wretmanestate.com\\\/no\\\/om-oss-eiendomsmeglere-franske-rivieraen\\\/\"]}]},{\"@type\":\"BreadcrumbList\",\"@id\":\"https:\\\/\\\/www.wretmanestate.com\\\/no\\\/om-oss-eiendomsmeglere-franske-rivieraen\\\/#breadcrumb\",\"itemListElement\":[{\"@type\":\"ListItem\",\"position\":1,\"name\":\"Accueil\",\"item\":\"https:\\\/\\\/www.wretmanestate.com\\\/no\\\/\"},{\"@type\":\"ListItem\",\"position\":2,\"name\":\"Om oss\"}]},{\"@type\":\"WebSite\",\"@id\":\"https:\\\/\\\/www.wretmanestate.com\\\/no\\\/#website\",\"url\":\"https:\\\/\\\/www.wretmanestate.com\\\/no\\\/\",\"name\":\"Wretman Estate\",\"description\":\"Immobilier sur la C\u00f4te d&#039;Azur et la Provence\",\"publisher\":{\"@id\":\"https:\\\/\\\/www.wretmanestate.com\\\/no\\\/#organization\"},\"potentialAction\":[{\"@type\":\"SearchAction\",\"target\":{\"@type\":\"EntryPoint\",\"urlTemplate\":\"https:\\\/\\\/www.wretmanestate.com\\\/no\\\/?s={search_term_string}\"},\"query-input\":{\"@type\":\"PropertyValueSpecification\",\"valueRequired\":true,\"valueName\":\"search_term_string\"}}],\"inLanguage\":\"nb-NO\"},{\"@type\":\"Organization\",\"@id\":\"https:\\\/\\\/www.wretmanestate.com\\\/no\\\/#organization\",\"name\":\"WRETMAN ESTATE\",\"url\":\"https:\\\/\\\/www.wretmanestate.com\\\/no\\\/\",\"logo\":{\"@type\":\"ImageObject\",\"inLanguage\":\"nb-NO\",\"@id\":\"https:\\\/\\\/www.wretmanestate.com\\\/no\\\/#\\\/schema\\\/logo\\\/image\\\/\",\"url\":\"\",\"contentUrl\":\"\",\"caption\":\"WRETMAN ESTATE\"},\"image\":{\"@id\":\"https:\\\/\\\/www.wretmanestate.com\\\/no\\\/#\\\/schema\\\/logo\\\/image\\\/\"}}]}<\/script>\n<!-- \/ Yoast SEO plugin. -->","yoast_head_json":{"title":"Om oss- Svensk autorisert eiendomsmegler - Wretman Estate","description":"Svensk megler i S\u00f8r-Frankrike. Vi selger hus og leiligheter p\u00e5 den franske rivieraen: Cannes, Nice, Mougins, Antibes, Juan-les-Pins, Valbonne.","robots":{"index":"index","follow":"follow","max-snippet":"max-snippet:-1","max-image-preview":"max-image-preview:large","max-video-preview":"max-video-preview:-1"},"canonical":"https:\/\/www.wretmanestate.com\/no\/om-oss-eiendomsmeglere-franske-rivieraen\/","og_locale":"nb_NO","og_type":"article","og_title":"Om oss- Svensk autorisert eiendomsmegler - Wretman Estate","og_description":"Svensk megler i S\u00f8r-Frankrike. Vi selger hus og leiligheter p\u00e5 den franske rivieraen: Cannes, Nice, Mougins, Antibes, Juan-les-Pins, Valbonne.","og_url":"https:\/\/www.wretmanestate.com\/no\/om-oss-eiendomsmeglere-franske-rivieraen\/","og_site_name":"Wretman Estate","article_modified_time":"2022-06-29T08:16:44+00:00","twitter_card":"summary_large_image","twitter_misc":{"Ansl. lesetid":"2 minutter"},"schema":{"@context":"https:\/\/schema.org","@graph":[{"@type":"WebPage","@id":"https:\/\/www.wretmanestate.com\/no\/om-oss-eiendomsmeglere-franske-rivieraen\/","url":"https:\/\/www.wretmanestate.com\/no\/om-oss-eiendomsmeglere-franske-rivieraen\/","name":"Om oss- Svensk autorisert eiendomsmegler - Wretman Estate","isPartOf":{"@id":"https:\/\/www.wretmanestate.com\/no\/#website"},"datePublished":"2019-11-20T14:33:47+00:00","dateModified":"2022-06-29T08:16:44+00:00","description":"Svensk megler i S\u00f8r-Frankrike. Vi selger hus og leiligheter p\u00e5 den franske rivieraen: Cannes, Nice, Mougins, Antibes, Juan-les-Pins, Valbonne.","breadcrumb":{"@id":"https:\/\/www.wretmanestate.com\/no\/om-oss-eiendomsmeglere-franske-rivieraen\/#breadcrumb"},"inLanguage":"nb-NO","potentialAction":[{"@type":"ReadAction","target":["https:\/\/www.wretmanestate.com\/no\/om-oss-eiendomsmeglere-franske-rivieraen\/"]}]},{"@type":"BreadcrumbList","@id":"https:\/\/www.wretmanestate.com\/no\/om-oss-eiendomsmeglere-franske-rivieraen\/#breadcrumb","itemListElement":[{"@type":"ListItem","position":1,"name":"Accueil","item":"https:\/\/www.wretmanestate.com\/no\/"},{"@type":"ListItem","position":2,"name":"Om oss"}]},{"@type":"WebSite","@id":"https:\/\/www.wretmanestate.com\/no\/#website","url":"https:\/\/www.wretmanestate.com\/no\/","name":"Wretman Estate","description":"Immobilier sur la C\u00f4te d&#039;Azur et la Provence","publisher":{"@id":"https:\/\/www.wretmanestate.com\/no\/#organization"},"potentialAction":[{"@type":"SearchAction","target":{"@type":"EntryPoint","urlTemplate":"https:\/\/www.wretmanestate.com\/no\/?s={search_term_string}"},"query-input":{"@type":"PropertyValueSpecification","valueRequired":true,"valueName":"search_term_string"}}],"inLanguage":"nb-NO"},{"@type":"Organization","@id":"https:\/\/www.wretmanestate.com\/no\/#organization","name":"WRETMAN ESTATE","url":"https:\/\/www.wretmanestate.com\/no\/","logo":{"@type":"ImageObject","inLanguage":"nb-NO","@id":"https:\/\/www.wretmanestate.com\/no\/#\/schema\/logo\/image\/","url":"","contentUrl":"","caption":"WRETMAN ESTATE"},"image":{"@id":"https:\/\/www.wretmanestate.com\/no\/#\/schema\/logo\/image\/"}}]}},"_links":{"self":[{"href":"https:\/\/www.wretmanestate.com\/no\/wp-json\/wp\/v2\/pages\/64074","targetHints":{"allow":["GET"]}}],"collection":[{"href":"https:\/\/www.wretmanestate.com\/no\/wp-json\/wp\/v2\/pages"}],"about":[{"href":"https:\/\/www.wretmanestate.com\/no\/wp-json\/wp\/v2\/types\/page"}],"author":[{"embeddable":true,"href":"https:\/\/www.wretmanestate.com\/no\/wp-json\/wp\/v2\/users\/1"}],"replies":[{"embeddable":true,"href":"https:\/\/www.wretmanestate.com\/no\/wp-json\/wp\/v2\/comments?post=64074"}],"version-history":[{"count":6,"href":"https:\/\/www.wretmanestate.com\/no\/wp-json\/wp\/v2\/pages\/64074\/revisions"}],"predecessor-version":[{"id":314118,"href":"https:\/\/www.wretmanestate.com\/no\/wp-json\/wp\/v2\/pages\/64074\/revisions\/314118"}],"wp:attachment":[{"href":"https:\/\/www.wretmanestate.com\/no\/wp-json\/wp\/v2\/media?parent=64074"}],"curies":[{"name":"wp","href":"https:\/\/api.w.org\/{rel}","templated":true}]}}