{"id":64078,"date":"2019-11-21T14:42:39","date_gmt":"2019-11-21T13:42:39","guid":{"rendered":"https:\/\/www.wretmanestate.com\/kopa\/sokuppdrag\/"},"modified":"2025-03-27T11:35:35","modified_gmt":"2025-03-27T10:35:35","slug":"boligsok","status":"publish","type":"page","link":"https:\/\/www.wretmanestate.com\/no\/kjope-franske-rivieraen\/boligsok\/","title":{"rendered":"Eiendomss\u00f8k"},"content":{"rendered":"<div class=\"wpb-content-wrapper\"><p>[vc_row full_width=&#8221;stretch_row_content_no_spaces&#8221; content_placement=&#8221;bottom&#8221; css=&#8221;.vc_custom_1586941479448{background-image: url(https:\/\/www.wretmanestate.com\/wp-content\/uploads\/2019\/11\/new-banner.jpg?id=3444) !important;background-position: center !important;background-repeat: no-repeat !important;background-size: cover !important;}&#8221; el_class=&#8221;bloc-title small&#8221;][vc_column]<div class=\" \">\r\n\t\r\n        <div class=\"mh-heading-wrapper\">\r\n            <h1            class=\"mh-heading mh-color-white mh-heading--bottom-separator   \"\r\n            style=\"font-weight:700;\">\r\n\t\t\tEIENDOMSS\u00d8K        <\/h1>\r\n\r\n\t\t            <div class=\"mh-subheading mh-color-white\"\r\n                 style=\"\">\r\n\t\t\t\tVi gj\u00f8r det enkelt for deg \u00e5 kj\u00f8pe p\u00e5 den Franske Rivieraen            <\/div>\r\n\t\t    <\/div>\r\n\r\n\t<\/div>[vc_column_text el_class=&#8221;sous-titre-page&#8221;][\/vc_column_text][\/vc_column][\/vc_row][vc_row el_class=&#8221;red_links&#8221;][vc_column width=&#8221;1\/3&#8243; el_class=&#8221;bloc-picto-txt&#8221;][vc_single_image image=&#8221;13841&#8243; img_size=&#8221;180&#215;180&#8243; alignment=&#8221;center&#8221;]<div class=\" \">\r\n\t\r\n        <div class=\"mh-heading-wrapper\">\r\n            <h2            class=\"mh-heading  mh-heading--bottom-separator   \"\r\n            style=\"font-weight:700;\">\r\n\t\t\tSKREDDERSYDDE S\u00d8KEOPPDRAG        <\/h2>\r\n\r\n\t\t    <\/div>\r\n\r\n\t<\/div>[vc_column_text]La en av v\u00e5re meglere sjekke eiendommene som finnes p\u00e5 markedet og gj\u00f8re et s\u00f8k etter dine \u00f8nskem\u00e5l! Det er mer effektivt enn \u00e5 lete etter annonser selv. \u00c5 overlate dette til en av v\u00e5re kj\u00f8psmeglere, er helt kostnadsfritt.<\/p>\n<p>Slipp stress og frustrasjon over \u00e5 gang p\u00e5 gang \u00e5 g\u00e5 p\u00e5 visninger og se p\u00e5 boliger som ikke stemmer med dine forventninger i det hele tatt.[\/vc_column_text][\/vc_column][vc_column width=&#8221;1\/3&#8243; el_class=&#8221;bloc-picto-txt&#8221;][vc_single_image image=&#8221;13829&#8243; img_size=&#8221;180&#215;180&#8243; alignment=&#8221;center&#8221;]<div class=\" \">\r\n\t\r\n        <div class=\"mh-heading-wrapper\">\r\n            <h2            class=\"mh-heading  mh-heading--bottom-separator   \"\r\n            style=\"font-weight:700;\">\r\n\t\t\tTILGANG TIL HELE MARKEDET        <\/h2>\r\n\r\n\t\t    <\/div>\r\n\r\n\t<\/div>[vc_column_text]Foruten objektene som du finner<a href=\"\/no\/kjope\/\"> til salgs<\/a> p\u00e5 v\u00e5r hjemmeside, har vi tilgang til tusentalls andre boliger via v\u00e5rt <a href=\"\/no\/om-oss\/vare-samarbeidspartnere\/\">nettverk og databaser.<\/a> Mange av disse har ikke kommet p\u00e5 markedet enda.<\/p>\n<p>Vi samarbeider med andre meglere uten ekstra kostnad for deg. Ser du etter et hjem som interesserer deg p\u00e5 en annens hjemmeside, kontakter vi megleren og f\u00f8lger med deg p\u00e5 visningen.[\/vc_column_text][\/vc_column][vc_column width=&#8221;1\/3&#8243; el_class=&#8221;bloc-picto-txt&#8221;][vc_single_image image=&#8221;807293&#8243; img_size=&#8221;180&#215;180&#8243; alignment=&#8221;center&#8221; css=&#8221;&#8221;]<div class=\" \">\r\n\t\r\n        <div class=\"mh-heading-wrapper\">\r\n            <h2            class=\"mh-heading  mh-heading--bottom-separator   \"\r\n            style=\"font-weight:700;\">\r\n\t\t\tFORBEREDELSER F\u00d8R DIN ANKOMST        <\/h2>\r\n\r\n\t\t    <\/div>\r\n\r\n\t<\/div>[vc_column_text]Hos Wretman Estate er vi vant til utenlandske kunder som kommer for en kort periode. Vi sender forslag til eiendommer p\u00e5 e-post i god tid i forveien. Du f\u00e5r tid til \u00e5 titte p\u00e5 bildene og komme med sp\u00f8rsm\u00e5l. Vi forbereder s\u00e5 samtlige visninger f\u00f8r din ankomst.<\/p>\n<p>Skreddersydde s\u00f8keoppdrag er et utmerket verkt\u00f8y for \u00e5 gj\u00f8re s\u00f8ket etter den perfekte boligen mer effektiv.[\/vc_column_text][\/vc_column][\/vc_row][vc_row el_class=&#8221;red_links&#8221;][vc_column width=&#8221;1\/6&#8243; css=&#8221;.vc_custom_1574343980650{margin-top: 0px !important;margin-right: 0px !important;margin-bottom: 0px !important;margin-left: 0px !important;padding-top: 0px !important;padding-right: 0px !important;padding-bottom: 0px !important;padding-left: 0px !important;}&#8221;][\/vc_column][vc_column width=&#8221;1\/3&#8243; el_class=&#8221;bloc-picto-txt&#8221;][vc_single_image image=&#8221;13849&#8243; img_size=&#8221;180&#215;180&#8243; alignment=&#8221;center&#8221;]<div class=\" \">\r\n\t\r\n        <div class=\"mh-heading-wrapper\">\r\n            <h2            class=\"mh-heading  mh-heading--bottom-separator   \"\r\n            style=\"font-weight:700;\">\r\n\t\t\tVI SNAKKER SPR\u00c5KET        <\/h2>\r\n\r\n\t\t    <\/div>\r\n\r\n\t<\/div>[vc_column_text]Den franske kj\u00f8psprosessen er mildt sagt annerledes og den administrative delen kan v\u00e6re skremmende om man ikke snakker spr\u00e5ket. V\u00e5re meglere snakker flere spr\u00e5k og vi samarbeider med engelsktalende notarer.<\/p>\n<p>Hos oss kan du f\u00f8le deg trygg. Vi hjelper deg til \u00e5 <a href=\"\/no\/kjope\/\">kj\u00f8pe<\/a> til riktig pris, gjennom den kompetansen som v\u00e5re kj\u00f8psmeglere besitter.[\/vc_column_text][\/vc_column][vc_column width=&#8221;1\/3&#8243; el_class=&#8221;bloc-picto-txt&#8221;][vc_single_image image=&#8221;13853&#8243; img_size=&#8221;180&#215;180&#8243; alignment=&#8221;center&#8221;]<div class=\" \">\r\n\t\r\n        <div class=\"mh-heading-wrapper\">\r\n            <h2            class=\"mh-heading  mh-heading--bottom-separator   \"\r\n            style=\"font-weight:700;\">\r\n\t\t\tVI KAN OMR\u00c5DET        <\/h2>\r\n\r\n\t\t    <\/div>\r\n\r\n\t<\/div>[vc_column_text]Vi dekker hele rivieraen, fra St. Tropez til Menton og opp til Provence og Le Var. Vi har 7 <a href=\"\/no\/kontakt\/kontorer\/\">kontorer<\/a> strategisk plassert langs kysten, samt Valbonne og Fayence. Det er ikke alle meglerkontorer som jobber med et s\u00e5 stort omr\u00e5de.<\/p>\n<p>V\u00e5re 42 <a href=\"\/no\/om-oss\/team\/\">medarbeidere<\/a>, som bor og jobber p\u00e5 stedet, kjenner den <a href=\"\/no\/kjope\/franske-rivieraen\/\">franske rivieraen<\/a> veldig godt og hjelper deg med \u00e5 finne boligperlene.[\/vc_column_text][\/vc_column][vc_column width=&#8221;1\/6&#8243; css=&#8221;.vc_custom_1574344011061{margin-top: 0px !important;margin-right: 0px !important;margin-bottom: 0px !important;margin-left: 0px !important;padding-top: 0px !important;padding-right: 0px !important;padding-bottom: 0px !important;padding-left: 0px !important;}&#8221;][\/vc_column][\/vc_row][vc_row color=&#8221;custom&#8221; align=&#8221;align_center&#8221; style=&#8221;&#8221; border_width=&#8221;2&#8243; el_width=&#8221;90&#8243; accent_color=&#8221;#7a1523&#8243; css=&#8221;.vc_custom_1579180682632{padding-bottom: 20px !important;}&#8221;][vc_column][vc_separator color=&#8221;custom&#8221; border_width=&#8221;2&#8243; el_width=&#8221;90&#8243; css=&#8221;.vc_custom_1579856697066{padding-bottom: 20px !important;}&#8221; accent_color=&#8221;#7a1523&#8243;][\/vc_column][\/vc_row][vc_row][vc_column width=&#8221;1\/2&#8243; css=&#8221;.vc_custom_1579856665116{padding-right: 20px !important;}&#8221;]<div class=\" \">\r\n\t\r\n        <div class=\"mh-heading-wrapper\">\r\n            <h2            class=\"mh-heading  mh-heading--bottom-separator   \"\r\n            style=\"font-weight:700;\">\r\n\t\t\tHVORFOR VELGE WRETMAN ESTATE?        <\/h2>\r\n\r\n\t\t    <\/div>\r\n\r\n\t<\/div>[vc_column_text]Wretman Estate formidler ikke bare boliger. Vi skiller oss fra andre meglerbyr\u00e5er, gjennom \u00e5 hjelpe v\u00e5re kunder med alt som inneb\u00e6rer \u00e5 skape seg et nytt hjem i Frankrike.<\/p>\n<p>Vi har tilgang til alle objekter p\u00e5 markedet, til og med eiendom som ikke synes p\u00e5 v\u00e5r hjemmeside. Det viktige for oss er \u00e5 finne det du vil ha og ikke bare vise deg det vi har til salgs. Vi kan hjelpe deg gjennom \u00e5 gi forslag p\u00e5 omr\u00e5der som passer deg og dine behov, vise sammenlignbare objekter som du har funnet noe som interesserer deg, samt \u00e5 gi r\u00e5d i forbindelse med \u00e5 forhandle ned prisen.<\/p>\n<p>Vi hjelper deg med \u00f8konomisk analyse, markedsbed\u00f8mmelse, r\u00e5dgivning og finansieringsl\u00f8sninger gjennom ledende banker. Vi tar h\u00e5nd om papirarbeidet for deg, og kontraktsunderskrifter foreg\u00e5r hos en av v\u00e5re engelsktalende notarer. Vi har lang erfaring med internasjonale kunder og kan hjelpe deg med dine sp\u00f8rsm\u00e5l &#8211; alt fra kj\u00f8psprosessens ulike trinn, til de beste internasjonale skolene, eller de franske boligskattene.<\/p>\n<p>V\u00e5r st\u00f8rste interesse ligger i at du kj\u00f8per til en s\u00e5 bra pris som mulig n\u00e5r vi har funnet boligen som passer i forhold til dine \u00f8nskem\u00e5l. For oss er hver kj\u00f8per en potensiell fremtidig selger, s\u00e5 det er derfor viktig for oss at v\u00e5re kunder kj\u00f8per til riktig pris.<\/p>\n<p>Et boligkj\u00f8p er sjelden avsluttet n\u00e5r den endelige kontrakten er signert. Kanskje beh\u00f8ver du profesjonell r\u00e5dgivning? Eller hjelp til administrative og praktiske detaljer? Vi hos Wretman Estat gj\u00f8r alt for \u00e5 forenkle prosessen for deg s\u00e5nn at du som kj\u00f8per alltid skal f\u00f8le deg trygg og sikker. For oss handler det ikke bare om \u00e5 <a href=\"\/no\/selge\/\">selge<\/a> og <a href=\"\/no\/kjope\/\">kj\u00f8pe<\/a> eiendom &#8211; et hjem er s\u00e5 mye mer enn en handel.<\/p>\n<p><strong>S\u00f8keoppdrag &#8211; en bra m\u00e5te for raskt \u00e5 finne riktig bolig!<\/strong>[\/vc_column_text][\/vc_column][vc_column width=&#8221;1\/2&#8243;]<div class=\" \">\r\n\t\r\n        <div class=\"mh-heading-wrapper\">\r\n            <h2            class=\"mh-heading  mh-heading--bottom-separator   \"\r\n            style=\"font-weight:700;\">\r\n\t\t\tS\u00d8KEKRITERIER        <\/h2>\r\n\r\n\t\t            <div class=\"mh-subheading \"\r\n                 style=\"\">\r\n\t\t\t\tFyll ut formularet nedenfor, s\u00e5 setter vi deg i kontakt med en megler som utf\u00f8rer et skreddersydd s\u00f8k med fokus p\u00e5 dine \u00f8nskem\u00e5l.            <\/div>\r\n\t\t    <\/div>\r\n\r\n\t<\/div>\n<div class=\"wpcf7 no-js\" id=\"wpcf7-f18405-o1\" lang=\"fr-FR\" dir=\"ltr\" data-wpcf7-id=\"18405\">\n<div class=\"screen-reader-response\"><p role=\"status\" aria-live=\"polite\" aria-atomic=\"true\"><\/p> <ul><\/ul><\/div>\n<form action=\"\/no\/wp-json\/wp\/v2\/pages\/64078#wpcf7-f18405-o1\" method=\"post\" class=\"wpcf7-form init\" aria-label=\"Formulaire de contact\" novalidate=\"novalidate\" data-status=\"init\">\n<fieldset class=\"hidden-fields-container\"><input type=\"hidden\" name=\"_wpcf7\" value=\"18405\" \/><input type=\"hidden\" name=\"_wpcf7_version\" value=\"6.1.5\" \/><input type=\"hidden\" name=\"_wpcf7_locale\" value=\"fr_FR\" \/><input type=\"hidden\" name=\"_wpcf7_unit_tag\" value=\"wpcf7-f18405-o1\" \/><input type=\"hidden\" name=\"_wpcf7_container_post\" value=\"0\" \/><input type=\"hidden\" name=\"_wpcf7_posted_data_hash\" value=\"\" \/><input type=\"hidden\" name=\"_wpcf7_recaptcha_response\" value=\"\" \/>\n<\/fieldset>\n<p><input type=\"hidden\" name=\"your-subject\" value=\"Chasseur de Biens NB\" \/>\n<\/p>\n<div class=\"bloc-form\">\n\t<div class=\"vc_col-xs-12 vc_col-sm-12 vc_col-md-12 vc_col-lg-12\">\n\t\t<p><span class=\"wpcf7-form-control-wrap\" data-name=\"your-name\"><input size=\"40\" maxlength=\"400\" class=\"wpcf7-form-control wpcf7-text wpcf7-validates-as-required\" aria-required=\"true\" aria-invalid=\"false\" placeholder=\"Navn\" value=\"\" type=\"text\" name=\"your-name\" \/><\/span>\n\t\t<\/p>\n\t<\/div>\n\t<div class=\"vc_col-xs-12 vc_col-sm-12 vc_col-md-12 vc_col-lg-12\">\n\t\t<p><span class=\"wpcf7-form-control-wrap\" data-name=\"your-email\"><input size=\"40\" maxlength=\"400\" class=\"wpcf7-form-control wpcf7-email wpcf7-validates-as-required wpcf7-text wpcf7-validates-as-email\" aria-required=\"true\" aria-invalid=\"false\" placeholder=\"E-post\" value=\"\" type=\"email\" name=\"your-email\" \/><\/span>\n\t\t<\/p>\n\t<\/div>\n\t<div class=\"vc_col-xs-12 vc_col-sm-12 vc_col-md-12 vc_col-lg-12\">\n\t\t<p><span class=\"wpcf7-form-control-wrap\" data-name=\"tel\"><input size=\"40\" maxlength=\"400\" class=\"wpcf7-form-control wpcf7-tel wpcf7-validates-as-required wpcf7-text wpcf7-validates-as-tel\" aria-required=\"true\" aria-invalid=\"false\" placeholder=\"Telefon\" value=\"\" type=\"tel\" name=\"tel\" \/><\/span>\n\t\t<\/p>\n\t<\/div>\n\t<div class=\"vc_col-xs-12 vc_col-sm-12 vc_col-md-12 vc_col-lg-12 radio\">\n\t\t<p><span class=\"radios\"><label class=\"label oui\">Leilighet<input type=\"radio\" name=\"type\" value=\"5\" \/><span class=\"checkmark\"><\/span><\/label><label class=\"label non\">Hus<input type=\"radio\" name=\"type\" value=\"18\" \/><span class=\"checkmark\"><\/span><\/label><label class=\"label non\">Plott<input type=\"radio\" name=\"type\" value=\"46\" \/><span class=\"checkmark\"><\/span><\/label><label class=\"label non\">Eiendom<input type=\"radio\" name=\"type\" value=\"24\" \/><span class=\"checkmark\"><\/span><\/label><\/span>\n\t\t<\/p>\n\t<\/div>\n\t<div class=\"vc_col-xs-12 vc_col-sm-12 vc_col-md-12 vc_col-lg-12 clear\">\n\t\t<p><span class=\"wpcf7-form-control-wrap\" data-name=\"Ville\"><input size=\"40\" maxlength=\"400\" class=\"wpcf7-form-control wpcf7-text wpcf7-validates-as-required\" aria-required=\"true\" aria-invalid=\"false\" placeholder=\"By\" value=\"\" type=\"text\" name=\"Ville\" \/><\/span>\n\t\t<\/p>\n\t<\/div>\n\t<div class=\"vc_col-xs-12 vc_col-sm-12 vc_col-md-12 vc_col-lg-12\">\n\t\t<p><span class=\"wpcf7-form-control-wrap\" data-name=\"Message\"><textarea cols=\"40\" rows=\"10\" maxlength=\"2000\" class=\"wpcf7-form-control wpcf7-textarea wpcf7-validates-as-required\" aria-required=\"true\" aria-invalid=\"false\" placeholder=\"Meddelande\" name=\"Message\"><\/textarea><\/span>\n\t\t<\/p>\n\t<\/div>\n\t<div class=\"vc_col-xs-12 vc_col-sm-12 vc_col-md-12 vc_col-lg-12\">\n\t\t<p><span class=\"wpcf7-form-control-wrap\" data-name=\"acceptance-236\"><span class=\"wpcf7-form-control wpcf7-acceptance\"><span class=\"wpcf7-list-item\"><label><input type=\"checkbox\" name=\"acceptance-236\" value=\"1\" aria-invalid=\"false\" \/><span class=\"wpcf7-list-item-label\">Jeg har lest og godkjent <a target=\"_blank\" href=\"\/no\/privacy-notice\/\">personvernerkl\u00e6ringen. <\/a><\/span><\/label><\/span><\/span><\/span>\n\t\t<\/p>\n\t<\/div>\n\t<div class=\"vc_col-xs-12 vc_col-sm-12 vc_col-md-12 vc_col-lg-12 recaptcha\">\n\t\n\t<\/div>\n\t<div class=\"vc_col-xs-12 vc_col-sm-12 vc_col-md-12 vc_col-lg-12 envoyer\">\n\t\t<p><input class=\"wpcf7-form-control wpcf7-submit has-spinner\" type=\"submit\" value=\"Sende\" \/>\n\t\t<\/p>\n\t<\/div>\n<\/div><div class=\"wpcf7-response-output\" aria-hidden=\"true\"><\/div>\n<\/form>\n<\/div>\n[\/vc_column][\/vc_row]<\/p>\n<\/div>","protected":false},"excerpt":{"rendered":"<p>[vc_row full_width=&#8221;stretch_row_content_no_spaces&#8221; content_placement=&#8221;bottom&#8221; css=&#8221;.vc_custom_1586941479448{background-image: url(https:\/\/www.wretmanestate.com\/wp-content\/uploads\/2019\/11\/new-banner.jpg?id=3444) !important;background-position: center !important;background-repeat: no-repeat !important;background-size: cover !important;}&#8221; el_class=&#8221;bloc-title small&#8221;][vc_column][vc_column_text el_class=&#8221;sous-titre-page&#8221;][\/vc_column_text][\/vc_column][\/vc_row][vc_row el_class=&#8221;red_links&#8221;][vc_column width=&#8221;1\/3&#8243; el_class=&#8221;bloc-picto-txt&#8221;][vc_single_image image=&#8221;13841&#8243; img_size=&#8221;180&#215;180&#8243; alignment=&#8221;center&#8221;][vc_column_text]La en av v\u00e5re meglere sjekke eiendommene som finnes p\u00e5 markedet og gj\u00f8re et s\u00f8k etter dine \u00f8nskem\u00e5l! Det er mer effektivt enn \u00e5 lete etter annonser selv. \u00c5 overlate dette til en av v\u00e5re [&hellip;]<\/p>\n","protected":false},"author":1,"featured_media":0,"parent":64065,"menu_order":0,"comment_status":"closed","ping_status":"closed","template":"page_full-width.php","meta":{"_acf_changed":false,"content-type":"","_monsterinsights_skip_tracking":false,"_monsterinsights_sitenote_active":false,"_monsterinsights_sitenote_note":"","_monsterinsights_sitenote_category":0,"footnotes":""},"class_list":["post-64078","page","type-page","status-publish","hentry"],"acf":[],"yoast_head":"<!-- This site is optimized with the Yoast SEO plugin v27.5 - https:\/\/yoast.com\/product\/yoast-seo-wordpress\/ -->\n<title>Eiendomss\u00f8k - raskt finne det rette hjemmet - Wretman Estate<\/title>\n<meta name=\"description\" content=\"Vil du kj\u00f8pe bolig \u00e5 Rivieraen eller i Provence? Kontakt Wretman Estate for et tilpasset s\u00f8k. V\u00e5re svenske meglere bor her og kjenner markedet.\" \/>\n<meta name=\"robots\" content=\"index, follow, max-snippet:-1, max-image-preview:large, max-video-preview:-1\" \/>\n<link rel=\"canonical\" href=\"https:\/\/www.wretmanestate.com\/no\/kjope-franske-rivieraen\/boligsok\/\" \/>\n<meta property=\"og:locale\" content=\"nb_NO\" \/>\n<meta property=\"og:type\" content=\"article\" \/>\n<meta property=\"og:title\" content=\"Eiendomss\u00f8k - raskt finne det rette hjemmet - Wretman Estate\" \/>\n<meta property=\"og:description\" content=\"Vil du kj\u00f8pe bolig \u00e5 Rivieraen eller i Provence? Kontakt Wretman Estate for et tilpasset s\u00f8k. V\u00e5re svenske meglere bor her og kjenner markedet.\" \/>\n<meta property=\"og:url\" content=\"https:\/\/www.wretmanestate.com\/no\/kjope-franske-rivieraen\/boligsok\/\" \/>\n<meta property=\"og:site_name\" content=\"Wretman Estate\" \/>\n<meta property=\"article:modified_time\" content=\"2025-03-27T10:35:35+00:00\" \/>\n<meta name=\"twitter:card\" content=\"summary_large_image\" \/>\n<meta name=\"twitter:label1\" content=\"Ansl. lesetid\" \/>\n\t<meta name=\"twitter:data1\" content=\"5 minutter\" \/>\n<script type=\"application\/ld+json\" class=\"yoast-schema-graph\">{\"@context\":\"https:\\\/\\\/schema.org\",\"@graph\":[{\"@type\":\"WebPage\",\"@id\":\"https:\\\/\\\/www.wretmanestate.com\\\/no\\\/kjope-franske-rivieraen\\\/boligsok\\\/\",\"url\":\"https:\\\/\\\/www.wretmanestate.com\\\/no\\\/kjope-franske-rivieraen\\\/boligsok\\\/\",\"name\":\"Eiendomss\u00f8k - raskt finne det rette hjemmet - Wretman Estate\",\"isPartOf\":{\"@id\":\"https:\\\/\\\/www.wretmanestate.com\\\/no\\\/#website\"},\"datePublished\":\"2019-11-21T13:42:39+00:00\",\"dateModified\":\"2025-03-27T10:35:35+00:00\",\"description\":\"Vil du kj\u00f8pe bolig \u00e5 Rivieraen eller i Provence? Kontakt Wretman Estate for et tilpasset s\u00f8k. V\u00e5re svenske meglere bor her og kjenner markedet.\",\"breadcrumb\":{\"@id\":\"https:\\\/\\\/www.wretmanestate.com\\\/no\\\/kjope-franske-rivieraen\\\/boligsok\\\/#breadcrumb\"},\"inLanguage\":\"nb-NO\",\"potentialAction\":[{\"@type\":\"ReadAction\",\"target\":[\"https:\\\/\\\/www.wretmanestate.com\\\/no\\\/kjope-franske-rivieraen\\\/boligsok\\\/\"]}]},{\"@type\":\"BreadcrumbList\",\"@id\":\"https:\\\/\\\/www.wretmanestate.com\\\/no\\\/kjope-franske-rivieraen\\\/boligsok\\\/#breadcrumb\",\"itemListElement\":[{\"@type\":\"ListItem\",\"position\":1,\"name\":\"Accueil\",\"item\":\"https:\\\/\\\/www.wretmanestate.com\\\/no\\\/\"},{\"@type\":\"ListItem\",\"position\":2,\"name\":\"Kj\u00f8pe\",\"item\":\"https:\\\/\\\/www.wretmanestate.com\\\/no\\\/kjope-franske-rivieraen\\\/\"},{\"@type\":\"ListItem\",\"position\":3,\"name\":\"Eiendomss\u00f8k\"}]},{\"@type\":\"WebSite\",\"@id\":\"https:\\\/\\\/www.wretmanestate.com\\\/no\\\/#website\",\"url\":\"https:\\\/\\\/www.wretmanestate.com\\\/no\\\/\",\"name\":\"Wretman Estate\",\"description\":\"Immobilier sur la C\u00f4te d&#039;Azur et la Provence\",\"publisher\":{\"@id\":\"https:\\\/\\\/www.wretmanestate.com\\\/no\\\/#organization\"},\"potentialAction\":[{\"@type\":\"SearchAction\",\"target\":{\"@type\":\"EntryPoint\",\"urlTemplate\":\"https:\\\/\\\/www.wretmanestate.com\\\/no\\\/?s={search_term_string}\"},\"query-input\":{\"@type\":\"PropertyValueSpecification\",\"valueRequired\":true,\"valueName\":\"search_term_string\"}}],\"inLanguage\":\"nb-NO\"},{\"@type\":\"Organization\",\"@id\":\"https:\\\/\\\/www.wretmanestate.com\\\/no\\\/#organization\",\"name\":\"WRETMAN ESTATE\",\"url\":\"https:\\\/\\\/www.wretmanestate.com\\\/no\\\/\",\"logo\":{\"@type\":\"ImageObject\",\"inLanguage\":\"nb-NO\",\"@id\":\"https:\\\/\\\/www.wretmanestate.com\\\/no\\\/#\\\/schema\\\/logo\\\/image\\\/\",\"url\":\"\",\"contentUrl\":\"\",\"caption\":\"WRETMAN ESTATE\"},\"image\":{\"@id\":\"https:\\\/\\\/www.wretmanestate.com\\\/no\\\/#\\\/schema\\\/logo\\\/image\\\/\"}}]}<\/script>\n<!-- \/ Yoast SEO plugin. -->","yoast_head_json":{"title":"Eiendomss\u00f8k - raskt finne det rette hjemmet - Wretman Estate","description":"Vil du kj\u00f8pe bolig \u00e5 Rivieraen eller i Provence? Kontakt Wretman Estate for et tilpasset s\u00f8k. V\u00e5re svenske meglere bor her og kjenner markedet.","robots":{"index":"index","follow":"follow","max-snippet":"max-snippet:-1","max-image-preview":"max-image-preview:large","max-video-preview":"max-video-preview:-1"},"canonical":"https:\/\/www.wretmanestate.com\/no\/kjope-franske-rivieraen\/boligsok\/","og_locale":"nb_NO","og_type":"article","og_title":"Eiendomss\u00f8k - raskt finne det rette hjemmet - Wretman Estate","og_description":"Vil du kj\u00f8pe bolig \u00e5 Rivieraen eller i Provence? Kontakt Wretman Estate for et tilpasset s\u00f8k. V\u00e5re svenske meglere bor her og kjenner markedet.","og_url":"https:\/\/www.wretmanestate.com\/no\/kjope-franske-rivieraen\/boligsok\/","og_site_name":"Wretman Estate","article_modified_time":"2025-03-27T10:35:35+00:00","twitter_card":"summary_large_image","twitter_misc":{"Ansl. lesetid":"5 minutter"},"schema":{"@context":"https:\/\/schema.org","@graph":[{"@type":"WebPage","@id":"https:\/\/www.wretmanestate.com\/no\/kjope-franske-rivieraen\/boligsok\/","url":"https:\/\/www.wretmanestate.com\/no\/kjope-franske-rivieraen\/boligsok\/","name":"Eiendomss\u00f8k - raskt finne det rette hjemmet - Wretman Estate","isPartOf":{"@id":"https:\/\/www.wretmanestate.com\/no\/#website"},"datePublished":"2019-11-21T13:42:39+00:00","dateModified":"2025-03-27T10:35:35+00:00","description":"Vil du kj\u00f8pe bolig \u00e5 Rivieraen eller i Provence? Kontakt Wretman Estate for et tilpasset s\u00f8k. V\u00e5re svenske meglere bor her og kjenner markedet.","breadcrumb":{"@id":"https:\/\/www.wretmanestate.com\/no\/kjope-franske-rivieraen\/boligsok\/#breadcrumb"},"inLanguage":"nb-NO","potentialAction":[{"@type":"ReadAction","target":["https:\/\/www.wretmanestate.com\/no\/kjope-franske-rivieraen\/boligsok\/"]}]},{"@type":"BreadcrumbList","@id":"https:\/\/www.wretmanestate.com\/no\/kjope-franske-rivieraen\/boligsok\/#breadcrumb","itemListElement":[{"@type":"ListItem","position":1,"name":"Accueil","item":"https:\/\/www.wretmanestate.com\/no\/"},{"@type":"ListItem","position":2,"name":"Kj\u00f8pe","item":"https:\/\/www.wretmanestate.com\/no\/kjope-franske-rivieraen\/"},{"@type":"ListItem","position":3,"name":"Eiendomss\u00f8k"}]},{"@type":"WebSite","@id":"https:\/\/www.wretmanestate.com\/no\/#website","url":"https:\/\/www.wretmanestate.com\/no\/","name":"Wretman Estate","description":"Immobilier sur la C\u00f4te d&#039;Azur et la Provence","publisher":{"@id":"https:\/\/www.wretmanestate.com\/no\/#organization"},"potentialAction":[{"@type":"SearchAction","target":{"@type":"EntryPoint","urlTemplate":"https:\/\/www.wretmanestate.com\/no\/?s={search_term_string}"},"query-input":{"@type":"PropertyValueSpecification","valueRequired":true,"valueName":"search_term_string"}}],"inLanguage":"nb-NO"},{"@type":"Organization","@id":"https:\/\/www.wretmanestate.com\/no\/#organization","name":"WRETMAN ESTATE","url":"https:\/\/www.wretmanestate.com\/no\/","logo":{"@type":"ImageObject","inLanguage":"nb-NO","@id":"https:\/\/www.wretmanestate.com\/no\/#\/schema\/logo\/image\/","url":"","contentUrl":"","caption":"WRETMAN ESTATE"},"image":{"@id":"https:\/\/www.wretmanestate.com\/no\/#\/schema\/logo\/image\/"}}]}},"_links":{"self":[{"href":"https:\/\/www.wretmanestate.com\/no\/wp-json\/wp\/v2\/pages\/64078","targetHints":{"allow":["GET"]}}],"collection":[{"href":"https:\/\/www.wretmanestate.com\/no\/wp-json\/wp\/v2\/pages"}],"about":[{"href":"https:\/\/www.wretmanestate.com\/no\/wp-json\/wp\/v2\/types\/page"}],"author":[{"embeddable":true,"href":"https:\/\/www.wretmanestate.com\/no\/wp-json\/wp\/v2\/users\/1"}],"replies":[{"embeddable":true,"href":"https:\/\/www.wretmanestate.com\/no\/wp-json\/wp\/v2\/comments?post=64078"}],"version-history":[{"count":4,"href":"https:\/\/www.wretmanestate.com\/no\/wp-json\/wp\/v2\/pages\/64078\/revisions"}],"predecessor-version":[{"id":807302,"href":"https:\/\/www.wretmanestate.com\/no\/wp-json\/wp\/v2\/pages\/64078\/revisions\/807302"}],"up":[{"embeddable":true,"href":"https:\/\/www.wretmanestate.com\/no\/wp-json\/wp\/v2\/pages\/64065"}],"wp:attachment":[{"href":"https:\/\/www.wretmanestate.com\/no\/wp-json\/wp\/v2\/media?parent=64078"}],"curies":[{"name":"wp","href":"https:\/\/api.w.org\/{rel}","templated":true}]}}