{"id":64083,"date":"2019-11-28T12:03:34","date_gmt":"2019-11-28T11:03:34","guid":{"rendered":"https:\/\/www.wretmanestate.com\/om-oss\/partners-och-natverk\/"},"modified":"2024-02-06T14:41:40","modified_gmt":"2024-02-06T13:41:40","slug":"vare-samarbeidspartnere","status":"publish","type":"page","link":"https:\/\/www.wretmanestate.com\/no\/om-oss-eiendomsmeglere-franske-rivieraen\/vare-samarbeidspartnere\/","title":{"rendered":"Partnere og nettverk"},"content":{"rendered":"<div class=\"wpb-content-wrapper\"><p>[vc_row full_width=&#8221;stretch_row_content_no_spaces&#8221; content_placement=&#8221;bottom&#8221; css=&#8221;.vc_custom_1586940212142{background-image: url(https:\/\/www.wretmanestate.com\/wp-content\/uploads\/2019\/11\/new-banner.jpg?id=3444) !important;background-position: center !important;background-repeat: no-repeat !important;background-size: cover !important;}&#8221; el_class=&#8221;bloc-title small&#8221;][vc_column]<div class=\" \">\r\n\t\r\n        <div class=\"mh-heading-wrapper\">\r\n            <h1            class=\"mh-heading mh-color-white mh-heading--bottom-separator   \"\r\n            style=\"font-weight:700;\">\r\n\t\t\tPARTNERE OG NETTVERK        <\/h1>\r\n\r\n\t\t    <\/div>\r\n\r\n\t<\/div>[vc_column_text el_class=&#8221;sous-titre-page&#8221;]<\/p>\n<p style=\"text-align: center;\"><span style=\"font-weight: 400;\">Vi tror p\u00e5 samarbeid<\/span><\/p>\n<p>[\/vc_column_text][\/vc_column][\/vc_row][vc_row css=&#8221;.vc_custom_1593680442129{margin-top: 30px !important;}&#8221; el_class=&#8221;red_links&#8221;][vc_column]<div class=\" \">\r\n\t\r\n        <div class=\"mh-heading-wrapper\">\r\n            <h2            class=\"mh-heading  mh-heading--bottom-separator   \"\r\n            style=\"font-weight:700;\">\r\n\t\t\tPROFESJONELLE NETTVERK        <\/h2>\r\n\r\n\t\t    <\/div>\r\n\r\n\t<\/div>[vc_column_text]<\/p>\n<p style=\"text-align: center;\"><span style=\"font-weight: 400;\">Vi er medlemmer i Apimarket, FNAIM og MLS. Dette er de st\u00f8rste databasene for meglere i Frankrike.<br \/>\nGjennom v\u00e5re medlemskap har vi tilgang til tusentalls av eiendommer p\u00e5 markedet. Samtlige av v\u00e5re objekter vises derfor ogs\u00e5 hos v\u00e5re <a href=\"\/no\/om-oss\/vare-samarbeidspartnere\/\">samarbeidspartnere<\/a>.<\/span><\/p>\n<p style=\"text-align: center;\">Alt dette er i v\u00e5re kunders interesse. For kunden som vil <a href=\"\/no\/kjope\/\">kj\u00f8pe<\/a>, \u00f8ker utvalget av kvalitetsboliger som oppfyller kundens \u00f8nsker og behov. For kunden som vil <a href=\"\/no\/selge\/\">selge<\/a> \u00f8ker antall potensielle kj\u00f8pere, da samtlige samarbeidspartnere kan s\u00f8ke blant eiendommene som vi har for salg.<\/p>\n<p style=\"text-align: center;\">Vi er vant med \u00e5 samarbeide med andre meglere. Det \u00f8ker v\u00e5r muligheter til \u00e5 selge din eiendom, eller finne en bolig som passer for deg.<\/p>\n<p>[\/vc_column_text][vc_row_inner equal_height=&#8221;yes&#8221; content_placement=&#8221;top&#8221; css=&#8221;.vc_custom_1574948123219{margin-top: 30px !important;}&#8221;][vc_column_inner width=&#8221;1\/2&#8243;][vc_single_image image=&#8221;11831&#8243; img_size=&#8221;medium&#8221; alignment=&#8221;center&#8221; onclick=&#8221;custom_link&#8221; img_link_target=&#8221;_blank&#8221; link=&#8221;https:\/\/apimo.net\/&#8221;][\/vc_column_inner][vc_column_inner width=&#8221;1\/2&#8243;][vc_single_image image=&#8221;11827&#8243; img_size=&#8221;medium&#8221; alignment=&#8221;center&#8221; onclick=&#8221;custom_link&#8221; img_link_target=&#8221;_blank&#8221; link=&#8221;https:\/\/www.fnaim.fr\/&#8221;][\/vc_column_inner][\/vc_row_inner][\/vc_column][\/vc_row][vc_row][vc_column][vc_separator color=&#8221;custom&#8221; border_width=&#8221;3&#8243; accent_color=&#8221;#7a1523&#8243;][\/vc_column][\/vc_row][vc_row][vc_column]<div class=\" \">\r\n\t\r\n        <div class=\"mh-heading-wrapper\">\r\n            <h2            class=\"mh-heading  mh-heading--bottom-separator   \"\r\n            style=\"font-weight:700;\">\r\n\t\t\tSAMARBEIDSPARTNERE        <\/h2>\r\n\r\n\t\t    <\/div>\r\n\r\n\t<\/div>[vc_row_inner equal_height=&#8221;yes&#8221; content_placement=&#8221;top&#8221; css=&#8221;.vc_custom_1579181147575{margin-top: 30px !important;}&#8221;][vc_column_inner width=&#8221;1\/3&#8243;][vc_single_image image=&#8221;3643&#8243; img_size=&#8221;medium&#8221; onclick=&#8221;custom_link&#8221; img_link_target=&#8221;_blank&#8221; link=&#8221;http:\/\/www.rivieraklubben.com&#8221;][vc_column_text]Svenskt nettverk p\u00e5 den franske rivieraen har over 3000 medlemmer. Klubben har v\u00e6rt aktiv i 40 \u00e5r. Den tilbyr et brett utvalg av aktiviteter og nyttig informasjon om det franske samfunnet.[\/vc_column_text][\/vc_column_inner][vc_column_inner width=&#8221;1\/3&#8243;][vc_single_image image=&#8221;16328&#8243; img_size=&#8221;medium&#8221; onclick=&#8221;custom_link&#8221; img_link_target=&#8221;_blank&#8221; link=&#8221;http:\/\/www.svenskakyrkan.se\/sodrafrankrike&#8221;][vc_column_text]Den svenske kirken tilbyr barne- og familieaktiviteter, d\u00e5p, bryllupsseremonier, korvirksomhet, samt hjelp og st\u00f8tte i vanskelige situasjoner. De organiserer \u00e5rlig b\u00e5de jule- og p\u00e5skemarked.[\/vc_column_text][\/vc_column_inner][vc_column_inner width=&#8221;1\/3&#8243;][vc_single_image image=&#8221;3689&#8243; img_size=&#8221;medium&#8221; onclick=&#8221;custom_link&#8221; img_link_target=&#8221;_blank&#8221; link=&#8221;http:\/\/www.consulat-suede.fr&#8221; css=&#8221;.vc_custom_1579181253459{margin-bottom: 10px !important;}&#8221;][vc_column_text]Konsulatet tilbyr r\u00e5dgivning og hjelp til svenske medborgere i samarbeid med franske myndigheter. Konsulatet hjelper til med offentlige dokumenter, provisoriske pass og kan oversette svenske personbevis.[\/vc_column_text][\/vc_column_inner][\/vc_row_inner][\/vc_column][\/vc_row][vc_row][vc_column][vc_separator color=&#8221;custom&#8221; border_width=&#8221;3&#8243; accent_color=&#8221;#7a1523&#8243;][\/vc_column][\/vc_row][vc_row css=&#8221;.vc_custom_1574948116312{margin-top: 30px !important;}&#8221;][vc_column]<div class=\" \">\r\n\t\r\n        <div class=\"mh-heading-wrapper\">\r\n            <h3            class=\"mh-heading  mh-heading--bottom-separator   \"\r\n            style=\"font-weight:700;\">\r\n\t\t\tRENOVERING        <\/h3>\r\n\r\n\t\t    <\/div>\r\n\r\n\t<\/div>[vc_row_inner equal_height=&#8221;yes&#8221; content_placement=&#8221;top&#8221; css=&#8221;.vc_custom_1579180878218{margin-top: 30px !important;}&#8221;][vc_column_inner width=&#8221;1\/4&#8243;][vc_single_image image=&#8221;16930&#8243; img_size=&#8221;&#8221; alignment=&#8221;center&#8221; onclick=&#8221;custom_link&#8221; img_link_target=&#8221;_blank&#8221; link=&#8221;http:\/\/www.villascandinave.com&#8221;][vc_column_text]Et svensk renoveringsservice som arbeider med b\u00e5de bygge- og renoveringsprosjekter. De tilbyr prosjektledelse fra A til \u00c5 og tar ogs\u00e5 h\u00e5nd om homestyling. Her f\u00e5r du hjelp p\u00e5 svensk, engelsk og fransk.[\/vc_column_text][\/vc_column_inner][vc_column_inner width=&#8221;1\/4&#8243;][vc_single_image image=&#8221;16922&#8243; img_size=&#8221;&#8221; alignment=&#8221;center&#8221; onclick=&#8221;custom_link&#8221; img_link_target=&#8221;_blank&#8221; link=&#8221;http:\/\/www.maisonsanssoucis.com&#8221;][vc_column_text]Maison sans soucis ordner med forvaltning av eiendom. De kan se etter eiendommen din i omr\u00e5det Canton de Fayence. Tjenestene er p\u00e5 engelsk og fransk.[\/vc_column_text][\/vc_column_inner][vc_column_inner width=&#8221;1\/4&#8243;][vc_single_image image=&#8221;16926&#8243; img_size=&#8221;&#8221; alignment=&#8221;center&#8221; onclick=&#8221;custom_link&#8221; img_link_target=&#8221;_blank&#8221; link=&#8221;http:\/\/www.mzarchitecture.com&#8221;][vc_column_text]Fransk\/britisk arkitektbyr\u00e5 som har spesialisert seg p\u00e5 luksushotell, restauranter og villaer. Firmaet har 15 \u00e5rs erfaring i bransjen og gode referanser. De snakker fransk og engelsk.[\/vc_column_text][\/vc_column_inner][vc_column_inner width=&#8221;1\/4&#8243;][vc_single_image image=&#8221;16937&#8243; img_size=&#8221;&#8221; alignment=&#8221;center&#8221; onclick=&#8221;custom_link&#8221;][vc_column_text]Interi\u00f8r- og arkitektskontor som er spesialisert p\u00e5 \u00e5 gj\u00f8re om og renovere rom og arealer b\u00e5de ute og inne. De snakker engelsk og fransk.[\/vc_column_text][\/vc_column_inner][\/vc_row_inner][\/vc_column][\/vc_row][vc_row][vc_column][vc_separator color=&#8221;custom&#8221; border_width=&#8221;3&#8243; accent_color=&#8221;#7a1523&#8243;][\/vc_column][\/vc_row][vc_row css=&#8221;.vc_custom_1574948102543{margin-top: 30px !important;}&#8221;][vc_column]<div class=\" \">\r\n\t\r\n        <div class=\"mh-heading-wrapper\">\r\n            <h3            class=\"mh-heading  mh-heading--bottom-separator   \"\r\n            style=\"font-weight:700;\">\r\n\t\t\tBANK OG FORSIKRING        <\/h3>\r\n\r\n\t\t    <\/div>\r\n\r\n\t<\/div>[vc_row_inner equal_height=&#8221;yes&#8221; content_placement=&#8221;top&#8221; css=&#8221;.vc_custom_1574948094073{margin-top: 30px !important;}&#8221;][vc_column_inner width=&#8221;1\/4&#8243;][vc_single_image image=&#8221;3683&#8243; alignment=&#8221;center&#8221; onclick=&#8221;custom_link&#8221; link=&#8221;https:\/\/www.handelsbanken.com\/en\/about-the-group\/locations\/france&#8221;][vc_column_text]Handelsbanken i Nice tilbyr hjelp med boligl\u00e5n ved kj\u00f8p av bolig i Frankrike. \u00d8vrige tjenester er private banking og individuelle banktjenester.[\/vc_column_text][\/vc_column_inner][vc_column_inner width=&#8221;1\/4&#8243;][vc_single_image image=&#8221;3684&#8243; alignment=&#8221;center&#8221; onclick=&#8221;custom_link&#8221; link=&#8221;https:\/\/www.nykredit.dk\/udland\/&#8221;][vc_column_text]Nykredit i Cannes tilbyr hjelp med boligl\u00e5n ved kj\u00f8p av bolig i Frankrike.[\/vc_column_text][\/vc_column_inner][vc_column_inner width=&#8221;1\/4&#8243;][vc_single_image image=&#8221;3681&#8243; alignment=&#8221;center&#8221; onclick=&#8221;custom_link&#8221; link=&#8221;https:\/\/seb.se\/&#8221;][vc_column_text]SEB Luxembourg tilbyr hjelp med boligl\u00e5n n\u00e5r du kj\u00f8per et hjem i Frankrike.[\/vc_column_text][\/vc_column_inner][vc_column_inner width=&#8221;1\/4&#8243;][vc_single_image image=&#8221;3682&#8243; alignment=&#8221;center&#8221; onclick=&#8221;custom_link&#8221; link=&#8221;https:\/\/www.gan.fr\/&#8221;][vc_column_text]Frankrikes eldste forsikringsbyr\u00e5 med ca en million kunder. De hjelper deg med \u00e5 tegne bil-, hus-, helse-, og livsforsikring.[\/vc_column_text][\/vc_column_inner][\/vc_row_inner][\/vc_column][\/vc_row]<\/p>\n<\/div>","protected":false},"excerpt":{"rendered":"<p>[vc_row full_width=&#8221;stretch_row_content_no_spaces&#8221; content_placement=&#8221;bottom&#8221; css=&#8221;.vc_custom_1586940212142{background-image: url(https:\/\/www.wretmanestate.com\/wp-content\/uploads\/2019\/11\/new-banner.jpg?id=3444) !important;background-position: center !important;background-repeat: no-repeat !important;background-size: cover !important;}&#8221; el_class=&#8221;bloc-title small&#8221;][vc_column][vc_column_text el_class=&#8221;sous-titre-page&#8221;] Vi tror p\u00e5 samarbeid [\/vc_column_text][\/vc_column][\/vc_row][vc_row css=&#8221;.vc_custom_1593680442129{margin-top: 30px !important;}&#8221; el_class=&#8221;red_links&#8221;][vc_column][vc_column_text] Vi er medlemmer i Apimarket, FNAIM og MLS. Dette er de st\u00f8rste databasene for meglere i Frankrike. Gjennom v\u00e5re medlemskap har vi tilgang til tusentalls av eiendommer p\u00e5 markedet. Samtlige av [&hellip;]<\/p>\n","protected":false},"author":1,"featured_media":0,"parent":64074,"menu_order":0,"comment_status":"closed","ping_status":"closed","template":"page_full-width.php","meta":{"_acf_changed":false,"content-type":"","_monsterinsights_skip_tracking":false,"_monsterinsights_sitenote_active":false,"_monsterinsights_sitenote_note":"","_monsterinsights_sitenote_category":0,"footnotes":""},"class_list":["post-64083","page","type-page","status-publish","hentry"],"acf":[],"yoast_head":"<!-- This site is optimized with the Yoast SEO plugin v27.5 - https:\/\/yoast.com\/product\/yoast-seo-wordpress\/ -->\n<title>V\u00e5re partnere og nettverk - Wretman Estate<\/title>\n<meta name=\"description\" content=\"Wretman Estate er medlem av de st\u00f8rste nasjonale meglerdatabasene. Vi tror p\u00e5 samarbeid fordi det \u00f8ker sjansene v\u00e5re for \u00e5 selge eiendommen din.\" \/>\n<meta name=\"robots\" content=\"index, follow, max-snippet:-1, max-image-preview:large, max-video-preview:-1\" \/>\n<link rel=\"canonical\" href=\"https:\/\/www.wretmanestate.com\/no\/om-oss-eiendomsmeglere-franske-rivieraen\/vare-samarbeidspartnere\/\" \/>\n<meta property=\"og:locale\" content=\"nb_NO\" \/>\n<meta property=\"og:type\" content=\"article\" \/>\n<meta property=\"og:title\" content=\"V\u00e5re partnere og nettverk - Wretman Estate\" \/>\n<meta property=\"og:description\" content=\"Wretman Estate er medlem av de st\u00f8rste nasjonale meglerdatabasene. Vi tror p\u00e5 samarbeid fordi det \u00f8ker sjansene v\u00e5re for \u00e5 selge eiendommen din.\" \/>\n<meta property=\"og:url\" content=\"https:\/\/www.wretmanestate.com\/no\/om-oss-eiendomsmeglere-franske-rivieraen\/vare-samarbeidspartnere\/\" \/>\n<meta property=\"og:site_name\" content=\"Wretman Estate\" \/>\n<meta property=\"article:modified_time\" content=\"2024-02-06T13:41:40+00:00\" \/>\n<meta name=\"twitter:card\" content=\"summary_large_image\" \/>\n<meta name=\"twitter:label1\" content=\"Ansl. lesetid\" \/>\n\t<meta name=\"twitter:data1\" content=\"3 minutter\" \/>\n<script type=\"application\/ld+json\" class=\"yoast-schema-graph\">{\"@context\":\"https:\\\/\\\/schema.org\",\"@graph\":[{\"@type\":\"WebPage\",\"@id\":\"https:\\\/\\\/www.wretmanestate.com\\\/no\\\/om-oss-eiendomsmeglere-franske-rivieraen\\\/vare-samarbeidspartnere\\\/\",\"url\":\"https:\\\/\\\/www.wretmanestate.com\\\/no\\\/om-oss-eiendomsmeglere-franske-rivieraen\\\/vare-samarbeidspartnere\\\/\",\"name\":\"V\u00e5re partnere og nettverk - Wretman Estate\",\"isPartOf\":{\"@id\":\"https:\\\/\\\/www.wretmanestate.com\\\/no\\\/#website\"},\"datePublished\":\"2019-11-28T11:03:34+00:00\",\"dateModified\":\"2024-02-06T13:41:40+00:00\",\"description\":\"Wretman Estate er medlem av de st\u00f8rste nasjonale meglerdatabasene. Vi tror p\u00e5 samarbeid fordi det \u00f8ker sjansene v\u00e5re for \u00e5 selge eiendommen din.\",\"breadcrumb\":{\"@id\":\"https:\\\/\\\/www.wretmanestate.com\\\/no\\\/om-oss-eiendomsmeglere-franske-rivieraen\\\/vare-samarbeidspartnere\\\/#breadcrumb\"},\"inLanguage\":\"nb-NO\",\"potentialAction\":[{\"@type\":\"ReadAction\",\"target\":[\"https:\\\/\\\/www.wretmanestate.com\\\/no\\\/om-oss-eiendomsmeglere-franske-rivieraen\\\/vare-samarbeidspartnere\\\/\"]}]},{\"@type\":\"BreadcrumbList\",\"@id\":\"https:\\\/\\\/www.wretmanestate.com\\\/no\\\/om-oss-eiendomsmeglere-franske-rivieraen\\\/vare-samarbeidspartnere\\\/#breadcrumb\",\"itemListElement\":[{\"@type\":\"ListItem\",\"position\":1,\"name\":\"Accueil\",\"item\":\"https:\\\/\\\/www.wretmanestate.com\\\/no\\\/\"},{\"@type\":\"ListItem\",\"position\":2,\"name\":\"Om oss\",\"item\":\"https:\\\/\\\/www.wretmanestate.com\\\/no\\\/om-oss-eiendomsmeglere-franske-rivieraen\\\/\"},{\"@type\":\"ListItem\",\"position\":3,\"name\":\"Partnere og nettverk\"}]},{\"@type\":\"WebSite\",\"@id\":\"https:\\\/\\\/www.wretmanestate.com\\\/no\\\/#website\",\"url\":\"https:\\\/\\\/www.wretmanestate.com\\\/no\\\/\",\"name\":\"Wretman Estate\",\"description\":\"Immobilier sur la C\u00f4te d&#039;Azur et la Provence\",\"publisher\":{\"@id\":\"https:\\\/\\\/www.wretmanestate.com\\\/no\\\/#organization\"},\"potentialAction\":[{\"@type\":\"SearchAction\",\"target\":{\"@type\":\"EntryPoint\",\"urlTemplate\":\"https:\\\/\\\/www.wretmanestate.com\\\/no\\\/?s={search_term_string}\"},\"query-input\":{\"@type\":\"PropertyValueSpecification\",\"valueRequired\":true,\"valueName\":\"search_term_string\"}}],\"inLanguage\":\"nb-NO\"},{\"@type\":\"Organization\",\"@id\":\"https:\\\/\\\/www.wretmanestate.com\\\/no\\\/#organization\",\"name\":\"WRETMAN ESTATE\",\"url\":\"https:\\\/\\\/www.wretmanestate.com\\\/no\\\/\",\"logo\":{\"@type\":\"ImageObject\",\"inLanguage\":\"nb-NO\",\"@id\":\"https:\\\/\\\/www.wretmanestate.com\\\/no\\\/#\\\/schema\\\/logo\\\/image\\\/\",\"url\":\"\",\"contentUrl\":\"\",\"caption\":\"WRETMAN ESTATE\"},\"image\":{\"@id\":\"https:\\\/\\\/www.wretmanestate.com\\\/no\\\/#\\\/schema\\\/logo\\\/image\\\/\"}}]}<\/script>\n<!-- \/ Yoast SEO plugin. -->","yoast_head_json":{"title":"V\u00e5re partnere og nettverk - Wretman Estate","description":"Wretman Estate er medlem av de st\u00f8rste nasjonale meglerdatabasene. Vi tror p\u00e5 samarbeid fordi det \u00f8ker sjansene v\u00e5re for \u00e5 selge eiendommen din.","robots":{"index":"index","follow":"follow","max-snippet":"max-snippet:-1","max-image-preview":"max-image-preview:large","max-video-preview":"max-video-preview:-1"},"canonical":"https:\/\/www.wretmanestate.com\/no\/om-oss-eiendomsmeglere-franske-rivieraen\/vare-samarbeidspartnere\/","og_locale":"nb_NO","og_type":"article","og_title":"V\u00e5re partnere og nettverk - Wretman Estate","og_description":"Wretman Estate er medlem av de st\u00f8rste nasjonale meglerdatabasene. Vi tror p\u00e5 samarbeid fordi det \u00f8ker sjansene v\u00e5re for \u00e5 selge eiendommen din.","og_url":"https:\/\/www.wretmanestate.com\/no\/om-oss-eiendomsmeglere-franske-rivieraen\/vare-samarbeidspartnere\/","og_site_name":"Wretman Estate","article_modified_time":"2024-02-06T13:41:40+00:00","twitter_card":"summary_large_image","twitter_misc":{"Ansl. lesetid":"3 minutter"},"schema":{"@context":"https:\/\/schema.org","@graph":[{"@type":"WebPage","@id":"https:\/\/www.wretmanestate.com\/no\/om-oss-eiendomsmeglere-franske-rivieraen\/vare-samarbeidspartnere\/","url":"https:\/\/www.wretmanestate.com\/no\/om-oss-eiendomsmeglere-franske-rivieraen\/vare-samarbeidspartnere\/","name":"V\u00e5re partnere og nettverk - Wretman Estate","isPartOf":{"@id":"https:\/\/www.wretmanestate.com\/no\/#website"},"datePublished":"2019-11-28T11:03:34+00:00","dateModified":"2024-02-06T13:41:40+00:00","description":"Wretman Estate er medlem av de st\u00f8rste nasjonale meglerdatabasene. Vi tror p\u00e5 samarbeid fordi det \u00f8ker sjansene v\u00e5re for \u00e5 selge eiendommen din.","breadcrumb":{"@id":"https:\/\/www.wretmanestate.com\/no\/om-oss-eiendomsmeglere-franske-rivieraen\/vare-samarbeidspartnere\/#breadcrumb"},"inLanguage":"nb-NO","potentialAction":[{"@type":"ReadAction","target":["https:\/\/www.wretmanestate.com\/no\/om-oss-eiendomsmeglere-franske-rivieraen\/vare-samarbeidspartnere\/"]}]},{"@type":"BreadcrumbList","@id":"https:\/\/www.wretmanestate.com\/no\/om-oss-eiendomsmeglere-franske-rivieraen\/vare-samarbeidspartnere\/#breadcrumb","itemListElement":[{"@type":"ListItem","position":1,"name":"Accueil","item":"https:\/\/www.wretmanestate.com\/no\/"},{"@type":"ListItem","position":2,"name":"Om oss","item":"https:\/\/www.wretmanestate.com\/no\/om-oss-eiendomsmeglere-franske-rivieraen\/"},{"@type":"ListItem","position":3,"name":"Partnere og nettverk"}]},{"@type":"WebSite","@id":"https:\/\/www.wretmanestate.com\/no\/#website","url":"https:\/\/www.wretmanestate.com\/no\/","name":"Wretman Estate","description":"Immobilier sur la C\u00f4te d&#039;Azur et la Provence","publisher":{"@id":"https:\/\/www.wretmanestate.com\/no\/#organization"},"potentialAction":[{"@type":"SearchAction","target":{"@type":"EntryPoint","urlTemplate":"https:\/\/www.wretmanestate.com\/no\/?s={search_term_string}"},"query-input":{"@type":"PropertyValueSpecification","valueRequired":true,"valueName":"search_term_string"}}],"inLanguage":"nb-NO"},{"@type":"Organization","@id":"https:\/\/www.wretmanestate.com\/no\/#organization","name":"WRETMAN ESTATE","url":"https:\/\/www.wretmanestate.com\/no\/","logo":{"@type":"ImageObject","inLanguage":"nb-NO","@id":"https:\/\/www.wretmanestate.com\/no\/#\/schema\/logo\/image\/","url":"","contentUrl":"","caption":"WRETMAN ESTATE"},"image":{"@id":"https:\/\/www.wretmanestate.com\/no\/#\/schema\/logo\/image\/"}}]}},"_links":{"self":[{"href":"https:\/\/www.wretmanestate.com\/no\/wp-json\/wp\/v2\/pages\/64083","targetHints":{"allow":["GET"]}}],"collection":[{"href":"https:\/\/www.wretmanestate.com\/no\/wp-json\/wp\/v2\/pages"}],"about":[{"href":"https:\/\/www.wretmanestate.com\/no\/wp-json\/wp\/v2\/types\/page"}],"author":[{"embeddable":true,"href":"https:\/\/www.wretmanestate.com\/no\/wp-json\/wp\/v2\/users\/1"}],"replies":[{"embeddable":true,"href":"https:\/\/www.wretmanestate.com\/no\/wp-json\/wp\/v2\/comments?post=64083"}],"version-history":[{"count":8,"href":"https:\/\/www.wretmanestate.com\/no\/wp-json\/wp\/v2\/pages\/64083\/revisions"}],"predecessor-version":[{"id":569902,"href":"https:\/\/www.wretmanestate.com\/no\/wp-json\/wp\/v2\/pages\/64083\/revisions\/569902"}],"up":[{"embeddable":true,"href":"https:\/\/www.wretmanestate.com\/no\/wp-json\/wp\/v2\/pages\/64074"}],"wp:attachment":[{"href":"https:\/\/www.wretmanestate.com\/no\/wp-json\/wp\/v2\/media?parent=64083"}],"curies":[{"name":"wp","href":"https:\/\/api.w.org\/{rel}","templated":true}]}}