{"id":64087,"date":"2019-11-21T14:19:45","date_gmt":"2019-11-21T13:19:45","guid":{"rendered":"https:\/\/www.wretmanestate.com\/om-oss\/vara-tjanster\/"},"modified":"2025-03-20T13:12:03","modified_gmt":"2025-03-20T12:12:03","slug":"vare-tjenester","status":"publish","type":"page","link":"https:\/\/www.wretmanestate.com\/no\/om-oss-eiendomsmeglere-franske-rivieraen\/vare-tjenester\/","title":{"rendered":"V\u00e5re tjenester"},"content":{"rendered":"<div class=\"wpb-content-wrapper\"><p>[vc_row full_width=&#8221;stretch_row_content_no_spaces&#8221; content_placement=&#8221;bottom&#8221; css=&#8221;.vc_custom_1586940274114{background-image: url(https:\/\/www.wretmanestate.com\/wp-content\/uploads\/2019\/11\/new-banner.jpg?id=3444) !important;background-position: center !important;background-repeat: no-repeat !important;background-size: cover !important;}&#8221; el_class=&#8221;bloc-title small&#8221;][vc_column]<div class=\" \">\r\n\t\r\n        <div class=\"mh-heading-wrapper\">\r\n            <h1            class=\"mh-heading mh-color-white mh-heading--bottom-separator   \"\r\n            style=\"font-weight:700;\">\r\n\t\t\tV\u00c5RE TJENESTER        <\/h1>\r\n\r\n\t\t    <\/div>\r\n\r\n\t<\/div>[vc_column_text el_class=&#8221;sous-titre-page&#8221;]<\/p>\n<p style=\"text-align: center;\">Et helhetskonsept med kunden i fokus<\/p>\n<p>[\/vc_column_text][\/vc_column][\/vc_row][vc_row][vc_column]<div class=\" \">\r\n\t\r\n        <div class=\"mh-heading-wrapper\">\r\n            <h2            class=\"mh-heading  mh-heading--bottom-separator   \"\r\n            style=\"font-weight:700;\">\r\n\t\t\tWRETMAN ESTATE TILBYR EN HELHETSL\u00d8SNING        <\/h2>\r\n\r\n\t\t    <\/div>\r\n\r\n\t<\/div>[\/vc_column][\/vc_row][vc_row el_class=&#8221;img-nos-services&#8221; css=&#8221;.vc_custom_1579535571926{margin-top: 0px !important;margin-bottom: 50px !important;}&#8221;][vc_column width=&#8221;1\/4&#8243;][vc_single_image image=&#8221;13403&#8243; img_size=&#8221;120&#215;120&#8243; alignment=&#8221;center&#8221;][vc_column_text]<\/p>\n<p style=\"text-align: center;\"><strong>Verdivurdering<\/strong><\/p>\n<p>[\/vc_column_text][\/vc_column][vc_column width=&#8221;1\/4&#8243;][vc_single_image image=&#8221;805853&#8243; img_size=&#8221;120&#215;120&#8243; alignment=&#8221;center&#8221; css=&#8221;&#8221;][vc_column_text]<\/p>\n<p style=\"text-align: center;\"><strong>Skreddersydde s\u00f8keoppdrag<\/strong><\/p>\n<p>[\/vc_column_text][\/vc_column][vc_column width=&#8221;1\/4&#8243;][vc_single_image image=&#8221;13370&#8243; img_size=&#8221;120&#215;120&#8243; alignment=&#8221;center&#8221;][vc_column_text]<\/p>\n<p style=\"text-align: center;\"><strong>Profesjonell<\/strong><br \/>\n<strong>r\u00e5dgivning <\/strong><\/p>\n<p>[\/vc_column_text][\/vc_column][vc_column width=&#8221;1\/4&#8243;][vc_single_image image=&#8221;13378&#8243; img_size=&#8221;120&#215;120&#8243; alignment=&#8221;center&#8221;][vc_column_text]<\/p>\n<p style=\"text-align: center;\"><strong>Salg<\/strong><\/p>\n<p>[\/vc_column_text][\/vc_column][\/vc_row][vc_row el_class=&#8221;bloc-padding red_links&#8221; css=&#8221;.vc_custom_1581929662794{margin-bottom: 0px !important;}&#8221;][vc_column width=&#8221;1\/2&#8243;][vc_column_text css=&#8221;.vc_custom_1591275115521{margin-bottom: 10px !important;}&#8221; el_class=&#8221;txt_center&#8221;]<\/p>\n<p style=\"text-align: center;\">For oss i Wretman Estate, er en bolighandel s\u00e5 mye mer enn en handel. Vi gj\u00f8r alt for \u00e5 forenkle prosessen for deg, s\u00e5nn at du som <a href=\"\/no\/selge\/\">selger<\/a> eller <a href=\"\/no\/kjope\/\">kj\u00f8per<\/a>, alltid skal f\u00f8le deg trygg og sikker. V\u00e5re meglere gir r\u00e5d b\u00e5de i salgsoppdrag og kj\u00f8psoppdrag og vi bist\u00e5r med hjelp i alle trinn i prosessen. Til og med etter at kj\u00f8pet eller salget er gjennomf\u00f8rt.<\/p>\n<p style=\"text-align: center;\">Vi er forskjellige fra andre meglere i Frankrike p\u00e5 den m\u00e5ten at vi hjelper v\u00e5re kunder med alt som inneb\u00e6rer \u00e5 skape seg et nytt hjem p\u00e5 den franske rivieraen &#8211; eller helt motsatt, flytte tilbake til Norge igjen.<\/p>\n<p style=\"text-align: center;\">Kanskje trenger du profesjonell r\u00e5dgivning? Eller hjelp med administrative og praktiske detaljer? Avslutte eller \u00e5pne abonnement, forsikringer og lignende? Vi hjelper deg s\u00e5 lenge du som kunde beh\u00f8ver oss.<\/p>\n<p style=\"text-align: center;\">Vi har et omfattende <a href=\"\/no\/om-oss\/vare-samarbeidspartnere\/\">nettverk av kunnskapsrike spesialister<\/a> p\u00e5 den franske rivieraen, som for eksempel notarer advokater, byggmestere, forsingringsselskap, myndigheter, banker og revisorer.<\/p>\n<p>[\/vc_column_text][\/vc_column][vc_column width=&#8221;1\/2&#8243;][vc_single_image image=&#8221;23408&#8243; img_size=&#8221;large&#8221;][\/vc_column][\/vc_row][vc_row el_class=&#8221;red_links&#8221;][vc_column]<div class=\" \">\r\n\t\r\n        <div class=\"mh-heading-wrapper\">\r\n            <h2            class=\"mh-heading  mh-heading--bottom-separator   \"\r\n            style=\"font-weight:700;\">\r\n\t\t\tST\u00d8RST I FRANKRIKE        <\/h2>\r\n\r\n\t\t    <\/div>\r\n\r\n\t<\/div>[vc_column_text]<\/p>\n<p style=\"text-align: center;\">Vi er det st\u00f8rste skandinaviske meglerbyr\u00e5et i Frankrike og dekker gjennom v\u00e5re syv strategisk plasserte <a href=\"\/no\/kontakt\/\">kontorer<\/a>, hele rivieraen. Fra Menton til St. Tropez. V\u00e5rt <a href=\"\/no\/om-oss\/team\/\">team<\/a> best\u00e5r av mer enn 45 medarbeidere. De fleste har skandinavisk opprinnelse og samtlige er bosatt i s\u00f8r Frankrike. Vi snakker totalt 19 spr\u00e5k.<\/p>\n<p style=\"text-align: center;\">Hvordan kan vi hjelpe deg?<\/p>\n<p>[\/vc_column_text][\/vc_column][\/vc_row]<\/p>\n<\/div>","protected":false},"excerpt":{"rendered":"<p>[vc_row full_width=&#8221;stretch_row_content_no_spaces&#8221; content_placement=&#8221;bottom&#8221; css=&#8221;.vc_custom_1586940274114{background-image: url(https:\/\/www.wretmanestate.com\/wp-content\/uploads\/2019\/11\/new-banner.jpg?id=3444) !important;background-position: center !important;background-repeat: no-repeat !important;background-size: cover !important;}&#8221; el_class=&#8221;bloc-title small&#8221;][vc_column][vc_column_text el_class=&#8221;sous-titre-page&#8221;] Et helhetskonsept med kunden i fokus [\/vc_column_text][\/vc_column][\/vc_row][vc_row][vc_column][\/vc_column][\/vc_row][vc_row el_class=&#8221;img-nos-services&#8221; css=&#8221;.vc_custom_1579535571926{margin-top: 0px !important;margin-bottom: 50px !important;}&#8221;][vc_column width=&#8221;1\/4&#8243;][vc_single_image image=&#8221;13403&#8243; img_size=&#8221;120&#215;120&#8243; alignment=&#8221;center&#8221;][vc_column_text] Verdivurdering [\/vc_column_text][\/vc_column][vc_column width=&#8221;1\/4&#8243;][vc_single_image image=&#8221;805853&#8243; img_size=&#8221;120&#215;120&#8243; alignment=&#8221;center&#8221; css=&#8221;&#8221;][vc_column_text] Skreddersydde s\u00f8keoppdrag [\/vc_column_text][\/vc_column][vc_column width=&#8221;1\/4&#8243;][vc_single_image image=&#8221;13370&#8243; img_size=&#8221;120&#215;120&#8243; alignment=&#8221;center&#8221;][vc_column_text] Profesjonell r\u00e5dgivning [\/vc_column_text][\/vc_column][vc_column width=&#8221;1\/4&#8243;][vc_single_image image=&#8221;13378&#8243; img_size=&#8221;120&#215;120&#8243; alignment=&#8221;center&#8221;][vc_column_text] Salg [\/vc_column_text][\/vc_column][\/vc_row][vc_row [&hellip;]<\/p>\n","protected":false},"author":1,"featured_media":0,"parent":64074,"menu_order":0,"comment_status":"closed","ping_status":"closed","template":"page_full-width.php","meta":{"_acf_changed":false,"content-type":"","_monsterinsights_skip_tracking":false,"_monsterinsights_sitenote_active":false,"_monsterinsights_sitenote_note":"","_monsterinsights_sitenote_category":0,"footnotes":""},"class_list":["post-64087","page","type-page","status-publish","hentry"],"acf":[],"yoast_head":"<!-- This site is optimized with the Yoast SEO plugin v27.5 - https:\/\/yoast.com\/product\/yoast-seo-wordpress\/ -->\n<title>V\u00e5re tjenester - Et helhetlig konsept med kunden i fokus - Wretman Estate<\/title>\n<meta name=\"description\" content=\"Wretman Estates Eiendomsmegling p\u00e5 Rivieraen er en komplett l\u00f8sning! Vi tilbyr verdsettelse, salg, profesjonell r\u00e5dgivning, s\u00f8keoppdrag og utleie.\" \/>\n<meta name=\"robots\" content=\"index, follow, max-snippet:-1, max-image-preview:large, max-video-preview:-1\" \/>\n<link rel=\"canonical\" href=\"https:\/\/www.wretmanestate.com\/no\/om-oss-eiendomsmeglere-franske-rivieraen\/vare-tjenester\/\" \/>\n<meta property=\"og:locale\" content=\"nb_NO\" \/>\n<meta property=\"og:type\" content=\"article\" \/>\n<meta property=\"og:title\" content=\"V\u00e5re tjenester - Et helhetlig konsept med kunden i fokus - Wretman Estate\" \/>\n<meta property=\"og:description\" content=\"Wretman Estates Eiendomsmegling p\u00e5 Rivieraen er en komplett l\u00f8sning! Vi tilbyr verdsettelse, salg, profesjonell r\u00e5dgivning, s\u00f8keoppdrag og utleie.\" \/>\n<meta property=\"og:url\" content=\"https:\/\/www.wretmanestate.com\/no\/om-oss-eiendomsmeglere-franske-rivieraen\/vare-tjenester\/\" \/>\n<meta property=\"og:site_name\" content=\"Wretman Estate\" \/>\n<meta property=\"article:modified_time\" content=\"2025-03-20T12:12:03+00:00\" \/>\n<meta name=\"twitter:card\" content=\"summary_large_image\" \/>\n<meta name=\"twitter:label1\" content=\"Ansl. lesetid\" \/>\n\t<meta name=\"twitter:data1\" content=\"3 minutter\" \/>\n<script type=\"application\/ld+json\" class=\"yoast-schema-graph\">{\"@context\":\"https:\\\/\\\/schema.org\",\"@graph\":[{\"@type\":\"WebPage\",\"@id\":\"https:\\\/\\\/www.wretmanestate.com\\\/no\\\/om-oss-eiendomsmeglere-franske-rivieraen\\\/vare-tjenester\\\/\",\"url\":\"https:\\\/\\\/www.wretmanestate.com\\\/no\\\/om-oss-eiendomsmeglere-franske-rivieraen\\\/vare-tjenester\\\/\",\"name\":\"V\u00e5re tjenester - Et helhetlig konsept med kunden i fokus - Wretman Estate\",\"isPartOf\":{\"@id\":\"https:\\\/\\\/www.wretmanestate.com\\\/no\\\/#website\"},\"datePublished\":\"2019-11-21T13:19:45+00:00\",\"dateModified\":\"2025-03-20T12:12:03+00:00\",\"description\":\"Wretman Estates Eiendomsmegling p\u00e5 Rivieraen er en komplett l\u00f8sning! Vi tilbyr verdsettelse, salg, profesjonell r\u00e5dgivning, s\u00f8keoppdrag og utleie.\",\"breadcrumb\":{\"@id\":\"https:\\\/\\\/www.wretmanestate.com\\\/no\\\/om-oss-eiendomsmeglere-franske-rivieraen\\\/vare-tjenester\\\/#breadcrumb\"},\"inLanguage\":\"nb-NO\",\"potentialAction\":[{\"@type\":\"ReadAction\",\"target\":[\"https:\\\/\\\/www.wretmanestate.com\\\/no\\\/om-oss-eiendomsmeglere-franske-rivieraen\\\/vare-tjenester\\\/\"]}]},{\"@type\":\"BreadcrumbList\",\"@id\":\"https:\\\/\\\/www.wretmanestate.com\\\/no\\\/om-oss-eiendomsmeglere-franske-rivieraen\\\/vare-tjenester\\\/#breadcrumb\",\"itemListElement\":[{\"@type\":\"ListItem\",\"position\":1,\"name\":\"Accueil\",\"item\":\"https:\\\/\\\/www.wretmanestate.com\\\/no\\\/\"},{\"@type\":\"ListItem\",\"position\":2,\"name\":\"Om oss\",\"item\":\"https:\\\/\\\/www.wretmanestate.com\\\/no\\\/om-oss-eiendomsmeglere-franske-rivieraen\\\/\"},{\"@type\":\"ListItem\",\"position\":3,\"name\":\"V\u00e5re tjenester\"}]},{\"@type\":\"WebSite\",\"@id\":\"https:\\\/\\\/www.wretmanestate.com\\\/no\\\/#website\",\"url\":\"https:\\\/\\\/www.wretmanestate.com\\\/no\\\/\",\"name\":\"Wretman Estate\",\"description\":\"Immobilier sur la C\u00f4te d&#039;Azur et la Provence\",\"publisher\":{\"@id\":\"https:\\\/\\\/www.wretmanestate.com\\\/no\\\/#organization\"},\"potentialAction\":[{\"@type\":\"SearchAction\",\"target\":{\"@type\":\"EntryPoint\",\"urlTemplate\":\"https:\\\/\\\/www.wretmanestate.com\\\/no\\\/?s={search_term_string}\"},\"query-input\":{\"@type\":\"PropertyValueSpecification\",\"valueRequired\":true,\"valueName\":\"search_term_string\"}}],\"inLanguage\":\"nb-NO\"},{\"@type\":\"Organization\",\"@id\":\"https:\\\/\\\/www.wretmanestate.com\\\/no\\\/#organization\",\"name\":\"WRETMAN ESTATE\",\"url\":\"https:\\\/\\\/www.wretmanestate.com\\\/no\\\/\",\"logo\":{\"@type\":\"ImageObject\",\"inLanguage\":\"nb-NO\",\"@id\":\"https:\\\/\\\/www.wretmanestate.com\\\/no\\\/#\\\/schema\\\/logo\\\/image\\\/\",\"url\":\"\",\"contentUrl\":\"\",\"caption\":\"WRETMAN ESTATE\"},\"image\":{\"@id\":\"https:\\\/\\\/www.wretmanestate.com\\\/no\\\/#\\\/schema\\\/logo\\\/image\\\/\"}}]}<\/script>\n<!-- \/ Yoast SEO plugin. -->","yoast_head_json":{"title":"V\u00e5re tjenester - Et helhetlig konsept med kunden i fokus - Wretman Estate","description":"Wretman Estates Eiendomsmegling p\u00e5 Rivieraen er en komplett l\u00f8sning! Vi tilbyr verdsettelse, salg, profesjonell r\u00e5dgivning, s\u00f8keoppdrag og utleie.","robots":{"index":"index","follow":"follow","max-snippet":"max-snippet:-1","max-image-preview":"max-image-preview:large","max-video-preview":"max-video-preview:-1"},"canonical":"https:\/\/www.wretmanestate.com\/no\/om-oss-eiendomsmeglere-franske-rivieraen\/vare-tjenester\/","og_locale":"nb_NO","og_type":"article","og_title":"V\u00e5re tjenester - Et helhetlig konsept med kunden i fokus - Wretman Estate","og_description":"Wretman Estates Eiendomsmegling p\u00e5 Rivieraen er en komplett l\u00f8sning! Vi tilbyr verdsettelse, salg, profesjonell r\u00e5dgivning, s\u00f8keoppdrag og utleie.","og_url":"https:\/\/www.wretmanestate.com\/no\/om-oss-eiendomsmeglere-franske-rivieraen\/vare-tjenester\/","og_site_name":"Wretman Estate","article_modified_time":"2025-03-20T12:12:03+00:00","twitter_card":"summary_large_image","twitter_misc":{"Ansl. lesetid":"3 minutter"},"schema":{"@context":"https:\/\/schema.org","@graph":[{"@type":"WebPage","@id":"https:\/\/www.wretmanestate.com\/no\/om-oss-eiendomsmeglere-franske-rivieraen\/vare-tjenester\/","url":"https:\/\/www.wretmanestate.com\/no\/om-oss-eiendomsmeglere-franske-rivieraen\/vare-tjenester\/","name":"V\u00e5re tjenester - Et helhetlig konsept med kunden i fokus - Wretman Estate","isPartOf":{"@id":"https:\/\/www.wretmanestate.com\/no\/#website"},"datePublished":"2019-11-21T13:19:45+00:00","dateModified":"2025-03-20T12:12:03+00:00","description":"Wretman Estates Eiendomsmegling p\u00e5 Rivieraen er en komplett l\u00f8sning! Vi tilbyr verdsettelse, salg, profesjonell r\u00e5dgivning, s\u00f8keoppdrag og utleie.","breadcrumb":{"@id":"https:\/\/www.wretmanestate.com\/no\/om-oss-eiendomsmeglere-franske-rivieraen\/vare-tjenester\/#breadcrumb"},"inLanguage":"nb-NO","potentialAction":[{"@type":"ReadAction","target":["https:\/\/www.wretmanestate.com\/no\/om-oss-eiendomsmeglere-franske-rivieraen\/vare-tjenester\/"]}]},{"@type":"BreadcrumbList","@id":"https:\/\/www.wretmanestate.com\/no\/om-oss-eiendomsmeglere-franske-rivieraen\/vare-tjenester\/#breadcrumb","itemListElement":[{"@type":"ListItem","position":1,"name":"Accueil","item":"https:\/\/www.wretmanestate.com\/no\/"},{"@type":"ListItem","position":2,"name":"Om oss","item":"https:\/\/www.wretmanestate.com\/no\/om-oss-eiendomsmeglere-franske-rivieraen\/"},{"@type":"ListItem","position":3,"name":"V\u00e5re tjenester"}]},{"@type":"WebSite","@id":"https:\/\/www.wretmanestate.com\/no\/#website","url":"https:\/\/www.wretmanestate.com\/no\/","name":"Wretman Estate","description":"Immobilier sur la C\u00f4te d&#039;Azur et la Provence","publisher":{"@id":"https:\/\/www.wretmanestate.com\/no\/#organization"},"potentialAction":[{"@type":"SearchAction","target":{"@type":"EntryPoint","urlTemplate":"https:\/\/www.wretmanestate.com\/no\/?s={search_term_string}"},"query-input":{"@type":"PropertyValueSpecification","valueRequired":true,"valueName":"search_term_string"}}],"inLanguage":"nb-NO"},{"@type":"Organization","@id":"https:\/\/www.wretmanestate.com\/no\/#organization","name":"WRETMAN ESTATE","url":"https:\/\/www.wretmanestate.com\/no\/","logo":{"@type":"ImageObject","inLanguage":"nb-NO","@id":"https:\/\/www.wretmanestate.com\/no\/#\/schema\/logo\/image\/","url":"","contentUrl":"","caption":"WRETMAN ESTATE"},"image":{"@id":"https:\/\/www.wretmanestate.com\/no\/#\/schema\/logo\/image\/"}}]}},"_links":{"self":[{"href":"https:\/\/www.wretmanestate.com\/no\/wp-json\/wp\/v2\/pages\/64087","targetHints":{"allow":["GET"]}}],"collection":[{"href":"https:\/\/www.wretmanestate.com\/no\/wp-json\/wp\/v2\/pages"}],"about":[{"href":"https:\/\/www.wretmanestate.com\/no\/wp-json\/wp\/v2\/types\/page"}],"author":[{"embeddable":true,"href":"https:\/\/www.wretmanestate.com\/no\/wp-json\/wp\/v2\/users\/1"}],"replies":[{"embeddable":true,"href":"https:\/\/www.wretmanestate.com\/no\/wp-json\/wp\/v2\/comments?post=64087"}],"version-history":[{"count":5,"href":"https:\/\/www.wretmanestate.com\/no\/wp-json\/wp\/v2\/pages\/64087\/revisions"}],"predecessor-version":[{"id":805859,"href":"https:\/\/www.wretmanestate.com\/no\/wp-json\/wp\/v2\/pages\/64087\/revisions\/805859"}],"up":[{"embeddable":true,"href":"https:\/\/www.wretmanestate.com\/no\/wp-json\/wp\/v2\/pages\/64074"}],"wp:attachment":[{"href":"https:\/\/www.wretmanestate.com\/no\/wp-json\/wp\/v2\/media?parent=64087"}],"curies":[{"name":"wp","href":"https:\/\/api.w.org\/{rel}","templated":true}]}}