{"id":64153,"date":"2019-12-20T14:23:36","date_gmt":"2019-12-20T13:23:36","guid":{"rendered":"https:\/\/www.wretmanestate.com\/amandine-gueyraud\/"},"modified":"2023-02-02T14:33:48","modified_gmt":"2023-02-02T13:33:48","slug":"amandine-gueyraud","status":"publish","type":"page","link":"https:\/\/www.wretmanestate.com\/no\/om-oss-eiendomsmeglere-franske-rivieraen\/team\/amandine-gueyraud\/","title":{"rendered":"Amandine GUEYRAUD"},"content":{"rendered":"<div class=\"wpb-content-wrapper\"><p>[vc_row full_width=&#8221;stretch_row_content_no_spaces&#8221; content_placement=&#8221;bottom&#8221; css=&#8221;.vc_custom_1580720336371{background-image: url(https:\/\/www.wretmanestate.com\/wp-content\/uploads\/2019\/11\/new-banner.jpg?id=3444) !important;background-position: center !important;background-repeat: no-repeat !important;background-size: cover !important;}&#8221; el_class=&#8221;bloc-title header_team medium&#8221;][vc_column]<div class=\" \">\r\n\t\r\n        <div class=\"mh-heading-wrapper\">\r\n            <h1            class=\"mh-heading mh-color-white mh-heading--bottom-separator   \"\r\n            style=\"font-weight:700;\">\r\n\t\t\tAmandine GUEYRAUD        <\/h1>\r\n\r\n\t\t            <div class=\"mh-subheading mh-color-white\"\r\n                 style=\"\">\r\n\t\t\t\tAssistent p\u00e5 kontoret til Montauroux            <\/div>\r\n\t\t    <\/div>\r\n\r\n\t<\/div>[vc_single_image image=&#8221;383683&#8243; img_size=&#8221;full&#8221; alignment=&#8221;center&#8221; style=&#8221;vc_box_rounded&#8221;][\/vc_column][\/vc_row][vc_row bg_type=&#8221;bg_color&#8221; bg_override=&#8221;ex-full&#8221; el_class=&#8221;team_desc&#8221; bg_color_value=&#8221;#f2f2f6&#8243; el_id=&#8221;red_links&#8221;][vc_column width=&#8221;1\/2&#8243;][vc_column_text]<\/p>\n<h5><strong>Hvorfor valgte du meglerbransjen ?<\/strong><\/h5>\n<p>Jeg valgte \u00e5 jobbe innenfor meglerbransjen fordi det er noe jeg alltid har v\u00e6rt interessert i og det er en bransje med mange muligheter.<\/p>\n<h5><strong>Hvorfor Wretman Estate?<\/strong><\/h5>\n<p>Mens jeg tok utdanning innenfor megling i Frankrike, begynte jeg \u00e5 jobbe deltid i Wretman Estate. Jeg syns det er interessant \u00e5 jobbe p\u00e5 et skandinavisk kontor med medarbeidere og kunder fra forskjellige nasjonaliteter. Dessuten jobber vi p\u00e5 en m\u00e5te som er ganske annerledes fra andre kontorer.<\/p>\n<h5><strong>Hva mener du er den viktigste egenskapen hos en god eiendomsmegler?<\/strong><\/h5>\n<p>Jeg mener en god eiendomsmegler b\u00f8r ha flere egenskaper. Han b\u00f8r v\u00e6re kontaktskapende og lyttende, profesjonell og fremfor alt v\u00e6re t\u00e5lmodig![\/vc_column_text][\/vc_column][vc_column width=&#8221;1\/2&#8243;][vc_column_text]<\/p>\n<h5><strong>Hva er din favorittrestaurant ?<\/strong><\/h5>\n<p>Jeg har ingen favorittrestaurant, men jeg liker italienske restauranter med god stemning.<\/p>\n<h5><strong>Hva vet du om Sverige?<\/strong><\/h5>\n<p>Jeg har aldri v\u00e6rt i Sverige, men etter at jeg har begynt \u00e5 jobbe i et skandinavisk selskap, f\u00e5r jeg mer og mer lyst \u00e5 reise dit og se dette landet med s\u00e5 forskjellig landskap.<\/p>\n<h5><strong>Hva gj\u00f8r du helst p\u00e5 en fridag?<\/strong><\/h5>\n<p>N\u00e5r jeg har fri liker jeg \u00e5 v\u00e6re med familien rundt en brunsj og vandre i v\u00e5rt omr\u00e5de som har et variert landskap, eller treffe venner og ta et glass p\u00e5 en solfylt terrasse ved middelhavet.[\/vc_column_text][\/vc_column][\/vc_row]<\/p>\n<\/div>","protected":false},"excerpt":{"rendered":"<p>[vc_row full_width=&#8221;stretch_row_content_no_spaces&#8221; content_placement=&#8221;bottom&#8221; css=&#8221;.vc_custom_1580720336371{background-image: url(https:\/\/www.wretmanestate.com\/wp-content\/uploads\/2019\/11\/new-banner.jpg?id=3444) !important;background-position: center !important;background-repeat: no-repeat !important;background-size: cover !important;}&#8221; el_class=&#8221;bloc-title header_team medium&#8221;][vc_column][vc_single_image image=&#8221;383683&#8243; img_size=&#8221;full&#8221; alignment=&#8221;center&#8221; style=&#8221;vc_box_rounded&#8221;][\/vc_column][\/vc_row][vc_row bg_type=&#8221;bg_color&#8221; bg_override=&#8221;ex-full&#8221; el_class=&#8221;team_desc&#8221; bg_color_value=&#8221;#f2f2f6&#8243; el_id=&#8221;red_links&#8221;][vc_column width=&#8221;1\/2&#8243;][vc_column_text] Hvorfor valgte du meglerbransjen ? Jeg valgte \u00e5 jobbe innenfor meglerbransjen fordi det er noe jeg alltid har v\u00e6rt interessert i og det er en bransje med mange muligheter. Hvorfor [&hellip;]<\/p>\n","protected":false},"author":23,"featured_media":0,"parent":65074,"menu_order":0,"comment_status":"closed","ping_status":"closed","template":"page_full-width.php","meta":{"_acf_changed":false,"content-type":"","_monsterinsights_skip_tracking":false,"_monsterinsights_sitenote_active":false,"_monsterinsights_sitenote_note":"","_monsterinsights_sitenote_category":0,"footnotes":""},"class_list":["post-64153","page","type-page","status-publish","hentry"],"acf":[],"yoast_head":"<!-- This site is optimized with the Yoast SEO plugin v27.5 - https:\/\/yoast.com\/product\/yoast-seo-wordpress\/ -->\n<title>Meglere i Fayence og Callian - Amandine GUEYRAUD - Wretman Estate<\/title>\n<meta name=\"description\" content=\"Amandine Gueyraud er assistent p\u00e5 Wretman Estate Callian-kontoret. Vi er det st\u00f8rste skandinaviske eiendomsmeglerfirmaet p\u00e5 den franske rivieraen. Kontakt oss i dag!\" \/>\n<meta name=\"robots\" content=\"index, follow, max-snippet:-1, max-image-preview:large, max-video-preview:-1\" \/>\n<link rel=\"canonical\" href=\"https:\/\/www.wretmanestate.com\/no\/om-oss-eiendomsmeglere-franske-rivieraen\/team\/amandine-gueyraud\/\" \/>\n<meta property=\"og:locale\" content=\"nb_NO\" \/>\n<meta property=\"og:type\" content=\"article\" \/>\n<meta property=\"og:title\" content=\"Meglere i Fayence og Callian - Amandine GUEYRAUD - Wretman Estate\" \/>\n<meta property=\"og:description\" content=\"Amandine Gueyraud er assistent p\u00e5 Wretman Estate Callian-kontoret. Vi er det st\u00f8rste skandinaviske eiendomsmeglerfirmaet p\u00e5 den franske rivieraen. Kontakt oss i dag!\" \/>\n<meta property=\"og:url\" content=\"https:\/\/www.wretmanestate.com\/no\/om-oss-eiendomsmeglere-franske-rivieraen\/team\/amandine-gueyraud\/\" \/>\n<meta property=\"og:site_name\" content=\"Wretman Estate\" \/>\n<meta property=\"article:modified_time\" content=\"2023-02-02T13:33:48+00:00\" \/>\n<meta name=\"twitter:card\" content=\"summary_large_image\" \/>\n<meta name=\"twitter:label1\" content=\"Ansl. lesetid\" \/>\n\t<meta name=\"twitter:data1\" content=\"2 minutter\" \/>\n<script type=\"application\/ld+json\" class=\"yoast-schema-graph\">{\"@context\":\"https:\\\/\\\/schema.org\",\"@graph\":[{\"@type\":\"WebPage\",\"@id\":\"https:\\\/\\\/www.wretmanestate.com\\\/no\\\/om-oss-eiendomsmeglere-franske-rivieraen\\\/team\\\/amandine-gueyraud\\\/\",\"url\":\"https:\\\/\\\/www.wretmanestate.com\\\/no\\\/om-oss-eiendomsmeglere-franske-rivieraen\\\/team\\\/amandine-gueyraud\\\/\",\"name\":\"Meglere i Fayence og Callian - Amandine GUEYRAUD - Wretman Estate\",\"isPartOf\":{\"@id\":\"https:\\\/\\\/www.wretmanestate.com\\\/no\\\/#website\"},\"datePublished\":\"2019-12-20T13:23:36+00:00\",\"dateModified\":\"2023-02-02T13:33:48+00:00\",\"description\":\"Amandine Gueyraud er assistent p\u00e5 Wretman Estate Callian-kontoret. Vi er det st\u00f8rste skandinaviske eiendomsmeglerfirmaet p\u00e5 den franske rivieraen. Kontakt oss i dag!\",\"breadcrumb\":{\"@id\":\"https:\\\/\\\/www.wretmanestate.com\\\/no\\\/om-oss-eiendomsmeglere-franske-rivieraen\\\/team\\\/amandine-gueyraud\\\/#breadcrumb\"},\"inLanguage\":\"nb-NO\",\"potentialAction\":[{\"@type\":\"ReadAction\",\"target\":[\"https:\\\/\\\/www.wretmanestate.com\\\/no\\\/om-oss-eiendomsmeglere-franske-rivieraen\\\/team\\\/amandine-gueyraud\\\/\"]}]},{\"@type\":\"BreadcrumbList\",\"@id\":\"https:\\\/\\\/www.wretmanestate.com\\\/no\\\/om-oss-eiendomsmeglere-franske-rivieraen\\\/team\\\/amandine-gueyraud\\\/#breadcrumb\",\"itemListElement\":[{\"@type\":\"ListItem\",\"position\":1,\"name\":\"Accueil\",\"item\":\"https:\\\/\\\/www.wretmanestate.com\\\/no\\\/\"},{\"@type\":\"ListItem\",\"position\":2,\"name\":\"Om oss\",\"item\":\"https:\\\/\\\/www.wretmanestate.com\\\/no\\\/om-oss-eiendomsmeglere-franske-rivieraen\\\/\"},{\"@type\":\"ListItem\",\"position\":3,\"name\":\"Team\",\"item\":\"https:\\\/\\\/www.wretmanestate.com\\\/no\\\/om-oss-eiendomsmeglere-franske-rivieraen\\\/team\\\/\"},{\"@type\":\"ListItem\",\"position\":4,\"name\":\"Amandine GUEYRAUD\"}]},{\"@type\":\"WebSite\",\"@id\":\"https:\\\/\\\/www.wretmanestate.com\\\/no\\\/#website\",\"url\":\"https:\\\/\\\/www.wretmanestate.com\\\/no\\\/\",\"name\":\"Wretman Estate\",\"description\":\"Immobilier sur la C\u00f4te d&#039;Azur et la Provence\",\"publisher\":{\"@id\":\"https:\\\/\\\/www.wretmanestate.com\\\/no\\\/#organization\"},\"potentialAction\":[{\"@type\":\"SearchAction\",\"target\":{\"@type\":\"EntryPoint\",\"urlTemplate\":\"https:\\\/\\\/www.wretmanestate.com\\\/no\\\/?s={search_term_string}\"},\"query-input\":{\"@type\":\"PropertyValueSpecification\",\"valueRequired\":true,\"valueName\":\"search_term_string\"}}],\"inLanguage\":\"nb-NO\"},{\"@type\":\"Organization\",\"@id\":\"https:\\\/\\\/www.wretmanestate.com\\\/no\\\/#organization\",\"name\":\"WRETMAN ESTATE\",\"url\":\"https:\\\/\\\/www.wretmanestate.com\\\/no\\\/\",\"logo\":{\"@type\":\"ImageObject\",\"inLanguage\":\"nb-NO\",\"@id\":\"https:\\\/\\\/www.wretmanestate.com\\\/no\\\/#\\\/schema\\\/logo\\\/image\\\/\",\"url\":\"\",\"contentUrl\":\"\",\"caption\":\"WRETMAN ESTATE\"},\"image\":{\"@id\":\"https:\\\/\\\/www.wretmanestate.com\\\/no\\\/#\\\/schema\\\/logo\\\/image\\\/\"}}]}<\/script>\n<!-- \/ Yoast SEO plugin. -->","yoast_head_json":{"title":"Meglere i Fayence og Callian - Amandine GUEYRAUD - Wretman Estate","description":"Amandine Gueyraud er assistent p\u00e5 Wretman Estate Callian-kontoret. Vi er det st\u00f8rste skandinaviske eiendomsmeglerfirmaet p\u00e5 den franske rivieraen. Kontakt oss i dag!","robots":{"index":"index","follow":"follow","max-snippet":"max-snippet:-1","max-image-preview":"max-image-preview:large","max-video-preview":"max-video-preview:-1"},"canonical":"https:\/\/www.wretmanestate.com\/no\/om-oss-eiendomsmeglere-franske-rivieraen\/team\/amandine-gueyraud\/","og_locale":"nb_NO","og_type":"article","og_title":"Meglere i Fayence og Callian - Amandine GUEYRAUD - Wretman Estate","og_description":"Amandine Gueyraud er assistent p\u00e5 Wretman Estate Callian-kontoret. Vi er det st\u00f8rste skandinaviske eiendomsmeglerfirmaet p\u00e5 den franske rivieraen. Kontakt oss i dag!","og_url":"https:\/\/www.wretmanestate.com\/no\/om-oss-eiendomsmeglere-franske-rivieraen\/team\/amandine-gueyraud\/","og_site_name":"Wretman Estate","article_modified_time":"2023-02-02T13:33:48+00:00","twitter_card":"summary_large_image","twitter_misc":{"Ansl. lesetid":"2 minutter"},"schema":{"@context":"https:\/\/schema.org","@graph":[{"@type":"WebPage","@id":"https:\/\/www.wretmanestate.com\/no\/om-oss-eiendomsmeglere-franske-rivieraen\/team\/amandine-gueyraud\/","url":"https:\/\/www.wretmanestate.com\/no\/om-oss-eiendomsmeglere-franske-rivieraen\/team\/amandine-gueyraud\/","name":"Meglere i Fayence og Callian - Amandine GUEYRAUD - Wretman Estate","isPartOf":{"@id":"https:\/\/www.wretmanestate.com\/no\/#website"},"datePublished":"2019-12-20T13:23:36+00:00","dateModified":"2023-02-02T13:33:48+00:00","description":"Amandine Gueyraud er assistent p\u00e5 Wretman Estate Callian-kontoret. Vi er det st\u00f8rste skandinaviske eiendomsmeglerfirmaet p\u00e5 den franske rivieraen. Kontakt oss i dag!","breadcrumb":{"@id":"https:\/\/www.wretmanestate.com\/no\/om-oss-eiendomsmeglere-franske-rivieraen\/team\/amandine-gueyraud\/#breadcrumb"},"inLanguage":"nb-NO","potentialAction":[{"@type":"ReadAction","target":["https:\/\/www.wretmanestate.com\/no\/om-oss-eiendomsmeglere-franske-rivieraen\/team\/amandine-gueyraud\/"]}]},{"@type":"BreadcrumbList","@id":"https:\/\/www.wretmanestate.com\/no\/om-oss-eiendomsmeglere-franske-rivieraen\/team\/amandine-gueyraud\/#breadcrumb","itemListElement":[{"@type":"ListItem","position":1,"name":"Accueil","item":"https:\/\/www.wretmanestate.com\/no\/"},{"@type":"ListItem","position":2,"name":"Om oss","item":"https:\/\/www.wretmanestate.com\/no\/om-oss-eiendomsmeglere-franske-rivieraen\/"},{"@type":"ListItem","position":3,"name":"Team","item":"https:\/\/www.wretmanestate.com\/no\/om-oss-eiendomsmeglere-franske-rivieraen\/team\/"},{"@type":"ListItem","position":4,"name":"Amandine GUEYRAUD"}]},{"@type":"WebSite","@id":"https:\/\/www.wretmanestate.com\/no\/#website","url":"https:\/\/www.wretmanestate.com\/no\/","name":"Wretman Estate","description":"Immobilier sur la C\u00f4te d&#039;Azur et la Provence","publisher":{"@id":"https:\/\/www.wretmanestate.com\/no\/#organization"},"potentialAction":[{"@type":"SearchAction","target":{"@type":"EntryPoint","urlTemplate":"https:\/\/www.wretmanestate.com\/no\/?s={search_term_string}"},"query-input":{"@type":"PropertyValueSpecification","valueRequired":true,"valueName":"search_term_string"}}],"inLanguage":"nb-NO"},{"@type":"Organization","@id":"https:\/\/www.wretmanestate.com\/no\/#organization","name":"WRETMAN ESTATE","url":"https:\/\/www.wretmanestate.com\/no\/","logo":{"@type":"ImageObject","inLanguage":"nb-NO","@id":"https:\/\/www.wretmanestate.com\/no\/#\/schema\/logo\/image\/","url":"","contentUrl":"","caption":"WRETMAN ESTATE"},"image":{"@id":"https:\/\/www.wretmanestate.com\/no\/#\/schema\/logo\/image\/"}}]}},"_links":{"self":[{"href":"https:\/\/www.wretmanestate.com\/no\/wp-json\/wp\/v2\/pages\/64153","targetHints":{"allow":["GET"]}}],"collection":[{"href":"https:\/\/www.wretmanestate.com\/no\/wp-json\/wp\/v2\/pages"}],"about":[{"href":"https:\/\/www.wretmanestate.com\/no\/wp-json\/wp\/v2\/types\/page"}],"author":[{"embeddable":true,"href":"https:\/\/www.wretmanestate.com\/no\/wp-json\/wp\/v2\/users\/23"}],"replies":[{"embeddable":true,"href":"https:\/\/www.wretmanestate.com\/no\/wp-json\/wp\/v2\/comments?post=64153"}],"version-history":[{"count":8,"href":"https:\/\/www.wretmanestate.com\/no\/wp-json\/wp\/v2\/pages\/64153\/revisions"}],"predecessor-version":[{"id":383704,"href":"https:\/\/www.wretmanestate.com\/no\/wp-json\/wp\/v2\/pages\/64153\/revisions\/383704"}],"up":[{"embeddable":true,"href":"https:\/\/www.wretmanestate.com\/no\/wp-json\/wp\/v2\/pages\/65074"}],"wp:attachment":[{"href":"https:\/\/www.wretmanestate.com\/no\/wp-json\/wp\/v2\/media?parent=64153"}],"curies":[{"name":"wp","href":"https:\/\/api.w.org\/{rel}","templated":true}]}}