{"id":64247,"date":"2019-12-20T10:47:13","date_gmt":"2019-12-20T09:47:13","guid":{"rendered":"https:\/\/www.wretmanestate.com\/tiffany-gueyraud\/"},"modified":"2022-02-15T10:59:14","modified_gmt":"2022-02-15T09:59:14","slug":"tiffany-gueyraud","status":"publish","type":"page","link":"https:\/\/www.wretmanestate.com\/no\/om-oss-eiendomsmeglere-franske-rivieraen\/team\/tiffany-gueyraud\/","title":{"rendered":"Tiffany GUEYRAUD"},"content":{"rendered":"<div class=\"wpb-content-wrapper\"><p>[vc_row full_width=&#8221;stretch_row_content_no_spaces&#8221; content_placement=&#8221;bottom&#8221; css=&#8221;.vc_custom_1580722970157{background-image: url(https:\/\/www.wretmanestate.com\/wp-content\/uploads\/2019\/11\/new-banner.jpg?id=3444) !important;background-position: center !important;background-repeat: no-repeat !important;background-size: cover !important;}&#8221; el_class=&#8221;bloc-title header_team medium&#8221;][vc_column]<div class=\" \">\r\n\t\r\n        <div class=\"mh-heading-wrapper\">\r\n            <h1            class=\"mh-heading mh-color-white mh-heading--bottom-separator   \"\r\n            style=\"font-weight:700;\">\r\n\t\t\tTiffany GUEYRAUD        <\/h1>\r\n\r\n\t\t            <div class=\"mh-subheading mh-color-white\"\r\n                 style=\"\">\r\n\t\t\t\tAdministrativ assistent p\u00e5 Cannes-kontoret            <\/div>\r\n\t\t    <\/div>\r\n\r\n\t<\/div>[vc_single_image image=&#8221;272617&#8243; img_size=&#8221;full&#8221; alignment=&#8221;center&#8221; style=&#8221;vc_box_rounded&#8221;][\/vc_column][\/vc_row][vc_row bg_type=&#8221;bg_color&#8221; bg_override=&#8221;ex-full&#8221; el_class=&#8221;team_desc&#8221; bg_color_value=&#8221;#f2f2f6&#8243;][vc_column width=&#8221;1\/2&#8243;][vc_column_text]<\/p>\n<h5><strong>How did you start at Wretman Estate ?<\/strong><\/h5>\n<p>When I studied my BTS in Real Estate, I was looking for a company where I could work half time as an intern. At that moment, both of my sisters were working as an assistant and Filip was looking for an assistant for the agency in Menton. They put me in contact with him and he hired me as an assistant.<\/p>\n<h5><strong>Have you learned some words in Swedish ?<\/strong><\/h5>\n<p>Yes, I learned some words in swedish thanks to my colleagues : Hej, adj\u00f6, tack sa mycket, varsagod, hur mar du, bra\u2026<\/p>\n<h5><strong>What do you think is the best asset \/ personality trait \/ to be a good real estate agent?<\/strong><\/h5>\n<p>For me, a broker has to have various assets to be a good broker. He has to be honnest, professional, friendly and most of all competent.[\/vc_column_text][\/vc_column][vc_column width=&#8221;1\/2&#8243;][vc_column_text]<\/p>\n<h5><strong>What is your favorite ride \/ outing in the region?<\/strong><\/h5>\n<p>For a ride for some fresh air, I would rather go to the Var for its forests and the countryside. For going out in town I prefer Cannes or Nice.<\/p>\n<h5><strong>How does an ideal Sunday look like to you?<\/strong><\/h5>\n<p>For me, an ideal sunday begins with a sleep in, then a lunch with the family and a ride or an activity with my family to end the day.<\/p>\n<h5><strong>What do you like to do on your free time ?<\/strong><\/h5>\n<p>On the days I&#8217;m not working, I like to do all the things I didn&#8217;t have time with during the week or that I always put off until the next day. Basically, I have to be productive ![\/vc_column_text][\/vc_column][\/vc_row][vc_row][vc_column]    <div class=\"mh-grid\">\r\n\t\t    <\/div>\r\n\r\n[\/vc_column][\/vc_row]<\/p>\n<\/div>","protected":false},"excerpt":{"rendered":"<p>[vc_row full_width=&#8221;stretch_row_content_no_spaces&#8221; content_placement=&#8221;bottom&#8221; css=&#8221;.vc_custom_1580722970157{background-image: url(https:\/\/www.wretmanestate.com\/wp-content\/uploads\/2019\/11\/new-banner.jpg?id=3444) !important;background-position: center !important;background-repeat: no-repeat !important;background-size: cover !important;}&#8221; el_class=&#8221;bloc-title header_team medium&#8221;][vc_column][vc_single_image image=&#8221;272617&#8243; img_size=&#8221;full&#8221; alignment=&#8221;center&#8221; style=&#8221;vc_box_rounded&#8221;][\/vc_column][\/vc_row][vc_row bg_type=&#8221;bg_color&#8221; bg_override=&#8221;ex-full&#8221; el_class=&#8221;team_desc&#8221; bg_color_value=&#8221;#f2f2f6&#8243;][vc_column width=&#8221;1\/2&#8243;][vc_column_text] How did you start at Wretman Estate ? When I studied my BTS in Real Estate, I was looking for a company where I could work half time as an intern. [&hellip;]<\/p>\n","protected":false},"author":23,"featured_media":0,"parent":65074,"menu_order":0,"comment_status":"closed","ping_status":"closed","template":"page_full-width.php","meta":{"_acf_changed":false,"content-type":"","_monsterinsights_skip_tracking":false,"_monsterinsights_sitenote_active":false,"_monsterinsights_sitenote_note":"","_monsterinsights_sitenote_category":0,"footnotes":""},"class_list":["post-64247","page","type-page","status-publish","hentry"],"acf":[],"yoast_head":"<!-- This site is optimized with the Yoast SEO plugin v27.5 - https:\/\/yoast.com\/product\/yoast-seo-wordpress\/ -->\n<title>Eiendomsmeglerfirma Cannes - Tiffany GUEYRAUD - Wretman Estate<\/title>\n<meta name=\"description\" content=\"Wretman Estate eiendomsmegling i Cannes kan hjelpe deg med \u00e5 kj\u00f8pe eller selge leiligheten eller huset ditt p\u00e5 den franske rivieraen.\" \/>\n<meta name=\"robots\" content=\"index, follow, max-snippet:-1, max-image-preview:large, max-video-preview:-1\" \/>\n<link rel=\"canonical\" href=\"https:\/\/www.wretmanestate.com\/no\/om-oss-eiendomsmeglere-franske-rivieraen\/team\/tiffany-gueyraud\/\" \/>\n<meta property=\"og:locale\" content=\"nb_NO\" \/>\n<meta property=\"og:type\" content=\"article\" \/>\n<meta property=\"og:title\" content=\"Eiendomsmeglerfirma Cannes - Tiffany GUEYRAUD - Wretman Estate\" \/>\n<meta property=\"og:description\" content=\"Wretman Estate eiendomsmegling i Cannes kan hjelpe deg med \u00e5 kj\u00f8pe eller selge leiligheten eller huset ditt p\u00e5 den franske rivieraen.\" \/>\n<meta property=\"og:url\" content=\"https:\/\/www.wretmanestate.com\/no\/om-oss-eiendomsmeglere-franske-rivieraen\/team\/tiffany-gueyraud\/\" \/>\n<meta property=\"og:site_name\" content=\"Wretman Estate\" \/>\n<meta property=\"article:modified_time\" content=\"2022-02-15T09:59:14+00:00\" \/>\n<meta name=\"twitter:card\" content=\"summary_large_image\" \/>\n<meta name=\"twitter:label1\" content=\"Ansl. lesetid\" \/>\n\t<meta name=\"twitter:data1\" content=\"2 minutter\" \/>\n<script type=\"application\/ld+json\" class=\"yoast-schema-graph\">{\"@context\":\"https:\\\/\\\/schema.org\",\"@graph\":[{\"@type\":\"WebPage\",\"@id\":\"https:\\\/\\\/www.wretmanestate.com\\\/no\\\/om-oss-eiendomsmeglere-franske-rivieraen\\\/team\\\/tiffany-gueyraud\\\/\",\"url\":\"https:\\\/\\\/www.wretmanestate.com\\\/no\\\/om-oss-eiendomsmeglere-franske-rivieraen\\\/team\\\/tiffany-gueyraud\\\/\",\"name\":\"Eiendomsmeglerfirma Cannes - Tiffany GUEYRAUD - Wretman Estate\",\"isPartOf\":{\"@id\":\"https:\\\/\\\/www.wretmanestate.com\\\/no\\\/#website\"},\"datePublished\":\"2019-12-20T09:47:13+00:00\",\"dateModified\":\"2022-02-15T09:59:14+00:00\",\"description\":\"Wretman Estate eiendomsmegling i Cannes kan hjelpe deg med \u00e5 kj\u00f8pe eller selge leiligheten eller huset ditt p\u00e5 den franske rivieraen.\",\"breadcrumb\":{\"@id\":\"https:\\\/\\\/www.wretmanestate.com\\\/no\\\/om-oss-eiendomsmeglere-franske-rivieraen\\\/team\\\/tiffany-gueyraud\\\/#breadcrumb\"},\"inLanguage\":\"nb-NO\",\"potentialAction\":[{\"@type\":\"ReadAction\",\"target\":[\"https:\\\/\\\/www.wretmanestate.com\\\/no\\\/om-oss-eiendomsmeglere-franske-rivieraen\\\/team\\\/tiffany-gueyraud\\\/\"]}]},{\"@type\":\"BreadcrumbList\",\"@id\":\"https:\\\/\\\/www.wretmanestate.com\\\/no\\\/om-oss-eiendomsmeglere-franske-rivieraen\\\/team\\\/tiffany-gueyraud\\\/#breadcrumb\",\"itemListElement\":[{\"@type\":\"ListItem\",\"position\":1,\"name\":\"Accueil\",\"item\":\"https:\\\/\\\/www.wretmanestate.com\\\/no\\\/\"},{\"@type\":\"ListItem\",\"position\":2,\"name\":\"Om oss\",\"item\":\"https:\\\/\\\/www.wretmanestate.com\\\/no\\\/om-oss-eiendomsmeglere-franske-rivieraen\\\/\"},{\"@type\":\"ListItem\",\"position\":3,\"name\":\"Team\",\"item\":\"https:\\\/\\\/www.wretmanestate.com\\\/no\\\/om-oss-eiendomsmeglere-franske-rivieraen\\\/team\\\/\"},{\"@type\":\"ListItem\",\"position\":4,\"name\":\"Tiffany GUEYRAUD\"}]},{\"@type\":\"WebSite\",\"@id\":\"https:\\\/\\\/www.wretmanestate.com\\\/no\\\/#website\",\"url\":\"https:\\\/\\\/www.wretmanestate.com\\\/no\\\/\",\"name\":\"Wretman Estate\",\"description\":\"Immobilier sur la C\u00f4te d&#039;Azur et la Provence\",\"publisher\":{\"@id\":\"https:\\\/\\\/www.wretmanestate.com\\\/no\\\/#organization\"},\"potentialAction\":[{\"@type\":\"SearchAction\",\"target\":{\"@type\":\"EntryPoint\",\"urlTemplate\":\"https:\\\/\\\/www.wretmanestate.com\\\/no\\\/?s={search_term_string}\"},\"query-input\":{\"@type\":\"PropertyValueSpecification\",\"valueRequired\":true,\"valueName\":\"search_term_string\"}}],\"inLanguage\":\"nb-NO\"},{\"@type\":\"Organization\",\"@id\":\"https:\\\/\\\/www.wretmanestate.com\\\/no\\\/#organization\",\"name\":\"WRETMAN ESTATE\",\"url\":\"https:\\\/\\\/www.wretmanestate.com\\\/no\\\/\",\"logo\":{\"@type\":\"ImageObject\",\"inLanguage\":\"nb-NO\",\"@id\":\"https:\\\/\\\/www.wretmanestate.com\\\/no\\\/#\\\/schema\\\/logo\\\/image\\\/\",\"url\":\"\",\"contentUrl\":\"\",\"caption\":\"WRETMAN ESTATE\"},\"image\":{\"@id\":\"https:\\\/\\\/www.wretmanestate.com\\\/no\\\/#\\\/schema\\\/logo\\\/image\\\/\"}}]}<\/script>\n<!-- \/ Yoast SEO plugin. -->","yoast_head_json":{"title":"Eiendomsmeglerfirma Cannes - Tiffany GUEYRAUD - Wretman Estate","description":"Wretman Estate eiendomsmegling i Cannes kan hjelpe deg med \u00e5 kj\u00f8pe eller selge leiligheten eller huset ditt p\u00e5 den franske rivieraen.","robots":{"index":"index","follow":"follow","max-snippet":"max-snippet:-1","max-image-preview":"max-image-preview:large","max-video-preview":"max-video-preview:-1"},"canonical":"https:\/\/www.wretmanestate.com\/no\/om-oss-eiendomsmeglere-franske-rivieraen\/team\/tiffany-gueyraud\/","og_locale":"nb_NO","og_type":"article","og_title":"Eiendomsmeglerfirma Cannes - Tiffany GUEYRAUD - Wretman Estate","og_description":"Wretman Estate eiendomsmegling i Cannes kan hjelpe deg med \u00e5 kj\u00f8pe eller selge leiligheten eller huset ditt p\u00e5 den franske rivieraen.","og_url":"https:\/\/www.wretmanestate.com\/no\/om-oss-eiendomsmeglere-franske-rivieraen\/team\/tiffany-gueyraud\/","og_site_name":"Wretman Estate","article_modified_time":"2022-02-15T09:59:14+00:00","twitter_card":"summary_large_image","twitter_misc":{"Ansl. lesetid":"2 minutter"},"schema":{"@context":"https:\/\/schema.org","@graph":[{"@type":"WebPage","@id":"https:\/\/www.wretmanestate.com\/no\/om-oss-eiendomsmeglere-franske-rivieraen\/team\/tiffany-gueyraud\/","url":"https:\/\/www.wretmanestate.com\/no\/om-oss-eiendomsmeglere-franske-rivieraen\/team\/tiffany-gueyraud\/","name":"Eiendomsmeglerfirma Cannes - Tiffany GUEYRAUD - Wretman Estate","isPartOf":{"@id":"https:\/\/www.wretmanestate.com\/no\/#website"},"datePublished":"2019-12-20T09:47:13+00:00","dateModified":"2022-02-15T09:59:14+00:00","description":"Wretman Estate eiendomsmegling i Cannes kan hjelpe deg med \u00e5 kj\u00f8pe eller selge leiligheten eller huset ditt p\u00e5 den franske rivieraen.","breadcrumb":{"@id":"https:\/\/www.wretmanestate.com\/no\/om-oss-eiendomsmeglere-franske-rivieraen\/team\/tiffany-gueyraud\/#breadcrumb"},"inLanguage":"nb-NO","potentialAction":[{"@type":"ReadAction","target":["https:\/\/www.wretmanestate.com\/no\/om-oss-eiendomsmeglere-franske-rivieraen\/team\/tiffany-gueyraud\/"]}]},{"@type":"BreadcrumbList","@id":"https:\/\/www.wretmanestate.com\/no\/om-oss-eiendomsmeglere-franske-rivieraen\/team\/tiffany-gueyraud\/#breadcrumb","itemListElement":[{"@type":"ListItem","position":1,"name":"Accueil","item":"https:\/\/www.wretmanestate.com\/no\/"},{"@type":"ListItem","position":2,"name":"Om oss","item":"https:\/\/www.wretmanestate.com\/no\/om-oss-eiendomsmeglere-franske-rivieraen\/"},{"@type":"ListItem","position":3,"name":"Team","item":"https:\/\/www.wretmanestate.com\/no\/om-oss-eiendomsmeglere-franske-rivieraen\/team\/"},{"@type":"ListItem","position":4,"name":"Tiffany GUEYRAUD"}]},{"@type":"WebSite","@id":"https:\/\/www.wretmanestate.com\/no\/#website","url":"https:\/\/www.wretmanestate.com\/no\/","name":"Wretman Estate","description":"Immobilier sur la C\u00f4te d&#039;Azur et la Provence","publisher":{"@id":"https:\/\/www.wretmanestate.com\/no\/#organization"},"potentialAction":[{"@type":"SearchAction","target":{"@type":"EntryPoint","urlTemplate":"https:\/\/www.wretmanestate.com\/no\/?s={search_term_string}"},"query-input":{"@type":"PropertyValueSpecification","valueRequired":true,"valueName":"search_term_string"}}],"inLanguage":"nb-NO"},{"@type":"Organization","@id":"https:\/\/www.wretmanestate.com\/no\/#organization","name":"WRETMAN ESTATE","url":"https:\/\/www.wretmanestate.com\/no\/","logo":{"@type":"ImageObject","inLanguage":"nb-NO","@id":"https:\/\/www.wretmanestate.com\/no\/#\/schema\/logo\/image\/","url":"","contentUrl":"","caption":"WRETMAN ESTATE"},"image":{"@id":"https:\/\/www.wretmanestate.com\/no\/#\/schema\/logo\/image\/"}}]}},"_links":{"self":[{"href":"https:\/\/www.wretmanestate.com\/no\/wp-json\/wp\/v2\/pages\/64247","targetHints":{"allow":["GET"]}}],"collection":[{"href":"https:\/\/www.wretmanestate.com\/no\/wp-json\/wp\/v2\/pages"}],"about":[{"href":"https:\/\/www.wretmanestate.com\/no\/wp-json\/wp\/v2\/types\/page"}],"author":[{"embeddable":true,"href":"https:\/\/www.wretmanestate.com\/no\/wp-json\/wp\/v2\/users\/23"}],"replies":[{"embeddable":true,"href":"https:\/\/www.wretmanestate.com\/no\/wp-json\/wp\/v2\/comments?post=64247"}],"version-history":[{"count":4,"href":"https:\/\/www.wretmanestate.com\/no\/wp-json\/wp\/v2\/pages\/64247\/revisions"}],"predecessor-version":[{"id":272791,"href":"https:\/\/www.wretmanestate.com\/no\/wp-json\/wp\/v2\/pages\/64247\/revisions\/272791"}],"up":[{"embeddable":true,"href":"https:\/\/www.wretmanestate.com\/no\/wp-json\/wp\/v2\/pages\/65074"}],"wp:attachment":[{"href":"https:\/\/www.wretmanestate.com\/no\/wp-json\/wp\/v2\/media?parent=64247"}],"curies":[{"name":"wp","href":"https:\/\/api.w.org\/{rel}","templated":true}]}}