{"id":64263,"date":"2019-11-28T15:17:13","date_gmt":"2019-11-28T14:17:13","guid":{"rendered":"https:\/\/www.wretmanestate.com\/kopa\/franska-rivieran\/latt-att-ta-sig-hit\/"},"modified":"2022-01-28T15:23:18","modified_gmt":"2022-01-28T14:23:18","slug":"bare-noen-timer-unna","status":"publish","type":"page","link":"https:\/\/www.wretmanestate.com\/no\/kjope-franske-rivieraen\/franske-rivieraen\/bare-noen-timer-unna\/","title":{"rendered":"Bare noen timer unna"},"content":{"rendered":"<div class=\"wpb-content-wrapper\"><p>[vc_row full_width=&#8221;stretch_row_content_no_spaces&#8221; content_placement=&#8221;bottom&#8221; css=&#8221;.vc_custom_1580383175775{background-image: url(https:\/\/www.wretmanestate.com\/wp-content\/uploads\/2019\/11\/new-banner.jpg?id=3444) !important;background-position: center !important;background-repeat: no-repeat !important;background-size: cover !important;}&#8221; el_class=&#8221;bloc-title small&#8221;][vc_column]<div class=\" \">\r\n\t\r\n        <div class=\"mh-heading-wrapper\">\r\n            <h1            class=\"mh-heading mh-color-white mh-heading--bottom-separator   \"\r\n            style=\"font-weight:700;\">\r\n\t\t\tBARE NOEN TIMER UNNA        <\/h1>\r\n\r\n\t\t            <div class=\"mh-subheading mh-color-white\"\r\n                 style=\"\">\r\n\t\t\t\tNice flyplass ligger strategisk i Europa og tilbyr direktefly til 117 destinasjoner over hele verden.            <\/div>\r\n\t\t    <\/div>\r\n\r\n\t<\/div>[vc_column_text el_class=&#8221;sous-titre-page&#8221;][\/vc_column_text][\/vc_column][\/vc_row][vc_row][vc_column][vc_row_inner equal_height=&#8221;yes&#8221; content_placement=&#8221;top&#8221;][vc_column_inner width=&#8221;1\/4&#8243;][vc_single_image image=&#8221;13460&#8243; img_size=&#8221;120&#215;120&#8243; alignment=&#8221;center&#8221;][vc_column_text]<\/p>\n<p style=\"text-align: center;\"><strong>Den nest st\u00f8rste flyplassen i Frankrike<\/strong><\/p>\n<p>[\/vc_column_text][\/vc_column_inner][vc_column_inner width=&#8221;1\/4&#8243;][vc_single_image image=&#8221;13436&#8243; img_size=&#8221;120&#215;120&#8243; alignment=&#8221;center&#8221;][vc_column_text]<\/p>\n<p style=\"text-align: center;\"><strong>14 millioner passasjerer per \u00e5r<\/strong><\/p>\n<p>[\/vc_column_text][\/vc_column_inner][vc_column_inner width=&#8221;1\/4&#8243;][vc_single_image image=&#8221;13444&#8243; img_size=&#8221;120&#215;120&#8243; alignment=&#8221;center&#8221;][vc_column_text]<\/p>\n<p style=\"text-align: center;\"><strong>61% av Frankrikes internasjonale flytrafikk<\/strong><\/p>\n<p>[\/vc_column_text][\/vc_column_inner][vc_column_inner width=&#8221;1\/4&#8243;][vc_single_image image=&#8221;13452&#8243; img_size=&#8221;120&#215;120&#8243; alignment=&#8221;center&#8221;][vc_column_text]<\/p>\n<p style=\"text-align: center;\"><strong>117 flyvninger til 40 land<\/strong><\/p>\n<p>[\/vc_column_text][\/vc_column_inner][\/vc_row_inner][vc_column_text el_class=&#8221;txt_center&#8221;]<\/p>\n<p style=\"text-align: center;\">Det er veldig enkelt \u00e5 komme seg til den Franske Rivieraen. Det g\u00e5r internasjonale fly til Nice flere ganger om dagen og det g\u00e5r tog langs hele kysten. B\u00e5t og helikopter er ogs\u00e5 en mulighet om man \u00f8nsker det. Trikken mellom Nice flyplass og havnen i Nice tar bare 35 minutter.<\/p>\n<p style=\"text-align: center;\">En feriebolig p\u00e5 rivieraen er lett \u00e5 benytte. Herfra kan du med enkelhet utforske andre interessante steder i Europa.<\/p>\n<p style=\"text-align: center;\">Ta en titt p\u00e5 alle interessante lenker nedenfor.<\/p>\n<p>[\/vc_column_text][\/vc_column][\/vc_row][vc_row][vc_column][vc_separator color=&#8221;custom&#8221; border_width=&#8221;2&#8243; el_width=&#8221;90&#8243; accent_color=&#8221;#7a1523&#8243; css=&#8221;.vc_custom_1589808805120{padding-bottom: 20px !important;}&#8221;][\/vc_column][\/vc_row][vc_row css=&#8221;.vc_custom_1580467536385{margin-top: 30px !important;}&#8221; el_class=&#8221;red_links&#8221;][vc_column]<div class=\" \">\r\n\t\r\n        <div class=\"mh-heading-wrapper\">\r\n            <h2            class=\"mh-heading  mh-heading--bottom-separator   \"\r\n            style=\"font-weight:700;\">\r\n\t\t\tTURISTINFORMASJON        <\/h2>\r\n\r\n\t\t    <\/div>\r\n\r\n\t<\/div>[\/vc_column][vc_column width=&#8221;1\/2&#8243;][vc_column_text]<\/p>\n<h4>Franske Rivieraen<\/h4>\n<p>Om du leter etter informasjon om begivenheter, utflukter, aktiviteter inne eller ute p\u00e5 den <a href=\"\/no\/kjope\/franske-rivieraen\/\">Franske Rivieraen<\/a>, anbefaler vi at du tar en titt p\u00e5 <a href=\"http:\/\/www.cotedazur-tourisme.com\">Cote d&#8217;Azur Tourisme<\/a>. Denne siden er full av inspirasjon for alle som forelsker seg i det sydlige Frankrike.<\/p>\n<h4>Antibes<\/h4>\n<p>Sjarmerende <a href=\"https:\/\/www.wretmanestate.com\/no\/kjope-franske-rivieraen\/franske-rivieraen\/antibes\/\">Antibes<\/a> og lilles\u00f8steren Juan-les-Pins er hjemme for mange internasjonale familier. Hjemmestiden <a href=\"http:\/\/www.antibesjuanlespins.com\">Antibes Juan-les-Pins<\/a> har samlet et antall guider for stedenes tilbud av kulturliv, markeder, sport og friluftsliv, diverse kurs og nattliv.<\/p>\n<h4>Cannes<\/h4>\n<p><a href=\"https:\/\/www.wretmanestate.com\/no\/kjope-franske-rivieraen\/franske-rivieraen\/cannes\/\">Cannes<\/a> er en levende by. Turistkontoret <a href=\"http:\/\/www.cannes-destination.fr\">Cannes Destination<\/a> har forslag til utflukter, boligutleie, natteliv og casino, samt diverse etterspurte restauranter.<\/p>\n<h4>Nice<\/h4>\n<p>Hamrer ditt hjerte litt ekstra for hovedstaden <a href=\"https:\/\/www.wretmanestate.com\/no\/kjope-franske-rivieraen\/franske-rivieraen\/nice\/\">Nice<\/a>, p\u00e5 den Franske Rivieraen? <a href=\"http:\/\/www.nicetourisme.com\">Nice Tourisme<\/a> tilbyr nyttig informasjon og oppdateres regelmessig med anbefalinger om hyggelige restauranter og utflukter for familier og par.[\/vc_column_text][\/vc_column][vc_column width=&#8221;1\/2&#8243;][vc_column_text]<\/p>\n<h4>Menton<\/h4>\n<p>Byen <a href=\"https:\/\/www.wretmanestate.com\/no\/kjope-franske-rivieraen\/franske-rivieraen\/menton\/\">Menton<\/a> har skapt en side, <a href=\"http:\/\/www.tourisme-menton.fr\">Menton Tourisme<\/a>, der innbyggere og forbipasserende kan finne nyttig informasjon om hva kommunen arbeider med. Her beskrives byens kulturarv og historie, begivenheter og det finnes ogs\u00e5 in direktesendt lenke fra stranden Plage des Sablettes.<\/p>\n<h4>Saint-Tropez<\/h4>\n<p>Det eksklusive feriestedet <a href=\"https:\/\/www.wretmanestate.com\/no\/kjope-franske-rivieraen\/franske-rivieraen\/st-tropez-ste-maxime\/\">Saint Tropez<\/a> sitt turistbyr\u00e5, <a href=\"http:\/\/www.sainttropeztourisme.com\">Saint Tropez Tourisme<\/a>, har en hjemmeside som tilbyr tips om byens beste rastauranter, museer og severdige bygninger, shopping og leieboliger. Selvf\u00f8lgelig finner du ogs\u00e5 informasjon om byens mange begivenheter.<\/p>\n<h4>Le Var<\/h4>\n<p>Er du interessert i regionen Var og de sjarmerende landsbyene og det b\u00f8lgende landskapet der? <a href=\"http:\/\/www.visitvar.fr\">Visit Var<\/a> samler all informasjon om hva som skjer i omr\u00e5det.[\/vc_column_text][vc_single_image image=&#8221;62791&#8243; img_size=&#8221;full&#8221; alignment=&#8221;right&#8221;][\/vc_column][\/vc_row][vc_row el_class=&#8221;red_links&#8221;][vc_column][vc_separator color=&#8221;custom&#8221; border_width=&#8221;2&#8243; el_width=&#8221;90&#8243; accent_color=&#8221;#7a1523&#8243; css=&#8221;.vc_custom_1582541764323{padding-bottom: 20px !important;}&#8221;]<div class=\" \">\r\n\t\r\n        <div class=\"mh-heading-wrapper\">\r\n            <h2            class=\"mh-heading  mh-heading--bottom-separator   \"\r\n            style=\"font-weight:700;\">\r\n\t\t\tOFFENTLIG KOMMUNIKASJON        <\/h2>\r\n\r\n\t\t    <\/div>\r\n\r\n\t<\/div>[\/vc_column][vc_column width=&#8221;1\/2&#8243;][vc_single_image image=&#8221;23555&#8243; img_size=&#8221;full&#8221; css=&#8221;.vc_custom_1582624548173{background-image: url(https:\/\/www.wretmanestate.com\/wp-content\/uploads\/2020\/02\/Banana-tree-in-gulfe-juan-1920.jpg?id=23442) !important;}&#8221;][\/vc_column][vc_column width=&#8221;1\/2&#8243;][vc_column_text]<\/p>\n<h4>Tog og Buss<\/h4>\n<p>Det er lett \u00e5 komme seg langs rivieraen med tog, buss og trikk.<\/p>\n<p><a href=\"http:\/\/www.sncf.com\">SNCF<\/a> tar h\u00e5nd om togtrafikken langs kysten. Kj\u00f8p biletter eller finn tidtabeller for avgangene p\u00e5 deres hjemmestide.<\/p>\n<p>Foretaket som tar h\u00e5nd om buss samt trikken i Nice, heter Lignes d`Azur. Last ned appen de har for informasjon om tidtabeller, avganger, praktisk informasjon samt priser.<\/p>\n<p><a href=\"https:\/\/www.palmbus.fr\/\">Palm Bus<\/a> tar h\u00e5nd om busstrafikken i Cannes. P\u00e5 deres hjemmeside finner dere informasjon om priser, oversikt over avganger, samt kart. De har ogs\u00e5 en app som kan lastes ned for \u00e5 se avganger til enhver tid og ulike holdeplasser.<\/p>\n<h4 style=\"text-align: left;\">Helikopter<\/h4>\n<p style=\"text-align: left;\">\u00c5 komme seg rundt med helikopter, er kanskje ikke det vanligste ferdselsalternativet, men p\u00e5 den franske rivieraen er det en oppskattet mulighet.<\/p>\n<ul style=\"text-align: left;\">\n<li style=\"text-align: left;\"><a href=\"http:\/\/www.azurhelico.com\">Azur Helico<\/a><\/li>\n<li style=\"text-align: left;\"><a href=\"http:\/\/www.monacair.mc\">Monacair<\/a><\/li>\n<\/ul>\n<p>Man kan ogs\u00e5 tilby helikoptertur som gave.[\/vc_column_text][\/vc_column][\/vc_row]<\/p>\n<\/div>","protected":false},"excerpt":{"rendered":"<p>[vc_row full_width=&#8221;stretch_row_content_no_spaces&#8221; content_placement=&#8221;bottom&#8221; css=&#8221;.vc_custom_1580383175775{background-image: url(https:\/\/www.wretmanestate.com\/wp-content\/uploads\/2019\/11\/new-banner.jpg?id=3444) !important;background-position: center !important;background-repeat: no-repeat !important;background-size: cover !important;}&#8221; el_class=&#8221;bloc-title small&#8221;][vc_column][vc_column_text el_class=&#8221;sous-titre-page&#8221;][\/vc_column_text][\/vc_column][\/vc_row][vc_row][vc_column][vc_row_inner equal_height=&#8221;yes&#8221; content_placement=&#8221;top&#8221;][vc_column_inner width=&#8221;1\/4&#8243;][vc_single_image image=&#8221;13460&#8243; img_size=&#8221;120&#215;120&#8243; alignment=&#8221;center&#8221;][vc_column_text] Den nest st\u00f8rste flyplassen i Frankrike [\/vc_column_text][\/vc_column_inner][vc_column_inner width=&#8221;1\/4&#8243;][vc_single_image image=&#8221;13436&#8243; img_size=&#8221;120&#215;120&#8243; alignment=&#8221;center&#8221;][vc_column_text] 14 millioner passasjerer per \u00e5r [\/vc_column_text][\/vc_column_inner][vc_column_inner width=&#8221;1\/4&#8243;][vc_single_image image=&#8221;13444&#8243; img_size=&#8221;120&#215;120&#8243; alignment=&#8221;center&#8221;][vc_column_text] 61% av Frankrikes internasjonale flytrafikk [\/vc_column_text][\/vc_column_inner][vc_column_inner width=&#8221;1\/4&#8243;][vc_single_image image=&#8221;13452&#8243; img_size=&#8221;120&#215;120&#8243; alignment=&#8221;center&#8221;][vc_column_text] 117 flyvninger til [&hellip;]<\/p>\n","protected":false},"author":1,"featured_media":0,"parent":64129,"menu_order":1,"comment_status":"closed","ping_status":"closed","template":"page_full-width.php","meta":{"_acf_changed":false,"content-type":"","_monsterinsights_skip_tracking":false,"_monsterinsights_sitenote_active":false,"_monsterinsights_sitenote_note":"","_monsterinsights_sitenote_category":0,"footnotes":""},"class_list":["post-64263","page","type-page","status-publish","hentry"],"acf":[],"yoast_head":"<!-- This site is optimized with the Yoast SEO plugin v27.5 - https:\/\/yoast.com\/product\/yoast-seo-wordpress\/ -->\n<title>Transportmiddel Franske Riviera - Wretman Estate<\/title>\n<meta name=\"description\" content=\"Det er enkelt \u00e5 komme seg til den franske rivieraen. Oppdag transportalternativer og turistinformasjon i regionen. Buss, tog, trikk, b\u00e5t eller helikopter\" \/>\n<meta name=\"robots\" content=\"index, follow, max-snippet:-1, max-image-preview:large, max-video-preview:-1\" \/>\n<link rel=\"canonical\" href=\"https:\/\/www.wretmanestate.com\/no\/kjope-franske-rivieraen\/franske-rivieraen\/bare-noen-timer-unna\/\" \/>\n<meta property=\"og:locale\" content=\"nb_NO\" \/>\n<meta property=\"og:type\" content=\"article\" \/>\n<meta property=\"og:title\" content=\"Transportmiddel Franske Riviera - Wretman Estate\" \/>\n<meta property=\"og:description\" content=\"Det er enkelt \u00e5 komme seg til den franske rivieraen. Oppdag transportalternativer og turistinformasjon i regionen. Buss, tog, trikk, b\u00e5t eller helikopter\" \/>\n<meta property=\"og:url\" content=\"https:\/\/www.wretmanestate.com\/no\/kjope-franske-rivieraen\/franske-rivieraen\/bare-noen-timer-unna\/\" \/>\n<meta property=\"og:site_name\" content=\"Wretman Estate\" \/>\n<meta property=\"article:modified_time\" content=\"2022-01-28T14:23:18+00:00\" \/>\n<meta name=\"twitter:card\" content=\"summary_large_image\" \/>\n<meta name=\"twitter:label1\" content=\"Ansl. lesetid\" \/>\n\t<meta name=\"twitter:data1\" content=\"3 minutter\" \/>\n<script type=\"application\/ld+json\" class=\"yoast-schema-graph\">{\"@context\":\"https:\\\/\\\/schema.org\",\"@graph\":[{\"@type\":\"WebPage\",\"@id\":\"https:\\\/\\\/www.wretmanestate.com\\\/no\\\/kjope-franske-rivieraen\\\/franske-rivieraen\\\/bare-noen-timer-unna\\\/\",\"url\":\"https:\\\/\\\/www.wretmanestate.com\\\/no\\\/kjope-franske-rivieraen\\\/franske-rivieraen\\\/bare-noen-timer-unna\\\/\",\"name\":\"Transportmiddel Franske Riviera - Wretman Estate\",\"isPartOf\":{\"@id\":\"https:\\\/\\\/www.wretmanestate.com\\\/no\\\/#website\"},\"datePublished\":\"2019-11-28T14:17:13+00:00\",\"dateModified\":\"2022-01-28T14:23:18+00:00\",\"description\":\"Det er enkelt \u00e5 komme seg til den franske rivieraen. Oppdag transportalternativer og turistinformasjon i regionen. Buss, tog, trikk, b\u00e5t eller helikopter\",\"breadcrumb\":{\"@id\":\"https:\\\/\\\/www.wretmanestate.com\\\/no\\\/kjope-franske-rivieraen\\\/franske-rivieraen\\\/bare-noen-timer-unna\\\/#breadcrumb\"},\"inLanguage\":\"nb-NO\",\"potentialAction\":[{\"@type\":\"ReadAction\",\"target\":[\"https:\\\/\\\/www.wretmanestate.com\\\/no\\\/kjope-franske-rivieraen\\\/franske-rivieraen\\\/bare-noen-timer-unna\\\/\"]}]},{\"@type\":\"BreadcrumbList\",\"@id\":\"https:\\\/\\\/www.wretmanestate.com\\\/no\\\/kjope-franske-rivieraen\\\/franske-rivieraen\\\/bare-noen-timer-unna\\\/#breadcrumb\",\"itemListElement\":[{\"@type\":\"ListItem\",\"position\":1,\"name\":\"Accueil\",\"item\":\"https:\\\/\\\/www.wretmanestate.com\\\/no\\\/\"},{\"@type\":\"ListItem\",\"position\":2,\"name\":\"Kj\u00f8pe\",\"item\":\"https:\\\/\\\/www.wretmanestate.com\\\/no\\\/kjope-franske-rivieraen\\\/\"},{\"@type\":\"ListItem\",\"position\":3,\"name\":\"Franske Rivieraen\",\"item\":\"https:\\\/\\\/www.wretmanestate.com\\\/no\\\/kjope-franske-rivieraen\\\/franske-rivieraen\\\/\"},{\"@type\":\"ListItem\",\"position\":4,\"name\":\"Bare noen timer unna\"}]},{\"@type\":\"WebSite\",\"@id\":\"https:\\\/\\\/www.wretmanestate.com\\\/no\\\/#website\",\"url\":\"https:\\\/\\\/www.wretmanestate.com\\\/no\\\/\",\"name\":\"Wretman Estate\",\"description\":\"Immobilier sur la C\u00f4te d&#039;Azur et la Provence\",\"publisher\":{\"@id\":\"https:\\\/\\\/www.wretmanestate.com\\\/no\\\/#organization\"},\"potentialAction\":[{\"@type\":\"SearchAction\",\"target\":{\"@type\":\"EntryPoint\",\"urlTemplate\":\"https:\\\/\\\/www.wretmanestate.com\\\/no\\\/?s={search_term_string}\"},\"query-input\":{\"@type\":\"PropertyValueSpecification\",\"valueRequired\":true,\"valueName\":\"search_term_string\"}}],\"inLanguage\":\"nb-NO\"},{\"@type\":\"Organization\",\"@id\":\"https:\\\/\\\/www.wretmanestate.com\\\/no\\\/#organization\",\"name\":\"WRETMAN ESTATE\",\"url\":\"https:\\\/\\\/www.wretmanestate.com\\\/no\\\/\",\"logo\":{\"@type\":\"ImageObject\",\"inLanguage\":\"nb-NO\",\"@id\":\"https:\\\/\\\/www.wretmanestate.com\\\/no\\\/#\\\/schema\\\/logo\\\/image\\\/\",\"url\":\"\",\"contentUrl\":\"\",\"caption\":\"WRETMAN ESTATE\"},\"image\":{\"@id\":\"https:\\\/\\\/www.wretmanestate.com\\\/no\\\/#\\\/schema\\\/logo\\\/image\\\/\"}}]}<\/script>\n<!-- \/ Yoast SEO plugin. -->","yoast_head_json":{"title":"Transportmiddel Franske Riviera - Wretman Estate","description":"Det er enkelt \u00e5 komme seg til den franske rivieraen. Oppdag transportalternativer og turistinformasjon i regionen. Buss, tog, trikk, b\u00e5t eller helikopter","robots":{"index":"index","follow":"follow","max-snippet":"max-snippet:-1","max-image-preview":"max-image-preview:large","max-video-preview":"max-video-preview:-1"},"canonical":"https:\/\/www.wretmanestate.com\/no\/kjope-franske-rivieraen\/franske-rivieraen\/bare-noen-timer-unna\/","og_locale":"nb_NO","og_type":"article","og_title":"Transportmiddel Franske Riviera - Wretman Estate","og_description":"Det er enkelt \u00e5 komme seg til den franske rivieraen. Oppdag transportalternativer og turistinformasjon i regionen. Buss, tog, trikk, b\u00e5t eller helikopter","og_url":"https:\/\/www.wretmanestate.com\/no\/kjope-franske-rivieraen\/franske-rivieraen\/bare-noen-timer-unna\/","og_site_name":"Wretman Estate","article_modified_time":"2022-01-28T14:23:18+00:00","twitter_card":"summary_large_image","twitter_misc":{"Ansl. lesetid":"3 minutter"},"schema":{"@context":"https:\/\/schema.org","@graph":[{"@type":"WebPage","@id":"https:\/\/www.wretmanestate.com\/no\/kjope-franske-rivieraen\/franske-rivieraen\/bare-noen-timer-unna\/","url":"https:\/\/www.wretmanestate.com\/no\/kjope-franske-rivieraen\/franske-rivieraen\/bare-noen-timer-unna\/","name":"Transportmiddel Franske Riviera - Wretman Estate","isPartOf":{"@id":"https:\/\/www.wretmanestate.com\/no\/#website"},"datePublished":"2019-11-28T14:17:13+00:00","dateModified":"2022-01-28T14:23:18+00:00","description":"Det er enkelt \u00e5 komme seg til den franske rivieraen. Oppdag transportalternativer og turistinformasjon i regionen. Buss, tog, trikk, b\u00e5t eller helikopter","breadcrumb":{"@id":"https:\/\/www.wretmanestate.com\/no\/kjope-franske-rivieraen\/franske-rivieraen\/bare-noen-timer-unna\/#breadcrumb"},"inLanguage":"nb-NO","potentialAction":[{"@type":"ReadAction","target":["https:\/\/www.wretmanestate.com\/no\/kjope-franske-rivieraen\/franske-rivieraen\/bare-noen-timer-unna\/"]}]},{"@type":"BreadcrumbList","@id":"https:\/\/www.wretmanestate.com\/no\/kjope-franske-rivieraen\/franske-rivieraen\/bare-noen-timer-unna\/#breadcrumb","itemListElement":[{"@type":"ListItem","position":1,"name":"Accueil","item":"https:\/\/www.wretmanestate.com\/no\/"},{"@type":"ListItem","position":2,"name":"Kj\u00f8pe","item":"https:\/\/www.wretmanestate.com\/no\/kjope-franske-rivieraen\/"},{"@type":"ListItem","position":3,"name":"Franske Rivieraen","item":"https:\/\/www.wretmanestate.com\/no\/kjope-franske-rivieraen\/franske-rivieraen\/"},{"@type":"ListItem","position":4,"name":"Bare noen timer unna"}]},{"@type":"WebSite","@id":"https:\/\/www.wretmanestate.com\/no\/#website","url":"https:\/\/www.wretmanestate.com\/no\/","name":"Wretman Estate","description":"Immobilier sur la C\u00f4te d&#039;Azur et la Provence","publisher":{"@id":"https:\/\/www.wretmanestate.com\/no\/#organization"},"potentialAction":[{"@type":"SearchAction","target":{"@type":"EntryPoint","urlTemplate":"https:\/\/www.wretmanestate.com\/no\/?s={search_term_string}"},"query-input":{"@type":"PropertyValueSpecification","valueRequired":true,"valueName":"search_term_string"}}],"inLanguage":"nb-NO"},{"@type":"Organization","@id":"https:\/\/www.wretmanestate.com\/no\/#organization","name":"WRETMAN ESTATE","url":"https:\/\/www.wretmanestate.com\/no\/","logo":{"@type":"ImageObject","inLanguage":"nb-NO","@id":"https:\/\/www.wretmanestate.com\/no\/#\/schema\/logo\/image\/","url":"","contentUrl":"","caption":"WRETMAN ESTATE"},"image":{"@id":"https:\/\/www.wretmanestate.com\/no\/#\/schema\/logo\/image\/"}}]}},"_links":{"self":[{"href":"https:\/\/www.wretmanestate.com\/no\/wp-json\/wp\/v2\/pages\/64263","targetHints":{"allow":["GET"]}}],"collection":[{"href":"https:\/\/www.wretmanestate.com\/no\/wp-json\/wp\/v2\/pages"}],"about":[{"href":"https:\/\/www.wretmanestate.com\/no\/wp-json\/wp\/v2\/types\/page"}],"author":[{"embeddable":true,"href":"https:\/\/www.wretmanestate.com\/no\/wp-json\/wp\/v2\/users\/1"}],"replies":[{"embeddable":true,"href":"https:\/\/www.wretmanestate.com\/no\/wp-json\/wp\/v2\/comments?post=64263"}],"version-history":[{"count":7,"href":"https:\/\/www.wretmanestate.com\/no\/wp-json\/wp\/v2\/pages\/64263\/revisions"}],"predecessor-version":[{"id":260179,"href":"https:\/\/www.wretmanestate.com\/no\/wp-json\/wp\/v2\/pages\/64263\/revisions\/260179"}],"up":[{"embeddable":true,"href":"https:\/\/www.wretmanestate.com\/no\/wp-json\/wp\/v2\/pages\/64129"}],"wp:attachment":[{"href":"https:\/\/www.wretmanestate.com\/no\/wp-json\/wp\/v2\/media?parent=64263"}],"curies":[{"name":"wp","href":"https:\/\/api.w.org\/{rel}","templated":true}]}}