{"id":843151,"date":"2025-10-02T15:57:16","date_gmt":"2025-10-02T13:57:16","guid":{"rendered":"https:\/\/www.wretmanestate.com\/?page_id=843151"},"modified":"2025-12-04T16:09:02","modified_gmt":"2025-12-04T15:09:02","slug":"tiffany-barbeau","status":"publish","type":"page","link":"https:\/\/www.wretmanestate.com\/no\/om-oss-eiendomsmeglere-franske-rivieraen\/team\/tiffany-barbeau\/","title":{"rendered":"Tiffany BARBEAU"},"content":{"rendered":"<div class=\"wpb-content-wrapper\"><p>[vc_row full_width=&#8221;stretch_row_content_no_spaces&#8221; content_placement=&#8221;bottom&#8221; css=&#8221;.vc_custom_1580720336371{background-image: url(https:\/\/www.wretmanestate.com\/wp-content\/uploads\/2019\/11\/new-banner.jpg?id=3444) !important;background-position: center !important;background-repeat: no-repeat !important;background-size: cover !important;}&#8221; el_class=&#8221;bloc-title header_team medium&#8221;][vc_column]<div class=\" \">\r\n\t\r\n        <div class=\"mh-heading-wrapper\">\r\n            <h1            class=\"mh-heading mh-color-white mh-heading--bottom-separator   \"\r\n            style=\"font-weight:700;\">\r\n\t\t\tTiffany BARBEAU        <\/h1>\r\n\r\n\t\t            <div class=\"mh-subheading mh-color-white\"\r\n                 style=\"\">\r\n\t\t\t\tCommercial Assistant            <\/div>\r\n\t\t    <\/div>\r\n\r\n\t<\/div>[vc_single_image image=&#8221;855697&#8243; img_size=&#8221;full&#8221; alignment=&#8221;center&#8221; style=&#8221;vc_box_rounded&#8221; css=&#8221;&#8221;][\/vc_column][\/vc_row][vc_row bg_type=&#8221;bg_color&#8221; bg_override=&#8221;ex-full&#8221; el_class=&#8221;team_desc&#8221; bg_color_value=&#8221;#f2f2f6&#8243; el_id=&#8221;red_links&#8221;][vc_column width=&#8221;1\/2&#8243;][vc_column_text css=&#8221;&#8221;]<\/p>\n<h5><span style=\"color: #993300;\"><strong>Hvordan havnet du p\u00e5 den franske rivieraen?<\/strong><\/span><\/h5>\n<p>Jeg kommer opprinnelig fra Narbonne, en liten by i s\u00f8rvest-Frankrike. Jeg m\u00e5tte flytte hjemmefra for \u00e5 studere, og til slutt&#8230; hva er vel et bedre sted enn den franske rivieraen for \u00e5 utvikle en karriere innen premium- og luksusvarer?<\/p>\n<h5><span style=\"color: #993300;\"><strong>Fortell oss noe om deg selv: en lite kjent fakta som f\u00e5 mennesker vet.<\/strong><\/span><\/h5>\n<p>I l\u00f8pet av det f\u00f8rste \u00e5ret av bachelorstudiet mitt, under praksisperioden min p\u00e5 et luksushotell i Courchevel, fikk jeg muligheten til \u00e5 f\u00f8lge kjendiser til rommene deres. Uten \u00e5 nevne noen navn, la oss bare si at det var Harry Potter-skuespilleren hvis fornavn begynner med E og slutter med A&#8230;<\/p>\n<h5><span style=\"color: #993300;\"><strong>Hva er ditt favorittsted \u00e5 dra til stranden?<\/strong><\/span><\/h5>\n<p>En tryllekunstner avsl\u00f8rer aldri sine hemmeligheter&#8230; s\u00e5 det er et mysterium.[\/vc_column_text][\/vc_column][vc_column width=&#8221;1\/2&#8243;][vc_column_text css=&#8221;&#8221;]<\/p>\n<h5><span style=\"color: #993300;\"><strong>Hvis du m\u00e5tte velge ett sted p\u00e5 den franske rivieraen, hvilket ville det v\u00e6re?<\/strong><\/span><\/h5>\n<p>S\u00e5 snart jeg ankom, forelsket jeg meg i Nice. S\u00e5 naturligvis ville jeg si Nice, p\u00e5 grunn av den sjarmerende gamlebyen, havnen og de fantastiske restaurantene. Og p\u00e5 andreplass ville jeg si Antibes.<\/p>\n<h5><span style=\"color: #993300;\"><strong>Hvordan ser din ideelle s\u00f8ndag ut?<\/strong><\/span><\/h5>\n<p>F\u00f8rst en god sovemorgen, som er en hyggelig forandring fra ukens tempo! En liten iskaffe for \u00e5 v\u00e5kne, deretter en tur med vennene mine og kj\u00e6resten min i nabolaget, med en focaccia p\u00e5 veien. En obligatorisk terrassebes\u00f8k for \u00e5 nyte en pornstar martini, f\u00f8r jeg avslutter dagen med stil p\u00e5 Lou Pantail, min favorittrestaurant her.<\/p>\n<h5><span style=\"color: #993300;\"><strong>Hva gjorde du f\u00f8r du begynte hos Wretman?<\/strong><\/span><\/h5>\n<p>F\u00f8r jeg begynte hos Wretman, hadde jeg muligheten til \u00e5 gj\u00f8re flere praksisopphold i forskjellige luksussektorer under bachelorstudiet: mote hos Galeries Lafayette, \u00f8nologi hos G\u00e9rard Bertrand, hotelldrift hos Cheval Blanc i Courchevel, concierge-tjenester hos Le Collectionist, og til og med en sommersesong i New York.[\/vc_column_text][\/vc_column][\/vc_row][vc_row][vc_column]    <div class=\"mh-grid\">\r\n\t\t    <\/div>\r\n\r\n[\/vc_column][\/vc_row]<\/p>\n<\/div>","protected":false},"excerpt":{"rendered":"<p>[vc_row full_width=&#8221;stretch_row_content_no_spaces&#8221; content_placement=&#8221;bottom&#8221; css=&#8221;.vc_custom_1580720336371{background-image: url(https:\/\/www.wretmanestate.com\/wp-content\/uploads\/2019\/11\/new-banner.jpg?id=3444) !important;background-position: center !important;background-repeat: no-repeat !important;background-size: cover !important;}&#8221; el_class=&#8221;bloc-title header_team medium&#8221;][vc_column][vc_single_image image=&#8221;855697&#8243; img_size=&#8221;full&#8221; alignment=&#8221;center&#8221; style=&#8221;vc_box_rounded&#8221; css=&#8221;&#8221;][\/vc_column][\/vc_row][vc_row bg_type=&#8221;bg_color&#8221; bg_override=&#8221;ex-full&#8221; el_class=&#8221;team_desc&#8221; bg_color_value=&#8221;#f2f2f6&#8243; el_id=&#8221;red_links&#8221;][vc_column width=&#8221;1\/2&#8243;][vc_column_text css=&#8221;&#8221;] Hvordan havnet du p\u00e5 den franske rivieraen? Jeg kommer opprinnelig fra Narbonne, en liten by i s\u00f8rvest-Frankrike. Jeg m\u00e5tte flytte hjemmefra for \u00e5 studere, og til slutt&#8230; hva [&hellip;]<\/p>\n","protected":false},"author":23,"featured_media":0,"parent":65074,"menu_order":0,"comment_status":"closed","ping_status":"closed","template":"page_full-width.php","meta":{"_acf_changed":false,"content-type":"","_monsterinsights_skip_tracking":false,"_monsterinsights_sitenote_active":false,"_monsterinsights_sitenote_note":"","_monsterinsights_sitenote_category":0,"footnotes":""},"class_list":["post-843151","page","type-page","status-publish","hentry"],"acf":[],"yoast_head":"<!-- This site is optimized with the Yoast SEO plugin v27.5 - https:\/\/yoast.com\/product\/yoast-seo-wordpress\/ -->\n<title>Tiffany BARBEAU - Real estate assistant in Vence - Wretman Estate<\/title>\n<meta name=\"description\" content=\"Tiffany is an assistant at Wretman Estate&#039;s Vence office. We are the largest Scandinavian real estate agency on the French Riviera.\" \/>\n<meta name=\"robots\" content=\"index, follow, max-snippet:-1, max-image-preview:large, max-video-preview:-1\" \/>\n<link rel=\"canonical\" href=\"https:\/\/www.wretmanestate.com\/no\/om-oss-eiendomsmeglere-franske-rivieraen\/team\/tiffany-barbeau\/\" \/>\n<meta property=\"og:locale\" content=\"nb_NO\" \/>\n<meta property=\"og:type\" content=\"article\" \/>\n<meta property=\"og:title\" content=\"Tiffany BARBEAU - Real estate assistant in Vence - Wretman Estate\" \/>\n<meta property=\"og:description\" content=\"Tiffany is an assistant at Wretman Estate&#039;s Vence office. We are the largest Scandinavian real estate agency on the French Riviera.\" \/>\n<meta property=\"og:url\" content=\"https:\/\/www.wretmanestate.com\/no\/om-oss-eiendomsmeglere-franske-rivieraen\/team\/tiffany-barbeau\/\" \/>\n<meta property=\"og:site_name\" content=\"Wretman Estate\" \/>\n<meta property=\"article:modified_time\" content=\"2025-12-04T15:09:02+00:00\" \/>\n<meta name=\"twitter:card\" content=\"summary_large_image\" \/>\n<meta name=\"twitter:label1\" content=\"Ansl. lesetid\" \/>\n\t<meta name=\"twitter:data1\" content=\"3 minutter\" \/>\n<script type=\"application\/ld+json\" class=\"yoast-schema-graph\">{\"@context\":\"https:\\\/\\\/schema.org\",\"@graph\":[{\"@type\":\"WebPage\",\"@id\":\"https:\\\/\\\/www.wretmanestate.com\\\/no\\\/om-oss-eiendomsmeglere-franske-rivieraen\\\/team\\\/tiffany-barbeau\\\/\",\"url\":\"https:\\\/\\\/www.wretmanestate.com\\\/no\\\/om-oss-eiendomsmeglere-franske-rivieraen\\\/team\\\/tiffany-barbeau\\\/\",\"name\":\"Tiffany BARBEAU - Real estate assistant in Vence - Wretman Estate\",\"isPartOf\":{\"@id\":\"https:\\\/\\\/www.wretmanestate.com\\\/no\\\/#website\"},\"datePublished\":\"2025-10-02T13:57:16+00:00\",\"dateModified\":\"2025-12-04T15:09:02+00:00\",\"description\":\"Tiffany is an assistant at Wretman Estate's Vence office. We are the largest Scandinavian real estate agency on the French Riviera.\",\"breadcrumb\":{\"@id\":\"https:\\\/\\\/www.wretmanestate.com\\\/no\\\/om-oss-eiendomsmeglere-franske-rivieraen\\\/team\\\/tiffany-barbeau\\\/#breadcrumb\"},\"inLanguage\":\"nb-NO\",\"potentialAction\":[{\"@type\":\"ReadAction\",\"target\":[\"https:\\\/\\\/www.wretmanestate.com\\\/no\\\/om-oss-eiendomsmeglere-franske-rivieraen\\\/team\\\/tiffany-barbeau\\\/\"]}]},{\"@type\":\"BreadcrumbList\",\"@id\":\"https:\\\/\\\/www.wretmanestate.com\\\/no\\\/om-oss-eiendomsmeglere-franske-rivieraen\\\/team\\\/tiffany-barbeau\\\/#breadcrumb\",\"itemListElement\":[{\"@type\":\"ListItem\",\"position\":1,\"name\":\"Accueil\",\"item\":\"https:\\\/\\\/www.wretmanestate.com\\\/no\\\/\"},{\"@type\":\"ListItem\",\"position\":2,\"name\":\"Om oss\",\"item\":\"https:\\\/\\\/www.wretmanestate.com\\\/no\\\/om-oss-eiendomsmeglere-franske-rivieraen\\\/\"},{\"@type\":\"ListItem\",\"position\":3,\"name\":\"Team\",\"item\":\"https:\\\/\\\/www.wretmanestate.com\\\/no\\\/om-oss-eiendomsmeglere-franske-rivieraen\\\/team\\\/\"},{\"@type\":\"ListItem\",\"position\":4,\"name\":\"Tiffany BARBEAU\"}]},{\"@type\":\"WebSite\",\"@id\":\"https:\\\/\\\/www.wretmanestate.com\\\/no\\\/#website\",\"url\":\"https:\\\/\\\/www.wretmanestate.com\\\/no\\\/\",\"name\":\"Wretman Estate\",\"description\":\"Immobilier sur la C\u00f4te d&#039;Azur et la Provence\",\"publisher\":{\"@id\":\"https:\\\/\\\/www.wretmanestate.com\\\/no\\\/#organization\"},\"potentialAction\":[{\"@type\":\"SearchAction\",\"target\":{\"@type\":\"EntryPoint\",\"urlTemplate\":\"https:\\\/\\\/www.wretmanestate.com\\\/no\\\/?s={search_term_string}\"},\"query-input\":{\"@type\":\"PropertyValueSpecification\",\"valueRequired\":true,\"valueName\":\"search_term_string\"}}],\"inLanguage\":\"nb-NO\"},{\"@type\":\"Organization\",\"@id\":\"https:\\\/\\\/www.wretmanestate.com\\\/no\\\/#organization\",\"name\":\"WRETMAN ESTATE\",\"url\":\"https:\\\/\\\/www.wretmanestate.com\\\/no\\\/\",\"logo\":{\"@type\":\"ImageObject\",\"inLanguage\":\"nb-NO\",\"@id\":\"https:\\\/\\\/www.wretmanestate.com\\\/no\\\/#\\\/schema\\\/logo\\\/image\\\/\",\"url\":\"\",\"contentUrl\":\"\",\"caption\":\"WRETMAN ESTATE\"},\"image\":{\"@id\":\"https:\\\/\\\/www.wretmanestate.com\\\/no\\\/#\\\/schema\\\/logo\\\/image\\\/\"}}]}<\/script>\n<!-- \/ Yoast SEO plugin. -->","yoast_head_json":{"title":"Tiffany BARBEAU - Real estate assistant in Vence - Wretman Estate","description":"Tiffany is an assistant at Wretman Estate's Vence office. We are the largest Scandinavian real estate agency on the French Riviera.","robots":{"index":"index","follow":"follow","max-snippet":"max-snippet:-1","max-image-preview":"max-image-preview:large","max-video-preview":"max-video-preview:-1"},"canonical":"https:\/\/www.wretmanestate.com\/no\/om-oss-eiendomsmeglere-franske-rivieraen\/team\/tiffany-barbeau\/","og_locale":"nb_NO","og_type":"article","og_title":"Tiffany BARBEAU - Real estate assistant in Vence - Wretman Estate","og_description":"Tiffany is an assistant at Wretman Estate's Vence office. We are the largest Scandinavian real estate agency on the French Riviera.","og_url":"https:\/\/www.wretmanestate.com\/no\/om-oss-eiendomsmeglere-franske-rivieraen\/team\/tiffany-barbeau\/","og_site_name":"Wretman Estate","article_modified_time":"2025-12-04T15:09:02+00:00","twitter_card":"summary_large_image","twitter_misc":{"Ansl. lesetid":"3 minutter"},"schema":{"@context":"https:\/\/schema.org","@graph":[{"@type":"WebPage","@id":"https:\/\/www.wretmanestate.com\/no\/om-oss-eiendomsmeglere-franske-rivieraen\/team\/tiffany-barbeau\/","url":"https:\/\/www.wretmanestate.com\/no\/om-oss-eiendomsmeglere-franske-rivieraen\/team\/tiffany-barbeau\/","name":"Tiffany BARBEAU - Real estate assistant in Vence - Wretman Estate","isPartOf":{"@id":"https:\/\/www.wretmanestate.com\/no\/#website"},"datePublished":"2025-10-02T13:57:16+00:00","dateModified":"2025-12-04T15:09:02+00:00","description":"Tiffany is an assistant at Wretman Estate's Vence office. We are the largest Scandinavian real estate agency on the French Riviera.","breadcrumb":{"@id":"https:\/\/www.wretmanestate.com\/no\/om-oss-eiendomsmeglere-franske-rivieraen\/team\/tiffany-barbeau\/#breadcrumb"},"inLanguage":"nb-NO","potentialAction":[{"@type":"ReadAction","target":["https:\/\/www.wretmanestate.com\/no\/om-oss-eiendomsmeglere-franske-rivieraen\/team\/tiffany-barbeau\/"]}]},{"@type":"BreadcrumbList","@id":"https:\/\/www.wretmanestate.com\/no\/om-oss-eiendomsmeglere-franske-rivieraen\/team\/tiffany-barbeau\/#breadcrumb","itemListElement":[{"@type":"ListItem","position":1,"name":"Accueil","item":"https:\/\/www.wretmanestate.com\/no\/"},{"@type":"ListItem","position":2,"name":"Om oss","item":"https:\/\/www.wretmanestate.com\/no\/om-oss-eiendomsmeglere-franske-rivieraen\/"},{"@type":"ListItem","position":3,"name":"Team","item":"https:\/\/www.wretmanestate.com\/no\/om-oss-eiendomsmeglere-franske-rivieraen\/team\/"},{"@type":"ListItem","position":4,"name":"Tiffany BARBEAU"}]},{"@type":"WebSite","@id":"https:\/\/www.wretmanestate.com\/no\/#website","url":"https:\/\/www.wretmanestate.com\/no\/","name":"Wretman Estate","description":"Immobilier sur la C\u00f4te d&#039;Azur et la Provence","publisher":{"@id":"https:\/\/www.wretmanestate.com\/no\/#organization"},"potentialAction":[{"@type":"SearchAction","target":{"@type":"EntryPoint","urlTemplate":"https:\/\/www.wretmanestate.com\/no\/?s={search_term_string}"},"query-input":{"@type":"PropertyValueSpecification","valueRequired":true,"valueName":"search_term_string"}}],"inLanguage":"nb-NO"},{"@type":"Organization","@id":"https:\/\/www.wretmanestate.com\/no\/#organization","name":"WRETMAN ESTATE","url":"https:\/\/www.wretmanestate.com\/no\/","logo":{"@type":"ImageObject","inLanguage":"nb-NO","@id":"https:\/\/www.wretmanestate.com\/no\/#\/schema\/logo\/image\/","url":"","contentUrl":"","caption":"WRETMAN ESTATE"},"image":{"@id":"https:\/\/www.wretmanestate.com\/no\/#\/schema\/logo\/image\/"}}]}},"_links":{"self":[{"href":"https:\/\/www.wretmanestate.com\/no\/wp-json\/wp\/v2\/pages\/843151","targetHints":{"allow":["GET"]}}],"collection":[{"href":"https:\/\/www.wretmanestate.com\/no\/wp-json\/wp\/v2\/pages"}],"about":[{"href":"https:\/\/www.wretmanestate.com\/no\/wp-json\/wp\/v2\/types\/page"}],"author":[{"embeddable":true,"href":"https:\/\/www.wretmanestate.com\/no\/wp-json\/wp\/v2\/users\/23"}],"replies":[{"embeddable":true,"href":"https:\/\/www.wretmanestate.com\/no\/wp-json\/wp\/v2\/comments?post=843151"}],"version-history":[{"count":2,"href":"https:\/\/www.wretmanestate.com\/no\/wp-json\/wp\/v2\/pages\/843151\/revisions"}],"predecessor-version":[{"id":855706,"href":"https:\/\/www.wretmanestate.com\/no\/wp-json\/wp\/v2\/pages\/843151\/revisions\/855706"}],"up":[{"embeddable":true,"href":"https:\/\/www.wretmanestate.com\/no\/wp-json\/wp\/v2\/pages\/65074"}],"wp:attachment":[{"href":"https:\/\/www.wretmanestate.com\/no\/wp-json\/wp\/v2\/media?parent=843151"}],"curies":[{"name":"wp","href":"https:\/\/api.w.org\/{rel}","templated":true}]}}