{"id":11736,"date":"2019-12-20T14:23:36","date_gmt":"2019-12-20T13:23:36","guid":{"rendered":"https:\/\/www.wretmanestate.com\/?page_id=11736"},"modified":"2023-02-02T14:33:16","modified_gmt":"2023-02-02T13:33:16","slug":"amandine-gueyraud","status":"publish","type":"page","link":"https:\/\/www.wretmanestate.com\/sv\/om-oss-maklare-franska-rivieran\/team\/amandine-gueyraud\/","title":{"rendered":"Amandine GUEYRAUD"},"content":{"rendered":"<div class=\"wpb-content-wrapper\"><p>[vc_row full_width=&#8221;stretch_row_content_no_spaces&#8221; content_placement=&#8221;bottom&#8221; css=&#8221;.vc_custom_1580720336371{background-image: url(https:\/\/www.wretmanestate.com\/wp-content\/uploads\/2019\/11\/new-banner.jpg?id=3444) !important;background-position: center !important;background-repeat: no-repeat !important;background-size: cover !important;}&#8221; el_class=&#8221;bloc-title header_team medium&#8221;][vc_column]<div class=\" \">\r\n\t\r\n        <div class=\"mh-heading-wrapper\">\r\n            <h1            class=\"mh-heading mh-color-white mh-heading--bottom-separator   \"\r\n            style=\"font-weight:700;\">\r\n\t\t\tAmandine GUEYRAUD        <\/h1>\r\n\r\n\t\t            <div class=\"mh-subheading mh-color-white\"\r\n                 style=\"\">\r\n\t\t\t\tAssistent p\u00e5 kontoret i Montauroux            <\/div>\r\n\t\t    <\/div>\r\n\r\n\t<\/div>[vc_single_image image=&#8221;383684&#8243; img_size=&#8221;full&#8221; alignment=&#8221;center&#8221; style=&#8221;vc_box_rounded&#8221;][\/vc_column][\/vc_row][vc_row bg_type=&#8221;bg_color&#8221; bg_override=&#8221;ex-full&#8221; el_class=&#8221;team_desc&#8221; bg_color_value=&#8221;#f2f2f6&#8243; el_id=&#8221;red_links&#8221;][vc_column width=&#8221;1\/2&#8243;][vc_column_text]<\/p>\n<h5><strong>Varf\u00f6r valde du m\u00e4klarbranschen ?<\/strong><\/h5>\n<p>Jag valde att jobba inom m\u00e4kleri d\u00e4rf\u00f6r att det \u00e4r n\u00e5got jag alltid att varit intresserad av och det \u00e4r en bred bransch med m\u00e5nga m\u00f6jligheter.<\/p>\n<h5><strong>Varf\u00f6r Wretman Estate ?<\/strong><\/h5>\n<p>Under mina studier inom m\u00e4kleri b\u00f6rjade jag hos Wretman Estate som intern p\u00e5 halvtid. Jag tycker att det \u00e4r intressant att jobba i ett skandinaviskt kontor med medarbetare och kunder fr\u00e5n olika nationaliteter. Dessutom jobbar vi p\u00e5 ett s\u00e4tt som \u00e4r ganska annorlunda fr\u00e5n &#8220;klassiska&#8221; kontor.<\/p>\n<h5><strong>Vilken \u00e4r enligt dig den viktigaste egenskapen f\u00f6r att vara en bra m\u00e4klare ?<\/strong><\/h5>\n<p>F\u00f6r mig b\u00f6r en bra fastighetsm\u00e4klare ha flera egenskaper. Han ska ha god kontakt och lyssnande, vara lyh\u00f6rd, professionell och framf\u00f6rallt ha t\u00e5lamod![\/vc_column_text][\/vc_column][vc_column width=&#8221;1\/2&#8243;][vc_column_text]<\/p>\n<h5><strong>Vilken \u00e4r din favoritrestaurang ?<\/strong><\/h5>\n<p>Jag har inte n\u00e5gon direkt favoritrestaurang men jag gillar italienska restauranger med trevlig st\u00e4mning.<\/p>\n<h5><strong>Vad vet du om Sverige ?<\/strong><\/h5>\n<p>Jag har aldrig varit i Sverige, men sedan jag har b\u00f6rjat jobba i ett skandinaviskt f\u00f6retag, vill jag mer och mer \u00e5ka ditt uppt\u00e4cka detta land med alla olika landskap !<\/p>\n<h5><strong>Vad g\u00f6r du helst en ledig dag?<\/strong><\/h5>\n<p>N\u00e4r jag \u00e4r ledig, gillar jag att umg\u00e5s med familjen runt en brunch och vandra i v\u00e5r region med v\u00e5ra omv\u00e4xlande landskap, eller tr\u00e4ffa v\u00e4nner och ta ett glass p\u00e5 en solig terrass l\u00e4ngs havet.[\/vc_column_text][\/vc_column][\/vc_row][vc_row][vc_column]    <div class=\"mh-grid\">\r\n\t\t    <\/div>\r\n\r\n[\/vc_column][\/vc_row]<\/p>\n<\/div>","protected":false},"excerpt":{"rendered":"<p>[vc_row full_width=&#8221;stretch_row_content_no_spaces&#8221; content_placement=&#8221;bottom&#8221; css=&#8221;.vc_custom_1580720336371{background-image: url(https:\/\/www.wretmanestate.com\/wp-content\/uploads\/2019\/11\/new-banner.jpg?id=3444) !important;background-position: center !important;background-repeat: no-repeat !important;background-size: cover !important;}&#8221; el_class=&#8221;bloc-title header_team medium&#8221;][vc_column][vc_single_image image=&#8221;383684&#8243; img_size=&#8221;full&#8221; alignment=&#8221;center&#8221; style=&#8221;vc_box_rounded&#8221;][\/vc_column][\/vc_row][vc_row bg_type=&#8221;bg_color&#8221; bg_override=&#8221;ex-full&#8221; el_class=&#8221;team_desc&#8221; bg_color_value=&#8221;#f2f2f6&#8243; el_id=&#8221;red_links&#8221;][vc_column width=&#8221;1\/2&#8243;][vc_column_text] Varf\u00f6r valde du m\u00e4klarbranschen ? Jag valde att jobba inom m\u00e4kleri d\u00e4rf\u00f6r att det \u00e4r n\u00e5got jag alltid att varit intresserad av och det \u00e4r en bred bransch med m\u00e5nga [&hellip;]<\/p>\n","protected":false},"author":23,"featured_media":0,"parent":3927,"menu_order":0,"comment_status":"closed","ping_status":"closed","template":"page_full-width.php","meta":{"_acf_changed":false,"content-type":"","_monsterinsights_skip_tracking":false,"_monsterinsights_sitenote_active":false,"_monsterinsights_sitenote_note":"","_monsterinsights_sitenote_category":0,"footnotes":""},"class_list":["post-11736","page","type-page","status-publish","hentry"],"acf":[],"yoast_head":"<!-- This site is optimized with the Yoast SEO plugin v27.5 - https:\/\/yoast.com\/product\/yoast-seo-wordpress\/ -->\n<title>M\u00e4klare i Fayence och Callian - Amandine GUEYRAUD - Wretman Estate<\/title>\n<meta name=\"description\" content=\"Amandine Gueyraud \u00e4r assistent p\u00e5 Wretman Estate Callian-kontor. Vi \u00e4r den st\u00f6rsta skandinaviska fastighetsbyr\u00e5n p\u00e5 Franska Rivieran. Kontakta oss idag!\" \/>\n<meta name=\"robots\" content=\"index, follow, max-snippet:-1, max-image-preview:large, max-video-preview:-1\" \/>\n<link rel=\"canonical\" href=\"https:\/\/www.wretmanestate.com\/sv\/om-oss-maklare-franska-rivieran\/team\/amandine-gueyraud\/\" \/>\n<meta property=\"og:locale\" content=\"sv_SE\" \/>\n<meta property=\"og:type\" content=\"article\" \/>\n<meta property=\"og:title\" content=\"M\u00e4klare i Fayence och Callian - Amandine GUEYRAUD - Wretman Estate\" \/>\n<meta property=\"og:description\" content=\"Amandine Gueyraud \u00e4r assistent p\u00e5 Wretman Estate Callian-kontor. Vi \u00e4r den st\u00f6rsta skandinaviska fastighetsbyr\u00e5n p\u00e5 Franska Rivieran. Kontakta oss idag!\" \/>\n<meta property=\"og:url\" content=\"https:\/\/www.wretmanestate.com\/sv\/om-oss-maklare-franska-rivieran\/team\/amandine-gueyraud\/\" \/>\n<meta property=\"og:site_name\" content=\"Wretman Estate\" \/>\n<meta property=\"article:modified_time\" content=\"2023-02-02T13:33:16+00:00\" \/>\n<meta name=\"twitter:card\" content=\"summary_large_image\" \/>\n<meta name=\"twitter:label1\" content=\"Ber\u00e4knad l\u00e4stid\" \/>\n\t<meta name=\"twitter:data1\" content=\"2 minuter\" \/>\n<script type=\"application\/ld+json\" class=\"yoast-schema-graph\">{\"@context\":\"https:\\\/\\\/schema.org\",\"@graph\":[{\"@type\":\"WebPage\",\"@id\":\"https:\\\/\\\/www.wretmanestate.com\\\/sv\\\/om-oss-maklare-franska-rivieran\\\/team\\\/amandine-gueyraud\\\/\",\"url\":\"https:\\\/\\\/www.wretmanestate.com\\\/sv\\\/om-oss-maklare-franska-rivieran\\\/team\\\/amandine-gueyraud\\\/\",\"name\":\"M\u00e4klare i Fayence och Callian - Amandine GUEYRAUD - Wretman Estate\",\"isPartOf\":{\"@id\":\"https:\\\/\\\/www.wretmanestate.com\\\/sv\\\/#website\"},\"datePublished\":\"2019-12-20T13:23:36+00:00\",\"dateModified\":\"2023-02-02T13:33:16+00:00\",\"description\":\"Amandine Gueyraud \u00e4r assistent p\u00e5 Wretman Estate Callian-kontor. Vi \u00e4r den st\u00f6rsta skandinaviska fastighetsbyr\u00e5n p\u00e5 Franska Rivieran. Kontakta oss idag!\",\"breadcrumb\":{\"@id\":\"https:\\\/\\\/www.wretmanestate.com\\\/sv\\\/om-oss-maklare-franska-rivieran\\\/team\\\/amandine-gueyraud\\\/#breadcrumb\"},\"inLanguage\":\"sv-SE\",\"potentialAction\":[{\"@type\":\"ReadAction\",\"target\":[\"https:\\\/\\\/www.wretmanestate.com\\\/sv\\\/om-oss-maklare-franska-rivieran\\\/team\\\/amandine-gueyraud\\\/\"]}]},{\"@type\":\"BreadcrumbList\",\"@id\":\"https:\\\/\\\/www.wretmanestate.com\\\/sv\\\/om-oss-maklare-franska-rivieran\\\/team\\\/amandine-gueyraud\\\/#breadcrumb\",\"itemListElement\":[{\"@type\":\"ListItem\",\"position\":1,\"name\":\"Accueil\",\"item\":\"https:\\\/\\\/www.wretmanestate.com\\\/sv\\\/\"},{\"@type\":\"ListItem\",\"position\":2,\"name\":\"Om oss\",\"item\":\"https:\\\/\\\/www.wretmanestate.com\\\/sv\\\/om-oss-maklare-franska-rivieran\\\/\"},{\"@type\":\"ListItem\",\"position\":3,\"name\":\"Team\",\"item\":\"https:\\\/\\\/www.wretmanestate.com\\\/sv\\\/om-oss-maklare-franska-rivieran\\\/team\\\/\"},{\"@type\":\"ListItem\",\"position\":4,\"name\":\"Amandine GUEYRAUD\"}]},{\"@type\":\"WebSite\",\"@id\":\"https:\\\/\\\/www.wretmanestate.com\\\/sv\\\/#website\",\"url\":\"https:\\\/\\\/www.wretmanestate.com\\\/sv\\\/\",\"name\":\"Wretman Estate\",\"description\":\"Immobilier sur la C\u00f4te d&#039;Azur et la Provence\",\"publisher\":{\"@id\":\"https:\\\/\\\/www.wretmanestate.com\\\/sv\\\/#organization\"},\"potentialAction\":[{\"@type\":\"SearchAction\",\"target\":{\"@type\":\"EntryPoint\",\"urlTemplate\":\"https:\\\/\\\/www.wretmanestate.com\\\/sv\\\/?s={search_term_string}\"},\"query-input\":{\"@type\":\"PropertyValueSpecification\",\"valueRequired\":true,\"valueName\":\"search_term_string\"}}],\"inLanguage\":\"sv-SE\"},{\"@type\":\"Organization\",\"@id\":\"https:\\\/\\\/www.wretmanestate.com\\\/sv\\\/#organization\",\"name\":\"WRETMAN ESTATE\",\"url\":\"https:\\\/\\\/www.wretmanestate.com\\\/sv\\\/\",\"logo\":{\"@type\":\"ImageObject\",\"inLanguage\":\"sv-SE\",\"@id\":\"https:\\\/\\\/www.wretmanestate.com\\\/sv\\\/#\\\/schema\\\/logo\\\/image\\\/\",\"url\":\"\",\"contentUrl\":\"\",\"caption\":\"WRETMAN ESTATE\"},\"image\":{\"@id\":\"https:\\\/\\\/www.wretmanestate.com\\\/sv\\\/#\\\/schema\\\/logo\\\/image\\\/\"}}]}<\/script>\n<!-- \/ Yoast SEO plugin. -->","yoast_head_json":{"title":"M\u00e4klare i Fayence och Callian - Amandine GUEYRAUD - Wretman Estate","description":"Amandine Gueyraud \u00e4r assistent p\u00e5 Wretman Estate Callian-kontor. Vi \u00e4r den st\u00f6rsta skandinaviska fastighetsbyr\u00e5n p\u00e5 Franska Rivieran. Kontakta oss idag!","robots":{"index":"index","follow":"follow","max-snippet":"max-snippet:-1","max-image-preview":"max-image-preview:large","max-video-preview":"max-video-preview:-1"},"canonical":"https:\/\/www.wretmanestate.com\/sv\/om-oss-maklare-franska-rivieran\/team\/amandine-gueyraud\/","og_locale":"sv_SE","og_type":"article","og_title":"M\u00e4klare i Fayence och Callian - Amandine GUEYRAUD - Wretman Estate","og_description":"Amandine Gueyraud \u00e4r assistent p\u00e5 Wretman Estate Callian-kontor. Vi \u00e4r den st\u00f6rsta skandinaviska fastighetsbyr\u00e5n p\u00e5 Franska Rivieran. Kontakta oss idag!","og_url":"https:\/\/www.wretmanestate.com\/sv\/om-oss-maklare-franska-rivieran\/team\/amandine-gueyraud\/","og_site_name":"Wretman Estate","article_modified_time":"2023-02-02T13:33:16+00:00","twitter_card":"summary_large_image","twitter_misc":{"Ber\u00e4knad l\u00e4stid":"2 minuter"},"schema":{"@context":"https:\/\/schema.org","@graph":[{"@type":"WebPage","@id":"https:\/\/www.wretmanestate.com\/sv\/om-oss-maklare-franska-rivieran\/team\/amandine-gueyraud\/","url":"https:\/\/www.wretmanestate.com\/sv\/om-oss-maklare-franska-rivieran\/team\/amandine-gueyraud\/","name":"M\u00e4klare i Fayence och Callian - Amandine GUEYRAUD - Wretman Estate","isPartOf":{"@id":"https:\/\/www.wretmanestate.com\/sv\/#website"},"datePublished":"2019-12-20T13:23:36+00:00","dateModified":"2023-02-02T13:33:16+00:00","description":"Amandine Gueyraud \u00e4r assistent p\u00e5 Wretman Estate Callian-kontor. Vi \u00e4r den st\u00f6rsta skandinaviska fastighetsbyr\u00e5n p\u00e5 Franska Rivieran. Kontakta oss idag!","breadcrumb":{"@id":"https:\/\/www.wretmanestate.com\/sv\/om-oss-maklare-franska-rivieran\/team\/amandine-gueyraud\/#breadcrumb"},"inLanguage":"sv-SE","potentialAction":[{"@type":"ReadAction","target":["https:\/\/www.wretmanestate.com\/sv\/om-oss-maklare-franska-rivieran\/team\/amandine-gueyraud\/"]}]},{"@type":"BreadcrumbList","@id":"https:\/\/www.wretmanestate.com\/sv\/om-oss-maklare-franska-rivieran\/team\/amandine-gueyraud\/#breadcrumb","itemListElement":[{"@type":"ListItem","position":1,"name":"Accueil","item":"https:\/\/www.wretmanestate.com\/sv\/"},{"@type":"ListItem","position":2,"name":"Om oss","item":"https:\/\/www.wretmanestate.com\/sv\/om-oss-maklare-franska-rivieran\/"},{"@type":"ListItem","position":3,"name":"Team","item":"https:\/\/www.wretmanestate.com\/sv\/om-oss-maklare-franska-rivieran\/team\/"},{"@type":"ListItem","position":4,"name":"Amandine GUEYRAUD"}]},{"@type":"WebSite","@id":"https:\/\/www.wretmanestate.com\/sv\/#website","url":"https:\/\/www.wretmanestate.com\/sv\/","name":"Wretman Estate","description":"Immobilier sur la C\u00f4te d&#039;Azur et la Provence","publisher":{"@id":"https:\/\/www.wretmanestate.com\/sv\/#organization"},"potentialAction":[{"@type":"SearchAction","target":{"@type":"EntryPoint","urlTemplate":"https:\/\/www.wretmanestate.com\/sv\/?s={search_term_string}"},"query-input":{"@type":"PropertyValueSpecification","valueRequired":true,"valueName":"search_term_string"}}],"inLanguage":"sv-SE"},{"@type":"Organization","@id":"https:\/\/www.wretmanestate.com\/sv\/#organization","name":"WRETMAN ESTATE","url":"https:\/\/www.wretmanestate.com\/sv\/","logo":{"@type":"ImageObject","inLanguage":"sv-SE","@id":"https:\/\/www.wretmanestate.com\/sv\/#\/schema\/logo\/image\/","url":"","contentUrl":"","caption":"WRETMAN ESTATE"},"image":{"@id":"https:\/\/www.wretmanestate.com\/sv\/#\/schema\/logo\/image\/"}}]}},"_links":{"self":[{"href":"https:\/\/www.wretmanestate.com\/sv\/wp-json\/wp\/v2\/pages\/11736","targetHints":{"allow":["GET"]}}],"collection":[{"href":"https:\/\/www.wretmanestate.com\/sv\/wp-json\/wp\/v2\/pages"}],"about":[{"href":"https:\/\/www.wretmanestate.com\/sv\/wp-json\/wp\/v2\/types\/page"}],"author":[{"embeddable":true,"href":"https:\/\/www.wretmanestate.com\/sv\/wp-json\/wp\/v2\/users\/23"}],"replies":[{"embeddable":true,"href":"https:\/\/www.wretmanestate.com\/sv\/wp-json\/wp\/v2\/comments?post=11736"}],"version-history":[{"count":6,"href":"https:\/\/www.wretmanestate.com\/sv\/wp-json\/wp\/v2\/pages\/11736\/revisions"}],"predecessor-version":[{"id":383703,"href":"https:\/\/www.wretmanestate.com\/sv\/wp-json\/wp\/v2\/pages\/11736\/revisions\/383703"}],"up":[{"embeddable":true,"href":"https:\/\/www.wretmanestate.com\/sv\/wp-json\/wp\/v2\/pages\/3927"}],"wp:attachment":[{"href":"https:\/\/www.wretmanestate.com\/sv\/wp-json\/wp\/v2\/media?parent=11736"}],"curies":[{"name":"wp","href":"https:\/\/api.w.org\/{rel}","templated":true}]}}