{"id":11853,"date":"2019-12-20T10:47:13","date_gmt":"2019-12-20T09:47:13","guid":{"rendered":"https:\/\/www.wretmanestate.com\/?page_id=11853"},"modified":"2022-02-15T10:58:30","modified_gmt":"2022-02-15T09:58:30","slug":"tiffany-gueyraud","status":"publish","type":"page","link":"https:\/\/www.wretmanestate.com\/sv\/om-oss-maklare-franska-rivieran\/team\/tiffany-gueyraud\/","title":{"rendered":"Tiffany GUEYRAUD"},"content":{"rendered":"<div class=\"wpb-content-wrapper\"><p>[vc_row full_width=&#8221;stretch_row_content_no_spaces&#8221; content_placement=&#8221;bottom&#8221; css=&#8221;.vc_custom_1580722970157{background-image: url(https:\/\/www.wretmanestate.com\/wp-content\/uploads\/2019\/11\/new-banner.jpg?id=3444) !important;background-position: center !important;background-repeat: no-repeat !important;background-size: cover !important;}&#8221; el_class=&#8221;bloc-title header_team medium&#8221;][vc_column]<div class=\" \">\r\n\t\r\n        <div class=\"mh-heading-wrapper\">\r\n            <h1            class=\"mh-heading mh-color-white mh-heading--bottom-separator   \"\r\n            style=\"font-weight:700;\">\r\n\t\t\tTiffany GUEYRAUD        <\/h1>\r\n\r\n\t\t            <div class=\"mh-subheading mh-color-white\"\r\n                 style=\"\">\r\n\t\t\t\tAdministrativ assistent p\u00e5 kontoret i Cannes            <\/div>\r\n\t\t    <\/div>\r\n\r\n\t<\/div>[vc_single_image image=&#8221;272618&#8243; img_size=&#8221;full&#8221; alignment=&#8221;center&#8221; style=&#8221;vc_box_rounded&#8221;][\/vc_column][\/vc_row][vc_row bg_type=&#8221;bg_color&#8221; bg_override=&#8221;ex-full&#8221; el_class=&#8221;team_desc&#8221; bg_color_value=&#8221;#f2f2f6&#8243;][vc_column width=&#8221;1\/2&#8243;][vc_column_text]<\/p>\n<h5><strong>Hur hamnade du p\u00e5 Wretman Estate ?<\/strong><\/h5>\n<p>N\u00e4r jag h\u00f6ll p\u00e5 med mina studier inom m\u00e4kleri, letade jag efter ett f\u00f6retag f\u00f6r att jobba som intern p\u00e5 halvtid. P\u00e5 den tiden jobbade mina tv\u00e5 systror p\u00e5 Wretman Estate som assistent och Filip beh\u00f6vde en assistent f\u00f6r kontoret i Menton. Vi kom i kontakt och sedan anst\u00e4llde han mig som assistent i Menton.<\/p>\n<h5><strong>Har du l\u00e4rt dig n\u00e5gra ord p\u00e5 svenska ?<\/strong><\/h5>\n<p>Ja jag har l\u00e4rt mig flera ord ord p\u00e5 svenska tack vare mina kollegor p\u00e5 jobbet, som : Hej, adj\u00f6, tack sa mycket, varsagod, hur mar du, bra\u2026<\/p>\n<h5><strong>Vilken \u00e4r enligt dig den viktigaste egenskapen f\u00f6r att vara en bra m\u00e4klare ?<\/strong><\/h5>\n<p>F\u00f6r mig ska en m\u00e4klare ha flera egenskaper. Han m\u00e5ste vara \u00e4rlig, professionell, sympatisk och framf\u00f6r allt kompetent.[\/vc_column_text][\/vc_column][vc_column width=&#8221;1\/2&#8243;][vc_column_text]<\/p>\n<h5><strong>Vilken \u00e4r din favorittur\/utflykt i regionen?<\/strong><\/h5>\n<p>F\u00f6r en promenad med frisk luft, f\u00f6redrar jag Le Var f\u00f6r dess skogar och landsbygd. N\u00e4r jag vill ta en tur p\u00e5 stan, f\u00f6redrar jag Cannes eller Nice.<\/p>\n<h5><strong>Hur ser en perfekt s\u00f6ndag ut f\u00f6r dig?<\/strong><\/h5>\n<p>En idealisk s\u00f6ndag f\u00f6r mig b\u00f6rjar med en sovmorgon, sedan en lunch med familjen och avslutas med en promenad eller en aktivitet med familjen.<\/p>\n<h5><strong>Vad gillar du att g\u00f6ra p\u00e5 en ledig dag?<\/strong><\/h5>\n<p>P\u00e5 en ledig dag gillar jag att g\u00f6ra saker som jag inte hinner med under veckan eller som jag alltid skjuter upp till n\u00e4sta dag. Jag m\u00e5ste i alla fall vara produktiv![\/vc_column_text][\/vc_column][\/vc_row][vc_row][vc_column]    <div class=\"mh-grid\">\r\n\t\t    <\/div>\r\n\r\n[\/vc_column][\/vc_row]<\/p>\n<\/div>","protected":false},"excerpt":{"rendered":"<p>[vc_row full_width=&#8221;stretch_row_content_no_spaces&#8221; content_placement=&#8221;bottom&#8221; css=&#8221;.vc_custom_1580722970157{background-image: url(https:\/\/www.wretmanestate.com\/wp-content\/uploads\/2019\/11\/new-banner.jpg?id=3444) !important;background-position: center !important;background-repeat: no-repeat !important;background-size: cover !important;}&#8221; el_class=&#8221;bloc-title header_team medium&#8221;][vc_column][vc_single_image image=&#8221;272618&#8243; img_size=&#8221;full&#8221; alignment=&#8221;center&#8221; style=&#8221;vc_box_rounded&#8221;][\/vc_column][\/vc_row][vc_row bg_type=&#8221;bg_color&#8221; bg_override=&#8221;ex-full&#8221; el_class=&#8221;team_desc&#8221; bg_color_value=&#8221;#f2f2f6&#8243;][vc_column width=&#8221;1\/2&#8243;][vc_column_text] Hur hamnade du p\u00e5 Wretman Estate ? N\u00e4r jag h\u00f6ll p\u00e5 med mina studier inom m\u00e4kleri, letade jag efter ett f\u00f6retag f\u00f6r att jobba som intern p\u00e5 halvtid. P\u00e5 den tiden [&hellip;]<\/p>\n","protected":false},"author":23,"featured_media":0,"parent":3927,"menu_order":0,"comment_status":"closed","ping_status":"closed","template":"page_full-width.php","meta":{"_acf_changed":false,"content-type":"","_monsterinsights_skip_tracking":false,"_monsterinsights_sitenote_active":false,"_monsterinsights_sitenote_note":"","_monsterinsights_sitenote_category":0,"footnotes":""},"class_list":["post-11853","page","type-page","status-publish","hentry"],"acf":[],"yoast_head":"<!-- This site is optimized with the Yoast SEO plugin v27.5 - https:\/\/yoast.com\/product\/yoast-seo-wordpress\/ -->\n<title>M\u00e4klarassistent - Tiffany GUEYRAUD - Wretman Estate<\/title>\n<meta name=\"description\" content=\"Wretman Estate har sju kontor l\u00e4ngs hela Rivieran. Tiffany jobbar som m\u00e4klarassistent i Cannes. Kontakta oss om du vill s\u00e4lja eller k\u00f6pa boende p\u00e5 Rivieran!\" \/>\n<meta name=\"robots\" content=\"index, follow, max-snippet:-1, max-image-preview:large, max-video-preview:-1\" \/>\n<link rel=\"canonical\" href=\"https:\/\/www.wretmanestate.com\/sv\/om-oss-maklare-franska-rivieran\/team\/tiffany-gueyraud\/\" \/>\n<meta property=\"og:locale\" content=\"sv_SE\" \/>\n<meta property=\"og:type\" content=\"article\" \/>\n<meta property=\"og:title\" content=\"M\u00e4klarassistent - Tiffany GUEYRAUD - Wretman Estate\" \/>\n<meta property=\"og:description\" content=\"Wretman Estate har sju kontor l\u00e4ngs hela Rivieran. Tiffany jobbar som m\u00e4klarassistent i Cannes. Kontakta oss om du vill s\u00e4lja eller k\u00f6pa boende p\u00e5 Rivieran!\" \/>\n<meta property=\"og:url\" content=\"https:\/\/www.wretmanestate.com\/sv\/om-oss-maklare-franska-rivieran\/team\/tiffany-gueyraud\/\" \/>\n<meta property=\"og:site_name\" content=\"Wretman Estate\" \/>\n<meta property=\"article:modified_time\" content=\"2022-02-15T09:58:30+00:00\" \/>\n<meta name=\"twitter:card\" content=\"summary_large_image\" \/>\n<meta name=\"twitter:label1\" content=\"Ber\u00e4knad l\u00e4stid\" \/>\n\t<meta name=\"twitter:data1\" content=\"2 minuter\" \/>\n<script type=\"application\/ld+json\" class=\"yoast-schema-graph\">{\"@context\":\"https:\\\/\\\/schema.org\",\"@graph\":[{\"@type\":\"WebPage\",\"@id\":\"https:\\\/\\\/www.wretmanestate.com\\\/sv\\\/om-oss-maklare-franska-rivieran\\\/team\\\/tiffany-gueyraud\\\/\",\"url\":\"https:\\\/\\\/www.wretmanestate.com\\\/sv\\\/om-oss-maklare-franska-rivieran\\\/team\\\/tiffany-gueyraud\\\/\",\"name\":\"M\u00e4klarassistent - Tiffany GUEYRAUD - Wretman Estate\",\"isPartOf\":{\"@id\":\"https:\\\/\\\/www.wretmanestate.com\\\/sv\\\/#website\"},\"datePublished\":\"2019-12-20T09:47:13+00:00\",\"dateModified\":\"2022-02-15T09:58:30+00:00\",\"description\":\"Wretman Estate har sju kontor l\u00e4ngs hela Rivieran. Tiffany jobbar som m\u00e4klarassistent i Cannes. Kontakta oss om du vill s\u00e4lja eller k\u00f6pa boende p\u00e5 Rivieran!\",\"breadcrumb\":{\"@id\":\"https:\\\/\\\/www.wretmanestate.com\\\/sv\\\/om-oss-maklare-franska-rivieran\\\/team\\\/tiffany-gueyraud\\\/#breadcrumb\"},\"inLanguage\":\"sv-SE\",\"potentialAction\":[{\"@type\":\"ReadAction\",\"target\":[\"https:\\\/\\\/www.wretmanestate.com\\\/sv\\\/om-oss-maklare-franska-rivieran\\\/team\\\/tiffany-gueyraud\\\/\"]}]},{\"@type\":\"BreadcrumbList\",\"@id\":\"https:\\\/\\\/www.wretmanestate.com\\\/sv\\\/om-oss-maklare-franska-rivieran\\\/team\\\/tiffany-gueyraud\\\/#breadcrumb\",\"itemListElement\":[{\"@type\":\"ListItem\",\"position\":1,\"name\":\"Accueil\",\"item\":\"https:\\\/\\\/www.wretmanestate.com\\\/sv\\\/\"},{\"@type\":\"ListItem\",\"position\":2,\"name\":\"Om oss\",\"item\":\"https:\\\/\\\/www.wretmanestate.com\\\/sv\\\/om-oss-maklare-franska-rivieran\\\/\"},{\"@type\":\"ListItem\",\"position\":3,\"name\":\"Team\",\"item\":\"https:\\\/\\\/www.wretmanestate.com\\\/sv\\\/om-oss-maklare-franska-rivieran\\\/team\\\/\"},{\"@type\":\"ListItem\",\"position\":4,\"name\":\"Tiffany GUEYRAUD\"}]},{\"@type\":\"WebSite\",\"@id\":\"https:\\\/\\\/www.wretmanestate.com\\\/sv\\\/#website\",\"url\":\"https:\\\/\\\/www.wretmanestate.com\\\/sv\\\/\",\"name\":\"Wretman Estate\",\"description\":\"Immobilier sur la C\u00f4te d&#039;Azur et la Provence\",\"publisher\":{\"@id\":\"https:\\\/\\\/www.wretmanestate.com\\\/sv\\\/#organization\"},\"potentialAction\":[{\"@type\":\"SearchAction\",\"target\":{\"@type\":\"EntryPoint\",\"urlTemplate\":\"https:\\\/\\\/www.wretmanestate.com\\\/sv\\\/?s={search_term_string}\"},\"query-input\":{\"@type\":\"PropertyValueSpecification\",\"valueRequired\":true,\"valueName\":\"search_term_string\"}}],\"inLanguage\":\"sv-SE\"},{\"@type\":\"Organization\",\"@id\":\"https:\\\/\\\/www.wretmanestate.com\\\/sv\\\/#organization\",\"name\":\"WRETMAN ESTATE\",\"url\":\"https:\\\/\\\/www.wretmanestate.com\\\/sv\\\/\",\"logo\":{\"@type\":\"ImageObject\",\"inLanguage\":\"sv-SE\",\"@id\":\"https:\\\/\\\/www.wretmanestate.com\\\/sv\\\/#\\\/schema\\\/logo\\\/image\\\/\",\"url\":\"\",\"contentUrl\":\"\",\"caption\":\"WRETMAN ESTATE\"},\"image\":{\"@id\":\"https:\\\/\\\/www.wretmanestate.com\\\/sv\\\/#\\\/schema\\\/logo\\\/image\\\/\"}}]}<\/script>\n<!-- \/ Yoast SEO plugin. -->","yoast_head_json":{"title":"M\u00e4klarassistent - Tiffany GUEYRAUD - Wretman Estate","description":"Wretman Estate har sju kontor l\u00e4ngs hela Rivieran. Tiffany jobbar som m\u00e4klarassistent i Cannes. Kontakta oss om du vill s\u00e4lja eller k\u00f6pa boende p\u00e5 Rivieran!","robots":{"index":"index","follow":"follow","max-snippet":"max-snippet:-1","max-image-preview":"max-image-preview:large","max-video-preview":"max-video-preview:-1"},"canonical":"https:\/\/www.wretmanestate.com\/sv\/om-oss-maklare-franska-rivieran\/team\/tiffany-gueyraud\/","og_locale":"sv_SE","og_type":"article","og_title":"M\u00e4klarassistent - Tiffany GUEYRAUD - Wretman Estate","og_description":"Wretman Estate har sju kontor l\u00e4ngs hela Rivieran. Tiffany jobbar som m\u00e4klarassistent i Cannes. Kontakta oss om du vill s\u00e4lja eller k\u00f6pa boende p\u00e5 Rivieran!","og_url":"https:\/\/www.wretmanestate.com\/sv\/om-oss-maklare-franska-rivieran\/team\/tiffany-gueyraud\/","og_site_name":"Wretman Estate","article_modified_time":"2022-02-15T09:58:30+00:00","twitter_card":"summary_large_image","twitter_misc":{"Ber\u00e4knad l\u00e4stid":"2 minuter"},"schema":{"@context":"https:\/\/schema.org","@graph":[{"@type":"WebPage","@id":"https:\/\/www.wretmanestate.com\/sv\/om-oss-maklare-franska-rivieran\/team\/tiffany-gueyraud\/","url":"https:\/\/www.wretmanestate.com\/sv\/om-oss-maklare-franska-rivieran\/team\/tiffany-gueyraud\/","name":"M\u00e4klarassistent - Tiffany GUEYRAUD - Wretman Estate","isPartOf":{"@id":"https:\/\/www.wretmanestate.com\/sv\/#website"},"datePublished":"2019-12-20T09:47:13+00:00","dateModified":"2022-02-15T09:58:30+00:00","description":"Wretman Estate har sju kontor l\u00e4ngs hela Rivieran. Tiffany jobbar som m\u00e4klarassistent i Cannes. Kontakta oss om du vill s\u00e4lja eller k\u00f6pa boende p\u00e5 Rivieran!","breadcrumb":{"@id":"https:\/\/www.wretmanestate.com\/sv\/om-oss-maklare-franska-rivieran\/team\/tiffany-gueyraud\/#breadcrumb"},"inLanguage":"sv-SE","potentialAction":[{"@type":"ReadAction","target":["https:\/\/www.wretmanestate.com\/sv\/om-oss-maklare-franska-rivieran\/team\/tiffany-gueyraud\/"]}]},{"@type":"BreadcrumbList","@id":"https:\/\/www.wretmanestate.com\/sv\/om-oss-maklare-franska-rivieran\/team\/tiffany-gueyraud\/#breadcrumb","itemListElement":[{"@type":"ListItem","position":1,"name":"Accueil","item":"https:\/\/www.wretmanestate.com\/sv\/"},{"@type":"ListItem","position":2,"name":"Om oss","item":"https:\/\/www.wretmanestate.com\/sv\/om-oss-maklare-franska-rivieran\/"},{"@type":"ListItem","position":3,"name":"Team","item":"https:\/\/www.wretmanestate.com\/sv\/om-oss-maklare-franska-rivieran\/team\/"},{"@type":"ListItem","position":4,"name":"Tiffany GUEYRAUD"}]},{"@type":"WebSite","@id":"https:\/\/www.wretmanestate.com\/sv\/#website","url":"https:\/\/www.wretmanestate.com\/sv\/","name":"Wretman Estate","description":"Immobilier sur la C\u00f4te d&#039;Azur et la Provence","publisher":{"@id":"https:\/\/www.wretmanestate.com\/sv\/#organization"},"potentialAction":[{"@type":"SearchAction","target":{"@type":"EntryPoint","urlTemplate":"https:\/\/www.wretmanestate.com\/sv\/?s={search_term_string}"},"query-input":{"@type":"PropertyValueSpecification","valueRequired":true,"valueName":"search_term_string"}}],"inLanguage":"sv-SE"},{"@type":"Organization","@id":"https:\/\/www.wretmanestate.com\/sv\/#organization","name":"WRETMAN ESTATE","url":"https:\/\/www.wretmanestate.com\/sv\/","logo":{"@type":"ImageObject","inLanguage":"sv-SE","@id":"https:\/\/www.wretmanestate.com\/sv\/#\/schema\/logo\/image\/","url":"","contentUrl":"","caption":"WRETMAN ESTATE"},"image":{"@id":"https:\/\/www.wretmanestate.com\/sv\/#\/schema\/logo\/image\/"}}]}},"_links":{"self":[{"href":"https:\/\/www.wretmanestate.com\/sv\/wp-json\/wp\/v2\/pages\/11853","targetHints":{"allow":["GET"]}}],"collection":[{"href":"https:\/\/www.wretmanestate.com\/sv\/wp-json\/wp\/v2\/pages"}],"about":[{"href":"https:\/\/www.wretmanestate.com\/sv\/wp-json\/wp\/v2\/types\/page"}],"author":[{"embeddable":true,"href":"https:\/\/www.wretmanestate.com\/sv\/wp-json\/wp\/v2\/users\/23"}],"replies":[{"embeddable":true,"href":"https:\/\/www.wretmanestate.com\/sv\/wp-json\/wp\/v2\/comments?post=11853"}],"version-history":[{"count":8,"href":"https:\/\/www.wretmanestate.com\/sv\/wp-json\/wp\/v2\/pages\/11853\/revisions"}],"predecessor-version":[{"id":272790,"href":"https:\/\/www.wretmanestate.com\/sv\/wp-json\/wp\/v2\/pages\/11853\/revisions\/272790"}],"up":[{"embeddable":true,"href":"https:\/\/www.wretmanestate.com\/sv\/wp-json\/wp\/v2\/pages\/3927"}],"wp:attachment":[{"href":"https:\/\/www.wretmanestate.com\/sv\/wp-json\/wp\/v2\/media?parent=11853"}],"curies":[{"name":"wp","href":"https:\/\/api.w.org\/{rel}","templated":true}]}}