{"id":140341,"date":"2020-09-18T15:48:52","date_gmt":"2020-09-18T13:48:52","guid":{"rendered":"https:\/\/www.wretmanestate.com\/?page_id=140341"},"modified":"2020-09-18T15:48:52","modified_gmt":"2020-09-18T13:48:52","slug":"amelie-pommier","status":"publish","type":"page","link":"https:\/\/www.wretmanestate.com\/sv\/om-oss-maklare-franska-rivieran\/team\/amelie-pommier\/","title":{"rendered":"Am\u00e9lie POMMIER"},"content":{"rendered":"<div class=\"wpb-content-wrapper\"><p>[vc_row full_width=&#8221;stretch_row_content_no_spaces&#8221; content_placement=&#8221;bottom&#8221; css=&#8221;.vc_custom_1580468026501{background-image: url(https:\/\/www.wretmanestate.com\/wp-content\/uploads\/2019\/11\/new-banner.jpg?id=3444) !important;background-position: center !important;background-repeat: no-repeat !important;background-size: cover !important;}&#8221; el_class=&#8221;bloc-title header_team medium&#8221;][vc_column]<div class=\" \">\r\n\t\r\n        <div class=\"mh-heading-wrapper\">\r\n            <h1            class=\"mh-heading mh-color-white mh-heading--bottom-separator   \"\r\n            style=\"font-weight:700;\">\r\n\t\t\tAm\u00e9lie POMMIER        <\/h1>\r\n\r\n\t\t            <div class=\"mh-subheading mh-color-white\"\r\n                 style=\"\">\r\n\t\t\t\tPraktikant p\u00e5 kontoret i Cannes            <\/div>\r\n\t\t    <\/div>\r\n\r\n\t<\/div>[vc_single_image image=&#8221;17159&#8243; img_size=&#8221;full&#8221; alignment=&#8221;center&#8221; style=&#8221;vc_box_rounded&#8221;][\/vc_column][\/vc_row][vc_row bg_type=&#8221;bg_color&#8221; bg_override=&#8221;ex-full&#8221; el_class=&#8221;team_desc&#8221; bg_color_value=&#8221;#f2f2f6&#8243;][vc_column width=&#8221;1\/2&#8243;][vc_column_text]<\/p>\n<h5><strong>Vilken \u00e4r din favoritutflykt p\u00e5 Franska Rivieran?<\/strong><\/h5>\n<p>Jag \u00e4lskar att \u00e5ka till T\u00eate de Chien, h\u00e4rifr\u00e5n har man en fantastisk utsikt \u00f6ver Franska Rivieran och Monaco.<\/p>\n<h5><strong>Favoritplats p\u00e5 Rivieran?<\/strong><\/h5>\n<p>Jag skulle v\u00e4lja Monaco, eftersom det \u00e4r en av v\u00e4rldens s\u00e4kraste platser, fullt av intressanta evenemang, och det finns m\u00e5nga bra restauranger!<\/p>\n<h5><strong>Hur spenderar du helst en ledig dag?<\/strong><\/h5>\n<p>Jag tycker om att umg\u00e5s med mina v\u00e4nner.[\/vc_column_text][\/vc_column][vc_column width=&#8221;1\/2&#8243;][vc_column_text]<\/p>\n<h5><strong>Vilken \u00e4r enligt dig den viktigaste egenskapen f\u00f6r att vara en bra m\u00e4klare?<\/strong><\/h5>\n<p>Enligt mig m\u00e5ste du vara en bra lyssnare f\u00f6r att f\u00f6rst\u00e5 kundernas behov. Du m\u00e5ste ocks\u00e5 vara beslutsam och n\u00e5gon som inte ger upp i f\u00f6rsta taget.<\/p>\n<h5><strong>Vad vet du om Sverige?<\/strong><\/h5>\n<p>Jag har aldrig bes\u00f6kt sverige, men jag vet att svenskar \u00e4r varma och v\u00e4lkomnande m\u00e4nniskor.<\/p>\n<h5><strong>Kan du n\u00e5gra ord p\u00e5 svenska?<\/strong><\/h5>\n<p>Jag kan s\u00e4ga hej, hejd\u00e5, tack s\u00e5 mycket &#8230; Jag l\u00e4r mig nya ord varje dag nu n\u00e4r jag jobbar med svenskar!<\/p>\n<p>[\/vc_column_text][\/vc_column][\/vc_row]<\/p>\n<\/div>","protected":false},"excerpt":{"rendered":"<p>[vc_row full_width=&#8221;stretch_row_content_no_spaces&#8221; content_placement=&#8221;bottom&#8221; css=&#8221;.vc_custom_1580468026501{background-image: url(https:\/\/www.wretmanestate.com\/wp-content\/uploads\/2019\/11\/new-banner.jpg?id=3444) !important;background-position: center !important;background-repeat: no-repeat !important;background-size: cover !important;}&#8221; el_class=&#8221;bloc-title header_team medium&#8221;][vc_column][vc_single_image image=&#8221;17159&#8243; img_size=&#8221;full&#8221; alignment=&#8221;center&#8221; style=&#8221;vc_box_rounded&#8221;][\/vc_column][\/vc_row][vc_row bg_type=&#8221;bg_color&#8221; bg_override=&#8221;ex-full&#8221; el_class=&#8221;team_desc&#8221; bg_color_value=&#8221;#f2f2f6&#8243;][vc_column width=&#8221;1\/2&#8243;][vc_column_text] Vilken \u00e4r din favoritutflykt p\u00e5 Franska Rivieran? Jag \u00e4lskar att \u00e5ka till T\u00eate de Chien, h\u00e4rifr\u00e5n har man en fantastisk utsikt \u00f6ver Franska Rivieran och Monaco. Favoritplats p\u00e5 Rivieran? Jag skulle [&hellip;]<\/p>\n","protected":false},"author":1,"featured_media":0,"parent":3927,"menu_order":0,"comment_status":"closed","ping_status":"closed","template":"page_full-width.php","meta":{"_acf_changed":false,"content-type":"","_monsterinsights_skip_tracking":false,"_monsterinsights_sitenote_active":false,"_monsterinsights_sitenote_note":"","_monsterinsights_sitenote_category":0,"footnotes":""},"class_list":["post-140341","page","type-page","status-publish","hentry"],"acf":[],"yoast_head":"<!-- This site is optimized with the Yoast SEO plugin v27.3 - https:\/\/yoast.com\/product\/yoast-seo-wordpress\/ -->\n<title>Am\u00e9lie POMMIER - Praktikant p\u00e5 kontoret i Cannes - Wretman Estate<\/title>\n<meta name=\"description\" content=\"Am\u00e9lie \u00e4r praktikant p\u00e5 Wretman Estate i Cannes, ett av v\u00e5ra sju kontor p\u00e5 Franska Rivieran. Vi t\u00e4cker omr\u00e5det fr\u00e5n Menton till St Tropez.\" \/>\n<meta name=\"robots\" content=\"index, follow, max-snippet:-1, max-image-preview:large, max-video-preview:-1\" \/>\n<link rel=\"canonical\" href=\"https:\/\/www.wretmanestate.com\/sv\/om-oss-maklare-franska-rivieran\/team\/amelie-pommier\/\" \/>\n<meta property=\"og:locale\" content=\"sv_SE\" \/>\n<meta property=\"og:type\" content=\"article\" \/>\n<meta property=\"og:title\" content=\"Am\u00e9lie POMMIER - Praktikant p\u00e5 kontoret i Cannes - Wretman Estate\" \/>\n<meta property=\"og:description\" content=\"Am\u00e9lie \u00e4r praktikant p\u00e5 Wretman Estate i Cannes, ett av v\u00e5ra sju kontor p\u00e5 Franska Rivieran. Vi t\u00e4cker omr\u00e5det fr\u00e5n Menton till St Tropez.\" \/>\n<meta property=\"og:url\" content=\"https:\/\/www.wretmanestate.com\/sv\/om-oss-maklare-franska-rivieran\/team\/amelie-pommier\/\" \/>\n<meta property=\"og:site_name\" content=\"Wretman Estate\" \/>\n<meta name=\"twitter:card\" content=\"summary_large_image\" \/>\n<meta name=\"twitter:label1\" content=\"Ber\u00e4knad l\u00e4stid\" \/>\n\t<meta name=\"twitter:data1\" content=\"2 minuter\" \/>\n<script type=\"application\/ld+json\" class=\"yoast-schema-graph\">{\"@context\":\"https:\\\/\\\/schema.org\",\"@graph\":[{\"@type\":\"WebPage\",\"@id\":\"https:\\\/\\\/www.wretmanestate.com\\\/sv\\\/om-oss-maklare-franska-rivieran\\\/team\\\/amelie-pommier\\\/\",\"url\":\"https:\\\/\\\/www.wretmanestate.com\\\/sv\\\/om-oss-maklare-franska-rivieran\\\/team\\\/amelie-pommier\\\/\",\"name\":\"Am\u00e9lie POMMIER - Praktikant p\u00e5 kontoret i Cannes - Wretman Estate\",\"isPartOf\":{\"@id\":\"https:\\\/\\\/www.wretmanestate.com\\\/sv\\\/#website\"},\"datePublished\":\"2020-09-18T13:48:52+00:00\",\"description\":\"Am\u00e9lie \u00e4r praktikant p\u00e5 Wretman Estate i Cannes, ett av v\u00e5ra sju kontor p\u00e5 Franska Rivieran. Vi t\u00e4cker omr\u00e5det fr\u00e5n Menton till St Tropez.\",\"breadcrumb\":{\"@id\":\"https:\\\/\\\/www.wretmanestate.com\\\/sv\\\/om-oss-maklare-franska-rivieran\\\/team\\\/amelie-pommier\\\/#breadcrumb\"},\"inLanguage\":\"sv-SE\",\"potentialAction\":[{\"@type\":\"ReadAction\",\"target\":[\"https:\\\/\\\/www.wretmanestate.com\\\/sv\\\/om-oss-maklare-franska-rivieran\\\/team\\\/amelie-pommier\\\/\"]}]},{\"@type\":\"BreadcrumbList\",\"@id\":\"https:\\\/\\\/www.wretmanestate.com\\\/sv\\\/om-oss-maklare-franska-rivieran\\\/team\\\/amelie-pommier\\\/#breadcrumb\",\"itemListElement\":[{\"@type\":\"ListItem\",\"position\":1,\"name\":\"Accueil\",\"item\":\"https:\\\/\\\/www.wretmanestate.com\\\/sv\\\/\"},{\"@type\":\"ListItem\",\"position\":2,\"name\":\"Om oss\",\"item\":\"https:\\\/\\\/www.wretmanestate.com\\\/sv\\\/om-oss-maklare-franska-rivieran\\\/\"},{\"@type\":\"ListItem\",\"position\":3,\"name\":\"Team\",\"item\":\"https:\\\/\\\/www.wretmanestate.com\\\/sv\\\/om-oss-maklare-franska-rivieran\\\/team\\\/\"},{\"@type\":\"ListItem\",\"position\":4,\"name\":\"Am\u00e9lie POMMIER\"}]},{\"@type\":\"WebSite\",\"@id\":\"https:\\\/\\\/www.wretmanestate.com\\\/sv\\\/#website\",\"url\":\"https:\\\/\\\/www.wretmanestate.com\\\/sv\\\/\",\"name\":\"Wretman Estate\",\"description\":\"Immobilier sur la C\u00f4te d&#039;Azur et la Provence\",\"publisher\":{\"@id\":\"https:\\\/\\\/www.wretmanestate.com\\\/sv\\\/#organization\"},\"potentialAction\":[{\"@type\":\"SearchAction\",\"target\":{\"@type\":\"EntryPoint\",\"urlTemplate\":\"https:\\\/\\\/www.wretmanestate.com\\\/sv\\\/?s={search_term_string}\"},\"query-input\":{\"@type\":\"PropertyValueSpecification\",\"valueRequired\":true,\"valueName\":\"search_term_string\"}}],\"inLanguage\":\"sv-SE\"},{\"@type\":\"Organization\",\"@id\":\"https:\\\/\\\/www.wretmanestate.com\\\/sv\\\/#organization\",\"name\":\"WRETMAN ESTATE\",\"url\":\"https:\\\/\\\/www.wretmanestate.com\\\/sv\\\/\",\"logo\":{\"@type\":\"ImageObject\",\"inLanguage\":\"sv-SE\",\"@id\":\"https:\\\/\\\/www.wretmanestate.com\\\/sv\\\/#\\\/schema\\\/logo\\\/image\\\/\",\"url\":\"\",\"contentUrl\":\"\",\"caption\":\"WRETMAN ESTATE\"},\"image\":{\"@id\":\"https:\\\/\\\/www.wretmanestate.com\\\/sv\\\/#\\\/schema\\\/logo\\\/image\\\/\"}}]}<\/script>\n<!-- \/ Yoast SEO plugin. -->","yoast_head_json":{"title":"Am\u00e9lie POMMIER - Praktikant p\u00e5 kontoret i Cannes - Wretman Estate","description":"Am\u00e9lie \u00e4r praktikant p\u00e5 Wretman Estate i Cannes, ett av v\u00e5ra sju kontor p\u00e5 Franska Rivieran. Vi t\u00e4cker omr\u00e5det fr\u00e5n Menton till St Tropez.","robots":{"index":"index","follow":"follow","max-snippet":"max-snippet:-1","max-image-preview":"max-image-preview:large","max-video-preview":"max-video-preview:-1"},"canonical":"https:\/\/www.wretmanestate.com\/sv\/om-oss-maklare-franska-rivieran\/team\/amelie-pommier\/","og_locale":"sv_SE","og_type":"article","og_title":"Am\u00e9lie POMMIER - Praktikant p\u00e5 kontoret i Cannes - Wretman Estate","og_description":"Am\u00e9lie \u00e4r praktikant p\u00e5 Wretman Estate i Cannes, ett av v\u00e5ra sju kontor p\u00e5 Franska Rivieran. Vi t\u00e4cker omr\u00e5det fr\u00e5n Menton till St Tropez.","og_url":"https:\/\/www.wretmanestate.com\/sv\/om-oss-maklare-franska-rivieran\/team\/amelie-pommier\/","og_site_name":"Wretman Estate","twitter_card":"summary_large_image","twitter_misc":{"Ber\u00e4knad l\u00e4stid":"2 minuter"},"schema":{"@context":"https:\/\/schema.org","@graph":[{"@type":"WebPage","@id":"https:\/\/www.wretmanestate.com\/sv\/om-oss-maklare-franska-rivieran\/team\/amelie-pommier\/","url":"https:\/\/www.wretmanestate.com\/sv\/om-oss-maklare-franska-rivieran\/team\/amelie-pommier\/","name":"Am\u00e9lie POMMIER - Praktikant p\u00e5 kontoret i Cannes - Wretman Estate","isPartOf":{"@id":"https:\/\/www.wretmanestate.com\/sv\/#website"},"datePublished":"2020-09-18T13:48:52+00:00","description":"Am\u00e9lie \u00e4r praktikant p\u00e5 Wretman Estate i Cannes, ett av v\u00e5ra sju kontor p\u00e5 Franska Rivieran. Vi t\u00e4cker omr\u00e5det fr\u00e5n Menton till St Tropez.","breadcrumb":{"@id":"https:\/\/www.wretmanestate.com\/sv\/om-oss-maklare-franska-rivieran\/team\/amelie-pommier\/#breadcrumb"},"inLanguage":"sv-SE","potentialAction":[{"@type":"ReadAction","target":["https:\/\/www.wretmanestate.com\/sv\/om-oss-maklare-franska-rivieran\/team\/amelie-pommier\/"]}]},{"@type":"BreadcrumbList","@id":"https:\/\/www.wretmanestate.com\/sv\/om-oss-maklare-franska-rivieran\/team\/amelie-pommier\/#breadcrumb","itemListElement":[{"@type":"ListItem","position":1,"name":"Accueil","item":"https:\/\/www.wretmanestate.com\/sv\/"},{"@type":"ListItem","position":2,"name":"Om oss","item":"https:\/\/www.wretmanestate.com\/sv\/om-oss-maklare-franska-rivieran\/"},{"@type":"ListItem","position":3,"name":"Team","item":"https:\/\/www.wretmanestate.com\/sv\/om-oss-maklare-franska-rivieran\/team\/"},{"@type":"ListItem","position":4,"name":"Am\u00e9lie POMMIER"}]},{"@type":"WebSite","@id":"https:\/\/www.wretmanestate.com\/sv\/#website","url":"https:\/\/www.wretmanestate.com\/sv\/","name":"Wretman Estate","description":"Immobilier sur la C\u00f4te d&#039;Azur et la Provence","publisher":{"@id":"https:\/\/www.wretmanestate.com\/sv\/#organization"},"potentialAction":[{"@type":"SearchAction","target":{"@type":"EntryPoint","urlTemplate":"https:\/\/www.wretmanestate.com\/sv\/?s={search_term_string}"},"query-input":{"@type":"PropertyValueSpecification","valueRequired":true,"valueName":"search_term_string"}}],"inLanguage":"sv-SE"},{"@type":"Organization","@id":"https:\/\/www.wretmanestate.com\/sv\/#organization","name":"WRETMAN ESTATE","url":"https:\/\/www.wretmanestate.com\/sv\/","logo":{"@type":"ImageObject","inLanguage":"sv-SE","@id":"https:\/\/www.wretmanestate.com\/sv\/#\/schema\/logo\/image\/","url":"","contentUrl":"","caption":"WRETMAN ESTATE"},"image":{"@id":"https:\/\/www.wretmanestate.com\/sv\/#\/schema\/logo\/image\/"}}]}},"_links":{"self":[{"href":"https:\/\/www.wretmanestate.com\/sv\/wp-json\/wp\/v2\/pages\/140341","targetHints":{"allow":["GET"]}}],"collection":[{"href":"https:\/\/www.wretmanestate.com\/sv\/wp-json\/wp\/v2\/pages"}],"about":[{"href":"https:\/\/www.wretmanestate.com\/sv\/wp-json\/wp\/v2\/types\/page"}],"author":[{"embeddable":true,"href":"https:\/\/www.wretmanestate.com\/sv\/wp-json\/wp\/v2\/users\/1"}],"replies":[{"embeddable":true,"href":"https:\/\/www.wretmanestate.com\/sv\/wp-json\/wp\/v2\/comments?post=140341"}],"version-history":[{"count":1,"href":"https:\/\/www.wretmanestate.com\/sv\/wp-json\/wp\/v2\/pages\/140341\/revisions"}],"predecessor-version":[{"id":140346,"href":"https:\/\/www.wretmanestate.com\/sv\/wp-json\/wp\/v2\/pages\/140341\/revisions\/140346"}],"up":[{"embeddable":true,"href":"https:\/\/www.wretmanestate.com\/sv\/wp-json\/wp\/v2\/pages\/3927"}],"wp:attachment":[{"href":"https:\/\/www.wretmanestate.com\/sv\/wp-json\/wp\/v2\/media?parent=140341"}],"curies":[{"name":"wp","href":"https:\/\/api.w.org\/{rel}","templated":true}]}}