{"id":250208,"date":"2021-09-17T11:00:13","date_gmt":"2021-09-17T09:00:13","guid":{"rendered":"https:\/\/www.wretmanestate.com\/om-oss-maklare-franska-rivieran\/team\/anais-damay-2\/"},"modified":"2024-12-30T15:33:59","modified_gmt":"2024-12-30T14:33:59","slug":"anais-damay","status":"publish","type":"page","link":"https:\/\/www.wretmanestate.com\/sv\/om-oss-maklare-franska-rivieran\/team\/anais-damay\/","title":{"rendered":"Ana\u00efs DAMAY"},"content":{"rendered":"<div class=\"wpb-content-wrapper\"><p>[vc_row full_width=&#8221;stretch_row_content_no_spaces&#8221; content_placement=&#8221;bottom&#8221; css=&#8221;.vc_custom_1580720336371{background-image: url(https:\/\/www.wretmanestate.com\/wp-content\/uploads\/2019\/11\/new-banner.jpg?id=3444) !important;background-position: center !important;background-repeat: no-repeat !important;background-size: cover !important;}&#8221; el_class=&#8221;bloc-title header_team medium&#8221;][vc_column]<div class=\" \">\r\n\t\r\n        <div class=\"mh-heading-wrapper\">\r\n            <h1            class=\"mh-heading mh-color-white mh-heading--bottom-separator   \"\r\n            style=\"font-weight:700;\">\r\n\t\t\tAnais DAMAY        <\/h1>\r\n\r\n\t\t            <div class=\"mh-subheading mh-color-white\"\r\n                 style=\"\">\r\n\t\t\t\tAdministrativ och HR-assistent            <\/div>\r\n\t\t    <\/div>\r\n\r\n\t<\/div>[vc_single_image image=&#8221;691016&#8243; img_size=&#8221;full&#8221; alignment=&#8221;center&#8221; style=&#8221;vc_box_rounded&#8221; css=&#8221;&#8221;][\/vc_column][\/vc_row][vc_row bg_type=&#8221;bg_color&#8221; bg_override=&#8221;ex-full&#8221; el_class=&#8221;team_desc&#8221; bg_color_value=&#8221;#f2f2f6&#8243; el_id=&#8221;red_links&#8221;][vc_column width=&#8221;1\/2&#8243;][vc_column_text]<\/p>\n<h5><strong>Hur hamnade du p\u00e5 Wretman Estate?<\/strong><\/h5>\n<p>Jag studerade en \u00ab\u00a0BTS Immobilier\u00a0\u00bb \u00a0halvtid som praktikant och n\u00e4r jag fick mitt diplom ville jag forts\u00e4tta studera genom att g\u00f6ra en kandidatexamen i Wealth Management med halvtid som praktikant. Jag b\u00f6rjade p\u00e5 Wretman Estate tack vare Tiffany som informerade mig om att Wretman Estate letade efter nya praktikanter. Sedan skickade jag in mitt CV och blev kallad tv\u00e5 dagar senare f\u00f6r en intervju och h\u00e4r \u00e4r jag i detta fantastiska f\u00f6retag!<\/p>\n<h5><strong>Vad vet du om Skandinavien?\u00a0<\/strong><\/h5>\n<p>Jag vet inte s\u00e5 mycket om Skandinavien, men jag har alltid tyckt om landskapet i dessa l\u00e4nder. Jag har alltid h\u00f6rt talas om hur man jobbar med milj\u00f6fr\u00e5gor och att man i Skandinavien kommit mycket l\u00e4ngre j\u00e4mf\u00f6rt med m\u00e5nga andra l\u00e4nker,\u00a0 det beundrar jag verkligen.[\/vc_column_text][\/vc_column][vc_column width=&#8221;1\/2&#8243;][vc_column_text]<\/p>\n<h5><strong>Om du var tvungen att v\u00e4lja en plats p\u00e5 den franska rivieran, vilken skulle det vara?<\/strong><\/h5>\n<p>Jag f\u00f6ddes i Fr\u00e9jus, men v\u00e4xte upp i Roquebrune sur Argens, en h\u00e4rlig liten provensalsk by med vackert landskap. Om jag skulle v\u00e4lja en plats s\u00e5 skulle det bli d\u00e4r jag v\u00e4xte upp, d\u00e5 den v\u00e4cker m\u00e5nga barndomsminnen.<\/p>\n<h5><strong>Vad tycker du kr\u00e4vs f\u00f6r att vara en bra fastighetsm\u00e4klare?<\/strong><\/h5>\n<p>Enligt min \u00e5sikt, m\u00e5ste du ha stor social kompetens och \u00e4lska att vara runt m\u00e4nniskor, att uppskatta att v\u00e4gleda dem i deras livsprojekt. Jag tror \u00e4ven att det \u00e4r viktigt att ha t\u00e5lamod.<\/p>\n<h5><strong>Vilken \u00e4r din favoritstrand?<\/strong><\/h5>\n<p>N\u00e4r jag g\u00e5r till stranden g\u00e5r jag helst till sm\u00e5 lugna b\u00e4ckar, d\u00e4r \u00e4r det mindre folk vilket \u00e4r perfekt om du vill koppla av. Mina favoriter finns i Issambres, h\u00e4r finns flera olika b\u00e4ckar att v\u00e4lja mellan![\/vc_column_text][\/vc_column][\/vc_row][vc_row][vc_column]    <div class=\"mh-grid\">\r\n\t\t    <\/div>\r\n\r\n[\/vc_column][\/vc_row]<\/p>\n<\/div>","protected":false},"excerpt":{"rendered":"<p>[vc_row full_width=&#8221;stretch_row_content_no_spaces&#8221; content_placement=&#8221;bottom&#8221; css=&#8221;.vc_custom_1580720336371{background-image: url(https:\/\/www.wretmanestate.com\/wp-content\/uploads\/2019\/11\/new-banner.jpg?id=3444) !important;background-position: center !important;background-repeat: no-repeat !important;background-size: cover !important;}&#8221; el_class=&#8221;bloc-title header_team medium&#8221;][vc_column][vc_single_image image=&#8221;691016&#8243; img_size=&#8221;full&#8221; alignment=&#8221;center&#8221; style=&#8221;vc_box_rounded&#8221; css=&#8221;&#8221;][\/vc_column][\/vc_row][vc_row bg_type=&#8221;bg_color&#8221; bg_override=&#8221;ex-full&#8221; el_class=&#8221;team_desc&#8221; bg_color_value=&#8221;#f2f2f6&#8243; el_id=&#8221;red_links&#8221;][vc_column width=&#8221;1\/2&#8243;][vc_column_text] Hur hamnade du p\u00e5 Wretman Estate? Jag studerade en \u00ab\u00a0BTS Immobilier\u00a0\u00bb \u00a0halvtid som praktikant och n\u00e4r jag fick mitt diplom ville jag forts\u00e4tta studera genom att g\u00f6ra en kandidatexamen [&hellip;]<\/p>\n","protected":false},"author":1,"featured_media":0,"parent":3927,"menu_order":0,"comment_status":"closed","ping_status":"closed","template":"page_full-width.php","meta":{"_acf_changed":false,"content-type":"","_monsterinsights_skip_tracking":false,"_monsterinsights_sitenote_active":false,"_monsterinsights_sitenote_note":"","_monsterinsights_sitenote_category":0,"footnotes":""},"class_list":["post-250208","page","type-page","status-publish","hentry"],"acf":[],"yoast_head":"<!-- This site is optimized with the Yoast SEO plugin v27.5 - https:\/\/yoast.com\/product\/yoast-seo-wordpress\/ -->\n<title>Ana\u00efs DAMAY - Human Resources Assistant - Wretman Estate<\/title>\n<meta name=\"description\" content=\"Anais Damay is an Human Resources Assistant at Wretman Estate. We are the largest Scandinavian real estate agency on the French Riviera.\" \/>\n<meta name=\"robots\" content=\"index, follow, max-snippet:-1, max-image-preview:large, max-video-preview:-1\" \/>\n<link rel=\"canonical\" href=\"https:\/\/www.wretmanestate.com\/sv\/om-oss-maklare-franska-rivieran\/team\/anais-damay\/\" \/>\n<meta property=\"og:locale\" content=\"sv_SE\" \/>\n<meta property=\"og:type\" content=\"article\" \/>\n<meta property=\"og:title\" content=\"Ana\u00efs DAMAY - Human Resources Assistant - Wretman Estate\" \/>\n<meta property=\"og:description\" content=\"Anais Damay is an Human Resources Assistant at Wretman Estate. We are the largest Scandinavian real estate agency on the French Riviera.\" \/>\n<meta property=\"og:url\" content=\"https:\/\/www.wretmanestate.com\/sv\/om-oss-maklare-franska-rivieran\/team\/anais-damay\/\" \/>\n<meta property=\"og:site_name\" content=\"Wretman Estate\" \/>\n<meta property=\"article:modified_time\" content=\"2024-12-30T14:33:59+00:00\" \/>\n<meta name=\"twitter:card\" content=\"summary_large_image\" \/>\n<meta name=\"twitter:label1\" content=\"Ber\u00e4knad l\u00e4stid\" \/>\n\t<meta name=\"twitter:data1\" content=\"3 minuter\" \/>\n<script type=\"application\/ld+json\" class=\"yoast-schema-graph\">{\"@context\":\"https:\\\/\\\/schema.org\",\"@graph\":[{\"@type\":\"WebPage\",\"@id\":\"https:\\\/\\\/www.wretmanestate.com\\\/sv\\\/om-oss-maklare-franska-rivieran\\\/team\\\/anais-damay\\\/\",\"url\":\"https:\\\/\\\/www.wretmanestate.com\\\/sv\\\/om-oss-maklare-franska-rivieran\\\/team\\\/anais-damay\\\/\",\"name\":\"Ana\u00efs DAMAY - Human Resources Assistant - Wretman Estate\",\"isPartOf\":{\"@id\":\"https:\\\/\\\/www.wretmanestate.com\\\/sv\\\/#website\"},\"datePublished\":\"2021-09-17T09:00:13+00:00\",\"dateModified\":\"2024-12-30T14:33:59+00:00\",\"description\":\"Anais Damay is an Human Resources Assistant at Wretman Estate. We are the largest Scandinavian real estate agency on the French Riviera.\",\"breadcrumb\":{\"@id\":\"https:\\\/\\\/www.wretmanestate.com\\\/sv\\\/om-oss-maklare-franska-rivieran\\\/team\\\/anais-damay\\\/#breadcrumb\"},\"inLanguage\":\"sv-SE\",\"potentialAction\":[{\"@type\":\"ReadAction\",\"target\":[\"https:\\\/\\\/www.wretmanestate.com\\\/sv\\\/om-oss-maklare-franska-rivieran\\\/team\\\/anais-damay\\\/\"]}]},{\"@type\":\"BreadcrumbList\",\"@id\":\"https:\\\/\\\/www.wretmanestate.com\\\/sv\\\/om-oss-maklare-franska-rivieran\\\/team\\\/anais-damay\\\/#breadcrumb\",\"itemListElement\":[{\"@type\":\"ListItem\",\"position\":1,\"name\":\"Accueil\",\"item\":\"https:\\\/\\\/www.wretmanestate.com\\\/sv\\\/\"},{\"@type\":\"ListItem\",\"position\":2,\"name\":\"Om oss\",\"item\":\"https:\\\/\\\/www.wretmanestate.com\\\/sv\\\/om-oss-maklare-franska-rivieran\\\/\"},{\"@type\":\"ListItem\",\"position\":3,\"name\":\"Team\",\"item\":\"https:\\\/\\\/www.wretmanestate.com\\\/sv\\\/om-oss-maklare-franska-rivieran\\\/team\\\/\"},{\"@type\":\"ListItem\",\"position\":4,\"name\":\"Ana\u00efs DAMAY\"}]},{\"@type\":\"WebSite\",\"@id\":\"https:\\\/\\\/www.wretmanestate.com\\\/sv\\\/#website\",\"url\":\"https:\\\/\\\/www.wretmanestate.com\\\/sv\\\/\",\"name\":\"Wretman Estate\",\"description\":\"Immobilier sur la C\u00f4te d&#039;Azur et la Provence\",\"publisher\":{\"@id\":\"https:\\\/\\\/www.wretmanestate.com\\\/sv\\\/#organization\"},\"potentialAction\":[{\"@type\":\"SearchAction\",\"target\":{\"@type\":\"EntryPoint\",\"urlTemplate\":\"https:\\\/\\\/www.wretmanestate.com\\\/sv\\\/?s={search_term_string}\"},\"query-input\":{\"@type\":\"PropertyValueSpecification\",\"valueRequired\":true,\"valueName\":\"search_term_string\"}}],\"inLanguage\":\"sv-SE\"},{\"@type\":\"Organization\",\"@id\":\"https:\\\/\\\/www.wretmanestate.com\\\/sv\\\/#organization\",\"name\":\"WRETMAN ESTATE\",\"url\":\"https:\\\/\\\/www.wretmanestate.com\\\/sv\\\/\",\"logo\":{\"@type\":\"ImageObject\",\"inLanguage\":\"sv-SE\",\"@id\":\"https:\\\/\\\/www.wretmanestate.com\\\/sv\\\/#\\\/schema\\\/logo\\\/image\\\/\",\"url\":\"\",\"contentUrl\":\"\",\"caption\":\"WRETMAN ESTATE\"},\"image\":{\"@id\":\"https:\\\/\\\/www.wretmanestate.com\\\/sv\\\/#\\\/schema\\\/logo\\\/image\\\/\"}}]}<\/script>\n<!-- \/ Yoast SEO plugin. -->","yoast_head_json":{"title":"Ana\u00efs DAMAY - Human Resources Assistant - Wretman Estate","description":"Anais Damay is an Human Resources Assistant at Wretman Estate. We are the largest Scandinavian real estate agency on the French Riviera.","robots":{"index":"index","follow":"follow","max-snippet":"max-snippet:-1","max-image-preview":"max-image-preview:large","max-video-preview":"max-video-preview:-1"},"canonical":"https:\/\/www.wretmanestate.com\/sv\/om-oss-maklare-franska-rivieran\/team\/anais-damay\/","og_locale":"sv_SE","og_type":"article","og_title":"Ana\u00efs DAMAY - Human Resources Assistant - Wretman Estate","og_description":"Anais Damay is an Human Resources Assistant at Wretman Estate. We are the largest Scandinavian real estate agency on the French Riviera.","og_url":"https:\/\/www.wretmanestate.com\/sv\/om-oss-maklare-franska-rivieran\/team\/anais-damay\/","og_site_name":"Wretman Estate","article_modified_time":"2024-12-30T14:33:59+00:00","twitter_card":"summary_large_image","twitter_misc":{"Ber\u00e4knad l\u00e4stid":"3 minuter"},"schema":{"@context":"https:\/\/schema.org","@graph":[{"@type":"WebPage","@id":"https:\/\/www.wretmanestate.com\/sv\/om-oss-maklare-franska-rivieran\/team\/anais-damay\/","url":"https:\/\/www.wretmanestate.com\/sv\/om-oss-maklare-franska-rivieran\/team\/anais-damay\/","name":"Ana\u00efs DAMAY - Human Resources Assistant - Wretman Estate","isPartOf":{"@id":"https:\/\/www.wretmanestate.com\/sv\/#website"},"datePublished":"2021-09-17T09:00:13+00:00","dateModified":"2024-12-30T14:33:59+00:00","description":"Anais Damay is an Human Resources Assistant at Wretman Estate. We are the largest Scandinavian real estate agency on the French Riviera.","breadcrumb":{"@id":"https:\/\/www.wretmanestate.com\/sv\/om-oss-maklare-franska-rivieran\/team\/anais-damay\/#breadcrumb"},"inLanguage":"sv-SE","potentialAction":[{"@type":"ReadAction","target":["https:\/\/www.wretmanestate.com\/sv\/om-oss-maklare-franska-rivieran\/team\/anais-damay\/"]}]},{"@type":"BreadcrumbList","@id":"https:\/\/www.wretmanestate.com\/sv\/om-oss-maklare-franska-rivieran\/team\/anais-damay\/#breadcrumb","itemListElement":[{"@type":"ListItem","position":1,"name":"Accueil","item":"https:\/\/www.wretmanestate.com\/sv\/"},{"@type":"ListItem","position":2,"name":"Om oss","item":"https:\/\/www.wretmanestate.com\/sv\/om-oss-maklare-franska-rivieran\/"},{"@type":"ListItem","position":3,"name":"Team","item":"https:\/\/www.wretmanestate.com\/sv\/om-oss-maklare-franska-rivieran\/team\/"},{"@type":"ListItem","position":4,"name":"Ana\u00efs DAMAY"}]},{"@type":"WebSite","@id":"https:\/\/www.wretmanestate.com\/sv\/#website","url":"https:\/\/www.wretmanestate.com\/sv\/","name":"Wretman Estate","description":"Immobilier sur la C\u00f4te d&#039;Azur et la Provence","publisher":{"@id":"https:\/\/www.wretmanestate.com\/sv\/#organization"},"potentialAction":[{"@type":"SearchAction","target":{"@type":"EntryPoint","urlTemplate":"https:\/\/www.wretmanestate.com\/sv\/?s={search_term_string}"},"query-input":{"@type":"PropertyValueSpecification","valueRequired":true,"valueName":"search_term_string"}}],"inLanguage":"sv-SE"},{"@type":"Organization","@id":"https:\/\/www.wretmanestate.com\/sv\/#organization","name":"WRETMAN ESTATE","url":"https:\/\/www.wretmanestate.com\/sv\/","logo":{"@type":"ImageObject","inLanguage":"sv-SE","@id":"https:\/\/www.wretmanestate.com\/sv\/#\/schema\/logo\/image\/","url":"","contentUrl":"","caption":"WRETMAN ESTATE"},"image":{"@id":"https:\/\/www.wretmanestate.com\/sv\/#\/schema\/logo\/image\/"}}]}},"_links":{"self":[{"href":"https:\/\/www.wretmanestate.com\/sv\/wp-json\/wp\/v2\/pages\/250208","targetHints":{"allow":["GET"]}}],"collection":[{"href":"https:\/\/www.wretmanestate.com\/sv\/wp-json\/wp\/v2\/pages"}],"about":[{"href":"https:\/\/www.wretmanestate.com\/sv\/wp-json\/wp\/v2\/types\/page"}],"author":[{"embeddable":true,"href":"https:\/\/www.wretmanestate.com\/sv\/wp-json\/wp\/v2\/users\/1"}],"replies":[{"embeddable":true,"href":"https:\/\/www.wretmanestate.com\/sv\/wp-json\/wp\/v2\/comments?post=250208"}],"version-history":[{"count":8,"href":"https:\/\/www.wretmanestate.com\/sv\/wp-json\/wp\/v2\/pages\/250208\/revisions"}],"predecessor-version":[{"id":691032,"href":"https:\/\/www.wretmanestate.com\/sv\/wp-json\/wp\/v2\/pages\/250208\/revisions\/691032"}],"up":[{"embeddable":true,"href":"https:\/\/www.wretmanestate.com\/sv\/wp-json\/wp\/v2\/pages\/3927"}],"wp:attachment":[{"href":"https:\/\/www.wretmanestate.com\/sv\/wp-json\/wp\/v2\/media?parent=250208"}],"curies":[{"name":"wp","href":"https:\/\/api.w.org\/{rel}","templated":true}]}}