{"id":3907,"date":"2019-11-20T15:33:47","date_gmt":"2019-11-20T14:33:47","guid":{"rendered":"https:\/\/www.wretmanestate.com\/a-propos\/"},"modified":"2022-06-29T10:17:12","modified_gmt":"2022-06-29T08:17:12","slug":"om-oss-maklare-franska-rivieran","status":"publish","type":"page","link":"https:\/\/www.wretmanestate.com\/sv\/om-oss-maklare-franska-rivieran\/","title":{"rendered":"Om oss"},"content":{"rendered":"<div class=\"wpb-content-wrapper\"><p>[vc_row full_width=&#8221;stretch_row_content_no_spaces&#8221; content_placement=&#8221;bottom&#8221; css=&#8221;.vc_custom_1586939659134{background-image: url(https:\/\/www.wretmanestate.com\/wp-content\/uploads\/2019\/11\/new-banner.jpg?id=3444) !important;background-position: center !important;background-repeat: no-repeat !important;background-size: cover !important;}&#8221; el_class=&#8221;bloc-title small&#8221;][vc_column]<div class=\" \">\r\n\t\r\n        <div class=\"mh-heading-wrapper\">\r\n            <h1            class=\"mh-heading mh-color-white mh-heading--bottom-separator   \"\r\n            style=\"font-weight:700;\">\r\n\t\t\tOM OSS        <\/h1>\r\n\r\n\t\t    <\/div>\r\n\r\n\t<\/div>[vc_column_text el_class=&#8221;sous-titre-page&#8221;]Ett internationellt team som kan marknaden[\/vc_column_text][\/vc_column][\/vc_row][vc_row full_width=&#8221;stretch_row&#8221; el_class=&#8221;bloc_txt border red_links&#8221;][vc_column]<div class=\" \">\r\n\t\r\n        <div class=\"mh-heading-wrapper\">\r\n            <h2            class=\"mh-heading  mh-heading--bottom-separator   \"\r\n            style=\"font-weight:700;\">\r\n\t\t\tDEN ST\u00d6RSTA SKANDINAVISKA M\u00c4KLARBYR\u00c5N I FRANKRIKE        <\/h2>\r\n\r\n\t\t    <\/div>\r\n\r\n\t<\/div>[vc_column_text]<\/p>\n<p style=\"text-align: center;\"><a href=\"\/sv\/\">Wretman Estate<\/a> grundades 2006 av br\u00f6derna Johan och Filip Wretman.<\/p>\n<p style=\"text-align: center;\">Vi har 7 <a href=\"\/sv\/kontakt-fastighetsmaklare-franska-rivieran\/vara-kontor\/\">kontor<\/a> och 50 <a href=\"\/sv\/om-oss-maklare-franska-rivieran\/team\/\">medarbetare<\/a> och arbetar i hela regionen mellan Menton och St Tropez, liksom i inlandet av Nice, omr\u00e5det i Valbonne och i Var.<\/p>\n<p style=\"text-align: center;\">F\u00f6retaget \u00e4r specialiserat p\u00e5 utl\u00e4ndska kunder, s\u00e4rskilt skandinaviska. Vi l\u00e4gger stor vikt i att f\u00f6lja v\u00e5ra kunder genom hela transaktionsprocessen.<\/p>\n<p style=\"text-align: center;\">P\u00e5 senare \u00e5r har vi \u00f6ppnat <a href=\"\/sv\/investera-franska-rivieran\/\">Wretman Invest<\/a>\u00a0som specialiserar sig p\u00e5 f\u00f6rv\u00e4rv och f\u00f6rs\u00e4ljning av kommersiella fastigheter s\u00e5som hotell, ving\u00e5rdar, l\u00e4genhetskomplex och andra investeringsprojekt.<\/p>\n<p>[\/vc_column_text][\/vc_column][\/vc_row][vc_row full_width=&#8221;stretch_row_content_no_spaces&#8221;][vc_column][vc_row_inner equal_height=&#8221;yes&#8221; content_placement=&#8221;bottom&#8221; gap=&#8221;1&#8243; el_class=&#8221;row_bloc_img&#8221;][vc_column_inner width=&#8221;1\/2&#8243; css=&#8221;.vc_custom_1574262893359{background-image: url(https:\/\/www.wretmanestate.com\/wp-content\/uploads\/2019\/11\/equipe.jpg?id=3397) !important;background-position: center !important;background-repeat: no-repeat !important;background-size: cover !important;}&#8221;]<div class=\" \">\r\n\t\r\n        <div class=\"mh-heading-wrapper\">\r\n            <h2            class=\"mh-heading mh-color-white    \"\r\n            style=\"font-weight:700;\">\r\n\t\t\tV\u00c5RT TEAM        <\/h2>\r\n\r\n\t\t            <div class=\"mh-subheading mh-color-white\"\r\n                 style=\"\">\r\n\t\t\t\tVi kan marknaden och finns p\u00e5 plats            <\/div>\r\n\t\t    <\/div>\r\n\r\n\t<\/div>[vc_column_text el_class=&#8221;lien_img&#8221;]<a href=\"\/sv\/om-oss-maklare-franska-rivieran\/team\/\">Team<\/a>[\/vc_column_text][\/vc_column_inner][vc_column_inner width=&#8221;1\/2&#8243; css=&#8221;.vc_custom_1582276883613{background-image: url(https:\/\/www.wretmanestate.com\/wp-content\/uploads\/2020\/02\/Womans-hands-typing-on-laptop-1280-600.jpg?id=17284) !important;background-position: center !important;background-repeat: no-repeat !important;background-size: cover !important;}&#8221;]<div class=\" \">\r\n\t\r\n        <div class=\"mh-heading-wrapper\">\r\n            <h2            class=\"mh-heading mh-color-white    \"\r\n            style=\"font-weight:700;\">\r\n\t\t\tREKOMMENDATIONER        <\/h2>\r\n\r\n\t\t            <div class=\"mh-subheading mh-color-white\"\r\n                 style=\"\">\r\n\t\t\t\tV\u00e5r b\u00e4sta reklam \u00e4r v\u00e5ra kunder            <\/div>\r\n\t\t    <\/div>\r\n\r\n\t<\/div>[vc_column_text el_class=&#8221;lien_img&#8221;]<a href=\"\/sv\/om-oss-maklare-franska-rivieran\/rekommendationer\/\">Rekommendationer<\/a>[\/vc_column_text][\/vc_column_inner][\/vc_row_inner][vc_row_inner equal_height=&#8221;yes&#8221; content_placement=&#8221;bottom&#8221; gap=&#8221;1&#8243; el_class=&#8221;row_bloc_img&#8221;][vc_column_inner width=&#8221;1\/2&#8243; css=&#8221;.vc_custom_1581416330617{background-image: url(https:\/\/www.wretmanestate.com\/wp-content\/uploads\/2020\/02\/Partners-and-network-scaled.jpeg?id=17139) !important;background-position: center !important;background-repeat: no-repeat !important;background-size: cover !important;}&#8221;]<div class=\" \">\r\n\t\r\n        <div class=\"mh-heading-wrapper\">\r\n            <h2            class=\"mh-heading mh-color-white    \"\r\n            style=\"font-weight:700;\">\r\n\t\t\tPARTNERS OCH N\u00c4TVERK        <\/h2>\r\n\r\n\t\t            <div class=\"mh-subheading mh-color-white\"\r\n                 style=\"\">\r\n\t\t\t\tTillg\u00e5ng till all t\u00e4nkbar kompetens och alla attraktiva objekt            <\/div>\r\n\t\t    <\/div>\r\n\r\n\t<\/div>[vc_column_text el_class=&#8221;lien_img&#8221;]<a href=\"\/sv\/om-oss-maklare-franska-rivieran\/partners-och-natverk\">Partners och n\u00e4tverk<\/a>[\/vc_column_text][\/vc_column_inner][vc_column_inner width=&#8221;1\/2&#8243; css=&#8221;.vc_custom_1582276811644{background-image: url(https:\/\/www.wretmanestate.com\/wp-content\/uploads\/2020\/02\/vara-tjanster-m-600-300.jpg?id=17134) !important;background-position: center !important;background-repeat: no-repeat !important;background-size: cover !important;}&#8221;]<div class=\" \">\r\n\t\r\n        <div class=\"mh-heading-wrapper\">\r\n            <h2            class=\"mh-heading mh-color-white    \"\r\n            style=\"font-weight:700;\">\r\n\t\t\tV\u00c5RA TJ\u00c4NSTER        <\/h2>\r\n\r\n\t\t            <div class=\"mh-subheading mh-color-white\"\r\n                 style=\"\">\r\n\t\t\t\tVi erbjuder en helhetsl\u00f6sning            <\/div>\r\n\t\t    <\/div>\r\n\r\n\t<\/div>[vc_column_text el_class=&#8221;lien_img&#8221;]<a href=\"\/sv\/om-oss-maklare-franska-rivieran\/vara-tjanster\">V\u00e5ra tj\u00e4nster<\/a>[\/vc_column_text][\/vc_column_inner][\/vc_row_inner][vc_row_inner equal_height=&#8221;yes&#8221; content_placement=&#8221;bottom&#8221; gap=&#8221;1&#8243; el_class=&#8221;row_bloc_img&#8221;][vc_column_inner el_class=&#8221;img_news&#8221; width=&#8221;1\/2&#8243; css=&#8221;.vc_custom_1595259376255{background-image: url(https:\/\/www.wretmanestate.com\/wp-content\/uploads\/2020\/05\/Ma\u0308klare-Franska-Rivieran-1920-600-a.jpg?id=62827) !important;background-position: center !important;background-repeat: no-repeat !important;background-size: cover !important;}&#8221;]<div class=\" \">\r\n\t\r\n        <div class=\"mh-heading-wrapper\">\r\n            <h2            class=\"mh-heading mh-color-white    \"\r\n            style=\"font-weight:700;\">\r\n\t\t\tNYHETER        <\/h2>\r\n\r\n\t\t            <div class=\"mh-subheading mh-color-white\"\r\n                 style=\"\">\r\n\t\t\t\tAktuella aktiviteter            <\/div>\r\n\t\t    <\/div>\r\n\r\n\t<\/div>[vc_column_text el_class=&#8221;lien_img&#8221;]<a href=\"\/sv\/salja-sodra-frankrike\/nyheter\">Nyheter<\/a>[\/vc_column_text][\/vc_column_inner][vc_column_inner width=&#8221;1\/2&#8243; css=&#8221;.vc_custom_1581414797708{background-image: url(https:\/\/www.wretmanestate.com\/wp-content\/uploads\/2020\/01\/office-nice.jpg?id=16956) !important;background-position: center !important;background-repeat: no-repeat !important;background-size: cover !important;}&#8221;]<div class=\" \">\r\n\t\r\n        <div class=\"mh-heading-wrapper\">\r\n            <h2            class=\"mh-heading mh-color-white    \"\r\n            style=\"font-weight:700;\">\r\n\t\t\tV\u00c5RA KONTOR        <\/h2>\r\n\r\n\t\t            <div class=\"mh-subheading mh-color-white\"\r\n                 style=\"\">\r\n\t\t\t\tAntibes, Cannes, Callian, Nice, Menton, Valbonne &amp; Wretman Invest            <\/div>\r\n\t\t    <\/div>\r\n\r\n\t<\/div>[vc_column_text el_class=&#8221;lien_img&#8221;]<a href=\"\/sv\/kontakt-fastighetsmaklare-franska-rivieran\/vara-kontor\/\">V\u00e5ra kontor<\/a>[\/vc_column_text][\/vc_column_inner][\/vc_row_inner][\/vc_column][\/vc_row]<\/p>\n<\/div>","protected":false},"excerpt":{"rendered":"<p>[vc_row full_width=&#8221;stretch_row_content_no_spaces&#8221; content_placement=&#8221;bottom&#8221; css=&#8221;.vc_custom_1586939659134{background-image: url(https:\/\/www.wretmanestate.com\/wp-content\/uploads\/2019\/11\/new-banner.jpg?id=3444) !important;background-position: center !important;background-repeat: no-repeat !important;background-size: cover !important;}&#8221; el_class=&#8221;bloc-title small&#8221;][vc_column][vc_column_text el_class=&#8221;sous-titre-page&#8221;]Ett internationellt team som kan marknaden[\/vc_column_text][\/vc_column][\/vc_row][vc_row full_width=&#8221;stretch_row&#8221; el_class=&#8221;bloc_txt border red_links&#8221;][vc_column][vc_column_text] Wretman Estate grundades 2006 av br\u00f6derna Johan och Filip Wretman. Vi har 7 kontor och 50 medarbetare och arbetar i hela regionen mellan Menton och St Tropez, liksom i inlandet av [&hellip;]<\/p>\n","protected":false},"author":1,"featured_media":0,"parent":0,"menu_order":0,"comment_status":"closed","ping_status":"closed","template":"page_full-width.php","meta":{"_acf_changed":false,"content-type":"","_monsterinsights_skip_tracking":false,"_monsterinsights_sitenote_active":false,"_monsterinsights_sitenote_note":"","_monsterinsights_sitenote_category":0,"footnotes":""},"class_list":["post-3907","page","type-page","status-publish","hentry"],"acf":[],"yoast_head":"<!-- This site is optimized with the Yoast SEO plugin v27.5 - https:\/\/yoast.com\/product\/yoast-seo-wordpress\/ -->\n<title>Om oss - Svensk auktoriserad fastighetsm\u00e4klare - Wretman Estate<\/title>\n<meta name=\"description\" content=\"Svensk m\u00e4klare i s\u00f6dra Frankrike. Vi s\u00e4ljer hus och l\u00e4genheter p\u00e5 Franska Rivieran: Cannes, Nice, Mougins, Antibes, Juan-les-Pins, Valbonne.\" \/>\n<meta name=\"robots\" content=\"index, follow, max-snippet:-1, max-image-preview:large, max-video-preview:-1\" \/>\n<link rel=\"canonical\" href=\"https:\/\/www.wretmanestate.com\/sv\/om-oss-maklare-franska-rivieran\/\" \/>\n<meta property=\"og:locale\" content=\"sv_SE\" \/>\n<meta property=\"og:type\" content=\"article\" \/>\n<meta property=\"og:title\" content=\"Om oss - Svensk auktoriserad fastighetsm\u00e4klare - Wretman Estate\" \/>\n<meta property=\"og:description\" content=\"Svensk m\u00e4klare i s\u00f6dra Frankrike. Vi s\u00e4ljer hus och l\u00e4genheter p\u00e5 Franska Rivieran: Cannes, Nice, Mougins, Antibes, Juan-les-Pins, Valbonne.\" \/>\n<meta property=\"og:url\" content=\"https:\/\/www.wretmanestate.com\/sv\/om-oss-maklare-franska-rivieran\/\" \/>\n<meta property=\"og:site_name\" content=\"Wretman Estate\" \/>\n<meta property=\"article:modified_time\" content=\"2022-06-29T08:17:12+00:00\" \/>\n<meta name=\"twitter:card\" content=\"summary_large_image\" \/>\n<meta name=\"twitter:label1\" content=\"Ber\u00e4knad l\u00e4stid\" \/>\n\t<meta name=\"twitter:data1\" content=\"2 minuter\" \/>\n<script type=\"application\/ld+json\" class=\"yoast-schema-graph\">{\"@context\":\"https:\\\/\\\/schema.org\",\"@graph\":[{\"@type\":\"WebPage\",\"@id\":\"https:\\\/\\\/www.wretmanestate.com\\\/sv\\\/om-oss-maklare-franska-rivieran\\\/\",\"url\":\"https:\\\/\\\/www.wretmanestate.com\\\/sv\\\/om-oss-maklare-franska-rivieran\\\/\",\"name\":\"Om oss - Svensk auktoriserad fastighetsm\u00e4klare - Wretman Estate\",\"isPartOf\":{\"@id\":\"https:\\\/\\\/www.wretmanestate.com\\\/sv\\\/#website\"},\"datePublished\":\"2019-11-20T14:33:47+00:00\",\"dateModified\":\"2022-06-29T08:17:12+00:00\",\"description\":\"Svensk m\u00e4klare i s\u00f6dra Frankrike. Vi s\u00e4ljer hus och l\u00e4genheter p\u00e5 Franska Rivieran: Cannes, Nice, Mougins, Antibes, Juan-les-Pins, Valbonne.\",\"breadcrumb\":{\"@id\":\"https:\\\/\\\/www.wretmanestate.com\\\/sv\\\/om-oss-maklare-franska-rivieran\\\/#breadcrumb\"},\"inLanguage\":\"sv-SE\",\"potentialAction\":[{\"@type\":\"ReadAction\",\"target\":[\"https:\\\/\\\/www.wretmanestate.com\\\/sv\\\/om-oss-maklare-franska-rivieran\\\/\"]}]},{\"@type\":\"BreadcrumbList\",\"@id\":\"https:\\\/\\\/www.wretmanestate.com\\\/sv\\\/om-oss-maklare-franska-rivieran\\\/#breadcrumb\",\"itemListElement\":[{\"@type\":\"ListItem\",\"position\":1,\"name\":\"Accueil\",\"item\":\"https:\\\/\\\/www.wretmanestate.com\\\/sv\\\/\"},{\"@type\":\"ListItem\",\"position\":2,\"name\":\"Om oss\"}]},{\"@type\":\"WebSite\",\"@id\":\"https:\\\/\\\/www.wretmanestate.com\\\/sv\\\/#website\",\"url\":\"https:\\\/\\\/www.wretmanestate.com\\\/sv\\\/\",\"name\":\"Wretman Estate\",\"description\":\"Immobilier sur la C\u00f4te d&#039;Azur et la Provence\",\"publisher\":{\"@id\":\"https:\\\/\\\/www.wretmanestate.com\\\/sv\\\/#organization\"},\"potentialAction\":[{\"@type\":\"SearchAction\",\"target\":{\"@type\":\"EntryPoint\",\"urlTemplate\":\"https:\\\/\\\/www.wretmanestate.com\\\/sv\\\/?s={search_term_string}\"},\"query-input\":{\"@type\":\"PropertyValueSpecification\",\"valueRequired\":true,\"valueName\":\"search_term_string\"}}],\"inLanguage\":\"sv-SE\"},{\"@type\":\"Organization\",\"@id\":\"https:\\\/\\\/www.wretmanestate.com\\\/sv\\\/#organization\",\"name\":\"WRETMAN ESTATE\",\"url\":\"https:\\\/\\\/www.wretmanestate.com\\\/sv\\\/\",\"logo\":{\"@type\":\"ImageObject\",\"inLanguage\":\"sv-SE\",\"@id\":\"https:\\\/\\\/www.wretmanestate.com\\\/sv\\\/#\\\/schema\\\/logo\\\/image\\\/\",\"url\":\"\",\"contentUrl\":\"\",\"caption\":\"WRETMAN ESTATE\"},\"image\":{\"@id\":\"https:\\\/\\\/www.wretmanestate.com\\\/sv\\\/#\\\/schema\\\/logo\\\/image\\\/\"}}]}<\/script>\n<!-- \/ Yoast SEO plugin. -->","yoast_head_json":{"title":"Om oss - Svensk auktoriserad fastighetsm\u00e4klare - Wretman Estate","description":"Svensk m\u00e4klare i s\u00f6dra Frankrike. Vi s\u00e4ljer hus och l\u00e4genheter p\u00e5 Franska Rivieran: Cannes, Nice, Mougins, Antibes, Juan-les-Pins, Valbonne.","robots":{"index":"index","follow":"follow","max-snippet":"max-snippet:-1","max-image-preview":"max-image-preview:large","max-video-preview":"max-video-preview:-1"},"canonical":"https:\/\/www.wretmanestate.com\/sv\/om-oss-maklare-franska-rivieran\/","og_locale":"sv_SE","og_type":"article","og_title":"Om oss - Svensk auktoriserad fastighetsm\u00e4klare - Wretman Estate","og_description":"Svensk m\u00e4klare i s\u00f6dra Frankrike. Vi s\u00e4ljer hus och l\u00e4genheter p\u00e5 Franska Rivieran: Cannes, Nice, Mougins, Antibes, Juan-les-Pins, Valbonne.","og_url":"https:\/\/www.wretmanestate.com\/sv\/om-oss-maklare-franska-rivieran\/","og_site_name":"Wretman Estate","article_modified_time":"2022-06-29T08:17:12+00:00","twitter_card":"summary_large_image","twitter_misc":{"Ber\u00e4knad l\u00e4stid":"2 minuter"},"schema":{"@context":"https:\/\/schema.org","@graph":[{"@type":"WebPage","@id":"https:\/\/www.wretmanestate.com\/sv\/om-oss-maklare-franska-rivieran\/","url":"https:\/\/www.wretmanestate.com\/sv\/om-oss-maklare-franska-rivieran\/","name":"Om oss - Svensk auktoriserad fastighetsm\u00e4klare - Wretman Estate","isPartOf":{"@id":"https:\/\/www.wretmanestate.com\/sv\/#website"},"datePublished":"2019-11-20T14:33:47+00:00","dateModified":"2022-06-29T08:17:12+00:00","description":"Svensk m\u00e4klare i s\u00f6dra Frankrike. Vi s\u00e4ljer hus och l\u00e4genheter p\u00e5 Franska Rivieran: Cannes, Nice, Mougins, Antibes, Juan-les-Pins, Valbonne.","breadcrumb":{"@id":"https:\/\/www.wretmanestate.com\/sv\/om-oss-maklare-franska-rivieran\/#breadcrumb"},"inLanguage":"sv-SE","potentialAction":[{"@type":"ReadAction","target":["https:\/\/www.wretmanestate.com\/sv\/om-oss-maklare-franska-rivieran\/"]}]},{"@type":"BreadcrumbList","@id":"https:\/\/www.wretmanestate.com\/sv\/om-oss-maklare-franska-rivieran\/#breadcrumb","itemListElement":[{"@type":"ListItem","position":1,"name":"Accueil","item":"https:\/\/www.wretmanestate.com\/sv\/"},{"@type":"ListItem","position":2,"name":"Om oss"}]},{"@type":"WebSite","@id":"https:\/\/www.wretmanestate.com\/sv\/#website","url":"https:\/\/www.wretmanestate.com\/sv\/","name":"Wretman Estate","description":"Immobilier sur la C\u00f4te d&#039;Azur et la Provence","publisher":{"@id":"https:\/\/www.wretmanestate.com\/sv\/#organization"},"potentialAction":[{"@type":"SearchAction","target":{"@type":"EntryPoint","urlTemplate":"https:\/\/www.wretmanestate.com\/sv\/?s={search_term_string}"},"query-input":{"@type":"PropertyValueSpecification","valueRequired":true,"valueName":"search_term_string"}}],"inLanguage":"sv-SE"},{"@type":"Organization","@id":"https:\/\/www.wretmanestate.com\/sv\/#organization","name":"WRETMAN ESTATE","url":"https:\/\/www.wretmanestate.com\/sv\/","logo":{"@type":"ImageObject","inLanguage":"sv-SE","@id":"https:\/\/www.wretmanestate.com\/sv\/#\/schema\/logo\/image\/","url":"","contentUrl":"","caption":"WRETMAN ESTATE"},"image":{"@id":"https:\/\/www.wretmanestate.com\/sv\/#\/schema\/logo\/image\/"}}]}},"_links":{"self":[{"href":"https:\/\/www.wretmanestate.com\/sv\/wp-json\/wp\/v2\/pages\/3907","targetHints":{"allow":["GET"]}}],"collection":[{"href":"https:\/\/www.wretmanestate.com\/sv\/wp-json\/wp\/v2\/pages"}],"about":[{"href":"https:\/\/www.wretmanestate.com\/sv\/wp-json\/wp\/v2\/types\/page"}],"author":[{"embeddable":true,"href":"https:\/\/www.wretmanestate.com\/sv\/wp-json\/wp\/v2\/users\/1"}],"replies":[{"embeddable":true,"href":"https:\/\/www.wretmanestate.com\/sv\/wp-json\/wp\/v2\/comments?post=3907"}],"version-history":[{"count":6,"href":"https:\/\/www.wretmanestate.com\/sv\/wp-json\/wp\/v2\/pages\/3907\/revisions"}],"predecessor-version":[{"id":314119,"href":"https:\/\/www.wretmanestate.com\/sv\/wp-json\/wp\/v2\/pages\/3907\/revisions\/314119"}],"wp:attachment":[{"href":"https:\/\/www.wretmanestate.com\/sv\/wp-json\/wp\/v2\/media?parent=3907"}],"curies":[{"name":"wp","href":"https:\/\/api.w.org\/{rel}","templated":true}]}}