{"id":3908,"date":"2019-11-21T14:42:39","date_gmt":"2019-11-21T13:42:39","guid":{"rendered":"https:\/\/www.wretmanestate.com\/a-propos\/chasseur-de-biens\/"},"modified":"2025-03-27T11:33:07","modified_gmt":"2025-03-27T10:33:07","slug":"sokuppdrag","status":"publish","type":"page","link":"https:\/\/www.wretmanestate.com\/sv\/kopa-franska-rivieran\/sokuppdrag\/","title":{"rendered":"S\u00f6kuppdrag"},"content":{"rendered":"<div class=\"wpb-content-wrapper\"><p>[vc_row full_width=&#8221;stretch_row_content_no_spaces&#8221; content_placement=&#8221;bottom&#8221; css=&#8221;.vc_custom_1586941479448{background-image: url(https:\/\/www.wretmanestate.com\/wp-content\/uploads\/2019\/11\/new-banner.jpg?id=3444) !important;background-position: center !important;background-repeat: no-repeat !important;background-size: cover !important;}&#8221; el_class=&#8221;bloc-title small&#8221;][vc_column]<div class=\" \">\r\n\t\r\n        <div class=\"mh-heading-wrapper\">\r\n            <h1            class=\"mh-heading mh-color-white mh-heading--bottom-separator   \"\r\n            style=\"font-weight:700;\">\r\n\t\t\tS\u00d6KUPPDRAG        <\/h1>\r\n\r\n\t\t            <div class=\"mh-subheading mh-color-white\"\r\n                 style=\"\">\r\n\t\t\t\tVi g\u00f6r det enkelt f\u00f6r dig att k\u00f6pa bostad p\u00e5 Franska Rivieran            <\/div>\r\n\t\t    <\/div>\r\n\r\n\t<\/div>[vc_column_text el_class=&#8221;sous-titre-page&#8221;][\/vc_column_text][\/vc_column][\/vc_row][vc_row el_class=&#8221;red_links&#8221;][vc_column width=&#8221;1\/3&#8243; el_class=&#8221;bloc-picto-txt&#8221;][vc_single_image image=&#8221;13841&#8243; img_size=&#8221;180&#215;180&#8243; alignment=&#8221;center&#8221;]<div class=\" \">\r\n\t\r\n        <div class=\"mh-heading-wrapper\">\r\n            <h2            class=\"mh-heading  mh-heading--bottom-separator   \"\r\n            style=\"font-weight:700;\">\r\n\t\t\tSKR\u00c4DDARSYDDA S\u00d6KUPPDRAG        <\/h2>\r\n\r\n\t\t    <\/div>\r\n\r\n\t<\/div>[vc_column_text]L\u00e5t en av v\u00e5ra <a href=\"\/sv\/om-oss\/team\/\">m\u00e4klare<\/a> s\u00e5lla igenom utbudet och g\u00f6ra en s\u00f6kning efter just dina \u00f6nskem\u00e5l! Det \u00e4r mer effektivt \u00e4n att leta annonser sj\u00e4lv.\u00a0Att anlita en av v\u00e5ra k\u00f6pm\u00e4klare \u00e4r helt kostnadsfritt.<\/p>\n<p>Slipp stressen och frustrationen \u00f6ver att g\u00e5ng p\u00e5 g\u00e5ng g\u00e5 p\u00e5 visningar och titta p\u00e5 bost\u00e4der som inte alls st\u00e4mmer \u00f6verens med dina f\u00f6rv\u00e4ntningar.[\/vc_column_text][\/vc_column][vc_column width=&#8221;1\/3&#8243; el_class=&#8221;bloc-picto-txt&#8221;][vc_single_image image=&#8221;13829&#8243; img_size=&#8221;180&#215;180&#8243; alignment=&#8221;center&#8221;]<div class=\" \">\r\n\t\r\n        <div class=\"mh-heading-wrapper\">\r\n            <h2            class=\"mh-heading  mh-heading--bottom-separator   \"\r\n            style=\"font-weight:700;\">\r\n\t\t\tTILLG\u00c5NG TILL HELA MARKNADEN        <\/h2>\r\n\r\n\t\t    <\/div>\r\n\r\n\t<\/div>[vc_column_text]F\u00f6rutom de objekt som finns <a href=\"\/sv\/kopa\/\">till salu<\/a> p\u00e5 v\u00e5r hemsida har vi dessutom tillg\u00e5ng till tusentals andra bost\u00e4der via v\u00e5ra <a href=\"\/sv\/om-oss\/partners-och-natverk\/\">n\u00e4tverk och databaser.<\/a> M\u00e5nga av dessa har inte ens kommit ut p\u00e5 marknaden \u00e4nnu.<\/p>\n<p>Vi samarbetar med andra m\u00e4klare utan extra kostnad f\u00f6r dig. Ser du ett hem som intresserar dig p\u00e5 n\u00e5gon annans hemsida kontaktar vi m\u00e4klaren och f\u00f6ljer med dig p\u00e5 visningen.[\/vc_column_text][\/vc_column][vc_column width=&#8221;1\/3&#8243; el_class=&#8221;bloc-picto-txt&#8221;][vc_single_image image=&#8221;807294&#8243; img_size=&#8221;180&#215;180&#8243; alignment=&#8221;center&#8221; css=&#8221;&#8221;]<div class=\" \">\r\n\t\r\n        <div class=\"mh-heading-wrapper\">\r\n            <h2            class=\"mh-heading  mh-heading--bottom-separator   \"\r\n            style=\"font-weight:700;\">\r\n\t\t\tF\u00d6RBEREDER INF\u00d6R DIN ANKOMST        <\/h2>\r\n\r\n\t\t    <\/div>\r\n\r\n\t<\/div>[vc_column_text]<span style=\"font-weight: 400;\">P\u00e5 Wretman Estate \u00e4r vi vana vid utl\u00e4ndska kunder som endast \u00e4r h\u00e4r en kort period. Vi skickar f\u00f6rslag p\u00e5 objekt per email i god tid i f\u00f6rv\u00e4g. Du f\u00e5r tid att titta p\u00e5 bilderna och st\u00e4lla fr\u00e5gor och vi f\u00f6rbereder sedan samtliga visningar till din ankomst.\u00a0<\/span><\/p>\n<p>Skr\u00e4ddarsydda s\u00f6kuppdrag \u00e4r ett utm\u00e4rkt verktyg f\u00f6r att g\u00f6ra letandet efter r\u00e4tt bostad mer effektiv.[\/vc_column_text][\/vc_column][\/vc_row][vc_row el_class=&#8221;red_links&#8221;][vc_column width=&#8221;1\/6&#8243; css=&#8221;.vc_custom_1574343980650{margin-top: 0px !important;margin-right: 0px !important;margin-bottom: 0px !important;margin-left: 0px !important;padding-top: 0px !important;padding-right: 0px !important;padding-bottom: 0px !important;padding-left: 0px !important;}&#8221;][\/vc_column][vc_column width=&#8221;1\/3&#8243; el_class=&#8221;bloc-picto-txt&#8221;][vc_single_image image=&#8221;13849&#8243; img_size=&#8221;180&#215;180&#8243; alignment=&#8221;center&#8221;]<div class=\" \">\r\n\t\r\n        <div class=\"mh-heading-wrapper\">\r\n            <h2            class=\"mh-heading  mh-heading--bottom-separator   \"\r\n            style=\"font-weight:700;\">\r\n\t\t\tVI TALAR SPR\u00c5KET        <\/h2>\r\n\r\n\t\t    <\/div>\r\n\r\n\t<\/div>[vc_column_text]<span style=\"font-weight: 400;\">Den franska k\u00f6pprocessen \u00e4r minst sagt annorlunda och den administrativa delen kan vara skr\u00e4mmande om man inte beh\u00e4rskar spr\u00e5ket. V\u00e5ra m\u00e4klare talar flera spr\u00e5k och vi samarbetar med engelsktalande notarier.<\/span><\/p>\n<p>Med oss kan du k\u00e4nna dig trygg. Du f\u00e5r f\u00f6ruts\u00e4ttningar att k\u00f6pa till r\u00e4tt pris genom den kompetens v\u00e5ra k\u00f6pm\u00e4klare besitter.[\/vc_column_text][\/vc_column][vc_column width=&#8221;1\/3&#8243; el_class=&#8221;bloc-picto-txt&#8221;][vc_single_image image=&#8221;13853&#8243; img_size=&#8221;180&#215;180&#8243; alignment=&#8221;center&#8221;]<div class=\" \">\r\n\t\r\n        <div class=\"mh-heading-wrapper\">\r\n            <h2            class=\"mh-heading  mh-heading--bottom-separator   \"\r\n            style=\"font-weight:700;\">\r\n\t\t\tVI KAN OMR\u00c5DET        <\/h2>\r\n\r\n\t\t    <\/div>\r\n\r\n\t<\/div>[vc_column_text]Vi t\u00e4cker hela Rivieran, fr\u00e5n St Tropez till Menton och upp i Provence och Le Var. Vi har 7 <a href=\"\/sv\/kontakt\/vara-kontor\/\">kontor<\/a> strategiskt placerade l\u00e4ngs med kusten, samt i Valbonne och Fayence. Det \u00e4r inte alla m\u00e4klarfirmor som jobbar med ett s\u00e5 stort omr\u00e5de.<\/p>\n<p>V\u00e5ra 42 <a href=\"\/sv\/om-oss\/team\/\">medarbetare<\/a>, som bor och jobbar p\u00e5 plats, k\u00e4nner till <a href=\"\/sv\/kopa\/franska-rivieran\/\">Franska Rivieran<\/a> mycket v\u00e4l och hj\u00e4lper dig att hitta guldkornen.[\/vc_column_text][\/vc_column][vc_column width=&#8221;1\/6&#8243; css=&#8221;.vc_custom_1574344011061{margin-top: 0px !important;margin-right: 0px !important;margin-bottom: 0px !important;margin-left: 0px !important;padding-top: 0px !important;padding-right: 0px !important;padding-bottom: 0px !important;padding-left: 0px !important;}&#8221;][\/vc_column][\/vc_row][vc_row color=&#8221;custom&#8221; align=&#8221;align_center&#8221; style=&#8221;&#8221; border_width=&#8221;2&#8243; el_width=&#8221;90&#8243; accent_color=&#8221;#7a1523&#8243; css=&#8221;.vc_custom_1579180682632{padding-bottom: 20px !important;}&#8221;][vc_column][vc_separator color=&#8221;custom&#8221; border_width=&#8221;2&#8243; el_width=&#8221;90&#8243; css=&#8221;.vc_custom_1579856697066{padding-bottom: 20px !important;}&#8221; accent_color=&#8221;#7a1523&#8243;][\/vc_column][\/vc_row][vc_row el_class=&#8221;red_links&#8221;][vc_column width=&#8221;1\/2&#8243; css=&#8221;.vc_custom_1579856665116{padding-right: 20px !important;}&#8221;]<div class=\" \">\r\n\t\r\n        <div class=\"mh-heading-wrapper\">\r\n            <h2            class=\"mh-heading  mh-heading--bottom-separator   \"\r\n            style=\"font-weight:700;\">\r\n\t\t\tVARF\u00d6R V\u00c4LJA WRETMAN ESTATE?        <\/h2>\r\n\r\n\t\t    <\/div>\r\n\r\n\t<\/div>[vc_column_text]<\/p>\n<p style=\"text-align: left;\">Wretman Estate f\u00f6rmedlar inte bara fastigheter. Vi skiljer oss fr\u00e5n andra m\u00e4klarbyr\u00e5er, genom att vi hj\u00e4lper v\u00e5ra kunder med allt vad det inneb\u00e4r att skapa sig ett nytt hem i Frankrike.<\/p>\n<p style=\"text-align: left;\">Vi har tillg\u00e5ng till alla objekt p\u00e5 marknaden, \u00e4ven de som inte syns p\u00e5 v\u00e5r hemsida. Det viktiga f\u00f6r oss \u00e4r att hitta det du vill ha, inte att visa dig endast det vi har till salu. Vi kan hj\u00e4lpa dig genom att ge f\u00f6rslag p\u00e5 omr\u00e5den som passar dig och dina behov, visa j\u00e4mf\u00f6rbara objekt om du hittat n\u00e5got som intresserar dig, samt ge r\u00e5d f\u00f6r att p\u00e5 b\u00e4sta s\u00e4tt f\u00f6rhandla priset.<\/p>\n<p style=\"text-align: left;\"><a href=\"\/sv\/om-oss\/vara-tjanster\/\">Vi hj\u00e4lper dig<\/a> med ekonomisk nul\u00e4gesanalys, marknadsbed\u00f6mning, r\u00e5dgivning och finansieringsl\u00f6sningar genom ledande banker. Vi tar hand om pappersarbetet \u00e5t dig, och signaturen sker hos en av v\u00e5ra engelsktalande notarier. Vi har l\u00e5ng erfarenhet av internationella kunder och kan hj\u00e4lpa dig med svar p\u00e5 dina fr\u00e5gor &#8211; allt fr\u00e5n k\u00f6pprocessens olika steg, till de b\u00e4sta internationella skolorna, eller den franska fastighetsskatten.<\/p>\n<p style=\"text-align: left;\">V\u00e5rt st\u00f6rsta intresse ligger i att du f\u00e5r ett s\u00e5 bra pris som m\u00f6jligt f\u00f6r ett objekt som passar dina \u00f6nskem\u00e5l. F\u00f6r oss \u00e4r varje k\u00f6pare en potentiell framtida s\u00e4ljare, s\u00e5 det \u00e4r viktigt f\u00f6r oss att v\u00e5ra kunder k\u00f6per till r\u00e4tt pris.<\/p>\n<p style=\"text-align: left;\">En bostadsaff\u00e4r \u00e4r s\u00e4llan avslutad n\u00e4r slutkontraktet \u00e4r undertecknat. Kanske beh\u00f6ver du professionell r\u00e5dgivning? Eller hj\u00e4lp med administrativa och praktiska detaljer? Vi p\u00e5 Wretman Estate g\u00f6r allt f\u00f6r att underl\u00e4tta processen f\u00f6r dig s\u00e5 att du som k\u00f6pare alltid ska k\u00e4nna dig trygg och s\u00e4ker. F\u00f6r oss handlar det inte bara om att s\u00e4lja och k\u00f6pa bost\u00e4der \u2013 ett hem \u00e4r s\u00e5 mycket mer \u00e4n en aff\u00e4rsuppg\u00f6relse.<\/p>\n<p style=\"text-align: left;\"><strong>S\u00f6kuppdrag &#8211; ett bra s\u00e4tt att snabbt hitta r\u00e4tt bostad!<\/strong><\/p>\n<p>[\/vc_column_text][\/vc_column][vc_column width=&#8221;1\/2&#8243;]<div class=\" \">\r\n\t\r\n        <div class=\"mh-heading-wrapper\">\r\n            <h2            class=\"mh-heading  mh-heading--bottom-separator   \"\r\n            style=\"font-weight:700;\">\r\n\t\t\tS\u00d6KKRITERIER        <\/h2>\r\n\r\n\t\t            <div class=\"mh-subheading \"\r\n                 style=\"\">\r\n\t\t\t\tFyll i formul\u00e4ret h\u00e4r nedan s\u00e5 s\u00e4tter vi dig i kontakt med en m\u00e4klare som utf\u00f6r en skr\u00e4ddarsydd s\u00f6kning med fokus p\u00e5 dina \u00f6nskem\u00e5l.            <\/div>\r\n\t\t    <\/div>\r\n\r\n\t<\/div>\n<div class=\"wpcf7 no-js\" id=\"wpcf7-f3524-o1\" lang=\"fr-FR\" dir=\"ltr\" data-wpcf7-id=\"3524\">\n<div class=\"screen-reader-response\"><p role=\"status\" aria-live=\"polite\" aria-atomic=\"true\"><\/p> <ul><\/ul><\/div>\n<form action=\"\/sv\/wp-json\/wp\/v2\/pages\/3908#wpcf7-f3524-o1\" method=\"post\" class=\"wpcf7-form init\" aria-label=\"Formulaire de contact\" novalidate=\"novalidate\" data-status=\"init\">\n<fieldset class=\"hidden-fields-container\"><input type=\"hidden\" name=\"_wpcf7\" value=\"3524\" \/><input type=\"hidden\" name=\"_wpcf7_version\" value=\"6.1.5\" \/><input type=\"hidden\" name=\"_wpcf7_locale\" value=\"fr_FR\" \/><input type=\"hidden\" name=\"_wpcf7_unit_tag\" value=\"wpcf7-f3524-o1\" \/><input type=\"hidden\" name=\"_wpcf7_container_post\" value=\"0\" \/><input type=\"hidden\" name=\"_wpcf7_posted_data_hash\" value=\"\" \/><input type=\"hidden\" name=\"_wpcf7_recaptcha_response\" value=\"\" \/>\n<\/fieldset>\n<p><input type=\"hidden\" name=\"your-subject\" value=\"Chasseur de Biens SV\" \/>\n<\/p>\n<div class=\"bloc-form\">\n\t<div class=\"vc_col-xs-12 vc_col-sm-12 vc_col-md-12 vc_col-lg-12\">\n\t\t<p><span class=\"wpcf7-form-control-wrap\" data-name=\"your-name\"><input size=\"40\" maxlength=\"400\" class=\"wpcf7-form-control wpcf7-text wpcf7-validates-as-required\" aria-required=\"true\" aria-invalid=\"false\" placeholder=\"Namn\" value=\"\" type=\"text\" name=\"your-name\" \/><\/span>\n\t\t<\/p>\n\t<\/div>\n\t<div class=\"vc_col-xs-12 vc_col-sm-12 vc_col-md-12 vc_col-lg-12\">\n\t\t<p><span class=\"wpcf7-form-control-wrap\" data-name=\"your-email\"><input size=\"40\" maxlength=\"400\" class=\"wpcf7-form-control wpcf7-email wpcf7-validates-as-required wpcf7-text wpcf7-validates-as-email\" aria-required=\"true\" aria-invalid=\"false\" placeholder=\"Email\" value=\"\" type=\"email\" name=\"your-email\" \/><\/span>\n\t\t<\/p>\n\t<\/div>\n\t<div class=\"vc_col-xs-12 vc_col-sm-12 vc_col-md-12 vc_col-lg-12\">\n\t\t<p><span class=\"wpcf7-form-control-wrap\" data-name=\"tel\"><input size=\"40\" maxlength=\"400\" class=\"wpcf7-form-control wpcf7-tel wpcf7-validates-as-required wpcf7-text wpcf7-validates-as-tel\" aria-required=\"true\" aria-invalid=\"false\" placeholder=\"Telefon\" value=\"\" type=\"tel\" name=\"tel\" \/><\/span>\n\t\t<\/p>\n\t<\/div>\n\t<div class=\"vc_col-xs-12 vc_col-sm-12 vc_col-md-12 vc_col-lg-12 radio\">\n\t\t<p><span class=\"radios\"><br \/>\n<label class=\"label oui\">L\u00e4genhet<input type=\"radio\" name=\"type\" value=\"5\" \/><span class=\"checkmark\"><\/span><\/label><br \/>\n<label class=\"label non\">Hus<input type=\"radio\" name=\"type\" value=\"18\" \/><span class=\"checkmark\"><\/span><\/label><br \/>\n<label class=\"label non\">Tomt<input type=\"radio\" name=\"type\" value=\"46\" \/><span class=\"checkmark\"><\/span><\/label><br \/>\n<label class=\"label non\">Fastighet<input type=\"radio\" name=\"type\" value=\"24\" \/><span class=\"checkmark\"><\/span><\/label><\/span>\n\t\t<\/p>\n\t<\/div>\n\t<div class=\"vc_col-xs-12 vc_col-sm-12 vc_col-md-12 vc_col-lg-12 clear\">\n\t\t<p><span class=\"wpcf7-form-control-wrap\" data-name=\"Ville\"><input size=\"40\" maxlength=\"400\" class=\"wpcf7-form-control wpcf7-text wpcf7-validates-as-required\" aria-required=\"true\" aria-invalid=\"false\" placeholder=\"Ort\/Omr\u00e5de\" value=\"\" type=\"text\" name=\"Ville\" \/><\/span>\n\t\t<\/p>\n\t<\/div>\n\t<div class=\"vc_col-xs-12 vc_col-sm-12 vc_col-md-12 vc_col-lg-12\">\n\t\t<p><span class=\"wpcf7-form-control-wrap\" data-name=\"Message\"><textarea cols=\"40\" rows=\"10\" maxlength=\"2000\" class=\"wpcf7-form-control wpcf7-textarea wpcf7-validates-as-required\" aria-required=\"true\" aria-invalid=\"false\" placeholder=\"Meddelande\" name=\"Message\"><\/textarea><\/span>\n\t\t<\/p>\n\t<\/div>\n\t<div class=\"vc_col-xs-12 vc_col-sm-12 vc_col-md-12 vc_col-lg-12\">\n\t\t<p><span class=\"wpcf7-form-control-wrap\" data-name=\"acceptance-236\"><span class=\"wpcf7-form-control wpcf7-acceptance\"><span class=\"wpcf7-list-item\"><label><input type=\"checkbox\" name=\"acceptance-236\" value=\"1\" aria-invalid=\"false\" \/><span class=\"wpcf7-list-item-label\">Jag har l\u00e4st och godk\u00e4nt <a target=\"_blank\" href=\"\/sv\/privacy-notice\">sekretessmeddelandet<\/a><\/span><\/label><\/span><\/span><\/span>\n\t\t<\/p>\n\t<\/div>\n\t<div class=\"vc_col-xs-12 vc_col-sm-12 vc_col-md-12 vc_col-lg-12 recaptcha\">\n\t\n\t<\/div>\n\t<div class=\"vc_col-xs-12 vc_col-sm-12 vc_col-md-12 vc_col-lg-12 envoyer\">\n\t\t<p><input class=\"wpcf7-form-control wpcf7-submit has-spinner\" type=\"submit\" value=\"Skicka\" \/>\n\t\t<\/p>\n\t<\/div>\n<\/div><div class=\"wpcf7-response-output\" aria-hidden=\"true\"><\/div>\n<\/form>\n<\/div>\n[\/vc_column][\/vc_row]<\/p>\n<\/div>","protected":false},"excerpt":{"rendered":"<p>[vc_row full_width=&#8221;stretch_row_content_no_spaces&#8221; content_placement=&#8221;bottom&#8221; css=&#8221;.vc_custom_1586941479448{background-image: url(https:\/\/www.wretmanestate.com\/wp-content\/uploads\/2019\/11\/new-banner.jpg?id=3444) !important;background-position: center !important;background-repeat: no-repeat !important;background-size: cover !important;}&#8221; el_class=&#8221;bloc-title small&#8221;][vc_column][vc_column_text el_class=&#8221;sous-titre-page&#8221;][\/vc_column_text][\/vc_column][\/vc_row][vc_row el_class=&#8221;red_links&#8221;][vc_column width=&#8221;1\/3&#8243; el_class=&#8221;bloc-picto-txt&#8221;][vc_single_image image=&#8221;13841&#8243; img_size=&#8221;180&#215;180&#8243; alignment=&#8221;center&#8221;][vc_column_text]L\u00e5t en av v\u00e5ra m\u00e4klare s\u00e5lla igenom utbudet och g\u00f6ra en s\u00f6kning efter just dina \u00f6nskem\u00e5l! Det \u00e4r mer effektivt \u00e4n att leta annonser sj\u00e4lv.\u00a0Att anlita en av v\u00e5ra k\u00f6pm\u00e4klare \u00e4r helt kostnadsfritt. Slipp stressen [&hellip;]<\/p>\n","protected":false},"author":1,"featured_media":0,"parent":3916,"menu_order":0,"comment_status":"closed","ping_status":"closed","template":"page_full-width.php","meta":{"_acf_changed":false,"content-type":"","_monsterinsights_skip_tracking":false,"_monsterinsights_sitenote_active":false,"_monsterinsights_sitenote_note":"","_monsterinsights_sitenote_category":0,"footnotes":""},"class_list":["post-3908","page","type-page","status-publish","hentry"],"acf":[],"yoast_head":"<!-- This site is optimized with the Yoast SEO plugin v27.5 - https:\/\/yoast.com\/product\/yoast-seo-wordpress\/ -->\n<title>S\u00f6kuppdrag - bra s\u00e4tt att hitta r\u00e4tt bostad i Frankrike - Wretman Estate<\/title>\n<meta name=\"description\" content=\"Vill du k\u00f6pa bostad p\u00e5 Rivieran eller i Provence? Kontakta oss i Frankrike f\u00f6r s\u00f6kuppdrag. V\u00e5ra svenska m\u00e4klare bor h\u00e4r och kan marknaden.\" \/>\n<meta name=\"robots\" content=\"index, follow, max-snippet:-1, max-image-preview:large, max-video-preview:-1\" \/>\n<link rel=\"canonical\" href=\"https:\/\/www.wretmanestate.com\/sv\/kopa-franska-rivieran\/sokuppdrag\/\" \/>\n<meta property=\"og:locale\" content=\"sv_SE\" \/>\n<meta property=\"og:type\" content=\"article\" \/>\n<meta property=\"og:title\" content=\"S\u00f6kuppdrag - bra s\u00e4tt att hitta r\u00e4tt bostad i Frankrike - Wretman Estate\" \/>\n<meta property=\"og:description\" content=\"Vill du k\u00f6pa bostad p\u00e5 Rivieran eller i Provence? Kontakta oss i Frankrike f\u00f6r s\u00f6kuppdrag. V\u00e5ra svenska m\u00e4klare bor h\u00e4r och kan marknaden.\" \/>\n<meta property=\"og:url\" content=\"https:\/\/www.wretmanestate.com\/sv\/kopa-franska-rivieran\/sokuppdrag\/\" \/>\n<meta property=\"og:site_name\" content=\"Wretman Estate\" \/>\n<meta property=\"article:modified_time\" content=\"2025-03-27T10:33:07+00:00\" \/>\n<meta name=\"twitter:card\" content=\"summary_large_image\" \/>\n<meta name=\"twitter:label1\" content=\"Ber\u00e4knad l\u00e4stid\" \/>\n\t<meta name=\"twitter:data1\" content=\"5 minuter\" \/>\n<script type=\"application\/ld+json\" class=\"yoast-schema-graph\">{\"@context\":\"https:\\\/\\\/schema.org\",\"@graph\":[{\"@type\":\"WebPage\",\"@id\":\"https:\\\/\\\/www.wretmanestate.com\\\/sv\\\/kopa-franska-rivieran\\\/sokuppdrag\\\/\",\"url\":\"https:\\\/\\\/www.wretmanestate.com\\\/sv\\\/kopa-franska-rivieran\\\/sokuppdrag\\\/\",\"name\":\"S\u00f6kuppdrag - bra s\u00e4tt att hitta r\u00e4tt bostad i Frankrike - Wretman Estate\",\"isPartOf\":{\"@id\":\"https:\\\/\\\/www.wretmanestate.com\\\/sv\\\/#website\"},\"datePublished\":\"2019-11-21T13:42:39+00:00\",\"dateModified\":\"2025-03-27T10:33:07+00:00\",\"description\":\"Vill du k\u00f6pa bostad p\u00e5 Rivieran eller i Provence? Kontakta oss i Frankrike f\u00f6r s\u00f6kuppdrag. V\u00e5ra svenska m\u00e4klare bor h\u00e4r och kan marknaden.\",\"breadcrumb\":{\"@id\":\"https:\\\/\\\/www.wretmanestate.com\\\/sv\\\/kopa-franska-rivieran\\\/sokuppdrag\\\/#breadcrumb\"},\"inLanguage\":\"sv-SE\",\"potentialAction\":[{\"@type\":\"ReadAction\",\"target\":[\"https:\\\/\\\/www.wretmanestate.com\\\/sv\\\/kopa-franska-rivieran\\\/sokuppdrag\\\/\"]}]},{\"@type\":\"BreadcrumbList\",\"@id\":\"https:\\\/\\\/www.wretmanestate.com\\\/sv\\\/kopa-franska-rivieran\\\/sokuppdrag\\\/#breadcrumb\",\"itemListElement\":[{\"@type\":\"ListItem\",\"position\":1,\"name\":\"Accueil\",\"item\":\"https:\\\/\\\/www.wretmanestate.com\\\/sv\\\/\"},{\"@type\":\"ListItem\",\"position\":2,\"name\":\"K\u00f6pa\",\"item\":\"https:\\\/\\\/www.wretmanestate.com\\\/sv\\\/kopa-franska-rivieran\\\/\"},{\"@type\":\"ListItem\",\"position\":3,\"name\":\"S\u00f6kuppdrag\"}]},{\"@type\":\"WebSite\",\"@id\":\"https:\\\/\\\/www.wretmanestate.com\\\/sv\\\/#website\",\"url\":\"https:\\\/\\\/www.wretmanestate.com\\\/sv\\\/\",\"name\":\"Wretman Estate\",\"description\":\"Immobilier sur la C\u00f4te d&#039;Azur et la Provence\",\"publisher\":{\"@id\":\"https:\\\/\\\/www.wretmanestate.com\\\/sv\\\/#organization\"},\"potentialAction\":[{\"@type\":\"SearchAction\",\"target\":{\"@type\":\"EntryPoint\",\"urlTemplate\":\"https:\\\/\\\/www.wretmanestate.com\\\/sv\\\/?s={search_term_string}\"},\"query-input\":{\"@type\":\"PropertyValueSpecification\",\"valueRequired\":true,\"valueName\":\"search_term_string\"}}],\"inLanguage\":\"sv-SE\"},{\"@type\":\"Organization\",\"@id\":\"https:\\\/\\\/www.wretmanestate.com\\\/sv\\\/#organization\",\"name\":\"WRETMAN ESTATE\",\"url\":\"https:\\\/\\\/www.wretmanestate.com\\\/sv\\\/\",\"logo\":{\"@type\":\"ImageObject\",\"inLanguage\":\"sv-SE\",\"@id\":\"https:\\\/\\\/www.wretmanestate.com\\\/sv\\\/#\\\/schema\\\/logo\\\/image\\\/\",\"url\":\"\",\"contentUrl\":\"\",\"caption\":\"WRETMAN ESTATE\"},\"image\":{\"@id\":\"https:\\\/\\\/www.wretmanestate.com\\\/sv\\\/#\\\/schema\\\/logo\\\/image\\\/\"}}]}<\/script>\n<!-- \/ Yoast SEO plugin. -->","yoast_head_json":{"title":"S\u00f6kuppdrag - bra s\u00e4tt att hitta r\u00e4tt bostad i Frankrike - Wretman Estate","description":"Vill du k\u00f6pa bostad p\u00e5 Rivieran eller i Provence? Kontakta oss i Frankrike f\u00f6r s\u00f6kuppdrag. V\u00e5ra svenska m\u00e4klare bor h\u00e4r och kan marknaden.","robots":{"index":"index","follow":"follow","max-snippet":"max-snippet:-1","max-image-preview":"max-image-preview:large","max-video-preview":"max-video-preview:-1"},"canonical":"https:\/\/www.wretmanestate.com\/sv\/kopa-franska-rivieran\/sokuppdrag\/","og_locale":"sv_SE","og_type":"article","og_title":"S\u00f6kuppdrag - bra s\u00e4tt att hitta r\u00e4tt bostad i Frankrike - Wretman Estate","og_description":"Vill du k\u00f6pa bostad p\u00e5 Rivieran eller i Provence? Kontakta oss i Frankrike f\u00f6r s\u00f6kuppdrag. V\u00e5ra svenska m\u00e4klare bor h\u00e4r och kan marknaden.","og_url":"https:\/\/www.wretmanestate.com\/sv\/kopa-franska-rivieran\/sokuppdrag\/","og_site_name":"Wretman Estate","article_modified_time":"2025-03-27T10:33:07+00:00","twitter_card":"summary_large_image","twitter_misc":{"Ber\u00e4knad l\u00e4stid":"5 minuter"},"schema":{"@context":"https:\/\/schema.org","@graph":[{"@type":"WebPage","@id":"https:\/\/www.wretmanestate.com\/sv\/kopa-franska-rivieran\/sokuppdrag\/","url":"https:\/\/www.wretmanestate.com\/sv\/kopa-franska-rivieran\/sokuppdrag\/","name":"S\u00f6kuppdrag - bra s\u00e4tt att hitta r\u00e4tt bostad i Frankrike - Wretman Estate","isPartOf":{"@id":"https:\/\/www.wretmanestate.com\/sv\/#website"},"datePublished":"2019-11-21T13:42:39+00:00","dateModified":"2025-03-27T10:33:07+00:00","description":"Vill du k\u00f6pa bostad p\u00e5 Rivieran eller i Provence? Kontakta oss i Frankrike f\u00f6r s\u00f6kuppdrag. V\u00e5ra svenska m\u00e4klare bor h\u00e4r och kan marknaden.","breadcrumb":{"@id":"https:\/\/www.wretmanestate.com\/sv\/kopa-franska-rivieran\/sokuppdrag\/#breadcrumb"},"inLanguage":"sv-SE","potentialAction":[{"@type":"ReadAction","target":["https:\/\/www.wretmanestate.com\/sv\/kopa-franska-rivieran\/sokuppdrag\/"]}]},{"@type":"BreadcrumbList","@id":"https:\/\/www.wretmanestate.com\/sv\/kopa-franska-rivieran\/sokuppdrag\/#breadcrumb","itemListElement":[{"@type":"ListItem","position":1,"name":"Accueil","item":"https:\/\/www.wretmanestate.com\/sv\/"},{"@type":"ListItem","position":2,"name":"K\u00f6pa","item":"https:\/\/www.wretmanestate.com\/sv\/kopa-franska-rivieran\/"},{"@type":"ListItem","position":3,"name":"S\u00f6kuppdrag"}]},{"@type":"WebSite","@id":"https:\/\/www.wretmanestate.com\/sv\/#website","url":"https:\/\/www.wretmanestate.com\/sv\/","name":"Wretman Estate","description":"Immobilier sur la C\u00f4te d&#039;Azur et la Provence","publisher":{"@id":"https:\/\/www.wretmanestate.com\/sv\/#organization"},"potentialAction":[{"@type":"SearchAction","target":{"@type":"EntryPoint","urlTemplate":"https:\/\/www.wretmanestate.com\/sv\/?s={search_term_string}"},"query-input":{"@type":"PropertyValueSpecification","valueRequired":true,"valueName":"search_term_string"}}],"inLanguage":"sv-SE"},{"@type":"Organization","@id":"https:\/\/www.wretmanestate.com\/sv\/#organization","name":"WRETMAN ESTATE","url":"https:\/\/www.wretmanestate.com\/sv\/","logo":{"@type":"ImageObject","inLanguage":"sv-SE","@id":"https:\/\/www.wretmanestate.com\/sv\/#\/schema\/logo\/image\/","url":"","contentUrl":"","caption":"WRETMAN ESTATE"},"image":{"@id":"https:\/\/www.wretmanestate.com\/sv\/#\/schema\/logo\/image\/"}}]}},"_links":{"self":[{"href":"https:\/\/www.wretmanestate.com\/sv\/wp-json\/wp\/v2\/pages\/3908","targetHints":{"allow":["GET"]}}],"collection":[{"href":"https:\/\/www.wretmanestate.com\/sv\/wp-json\/wp\/v2\/pages"}],"about":[{"href":"https:\/\/www.wretmanestate.com\/sv\/wp-json\/wp\/v2\/types\/page"}],"author":[{"embeddable":true,"href":"https:\/\/www.wretmanestate.com\/sv\/wp-json\/wp\/v2\/users\/1"}],"replies":[{"embeddable":true,"href":"https:\/\/www.wretmanestate.com\/sv\/wp-json\/wp\/v2\/comments?post=3908"}],"version-history":[{"count":4,"href":"https:\/\/www.wretmanestate.com\/sv\/wp-json\/wp\/v2\/pages\/3908\/revisions"}],"predecessor-version":[{"id":807300,"href":"https:\/\/www.wretmanestate.com\/sv\/wp-json\/wp\/v2\/pages\/3908\/revisions\/807300"}],"up":[{"embeddable":true,"href":"https:\/\/www.wretmanestate.com\/sv\/wp-json\/wp\/v2\/pages\/3916"}],"wp:attachment":[{"href":"https:\/\/www.wretmanestate.com\/sv\/wp-json\/wp\/v2\/media?parent=3908"}],"curies":[{"name":"wp","href":"https:\/\/api.w.org\/{rel}","templated":true}]}}