{"id":3911,"date":"2019-11-21T14:19:45","date_gmt":"2019-11-21T13:19:45","guid":{"rendered":"https:\/\/www.wretmanestate.com\/a-propos\/nos-services\/"},"modified":"2025-03-20T13:10:57","modified_gmt":"2025-03-20T12:10:57","slug":"vara-tjanster","status":"publish","type":"page","link":"https:\/\/www.wretmanestate.com\/sv\/om-oss-maklare-franska-rivieran\/vara-tjanster\/","title":{"rendered":"V\u00e5ra tj\u00e4nster"},"content":{"rendered":"<div class=\"wpb-content-wrapper\"><p>[vc_row full_width=&#8221;stretch_row_content_no_spaces&#8221; content_placement=&#8221;bottom&#8221; css=&#8221;.vc_custom_1586940274114{background-image: url(https:\/\/www.wretmanestate.com\/wp-content\/uploads\/2019\/11\/new-banner.jpg?id=3444) !important;background-position: center !important;background-repeat: no-repeat !important;background-size: cover !important;}&#8221; el_class=&#8221;bloc-title small&#8221;][vc_column]<div class=\" \">\r\n\t\r\n        <div class=\"mh-heading-wrapper\">\r\n            <h1            class=\"mh-heading mh-color-white mh-heading--bottom-separator   \"\r\n            style=\"font-weight:700;\">\r\n\t\t\tV\u00c5RA TJ\u00c4NSTER        <\/h1>\r\n\r\n\t\t    <\/div>\r\n\r\n\t<\/div>[vc_column_text el_class=&#8221;sous-titre-page&#8221;]<\/p>\n<p style=\"text-align: center;\">Ett helhetskoncept med kunden i fokus<\/p>\n<p>[\/vc_column_text][\/vc_column][\/vc_row][vc_row][vc_column]<div class=\" \">\r\n\t\r\n        <div class=\"mh-heading-wrapper\">\r\n            <h2            class=\"mh-heading  mh-heading--bottom-separator   \"\r\n            style=\"font-weight:700;\">\r\n\t\t\tWretman Estate erbjuder en helhetsl\u00f6sning        <\/h2>\r\n\r\n\t\t    <\/div>\r\n\r\n\t<\/div>[\/vc_column][\/vc_row][vc_row el_class=&#8221;img-nos-services&#8221; css=&#8221;.vc_custom_1579535571926{margin-top: 0px !important;margin-bottom: 50px !important;}&#8221;][vc_column width=&#8221;1\/4&#8243;][vc_single_image image=&#8221;13403&#8243; img_size=&#8221;120&#215;120&#8243; alignment=&#8221;center&#8221;][vc_column_text]<\/p>\n<p style=\"text-align: center;\"><span style=\"color: #000000;\"><strong>V\u00e4rdering<\/strong><\/span><\/p>\n<p>[\/vc_column_text][\/vc_column][vc_column width=&#8221;1\/4&#8243;][vc_single_image image=&#8221;805854&#8243; img_size=&#8221;120&#215;120&#8243; alignment=&#8221;center&#8221; css=&#8221;&#8221;][vc_column_text]<\/p>\n<p style=\"text-align: center;\"><span style=\"color: #000000;\"><strong>Skr\u00e4ddarsydda<br \/>\n<\/strong><strong>s\u00f6kuppdrag<\/strong><\/span><\/p>\n<p>[\/vc_column_text][\/vc_column][vc_column width=&#8221;1\/4&#8243;][vc_single_image image=&#8221;13370&#8243; img_size=&#8221;120&#215;120&#8243; alignment=&#8221;center&#8221;][vc_column_text]<\/p>\n<p style=\"text-align: center;\"><span style=\"color: #000000;\"><strong>Professionnel<br \/>\n<\/strong><strong>r\u00e5dgivning<\/strong><\/span><\/p>\n<p>[\/vc_column_text][\/vc_column][vc_column width=&#8221;1\/4&#8243;][vc_single_image image=&#8221;13378&#8243; img_size=&#8221;120&#215;120&#8243; alignment=&#8221;center&#8221;][vc_column_text]<\/p>\n<p style=\"text-align: center;\"><span style=\"color: #000000;\"><strong>F\u00f6rs\u00e4ljning<\/strong><\/span><\/p>\n<p>[\/vc_column_text][\/vc_column][\/vc_row][vc_row el_class=&#8221;bloc-padding red_links&#8221; css=&#8221;.vc_custom_1581929662794{margin-bottom: 0px !important;}&#8221;][vc_column width=&#8221;1\/2&#8243;][vc_column_text css=&#8221;.vc_custom_1582298107617{margin-bottom: 10px !important;}&#8221; el_class=&#8221;txt_center&#8221;]<\/p>\n<p style=\"text-align: center;\">F\u00f6r oss p\u00e5 Wretman Estate \u00e4r en bostadsaff\u00e4r s\u00e5 mycket mer \u00e4n en aff\u00e4rsuppg\u00f6relse. Vi g\u00f6r allt f\u00f6r att underl\u00e4tta processen f\u00f6r dig s\u00e5 att du som <a href=\"https:\/\/www.wretmanestate.com\/sv\/salja\/\">s\u00e4ljare<\/a> eller <a href=\"https:\/\/www.wretmanestate.com\/sv\/kopa\/\">k\u00f6pare<\/a> alltid ska k\u00e4nna dig trygg och s\u00e4ker. V\u00e5ra m\u00e4klare ger r\u00e5d b\u00e5de i s\u00e4lj- och k\u00f6puppdrag och bist\u00e5r med hj\u00e4lp i alla stegen av processen, \u00e4ven efter att k\u00f6pet eller f\u00f6rs\u00e4ljningen genomf\u00f6rts.<\/p>\n<p style=\"text-align: center;\">Vi skiljer oss fr\u00e5n andra m\u00e4klare i Frankrike genom att vi hj\u00e4lper v\u00e5ra kunder med allt vad det inneb\u00e4r att skapa sig ett nytt hem p\u00e5 Franska Rivieran &#8211; eller tv\u00e4rtom, flytta hem till Sverige igen.<\/p>\n<p style=\"text-align: center;\">Kanske beh\u00f6ver du professionell r\u00e5dgivning? Eller hj\u00e4lp med administrativa och praktiska detaljer? Avsluta eller \u00f6ppna abonnemang, f\u00f6rs\u00e4kringar och liknande? Vi hj\u00e4lper dig s\u00e5 l\u00e4nge som du som kund beh\u00f6ver oss.<\/p>\n<p style=\"text-align: center;\">Vi har ett omfattande <a href=\"https:\/\/www.wretmanestate.com\/sv\/om-oss\/partners-och-natverk\/\">n\u00e4tverk<\/a> av kunniga specialister p\u00e5 Franska Rivieran s\u00e5som notarier, advokater, byggm\u00e4stare, f\u00f6rs\u00e4kringsbolag, myndigheter, banker och revisorer.<\/p>\n<p>[\/vc_column_text][\/vc_column][vc_column width=&#8221;1\/2&#8243;][vc_single_image image=&#8221;23408&#8243; img_size=&#8221;large&#8221;][\/vc_column][\/vc_row][vc_row el_class=&#8221;red_links&#8221;][vc_column]<div class=\" \">\r\n\t\r\n        <div class=\"mh-heading-wrapper\">\r\n            <h2            class=\"mh-heading  mh-heading--bottom-separator   \"\r\n            style=\"font-weight:700;\">\r\n\t\t\tSt\u00f6rst i Frankrike        <\/h2>\r\n\r\n\t\t    <\/div>\r\n\r\n\t<\/div>[vc_column_text]<\/p>\n<p style=\"text-align: center;\">Vi \u00e4r den st\u00f6rsta skandinaviska m\u00e4klarbyr\u00e5n i Frankrike och t\u00e4cker genom v\u00e5ra sju strategiskt utplacerade <a href=\"https:\/\/www.wretmanestate.com\/sv\/kontakt\/vara-kontor\/\">kontor<\/a> hela Rivieran, fr\u00e5n Menton till St Tropez. V\u00e5rt <a href=\"https:\/\/www.wretmanestate.com\/sv\/om-oss\/team\/\">team<\/a> best\u00e5r av mer \u00e4n 45 medarbetare, de flesta med skandinaviskt ursprung, och samtliga \u00e4r bosatta i s\u00f6dra Frankrike. Vi talar totalt 19 spr\u00e5k.<\/p>\n<p style=\"text-align: center;\"><em>Hur kan vi hj\u00e4lpa dig?<\/em><\/p>\n<p>[\/vc_column_text][\/vc_column][\/vc_row]<\/p>\n<\/div>","protected":false},"excerpt":{"rendered":"<p>[vc_row full_width=&#8221;stretch_row_content_no_spaces&#8221; content_placement=&#8221;bottom&#8221; css=&#8221;.vc_custom_1586940274114{background-image: url(https:\/\/www.wretmanestate.com\/wp-content\/uploads\/2019\/11\/new-banner.jpg?id=3444) !important;background-position: center !important;background-repeat: no-repeat !important;background-size: cover !important;}&#8221; el_class=&#8221;bloc-title small&#8221;][vc_column][vc_column_text el_class=&#8221;sous-titre-page&#8221;] Ett helhetskoncept med kunden i fokus [\/vc_column_text][\/vc_column][\/vc_row][vc_row][vc_column][\/vc_column][\/vc_row][vc_row el_class=&#8221;img-nos-services&#8221; css=&#8221;.vc_custom_1579535571926{margin-top: 0px !important;margin-bottom: 50px !important;}&#8221;][vc_column width=&#8221;1\/4&#8243;][vc_single_image image=&#8221;13403&#8243; img_size=&#8221;120&#215;120&#8243; alignment=&#8221;center&#8221;][vc_column_text] V\u00e4rdering [\/vc_column_text][\/vc_column][vc_column width=&#8221;1\/4&#8243;][vc_single_image image=&#8221;805854&#8243; img_size=&#8221;120&#215;120&#8243; alignment=&#8221;center&#8221; css=&#8221;&#8221;][vc_column_text] Skr\u00e4ddarsydda s\u00f6kuppdrag [\/vc_column_text][\/vc_column][vc_column width=&#8221;1\/4&#8243;][vc_single_image image=&#8221;13370&#8243; img_size=&#8221;120&#215;120&#8243; alignment=&#8221;center&#8221;][vc_column_text] Professionnel r\u00e5dgivning [\/vc_column_text][\/vc_column][vc_column width=&#8221;1\/4&#8243;][vc_single_image image=&#8221;13378&#8243; img_size=&#8221;120&#215;120&#8243; alignment=&#8221;center&#8221;][vc_column_text] F\u00f6rs\u00e4ljning [\/vc_column_text][\/vc_column][\/vc_row][vc_row [&hellip;]<\/p>\n","protected":false},"author":1,"featured_media":0,"parent":3907,"menu_order":0,"comment_status":"closed","ping_status":"closed","template":"page_full-width.php","meta":{"_acf_changed":false,"content-type":"","_monsterinsights_skip_tracking":false,"_monsterinsights_sitenote_active":false,"_monsterinsights_sitenote_note":"","_monsterinsights_sitenote_category":0,"footnotes":""},"class_list":["post-3911","page","type-page","status-publish","hentry"],"acf":[],"yoast_head":"<!-- This site is optimized with the Yoast SEO plugin v27.5 - https:\/\/yoast.com\/product\/yoast-seo-wordpress\/ -->\n<title>V\u00e5ra tj\u00e4nster - vi erbjuder en helhetsl\u00f6sning - Wretman Estate<\/title>\n<meta name=\"description\" content=\"Wretman Estates fastighetsbyr\u00e5 p\u00e5 Rivieran \u00e4r en helhetsl\u00f6sning! Vi erbjuder v\u00e4rdering, f\u00f6rs\u00e4ljning, professionell r\u00e5dgivning, s\u00f6kuppdrag och uthyrning.\" \/>\n<meta name=\"robots\" content=\"index, follow, max-snippet:-1, max-image-preview:large, max-video-preview:-1\" \/>\n<link rel=\"canonical\" href=\"https:\/\/www.wretmanestate.com\/sv\/om-oss-maklare-franska-rivieran\/vara-tjanster\/\" \/>\n<meta property=\"og:locale\" content=\"sv_SE\" \/>\n<meta property=\"og:type\" content=\"article\" \/>\n<meta property=\"og:title\" content=\"V\u00e5ra tj\u00e4nster - vi erbjuder en helhetsl\u00f6sning - Wretman Estate\" \/>\n<meta property=\"og:description\" content=\"Wretman Estates fastighetsbyr\u00e5 p\u00e5 Rivieran \u00e4r en helhetsl\u00f6sning! Vi erbjuder v\u00e4rdering, f\u00f6rs\u00e4ljning, professionell r\u00e5dgivning, s\u00f6kuppdrag och uthyrning.\" \/>\n<meta property=\"og:url\" content=\"https:\/\/www.wretmanestate.com\/sv\/om-oss-maklare-franska-rivieran\/vara-tjanster\/\" \/>\n<meta property=\"og:site_name\" content=\"Wretman Estate\" \/>\n<meta property=\"article:modified_time\" content=\"2025-03-20T12:10:57+00:00\" \/>\n<meta name=\"twitter:card\" content=\"summary_large_image\" \/>\n<meta name=\"twitter:label1\" content=\"Ber\u00e4knad l\u00e4stid\" \/>\n\t<meta name=\"twitter:data1\" content=\"2 minuter\" \/>\n<script type=\"application\/ld+json\" class=\"yoast-schema-graph\">{\"@context\":\"https:\\\/\\\/schema.org\",\"@graph\":[{\"@type\":\"WebPage\",\"@id\":\"https:\\\/\\\/www.wretmanestate.com\\\/sv\\\/om-oss-maklare-franska-rivieran\\\/vara-tjanster\\\/\",\"url\":\"https:\\\/\\\/www.wretmanestate.com\\\/sv\\\/om-oss-maklare-franska-rivieran\\\/vara-tjanster\\\/\",\"name\":\"V\u00e5ra tj\u00e4nster - vi erbjuder en helhetsl\u00f6sning - Wretman Estate\",\"isPartOf\":{\"@id\":\"https:\\\/\\\/www.wretmanestate.com\\\/sv\\\/#website\"},\"datePublished\":\"2019-11-21T13:19:45+00:00\",\"dateModified\":\"2025-03-20T12:10:57+00:00\",\"description\":\"Wretman Estates fastighetsbyr\u00e5 p\u00e5 Rivieran \u00e4r en helhetsl\u00f6sning! Vi erbjuder v\u00e4rdering, f\u00f6rs\u00e4ljning, professionell r\u00e5dgivning, s\u00f6kuppdrag och uthyrning.\",\"breadcrumb\":{\"@id\":\"https:\\\/\\\/www.wretmanestate.com\\\/sv\\\/om-oss-maklare-franska-rivieran\\\/vara-tjanster\\\/#breadcrumb\"},\"inLanguage\":\"sv-SE\",\"potentialAction\":[{\"@type\":\"ReadAction\",\"target\":[\"https:\\\/\\\/www.wretmanestate.com\\\/sv\\\/om-oss-maklare-franska-rivieran\\\/vara-tjanster\\\/\"]}]},{\"@type\":\"BreadcrumbList\",\"@id\":\"https:\\\/\\\/www.wretmanestate.com\\\/sv\\\/om-oss-maklare-franska-rivieran\\\/vara-tjanster\\\/#breadcrumb\",\"itemListElement\":[{\"@type\":\"ListItem\",\"position\":1,\"name\":\"Accueil\",\"item\":\"https:\\\/\\\/www.wretmanestate.com\\\/sv\\\/\"},{\"@type\":\"ListItem\",\"position\":2,\"name\":\"Om oss\",\"item\":\"https:\\\/\\\/www.wretmanestate.com\\\/sv\\\/om-oss-maklare-franska-rivieran\\\/\"},{\"@type\":\"ListItem\",\"position\":3,\"name\":\"V\u00e5ra tj\u00e4nster\"}]},{\"@type\":\"WebSite\",\"@id\":\"https:\\\/\\\/www.wretmanestate.com\\\/sv\\\/#website\",\"url\":\"https:\\\/\\\/www.wretmanestate.com\\\/sv\\\/\",\"name\":\"Wretman Estate\",\"description\":\"Immobilier sur la C\u00f4te d&#039;Azur et la Provence\",\"publisher\":{\"@id\":\"https:\\\/\\\/www.wretmanestate.com\\\/sv\\\/#organization\"},\"potentialAction\":[{\"@type\":\"SearchAction\",\"target\":{\"@type\":\"EntryPoint\",\"urlTemplate\":\"https:\\\/\\\/www.wretmanestate.com\\\/sv\\\/?s={search_term_string}\"},\"query-input\":{\"@type\":\"PropertyValueSpecification\",\"valueRequired\":true,\"valueName\":\"search_term_string\"}}],\"inLanguage\":\"sv-SE\"},{\"@type\":\"Organization\",\"@id\":\"https:\\\/\\\/www.wretmanestate.com\\\/sv\\\/#organization\",\"name\":\"WRETMAN ESTATE\",\"url\":\"https:\\\/\\\/www.wretmanestate.com\\\/sv\\\/\",\"logo\":{\"@type\":\"ImageObject\",\"inLanguage\":\"sv-SE\",\"@id\":\"https:\\\/\\\/www.wretmanestate.com\\\/sv\\\/#\\\/schema\\\/logo\\\/image\\\/\",\"url\":\"\",\"contentUrl\":\"\",\"caption\":\"WRETMAN ESTATE\"},\"image\":{\"@id\":\"https:\\\/\\\/www.wretmanestate.com\\\/sv\\\/#\\\/schema\\\/logo\\\/image\\\/\"}}]}<\/script>\n<!-- \/ Yoast SEO plugin. -->","yoast_head_json":{"title":"V\u00e5ra tj\u00e4nster - vi erbjuder en helhetsl\u00f6sning - Wretman Estate","description":"Wretman Estates fastighetsbyr\u00e5 p\u00e5 Rivieran \u00e4r en helhetsl\u00f6sning! Vi erbjuder v\u00e4rdering, f\u00f6rs\u00e4ljning, professionell r\u00e5dgivning, s\u00f6kuppdrag och uthyrning.","robots":{"index":"index","follow":"follow","max-snippet":"max-snippet:-1","max-image-preview":"max-image-preview:large","max-video-preview":"max-video-preview:-1"},"canonical":"https:\/\/www.wretmanestate.com\/sv\/om-oss-maklare-franska-rivieran\/vara-tjanster\/","og_locale":"sv_SE","og_type":"article","og_title":"V\u00e5ra tj\u00e4nster - vi erbjuder en helhetsl\u00f6sning - Wretman Estate","og_description":"Wretman Estates fastighetsbyr\u00e5 p\u00e5 Rivieran \u00e4r en helhetsl\u00f6sning! Vi erbjuder v\u00e4rdering, f\u00f6rs\u00e4ljning, professionell r\u00e5dgivning, s\u00f6kuppdrag och uthyrning.","og_url":"https:\/\/www.wretmanestate.com\/sv\/om-oss-maklare-franska-rivieran\/vara-tjanster\/","og_site_name":"Wretman Estate","article_modified_time":"2025-03-20T12:10:57+00:00","twitter_card":"summary_large_image","twitter_misc":{"Ber\u00e4knad l\u00e4stid":"2 minuter"},"schema":{"@context":"https:\/\/schema.org","@graph":[{"@type":"WebPage","@id":"https:\/\/www.wretmanestate.com\/sv\/om-oss-maklare-franska-rivieran\/vara-tjanster\/","url":"https:\/\/www.wretmanestate.com\/sv\/om-oss-maklare-franska-rivieran\/vara-tjanster\/","name":"V\u00e5ra tj\u00e4nster - vi erbjuder en helhetsl\u00f6sning - Wretman Estate","isPartOf":{"@id":"https:\/\/www.wretmanestate.com\/sv\/#website"},"datePublished":"2019-11-21T13:19:45+00:00","dateModified":"2025-03-20T12:10:57+00:00","description":"Wretman Estates fastighetsbyr\u00e5 p\u00e5 Rivieran \u00e4r en helhetsl\u00f6sning! Vi erbjuder v\u00e4rdering, f\u00f6rs\u00e4ljning, professionell r\u00e5dgivning, s\u00f6kuppdrag och uthyrning.","breadcrumb":{"@id":"https:\/\/www.wretmanestate.com\/sv\/om-oss-maklare-franska-rivieran\/vara-tjanster\/#breadcrumb"},"inLanguage":"sv-SE","potentialAction":[{"@type":"ReadAction","target":["https:\/\/www.wretmanestate.com\/sv\/om-oss-maklare-franska-rivieran\/vara-tjanster\/"]}]},{"@type":"BreadcrumbList","@id":"https:\/\/www.wretmanestate.com\/sv\/om-oss-maklare-franska-rivieran\/vara-tjanster\/#breadcrumb","itemListElement":[{"@type":"ListItem","position":1,"name":"Accueil","item":"https:\/\/www.wretmanestate.com\/sv\/"},{"@type":"ListItem","position":2,"name":"Om oss","item":"https:\/\/www.wretmanestate.com\/sv\/om-oss-maklare-franska-rivieran\/"},{"@type":"ListItem","position":3,"name":"V\u00e5ra tj\u00e4nster"}]},{"@type":"WebSite","@id":"https:\/\/www.wretmanestate.com\/sv\/#website","url":"https:\/\/www.wretmanestate.com\/sv\/","name":"Wretman Estate","description":"Immobilier sur la C\u00f4te d&#039;Azur et la Provence","publisher":{"@id":"https:\/\/www.wretmanestate.com\/sv\/#organization"},"potentialAction":[{"@type":"SearchAction","target":{"@type":"EntryPoint","urlTemplate":"https:\/\/www.wretmanestate.com\/sv\/?s={search_term_string}"},"query-input":{"@type":"PropertyValueSpecification","valueRequired":true,"valueName":"search_term_string"}}],"inLanguage":"sv-SE"},{"@type":"Organization","@id":"https:\/\/www.wretmanestate.com\/sv\/#organization","name":"WRETMAN ESTATE","url":"https:\/\/www.wretmanestate.com\/sv\/","logo":{"@type":"ImageObject","inLanguage":"sv-SE","@id":"https:\/\/www.wretmanestate.com\/sv\/#\/schema\/logo\/image\/","url":"","contentUrl":"","caption":"WRETMAN ESTATE"},"image":{"@id":"https:\/\/www.wretmanestate.com\/sv\/#\/schema\/logo\/image\/"}}]}},"_links":{"self":[{"href":"https:\/\/www.wretmanestate.com\/sv\/wp-json\/wp\/v2\/pages\/3911","targetHints":{"allow":["GET"]}}],"collection":[{"href":"https:\/\/www.wretmanestate.com\/sv\/wp-json\/wp\/v2\/pages"}],"about":[{"href":"https:\/\/www.wretmanestate.com\/sv\/wp-json\/wp\/v2\/types\/page"}],"author":[{"embeddable":true,"href":"https:\/\/www.wretmanestate.com\/sv\/wp-json\/wp\/v2\/users\/1"}],"replies":[{"embeddable":true,"href":"https:\/\/www.wretmanestate.com\/sv\/wp-json\/wp\/v2\/comments?post=3911"}],"version-history":[{"count":5,"href":"https:\/\/www.wretmanestate.com\/sv\/wp-json\/wp\/v2\/pages\/3911\/revisions"}],"predecessor-version":[{"id":805858,"href":"https:\/\/www.wretmanestate.com\/sv\/wp-json\/wp\/v2\/pages\/3911\/revisions\/805858"}],"up":[{"embeddable":true,"href":"https:\/\/www.wretmanestate.com\/sv\/wp-json\/wp\/v2\/pages\/3907"}],"wp:attachment":[{"href":"https:\/\/www.wretmanestate.com\/sv\/wp-json\/wp\/v2\/media?parent=3911"}],"curies":[{"name":"wp","href":"https:\/\/api.w.org\/{rel}","templated":true}]}}