{"id":3913,"date":"2019-11-28T15:17:13","date_gmt":"2019-11-28T14:17:13","guid":{"rendered":"https:\/\/www.wretmanestate.com\/a-quelques-heures-de-chez-vous\/"},"modified":"2021-11-22T17:46:36","modified_gmt":"2021-11-22T16:46:36","slug":"latt-att-ta-sig-hit","status":"publish","type":"page","link":"https:\/\/www.wretmanestate.com\/sv\/kopa-franska-rivieran\/franska-rivieran\/latt-att-ta-sig-hit\/","title":{"rendered":"L\u00e4tt att ta sig hit"},"content":{"rendered":"<div class=\"wpb-content-wrapper\"><p>[vc_row full_width=&#8221;stretch_row_content_no_spaces&#8221; content_placement=&#8221;bottom&#8221; css=&#8221;.vc_custom_1580383175775{background-image: url(https:\/\/www.wretmanestate.com\/wp-content\/uploads\/2019\/11\/new-banner.jpg?id=3444) !important;background-position: center !important;background-repeat: no-repeat !important;background-size: cover !important;}&#8221; el_class=&#8221;bloc-title small&#8221;][vc_column]<div class=\" \">\r\n\t\r\n        <div class=\"mh-heading-wrapper\">\r\n            <h1            class=\"mh-heading mh-color-white mh-heading--bottom-separator   \"\r\n            style=\"font-weight:700;\">\r\n\t\t\tL\u00c4TT ATT TA SIG HIT        <\/h1>\r\n\r\n\t\t            <div class=\"mh-subheading mh-color-white\"\r\n                 style=\"\">\r\n\t\t\t\tNice flygplats ligger strategiskt placerad i Europa och erbjuder direktflyg till 117 destinationer v\u00e4rlden \u00f6ver            <\/div>\r\n\t\t    <\/div>\r\n\r\n\t<\/div>[vc_column_text el_class=&#8221;sous-titre-page&#8221;][\/vc_column_text][\/vc_column][\/vc_row][vc_row el_class=&#8221;red_links&#8221;][vc_column][vc_row_inner equal_height=&#8221;yes&#8221; content_placement=&#8221;top&#8221; el_class=&#8221;red_links&#8221;][vc_column_inner width=&#8221;1\/4&#8243;][vc_single_image image=&#8221;13460&#8243; img_size=&#8221;120&#215;120&#8243; alignment=&#8221;center&#8221;][vc_column_text]<\/p>\n<p style=\"text-align: center;\"><strong>N\u00e4st st\u00f6rsta flygplatsen i Frankrike<\/strong><\/p>\n<p>[\/vc_column_text][\/vc_column_inner][vc_column_inner width=&#8221;1\/4&#8243;][vc_single_image image=&#8221;13436&#8243; img_size=&#8221;120&#215;120&#8243; alignment=&#8221;center&#8221;][vc_column_text]<\/p>\n<p style=\"text-align: center;\"><strong>14 miljoner passagerare per \u00e5r<\/strong><\/p>\n<p>[\/vc_column_text][\/vc_column_inner][vc_column_inner width=&#8221;1\/4&#8243;][vc_single_image image=&#8221;13444&#8243; img_size=&#8221;120&#215;120&#8243; alignment=&#8221;center&#8221;][vc_column_text]<\/p>\n<p style=\"text-align: center;\"><strong>61% av Frankrikes internationella flygtrafik<br \/>\n<\/strong><\/p>\n<p>[\/vc_column_text][\/vc_column_inner][vc_column_inner width=&#8221;1\/4&#8243;][vc_single_image image=&#8221;13452&#8243; img_size=&#8221;120&#215;120&#8243; alignment=&#8221;center&#8221;][vc_column_text]<\/p>\n<p style=\"text-align: center;\"><strong>117 regulj\u00e4rflyg till 40 l\u00e4nder<\/strong><\/p>\n<p>[\/vc_column_text][\/vc_column_inner][\/vc_row_inner][vc_column_text el_class=&#8221;txt_center&#8221;]<\/p>\n<p style=\"text-align: center;\">Det \u00e4r mycket enkelt att ta sig till <a href=\"\/sv\/kopa\/franska-rivieran\/\">Franska Rivieran<\/a>. Det g\u00e5r internationella flyg till Nice flera g\u00e5nger om dagen och det g\u00e5r t\u00e5g l\u00e4ngs med hela kusten. \u00c4ven b\u00e5tar och helikoptrar finns om man s\u00e5 \u00f6nskar.\u00a0Sp\u00e5rvagnslinjen mellan Nice flygplats och hamnen i Nice tar endast 35 minuter.<\/p>\n<p style=\"text-align: center;\">En semesterbostad p\u00e5 Rivieran \u00e4r l\u00e4tt att nyttja. Du kan med enkelhet utforska andra intressanta st\u00e4der i Europa.<\/p>\n<p style=\"text-align: center;\">Ta en titt p\u00e5 alla intressanta l\u00e4nkar nedan.<\/p>\n<p>[\/vc_column_text][\/vc_column][\/vc_row][vc_row][vc_column][vc_separator color=&#8221;custom&#8221; border_width=&#8221;2&#8243; el_width=&#8221;90&#8243; accent_color=&#8221;#7a1523&#8243; css=&#8221;.vc_custom_1589808805120{padding-bottom: 20px !important;}&#8221;][\/vc_column][\/vc_row][vc_row css=&#8221;.vc_custom_1580467536385{margin-top: 30px !important;}&#8221; el_class=&#8221;red_links&#8221;][vc_column]<div class=\" \">\r\n\t\r\n        <div class=\"mh-heading-wrapper\">\r\n            <h2            class=\"mh-heading  mh-heading--bottom-separator   \"\r\n            style=\"font-weight:700;\">\r\n\t\t\tTURISTINFORMATION        <\/h2>\r\n\r\n\t\t    <\/div>\r\n\r\n\t<\/div>[\/vc_column][vc_column width=&#8221;1\/2&#8243;][vc_column_text]<\/p>\n<h4>Franska Rivieran<\/h4>\n<p>Om du letar information om evenemang, utflykter, inomhus- eller<span style=\"font-weight: 400;\">\u00a0utomhusaktiviteter <\/span>p\u00e5 <a href=\"\/sv\/kopa\/franska-rivieran\/\">Franska Rivieran<\/a>, rekommenderar vi att du tar en titt hos <a href=\"http:\/\/www.cotedazur-tourisme.com\">Cote d&#8217;Azur Tourisme. <\/a>Denna sida \u00e4r full av inspiration f\u00f6r alla som f\u00f6r\u00e4lskat sig i S\u00f6dra Frankrike!<\/p>\n<h4>Antibes<\/h4>\n<p>Charmiga <a href=\"https:\/\/www.wretmanestate.com\/sv\/kopa-franska-rivieran\/franska-rivieran\/antibes\/\">Antibes<\/a> och lillasystern Juan-les-Pins \u00e4r hem till m\u00e5nga internationella familjer. Hemsidan <a href=\"http:\/\/www.antibesjuanlespins.com\">Antibes Juan-les-Pins<\/a> har samlat ett antal guider f\u00f6r st\u00e4dernas utbud av kulturliv, marknader, sport och friluftsliv, diverse kurser och nattliv.<\/p>\n<h4>Cannes<\/h4>\n<p><a href=\"https:\/\/www.wretmanestate.com\/sv\/kopa-franska-rivieran\/franska-rivieran\/cannes\/\">Cannes<\/a> \u00e4r en levande stad. Dess turistkontor <a href=\"http:\/\/www.cannes-destination.fr\">Cannes Destination<\/a>\u00a0tillhandah\u00e5ller rekommendationer om utflykter, boende, nattliv och casino samt diverse ansedda restauranger.<\/p>\n<h4>Nice<\/h4>\n<p>Klappar ditt hj\u00e4rta lite extra Franska Rivierans huvudstad, <a href=\"https:\/\/www.wretmanestate.com\/sv\/kopa-franska-rivieran\/franska-rivieran\/nice\/\">Nice<\/a>? <a href=\"http:\/\/www.nicetourisme.com\">Nice Tourisme<\/a> erbjuder nyttig information och uppdateras regelbundet med rekommendationer f\u00f6r trevliga restauranger och utflykter f\u00f6r familjer s\u00e5v\u00e4l som par.[\/vc_column_text][\/vc_column][vc_column width=&#8221;1\/2&#8243;][vc_column_text]<\/p>\n<h4>Menton<\/h4>\n<p>Staden <a href=\"https:\/\/www.wretmanestate.com\/sv\/kopa-franska-rivieran\/franska-rivieran\/menton\/\">Menton<\/a> har skapat en sida, <a href=\"http:\/\/www.tourisme-menton.fr\">Menton Tourisme<\/a>, d\u00e4r inv\u00e5nare och f\u00f6rbipasserande kan hitta matnyttig information om vad kommunen arbetar med. H\u00e4r beskrivs stadens kulturarv och historia, evenemang och det finns dessutom en lives\u00e4nd l\u00e4nk fr\u00e5n stranden Plage des Sablettes.<\/p>\n<h4>Saint-Tropez<\/h4>\n<p>Exklusiva semesterorten <a href=\"https:\/\/www.wretmanestate.com\/sv\/kopa-franska-rivieran\/franska-rivieran\/st-tropez-ste-maxime\/\">Saint Tropez<\/a> turistbyr\u00e5 <a href=\"http:\/\/www.sainttropeztourisme.com\">Saint Tropez Tourisme<\/a>\u00a0har en hemsida som erbjuder tips om stadens b\u00e4sta restauranger, museer och sev\u00e4rda byggnader, shopping och boende. Sj\u00e4lvklart finner du h\u00e4r \u00e4ven all information om stadens m\u00e5nga events.<\/p>\n<h4>Le Var<\/h4>\n<p>Intresseras du av Var regionen med dess charmiga byar och b\u00f6ljande landskap? <a href=\"http:\/\/www.visitvar.fr\">Visit Var<\/a> samlar all information om vad som sker i omr\u00e5det.[\/vc_column_text][vc_single_image image=&#8221;62791&#8243; img_size=&#8221;full&#8221; alignment=&#8221;right&#8221;][\/vc_column][\/vc_row][vc_row el_class=&#8221;red_links&#8221;][vc_column][vc_separator color=&#8221;custom&#8221; border_width=&#8221;2&#8243; el_width=&#8221;90&#8243; accent_color=&#8221;#7a1523&#8243; css=&#8221;.vc_custom_1582541764323{padding-bottom: 20px !important;}&#8221;]<div class=\" \">\r\n\t\r\n        <div class=\"mh-heading-wrapper\">\r\n            <h2            class=\"mh-heading  mh-heading--bottom-separator   \"\r\n            style=\"font-weight:700;\">\r\n\t\t\tF\u00c4RDMEDEL        <\/h2>\r\n\r\n\t\t    <\/div>\r\n\r\n\t<\/div>[\/vc_column][vc_column width=&#8221;1\/2&#8243;][vc_single_image image=&#8221;23555&#8243; img_size=&#8221;full&#8221; css=&#8221;.vc_custom_1582624548173{background-image: url(https:\/\/www.wretmanestate.com\/wp-content\/uploads\/2020\/02\/Banana-tree-in-gulfe-juan-1920.jpg?id=23442) !important;}&#8221;][\/vc_column][vc_column width=&#8221;1\/2&#8243;][vc_column_text]<\/p>\n<h4 style=\"text-align: left;\">T\u00e5g &amp; Buss<\/h4>\n<p style=\"text-align: left;\">Det \u00e4r l\u00e4tt att ta sig l\u00e4ngs Rivieran via t\u00e5g, buss och sp\u00e5rvagn.<strong><br \/>\n<\/strong><\/p>\n<p style=\"text-align: left;\"><a href=\"http:\/\/www.sncf.com\">SNCF <\/a>\u00a0sk\u00f6ter t\u00e5gtrafiken l\u00e4ngs kusten. K\u00f6p biljetter eller hitta tidtabeller f\u00f6r avg\u00e5ngar p\u00e5 deras hemsida.<\/p>\n<p style=\"text-align: left;\">F\u00f6retaget som har hand om buss samt sp\u00e5rvagnstrafik i Nice heter <a href=\"https:\/\/www.lignesdazur.com\/\">Lignes d&#8217;Azur<\/a>. Ladda ner deras app f\u00f6r att i realtid ta del av tidtabeller f\u00f6r avg\u00e5ngar, praktisk information samt priser.<\/p>\n<p style=\"text-align: left;\"><a href=\"https:\/\/www.palmbus.fr\/\">Palm Bus<\/a> sk\u00f6ter busstrafiken i Cannes. P\u00e5 deras hemsida finner ni information om avgifter, scheman f\u00f6r avg\u00e5ngar samt kartor. \u00c4ven Palm Bus har en app f\u00f6r att i realtid se avg\u00e5ngar vid olika h\u00e5llplatser.<\/p>\n<p>&nbsp;<\/p>\n<h4 style=\"text-align: left;\">Helikopter<\/h4>\n<p style=\"text-align: left;\">Att ta sig runt via helikopter \u00e4r kanske inte det vanligaste f\u00e4rdalternativet, men p\u00e5 Franska Rivieran \u00e4r det en uppskattad valm\u00f6jlighet.<\/p>\n<ul style=\"text-align: left;\">\n<li style=\"text-align: left;\"><a href=\"http:\/\/www.azurhelico.com\">Azur Helico<\/a><\/li>\n<li style=\"text-align: left;\"><a href=\"http:\/\/www.monacair.mc\">Monacair<\/a><\/li>\n<\/ul>\n<p>Man kan ocks\u00e5 erbjuda en helikoptertur som present![\/vc_column_text][\/vc_column][\/vc_row]<\/p>\n<\/div>","protected":false},"excerpt":{"rendered":"<p>[vc_row full_width=&#8221;stretch_row_content_no_spaces&#8221; content_placement=&#8221;bottom&#8221; css=&#8221;.vc_custom_1580383175775{background-image: url(https:\/\/www.wretmanestate.com\/wp-content\/uploads\/2019\/11\/new-banner.jpg?id=3444) !important;background-position: center !important;background-repeat: no-repeat !important;background-size: cover !important;}&#8221; el_class=&#8221;bloc-title small&#8221;][vc_column][vc_column_text el_class=&#8221;sous-titre-page&#8221;][\/vc_column_text][\/vc_column][\/vc_row][vc_row el_class=&#8221;red_links&#8221;][vc_column][vc_row_inner equal_height=&#8221;yes&#8221; content_placement=&#8221;top&#8221; el_class=&#8221;red_links&#8221;][vc_column_inner width=&#8221;1\/4&#8243;][vc_single_image image=&#8221;13460&#8243; img_size=&#8221;120&#215;120&#8243; alignment=&#8221;center&#8221;][vc_column_text] N\u00e4st st\u00f6rsta flygplatsen i Frankrike [\/vc_column_text][\/vc_column_inner][vc_column_inner width=&#8221;1\/4&#8243;][vc_single_image image=&#8221;13436&#8243; img_size=&#8221;120&#215;120&#8243; alignment=&#8221;center&#8221;][vc_column_text] 14 miljoner passagerare per \u00e5r [\/vc_column_text][\/vc_column_inner][vc_column_inner width=&#8221;1\/4&#8243;][vc_single_image image=&#8221;13444&#8243; img_size=&#8221;120&#215;120&#8243; alignment=&#8221;center&#8221;][vc_column_text] 61% av Frankrikes internationella flygtrafik [\/vc_column_text][\/vc_column_inner][vc_column_inner width=&#8221;1\/4&#8243;][vc_single_image image=&#8221;13452&#8243; img_size=&#8221;120&#215;120&#8243; alignment=&#8221;center&#8221;][vc_column_text] 117 regulj\u00e4rflyg [&hellip;]<\/p>\n","protected":false},"author":1,"featured_media":0,"parent":3932,"menu_order":1,"comment_status":"closed","ping_status":"closed","template":"page_full-width.php","meta":{"_acf_changed":false,"content-type":"","_monsterinsights_skip_tracking":false,"_monsterinsights_sitenote_active":false,"_monsterinsights_sitenote_note":"","_monsterinsights_sitenote_category":0,"footnotes":""},"class_list":["post-3913","page","type-page","status-publish","hentry"],"acf":[],"yoast_head":"<!-- This site is optimized with the Yoast SEO plugin v27.5 - https:\/\/yoast.com\/product\/yoast-seo-wordpress\/ -->\n<title>Transportmedel p\u00e5 Franska Rivieran - L\u00e4tt att ta sig hit - Wretman Estate<\/title>\n<meta name=\"description\" content=\"Det \u00e4r l\u00e4tt att ta sig till Franska Rivieran. Uppt\u00e4ck transportalternativen i regionen. Buss, t\u00e5g, sp\u00e5rvagn, b\u00e5t eller helikopter.\" \/>\n<meta name=\"robots\" content=\"index, follow, max-snippet:-1, max-image-preview:large, max-video-preview:-1\" \/>\n<link rel=\"canonical\" href=\"https:\/\/www.wretmanestate.com\/sv\/kopa-franska-rivieran\/franska-rivieran\/latt-att-ta-sig-hit\/\" \/>\n<meta property=\"og:locale\" content=\"sv_SE\" \/>\n<meta property=\"og:type\" content=\"article\" \/>\n<meta property=\"og:title\" content=\"Transportmedel p\u00e5 Franska Rivieran - L\u00e4tt att ta sig hit - Wretman Estate\" \/>\n<meta property=\"og:description\" content=\"Det \u00e4r l\u00e4tt att ta sig till Franska Rivieran. Uppt\u00e4ck transportalternativen i regionen. Buss, t\u00e5g, sp\u00e5rvagn, b\u00e5t eller helikopter.\" \/>\n<meta property=\"og:url\" content=\"https:\/\/www.wretmanestate.com\/sv\/kopa-franska-rivieran\/franska-rivieran\/latt-att-ta-sig-hit\/\" \/>\n<meta property=\"og:site_name\" content=\"Wretman Estate\" \/>\n<meta property=\"article:modified_time\" content=\"2021-11-22T16:46:36+00:00\" \/>\n<meta name=\"twitter:card\" content=\"summary_large_image\" \/>\n<meta name=\"twitter:label1\" content=\"Ber\u00e4knad l\u00e4stid\" \/>\n\t<meta name=\"twitter:data1\" content=\"3 minuter\" \/>\n<script type=\"application\/ld+json\" class=\"yoast-schema-graph\">{\"@context\":\"https:\\\/\\\/schema.org\",\"@graph\":[{\"@type\":\"WebPage\",\"@id\":\"https:\\\/\\\/www.wretmanestate.com\\\/sv\\\/kopa-franska-rivieran\\\/franska-rivieran\\\/latt-att-ta-sig-hit\\\/\",\"url\":\"https:\\\/\\\/www.wretmanestate.com\\\/sv\\\/kopa-franska-rivieran\\\/franska-rivieran\\\/latt-att-ta-sig-hit\\\/\",\"name\":\"Transportmedel p\u00e5 Franska Rivieran - L\u00e4tt att ta sig hit - Wretman Estate\",\"isPartOf\":{\"@id\":\"https:\\\/\\\/www.wretmanestate.com\\\/sv\\\/#website\"},\"datePublished\":\"2019-11-28T14:17:13+00:00\",\"dateModified\":\"2021-11-22T16:46:36+00:00\",\"description\":\"Det \u00e4r l\u00e4tt att ta sig till Franska Rivieran. Uppt\u00e4ck transportalternativen i regionen. Buss, t\u00e5g, sp\u00e5rvagn, b\u00e5t eller helikopter.\",\"breadcrumb\":{\"@id\":\"https:\\\/\\\/www.wretmanestate.com\\\/sv\\\/kopa-franska-rivieran\\\/franska-rivieran\\\/latt-att-ta-sig-hit\\\/#breadcrumb\"},\"inLanguage\":\"sv-SE\",\"potentialAction\":[{\"@type\":\"ReadAction\",\"target\":[\"https:\\\/\\\/www.wretmanestate.com\\\/sv\\\/kopa-franska-rivieran\\\/franska-rivieran\\\/latt-att-ta-sig-hit\\\/\"]}]},{\"@type\":\"BreadcrumbList\",\"@id\":\"https:\\\/\\\/www.wretmanestate.com\\\/sv\\\/kopa-franska-rivieran\\\/franska-rivieran\\\/latt-att-ta-sig-hit\\\/#breadcrumb\",\"itemListElement\":[{\"@type\":\"ListItem\",\"position\":1,\"name\":\"Accueil\",\"item\":\"https:\\\/\\\/www.wretmanestate.com\\\/sv\\\/\"},{\"@type\":\"ListItem\",\"position\":2,\"name\":\"K\u00f6pa\",\"item\":\"https:\\\/\\\/www.wretmanestate.com\\\/sv\\\/kopa-franska-rivieran\\\/\"},{\"@type\":\"ListItem\",\"position\":3,\"name\":\"Franska Rivieran\",\"item\":\"https:\\\/\\\/www.wretmanestate.com\\\/sv\\\/kopa-franska-rivieran\\\/franska-rivieran\\\/\"},{\"@type\":\"ListItem\",\"position\":4,\"name\":\"L\u00e4tt att ta sig hit\"}]},{\"@type\":\"WebSite\",\"@id\":\"https:\\\/\\\/www.wretmanestate.com\\\/sv\\\/#website\",\"url\":\"https:\\\/\\\/www.wretmanestate.com\\\/sv\\\/\",\"name\":\"Wretman Estate\",\"description\":\"Immobilier sur la C\u00f4te d&#039;Azur et la Provence\",\"publisher\":{\"@id\":\"https:\\\/\\\/www.wretmanestate.com\\\/sv\\\/#organization\"},\"potentialAction\":[{\"@type\":\"SearchAction\",\"target\":{\"@type\":\"EntryPoint\",\"urlTemplate\":\"https:\\\/\\\/www.wretmanestate.com\\\/sv\\\/?s={search_term_string}\"},\"query-input\":{\"@type\":\"PropertyValueSpecification\",\"valueRequired\":true,\"valueName\":\"search_term_string\"}}],\"inLanguage\":\"sv-SE\"},{\"@type\":\"Organization\",\"@id\":\"https:\\\/\\\/www.wretmanestate.com\\\/sv\\\/#organization\",\"name\":\"WRETMAN ESTATE\",\"url\":\"https:\\\/\\\/www.wretmanestate.com\\\/sv\\\/\",\"logo\":{\"@type\":\"ImageObject\",\"inLanguage\":\"sv-SE\",\"@id\":\"https:\\\/\\\/www.wretmanestate.com\\\/sv\\\/#\\\/schema\\\/logo\\\/image\\\/\",\"url\":\"\",\"contentUrl\":\"\",\"caption\":\"WRETMAN ESTATE\"},\"image\":{\"@id\":\"https:\\\/\\\/www.wretmanestate.com\\\/sv\\\/#\\\/schema\\\/logo\\\/image\\\/\"}}]}<\/script>\n<!-- \/ Yoast SEO plugin. -->","yoast_head_json":{"title":"Transportmedel p\u00e5 Franska Rivieran - L\u00e4tt att ta sig hit - Wretman Estate","description":"Det \u00e4r l\u00e4tt att ta sig till Franska Rivieran. Uppt\u00e4ck transportalternativen i regionen. Buss, t\u00e5g, sp\u00e5rvagn, b\u00e5t eller helikopter.","robots":{"index":"index","follow":"follow","max-snippet":"max-snippet:-1","max-image-preview":"max-image-preview:large","max-video-preview":"max-video-preview:-1"},"canonical":"https:\/\/www.wretmanestate.com\/sv\/kopa-franska-rivieran\/franska-rivieran\/latt-att-ta-sig-hit\/","og_locale":"sv_SE","og_type":"article","og_title":"Transportmedel p\u00e5 Franska Rivieran - L\u00e4tt att ta sig hit - Wretman Estate","og_description":"Det \u00e4r l\u00e4tt att ta sig till Franska Rivieran. Uppt\u00e4ck transportalternativen i regionen. Buss, t\u00e5g, sp\u00e5rvagn, b\u00e5t eller helikopter.","og_url":"https:\/\/www.wretmanestate.com\/sv\/kopa-franska-rivieran\/franska-rivieran\/latt-att-ta-sig-hit\/","og_site_name":"Wretman Estate","article_modified_time":"2021-11-22T16:46:36+00:00","twitter_card":"summary_large_image","twitter_misc":{"Ber\u00e4knad l\u00e4stid":"3 minuter"},"schema":{"@context":"https:\/\/schema.org","@graph":[{"@type":"WebPage","@id":"https:\/\/www.wretmanestate.com\/sv\/kopa-franska-rivieran\/franska-rivieran\/latt-att-ta-sig-hit\/","url":"https:\/\/www.wretmanestate.com\/sv\/kopa-franska-rivieran\/franska-rivieran\/latt-att-ta-sig-hit\/","name":"Transportmedel p\u00e5 Franska Rivieran - L\u00e4tt att ta sig hit - Wretman Estate","isPartOf":{"@id":"https:\/\/www.wretmanestate.com\/sv\/#website"},"datePublished":"2019-11-28T14:17:13+00:00","dateModified":"2021-11-22T16:46:36+00:00","description":"Det \u00e4r l\u00e4tt att ta sig till Franska Rivieran. Uppt\u00e4ck transportalternativen i regionen. Buss, t\u00e5g, sp\u00e5rvagn, b\u00e5t eller helikopter.","breadcrumb":{"@id":"https:\/\/www.wretmanestate.com\/sv\/kopa-franska-rivieran\/franska-rivieran\/latt-att-ta-sig-hit\/#breadcrumb"},"inLanguage":"sv-SE","potentialAction":[{"@type":"ReadAction","target":["https:\/\/www.wretmanestate.com\/sv\/kopa-franska-rivieran\/franska-rivieran\/latt-att-ta-sig-hit\/"]}]},{"@type":"BreadcrumbList","@id":"https:\/\/www.wretmanestate.com\/sv\/kopa-franska-rivieran\/franska-rivieran\/latt-att-ta-sig-hit\/#breadcrumb","itemListElement":[{"@type":"ListItem","position":1,"name":"Accueil","item":"https:\/\/www.wretmanestate.com\/sv\/"},{"@type":"ListItem","position":2,"name":"K\u00f6pa","item":"https:\/\/www.wretmanestate.com\/sv\/kopa-franska-rivieran\/"},{"@type":"ListItem","position":3,"name":"Franska Rivieran","item":"https:\/\/www.wretmanestate.com\/sv\/kopa-franska-rivieran\/franska-rivieran\/"},{"@type":"ListItem","position":4,"name":"L\u00e4tt att ta sig hit"}]},{"@type":"WebSite","@id":"https:\/\/www.wretmanestate.com\/sv\/#website","url":"https:\/\/www.wretmanestate.com\/sv\/","name":"Wretman Estate","description":"Immobilier sur la C\u00f4te d&#039;Azur et la Provence","publisher":{"@id":"https:\/\/www.wretmanestate.com\/sv\/#organization"},"potentialAction":[{"@type":"SearchAction","target":{"@type":"EntryPoint","urlTemplate":"https:\/\/www.wretmanestate.com\/sv\/?s={search_term_string}"},"query-input":{"@type":"PropertyValueSpecification","valueRequired":true,"valueName":"search_term_string"}}],"inLanguage":"sv-SE"},{"@type":"Organization","@id":"https:\/\/www.wretmanestate.com\/sv\/#organization","name":"WRETMAN ESTATE","url":"https:\/\/www.wretmanestate.com\/sv\/","logo":{"@type":"ImageObject","inLanguage":"sv-SE","@id":"https:\/\/www.wretmanestate.com\/sv\/#\/schema\/logo\/image\/","url":"","contentUrl":"","caption":"WRETMAN ESTATE"},"image":{"@id":"https:\/\/www.wretmanestate.com\/sv\/#\/schema\/logo\/image\/"}}]}},"_links":{"self":[{"href":"https:\/\/www.wretmanestate.com\/sv\/wp-json\/wp\/v2\/pages\/3913","targetHints":{"allow":["GET"]}}],"collection":[{"href":"https:\/\/www.wretmanestate.com\/sv\/wp-json\/wp\/v2\/pages"}],"about":[{"href":"https:\/\/www.wretmanestate.com\/sv\/wp-json\/wp\/v2\/types\/page"}],"author":[{"embeddable":true,"href":"https:\/\/www.wretmanestate.com\/sv\/wp-json\/wp\/v2\/users\/1"}],"replies":[{"embeddable":true,"href":"https:\/\/www.wretmanestate.com\/sv\/wp-json\/wp\/v2\/comments?post=3913"}],"version-history":[{"count":5,"href":"https:\/\/www.wretmanestate.com\/sv\/wp-json\/wp\/v2\/pages\/3913\/revisions"}],"predecessor-version":[{"id":251558,"href":"https:\/\/www.wretmanestate.com\/sv\/wp-json\/wp\/v2\/pages\/3913\/revisions\/251558"}],"up":[{"embeddable":true,"href":"https:\/\/www.wretmanestate.com\/sv\/wp-json\/wp\/v2\/pages\/3932"}],"wp:attachment":[{"href":"https:\/\/www.wretmanestate.com\/sv\/wp-json\/wp\/v2\/media?parent=3913"}],"curies":[{"name":"wp","href":"https:\/\/api.w.org\/{rel}","templated":true}]}}