{"id":3926,"date":"2019-12-04T10:02:44","date_gmt":"2019-12-04T09:02:44","guid":{"rendered":"https:\/\/www.wretmanestate.com\/investir\/"},"modified":"2022-06-09T11:41:19","modified_gmt":"2022-06-09T09:41:19","slug":"investera-franska-rivieran","status":"publish","type":"page","link":"https:\/\/www.wretmanestate.com\/sv\/investera-franska-rivieran\/","title":{"rendered":"Investera"},"content":{"rendered":"<div class=\"wpb-content-wrapper\"><p>[vc_row full_width=&#8221;stretch_row_content_no_spaces&#8221; content_placement=&#8221;bottom&#8221; css=&#8221;.vc_custom_1593507065513{background-image: url(https:\/\/www.wretmanestate.com\/wp-content\/uploads\/2019\/11\/new-banner.jpg?id=3444) !important;background-position: center !important;background-repeat: no-repeat !important;background-size: cover !important;}&#8221; el_class=&#8221;bloc-title header_team small&#8221;][vc_column]<div class=\" \">\r\n\t\r\n        <div class=\"mh-heading-wrapper\">\r\n            <h1            class=\"mh-heading mh-color-white mh-heading--bottom-separator   \"\r\n            style=\"font-weight:700;\">\r\n\t\t\tINVESTERA        <\/h1>\r\n\r\n\t\t    <\/div>\r\n\r\n\t<\/div>[vc_column_text el_class=&#8221;sous-titre-page&#8221;]Investera i hotell, ving\u00e5rdar och andra kommersiella fastigheter[\/vc_column_text][\/vc_column][\/vc_row][vc_row bg_type=&#8221;bg_color&#8221; bg_override=&#8221;ex-full&#8221; bg_color_value=&#8221;#f2f2f6&#8243; el_class=&#8221;red_links&#8221;][vc_column width=&#8221;1\/2&#8243;][vc_column_text]<\/p>\n<p style=\"text-align: left;\"><strong>Wretman Invest \u00e4r en utveckling av Wretman Estate, specialiserade p\u00e5 att hj\u00e4lpa kunder investera i kommersiella fastigheter s\u00e5som hotell, B&amp;B, ving\u00e5rdar, l\u00e4genhetskomplex och k\u00f6pcentrum.<\/strong><\/p>\n<p style=\"text-align: left;\">V\u00e5rt fokus \u00e4r att identifiera intressanta och l\u00f6nsamma objekt f\u00f6r investeringar samt att g\u00f6ra <a href=\"\/sv\/kopa\/sokuppdrag\/\">skr\u00e4ddarsydda s\u00f6kningar<\/a> utifr\u00e5n v\u00e5ra kunders kriterier. Wretman Invest agerar r\u00e5dgivare b\u00e5de i s\u00e4lj- och k\u00f6pprocessen och har ett handplockat team av experter inom juridik, renovering och management. Vi \u00e4r baserade p\u00e5 Franska Rivieran, men v\u00e5rt n\u00e4tverk \u00e4r globalt och vi \u00e4r \u00f6ppna f\u00f6r internationella samarbeten. Kontakta g\u00e4rna v\u00e5ra expert f\u00f6r mer information:<\/p>\n<p style=\"text-align: left;\"><strong><a href=\"https:\/\/www.wretmanestate.com\/sv\/om-oss-maklare-franska-rivieran\/team\/elisabeth-kahler\/\">Elisabeth K\u00e4hler<\/a><\/strong><br \/>\n<a href=\"mailto:invest@wretmanestate.com\">invest@wretmanestate.com<\/a><\/p>\n<p>[\/vc_column_text][\/vc_column][vc_column width=&#8221;1\/2&#8243;][vc_single_image image=&#8221;18422&#8243; img_size=&#8221;full&#8221;][\/vc_column][\/vc_row][vc_row][vc_column]    <div class=\"mh-grid\">\r\n\t\t    <\/div>\r\n\r\n[\/vc_column][\/vc_row]<\/p>\n<\/div>","protected":false},"excerpt":{"rendered":"<p>[vc_row full_width=&#8221;stretch_row_content_no_spaces&#8221; content_placement=&#8221;bottom&#8221; css=&#8221;.vc_custom_1593507065513{background-image: url(https:\/\/www.wretmanestate.com\/wp-content\/uploads\/2019\/11\/new-banner.jpg?id=3444) !important;background-position: center !important;background-repeat: no-repeat !important;background-size: cover !important;}&#8221; el_class=&#8221;bloc-title header_team small&#8221;][vc_column][vc_column_text el_class=&#8221;sous-titre-page&#8221;]Investera i hotell, ving\u00e5rdar och andra kommersiella fastigheter[\/vc_column_text][\/vc_column][\/vc_row][vc_row bg_type=&#8221;bg_color&#8221; bg_override=&#8221;ex-full&#8221; bg_color_value=&#8221;#f2f2f6&#8243; el_class=&#8221;red_links&#8221;][vc_column width=&#8221;1\/2&#8243;][vc_column_text] Wretman Invest \u00e4r en utveckling av Wretman Estate, specialiserade p\u00e5 att hj\u00e4lpa kunder investera i kommersiella fastigheter s\u00e5som hotell, B&amp;B, ving\u00e5rdar, l\u00e4genhetskomplex och k\u00f6pcentrum. V\u00e5rt fokus \u00e4r [&hellip;]<\/p>\n","protected":false},"author":1,"featured_media":0,"parent":0,"menu_order":0,"comment_status":"closed","ping_status":"closed","template":"page_full-width.php","meta":{"_acf_changed":false,"content-type":"","_monsterinsights_skip_tracking":false,"_monsterinsights_sitenote_active":false,"_monsterinsights_sitenote_note":"","_monsterinsights_sitenote_category":0,"footnotes":""},"class_list":["post-3926","page","type-page","status-publish","hentry"],"acf":[],"yoast_head":"<!-- This site is optimized with the Yoast SEO plugin v27.5 - https:\/\/yoast.com\/product\/yoast-seo-wordpress\/ -->\n<title>Investera i kommersiella fastigheter p\u00e5 Franska Rivieran - Wretman Estate<\/title>\n<meta name=\"description\" content=\"Wretman Invest hj\u00e4per dig investera i kommersiella fastigheter s\u00e5som hotell, B&amp;B, ving\u00e5rdar, l\u00e4genhetskomplex p\u00e5 Franska Rivieran &amp; Provence.\" \/>\n<meta name=\"robots\" content=\"index, follow, max-snippet:-1, max-image-preview:large, max-video-preview:-1\" \/>\n<link rel=\"canonical\" href=\"https:\/\/www.wretmanestate.com\/sv\/investera-franska-rivieran\/\" \/>\n<meta property=\"og:locale\" content=\"sv_SE\" \/>\n<meta property=\"og:type\" content=\"article\" \/>\n<meta property=\"og:title\" content=\"Investera i kommersiella fastigheter p\u00e5 Franska Rivieran - Wretman Estate\" \/>\n<meta property=\"og:description\" content=\"Wretman Invest hj\u00e4per dig investera i kommersiella fastigheter s\u00e5som hotell, B&amp;B, ving\u00e5rdar, l\u00e4genhetskomplex p\u00e5 Franska Rivieran &amp; Provence.\" \/>\n<meta property=\"og:url\" content=\"https:\/\/www.wretmanestate.com\/sv\/investera-franska-rivieran\/\" \/>\n<meta property=\"og:site_name\" content=\"Wretman Estate\" \/>\n<meta property=\"article:modified_time\" content=\"2022-06-09T09:41:19+00:00\" \/>\n<meta name=\"twitter:card\" content=\"summary_large_image\" \/>\n<meta name=\"twitter:label1\" content=\"Ber\u00e4knad l\u00e4stid\" \/>\n\t<meta name=\"twitter:data1\" content=\"1 minut\" \/>\n<script type=\"application\/ld+json\" class=\"yoast-schema-graph\">{\"@context\":\"https:\\\/\\\/schema.org\",\"@graph\":[{\"@type\":\"WebPage\",\"@id\":\"https:\\\/\\\/www.wretmanestate.com\\\/sv\\\/investera-franska-rivieran\\\/\",\"url\":\"https:\\\/\\\/www.wretmanestate.com\\\/sv\\\/investera-franska-rivieran\\\/\",\"name\":\"Investera i kommersiella fastigheter p\u00e5 Franska Rivieran - Wretman Estate\",\"isPartOf\":{\"@id\":\"https:\\\/\\\/www.wretmanestate.com\\\/sv\\\/#website\"},\"datePublished\":\"2019-12-04T09:02:44+00:00\",\"dateModified\":\"2022-06-09T09:41:19+00:00\",\"description\":\"Wretman Invest hj\u00e4per dig investera i kommersiella fastigheter s\u00e5som hotell, B&B, ving\u00e5rdar, l\u00e4genhetskomplex p\u00e5 Franska Rivieran & Provence.\",\"breadcrumb\":{\"@id\":\"https:\\\/\\\/www.wretmanestate.com\\\/sv\\\/investera-franska-rivieran\\\/#breadcrumb\"},\"inLanguage\":\"sv-SE\",\"potentialAction\":[{\"@type\":\"ReadAction\",\"target\":[\"https:\\\/\\\/www.wretmanestate.com\\\/sv\\\/investera-franska-rivieran\\\/\"]}]},{\"@type\":\"BreadcrumbList\",\"@id\":\"https:\\\/\\\/www.wretmanestate.com\\\/sv\\\/investera-franska-rivieran\\\/#breadcrumb\",\"itemListElement\":[{\"@type\":\"ListItem\",\"position\":1,\"name\":\"Accueil\",\"item\":\"https:\\\/\\\/www.wretmanestate.com\\\/sv\\\/\"},{\"@type\":\"ListItem\",\"position\":2,\"name\":\"Investera\"}]},{\"@type\":\"WebSite\",\"@id\":\"https:\\\/\\\/www.wretmanestate.com\\\/sv\\\/#website\",\"url\":\"https:\\\/\\\/www.wretmanestate.com\\\/sv\\\/\",\"name\":\"Wretman Estate\",\"description\":\"Immobilier sur la C\u00f4te d&#039;Azur et la Provence\",\"publisher\":{\"@id\":\"https:\\\/\\\/www.wretmanestate.com\\\/sv\\\/#organization\"},\"potentialAction\":[{\"@type\":\"SearchAction\",\"target\":{\"@type\":\"EntryPoint\",\"urlTemplate\":\"https:\\\/\\\/www.wretmanestate.com\\\/sv\\\/?s={search_term_string}\"},\"query-input\":{\"@type\":\"PropertyValueSpecification\",\"valueRequired\":true,\"valueName\":\"search_term_string\"}}],\"inLanguage\":\"sv-SE\"},{\"@type\":\"Organization\",\"@id\":\"https:\\\/\\\/www.wretmanestate.com\\\/sv\\\/#organization\",\"name\":\"WRETMAN ESTATE\",\"url\":\"https:\\\/\\\/www.wretmanestate.com\\\/sv\\\/\",\"logo\":{\"@type\":\"ImageObject\",\"inLanguage\":\"sv-SE\",\"@id\":\"https:\\\/\\\/www.wretmanestate.com\\\/sv\\\/#\\\/schema\\\/logo\\\/image\\\/\",\"url\":\"\",\"contentUrl\":\"\",\"caption\":\"WRETMAN ESTATE\"},\"image\":{\"@id\":\"https:\\\/\\\/www.wretmanestate.com\\\/sv\\\/#\\\/schema\\\/logo\\\/image\\\/\"}}]}<\/script>\n<!-- \/ Yoast SEO plugin. -->","yoast_head_json":{"title":"Investera i kommersiella fastigheter p\u00e5 Franska Rivieran - Wretman Estate","description":"Wretman Invest hj\u00e4per dig investera i kommersiella fastigheter s\u00e5som hotell, B&B, ving\u00e5rdar, l\u00e4genhetskomplex p\u00e5 Franska Rivieran & Provence.","robots":{"index":"index","follow":"follow","max-snippet":"max-snippet:-1","max-image-preview":"max-image-preview:large","max-video-preview":"max-video-preview:-1"},"canonical":"https:\/\/www.wretmanestate.com\/sv\/investera-franska-rivieran\/","og_locale":"sv_SE","og_type":"article","og_title":"Investera i kommersiella fastigheter p\u00e5 Franska Rivieran - Wretman Estate","og_description":"Wretman Invest hj\u00e4per dig investera i kommersiella fastigheter s\u00e5som hotell, B&B, ving\u00e5rdar, l\u00e4genhetskomplex p\u00e5 Franska Rivieran & Provence.","og_url":"https:\/\/www.wretmanestate.com\/sv\/investera-franska-rivieran\/","og_site_name":"Wretman Estate","article_modified_time":"2022-06-09T09:41:19+00:00","twitter_card":"summary_large_image","twitter_misc":{"Ber\u00e4knad l\u00e4stid":"1 minut"},"schema":{"@context":"https:\/\/schema.org","@graph":[{"@type":"WebPage","@id":"https:\/\/www.wretmanestate.com\/sv\/investera-franska-rivieran\/","url":"https:\/\/www.wretmanestate.com\/sv\/investera-franska-rivieran\/","name":"Investera i kommersiella fastigheter p\u00e5 Franska Rivieran - Wretman Estate","isPartOf":{"@id":"https:\/\/www.wretmanestate.com\/sv\/#website"},"datePublished":"2019-12-04T09:02:44+00:00","dateModified":"2022-06-09T09:41:19+00:00","description":"Wretman Invest hj\u00e4per dig investera i kommersiella fastigheter s\u00e5som hotell, B&B, ving\u00e5rdar, l\u00e4genhetskomplex p\u00e5 Franska Rivieran & Provence.","breadcrumb":{"@id":"https:\/\/www.wretmanestate.com\/sv\/investera-franska-rivieran\/#breadcrumb"},"inLanguage":"sv-SE","potentialAction":[{"@type":"ReadAction","target":["https:\/\/www.wretmanestate.com\/sv\/investera-franska-rivieran\/"]}]},{"@type":"BreadcrumbList","@id":"https:\/\/www.wretmanestate.com\/sv\/investera-franska-rivieran\/#breadcrumb","itemListElement":[{"@type":"ListItem","position":1,"name":"Accueil","item":"https:\/\/www.wretmanestate.com\/sv\/"},{"@type":"ListItem","position":2,"name":"Investera"}]},{"@type":"WebSite","@id":"https:\/\/www.wretmanestate.com\/sv\/#website","url":"https:\/\/www.wretmanestate.com\/sv\/","name":"Wretman Estate","description":"Immobilier sur la C\u00f4te d&#039;Azur et la Provence","publisher":{"@id":"https:\/\/www.wretmanestate.com\/sv\/#organization"},"potentialAction":[{"@type":"SearchAction","target":{"@type":"EntryPoint","urlTemplate":"https:\/\/www.wretmanestate.com\/sv\/?s={search_term_string}"},"query-input":{"@type":"PropertyValueSpecification","valueRequired":true,"valueName":"search_term_string"}}],"inLanguage":"sv-SE"},{"@type":"Organization","@id":"https:\/\/www.wretmanestate.com\/sv\/#organization","name":"WRETMAN ESTATE","url":"https:\/\/www.wretmanestate.com\/sv\/","logo":{"@type":"ImageObject","inLanguage":"sv-SE","@id":"https:\/\/www.wretmanestate.com\/sv\/#\/schema\/logo\/image\/","url":"","contentUrl":"","caption":"WRETMAN ESTATE"},"image":{"@id":"https:\/\/www.wretmanestate.com\/sv\/#\/schema\/logo\/image\/"}}]}},"_links":{"self":[{"href":"https:\/\/www.wretmanestate.com\/sv\/wp-json\/wp\/v2\/pages\/3926","targetHints":{"allow":["GET"]}}],"collection":[{"href":"https:\/\/www.wretmanestate.com\/sv\/wp-json\/wp\/v2\/pages"}],"about":[{"href":"https:\/\/www.wretmanestate.com\/sv\/wp-json\/wp\/v2\/types\/page"}],"author":[{"embeddable":true,"href":"https:\/\/www.wretmanestate.com\/sv\/wp-json\/wp\/v2\/users\/1"}],"replies":[{"embeddable":true,"href":"https:\/\/www.wretmanestate.com\/sv\/wp-json\/wp\/v2\/comments?post=3926"}],"version-history":[{"count":8,"href":"https:\/\/www.wretmanestate.com\/sv\/wp-json\/wp\/v2\/pages\/3926\/revisions"}],"predecessor-version":[{"id":306374,"href":"https:\/\/www.wretmanestate.com\/sv\/wp-json\/wp\/v2\/pages\/3926\/revisions\/306374"}],"wp:attachment":[{"href":"https:\/\/www.wretmanestate.com\/sv\/wp-json\/wp\/v2\/media?parent=3926"}],"curies":[{"name":"wp","href":"https:\/\/api.w.org\/{rel}","templated":true}]}}