{"id":3930,"date":"2019-12-04T17:59:58","date_gmt":"2019-12-04T16:59:58","guid":{"rendered":"https:\/\/www.wretmanestate.com\/imprint\/"},"modified":"2025-09-03T11:32:57","modified_gmt":"2025-09-03T09:32:57","slug":"imprint","status":"publish","type":"page","link":"https:\/\/www.wretmanestate.com\/sv\/imprint\/","title":{"rendered":"Juridisk information \/ V\u00e5ra avgifter"},"content":{"rendered":"<div class=\"wpb-content-wrapper\"><p>[vc_row full_width=&#8221;stretch_row_content_no_spaces&#8221; content_placement=&#8221;middle&#8221; css=&#8221;.vc_custom_1591361278369{background-image: url(https:\/\/www.wretmanestate.com\/wp-content\/uploads\/2019\/11\/new-banner.jpg?id=3444) !important;background-position: center !important;background-repeat: no-repeat !important;background-size: cover !important;}&#8221; el_class=&#8221;bloc-title small&#8221;][vc_column]<div class=\" \">\r\n\t\r\n        <div class=\"mh-heading-wrapper\">\r\n            <h1            class=\"mh-heading mh-color-white mh-heading--bottom-separator   \"\r\n            style=\"font-weight:700;\">\r\n\t\t\tJuridisk information\/V\u00e5ra avgifter        <\/h1>\r\n\r\n\t\t    <\/div>\r\n\r\n\t<\/div>[\/vc_column][\/vc_row][vc_row][vc_column][vc_column_text]I enlighet med best\u00e4mmelserna i artiklarna 6-III och 19 i lagen om f\u00f6rtroende f\u00f6r den digitala ekonomin, samt f\u00f6rordningen av den 10 januari 2017 om konsumentinformation fr\u00e5n yrkesverksamma som \u00e4r involverade i en fastighetstransaktion. Vi informerar dig om att:[\/vc_column_text]<div class=\"mh-heading-wrapper--left \">\r\n\t\r\n        <div class=\"mh-heading-wrapper\">\r\n            <h2            class=\"mh-heading  mh-heading--bottom-separator   \"\r\n            style=\"font-weight:700;\">\r\n\t\t\tV\u00e5ra avgifter        <\/h2>\r\n\r\n\t\t    <\/div>\r\n\r\n\t<\/div>[vc_row_inner][vc_column_inner width=&#8221;1\/3&#8243;][vc_column_text]<\/p>\n<p style=\"text-align: center;\"><strong>Typ av transaktion<\/strong><\/p>\n<p style=\"text-align: center;\">Villor och l\u00e4genheter till salu<\/p>\n<p style=\"text-align: center;\">Kontor till salu<\/p>\n<p style=\"text-align: center;\">Detaljhandel<\/p>\n<p style=\"text-align: center;\">Mark till salu<\/p>\n<p style=\"text-align: center;\">Uppskattning som erbjuds som en del av en f\u00f6rs\u00e4ljning.<\/p>\n<p>[\/vc_column_text][\/vc_column_inner][vc_column_inner width=&#8221;1\/3&#8243;][vc_column_text]<\/p>\n<p style=\"text-align: center;\"><strong>Pris<br \/>\n<\/strong><br \/>\n0 ~ 100 000 000 \u20ac<\/p>\n<p style=\"text-align: center;\">0 ~ 100 000 000 \u20ac<\/p>\n<p style=\"text-align: center;\">0 ~ 100 000 000 \u20ac<\/p>\n<p style=\"text-align: center;\">0 ~ 100 000 000 \u20ac<\/p>\n<p>[\/vc_column_text][\/vc_column_inner][vc_column_inner width=&#8221;1\/3&#8243;][vc_column_text]<\/p>\n<p style=\"text-align: center;\"><strong>Skatt inklusive avgifter<\/strong><\/p>\n<p style=\"text-align: center;\">6,00% betalas av s\u00e4ljaren (fast minimum 7 000 euro)<br \/>\n6,00% betalas av s\u00e4ljaren (fast minimum 7 000 euro)<\/p>\n<p style=\"text-align: center;\">10,00%<\/p>\n<p style=\"text-align: center;\">10,00%<\/p>\n<p>[\/vc_column_text][\/vc_column_inner][\/vc_row_inner][vc_column_text]Dessa priser inkluderar moms. Priserna inkluderar moms (20%).<br \/>\nDe inkluderar bes\u00f6k, f\u00f6rhandling och f\u00f6rs\u00e4ljningstj\u00e4nster.[\/vc_column_text]<div class=\"mh-heading-wrapper--left \">\r\n\t\r\n        <div class=\"mh-heading-wrapper\">\r\n            <h2            class=\"mh-heading  mh-heading--bottom-separator   \"\r\n            style=\"font-weight:700;\">\r\n\t\t\tRedakt\u00f6r        <\/h2>\r\n\r\n\t\t    <\/div>\r\n\r\n\t<\/div>[vc_column_text css=&#8221;&#8221;]Wretman Estate &amp; Consulting &#8211; Fastighetstransaktioner<br \/>\nRegistrerat kontor: 8 Rue Jean de Riouffe, 1:a v\u00e5ningen, 06400 Cannes<br \/>\nSAS med ett kapital p\u00e5 7 500 euro<br \/>\n484 209 267 RCS Cannes &#8211; APE 6831Z<br \/>\nYrkeskort nr CPI 0605 2016 000 004 619, utf\u00e4rdat av Nice handels- och industrikammare<br \/>\nFinansiell garanti fr\u00e5n GALIAN p\u00e5 120 000 euro<br \/>\nMomsregistreringsnummer inom gemenskapen: FR45 484 209 267[\/vc_column_text]<div class=\"mh-heading-wrapper--left \">\r\n\t\r\n        <div class=\"mh-heading-wrapper\">\r\n            <h2            class=\"mh-heading  mh-heading--bottom-separator   \"\r\n            style=\"font-weight:700;\">\r\n\t\t\tV\u00e4rd        <\/h2>\r\n\r\n\t\t    <\/div>\r\n\r\n\t<\/div>[vc_column_text]IDEAL-COM Interaktiv<br \/>\nF\u00f6retagets namn: SARL<br \/>\n473 route des dolines<br \/>\n06560 Sophia Antipolis<br \/>\nTelefonnummer: + 33 (0)4 93 64 80 10[\/vc_column_text]<div class=\"mh-heading-wrapper--left \">\r\n\t\r\n        <div class=\"mh-heading-wrapper\">\r\n            <h2            class=\"mh-heading  mh-heading--bottom-separator   \"\r\n            style=\"font-weight:700;\">\r\n\t\t\tKonsumentombudsman        <\/h2>\r\n\r\n\t\t    <\/div>\r\n\r\n\t<\/div>[vc_column_text]F\u00f6reningen MEDIMMOCONSO<\/p>\n<p>I enlighet med artikel L 611-1 i den franska konsumentlagen informeras konsumenten &#8211; enligt definitionen i den inledande artikeln i den franska konsumentlagen &#8211; h\u00e4rmed om att han eller hon kan h\u00e4nskjuta \u00e4rendet till en konsumentmedlare enligt de villkor som anges i artiklarna L 611-1 och f\u00f6ljande i den franska konsumentlagen, vars kontaktuppgifter \u00e4r :<\/p>\n<p>1 All\u00e9e du Parc de Mesemena<br \/>\nByggnad A &#8211; CS 25222<br \/>\n44505 LA BAULE CEDEX<\/p>\n<p>Tillg\u00e5ng till klagom\u00e5lsformul\u00e4ret online :\u00a0<a href=\"https:\/\/medimmoconso.fr\/adresser-une-reclamation\/\">https:\/\/medimmoconso.fr\/adresser-une-reclamation\/<\/a>[\/vc_column_text][\/vc_column][\/vc_row]<\/p>\n<\/div>","protected":false},"excerpt":{"rendered":"<p>[vc_row full_width=&#8221;stretch_row_content_no_spaces&#8221; content_placement=&#8221;middle&#8221; css=&#8221;.vc_custom_1591361278369{background-image: url(https:\/\/www.wretmanestate.com\/wp-content\/uploads\/2019\/11\/new-banner.jpg?id=3444) !important;background-position: center !important;background-repeat: no-repeat !important;background-size: cover !important;}&#8221; el_class=&#8221;bloc-title small&#8221;][vc_column][\/vc_column][\/vc_row][vc_row][vc_column][vc_column_text]I enlighet med best\u00e4mmelserna i artiklarna 6-III och 19 i lagen om f\u00f6rtroende f\u00f6r den digitala ekonomin, samt f\u00f6rordningen av den 10 januari 2017 om konsumentinformation fr\u00e5n yrkesverksamma som \u00e4r involverade i en fastighetstransaktion. Vi informerar dig om att:[\/vc_column_text][vc_row_inner][vc_column_inner width=&#8221;1\/3&#8243;][vc_column_text] Typ av [&hellip;]<\/p>\n","protected":false},"author":1,"featured_media":0,"parent":0,"menu_order":0,"comment_status":"closed","ping_status":"closed","template":"page_full-width.php","meta":{"_acf_changed":false,"content-type":"","_monsterinsights_skip_tracking":false,"_monsterinsights_sitenote_active":false,"_monsterinsights_sitenote_note":"","_monsterinsights_sitenote_category":0,"footnotes":""},"class_list":["post-3930","page","type-page","status-publish","hentry"],"acf":[],"yoast_head":"<!-- This site is optimized with the Yoast SEO plugin v27.5 - https:\/\/yoast.com\/product\/yoast-seo-wordpress\/ -->\n<title>Juridisk information \/ V\u00e5ra avgifter - Wretman Estate<\/title>\n<meta name=\"description\" content=\"Juridisk information samt information om v\u00e5ra avgifter vid f\u00f6rs\u00e4ljning av en fastighet. Kontakta Wretman Estate f\u00f6r en kostnadsfri v\u00e4rdering.\" \/>\n<meta name=\"robots\" content=\"index, follow, max-snippet:-1, max-image-preview:large, max-video-preview:-1\" \/>\n<link rel=\"canonical\" href=\"https:\/\/www.wretmanestate.com\/sv\/imprint\/\" \/>\n<meta property=\"og:locale\" content=\"sv_SE\" \/>\n<meta property=\"og:type\" content=\"article\" \/>\n<meta property=\"og:title\" content=\"Juridisk information \/ V\u00e5ra avgifter - Wretman Estate\" \/>\n<meta property=\"og:description\" content=\"Juridisk information samt information om v\u00e5ra avgifter vid f\u00f6rs\u00e4ljning av en fastighet. Kontakta Wretman Estate f\u00f6r en kostnadsfri v\u00e4rdering.\" \/>\n<meta property=\"og:url\" content=\"https:\/\/www.wretmanestate.com\/sv\/imprint\/\" \/>\n<meta property=\"og:site_name\" content=\"Wretman Estate\" \/>\n<meta property=\"article:modified_time\" content=\"2025-09-03T09:32:57+00:00\" \/>\n<meta name=\"twitter:card\" content=\"summary_large_image\" \/>\n<meta name=\"twitter:label1\" content=\"Ber\u00e4knad l\u00e4stid\" \/>\n\t<meta name=\"twitter:data1\" content=\"2 minuter\" \/>\n<script type=\"application\/ld+json\" class=\"yoast-schema-graph\">{\"@context\":\"https:\\\/\\\/schema.org\",\"@graph\":[{\"@type\":\"WebPage\",\"@id\":\"https:\\\/\\\/www.wretmanestate.com\\\/sv\\\/imprint\\\/\",\"url\":\"https:\\\/\\\/www.wretmanestate.com\\\/sv\\\/imprint\\\/\",\"name\":\"Juridisk information \\\/ V\u00e5ra avgifter - Wretman Estate\",\"isPartOf\":{\"@id\":\"https:\\\/\\\/www.wretmanestate.com\\\/sv\\\/#website\"},\"datePublished\":\"2019-12-04T16:59:58+00:00\",\"dateModified\":\"2025-09-03T09:32:57+00:00\",\"description\":\"Juridisk information samt information om v\u00e5ra avgifter vid f\u00f6rs\u00e4ljning av en fastighet. Kontakta Wretman Estate f\u00f6r en kostnadsfri v\u00e4rdering.\",\"breadcrumb\":{\"@id\":\"https:\\\/\\\/www.wretmanestate.com\\\/sv\\\/imprint\\\/#breadcrumb\"},\"inLanguage\":\"sv-SE\",\"potentialAction\":[{\"@type\":\"ReadAction\",\"target\":[\"https:\\\/\\\/www.wretmanestate.com\\\/sv\\\/imprint\\\/\"]}]},{\"@type\":\"BreadcrumbList\",\"@id\":\"https:\\\/\\\/www.wretmanestate.com\\\/sv\\\/imprint\\\/#breadcrumb\",\"itemListElement\":[{\"@type\":\"ListItem\",\"position\":1,\"name\":\"Accueil\",\"item\":\"https:\\\/\\\/www.wretmanestate.com\\\/sv\\\/\"},{\"@type\":\"ListItem\",\"position\":2,\"name\":\"Juridisk information \\\/ V\u00e5ra avgifter\"}]},{\"@type\":\"WebSite\",\"@id\":\"https:\\\/\\\/www.wretmanestate.com\\\/sv\\\/#website\",\"url\":\"https:\\\/\\\/www.wretmanestate.com\\\/sv\\\/\",\"name\":\"Wretman Estate\",\"description\":\"Immobilier sur la C\u00f4te d&#039;Azur et la Provence\",\"publisher\":{\"@id\":\"https:\\\/\\\/www.wretmanestate.com\\\/sv\\\/#organization\"},\"potentialAction\":[{\"@type\":\"SearchAction\",\"target\":{\"@type\":\"EntryPoint\",\"urlTemplate\":\"https:\\\/\\\/www.wretmanestate.com\\\/sv\\\/?s={search_term_string}\"},\"query-input\":{\"@type\":\"PropertyValueSpecification\",\"valueRequired\":true,\"valueName\":\"search_term_string\"}}],\"inLanguage\":\"sv-SE\"},{\"@type\":\"Organization\",\"@id\":\"https:\\\/\\\/www.wretmanestate.com\\\/sv\\\/#organization\",\"name\":\"WRETMAN ESTATE\",\"url\":\"https:\\\/\\\/www.wretmanestate.com\\\/sv\\\/\",\"logo\":{\"@type\":\"ImageObject\",\"inLanguage\":\"sv-SE\",\"@id\":\"https:\\\/\\\/www.wretmanestate.com\\\/sv\\\/#\\\/schema\\\/logo\\\/image\\\/\",\"url\":\"\",\"contentUrl\":\"\",\"caption\":\"WRETMAN ESTATE\"},\"image\":{\"@id\":\"https:\\\/\\\/www.wretmanestate.com\\\/sv\\\/#\\\/schema\\\/logo\\\/image\\\/\"}}]}<\/script>\n<!-- \/ Yoast SEO plugin. -->","yoast_head_json":{"title":"Juridisk information \/ V\u00e5ra avgifter - Wretman Estate","description":"Juridisk information samt information om v\u00e5ra avgifter vid f\u00f6rs\u00e4ljning av en fastighet. Kontakta Wretman Estate f\u00f6r en kostnadsfri v\u00e4rdering.","robots":{"index":"index","follow":"follow","max-snippet":"max-snippet:-1","max-image-preview":"max-image-preview:large","max-video-preview":"max-video-preview:-1"},"canonical":"https:\/\/www.wretmanestate.com\/sv\/imprint\/","og_locale":"sv_SE","og_type":"article","og_title":"Juridisk information \/ V\u00e5ra avgifter - Wretman Estate","og_description":"Juridisk information samt information om v\u00e5ra avgifter vid f\u00f6rs\u00e4ljning av en fastighet. Kontakta Wretman Estate f\u00f6r en kostnadsfri v\u00e4rdering.","og_url":"https:\/\/www.wretmanestate.com\/sv\/imprint\/","og_site_name":"Wretman Estate","article_modified_time":"2025-09-03T09:32:57+00:00","twitter_card":"summary_large_image","twitter_misc":{"Ber\u00e4knad l\u00e4stid":"2 minuter"},"schema":{"@context":"https:\/\/schema.org","@graph":[{"@type":"WebPage","@id":"https:\/\/www.wretmanestate.com\/sv\/imprint\/","url":"https:\/\/www.wretmanestate.com\/sv\/imprint\/","name":"Juridisk information \/ V\u00e5ra avgifter - Wretman Estate","isPartOf":{"@id":"https:\/\/www.wretmanestate.com\/sv\/#website"},"datePublished":"2019-12-04T16:59:58+00:00","dateModified":"2025-09-03T09:32:57+00:00","description":"Juridisk information samt information om v\u00e5ra avgifter vid f\u00f6rs\u00e4ljning av en fastighet. Kontakta Wretman Estate f\u00f6r en kostnadsfri v\u00e4rdering.","breadcrumb":{"@id":"https:\/\/www.wretmanestate.com\/sv\/imprint\/#breadcrumb"},"inLanguage":"sv-SE","potentialAction":[{"@type":"ReadAction","target":["https:\/\/www.wretmanestate.com\/sv\/imprint\/"]}]},{"@type":"BreadcrumbList","@id":"https:\/\/www.wretmanestate.com\/sv\/imprint\/#breadcrumb","itemListElement":[{"@type":"ListItem","position":1,"name":"Accueil","item":"https:\/\/www.wretmanestate.com\/sv\/"},{"@type":"ListItem","position":2,"name":"Juridisk information \/ V\u00e5ra avgifter"}]},{"@type":"WebSite","@id":"https:\/\/www.wretmanestate.com\/sv\/#website","url":"https:\/\/www.wretmanestate.com\/sv\/","name":"Wretman Estate","description":"Immobilier sur la C\u00f4te d&#039;Azur et la Provence","publisher":{"@id":"https:\/\/www.wretmanestate.com\/sv\/#organization"},"potentialAction":[{"@type":"SearchAction","target":{"@type":"EntryPoint","urlTemplate":"https:\/\/www.wretmanestate.com\/sv\/?s={search_term_string}"},"query-input":{"@type":"PropertyValueSpecification","valueRequired":true,"valueName":"search_term_string"}}],"inLanguage":"sv-SE"},{"@type":"Organization","@id":"https:\/\/www.wretmanestate.com\/sv\/#organization","name":"WRETMAN ESTATE","url":"https:\/\/www.wretmanestate.com\/sv\/","logo":{"@type":"ImageObject","inLanguage":"sv-SE","@id":"https:\/\/www.wretmanestate.com\/sv\/#\/schema\/logo\/image\/","url":"","contentUrl":"","caption":"WRETMAN ESTATE"},"image":{"@id":"https:\/\/www.wretmanestate.com\/sv\/#\/schema\/logo\/image\/"}}]}},"_links":{"self":[{"href":"https:\/\/www.wretmanestate.com\/sv\/wp-json\/wp\/v2\/pages\/3930","targetHints":{"allow":["GET"]}}],"collection":[{"href":"https:\/\/www.wretmanestate.com\/sv\/wp-json\/wp\/v2\/pages"}],"about":[{"href":"https:\/\/www.wretmanestate.com\/sv\/wp-json\/wp\/v2\/types\/page"}],"author":[{"embeddable":true,"href":"https:\/\/www.wretmanestate.com\/sv\/wp-json\/wp\/v2\/users\/1"}],"replies":[{"embeddable":true,"href":"https:\/\/www.wretmanestate.com\/sv\/wp-json\/wp\/v2\/comments?post=3930"}],"version-history":[{"count":5,"href":"https:\/\/www.wretmanestate.com\/sv\/wp-json\/wp\/v2\/pages\/3930\/revisions"}],"predecessor-version":[{"id":837534,"href":"https:\/\/www.wretmanestate.com\/sv\/wp-json\/wp\/v2\/pages\/3930\/revisions\/837534"}],"wp:attachment":[{"href":"https:\/\/www.wretmanestate.com\/sv\/wp-json\/wp\/v2\/media?parent=3930"}],"curies":[{"name":"wp","href":"https:\/\/api.w.org\/{rel}","templated":true}]}}