{"id":3931,"date":"2019-11-28T12:03:34","date_gmt":"2019-11-28T11:03:34","guid":{"rendered":"https:\/\/www.wretmanestate.com\/nos-partenaires\/"},"modified":"2024-02-06T14:42:34","modified_gmt":"2024-02-06T13:42:34","slug":"partners-och-natverk","status":"publish","type":"page","link":"https:\/\/www.wretmanestate.com\/sv\/om-oss-maklare-franska-rivieran\/partners-och-natverk\/","title":{"rendered":"Partners och n\u00e4tverk"},"content":{"rendered":"<div class=\"wpb-content-wrapper\"><p>[vc_row full_width=&#8221;stretch_row_content_no_spaces&#8221; content_placement=&#8221;bottom&#8221; css=&#8221;.vc_custom_1586940212142{background-image: url(https:\/\/www.wretmanestate.com\/wp-content\/uploads\/2019\/11\/new-banner.jpg?id=3444) !important;background-position: center !important;background-repeat: no-repeat !important;background-size: cover !important;}&#8221; el_class=&#8221;bloc-title small&#8221;][vc_column]<div class=\" \">\r\n\t\r\n        <div class=\"mh-heading-wrapper\">\r\n            <h1            class=\"mh-heading mh-color-white mh-heading--bottom-separator   \"\r\n            style=\"font-weight:700;\">\r\n\t\t\tPARTNERS OCH N\u00c4TVERK        <\/h1>\r\n\r\n\t\t    <\/div>\r\n\r\n\t<\/div>[vc_column_text el_class=&#8221;sous-titre-page&#8221;]<\/p>\n<p style=\"text-align: center;\">Vi tror p\u00e5 samarbete<\/p>\n<p>[\/vc_column_text][\/vc_column][\/vc_row][vc_row css=&#8221;.vc_custom_1574948128442{margin-top: 30px !important;}&#8221;][vc_column]<div class=\" \">\r\n\t\r\n        <div class=\"mh-heading-wrapper\">\r\n            <h2            class=\"mh-heading  mh-heading--bottom-separator   \"\r\n            style=\"font-weight:700;\">\r\n\t\t\tPROFESSIONELLA N\u00c4TVERK        <\/h2>\r\n\r\n\t\t    <\/div>\r\n\r\n\t<\/div>[vc_column_text]<\/p>\n<p style=\"text-align: center;\">Vi \u00e4r medlemmar i Apimarket, FNAIM och MLS, de st\u00f6rsta nationella databaserna f\u00f6r m\u00e4klare.<\/p>\n<p style=\"text-align: center;\">Genom medlemskapen har vi tillg\u00e5ng till tusentals fastigheter p\u00e5 marknaden. Samtliga v\u00e5ra objekt visas \u00e4ven av v\u00e5ra partnerbyr\u00e5er.<\/p>\n<p style=\"text-align: center;\">Allt detta \u00e4r i v\u00e5ra kunders intresse. F\u00f6r kunden som vill k\u00f6pa \u00f6kar urvalet av kvalitetsbost\u00e4der som motsvarar dennes kriterier. F\u00f6r kunden som s\u00e4ljer \u00f6kar antalet potentiella k\u00f6pare, d\u00e5 samtliga partnerbyr\u00e5er kan s\u00f6ka bland v\u00e5ra objekt.<\/p>\n<p style=\"text-align: center;\">Vi \u00e4r vana vid att samarbeta med andra m\u00e4klare, d\u00e5 det \u00f6kar v\u00e5ra chanser att s\u00e4lja din fastighet, eller att hitta ett boende som passar dig.<\/p>\n<p>[\/vc_column_text][vc_row_inner equal_height=&#8221;yes&#8221; content_placement=&#8221;top&#8221; css=&#8221;.vc_custom_1574948123219{margin-top: 30px !important;}&#8221;][vc_column_inner width=&#8221;1\/2&#8243;][vc_single_image image=&#8221;11831&#8243; img_size=&#8221;medium&#8221; alignment=&#8221;center&#8221; onclick=&#8221;custom_link&#8221; img_link_target=&#8221;_blank&#8221; link=&#8221;https:\/\/apimo.net\/&#8221;][\/vc_column_inner][vc_column_inner width=&#8221;1\/2&#8243;][vc_single_image image=&#8221;11827&#8243; img_size=&#8221;medium&#8221; alignment=&#8221;center&#8221; onclick=&#8221;custom_link&#8221; img_link_target=&#8221;_blank&#8221; link=&#8221;https:\/\/www.fnaim.fr\/&#8221;][\/vc_column_inner][\/vc_row_inner][\/vc_column][\/vc_row][vc_row][vc_column][vc_separator color=&#8221;custom&#8221; border_width=&#8221;3&#8243; accent_color=&#8221;#7a1523&#8243;][\/vc_column][\/vc_row][vc_row][vc_column]<div class=\" \">\r\n\t\r\n        <div class=\"mh-heading-wrapper\">\r\n            <h2            class=\"mh-heading  mh-heading--bottom-separator   \"\r\n            style=\"font-weight:700;\">\r\n\t\t\tSAMARBETSPARTNERS        <\/h2>\r\n\r\n\t\t    <\/div>\r\n\r\n\t<\/div>[vc_row_inner equal_height=&#8221;yes&#8221; content_placement=&#8221;top&#8221; css=&#8221;.vc_custom_1579181147575{margin-top: 30px !important;}&#8221;][vc_column_inner width=&#8221;1\/3&#8243;][vc_single_image image=&#8221;3643&#8243; img_size=&#8221;medium&#8221; onclick=&#8221;custom_link&#8221; img_link_target=&#8221;_blank&#8221; link=&#8221;http:\/\/www.rivieraklubben.com&#8221;][vc_column_text]Svenskt n\u00e4tverk p\u00e5 Franska Rivieran med \u00f6ver 3000 medlemmar. Klubben \u00e4r aktiv sedan 40 \u00e5r tillbaka. Den erbjuder ett brett utbud av aktiviteter och nyttig information om det franska samh\u00e4llet.[\/vc_column_text][\/vc_column_inner][vc_column_inner width=&#8221;1\/3&#8243;][vc_single_image image=&#8221;16328&#8243; img_size=&#8221;medium&#8221; onclick=&#8221;custom_link&#8221; img_link_target=&#8221;_blank&#8221; link=&#8221;http:\/\/www.svenskakyrkan.se\/sodrafrankrike&#8221;][vc_column_text]Svenska kyrkan erbjuder barn- och familjeverksamhet, dop, br\u00f6llopsceremonier, k\u00f6rverksamhet, samt hj\u00e4lp och st\u00f6d i sv\u00e5ra situationer. De anordnar \u00e5rligen b\u00e5de jul- och p\u00e5skmarknad.[\/vc_column_text][\/vc_column_inner][vc_column_inner width=&#8221;1\/3&#8243;][vc_single_image image=&#8221;3689&#8243; img_size=&#8221;medium&#8221; onclick=&#8221;custom_link&#8221; img_link_target=&#8221;_blank&#8221; link=&#8221;http:\/\/www.consulat-suede.fr&#8221; css=&#8221;.vc_custom_1579181253459{margin-bottom: 10px !important;}&#8221;][vc_column_text]Konsulatet erbjuder r\u00e5dgivning och hj\u00e4lp till svenska medborgare i samband med kontakter med franska myndigheter. Konsulatet utf\u00e4rdar bland annat levnadsintyg, provisoriska pass och kan p\u00e5 beg\u00e4ran \u00f6vers\u00e4tta svenska personbevis.[\/vc_column_text][\/vc_column_inner][\/vc_row_inner][\/vc_column][\/vc_row][vc_row][vc_column][vc_separator color=&#8221;custom&#8221; border_width=&#8221;3&#8243; accent_color=&#8221;#7a1523&#8243;][\/vc_column][\/vc_row][vc_row css=&#8221;.vc_custom_1574948116312{margin-top: 30px !important;}&#8221;][vc_column]<div class=\" \">\r\n\t\r\n        <div class=\"mh-heading-wrapper\">\r\n            <h3            class=\"mh-heading  mh-heading--bottom-separator   \"\r\n            style=\"font-weight:700;\">\r\n\t\t\tRENOVERING        <\/h3>\r\n\r\n\t\t    <\/div>\r\n\r\n\t<\/div>[vc_row_inner equal_height=&#8221;yes&#8221; content_placement=&#8221;top&#8221; css=&#8221;.vc_custom_1579180878218{margin-top: 30px !important;}&#8221;][vc_column_inner width=&#8221;1\/4&#8243;][vc_single_image image=&#8221;16930&#8243; img_size=&#8221;&#8221; alignment=&#8221;center&#8221; onclick=&#8221;custom_link&#8221; img_link_target=&#8221;_blank&#8221; link=&#8221;http:\/\/www.villascandinave.com&#8221;][vc_column_text]Svensk renoveringsservice som arbetar med b\u00e5de bygg- och renoveringsprojekt. Erbjuder projektledning fr\u00e5n A-\u00d6 och tillhandah\u00e5ller \u00e4ven homestyling. Service p\u00e5 svenska, engelska och franska.[\/vc_column_text][\/vc_column_inner][vc_column_inner width=&#8221;1\/4&#8243;][vc_single_image image=&#8221;16922&#8243; img_size=&#8221;&#8221; alignment=&#8221;center&#8221; onclick=&#8221;custom_link&#8221; img_link_target=&#8221;_blank&#8221; link=&#8221;http:\/\/www.maisonsanssoucis.com&#8221;][vc_column_text]<span style=\"font-weight: 400;\">Maison sans soucis \u00e4gnar sig \u00e5t fastighetsf\u00f6rvaltning och underh\u00e5ller fritidshus i Canton de Fayence och omgivning. Service p\u00e5 engelska och franska.<\/span>[\/vc_column_text][\/vc_column_inner][vc_column_inner width=&#8221;1\/4&#8243;][vc_single_image image=&#8221;16926&#8243; img_size=&#8221;&#8221; alignment=&#8221;center&#8221; onclick=&#8221;custom_link&#8221; img_link_target=&#8221;_blank&#8221; link=&#8221;http:\/\/www.mzarchitecture.com&#8221;][vc_column_text]Fransk\/brittisk arkitektbyr\u00e5 som specialiserat sig p\u00e5 lyxhotell, restauranger och villor. Byr\u00e5n har 15 \u00e5rs erfarenhet av branschen och goda meriter. Service p\u00e5 franska och engelska.[\/vc_column_text][\/vc_column_inner][vc_column_inner width=&#8221;1\/4&#8243;][vc_single_image image=&#8221;16937&#8243; img_size=&#8221;&#8221; alignment=&#8221;center&#8221; onclick=&#8221;custom_link&#8221;][vc_column_text]Inredningsarkitektbyr\u00e5 som specialiserar p\u00e5 att g\u00f6ra om och renovera utrymmen b\u00e5de ute och inne. Service p\u00e5 engelska och franska.[\/vc_column_text][\/vc_column_inner][\/vc_row_inner][\/vc_column][\/vc_row][vc_row][vc_column][vc_separator color=&#8221;custom&#8221; border_width=&#8221;3&#8243; accent_color=&#8221;#7a1523&#8243;][\/vc_column][\/vc_row][vc_row css=&#8221;.vc_custom_1574948102543{margin-top: 30px !important;}&#8221;][vc_column]<div class=\" \">\r\n\t\r\n        <div class=\"mh-heading-wrapper\">\r\n            <h3            class=\"mh-heading  mh-heading--bottom-separator   \"\r\n            style=\"font-weight:700;\">\r\n\t\t\tBANK OCH F\u00d6RS\u00c4KRING        <\/h3>\r\n\r\n\t\t    <\/div>\r\n\r\n\t<\/div>[vc_row_inner equal_height=&#8221;yes&#8221; content_placement=&#8221;top&#8221; css=&#8221;.vc_custom_1574948094073{margin-top: 30px !important;}&#8221;][vc_column_inner width=&#8221;1\/4&#8243;][vc_single_image image=&#8221;3683&#8243; alignment=&#8221;center&#8221; onclick=&#8221;custom_link&#8221; link=&#8221;https:\/\/www.handelsbanken.com\/en\/about-the-group\/locations\/france&#8221;][vc_column_text]Handelsbanken i Nice erbjuder hj\u00e4lp med bol\u00e5n vid k\u00f6p av bostad i Frankrike. \u00d6vriga tj\u00e4nster innefattar private banking och individual banking.[\/vc_column_text][\/vc_column_inner][vc_column_inner width=&#8221;1\/4&#8243;][vc_single_image image=&#8221;3684&#8243; alignment=&#8221;center&#8221; onclick=&#8221;custom_link&#8221; link=&#8221;https:\/\/www.nykredit.dk\/udland\/&#8221;][vc_column_text]Nykredit i Cannes \u00e4r verksamma p\u00e5 franska rivieran sedan 2003. De erbjuder hj\u00e4lp med bol\u00e5n vid k\u00f6p av bostad i Frankrike.[\/vc_column_text][\/vc_column_inner][vc_column_inner width=&#8221;1\/4&#8243;][vc_single_image image=&#8221;3681&#8243; alignment=&#8221;center&#8221; onclick=&#8221;custom_link&#8221; link=&#8221;https:\/\/seb.se\/&#8221;][vc_column_text]SEB Luxembourg erbjuder hj\u00e4lp med bol\u00e5n vid k\u00f6p av bostad i Frankrike.[\/vc_column_text][\/vc_column_inner][vc_column_inner width=&#8221;1\/4&#8243;][vc_single_image image=&#8221;3682&#8243; alignment=&#8221;center&#8221; onclick=&#8221;custom_link&#8221; link=&#8221;https:\/\/www.gan.fr\/&#8221;][vc_column_text]Frankrikes \u00e4ldsta f\u00f6rs\u00e4kringsbyr\u00e5 med cirka en miljon kunder. Hj\u00e4lper er att teckna bil-, hus-, h\u00e4lso-, och livf\u00f6rs\u00e4kring.[\/vc_column_text][\/vc_column_inner][\/vc_row_inner][\/vc_column][\/vc_row]<\/p>\n<\/div>","protected":false},"excerpt":{"rendered":"<p>[vc_row full_width=&#8221;stretch_row_content_no_spaces&#8221; content_placement=&#8221;bottom&#8221; css=&#8221;.vc_custom_1586940212142{background-image: url(https:\/\/www.wretmanestate.com\/wp-content\/uploads\/2019\/11\/new-banner.jpg?id=3444) !important;background-position: center !important;background-repeat: no-repeat !important;background-size: cover !important;}&#8221; el_class=&#8221;bloc-title small&#8221;][vc_column][vc_column_text el_class=&#8221;sous-titre-page&#8221;] Vi tror p\u00e5 samarbete [\/vc_column_text][\/vc_column][\/vc_row][vc_row css=&#8221;.vc_custom_1574948128442{margin-top: 30px !important;}&#8221;][vc_column][vc_column_text] Vi \u00e4r medlemmar i Apimarket, FNAIM och MLS, de st\u00f6rsta nationella databaserna f\u00f6r m\u00e4klare. Genom medlemskapen har vi tillg\u00e5ng till tusentals fastigheter p\u00e5 marknaden. Samtliga v\u00e5ra objekt visas \u00e4ven av v\u00e5ra partnerbyr\u00e5er. [&hellip;]<\/p>\n","protected":false},"author":1,"featured_media":0,"parent":3907,"menu_order":0,"comment_status":"closed","ping_status":"closed","template":"page_full-width.php","meta":{"_acf_changed":false,"content-type":"","_monsterinsights_skip_tracking":false,"_monsterinsights_sitenote_active":false,"_monsterinsights_sitenote_note":"","_monsterinsights_sitenote_category":0,"footnotes":""},"class_list":["post-3931","page","type-page","status-publish","hentry"],"acf":[],"yoast_head":"<!-- This site is optimized with the Yoast SEO plugin v27.5 - https:\/\/yoast.com\/product\/yoast-seo-wordpress\/ -->\n<title>V\u00e5ra samarbetspartners och n\u00e4tverk - Wretman Estate<\/title>\n<meta name=\"description\" content=\"Wretman Estate \u00e4r medlemmar i de st\u00f6rsta nationella databaserna f\u00f6r m\u00e4klare. Vi tror p\u00e5 samarbete eftersom det \u00f6kar v\u00e5ra chanser att s\u00e4lja din fastighet.\" \/>\n<meta name=\"robots\" content=\"index, follow, max-snippet:-1, max-image-preview:large, max-video-preview:-1\" \/>\n<link rel=\"canonical\" href=\"https:\/\/www.wretmanestate.com\/sv\/om-oss-maklare-franska-rivieran\/partners-och-natverk\/\" \/>\n<meta property=\"og:locale\" content=\"sv_SE\" \/>\n<meta property=\"og:type\" content=\"article\" \/>\n<meta property=\"og:title\" content=\"V\u00e5ra samarbetspartners och n\u00e4tverk - Wretman Estate\" \/>\n<meta property=\"og:description\" content=\"Wretman Estate \u00e4r medlemmar i de st\u00f6rsta nationella databaserna f\u00f6r m\u00e4klare. Vi tror p\u00e5 samarbete eftersom det \u00f6kar v\u00e5ra chanser att s\u00e4lja din fastighet.\" \/>\n<meta property=\"og:url\" content=\"https:\/\/www.wretmanestate.com\/sv\/om-oss-maklare-franska-rivieran\/partners-och-natverk\/\" \/>\n<meta property=\"og:site_name\" content=\"Wretman Estate\" \/>\n<meta property=\"article:modified_time\" content=\"2024-02-06T13:42:34+00:00\" \/>\n<meta name=\"twitter:card\" content=\"summary_large_image\" \/>\n<meta name=\"twitter:label1\" content=\"Ber\u00e4knad l\u00e4stid\" \/>\n\t<meta name=\"twitter:data1\" content=\"3 minuter\" \/>\n<script type=\"application\/ld+json\" class=\"yoast-schema-graph\">{\"@context\":\"https:\\\/\\\/schema.org\",\"@graph\":[{\"@type\":\"WebPage\",\"@id\":\"https:\\\/\\\/www.wretmanestate.com\\\/sv\\\/om-oss-maklare-franska-rivieran\\\/partners-och-natverk\\\/\",\"url\":\"https:\\\/\\\/www.wretmanestate.com\\\/sv\\\/om-oss-maklare-franska-rivieran\\\/partners-och-natverk\\\/\",\"name\":\"V\u00e5ra samarbetspartners och n\u00e4tverk - Wretman Estate\",\"isPartOf\":{\"@id\":\"https:\\\/\\\/www.wretmanestate.com\\\/sv\\\/#website\"},\"datePublished\":\"2019-11-28T11:03:34+00:00\",\"dateModified\":\"2024-02-06T13:42:34+00:00\",\"description\":\"Wretman Estate \u00e4r medlemmar i de st\u00f6rsta nationella databaserna f\u00f6r m\u00e4klare. Vi tror p\u00e5 samarbete eftersom det \u00f6kar v\u00e5ra chanser att s\u00e4lja din fastighet.\",\"breadcrumb\":{\"@id\":\"https:\\\/\\\/www.wretmanestate.com\\\/sv\\\/om-oss-maklare-franska-rivieran\\\/partners-och-natverk\\\/#breadcrumb\"},\"inLanguage\":\"sv-SE\",\"potentialAction\":[{\"@type\":\"ReadAction\",\"target\":[\"https:\\\/\\\/www.wretmanestate.com\\\/sv\\\/om-oss-maklare-franska-rivieran\\\/partners-och-natverk\\\/\"]}]},{\"@type\":\"BreadcrumbList\",\"@id\":\"https:\\\/\\\/www.wretmanestate.com\\\/sv\\\/om-oss-maklare-franska-rivieran\\\/partners-och-natverk\\\/#breadcrumb\",\"itemListElement\":[{\"@type\":\"ListItem\",\"position\":1,\"name\":\"Accueil\",\"item\":\"https:\\\/\\\/www.wretmanestate.com\\\/sv\\\/\"},{\"@type\":\"ListItem\",\"position\":2,\"name\":\"Om oss\",\"item\":\"https:\\\/\\\/www.wretmanestate.com\\\/sv\\\/om-oss-maklare-franska-rivieran\\\/\"},{\"@type\":\"ListItem\",\"position\":3,\"name\":\"Partners och n\u00e4tverk\"}]},{\"@type\":\"WebSite\",\"@id\":\"https:\\\/\\\/www.wretmanestate.com\\\/sv\\\/#website\",\"url\":\"https:\\\/\\\/www.wretmanestate.com\\\/sv\\\/\",\"name\":\"Wretman Estate\",\"description\":\"Immobilier sur la C\u00f4te d&#039;Azur et la Provence\",\"publisher\":{\"@id\":\"https:\\\/\\\/www.wretmanestate.com\\\/sv\\\/#organization\"},\"potentialAction\":[{\"@type\":\"SearchAction\",\"target\":{\"@type\":\"EntryPoint\",\"urlTemplate\":\"https:\\\/\\\/www.wretmanestate.com\\\/sv\\\/?s={search_term_string}\"},\"query-input\":{\"@type\":\"PropertyValueSpecification\",\"valueRequired\":true,\"valueName\":\"search_term_string\"}}],\"inLanguage\":\"sv-SE\"},{\"@type\":\"Organization\",\"@id\":\"https:\\\/\\\/www.wretmanestate.com\\\/sv\\\/#organization\",\"name\":\"WRETMAN ESTATE\",\"url\":\"https:\\\/\\\/www.wretmanestate.com\\\/sv\\\/\",\"logo\":{\"@type\":\"ImageObject\",\"inLanguage\":\"sv-SE\",\"@id\":\"https:\\\/\\\/www.wretmanestate.com\\\/sv\\\/#\\\/schema\\\/logo\\\/image\\\/\",\"url\":\"\",\"contentUrl\":\"\",\"caption\":\"WRETMAN ESTATE\"},\"image\":{\"@id\":\"https:\\\/\\\/www.wretmanestate.com\\\/sv\\\/#\\\/schema\\\/logo\\\/image\\\/\"}}]}<\/script>\n<!-- \/ Yoast SEO plugin. -->","yoast_head_json":{"title":"V\u00e5ra samarbetspartners och n\u00e4tverk - Wretman Estate","description":"Wretman Estate \u00e4r medlemmar i de st\u00f6rsta nationella databaserna f\u00f6r m\u00e4klare. Vi tror p\u00e5 samarbete eftersom det \u00f6kar v\u00e5ra chanser att s\u00e4lja din fastighet.","robots":{"index":"index","follow":"follow","max-snippet":"max-snippet:-1","max-image-preview":"max-image-preview:large","max-video-preview":"max-video-preview:-1"},"canonical":"https:\/\/www.wretmanestate.com\/sv\/om-oss-maklare-franska-rivieran\/partners-och-natverk\/","og_locale":"sv_SE","og_type":"article","og_title":"V\u00e5ra samarbetspartners och n\u00e4tverk - Wretman Estate","og_description":"Wretman Estate \u00e4r medlemmar i de st\u00f6rsta nationella databaserna f\u00f6r m\u00e4klare. Vi tror p\u00e5 samarbete eftersom det \u00f6kar v\u00e5ra chanser att s\u00e4lja din fastighet.","og_url":"https:\/\/www.wretmanestate.com\/sv\/om-oss-maklare-franska-rivieran\/partners-och-natverk\/","og_site_name":"Wretman Estate","article_modified_time":"2024-02-06T13:42:34+00:00","twitter_card":"summary_large_image","twitter_misc":{"Ber\u00e4knad l\u00e4stid":"3 minuter"},"schema":{"@context":"https:\/\/schema.org","@graph":[{"@type":"WebPage","@id":"https:\/\/www.wretmanestate.com\/sv\/om-oss-maklare-franska-rivieran\/partners-och-natverk\/","url":"https:\/\/www.wretmanestate.com\/sv\/om-oss-maklare-franska-rivieran\/partners-och-natverk\/","name":"V\u00e5ra samarbetspartners och n\u00e4tverk - Wretman Estate","isPartOf":{"@id":"https:\/\/www.wretmanestate.com\/sv\/#website"},"datePublished":"2019-11-28T11:03:34+00:00","dateModified":"2024-02-06T13:42:34+00:00","description":"Wretman Estate \u00e4r medlemmar i de st\u00f6rsta nationella databaserna f\u00f6r m\u00e4klare. Vi tror p\u00e5 samarbete eftersom det \u00f6kar v\u00e5ra chanser att s\u00e4lja din fastighet.","breadcrumb":{"@id":"https:\/\/www.wretmanestate.com\/sv\/om-oss-maklare-franska-rivieran\/partners-och-natverk\/#breadcrumb"},"inLanguage":"sv-SE","potentialAction":[{"@type":"ReadAction","target":["https:\/\/www.wretmanestate.com\/sv\/om-oss-maklare-franska-rivieran\/partners-och-natverk\/"]}]},{"@type":"BreadcrumbList","@id":"https:\/\/www.wretmanestate.com\/sv\/om-oss-maklare-franska-rivieran\/partners-och-natverk\/#breadcrumb","itemListElement":[{"@type":"ListItem","position":1,"name":"Accueil","item":"https:\/\/www.wretmanestate.com\/sv\/"},{"@type":"ListItem","position":2,"name":"Om oss","item":"https:\/\/www.wretmanestate.com\/sv\/om-oss-maklare-franska-rivieran\/"},{"@type":"ListItem","position":3,"name":"Partners och n\u00e4tverk"}]},{"@type":"WebSite","@id":"https:\/\/www.wretmanestate.com\/sv\/#website","url":"https:\/\/www.wretmanestate.com\/sv\/","name":"Wretman Estate","description":"Immobilier sur la C\u00f4te d&#039;Azur et la Provence","publisher":{"@id":"https:\/\/www.wretmanestate.com\/sv\/#organization"},"potentialAction":[{"@type":"SearchAction","target":{"@type":"EntryPoint","urlTemplate":"https:\/\/www.wretmanestate.com\/sv\/?s={search_term_string}"},"query-input":{"@type":"PropertyValueSpecification","valueRequired":true,"valueName":"search_term_string"}}],"inLanguage":"sv-SE"},{"@type":"Organization","@id":"https:\/\/www.wretmanestate.com\/sv\/#organization","name":"WRETMAN ESTATE","url":"https:\/\/www.wretmanestate.com\/sv\/","logo":{"@type":"ImageObject","inLanguage":"sv-SE","@id":"https:\/\/www.wretmanestate.com\/sv\/#\/schema\/logo\/image\/","url":"","contentUrl":"","caption":"WRETMAN ESTATE"},"image":{"@id":"https:\/\/www.wretmanestate.com\/sv\/#\/schema\/logo\/image\/"}}]}},"_links":{"self":[{"href":"https:\/\/www.wretmanestate.com\/sv\/wp-json\/wp\/v2\/pages\/3931","targetHints":{"allow":["GET"]}}],"collection":[{"href":"https:\/\/www.wretmanestate.com\/sv\/wp-json\/wp\/v2\/pages"}],"about":[{"href":"https:\/\/www.wretmanestate.com\/sv\/wp-json\/wp\/v2\/types\/page"}],"author":[{"embeddable":true,"href":"https:\/\/www.wretmanestate.com\/sv\/wp-json\/wp\/v2\/users\/1"}],"replies":[{"embeddable":true,"href":"https:\/\/www.wretmanestate.com\/sv\/wp-json\/wp\/v2\/comments?post=3931"}],"version-history":[{"count":5,"href":"https:\/\/www.wretmanestate.com\/sv\/wp-json\/wp\/v2\/pages\/3931\/revisions"}],"predecessor-version":[{"id":569903,"href":"https:\/\/www.wretmanestate.com\/sv\/wp-json\/wp\/v2\/pages\/3931\/revisions\/569903"}],"up":[{"embeddable":true,"href":"https:\/\/www.wretmanestate.com\/sv\/wp-json\/wp\/v2\/pages\/3907"}],"wp:attachment":[{"href":"https:\/\/www.wretmanestate.com\/sv\/wp-json\/wp\/v2\/media?parent=3931"}],"curies":[{"name":"wp","href":"https:\/\/api.w.org\/{rel}","templated":true}]}}