{"id":3953,"date":"2019-12-06T17:43:49","date_gmt":"2019-12-06T16:43:49","guid":{"rendered":"https:\/\/www.wretmanestate.com\/estimation\/"},"modified":"2020-09-08T15:47:24","modified_gmt":"2020-09-08T13:47:24","slug":"vardering","status":"publish","type":"page","link":"https:\/\/www.wretmanestate.com\/sv\/salja-sodra-frankrike\/vardering\/","title":{"rendered":"V\u00e4rdering"},"content":{"rendered":"<div class=\"wpb-content-wrapper\"><p>[vc_row full_width=&#8221;stretch_row_content_no_spaces&#8221; content_placement=&#8221;bottom&#8221; css=&#8221;.vc_custom_1586939464337{background-image: url(https:\/\/www.wretmanestate.com\/wp-content\/uploads\/2019\/11\/new-banner.jpg?id=3444) !important;background-position: center !important;background-repeat: no-repeat !important;background-size: cover !important;}&#8221; el_class=&#8221;bloc-title small&#8221;][vc_column]<div class=\" \">\r\n\t\r\n        <div class=\"mh-heading-wrapper\">\r\n            <h1            class=\"mh-heading mh-color-white mh-heading--bottom-separator   \"\r\n            style=\"font-weight:700;\">\r\n\t\t\tV\u00c4RDERING        <\/h1>\r\n\r\n\t\t    <\/div>\r\n\r\n\t<\/div>[vc_column_text el_class=&#8221;sous-titre-page&#8221;]V\u00e5ra experter har gedigen erfarenhet av att v\u00e4rdera hus och l\u00e4genheter[\/vc_column_text][\/vc_column][\/vc_row][vc_row el_class=&#8221;red_links&#8221;][vc_column width=&#8221;2\/3&#8243;]<div class=\" \">\r\n\t\r\n        <div class=\"mh-heading-wrapper\">\r\n            <h2            class=\"mh-heading  mh-heading--bottom-separator   \"\r\n            style=\"font-weight:700;\">\r\n\t\t\tV\u00c4RDERA DIN BOSTAD KOSTNADSFRITT        <\/h2>\r\n\r\n\t\t    <\/div>\r\n\r\n\t<\/div>[vc_column_text]Vid v\u00e4rdering av en fastighet tar vi h\u00e4nsyn till flera olika faktorer, s\u00e5som bland annat l\u00e4ge, skick, yta, exponering, utsikt, samt f\u00f6rs\u00e4ljningspris p\u00e5 j\u00e4mf\u00f6rbara fastigheter i omr\u00e5det. Efter att ha unders\u00f6kt dessa olika parametrar kan vi ge dig en s\u00e5 realistisk bild som m\u00f6jligt av ett rimligt f\u00f6rs\u00e4ljningspris.<\/p>\n<p>Om du undrar vad som h\u00e4nder med priserna i ditt omr\u00e5de, eller om du funderar p\u00e5 att <a href=\"\/sv\/salja\/\">s\u00e4lja<\/a> ditt hus, kan de utbildade <a href=\"\/sv\/om-oss\/team\/\">fastighetsm\u00e4klarna<\/a> p\u00e5 <a href=\"\/sv\/\">Wretman Estate<\/a> hj\u00e4lpa till.<\/p>\n<p><a href=\"\/sv\/kontakt\/vara-kontor\/\">Ring oss<\/a> eller fyll i formul\u00e4ret, s\u00e5 kontaktar vi dig inom kort f\u00f6r en professionell v\u00e4rdering.[\/vc_column_text][vc_single_image image=&#8221;25584&#8243; img_size=&#8221;full&#8221;][\/vc_column][vc_column width=&#8221;1\/3&#8243;][vc_row_inner][vc_column_inner el_class=&#8221;bloc-form-text&#8221;]<div class=\" \">\r\n\t\r\n        <div class=\"mh-heading-wrapper\">\r\n            <h2            class=\"mh-heading mh-color-white    \"\r\n            style=\"font-weight:700;\">\r\n\t\t\tKontakta oss        <\/h2>\r\n\r\n\t\t    <\/div>\r\n\r\n\t<\/div>\n<div class=\"wpcf7 no-js\" id=\"wpcf7-f3524-o1\" lang=\"fr-FR\" dir=\"ltr\" data-wpcf7-id=\"3524\">\n<div class=\"screen-reader-response\"><p role=\"status\" aria-live=\"polite\" aria-atomic=\"true\"><\/p> <ul><\/ul><\/div>\n<form action=\"\/sv\/wp-json\/wp\/v2\/pages\/3953#wpcf7-f3524-o1\" method=\"post\" class=\"wpcf7-form init\" aria-label=\"Formulaire de contact\" novalidate=\"novalidate\" data-status=\"init\">\n<fieldset class=\"hidden-fields-container\"><input type=\"hidden\" name=\"_wpcf7\" value=\"3524\" \/><input type=\"hidden\" name=\"_wpcf7_version\" value=\"6.1.5\" \/><input type=\"hidden\" name=\"_wpcf7_locale\" value=\"fr_FR\" \/><input type=\"hidden\" name=\"_wpcf7_unit_tag\" value=\"wpcf7-f3524-o1\" \/><input type=\"hidden\" name=\"_wpcf7_container_post\" value=\"0\" \/><input type=\"hidden\" name=\"_wpcf7_posted_data_hash\" value=\"\" \/><input type=\"hidden\" name=\"_wpcf7_recaptcha_response\" value=\"\" \/>\n<\/fieldset>\n<p><input type=\"hidden\" name=\"your-subject\" value=\"Chasseur de Biens SV\" \/>\n<\/p>\n<div class=\"bloc-form\">\n\t<div class=\"vc_col-xs-12 vc_col-sm-12 vc_col-md-12 vc_col-lg-12\">\n\t\t<p><span class=\"wpcf7-form-control-wrap\" data-name=\"your-name\"><input size=\"40\" maxlength=\"400\" class=\"wpcf7-form-control wpcf7-text wpcf7-validates-as-required\" aria-required=\"true\" aria-invalid=\"false\" placeholder=\"Namn\" value=\"\" type=\"text\" name=\"your-name\" \/><\/span>\n\t\t<\/p>\n\t<\/div>\n\t<div class=\"vc_col-xs-12 vc_col-sm-12 vc_col-md-12 vc_col-lg-12\">\n\t\t<p><span class=\"wpcf7-form-control-wrap\" data-name=\"your-email\"><input size=\"40\" maxlength=\"400\" class=\"wpcf7-form-control wpcf7-email wpcf7-validates-as-required wpcf7-text wpcf7-validates-as-email\" aria-required=\"true\" aria-invalid=\"false\" placeholder=\"Email\" value=\"\" type=\"email\" name=\"your-email\" \/><\/span>\n\t\t<\/p>\n\t<\/div>\n\t<div class=\"vc_col-xs-12 vc_col-sm-12 vc_col-md-12 vc_col-lg-12\">\n\t\t<p><span class=\"wpcf7-form-control-wrap\" data-name=\"tel\"><input size=\"40\" maxlength=\"400\" class=\"wpcf7-form-control wpcf7-tel wpcf7-validates-as-required wpcf7-text wpcf7-validates-as-tel\" aria-required=\"true\" aria-invalid=\"false\" placeholder=\"Telefon\" value=\"\" type=\"tel\" name=\"tel\" \/><\/span>\n\t\t<\/p>\n\t<\/div>\n\t<div class=\"vc_col-xs-12 vc_col-sm-12 vc_col-md-12 vc_col-lg-12 radio\">\n\t\t<p><span class=\"radios\"><br \/>\n<label class=\"label oui\">L\u00e4genhet<input type=\"radio\" name=\"type\" value=\"5\" \/><span class=\"checkmark\"><\/span><\/label><br \/>\n<label class=\"label non\">Hus<input type=\"radio\" name=\"type\" value=\"18\" \/><span class=\"checkmark\"><\/span><\/label><br \/>\n<label class=\"label non\">Tomt<input type=\"radio\" name=\"type\" value=\"46\" \/><span class=\"checkmark\"><\/span><\/label><br \/>\n<label class=\"label non\">Fastighet<input type=\"radio\" name=\"type\" value=\"24\" \/><span class=\"checkmark\"><\/span><\/label><\/span>\n\t\t<\/p>\n\t<\/div>\n\t<div class=\"vc_col-xs-12 vc_col-sm-12 vc_col-md-12 vc_col-lg-12 clear\">\n\t\t<p><span class=\"wpcf7-form-control-wrap\" data-name=\"Ville\"><input size=\"40\" maxlength=\"400\" class=\"wpcf7-form-control wpcf7-text wpcf7-validates-as-required\" aria-required=\"true\" aria-invalid=\"false\" placeholder=\"Ort\/Omr\u00e5de\" value=\"\" type=\"text\" name=\"Ville\" \/><\/span>\n\t\t<\/p>\n\t<\/div>\n\t<div class=\"vc_col-xs-12 vc_col-sm-12 vc_col-md-12 vc_col-lg-12\">\n\t\t<p><span class=\"wpcf7-form-control-wrap\" data-name=\"Message\"><textarea cols=\"40\" rows=\"10\" maxlength=\"2000\" class=\"wpcf7-form-control wpcf7-textarea wpcf7-validates-as-required\" aria-required=\"true\" aria-invalid=\"false\" placeholder=\"Meddelande\" name=\"Message\"><\/textarea><\/span>\n\t\t<\/p>\n\t<\/div>\n\t<div class=\"vc_col-xs-12 vc_col-sm-12 vc_col-md-12 vc_col-lg-12\">\n\t\t<p><span class=\"wpcf7-form-control-wrap\" data-name=\"acceptance-236\"><span class=\"wpcf7-form-control wpcf7-acceptance\"><span class=\"wpcf7-list-item\"><label><input type=\"checkbox\" name=\"acceptance-236\" value=\"1\" aria-invalid=\"false\" \/><span class=\"wpcf7-list-item-label\">Jag har l\u00e4st och godk\u00e4nt <a target=\"_blank\" href=\"\/sv\/privacy-notice\">sekretessmeddelandet<\/a><\/span><\/label><\/span><\/span><\/span>\n\t\t<\/p>\n\t<\/div>\n\t<div class=\"vc_col-xs-12 vc_col-sm-12 vc_col-md-12 vc_col-lg-12 recaptcha\">\n\t\n\t<\/div>\n\t<div class=\"vc_col-xs-12 vc_col-sm-12 vc_col-md-12 vc_col-lg-12 envoyer\">\n\t\t<p><input class=\"wpcf7-form-control wpcf7-submit has-spinner\" type=\"submit\" value=\"Skicka\" \/>\n\t\t<\/p>\n\t<\/div>\n<\/div><div class=\"wpcf7-response-output\" aria-hidden=\"true\"><\/div>\n<\/form>\n<\/div>\n[\/vc_column_inner][\/vc_row_inner][\/vc_column][\/vc_row]<\/p>\n<\/div>","protected":false},"excerpt":{"rendered":"<p>[vc_row full_width=&#8221;stretch_row_content_no_spaces&#8221; content_placement=&#8221;bottom&#8221; css=&#8221;.vc_custom_1586939464337{background-image: url(https:\/\/www.wretmanestate.com\/wp-content\/uploads\/2019\/11\/new-banner.jpg?id=3444) !important;background-position: center !important;background-repeat: no-repeat !important;background-size: cover !important;}&#8221; el_class=&#8221;bloc-title small&#8221;][vc_column][vc_column_text el_class=&#8221;sous-titre-page&#8221;]V\u00e5ra experter har gedigen erfarenhet av att v\u00e4rdera hus och l\u00e4genheter[\/vc_column_text][\/vc_column][\/vc_row][vc_row el_class=&#8221;red_links&#8221;][vc_column width=&#8221;2\/3&#8243;][vc_column_text]Vid v\u00e4rdering av en fastighet tar vi h\u00e4nsyn till flera olika faktorer, s\u00e5som bland annat l\u00e4ge, skick, yta, exponering, utsikt, samt f\u00f6rs\u00e4ljningspris p\u00e5 j\u00e4mf\u00f6rbara fastigheter i omr\u00e5det. Efter att [&hellip;]<\/p>\n","protected":false},"author":1,"featured_media":0,"parent":3952,"menu_order":0,"comment_status":"closed","ping_status":"closed","template":"page_full-width.php","meta":{"_acf_changed":false,"content-type":"","_monsterinsights_skip_tracking":false,"_monsterinsights_sitenote_active":false,"_monsterinsights_sitenote_note":"","_monsterinsights_sitenote_category":0,"footnotes":""},"class_list":["post-3953","page","type-page","status-publish","hentry"],"acf":[],"yoast_head":"<!-- This site is optimized with the Yoast SEO plugin v27.5 - https:\/\/yoast.com\/product\/yoast-seo-wordpress\/ -->\n<title>Vi hj\u00e4lper dig med v\u00e4rdering av din bostad - Wretman Estate<\/title>\n<meta name=\"description\" content=\"Wretman Estate hj\u00e4lper dig att v\u00e4rdera din bostad p\u00e5 Franska Rivieran. Kontakta oss om du vill s\u00e4lja din l\u00e4genhet eller villa i s\u00f6dra Frankrike.\" \/>\n<meta name=\"robots\" content=\"index, follow, max-snippet:-1, max-image-preview:large, max-video-preview:-1\" \/>\n<link rel=\"canonical\" href=\"https:\/\/www.wretmanestate.com\/sv\/salja-sodra-frankrike\/vardering\/\" \/>\n<meta property=\"og:locale\" content=\"sv_SE\" \/>\n<meta property=\"og:type\" content=\"article\" \/>\n<meta property=\"og:title\" content=\"Vi hj\u00e4lper dig med v\u00e4rdering av din bostad - Wretman Estate\" \/>\n<meta property=\"og:description\" content=\"Wretman Estate hj\u00e4lper dig att v\u00e4rdera din bostad p\u00e5 Franska Rivieran. Kontakta oss om du vill s\u00e4lja din l\u00e4genhet eller villa i s\u00f6dra Frankrike.\" \/>\n<meta property=\"og:url\" content=\"https:\/\/www.wretmanestate.com\/sv\/salja-sodra-frankrike\/vardering\/\" \/>\n<meta property=\"og:site_name\" content=\"Wretman Estate\" \/>\n<meta property=\"article:modified_time\" content=\"2020-09-08T13:47:24+00:00\" \/>\n<meta name=\"twitter:card\" content=\"summary_large_image\" \/>\n<meta name=\"twitter:label1\" content=\"Ber\u00e4knad l\u00e4stid\" \/>\n\t<meta name=\"twitter:data1\" content=\"2 minuter\" \/>\n<script type=\"application\/ld+json\" class=\"yoast-schema-graph\">{\"@context\":\"https:\\\/\\\/schema.org\",\"@graph\":[{\"@type\":\"WebPage\",\"@id\":\"https:\\\/\\\/www.wretmanestate.com\\\/sv\\\/salja-sodra-frankrike\\\/vardering\\\/\",\"url\":\"https:\\\/\\\/www.wretmanestate.com\\\/sv\\\/salja-sodra-frankrike\\\/vardering\\\/\",\"name\":\"Vi hj\u00e4lper dig med v\u00e4rdering av din bostad - Wretman Estate\",\"isPartOf\":{\"@id\":\"https:\\\/\\\/www.wretmanestate.com\\\/sv\\\/#website\"},\"datePublished\":\"2019-12-06T16:43:49+00:00\",\"dateModified\":\"2020-09-08T13:47:24+00:00\",\"description\":\"Wretman Estate hj\u00e4lper dig att v\u00e4rdera din bostad p\u00e5 Franska Rivieran. Kontakta oss om du vill s\u00e4lja din l\u00e4genhet eller villa i s\u00f6dra Frankrike.\",\"breadcrumb\":{\"@id\":\"https:\\\/\\\/www.wretmanestate.com\\\/sv\\\/salja-sodra-frankrike\\\/vardering\\\/#breadcrumb\"},\"inLanguage\":\"sv-SE\",\"potentialAction\":[{\"@type\":\"ReadAction\",\"target\":[\"https:\\\/\\\/www.wretmanestate.com\\\/sv\\\/salja-sodra-frankrike\\\/vardering\\\/\"]}]},{\"@type\":\"BreadcrumbList\",\"@id\":\"https:\\\/\\\/www.wretmanestate.com\\\/sv\\\/salja-sodra-frankrike\\\/vardering\\\/#breadcrumb\",\"itemListElement\":[{\"@type\":\"ListItem\",\"position\":1,\"name\":\"Accueil\",\"item\":\"https:\\\/\\\/www.wretmanestate.com\\\/sv\\\/\"},{\"@type\":\"ListItem\",\"position\":2,\"name\":\"S\u00e4lja\",\"item\":\"https:\\\/\\\/www.wretmanestate.com\\\/sv\\\/salja-sodra-frankrike\\\/\"},{\"@type\":\"ListItem\",\"position\":3,\"name\":\"V\u00e4rdering\"}]},{\"@type\":\"WebSite\",\"@id\":\"https:\\\/\\\/www.wretmanestate.com\\\/sv\\\/#website\",\"url\":\"https:\\\/\\\/www.wretmanestate.com\\\/sv\\\/\",\"name\":\"Wretman Estate\",\"description\":\"Immobilier sur la C\u00f4te d&#039;Azur et la Provence\",\"publisher\":{\"@id\":\"https:\\\/\\\/www.wretmanestate.com\\\/sv\\\/#organization\"},\"potentialAction\":[{\"@type\":\"SearchAction\",\"target\":{\"@type\":\"EntryPoint\",\"urlTemplate\":\"https:\\\/\\\/www.wretmanestate.com\\\/sv\\\/?s={search_term_string}\"},\"query-input\":{\"@type\":\"PropertyValueSpecification\",\"valueRequired\":true,\"valueName\":\"search_term_string\"}}],\"inLanguage\":\"sv-SE\"},{\"@type\":\"Organization\",\"@id\":\"https:\\\/\\\/www.wretmanestate.com\\\/sv\\\/#organization\",\"name\":\"WRETMAN ESTATE\",\"url\":\"https:\\\/\\\/www.wretmanestate.com\\\/sv\\\/\",\"logo\":{\"@type\":\"ImageObject\",\"inLanguage\":\"sv-SE\",\"@id\":\"https:\\\/\\\/www.wretmanestate.com\\\/sv\\\/#\\\/schema\\\/logo\\\/image\\\/\",\"url\":\"\",\"contentUrl\":\"\",\"caption\":\"WRETMAN ESTATE\"},\"image\":{\"@id\":\"https:\\\/\\\/www.wretmanestate.com\\\/sv\\\/#\\\/schema\\\/logo\\\/image\\\/\"}}]}<\/script>\n<!-- \/ Yoast SEO plugin. -->","yoast_head_json":{"title":"Vi hj\u00e4lper dig med v\u00e4rdering av din bostad - Wretman Estate","description":"Wretman Estate hj\u00e4lper dig att v\u00e4rdera din bostad p\u00e5 Franska Rivieran. Kontakta oss om du vill s\u00e4lja din l\u00e4genhet eller villa i s\u00f6dra Frankrike.","robots":{"index":"index","follow":"follow","max-snippet":"max-snippet:-1","max-image-preview":"max-image-preview:large","max-video-preview":"max-video-preview:-1"},"canonical":"https:\/\/www.wretmanestate.com\/sv\/salja-sodra-frankrike\/vardering\/","og_locale":"sv_SE","og_type":"article","og_title":"Vi hj\u00e4lper dig med v\u00e4rdering av din bostad - Wretman Estate","og_description":"Wretman Estate hj\u00e4lper dig att v\u00e4rdera din bostad p\u00e5 Franska Rivieran. Kontakta oss om du vill s\u00e4lja din l\u00e4genhet eller villa i s\u00f6dra Frankrike.","og_url":"https:\/\/www.wretmanestate.com\/sv\/salja-sodra-frankrike\/vardering\/","og_site_name":"Wretman Estate","article_modified_time":"2020-09-08T13:47:24+00:00","twitter_card":"summary_large_image","twitter_misc":{"Ber\u00e4knad l\u00e4stid":"2 minuter"},"schema":{"@context":"https:\/\/schema.org","@graph":[{"@type":"WebPage","@id":"https:\/\/www.wretmanestate.com\/sv\/salja-sodra-frankrike\/vardering\/","url":"https:\/\/www.wretmanestate.com\/sv\/salja-sodra-frankrike\/vardering\/","name":"Vi hj\u00e4lper dig med v\u00e4rdering av din bostad - Wretman Estate","isPartOf":{"@id":"https:\/\/www.wretmanestate.com\/sv\/#website"},"datePublished":"2019-12-06T16:43:49+00:00","dateModified":"2020-09-08T13:47:24+00:00","description":"Wretman Estate hj\u00e4lper dig att v\u00e4rdera din bostad p\u00e5 Franska Rivieran. Kontakta oss om du vill s\u00e4lja din l\u00e4genhet eller villa i s\u00f6dra Frankrike.","breadcrumb":{"@id":"https:\/\/www.wretmanestate.com\/sv\/salja-sodra-frankrike\/vardering\/#breadcrumb"},"inLanguage":"sv-SE","potentialAction":[{"@type":"ReadAction","target":["https:\/\/www.wretmanestate.com\/sv\/salja-sodra-frankrike\/vardering\/"]}]},{"@type":"BreadcrumbList","@id":"https:\/\/www.wretmanestate.com\/sv\/salja-sodra-frankrike\/vardering\/#breadcrumb","itemListElement":[{"@type":"ListItem","position":1,"name":"Accueil","item":"https:\/\/www.wretmanestate.com\/sv\/"},{"@type":"ListItem","position":2,"name":"S\u00e4lja","item":"https:\/\/www.wretmanestate.com\/sv\/salja-sodra-frankrike\/"},{"@type":"ListItem","position":3,"name":"V\u00e4rdering"}]},{"@type":"WebSite","@id":"https:\/\/www.wretmanestate.com\/sv\/#website","url":"https:\/\/www.wretmanestate.com\/sv\/","name":"Wretman Estate","description":"Immobilier sur la C\u00f4te d&#039;Azur et la Provence","publisher":{"@id":"https:\/\/www.wretmanestate.com\/sv\/#organization"},"potentialAction":[{"@type":"SearchAction","target":{"@type":"EntryPoint","urlTemplate":"https:\/\/www.wretmanestate.com\/sv\/?s={search_term_string}"},"query-input":{"@type":"PropertyValueSpecification","valueRequired":true,"valueName":"search_term_string"}}],"inLanguage":"sv-SE"},{"@type":"Organization","@id":"https:\/\/www.wretmanestate.com\/sv\/#organization","name":"WRETMAN ESTATE","url":"https:\/\/www.wretmanestate.com\/sv\/","logo":{"@type":"ImageObject","inLanguage":"sv-SE","@id":"https:\/\/www.wretmanestate.com\/sv\/#\/schema\/logo\/image\/","url":"","contentUrl":"","caption":"WRETMAN ESTATE"},"image":{"@id":"https:\/\/www.wretmanestate.com\/sv\/#\/schema\/logo\/image\/"}}]}},"_links":{"self":[{"href":"https:\/\/www.wretmanestate.com\/sv\/wp-json\/wp\/v2\/pages\/3953","targetHints":{"allow":["GET"]}}],"collection":[{"href":"https:\/\/www.wretmanestate.com\/sv\/wp-json\/wp\/v2\/pages"}],"about":[{"href":"https:\/\/www.wretmanestate.com\/sv\/wp-json\/wp\/v2\/types\/page"}],"author":[{"embeddable":true,"href":"https:\/\/www.wretmanestate.com\/sv\/wp-json\/wp\/v2\/users\/1"}],"replies":[{"embeddable":true,"href":"https:\/\/www.wretmanestate.com\/sv\/wp-json\/wp\/v2\/comments?post=3953"}],"version-history":[{"count":3,"href":"https:\/\/www.wretmanestate.com\/sv\/wp-json\/wp\/v2\/pages\/3953\/revisions"}],"predecessor-version":[{"id":95305,"href":"https:\/\/www.wretmanestate.com\/sv\/wp-json\/wp\/v2\/pages\/3953\/revisions\/95305"}],"up":[{"embeddable":true,"href":"https:\/\/www.wretmanestate.com\/sv\/wp-json\/wp\/v2\/pages\/3952"}],"wp:attachment":[{"href":"https:\/\/www.wretmanestate.com\/sv\/wp-json\/wp\/v2\/media?parent=3953"}],"curies":[{"name":"wp","href":"https:\/\/api.w.org\/{rel}","templated":true}]}}