{"id":4094,"date":"2019-12-13T14:02:09","date_gmt":"2019-12-13T13:02:09","guid":{"rendered":"https:\/\/www.wretmanestate.com\/?page_id=4094"},"modified":"2020-11-23T16:01:15","modified_gmt":"2020-11-23T15:01:15","slug":"saljprocessen","status":"publish","type":"page","link":"https:\/\/www.wretmanestate.com\/sv\/salja-sodra-frankrike\/saljprocessen\/","title":{"rendered":"S\u00e4ljprocessen"},"content":{"rendered":"<div class=\"wpb-content-wrapper\"><p>[vc_row full_width=&#8221;stretch_row_content_no_spaces&#8221; content_placement=&#8221;bottom&#8221; css=&#8221;.vc_custom_1586938251729{background-image: url(https:\/\/www.wretmanestate.com\/wp-content\/uploads\/2019\/11\/new-banner.jpg?id=3444) !important;background-position: center !important;background-repeat: no-repeat !important;background-size: cover !important;}&#8221; el_class=&#8221;bloc-title small&#8221;][vc_column]<div class=\" \">\r\n\t\r\n        <div class=\"mh-heading-wrapper\">\r\n            <h1            class=\"mh-heading mh-color-white mh-heading--bottom-separator   \"\r\n            style=\"font-weight:700;\">\r\n\t\t\tS\u00e4ljprocessen        <\/h1>\r\n\r\n\t\t    <\/div>\r\n\r\n\t<\/div>[vc_column_text el_class=&#8221;sous-titre-page&#8221;]Wretman Estate finns vid din sida hela v\u00e4gen[\/vc_column_text][\/vc_column][\/vc_row][vc_row css=&#8221;.vc_custom_1606127197771{padding-top: 20px !important;padding-bottom: 20px !important;}&#8221;][vc_column width=&#8221;1\/2&#8243;][vc_column_text el_class=&#8221;txt_center&#8221;]<\/p>\n<h2>S\u00c4LJPROCESSEN<\/h2>\n<p style=\"text-align: left;\">Att ha en p\u00e5litlig <a href=\"\/sv\/om-oss\/team\/\">svensktalande fastighetsm\u00e4klare i Frankrike<\/a> kan f\u00f6r de flesta utl\u00e4ndska s\u00e4ljare vara mycket viktigt f\u00f6r att f\u00f6rst\u00e5 s\u00e4ljprocessen. N\u00e5gon som s\u00e4ljaren kan lita p\u00e5 f\u00f6r att samordna det hela och slutf\u00f6ra aff\u00e4ren p\u00e5 ett tillfredsst\u00e4llande s\u00e4tt. Vi hj\u00e4lper er att ta hand om den juridiska delen, samt hantera de kulturskillnader och spr\u00e5kproblem som kan f\u00f6rekomma.<\/p>\n<p>Alla vi p\u00e5 Wretman Estate \u00e4r<a href=\"\/sv\/kopa\/franska-rivieran\/\"> bosatta p\u00e5 Franska Rivieran<\/a> och vi g\u00f6r v\u00e5rt yttersta f\u00f6r att v\u00e4gleda er genom <a href=\"\/sv\/salja\/\">f\u00f6rs\u00e4ljningen av er bostad i s\u00f6dra Frankrike.<\/a>[\/vc_column_text][vc_column_text]<\/p>\n<p style=\"text-align: center;\"><em>Tveka inte att <a href=\"\/sv\/kontakt\/\">kontakta Wretman Estate<\/a>, din <a href=\"\/sv\/team\/\">svensktalande m\u00e4klare p\u00e5 Rivieran <\/a>om ni har fr\u00e5gor g\u00e4llande att <a href=\"\/sv\/kontakt\/\">\u00e4ga bostad i Frankrike<\/a>, eller f\u00f6r att f\u00e5 r\u00e5d!<\/em><\/p>\n<p>[\/vc_column_text][\/vc_column][vc_column width=&#8221;1\/2&#8243;][vc_single_image image=&#8221;22237&#8243; img_size=&#8221;large&#8221;][\/vc_column][\/vc_row][vc_row el_class=&#8221;bloc-padding&#8221; css=&#8221;.vc_custom_1579691600228{margin-top: 0px !important;padding-top: 20px !important;padding-bottom: 20px !important;}&#8221;][vc_column width=&#8221;1\/2&#8243;][vc_single_image image=&#8221;18491&#8243; img_size=&#8221;large&#8221;][\/vc_column][vc_column width=&#8221;1\/2&#8243;][vc_column_text]<\/p>\n<h3>1) Signera ett s\u00e4ljuppdrag med en m\u00e4klare<\/h3>\n<p>F\u00f6rsta steget vid <a href=\"\/sv\/salja\/\">f\u00f6rs\u00e4ljning av en fastighet i Frankrike<\/a> \u00e4r att teckna ett avtal, ett s\u00e5 kallat s\u00e4ljuppdrag, med en licensierad och<a href=\"\/sv\/team\/\"> i Frankrike registrerad m\u00e4klare.<\/a> Mandatet m\u00e5ste formuleras efter en lagstadgad mall som g\u00e4ller i hela Frankrike. Man inkluderar bland annat \u00e4garens namn, fastighetens adress, en kort beskrivning av fastigheten, m\u00e4klararvode, mandates giltighet, eventuella speciella villkor f\u00f6r f\u00f6rs\u00e4ljningen, samt en tidsgr\u00e4ns och upps\u00e4gningsvillkor.<\/p>\n<p>I Frankrike finns b\u00e5de exklusiva och icke-exklusiva mandat. Det \u00e4r viktigt att diskutera fr\u00e5gan med din m\u00e4klare d\u00e5 val av mandat kan p\u00e5verka ditt objekts r\u00e4ckvidd och slutpris.[\/vc_column_text][\/vc_column][\/vc_row][vc_row el_class=&#8221;bloc-padding&#8221; css=&#8221;.vc_custom_1579691610717{padding-top: 20px !important;padding-bottom: 20px !important;}&#8221;][vc_column width=&#8221;1\/2&#8243;][vc_column_text el_class=&#8221;txt_center&#8221;]<\/p>\n<h3 style=\"text-align: left;\">2) Tekniska unders\u00f6kningar och juridik<\/h3>\n<p style=\"text-align: left;\">Vid f\u00f6rs\u00e4ljning av en fastighet beh\u00f6ver s\u00e4ljaren best\u00e4lla en <a href=\"https:\/\/www.exim.fr\/\">teknisk unders\u00f6kning av bostaden \u2013 \u201ddiagnostics\u201d<\/a>. Denna redog\u00f6r f\u00f6r bostadens storlek (lagen om exakt boendeyta om bostaden \u00e4r del av en f\u00f6rening), energif\u00f6rbrukning, bed\u00f6mning av naturrisker i omr\u00e5det, elsystemets skick, gasinstallation, samt ifall det i bostaden finns sp\u00e5r av bly, asbest eller termiter. \u00c4garen beh\u00f6ver \u00e4ven uppvisa \u00e4garbevis och en kopia av sin<a href=\"https:\/\/www.impots.gouv.fr\/portail\/questions\/theme\/taxe-fonciere\/90\"> fastighetsskatt i Frankrike.<\/a><\/p>\n<p style=\"text-align: left;\">Vid f\u00f6rs\u00e4ljning av en bostad som \u00e4r en del av en f\u00f6rening m\u00e5ste man dessutom kunna delge information om bland annat f\u00f6reningsavgifter, st\u00e4mmoprotokoll f\u00f6r f\u00f6reningens tre senaste f\u00f6reningsst\u00e4mmor och f\u00f6reningsstadgar.<\/p>\n<p>[\/vc_column_text][\/vc_column][vc_column width=&#8221;1\/2&#8243;][vc_single_image image=&#8221;22241&#8243; img_size=&#8221;large&#8221;][\/vc_column][\/vc_row][vc_row el_class=&#8221;bloc-padding&#8221; css=&#8221;.vc_custom_1579691621837{padding-top: 20px !important;padding-bottom: 20px !important;}&#8221;][vc_column width=&#8221;1\/2&#8243;][vc_single_image image=&#8221;18475&#8243; img_size=&#8221;large&#8221;][\/vc_column][vc_column width=&#8221;1\/2&#8243;][vc_column_text]<\/p>\n<h3>3) Bud \u2013 \u201dIntention d\u2019achat\u201d<\/h3>\n<p>I Frankrike budar man p\u00e5 eller under priset, till skillnad mot i Sverige d\u00e4r man budar \u00f6ver utg\u00e5ngspriset. S\u00e4ljaren har n\u00e4mligen f\u00f6rbundit sig att s\u00e4lja om k\u00f6parens bud \u00f6verensst\u00e4mmer med s\u00e4ljuppdragets pris och villkor.<\/p>\n<p>N\u00e4r man l\u00e4gger ett bud brukar man officialisera detta p\u00e5 ett skriftligt s\u00e4tt, med ett \u201clettre d\u2019intention d\u2019achat\u201d. Budet \u00e4r i detta skede inte bindande f\u00f6r k\u00f6paren.<\/p>\n<p>S\u00e4ljaren m\u00e5ste noggrant \u00f6verv\u00e4ga alla villkor innan han accepterar ett bud, d\u00e5 ett skriftligt accepterande inneb\u00e4r att han \u00e4r bunden att s\u00e4lja. K\u00f6paren kan s\u00e5ledes vid senare tillf\u00e4lle ans\u00f6ka om skadest\u00e5nd om s\u00e4ljaren skulle v\u00e4gra att s\u00e4lja fastigheten. <a href=\"\/sv\/salja\/saljprocessen\/\">I Frankrike kan k\u00f6paren dra sig ur \u00e4ven efter att ett bud har accepterats.<\/a>[\/vc_column_text][\/vc_column][\/vc_row][vc_row el_class=&#8221;bloc-padding&#8221; css=&#8221;.vc_custom_1579766739980{padding-top: 20px !important;padding-bottom: 20px !important;}&#8221;][vc_column width=&#8221;1\/2&#8243;][vc_column_text]<\/p>\n<h3 style=\"text-align: left;\">4) V\u00e4lja notarie<\/h3>\n<p style=\"text-align: left;\">Notarien \u00e4r en juridiskt kvalificerad statstj\u00e4nsteman som f\u00f6rbereder dokument, kontrollerar- och ansvarar f\u00f6r registreringen av f\u00f6rs\u00e4ljningen. Fransm\u00e4n har ofta samma notarie livet ut, d\u00e5 denne kan ge <a href=\"https:\/\/www.notaires.fr\/en\">r\u00e5d i fr\u00e5gor g\u00e4llande arvsskatt och g\u00e5voskatt i Frankrike<\/a>. Oftast representeras k\u00f6pare och s\u00e4ljare av sina egna notarier som d\u00e5 delar p\u00e5 arvodet utan att det \u00f6kar kostnaden.<\/p>\n<p style=\"text-align: left;\">Notarier \u00e4r opartiska och f\u00f6rv\u00e4ntas vara neutrala, deras slutgiltiga ansvar \u00e4r inf\u00f6r den franska justitieministern. Notarieavgiften, \u00e4ven kallat f\u00f6rv\u00e4rvskostnad, inkluderar olika skatter och avgifter s\u00e5som st\u00e4mpelavgift och lagfartskostnad.<a href=\"https:\/\/www.notaires.fr\/en\/notaire\/notaires-fees\"> I Frankrike ligger notarieavgiften p\u00e5 cirka 7,5% av ink\u00f6pspriset f\u00f6r befintliga objekt och 2,5% p\u00e5 nyproduktion<\/a>. Notaireavgiften betalas av k\u00f6paren.<\/p>\n<p style=\"text-align: left;\">Wretman Estate samarbetar med flertalet <a href=\"https:\/\/www.notaires.fr\/en\/directory-french-notaire\">p\u00e5litliga engelsktalande notarier p\u00e5 Franska Rivieran<\/a>.<\/p>\n<p>[\/vc_column_text][\/vc_column][vc_column width=&#8221;1\/2&#8243;][vc_single_image image=&#8221;22248&#8243; img_size=&#8221;large&#8221;][\/vc_column][\/vc_row][vc_row el_class=&#8221;bloc-padding&#8221; css=&#8221;.vc_custom_1579766750080{padding-top: 20px !important;padding-bottom: 20px !important;}&#8221;][vc_column width=&#8221;1\/2&#8243;][vc_single_image image=&#8221;18479&#8243; img_size=&#8221;large&#8221;][\/vc_column][vc_column width=&#8221;1\/2&#8243;][vc_column_text]<\/p>\n<h3 style=\"text-align: left;\">5) F\u00f6rkontrakt \u2013 &#8220;Compromis de vente&#8221;<\/h3>\n<p>F\u00f6rkontraktet uppr\u00e4ttas av notarien eller fastighetsm\u00e4klaren och innefattar f\u00f6rs\u00e4ljningens alla villkor. Det m\u00e5ste vara mycket precist eftersom det ligger som underlag f\u00f6r det slutgiltiga avtalet.<\/p>\n<p>F\u00f6rkontraktet inneh\u00e5ller alla k\u00f6pvillkor s\u00e5som l\u00e5neklausul, tilltr\u00e4desdatum, eventuell lista p\u00e5 inredning som skall ing\u00e5 i k\u00f6pet, information om avgifter och sam\u00e4gandef\u00f6rening. H\u00e4r beskrivs ocks\u00e5 under vilka omst\u00e4ndigheter kontraktet kan brytas utan p\u00e5f\u00f6ljder. Detta kan till exempel vara att egendomen har bygglovs begr\u00e4nsningar eller om k\u00f6parnas bol\u00e5n inte skulle bli beviljat. <a href=\"https:\/\/www.notaires.fr\/fr\/immobilier-fiscalit%C3%A9\/achat-et-vente-les-%C3%A9tapes\/la-promesse-de-vente-et-le-compromis-de-vente\">Undertecknande av &#8220;Compromis de vente&#8221; \u00e4r bindande f\u00f6r s\u00e4ljaren.<\/a><\/p>\n<p>M\u00e4klaren skall noga kontrollera att alla n\u00f6dv\u00e4ndiga punkter finns med, samt att avtalet inte inneh\u00e5ller klausuler som p\u00e5verkar s\u00e4ljaren negativt.[\/vc_column_text][\/vc_column][\/vc_row][vc_row el_class=&#8221;bloc-padding&#8221; css=&#8221;.vc_custom_1579691651925{padding-top: 20px !important;padding-bottom: 20px !important;}&#8221;][vc_column width=&#8221;1\/2&#8243;][vc_column_text]<\/p>\n<h3 style=\"text-align: left;\">6) \u00c5ngerperiod och handpenning<\/h3>\n<p>K\u00f6paren har enligt lag r\u00e4tt att utan kostnad \u00e5ngra sig inom 10 dagar efter att han signerat och erh\u00e5llit en kopia av f\u00f6rkontraktet med bilagor.<\/p>\n<p>Viktigt att notera \u00e4r att de 10 dagarna b\u00f6rjar f\u00f6rst efter att k\u00f6paren erh\u00e5llit samtliga bilagor som r\u00f6r fastigheten, det r\u00e4cker inte att endast ha signerat f\u00f6rkontraktet. D\u00e4refter \u00e4r \u00e5ngerperioden \u00f6ver.<\/p>\n<p>Handpenningen p\u00e5 mellan 5 och 10% deponeras p\u00e5 ett speciellt klientmedelskonto.\u00a0 Den skall vara notarien tillhanda senast 10 dagar efter att f\u00f6rkontraktet signerades f\u00f6rutsatt att k\u00f6paren vill fullf\u00f6lja transaktionen.[\/vc_column_text][\/vc_column][vc_column width=&#8221;1\/2&#8243;][vc_single_image image=&#8221;18467&#8243; img_size=&#8221;large&#8221;][\/vc_column][\/vc_row][vc_row el_class=&#8221;bloc-padding&#8221; css=&#8221;.vc_custom_1579691661172{padding-top: 20px !important;padding-bottom: 20px !important;}&#8221;][vc_column width=&#8221;1\/2&#8243;][vc_single_image image=&#8221;18495&#8243; img_size=&#8221;large&#8221;][\/vc_column][vc_column width=&#8221;1\/2&#8243;][vc_column_text el_class=&#8221;txt_center&#8221;]<\/p>\n<h3 style=\"text-align: left;\">7) Slutgiltigt avtal &#8211; &#8220;Acte authentique de vente&#8221;<\/h3>\n<p style=\"text-align: left;\">Efter att notarien fullgjort alla kontroller samt erh\u00e5llit all n\u00f6dv\u00e4ndig information om stadsplanering och eventuell bela\u030aning i fastigheten kan det slutgiltiga avtalet \u201dActe authentique de vente\u201d skrivas under. Mellan signerandet av \u201dCompromis de Vente\u201d och \u201dActe authentique de vente\u201d dr\u00f6jer det oftast tv\u00e5 till tre m\u00e5nader.<\/p>\n<p style=\"text-align: left;\">P\u00e5 avtalsdagen s\u00e4kerst\u00e4ller notarien att k\u00f6peskillingen inkommit p\u00e5 klientmedelskontot. Tilltr\u00e4de sker samma dag som undertecknandet av avtalet, d\u00e4rf\u00f6r m\u00e5ste fastigheten vara t\u00f6md innan signering.<\/p>\n<p style=\"text-align: left;\">N\u00e4r kontraktet har undertecknats \u00f6verl\u00e4mnas nycklarna och b\u00e5da parter erh\u00e5ller ett <a href=\"https:\/\/www.notaires.fr\/fr\/profession-notaire\/r%C3%B4le-du-notaire-et-ses-principaux-domaines-dintervention\/lacte-authentique-du-notaire\">skriftligt bevis p\u00e5 f\u00f6rs\u00e4ljningen. &#8220;l&#8217;acte authentique de vente&#8221;<\/a>.<\/p>\n<p>[\/vc_column_text][\/vc_column][\/vc_row][vc_row el_class=&#8221;bloc-padding&#8221; css=&#8221;.vc_custom_1579691673877{padding-top: 20px !important;padding-bottom: 20px !important;}&#8221;][vc_column width=&#8221;1\/2&#8243;][vc_column_text el_class=&#8221;txt_center&#8221;]<\/p>\n<h3 style=\"text-align: left;\">8) Betalning och skatter<\/h3>\n<p style=\"text-align: left;\">Notarien \u00f6verf\u00f6r k\u00f6peskillingen till s\u00e4ljaren efter att kontraktet undertecknats. Det \u00e4r \u00e4ven notarien som sk\u00f6ter alla transaktioner som r\u00f6r f\u00f6rs\u00e4ljningen; eventuella reavinstskatter, kostnader f\u00f6r nya l\u00e5n samt m\u00e4klararvodet som betalas vid samma tillf\u00e4lle.<\/p>\n<p style=\"text-align: left;\">M\u00e4klaren f\u00e5r inte erha\u030alla fo\u0308rsa\u0308ljningsprovision innan slutavtalet har undertecknats.<\/p>\n<p style=\"text-align: left;\"><a href=\"\/sv\/team\/\">Wretman Estates m\u00e4klare kan hj\u00e4lpa dig att g\u00f6ra en prelimin\u00e4r uppskattning av reavinstskatten innan f\u00f6rs\u00e4ljningen.<\/a><\/p>\n<p>[\/vc_column_text][\/vc_column][vc_column width=&#8221;1\/2&#8243;][vc_single_image image=&#8221;18471&#8243; img_size=&#8221;large&#8221;][\/vc_column][\/vc_row][vc_row css=&#8221;.vc_custom_1606127223298{padding-top: 20px !important;padding-bottom: 20px !important;}&#8221;][vc_column width=&#8221;1\/2&#8243;][vc_single_image image=&#8221;18483&#8243; img_size=&#8221;large&#8221;][\/vc_column][vc_column width=&#8221;1\/2&#8243;][vc_column_text]<\/p>\n<h3 style=\"text-align: left;\">9) Registrering av dokument<\/h3>\n<p style=\"text-align: left;\">Notarien registrerar f\u00f6rs\u00e4ljningen. Slutavr\u00e4kningen g\u00f6rs ett antal m\u00e5nader efter f\u00f6rs\u00e4ljningen, i samband med att en kopia p\u00e5 lagfarten, <em>copie authentique de l\u2019acte de vente<\/em>, skickas till b\u00e5da parter via post.<\/p>\n<p style=\"text-align: left;\">Tveka inte p\u00e5 att<a href=\"\/sv\/kontakt\/\"> kontakta Wretman Estate<\/a>, din <a href=\"\/sv\/\/team\/\">svensktalande m\u00e4klare i s\u00f6dra Frankrike<\/a>,\u00a0om du har fr\u00e5gor kring s\u00e4ljprocessen och att <a href=\"\/sv\/\">\u00e4ga bostad i Frankrike<\/a>!<\/p>\n<p>[\/vc_column_text][\/vc_column][\/vc_row][vc_row][vc_column][\/vc_column][\/vc_row]<\/p>\n<\/div>","protected":false},"excerpt":{"rendered":"<p>[vc_row full_width=&#8221;stretch_row_content_no_spaces&#8221; content_placement=&#8221;bottom&#8221; css=&#8221;.vc_custom_1586938251729{background-image: url(https:\/\/www.wretmanestate.com\/wp-content\/uploads\/2019\/11\/new-banner.jpg?id=3444) !important;background-position: center !important;background-repeat: no-repeat !important;background-size: cover !important;}&#8221; el_class=&#8221;bloc-title small&#8221;][vc_column][vc_column_text el_class=&#8221;sous-titre-page&#8221;]Wretman Estate finns vid din sida hela v\u00e4gen[\/vc_column_text][\/vc_column][\/vc_row][vc_row css=&#8221;.vc_custom_1606127197771{padding-top: 20px !important;padding-bottom: 20px !important;}&#8221;][vc_column width=&#8221;1\/2&#8243;][vc_column_text el_class=&#8221;txt_center&#8221;] S\u00c4LJPROCESSEN Att ha en p\u00e5litlig svensktalande fastighetsm\u00e4klare i Frankrike kan f\u00f6r de flesta utl\u00e4ndska s\u00e4ljare vara mycket viktigt f\u00f6r att f\u00f6rst\u00e5 s\u00e4ljprocessen. N\u00e5gon som s\u00e4ljaren kan [&hellip;]<\/p>\n","protected":false},"author":23,"featured_media":0,"parent":3952,"menu_order":0,"comment_status":"closed","ping_status":"closed","template":"page_full-width.php","meta":{"_acf_changed":false,"content-type":"","_monsterinsights_skip_tracking":false,"_monsterinsights_sitenote_active":false,"_monsterinsights_sitenote_note":"","_monsterinsights_sitenote_category":0,"footnotes":""},"class_list":["post-4094","page","type-page","status-publish","hentry"],"acf":[],"yoast_head":"<!-- This site is optimized with the Yoast SEO plugin v27.5 - https:\/\/yoast.com\/product\/yoast-seo-wordpress\/ -->\n<title>Vi f\u00f6rklarar s\u00e4ljprocessen och att \u00e4ga bostad i Frankrike - Wretman Estate<\/title>\n<meta name=\"description\" content=\"Wretman Estates svensktalande m\u00e4klare hj\u00e4lper dig som vill k\u00f6pa hus p\u00e5 Rivieran, eller har fr\u00e5gor om att \u00e4ga en bostad i Frankrike.\" \/>\n<meta name=\"robots\" content=\"index, follow, max-snippet:-1, max-image-preview:large, max-video-preview:-1\" \/>\n<link rel=\"canonical\" href=\"https:\/\/www.wretmanestate.com\/sv\/salja-sodra-frankrike\/saljprocessen\/\" \/>\n<meta property=\"og:locale\" content=\"sv_SE\" \/>\n<meta property=\"og:type\" content=\"article\" \/>\n<meta property=\"og:title\" content=\"Vi f\u00f6rklarar s\u00e4ljprocessen och att \u00e4ga bostad i Frankrike - Wretman Estate\" \/>\n<meta property=\"og:description\" content=\"Wretman Estates svensktalande m\u00e4klare hj\u00e4lper dig som vill k\u00f6pa hus p\u00e5 Rivieran, eller har fr\u00e5gor om att \u00e4ga en bostad i Frankrike.\" \/>\n<meta property=\"og:url\" content=\"https:\/\/www.wretmanestate.com\/sv\/salja-sodra-frankrike\/saljprocessen\/\" \/>\n<meta property=\"og:site_name\" content=\"Wretman Estate\" \/>\n<meta property=\"article:modified_time\" content=\"2020-11-23T15:01:15+00:00\" \/>\n<meta name=\"twitter:card\" content=\"summary_large_image\" \/>\n<meta name=\"twitter:label1\" content=\"Ber\u00e4knad l\u00e4stid\" \/>\n\t<meta name=\"twitter:data1\" content=\"8 minuter\" \/>\n<script type=\"application\/ld+json\" class=\"yoast-schema-graph\">{\"@context\":\"https:\\\/\\\/schema.org\",\"@graph\":[{\"@type\":\"WebPage\",\"@id\":\"https:\\\/\\\/www.wretmanestate.com\\\/sv\\\/salja-sodra-frankrike\\\/saljprocessen\\\/\",\"url\":\"https:\\\/\\\/www.wretmanestate.com\\\/sv\\\/salja-sodra-frankrike\\\/saljprocessen\\\/\",\"name\":\"Vi f\u00f6rklarar s\u00e4ljprocessen och att \u00e4ga bostad i Frankrike - Wretman Estate\",\"isPartOf\":{\"@id\":\"https:\\\/\\\/www.wretmanestate.com\\\/sv\\\/#website\"},\"datePublished\":\"2019-12-13T13:02:09+00:00\",\"dateModified\":\"2020-11-23T15:01:15+00:00\",\"description\":\"Wretman Estates svensktalande m\u00e4klare hj\u00e4lper dig som vill k\u00f6pa hus p\u00e5 Rivieran, eller har fr\u00e5gor om att \u00e4ga en bostad i Frankrike.\",\"breadcrumb\":{\"@id\":\"https:\\\/\\\/www.wretmanestate.com\\\/sv\\\/salja-sodra-frankrike\\\/saljprocessen\\\/#breadcrumb\"},\"inLanguage\":\"sv-SE\",\"potentialAction\":[{\"@type\":\"ReadAction\",\"target\":[\"https:\\\/\\\/www.wretmanestate.com\\\/sv\\\/salja-sodra-frankrike\\\/saljprocessen\\\/\"]}]},{\"@type\":\"BreadcrumbList\",\"@id\":\"https:\\\/\\\/www.wretmanestate.com\\\/sv\\\/salja-sodra-frankrike\\\/saljprocessen\\\/#breadcrumb\",\"itemListElement\":[{\"@type\":\"ListItem\",\"position\":1,\"name\":\"Accueil\",\"item\":\"https:\\\/\\\/www.wretmanestate.com\\\/sv\\\/\"},{\"@type\":\"ListItem\",\"position\":2,\"name\":\"S\u00e4lja\",\"item\":\"https:\\\/\\\/www.wretmanestate.com\\\/sv\\\/salja-sodra-frankrike\\\/\"},{\"@type\":\"ListItem\",\"position\":3,\"name\":\"S\u00e4ljprocessen\"}]},{\"@type\":\"WebSite\",\"@id\":\"https:\\\/\\\/www.wretmanestate.com\\\/sv\\\/#website\",\"url\":\"https:\\\/\\\/www.wretmanestate.com\\\/sv\\\/\",\"name\":\"Wretman Estate\",\"description\":\"Immobilier sur la C\u00f4te d&#039;Azur et la Provence\",\"publisher\":{\"@id\":\"https:\\\/\\\/www.wretmanestate.com\\\/sv\\\/#organization\"},\"potentialAction\":[{\"@type\":\"SearchAction\",\"target\":{\"@type\":\"EntryPoint\",\"urlTemplate\":\"https:\\\/\\\/www.wretmanestate.com\\\/sv\\\/?s={search_term_string}\"},\"query-input\":{\"@type\":\"PropertyValueSpecification\",\"valueRequired\":true,\"valueName\":\"search_term_string\"}}],\"inLanguage\":\"sv-SE\"},{\"@type\":\"Organization\",\"@id\":\"https:\\\/\\\/www.wretmanestate.com\\\/sv\\\/#organization\",\"name\":\"WRETMAN ESTATE\",\"url\":\"https:\\\/\\\/www.wretmanestate.com\\\/sv\\\/\",\"logo\":{\"@type\":\"ImageObject\",\"inLanguage\":\"sv-SE\",\"@id\":\"https:\\\/\\\/www.wretmanestate.com\\\/sv\\\/#\\\/schema\\\/logo\\\/image\\\/\",\"url\":\"\",\"contentUrl\":\"\",\"caption\":\"WRETMAN ESTATE\"},\"image\":{\"@id\":\"https:\\\/\\\/www.wretmanestate.com\\\/sv\\\/#\\\/schema\\\/logo\\\/image\\\/\"}}]}<\/script>\n<!-- \/ Yoast SEO plugin. -->","yoast_head_json":{"title":"Vi f\u00f6rklarar s\u00e4ljprocessen och att \u00e4ga bostad i Frankrike - Wretman Estate","description":"Wretman Estates svensktalande m\u00e4klare hj\u00e4lper dig som vill k\u00f6pa hus p\u00e5 Rivieran, eller har fr\u00e5gor om att \u00e4ga en bostad i Frankrike.","robots":{"index":"index","follow":"follow","max-snippet":"max-snippet:-1","max-image-preview":"max-image-preview:large","max-video-preview":"max-video-preview:-1"},"canonical":"https:\/\/www.wretmanestate.com\/sv\/salja-sodra-frankrike\/saljprocessen\/","og_locale":"sv_SE","og_type":"article","og_title":"Vi f\u00f6rklarar s\u00e4ljprocessen och att \u00e4ga bostad i Frankrike - Wretman Estate","og_description":"Wretman Estates svensktalande m\u00e4klare hj\u00e4lper dig som vill k\u00f6pa hus p\u00e5 Rivieran, eller har fr\u00e5gor om att \u00e4ga en bostad i Frankrike.","og_url":"https:\/\/www.wretmanestate.com\/sv\/salja-sodra-frankrike\/saljprocessen\/","og_site_name":"Wretman Estate","article_modified_time":"2020-11-23T15:01:15+00:00","twitter_card":"summary_large_image","twitter_misc":{"Ber\u00e4knad l\u00e4stid":"8 minuter"},"schema":{"@context":"https:\/\/schema.org","@graph":[{"@type":"WebPage","@id":"https:\/\/www.wretmanestate.com\/sv\/salja-sodra-frankrike\/saljprocessen\/","url":"https:\/\/www.wretmanestate.com\/sv\/salja-sodra-frankrike\/saljprocessen\/","name":"Vi f\u00f6rklarar s\u00e4ljprocessen och att \u00e4ga bostad i Frankrike - Wretman Estate","isPartOf":{"@id":"https:\/\/www.wretmanestate.com\/sv\/#website"},"datePublished":"2019-12-13T13:02:09+00:00","dateModified":"2020-11-23T15:01:15+00:00","description":"Wretman Estates svensktalande m\u00e4klare hj\u00e4lper dig som vill k\u00f6pa hus p\u00e5 Rivieran, eller har fr\u00e5gor om att \u00e4ga en bostad i Frankrike.","breadcrumb":{"@id":"https:\/\/www.wretmanestate.com\/sv\/salja-sodra-frankrike\/saljprocessen\/#breadcrumb"},"inLanguage":"sv-SE","potentialAction":[{"@type":"ReadAction","target":["https:\/\/www.wretmanestate.com\/sv\/salja-sodra-frankrike\/saljprocessen\/"]}]},{"@type":"BreadcrumbList","@id":"https:\/\/www.wretmanestate.com\/sv\/salja-sodra-frankrike\/saljprocessen\/#breadcrumb","itemListElement":[{"@type":"ListItem","position":1,"name":"Accueil","item":"https:\/\/www.wretmanestate.com\/sv\/"},{"@type":"ListItem","position":2,"name":"S\u00e4lja","item":"https:\/\/www.wretmanestate.com\/sv\/salja-sodra-frankrike\/"},{"@type":"ListItem","position":3,"name":"S\u00e4ljprocessen"}]},{"@type":"WebSite","@id":"https:\/\/www.wretmanestate.com\/sv\/#website","url":"https:\/\/www.wretmanestate.com\/sv\/","name":"Wretman Estate","description":"Immobilier sur la C\u00f4te d&#039;Azur et la Provence","publisher":{"@id":"https:\/\/www.wretmanestate.com\/sv\/#organization"},"potentialAction":[{"@type":"SearchAction","target":{"@type":"EntryPoint","urlTemplate":"https:\/\/www.wretmanestate.com\/sv\/?s={search_term_string}"},"query-input":{"@type":"PropertyValueSpecification","valueRequired":true,"valueName":"search_term_string"}}],"inLanguage":"sv-SE"},{"@type":"Organization","@id":"https:\/\/www.wretmanestate.com\/sv\/#organization","name":"WRETMAN ESTATE","url":"https:\/\/www.wretmanestate.com\/sv\/","logo":{"@type":"ImageObject","inLanguage":"sv-SE","@id":"https:\/\/www.wretmanestate.com\/sv\/#\/schema\/logo\/image\/","url":"","contentUrl":"","caption":"WRETMAN ESTATE"},"image":{"@id":"https:\/\/www.wretmanestate.com\/sv\/#\/schema\/logo\/image\/"}}]}},"_links":{"self":[{"href":"https:\/\/www.wretmanestate.com\/sv\/wp-json\/wp\/v2\/pages\/4094","targetHints":{"allow":["GET"]}}],"collection":[{"href":"https:\/\/www.wretmanestate.com\/sv\/wp-json\/wp\/v2\/pages"}],"about":[{"href":"https:\/\/www.wretmanestate.com\/sv\/wp-json\/wp\/v2\/types\/page"}],"author":[{"embeddable":true,"href":"https:\/\/www.wretmanestate.com\/sv\/wp-json\/wp\/v2\/users\/23"}],"replies":[{"embeddable":true,"href":"https:\/\/www.wretmanestate.com\/sv\/wp-json\/wp\/v2\/comments?post=4094"}],"version-history":[{"count":11,"href":"https:\/\/www.wretmanestate.com\/sv\/wp-json\/wp\/v2\/pages\/4094\/revisions"}],"predecessor-version":[{"id":158807,"href":"https:\/\/www.wretmanestate.com\/sv\/wp-json\/wp\/v2\/pages\/4094\/revisions\/158807"}],"up":[{"embeddable":true,"href":"https:\/\/www.wretmanestate.com\/sv\/wp-json\/wp\/v2\/pages\/3952"}],"wp:attachment":[{"href":"https:\/\/www.wretmanestate.com\/sv\/wp-json\/wp\/v2\/media?parent=4094"}],"curies":[{"name":"wp","href":"https:\/\/api.w.org\/{rel}","templated":true}]}}