{"id":4098,"date":"2019-12-12T15:23:12","date_gmt":"2019-12-12T14:23:12","guid":{"rendered":"https:\/\/www.wretmanestate.com\/?page_id=4098"},"modified":"2022-12-09T14:54:35","modified_gmt":"2022-12-09T13:54:35","slug":"nyheter","status":"publish","type":"page","link":"https:\/\/www.wretmanestate.com\/sv\/om-oss-maklare-franska-rivieran\/nyheter\/","title":{"rendered":"Nyheter"},"content":{"rendered":"<div class=\"wpb-content-wrapper\"><p>[vc_row full_width=&#8221;stretch_row_content_no_spaces&#8221; content_placement=&#8221;bottom&#8221; css=&#8221;.vc_custom_1586940534823{background-image: url(https:\/\/www.wretmanestate.com\/wp-content\/uploads\/2019\/11\/new-banner.jpg?id=3444) !important;background-position: center !important;background-repeat: no-repeat !important;background-size: cover !important;}&#8221; el_class=&#8221;bloc-title small&#8221;][vc_column]<div class=\" \">\r\n\t\r\n        <div class=\"mh-heading-wrapper\">\r\n            <h1            class=\"mh-heading mh-color-white mh-heading--bottom-separator   \"\r\n            style=\"font-weight:700;\">\r\n\t\t\tNyheter        <\/h1>\r\n\r\n\t\t            <div class=\"mh-subheading mh-color-white\"\r\n                 style=\"\">\r\n\t\t\t\tM\u00e4ssor, sponsorskap, events            <\/div>\r\n\t\t    <\/div>\r\n\r\n\t<\/div>[\/vc_column][\/vc_row][vc_row][vc_column]<div class=\" \">\r\n\t\r\n        <div class=\"mh-heading-wrapper\">\r\n            <h2            class=\"mh-heading  mh-heading--bottom-separator   \"\r\n            style=\"font-weight:700;\">\r\n\t\t\t\u00c5RETS H\u00c4NDELSER        <\/h2>\r\n\r\n\t\t    <\/div>\r\n\r\n\t<\/div>[vc_column_text]Wretman Estate medverkar p\u00e5 internationella bostadsm\u00e4ssor, sponsrar events och h\u00e5ller ofta f\u00f6redrag om Rivierans bostadsmarknad. Nedan kan du l\u00e4sa mer om \u00e5rets h\u00e4ndelser i f\u00f6retaget.[\/vc_column_text][vc_row_inner content_placement=&#8221;middle&#8221; el_class=&#8221;bloc_btns btn_ancre&#8221;][vc_column_inner width=&#8221;1\/3&#8243;][vc_column_text]<\/p>\n<p style=\"text-align: center;\"><a class=\"btn_rouge\" href=\"#massor\">M\u00e4ssor<\/a><\/p>\n<p>[\/vc_column_text][\/vc_column_inner][vc_column_inner width=&#8221;1\/3&#8243;][vc_column_text]<\/p>\n<p style=\"text-align: center;\"><a class=\"btn_rouge\" href=\"#sponsorskap\">Sponsorskap<\/a><\/p>\n<p>[\/vc_column_text][\/vc_column_inner][vc_column_inner width=&#8221;1\/3&#8243;][vc_column_text]<\/p>\n<p style=\"text-align: center;\"><a class=\"btn_rouge\" href=\"#events\">F\u00f6redrag<\/a><\/p>\n<p>[\/vc_column_text][\/vc_column_inner][\/vc_row_inner][\/vc_column][\/vc_row][vc_row el_id=&#8221;massor&#8221; el_class=&#8221;red_links&#8221; css=&#8221;.vc_custom_1582904604247{padding-top: 30px !important;padding-bottom: 30px !important;}&#8221;][vc_column]<div class=\" \">\r\n\t\r\n        <div class=\"mh-heading-wrapper\">\r\n            <h2            class=\"mh-heading  mh-heading--bottom-separator   \"\r\n            style=\"font-weight:700;\">\r\n\t\t\tM\u00c4SSOR        <\/h2>\r\n\r\n\t\t    <\/div>\r\n\r\n\t<\/div>[vc_column_text]<a href=\"https:\/\/www.wretmanestate.com\/sv\/salja\/marknadsforing\/\">Wretman Estate<\/a> finns p\u00e5 plats p\u00e5 Fair Media International AB fastighetsm\u00e4ssor i Norden f\u00f6r k\u00f6p av bost\u00e4der utomlands, samt p\u00e5 flera m\u00e4ssor i Frankrike och Europa.[\/vc_column_text][\/vc_column][vc_column width=&#8221;1\/2&#8243;][vc_column_text]Fastighetsm\u00e4ssa i Stockholm<br \/>\n15-16 oktober 2022<br \/>\nTid: 10-19<br \/>\nPlats: M\u00e4ssv\u00e4gen 1, \u00c4lvsj\u00f6, Stockholm<\/p>\n<p>Fastighetsm\u00e4ssa i Malm\u00f6<br \/>\n17-18 september 2022<br \/>\nTid: 10-19<br \/>\nPlats: M\u00e4ssgatan 6, Malm\u00f6[\/vc_column_text][\/vc_column][vc_column width=&#8221;1\/2&#8243;][vc_images_carousel images=&#8221;359854,359859,254770&#8243; img_size=&#8221;large&#8221; autoplay=&#8221;yes&#8221; wrap=&#8221;yes&#8221;][\/vc_column][\/vc_row][vc_row][vc_column][vc_separator color=&#8221;custom&#8221; border_width=&#8221;3&#8243; accent_color=&#8221;#7a1523&#8243;][\/vc_column][\/vc_row][vc_row el_class=&#8221;red_links&#8221; el_id=&#8221;sponsorskap&#8221; css=&#8221;.vc_custom_1582904615521{padding-top: 30px !important;padding-bottom: 30px !important;}&#8221;][vc_column width=&#8221;1\/2&#8243;]<div class=\" \">\r\n\t\r\n        <div class=\"mh-heading-wrapper\">\r\n            <h2            class=\"mh-heading  mh-heading--bottom-separator   \"\r\n            style=\"font-weight:700;\">\r\n\t\t\tSPONSORSKAP        <\/h2>\r\n\r\n\t\t    <\/div>\r\n\r\n\t<\/div>[vc_column_text]Wretman Estate \u00e4r stolta sponsorer av flera viktiga event!<\/p>\n<p><a href=\"https:\/\/www.mimosamatters.org\/project\/2020marathon\/\">Mimosa Runners<\/a><strong><br \/>\n<\/strong>8 November 2020<\/p>\n<p>Wretman Estate \u00e4r huvudsponsor av Mimosa runners, organiserar team som springer maraton mellan Nice och Cannes, f\u00f6r att samla in pengar till lokala cancerv\u00e4lg\u00f6renhetsm\u00e5l.<\/p>\n<p><a href=\"https:\/\/www.svenskakyrkan.se\/sodrafrankrike\">Svenska kyrkan<\/a><\/p>\n<p>Wretman Estate sponsrar Svenska kyrkans \u00e5rliga jul- och p\u00e5skmarknader.<\/p>\n<p><a href=\"https:\/\/www.rivieraklubben.com\/\">Rivieraklubben<\/a><\/p>\n<p>Wretman Estate med Rivieraklubben h\u00e5ller afterwork i Cannes varje sista onsdag i m\u00e5naden![\/vc_column_text][\/vc_column][vc_column width=&#8221;1\/2&#8243;][vc_images_carousel images=&#8221;21258,21241&#8243; img_size=&#8221;large&#8221; autoplay=&#8221;yes&#8221; wrap=&#8221;yes&#8221;][\/vc_column][\/vc_row][vc_row][vc_column][vc_separator color=&#8221;custom&#8221; border_width=&#8221;3&#8243; accent_color=&#8221;#7a1523&#8243;][\/vc_column][\/vc_row][vc_row css=&#8221;.vc_custom_1582904633166{padding-top: 30px !important;}&#8221; el_id=&#8221;events&#8221;][vc_column width=&#8221;1\/2&#8243;]<div class=\" \">\r\n\t\r\n        <div class=\"mh-heading-wrapper\">\r\n            <h2            class=\"mh-heading  mh-heading--bottom-separator   \"\r\n            style=\"font-weight:700;\">\r\n\t\t\tF\u00d6REDRAG        <\/h2>\r\n\r\n\t\t    <\/div>\r\n\r\n\t<\/div>[vc_column_text]Vi h\u00e5ller f\u00f6redrag p\u00e5 \u00e5rets m\u00e4ssor i Stockholm, G\u00f6teborg och Malm\u00f6.[\/vc_column_text][\/vc_column][vc_column width=&#8221;1\/2&#8243;][vc_single_image image=&#8221;359864&#8243; img_size=&#8221;large&#8221;][\/vc_column][\/vc_row]<\/p>\n<\/div>","protected":false},"excerpt":{"rendered":"<p>[vc_row full_width=&#8221;stretch_row_content_no_spaces&#8221; content_placement=&#8221;bottom&#8221; css=&#8221;.vc_custom_1586940534823{background-image: url(https:\/\/www.wretmanestate.com\/wp-content\/uploads\/2019\/11\/new-banner.jpg?id=3444) !important;background-position: center !important;background-repeat: no-repeat !important;background-size: cover !important;}&#8221; el_class=&#8221;bloc-title small&#8221;][vc_column][\/vc_column][\/vc_row][vc_row][vc_column][vc_column_text]Wretman Estate medverkar p\u00e5 internationella bostadsm\u00e4ssor, sponsrar events och h\u00e5ller ofta f\u00f6redrag om Rivierans bostadsmarknad. Nedan kan du l\u00e4sa mer om \u00e5rets h\u00e4ndelser i f\u00f6retaget.[\/vc_column_text][vc_row_inner content_placement=&#8221;middle&#8221; el_class=&#8221;bloc_btns btn_ancre&#8221;][vc_column_inner width=&#8221;1\/3&#8243;][vc_column_text] M\u00e4ssor [\/vc_column_text][\/vc_column_inner][vc_column_inner width=&#8221;1\/3&#8243;][vc_column_text] Sponsorskap [\/vc_column_text][\/vc_column_inner][vc_column_inner width=&#8221;1\/3&#8243;][vc_column_text] F\u00f6redrag [\/vc_column_text][\/vc_column_inner][\/vc_row_inner][\/vc_column][\/vc_row][vc_row el_id=&#8221;massor&#8221; el_class=&#8221;red_links&#8221; css=&#8221;.vc_custom_1582904604247{padding-top: 30px !important;padding-bottom: [&hellip;]<\/p>\n","protected":false},"author":23,"featured_media":0,"parent":3907,"menu_order":0,"comment_status":"closed","ping_status":"closed","template":"page_full-width.php","meta":{"_acf_changed":false,"content-type":"","_monsterinsights_skip_tracking":false,"_monsterinsights_sitenote_active":false,"_monsterinsights_sitenote_note":"","_monsterinsights_sitenote_category":0,"footnotes":""},"class_list":["post-4098","page","type-page","status-publish","hentry"],"acf":[],"yoast_head":"<!-- This site is optimized with the Yoast SEO plugin v27.5 - https:\/\/yoast.com\/product\/yoast-seo-wordpress\/ -->\n<title>Nyheter - m\u00e4ssor, sponsorskap och events - Wretman Estate<\/title>\n<meta name=\"description\" content=\"Wretman Estate medverkar p\u00e5 internationella m\u00e4ssor, sponsrar events och h\u00e5ller ofta f\u00f6redrag om Rivierans bostadsmarknad. Vi syns \u00f6verallt!\" \/>\n<meta name=\"robots\" content=\"index, follow, max-snippet:-1, max-image-preview:large, max-video-preview:-1\" \/>\n<link rel=\"canonical\" href=\"https:\/\/www.wretmanestate.com\/sv\/om-oss-maklare-franska-rivieran\/nyheter\/\" \/>\n<meta property=\"og:locale\" content=\"sv_SE\" \/>\n<meta property=\"og:type\" content=\"article\" \/>\n<meta property=\"og:title\" content=\"Nyheter - m\u00e4ssor, sponsorskap och events - Wretman Estate\" \/>\n<meta property=\"og:description\" content=\"Wretman Estate medverkar p\u00e5 internationella m\u00e4ssor, sponsrar events och h\u00e5ller ofta f\u00f6redrag om Rivierans bostadsmarknad. Vi syns \u00f6verallt!\" \/>\n<meta property=\"og:url\" content=\"https:\/\/www.wretmanestate.com\/sv\/om-oss-maklare-franska-rivieran\/nyheter\/\" \/>\n<meta property=\"og:site_name\" content=\"Wretman Estate\" \/>\n<meta property=\"article:modified_time\" content=\"2022-12-09T13:54:35+00:00\" \/>\n<meta name=\"twitter:card\" content=\"summary_large_image\" \/>\n<meta name=\"twitter:label1\" content=\"Ber\u00e4knad l\u00e4stid\" \/>\n\t<meta name=\"twitter:data1\" content=\"2 minuter\" \/>\n<script type=\"application\/ld+json\" class=\"yoast-schema-graph\">{\"@context\":\"https:\\\/\\\/schema.org\",\"@graph\":[{\"@type\":\"WebPage\",\"@id\":\"https:\\\/\\\/www.wretmanestate.com\\\/sv\\\/om-oss-maklare-franska-rivieran\\\/nyheter\\\/\",\"url\":\"https:\\\/\\\/www.wretmanestate.com\\\/sv\\\/om-oss-maklare-franska-rivieran\\\/nyheter\\\/\",\"name\":\"Nyheter - m\u00e4ssor, sponsorskap och events - Wretman Estate\",\"isPartOf\":{\"@id\":\"https:\\\/\\\/www.wretmanestate.com\\\/sv\\\/#website\"},\"datePublished\":\"2019-12-12T14:23:12+00:00\",\"dateModified\":\"2022-12-09T13:54:35+00:00\",\"description\":\"Wretman Estate medverkar p\u00e5 internationella m\u00e4ssor, sponsrar events och h\u00e5ller ofta f\u00f6redrag om Rivierans bostadsmarknad. Vi syns \u00f6verallt!\",\"breadcrumb\":{\"@id\":\"https:\\\/\\\/www.wretmanestate.com\\\/sv\\\/om-oss-maklare-franska-rivieran\\\/nyheter\\\/#breadcrumb\"},\"inLanguage\":\"sv-SE\",\"potentialAction\":[{\"@type\":\"ReadAction\",\"target\":[\"https:\\\/\\\/www.wretmanestate.com\\\/sv\\\/om-oss-maklare-franska-rivieran\\\/nyheter\\\/\"]}]},{\"@type\":\"BreadcrumbList\",\"@id\":\"https:\\\/\\\/www.wretmanestate.com\\\/sv\\\/om-oss-maklare-franska-rivieran\\\/nyheter\\\/#breadcrumb\",\"itemListElement\":[{\"@type\":\"ListItem\",\"position\":1,\"name\":\"Accueil\",\"item\":\"https:\\\/\\\/www.wretmanestate.com\\\/sv\\\/\"},{\"@type\":\"ListItem\",\"position\":2,\"name\":\"Om oss\",\"item\":\"https:\\\/\\\/www.wretmanestate.com\\\/sv\\\/om-oss-maklare-franska-rivieran\\\/\"},{\"@type\":\"ListItem\",\"position\":3,\"name\":\"Nyheter\"}]},{\"@type\":\"WebSite\",\"@id\":\"https:\\\/\\\/www.wretmanestate.com\\\/sv\\\/#website\",\"url\":\"https:\\\/\\\/www.wretmanestate.com\\\/sv\\\/\",\"name\":\"Wretman Estate\",\"description\":\"Immobilier sur la C\u00f4te d&#039;Azur et la Provence\",\"publisher\":{\"@id\":\"https:\\\/\\\/www.wretmanestate.com\\\/sv\\\/#organization\"},\"potentialAction\":[{\"@type\":\"SearchAction\",\"target\":{\"@type\":\"EntryPoint\",\"urlTemplate\":\"https:\\\/\\\/www.wretmanestate.com\\\/sv\\\/?s={search_term_string}\"},\"query-input\":{\"@type\":\"PropertyValueSpecification\",\"valueRequired\":true,\"valueName\":\"search_term_string\"}}],\"inLanguage\":\"sv-SE\"},{\"@type\":\"Organization\",\"@id\":\"https:\\\/\\\/www.wretmanestate.com\\\/sv\\\/#organization\",\"name\":\"WRETMAN ESTATE\",\"url\":\"https:\\\/\\\/www.wretmanestate.com\\\/sv\\\/\",\"logo\":{\"@type\":\"ImageObject\",\"inLanguage\":\"sv-SE\",\"@id\":\"https:\\\/\\\/www.wretmanestate.com\\\/sv\\\/#\\\/schema\\\/logo\\\/image\\\/\",\"url\":\"\",\"contentUrl\":\"\",\"caption\":\"WRETMAN ESTATE\"},\"image\":{\"@id\":\"https:\\\/\\\/www.wretmanestate.com\\\/sv\\\/#\\\/schema\\\/logo\\\/image\\\/\"}}]}<\/script>\n<!-- \/ Yoast SEO plugin. -->","yoast_head_json":{"title":"Nyheter - m\u00e4ssor, sponsorskap och events - Wretman Estate","description":"Wretman Estate medverkar p\u00e5 internationella m\u00e4ssor, sponsrar events och h\u00e5ller ofta f\u00f6redrag om Rivierans bostadsmarknad. Vi syns \u00f6verallt!","robots":{"index":"index","follow":"follow","max-snippet":"max-snippet:-1","max-image-preview":"max-image-preview:large","max-video-preview":"max-video-preview:-1"},"canonical":"https:\/\/www.wretmanestate.com\/sv\/om-oss-maklare-franska-rivieran\/nyheter\/","og_locale":"sv_SE","og_type":"article","og_title":"Nyheter - m\u00e4ssor, sponsorskap och events - Wretman Estate","og_description":"Wretman Estate medverkar p\u00e5 internationella m\u00e4ssor, sponsrar events och h\u00e5ller ofta f\u00f6redrag om Rivierans bostadsmarknad. Vi syns \u00f6verallt!","og_url":"https:\/\/www.wretmanestate.com\/sv\/om-oss-maklare-franska-rivieran\/nyheter\/","og_site_name":"Wretman Estate","article_modified_time":"2022-12-09T13:54:35+00:00","twitter_card":"summary_large_image","twitter_misc":{"Ber\u00e4knad l\u00e4stid":"2 minuter"},"schema":{"@context":"https:\/\/schema.org","@graph":[{"@type":"WebPage","@id":"https:\/\/www.wretmanestate.com\/sv\/om-oss-maklare-franska-rivieran\/nyheter\/","url":"https:\/\/www.wretmanestate.com\/sv\/om-oss-maklare-franska-rivieran\/nyheter\/","name":"Nyheter - m\u00e4ssor, sponsorskap och events - Wretman Estate","isPartOf":{"@id":"https:\/\/www.wretmanestate.com\/sv\/#website"},"datePublished":"2019-12-12T14:23:12+00:00","dateModified":"2022-12-09T13:54:35+00:00","description":"Wretman Estate medverkar p\u00e5 internationella m\u00e4ssor, sponsrar events och h\u00e5ller ofta f\u00f6redrag om Rivierans bostadsmarknad. Vi syns \u00f6verallt!","breadcrumb":{"@id":"https:\/\/www.wretmanestate.com\/sv\/om-oss-maklare-franska-rivieran\/nyheter\/#breadcrumb"},"inLanguage":"sv-SE","potentialAction":[{"@type":"ReadAction","target":["https:\/\/www.wretmanestate.com\/sv\/om-oss-maklare-franska-rivieran\/nyheter\/"]}]},{"@type":"BreadcrumbList","@id":"https:\/\/www.wretmanestate.com\/sv\/om-oss-maklare-franska-rivieran\/nyheter\/#breadcrumb","itemListElement":[{"@type":"ListItem","position":1,"name":"Accueil","item":"https:\/\/www.wretmanestate.com\/sv\/"},{"@type":"ListItem","position":2,"name":"Om oss","item":"https:\/\/www.wretmanestate.com\/sv\/om-oss-maklare-franska-rivieran\/"},{"@type":"ListItem","position":3,"name":"Nyheter"}]},{"@type":"WebSite","@id":"https:\/\/www.wretmanestate.com\/sv\/#website","url":"https:\/\/www.wretmanestate.com\/sv\/","name":"Wretman Estate","description":"Immobilier sur la C\u00f4te d&#039;Azur et la Provence","publisher":{"@id":"https:\/\/www.wretmanestate.com\/sv\/#organization"},"potentialAction":[{"@type":"SearchAction","target":{"@type":"EntryPoint","urlTemplate":"https:\/\/www.wretmanestate.com\/sv\/?s={search_term_string}"},"query-input":{"@type":"PropertyValueSpecification","valueRequired":true,"valueName":"search_term_string"}}],"inLanguage":"sv-SE"},{"@type":"Organization","@id":"https:\/\/www.wretmanestate.com\/sv\/#organization","name":"WRETMAN ESTATE","url":"https:\/\/www.wretmanestate.com\/sv\/","logo":{"@type":"ImageObject","inLanguage":"sv-SE","@id":"https:\/\/www.wretmanestate.com\/sv\/#\/schema\/logo\/image\/","url":"","contentUrl":"","caption":"WRETMAN ESTATE"},"image":{"@id":"https:\/\/www.wretmanestate.com\/sv\/#\/schema\/logo\/image\/"}}]}},"_links":{"self":[{"href":"https:\/\/www.wretmanestate.com\/sv\/wp-json\/wp\/v2\/pages\/4098","targetHints":{"allow":["GET"]}}],"collection":[{"href":"https:\/\/www.wretmanestate.com\/sv\/wp-json\/wp\/v2\/pages"}],"about":[{"href":"https:\/\/www.wretmanestate.com\/sv\/wp-json\/wp\/v2\/types\/page"}],"author":[{"embeddable":true,"href":"https:\/\/www.wretmanestate.com\/sv\/wp-json\/wp\/v2\/users\/23"}],"replies":[{"embeddable":true,"href":"https:\/\/www.wretmanestate.com\/sv\/wp-json\/wp\/v2\/comments?post=4098"}],"version-history":[{"count":7,"href":"https:\/\/www.wretmanestate.com\/sv\/wp-json\/wp\/v2\/pages\/4098\/revisions"}],"predecessor-version":[{"id":359920,"href":"https:\/\/www.wretmanestate.com\/sv\/wp-json\/wp\/v2\/pages\/4098\/revisions\/359920"}],"up":[{"embeddable":true,"href":"https:\/\/www.wretmanestate.com\/sv\/wp-json\/wp\/v2\/pages\/3907"}],"wp:attachment":[{"href":"https:\/\/www.wretmanestate.com\/sv\/wp-json\/wp\/v2\/media?parent=4098"}],"curies":[{"name":"wp","href":"https:\/\/api.w.org\/{rel}","templated":true}]}}