{"id":545149,"date":"2023-09-11T15:15:30","date_gmt":"2023-09-11T13:15:30","guid":{"rendered":"https:\/\/www.wretmanestate.com\/?page_id=545149"},"modified":"2025-11-03T12:41:05","modified_gmt":"2025-11-03T11:41:05","slug":"louann-ellena","status":"publish","type":"page","link":"https:\/\/www.wretmanestate.com\/sv\/om-oss-maklare-franska-rivieran\/team\/louann-ellena\/","title":{"rendered":"Louann ELLENA"},"content":{"rendered":"<div class=\"wpb-content-wrapper\"><p>[vc_row full_width=&#8221;stretch_row_content_no_spaces&#8221; content_placement=&#8221;bottom&#8221; css=&#8221;.vc_custom_1580722970157{background-image: url(https:\/\/www.wretmanestate.com\/wp-content\/uploads\/2019\/11\/new-banner.jpg?id=3444) !important;background-position: center !important;background-repeat: no-repeat !important;background-size: cover !important;}&#8221; el_class=&#8221;bloc-title header_team medium&#8221;][vc_column]<div class=\" \">\r\n\t\r\n        <div class=\"mh-heading-wrapper\">\r\n            <h1            class=\"mh-heading mh-color-white mh-heading--bottom-separator   \"\r\n            style=\"font-weight:700;\">\r\n\t\t\tLouann ELLENA        <\/h1>\r\n\r\n\t\t            <div class=\"mh-subheading mh-color-white\"\r\n                 style=\"\">\r\n\t\t\t\tMarknads- och kommunikationschef            <\/div>\r\n\t\t    <\/div>\r\n\r\n\t<\/div>[vc_single_image image=&#8221;850666&#8243; img_size=&#8221;full&#8221; alignment=&#8221;center&#8221; style=&#8221;vc_box_rounded&#8221; css=&#8221;&#8221;][\/vc_column][\/vc_row][vc_row bg_type=&#8221;bg_color&#8221; bg_override=&#8221;ex-full&#8221; el_class=&#8221;team_desc&#8221; bg_color_value=&#8221;#f2f2f6&#8243;][vc_column width=&#8221;1\/2&#8243;][vc_column_text]<\/p>\n<h5><strong>Hur hamnade du p\u00e5 Wretman Estate ?<\/strong><\/h5>\n<p>Innan jag blev en del av teamet p\u00e5 Wretman Estate var jag marknads- och kommunikationsassistent inom sport- och prestigebilar, som en del av min kandidatexamen i marknadsf\u00f6ring och reklam. Idag \u00e4r jag glad \u00f6ver att forts\u00e4tta mina masterstudier p\u00e5 detta f\u00f6retag!<\/p>\n<h5><strong>Om du fick v\u00e4lja en plats p\u00e5 Franska Rivieran, vilken skulle det vara?<\/strong><\/h5>\n<p>Om jag bara fick v\u00e4lja ett st\u00e4lle p\u00e5 Rivieran skulle det vara Gamla Antibes, utan att tveka! Dess sm\u00e5 gator och g\u00f6r denna stad till en mycket charmig plats, d\u00e4r det \u00e4r s\u00e5 mysigt att strosa runt.<\/p>\n<h5><strong>Vilken \u00e4r din favoritpromenad\/utflykt i regionen?<\/strong><\/h5>\n<p>Min favoritutflykt i regionen \u00e4r utan tvekan till L\u00e9rins\u00f6arna! Blandningen av promenader i skogen och att bada p\u00e5 stranden g\u00f6r det till en perfekt milj\u00f6 f\u00f6r att fly fr\u00e5n vardagen.[\/vc_column_text][\/vc_column][vc_column width=&#8221;1\/2&#8243;][vc_column_text]<\/p>\n<h5><strong>Vilken \u00e4r din favorittur\/utflykt i regionen?<\/strong><\/h5>\n<p>F\u00f6r en promenad med frisk luft, f\u00f6redrar jag Le Var f\u00f6r dess skogar och landsbygd. N\u00e4r jag vill ta en tur p\u00e5 stan, f\u00f6redrar jag Cannes eller Nice.<\/p>\n<h5><strong>Hur ser en perfekt s\u00f6ndag ut f\u00f6r dig?<\/strong><\/h5>\n<p>En idealisk s\u00f6ndag f\u00f6r mig b\u00f6rjar med en sovmorgon, sedan en lunch med familjen och avslutas med en promenad eller en aktivitet med familjen.<\/p>\n<h5><strong>Vad gillar du att g\u00f6ra p\u00e5 en ledig dag?<\/strong><\/h5>\n<p>P\u00e5 en ledig dag gillar jag att g\u00f6ra saker som jag inte hinner med under veckan eller som jag alltid skjuter upp till n\u00e4sta dag. Jag m\u00e5ste i alla fall vara produktiv![\/vc_column_text][\/vc_column][\/vc_row][vc_row][vc_column]    <div class=\"mh-grid\">\r\n\t\t    <\/div>\r\n\r\n[\/vc_column][\/vc_row]<\/p>\n<\/div>","protected":false},"excerpt":{"rendered":"<p>[vc_row full_width=&#8221;stretch_row_content_no_spaces&#8221; content_placement=&#8221;bottom&#8221; css=&#8221;.vc_custom_1580722970157{background-image: url(https:\/\/www.wretmanestate.com\/wp-content\/uploads\/2019\/11\/new-banner.jpg?id=3444) !important;background-position: center !important;background-repeat: no-repeat !important;background-size: cover !important;}&#8221; el_class=&#8221;bloc-title header_team medium&#8221;][vc_column][vc_single_image image=&#8221;850666&#8243; img_size=&#8221;full&#8221; alignment=&#8221;center&#8221; style=&#8221;vc_box_rounded&#8221; css=&#8221;&#8221;][\/vc_column][\/vc_row][vc_row bg_type=&#8221;bg_color&#8221; bg_override=&#8221;ex-full&#8221; el_class=&#8221;team_desc&#8221; bg_color_value=&#8221;#f2f2f6&#8243;][vc_column width=&#8221;1\/2&#8243;][vc_column_text] Hur hamnade du p\u00e5 Wretman Estate ? Innan jag blev en del av teamet p\u00e5 Wretman Estate var jag marknads- och kommunikationsassistent inom sport- och prestigebilar, som en del av [&hellip;]<\/p>\n","protected":false},"author":90,"featured_media":0,"parent":3927,"menu_order":0,"comment_status":"closed","ping_status":"closed","template":"page_full-width.php","meta":{"_acf_changed":false,"content-type":"","_monsterinsights_skip_tracking":false,"_monsterinsights_sitenote_active":false,"_monsterinsights_sitenote_note":"","_monsterinsights_sitenote_category":0,"footnotes":""},"class_list":["post-545149","page","type-page","status-publish","hentry"],"acf":[],"yoast_head":"<!-- This site is optimized with the Yoast SEO plugin v27.5 - https:\/\/yoast.com\/product\/yoast-seo-wordpress\/ -->\n<title>Marknadsf\u00f6ring- Louann ELLENA - Wretman Estate<\/title>\n<meta name=\"description\" content=\"Wretman Estate har sju kontor l\u00e4ngs hela Rivieran. Tiffany jobbar som m\u00e4klarassistent i Cannes. Kontakta oss om du vill s\u00e4lja eller k\u00f6pa boende p\u00e5 Rivieran!\" \/>\n<meta name=\"robots\" content=\"index, follow, max-snippet:-1, max-image-preview:large, max-video-preview:-1\" \/>\n<link rel=\"canonical\" href=\"https:\/\/www.wretmanestate.com\/sv\/om-oss-maklare-franska-rivieran\/team\/louann-ellena\/\" \/>\n<meta property=\"og:locale\" content=\"sv_SE\" \/>\n<meta property=\"og:type\" content=\"article\" \/>\n<meta property=\"og:title\" content=\"Marknadsf\u00f6ring- Louann ELLENA - Wretman Estate\" \/>\n<meta property=\"og:description\" content=\"Wretman Estate har sju kontor l\u00e4ngs hela Rivieran. Tiffany jobbar som m\u00e4klarassistent i Cannes. Kontakta oss om du vill s\u00e4lja eller k\u00f6pa boende p\u00e5 Rivieran!\" \/>\n<meta property=\"og:url\" content=\"https:\/\/www.wretmanestate.com\/sv\/om-oss-maklare-franska-rivieran\/team\/louann-ellena\/\" \/>\n<meta property=\"og:site_name\" content=\"Wretman Estate\" \/>\n<meta property=\"article:modified_time\" content=\"2025-11-03T11:41:05+00:00\" \/>\n<meta name=\"twitter:card\" content=\"summary_large_image\" \/>\n<meta name=\"twitter:label1\" content=\"Ber\u00e4knad l\u00e4stid\" \/>\n\t<meta name=\"twitter:data1\" content=\"2 minuter\" \/>\n<script type=\"application\/ld+json\" class=\"yoast-schema-graph\">{\"@context\":\"https:\\\/\\\/schema.org\",\"@graph\":[{\"@type\":\"WebPage\",\"@id\":\"https:\\\/\\\/www.wretmanestate.com\\\/sv\\\/om-oss-maklare-franska-rivieran\\\/team\\\/louann-ellena\\\/\",\"url\":\"https:\\\/\\\/www.wretmanestate.com\\\/sv\\\/om-oss-maklare-franska-rivieran\\\/team\\\/louann-ellena\\\/\",\"name\":\"Marknadsf\u00f6ring- Louann ELLENA - Wretman Estate\",\"isPartOf\":{\"@id\":\"https:\\\/\\\/www.wretmanestate.com\\\/sv\\\/#website\"},\"datePublished\":\"2023-09-11T13:15:30+00:00\",\"dateModified\":\"2025-11-03T11:41:05+00:00\",\"description\":\"Wretman Estate har sju kontor l\u00e4ngs hela Rivieran. Tiffany jobbar som m\u00e4klarassistent i Cannes. Kontakta oss om du vill s\u00e4lja eller k\u00f6pa boende p\u00e5 Rivieran!\",\"breadcrumb\":{\"@id\":\"https:\\\/\\\/www.wretmanestate.com\\\/sv\\\/om-oss-maklare-franska-rivieran\\\/team\\\/louann-ellena\\\/#breadcrumb\"},\"inLanguage\":\"sv-SE\",\"potentialAction\":[{\"@type\":\"ReadAction\",\"target\":[\"https:\\\/\\\/www.wretmanestate.com\\\/sv\\\/om-oss-maklare-franska-rivieran\\\/team\\\/louann-ellena\\\/\"]}]},{\"@type\":\"BreadcrumbList\",\"@id\":\"https:\\\/\\\/www.wretmanestate.com\\\/sv\\\/om-oss-maklare-franska-rivieran\\\/team\\\/louann-ellena\\\/#breadcrumb\",\"itemListElement\":[{\"@type\":\"ListItem\",\"position\":1,\"name\":\"Accueil\",\"item\":\"https:\\\/\\\/www.wretmanestate.com\\\/sv\\\/\"},{\"@type\":\"ListItem\",\"position\":2,\"name\":\"Om oss\",\"item\":\"https:\\\/\\\/www.wretmanestate.com\\\/sv\\\/om-oss-maklare-franska-rivieran\\\/\"},{\"@type\":\"ListItem\",\"position\":3,\"name\":\"Team\",\"item\":\"https:\\\/\\\/www.wretmanestate.com\\\/sv\\\/om-oss-maklare-franska-rivieran\\\/team\\\/\"},{\"@type\":\"ListItem\",\"position\":4,\"name\":\"Louann ELLENA\"}]},{\"@type\":\"WebSite\",\"@id\":\"https:\\\/\\\/www.wretmanestate.com\\\/sv\\\/#website\",\"url\":\"https:\\\/\\\/www.wretmanestate.com\\\/sv\\\/\",\"name\":\"Wretman Estate\",\"description\":\"Immobilier sur la C\u00f4te d&#039;Azur et la Provence\",\"publisher\":{\"@id\":\"https:\\\/\\\/www.wretmanestate.com\\\/sv\\\/#organization\"},\"potentialAction\":[{\"@type\":\"SearchAction\",\"target\":{\"@type\":\"EntryPoint\",\"urlTemplate\":\"https:\\\/\\\/www.wretmanestate.com\\\/sv\\\/?s={search_term_string}\"},\"query-input\":{\"@type\":\"PropertyValueSpecification\",\"valueRequired\":true,\"valueName\":\"search_term_string\"}}],\"inLanguage\":\"sv-SE\"},{\"@type\":\"Organization\",\"@id\":\"https:\\\/\\\/www.wretmanestate.com\\\/sv\\\/#organization\",\"name\":\"WRETMAN ESTATE\",\"url\":\"https:\\\/\\\/www.wretmanestate.com\\\/sv\\\/\",\"logo\":{\"@type\":\"ImageObject\",\"inLanguage\":\"sv-SE\",\"@id\":\"https:\\\/\\\/www.wretmanestate.com\\\/sv\\\/#\\\/schema\\\/logo\\\/image\\\/\",\"url\":\"\",\"contentUrl\":\"\",\"caption\":\"WRETMAN ESTATE\"},\"image\":{\"@id\":\"https:\\\/\\\/www.wretmanestate.com\\\/sv\\\/#\\\/schema\\\/logo\\\/image\\\/\"}}]}<\/script>\n<!-- \/ Yoast SEO plugin. -->","yoast_head_json":{"title":"Marknadsf\u00f6ring- Louann ELLENA - Wretman Estate","description":"Wretman Estate har sju kontor l\u00e4ngs hela Rivieran. Tiffany jobbar som m\u00e4klarassistent i Cannes. Kontakta oss om du vill s\u00e4lja eller k\u00f6pa boende p\u00e5 Rivieran!","robots":{"index":"index","follow":"follow","max-snippet":"max-snippet:-1","max-image-preview":"max-image-preview:large","max-video-preview":"max-video-preview:-1"},"canonical":"https:\/\/www.wretmanestate.com\/sv\/om-oss-maklare-franska-rivieran\/team\/louann-ellena\/","og_locale":"sv_SE","og_type":"article","og_title":"Marknadsf\u00f6ring- Louann ELLENA - Wretman Estate","og_description":"Wretman Estate har sju kontor l\u00e4ngs hela Rivieran. Tiffany jobbar som m\u00e4klarassistent i Cannes. Kontakta oss om du vill s\u00e4lja eller k\u00f6pa boende p\u00e5 Rivieran!","og_url":"https:\/\/www.wretmanestate.com\/sv\/om-oss-maklare-franska-rivieran\/team\/louann-ellena\/","og_site_name":"Wretman Estate","article_modified_time":"2025-11-03T11:41:05+00:00","twitter_card":"summary_large_image","twitter_misc":{"Ber\u00e4knad l\u00e4stid":"2 minuter"},"schema":{"@context":"https:\/\/schema.org","@graph":[{"@type":"WebPage","@id":"https:\/\/www.wretmanestate.com\/sv\/om-oss-maklare-franska-rivieran\/team\/louann-ellena\/","url":"https:\/\/www.wretmanestate.com\/sv\/om-oss-maklare-franska-rivieran\/team\/louann-ellena\/","name":"Marknadsf\u00f6ring- Louann ELLENA - Wretman Estate","isPartOf":{"@id":"https:\/\/www.wretmanestate.com\/sv\/#website"},"datePublished":"2023-09-11T13:15:30+00:00","dateModified":"2025-11-03T11:41:05+00:00","description":"Wretman Estate har sju kontor l\u00e4ngs hela Rivieran. Tiffany jobbar som m\u00e4klarassistent i Cannes. Kontakta oss om du vill s\u00e4lja eller k\u00f6pa boende p\u00e5 Rivieran!","breadcrumb":{"@id":"https:\/\/www.wretmanestate.com\/sv\/om-oss-maklare-franska-rivieran\/team\/louann-ellena\/#breadcrumb"},"inLanguage":"sv-SE","potentialAction":[{"@type":"ReadAction","target":["https:\/\/www.wretmanestate.com\/sv\/om-oss-maklare-franska-rivieran\/team\/louann-ellena\/"]}]},{"@type":"BreadcrumbList","@id":"https:\/\/www.wretmanestate.com\/sv\/om-oss-maklare-franska-rivieran\/team\/louann-ellena\/#breadcrumb","itemListElement":[{"@type":"ListItem","position":1,"name":"Accueil","item":"https:\/\/www.wretmanestate.com\/sv\/"},{"@type":"ListItem","position":2,"name":"Om oss","item":"https:\/\/www.wretmanestate.com\/sv\/om-oss-maklare-franska-rivieran\/"},{"@type":"ListItem","position":3,"name":"Team","item":"https:\/\/www.wretmanestate.com\/sv\/om-oss-maklare-franska-rivieran\/team\/"},{"@type":"ListItem","position":4,"name":"Louann ELLENA"}]},{"@type":"WebSite","@id":"https:\/\/www.wretmanestate.com\/sv\/#website","url":"https:\/\/www.wretmanestate.com\/sv\/","name":"Wretman Estate","description":"Immobilier sur la C\u00f4te d&#039;Azur et la Provence","publisher":{"@id":"https:\/\/www.wretmanestate.com\/sv\/#organization"},"potentialAction":[{"@type":"SearchAction","target":{"@type":"EntryPoint","urlTemplate":"https:\/\/www.wretmanestate.com\/sv\/?s={search_term_string}"},"query-input":{"@type":"PropertyValueSpecification","valueRequired":true,"valueName":"search_term_string"}}],"inLanguage":"sv-SE"},{"@type":"Organization","@id":"https:\/\/www.wretmanestate.com\/sv\/#organization","name":"WRETMAN ESTATE","url":"https:\/\/www.wretmanestate.com\/sv\/","logo":{"@type":"ImageObject","inLanguage":"sv-SE","@id":"https:\/\/www.wretmanestate.com\/sv\/#\/schema\/logo\/image\/","url":"","contentUrl":"","caption":"WRETMAN ESTATE"},"image":{"@id":"https:\/\/www.wretmanestate.com\/sv\/#\/schema\/logo\/image\/"}}]}},"_links":{"self":[{"href":"https:\/\/www.wretmanestate.com\/sv\/wp-json\/wp\/v2\/pages\/545149","targetHints":{"allow":["GET"]}}],"collection":[{"href":"https:\/\/www.wretmanestate.com\/sv\/wp-json\/wp\/v2\/pages"}],"about":[{"href":"https:\/\/www.wretmanestate.com\/sv\/wp-json\/wp\/v2\/types\/page"}],"author":[{"embeddable":true,"href":"https:\/\/www.wretmanestate.com\/sv\/wp-json\/wp\/v2\/users\/90"}],"replies":[{"embeddable":true,"href":"https:\/\/www.wretmanestate.com\/sv\/wp-json\/wp\/v2\/comments?post=545149"}],"version-history":[{"count":4,"href":"https:\/\/www.wretmanestate.com\/sv\/wp-json\/wp\/v2\/pages\/545149\/revisions"}],"predecessor-version":[{"id":850672,"href":"https:\/\/www.wretmanestate.com\/sv\/wp-json\/wp\/v2\/pages\/545149\/revisions\/850672"}],"up":[{"embeddable":true,"href":"https:\/\/www.wretmanestate.com\/sv\/wp-json\/wp\/v2\/pages\/3927"}],"wp:attachment":[{"href":"https:\/\/www.wretmanestate.com\/sv\/wp-json\/wp\/v2\/media?parent=545149"}],"curies":[{"name":"wp","href":"https:\/\/api.w.org\/{rel}","templated":true}]}}