{"id":547748,"date":"2023-09-25T15:18:29","date_gmt":"2023-09-25T13:18:29","guid":{"rendered":"https:\/\/www.wretmanestate.com\/?page_id=547748"},"modified":"2025-07-17T16:07:05","modified_gmt":"2025-07-17T14:07:05","slug":"stephanie-ribeiro-rocha","status":"publish","type":"page","link":"https:\/\/www.wretmanestate.com\/sv\/om-oss-maklare-franska-rivieran\/team\/stephanie-ribeiro-rocha\/","title":{"rendered":"St\u00e9phanie RIBEIRO ROCHA"},"content":{"rendered":"<div class=\"wpb-content-wrapper\"><p>[vc_row full_width=&#8221;stretch_row_content_no_spaces&#8221; content_placement=&#8221;bottom&#8221; css=&#8221;.vc_custom_1580720419705{background-image: url(https:\/\/www.wretmanestate.com\/wp-content\/uploads\/2019\/11\/new-banner.jpg?id=3444) !important;background-position: center !important;background-repeat: no-repeat !important;background-size: cover !important;}&#8221; el_class=&#8221;bloc-title header_team medium&#8221;][vc_column]<div class=\" \">\r\n\t\r\n        <div class=\"mh-heading-wrapper\">\r\n            <h1            class=\"mh-heading mh-color-white mh-heading--bottom-separator   \"\r\n            style=\"font-weight:700;\">\r\n\t\t\tSt\u00e9phanie RIBEIRO ROCHA        <\/h1>\r\n\r\n\t\t            <div class=\"mh-subheading mh-color-white\"\r\n                 style=\"\">\r\n\t\t\t\tAssistent p\u00e5 kontoret i Menton            <\/div>\r\n\t\t    <\/div>\r\n\r\n\t<\/div>[vc_single_image image=&#8221;599684&#8243; img_size=&#8221;full&#8221; alignment=&#8221;center&#8221; style=&#8221;vc_box_rounded&#8221; css=&#8221;&#8221;][\/vc_column][\/vc_row][vc_row bg_type=&#8221;bg_color&#8221; bg_override=&#8221;ex-full&#8221; el_class=&#8221;team_desc&#8221; bg_color_value=&#8221;#f2f2f6&#8243;][vc_column width=&#8221;1\/2&#8243;][vc_column_text]<\/p>\n<h4><strong>Hur hamnade du p\u00e5 Rivieran?\u00a0<\/strong><\/h4>\n<p>Mina f\u00f6r\u00e4ldrar, som tidigare bodde i Portugal, flyttade till Parisregionen och flyttade sedan ner till C\u00f4te d&#8217;Azur i Beausoleil, allt innan jag f\u00f6ddes. N\u00e4r jag var 2 \u00e5r flyttade vi till den charmiga staden Menton och jag har nu bott d\u00e4r i 16 \u00e5r.<\/p>\n<h4><strong>Vilken \u00e4r din favoritpromenad\/utflykt i regionen?<\/strong><\/h4>\n<p>P\u00e5 sommaren finns det inget b\u00e4ttre \u00e4n en promenad tillsammans med en god glass medan du beundrar solnedg\u00e5ngen.<\/p>\n<h4><strong>Vad gjorde du innan du b\u00f6rjade jobba hos Wretman?\u00a0<\/strong><\/h4>\n<p>Jag tog min AGORA professionella studentexamen (hj\u00e4lp vid ledning av organisationer och deras verksamhet). D\u00e4refter letade jag efter ett f\u00f6retag f\u00f6r att kunna g\u00f6ra en BTS i fastighetsbranschen p\u00e5 arbetsstudiebasis, och det gl\u00e4der mig att vara en del av detta mycket v\u00e4lkomnande f\u00f6retag.[\/vc_column_text][\/vc_column][vc_column width=&#8221;1\/2&#8243;][vc_column_text]<\/p>\n<h4><strong>Hur ser en perfekt s\u00f6ndag ut f\u00f6r dig?<\/strong><\/h4>\n<p>Ta bilen med familjen f\u00f6r att uppt\u00e4cka ett nytt litet h\u00f6rn av paradiset som C\u00f4te d\u2019Azur.<\/p>\n<h4><strong>Vilken \u00e4r den b\u00e4sta skidorten i omr\u00e5det?<\/strong><\/h4>\n<p>Den b\u00e4sta vet jag inte, f\u00f6r jag har inte \u00e5kt skidor s\u00e5 mycket, men jag hade n\u00f6jet att \u00e5ka till Valberg en vecka med skolan, vilket var ett trevligt st\u00e4lle!<\/p>\n<h4><strong>Ber\u00e4tta n\u00e5got om dig sj\u00e4lv som f\u00e5 m\u00e4nniskor k\u00e4nner till.<\/strong><\/h4>\n<p>Jag \u00e4r ingen strandm\u00e4nniska f\u00f6r jag \u00e4r livr\u00e4dd f\u00f6r den m\u00f6rka havsbotten, jag gillar att ha f\u00f6tterna p\u00e5 jorden och veta vad som finns p\u00e5 botten av vattnet&#8230;[\/vc_column_text][\/vc_column][\/vc_row][vc_row][vc_column]    <div class=\"mh-grid\">\r\n\t\t    <\/div>\r\n\r\n[\/vc_column][\/vc_row]<\/p>\n<\/div>","protected":false},"excerpt":{"rendered":"<p>[vc_row full_width=&#8221;stretch_row_content_no_spaces&#8221; content_placement=&#8221;bottom&#8221; css=&#8221;.vc_custom_1580720419705{background-image: url(https:\/\/www.wretmanestate.com\/wp-content\/uploads\/2019\/11\/new-banner.jpg?id=3444) !important;background-position: center !important;background-repeat: no-repeat !important;background-size: cover !important;}&#8221; el_class=&#8221;bloc-title header_team medium&#8221;][vc_column][vc_single_image image=&#8221;599684&#8243; img_size=&#8221;full&#8221; alignment=&#8221;center&#8221; style=&#8221;vc_box_rounded&#8221; css=&#8221;&#8221;][\/vc_column][\/vc_row][vc_row bg_type=&#8221;bg_color&#8221; bg_override=&#8221;ex-full&#8221; el_class=&#8221;team_desc&#8221; bg_color_value=&#8221;#f2f2f6&#8243;][vc_column width=&#8221;1\/2&#8243;][vc_column_text] Hur hamnade du p\u00e5 Rivieran?\u00a0 Mina f\u00f6r\u00e4ldrar, som tidigare bodde i Portugal, flyttade till Parisregionen och flyttade sedan ner till C\u00f4te d&#8217;Azur i Beausoleil, allt innan jag f\u00f6ddes. N\u00e4r jag [&hellip;]<\/p>\n","protected":false},"author":90,"featured_media":0,"parent":3927,"menu_order":0,"comment_status":"closed","ping_status":"closed","template":"page_full-width.php","meta":{"_acf_changed":false,"content-type":"","_monsterinsights_skip_tracking":false,"_monsterinsights_sitenote_active":false,"_monsterinsights_sitenote_note":"","_monsterinsights_sitenote_category":0,"footnotes":""},"class_list":["post-547748","page","type-page","status-publish","hentry"],"acf":[],"yoast_head":"<!-- This site is optimized with the Yoast SEO plugin v27.5 - https:\/\/yoast.com\/product\/yoast-seo-wordpress\/ -->\n<title>M\u00e4klarassistent i Menton - St\u00e9phanie RIBEIRO ROCHA - Wretman Estate<\/title>\n<meta name=\"description\" content=\"St\u00e9phanie \u00e4r assistent hos Wretman Estate, hon hj\u00e4lper dig att k\u00f6pa eller s\u00e4lja b\u00e5de hus och l\u00e4genhet p\u00e5 Franska Rivieran. Kontakta oss idag!\" \/>\n<meta name=\"robots\" content=\"index, follow, max-snippet:-1, max-image-preview:large, max-video-preview:-1\" \/>\n<link rel=\"canonical\" href=\"https:\/\/www.wretmanestate.com\/sv\/om-oss-maklare-franska-rivieran\/team\/stephanie-ribeiro-rocha\/\" \/>\n<meta property=\"og:locale\" content=\"sv_SE\" \/>\n<meta property=\"og:type\" content=\"article\" \/>\n<meta property=\"og:title\" content=\"M\u00e4klarassistent i Menton - St\u00e9phanie RIBEIRO ROCHA - Wretman Estate\" \/>\n<meta property=\"og:description\" content=\"St\u00e9phanie \u00e4r assistent hos Wretman Estate, hon hj\u00e4lper dig att k\u00f6pa eller s\u00e4lja b\u00e5de hus och l\u00e4genhet p\u00e5 Franska Rivieran. Kontakta oss idag!\" \/>\n<meta property=\"og:url\" content=\"https:\/\/www.wretmanestate.com\/sv\/om-oss-maklare-franska-rivieran\/team\/stephanie-ribeiro-rocha\/\" \/>\n<meta property=\"og:site_name\" content=\"Wretman Estate\" \/>\n<meta property=\"article:modified_time\" content=\"2025-07-17T14:07:05+00:00\" \/>\n<meta name=\"twitter:card\" content=\"summary_large_image\" \/>\n<meta name=\"twitter:label1\" content=\"Ber\u00e4knad l\u00e4stid\" \/>\n\t<meta name=\"twitter:data1\" content=\"2 minuter\" \/>\n<script type=\"application\/ld+json\" class=\"yoast-schema-graph\">{\"@context\":\"https:\\\/\\\/schema.org\",\"@graph\":[{\"@type\":\"WebPage\",\"@id\":\"https:\\\/\\\/www.wretmanestate.com\\\/sv\\\/om-oss-maklare-franska-rivieran\\\/team\\\/stephanie-ribeiro-rocha\\\/\",\"url\":\"https:\\\/\\\/www.wretmanestate.com\\\/sv\\\/om-oss-maklare-franska-rivieran\\\/team\\\/stephanie-ribeiro-rocha\\\/\",\"name\":\"M\u00e4klarassistent i Menton - St\u00e9phanie RIBEIRO ROCHA - Wretman Estate\",\"isPartOf\":{\"@id\":\"https:\\\/\\\/www.wretmanestate.com\\\/sv\\\/#website\"},\"datePublished\":\"2023-09-25T13:18:29+00:00\",\"dateModified\":\"2025-07-17T14:07:05+00:00\",\"description\":\"St\u00e9phanie \u00e4r assistent hos Wretman Estate, hon hj\u00e4lper dig att k\u00f6pa eller s\u00e4lja b\u00e5de hus och l\u00e4genhet p\u00e5 Franska Rivieran. Kontakta oss idag!\",\"breadcrumb\":{\"@id\":\"https:\\\/\\\/www.wretmanestate.com\\\/sv\\\/om-oss-maklare-franska-rivieran\\\/team\\\/stephanie-ribeiro-rocha\\\/#breadcrumb\"},\"inLanguage\":\"sv-SE\",\"potentialAction\":[{\"@type\":\"ReadAction\",\"target\":[\"https:\\\/\\\/www.wretmanestate.com\\\/sv\\\/om-oss-maklare-franska-rivieran\\\/team\\\/stephanie-ribeiro-rocha\\\/\"]}]},{\"@type\":\"BreadcrumbList\",\"@id\":\"https:\\\/\\\/www.wretmanestate.com\\\/sv\\\/om-oss-maklare-franska-rivieran\\\/team\\\/stephanie-ribeiro-rocha\\\/#breadcrumb\",\"itemListElement\":[{\"@type\":\"ListItem\",\"position\":1,\"name\":\"Accueil\",\"item\":\"https:\\\/\\\/www.wretmanestate.com\\\/sv\\\/\"},{\"@type\":\"ListItem\",\"position\":2,\"name\":\"Om oss\",\"item\":\"https:\\\/\\\/www.wretmanestate.com\\\/sv\\\/om-oss-maklare-franska-rivieran\\\/\"},{\"@type\":\"ListItem\",\"position\":3,\"name\":\"Team\",\"item\":\"https:\\\/\\\/www.wretmanestate.com\\\/sv\\\/om-oss-maklare-franska-rivieran\\\/team\\\/\"},{\"@type\":\"ListItem\",\"position\":4,\"name\":\"St\u00e9phanie RIBEIRO ROCHA\"}]},{\"@type\":\"WebSite\",\"@id\":\"https:\\\/\\\/www.wretmanestate.com\\\/sv\\\/#website\",\"url\":\"https:\\\/\\\/www.wretmanestate.com\\\/sv\\\/\",\"name\":\"Wretman Estate\",\"description\":\"Immobilier sur la C\u00f4te d&#039;Azur et la Provence\",\"publisher\":{\"@id\":\"https:\\\/\\\/www.wretmanestate.com\\\/sv\\\/#organization\"},\"potentialAction\":[{\"@type\":\"SearchAction\",\"target\":{\"@type\":\"EntryPoint\",\"urlTemplate\":\"https:\\\/\\\/www.wretmanestate.com\\\/sv\\\/?s={search_term_string}\"},\"query-input\":{\"@type\":\"PropertyValueSpecification\",\"valueRequired\":true,\"valueName\":\"search_term_string\"}}],\"inLanguage\":\"sv-SE\"},{\"@type\":\"Organization\",\"@id\":\"https:\\\/\\\/www.wretmanestate.com\\\/sv\\\/#organization\",\"name\":\"WRETMAN ESTATE\",\"url\":\"https:\\\/\\\/www.wretmanestate.com\\\/sv\\\/\",\"logo\":{\"@type\":\"ImageObject\",\"inLanguage\":\"sv-SE\",\"@id\":\"https:\\\/\\\/www.wretmanestate.com\\\/sv\\\/#\\\/schema\\\/logo\\\/image\\\/\",\"url\":\"\",\"contentUrl\":\"\",\"caption\":\"WRETMAN ESTATE\"},\"image\":{\"@id\":\"https:\\\/\\\/www.wretmanestate.com\\\/sv\\\/#\\\/schema\\\/logo\\\/image\\\/\"}}]}<\/script>\n<!-- \/ Yoast SEO plugin. -->","yoast_head_json":{"title":"M\u00e4klarassistent i Menton - St\u00e9phanie RIBEIRO ROCHA - Wretman Estate","description":"St\u00e9phanie \u00e4r assistent hos Wretman Estate, hon hj\u00e4lper dig att k\u00f6pa eller s\u00e4lja b\u00e5de hus och l\u00e4genhet p\u00e5 Franska Rivieran. Kontakta oss idag!","robots":{"index":"index","follow":"follow","max-snippet":"max-snippet:-1","max-image-preview":"max-image-preview:large","max-video-preview":"max-video-preview:-1"},"canonical":"https:\/\/www.wretmanestate.com\/sv\/om-oss-maklare-franska-rivieran\/team\/stephanie-ribeiro-rocha\/","og_locale":"sv_SE","og_type":"article","og_title":"M\u00e4klarassistent i Menton - St\u00e9phanie RIBEIRO ROCHA - Wretman Estate","og_description":"St\u00e9phanie \u00e4r assistent hos Wretman Estate, hon hj\u00e4lper dig att k\u00f6pa eller s\u00e4lja b\u00e5de hus och l\u00e4genhet p\u00e5 Franska Rivieran. Kontakta oss idag!","og_url":"https:\/\/www.wretmanestate.com\/sv\/om-oss-maklare-franska-rivieran\/team\/stephanie-ribeiro-rocha\/","og_site_name":"Wretman Estate","article_modified_time":"2025-07-17T14:07:05+00:00","twitter_card":"summary_large_image","twitter_misc":{"Ber\u00e4knad l\u00e4stid":"2 minuter"},"schema":{"@context":"https:\/\/schema.org","@graph":[{"@type":"WebPage","@id":"https:\/\/www.wretmanestate.com\/sv\/om-oss-maklare-franska-rivieran\/team\/stephanie-ribeiro-rocha\/","url":"https:\/\/www.wretmanestate.com\/sv\/om-oss-maklare-franska-rivieran\/team\/stephanie-ribeiro-rocha\/","name":"M\u00e4klarassistent i Menton - St\u00e9phanie RIBEIRO ROCHA - Wretman Estate","isPartOf":{"@id":"https:\/\/www.wretmanestate.com\/sv\/#website"},"datePublished":"2023-09-25T13:18:29+00:00","dateModified":"2025-07-17T14:07:05+00:00","description":"St\u00e9phanie \u00e4r assistent hos Wretman Estate, hon hj\u00e4lper dig att k\u00f6pa eller s\u00e4lja b\u00e5de hus och l\u00e4genhet p\u00e5 Franska Rivieran. Kontakta oss idag!","breadcrumb":{"@id":"https:\/\/www.wretmanestate.com\/sv\/om-oss-maklare-franska-rivieran\/team\/stephanie-ribeiro-rocha\/#breadcrumb"},"inLanguage":"sv-SE","potentialAction":[{"@type":"ReadAction","target":["https:\/\/www.wretmanestate.com\/sv\/om-oss-maklare-franska-rivieran\/team\/stephanie-ribeiro-rocha\/"]}]},{"@type":"BreadcrumbList","@id":"https:\/\/www.wretmanestate.com\/sv\/om-oss-maklare-franska-rivieran\/team\/stephanie-ribeiro-rocha\/#breadcrumb","itemListElement":[{"@type":"ListItem","position":1,"name":"Accueil","item":"https:\/\/www.wretmanestate.com\/sv\/"},{"@type":"ListItem","position":2,"name":"Om oss","item":"https:\/\/www.wretmanestate.com\/sv\/om-oss-maklare-franska-rivieran\/"},{"@type":"ListItem","position":3,"name":"Team","item":"https:\/\/www.wretmanestate.com\/sv\/om-oss-maklare-franska-rivieran\/team\/"},{"@type":"ListItem","position":4,"name":"St\u00e9phanie RIBEIRO ROCHA"}]},{"@type":"WebSite","@id":"https:\/\/www.wretmanestate.com\/sv\/#website","url":"https:\/\/www.wretmanestate.com\/sv\/","name":"Wretman Estate","description":"Immobilier sur la C\u00f4te d&#039;Azur et la Provence","publisher":{"@id":"https:\/\/www.wretmanestate.com\/sv\/#organization"},"potentialAction":[{"@type":"SearchAction","target":{"@type":"EntryPoint","urlTemplate":"https:\/\/www.wretmanestate.com\/sv\/?s={search_term_string}"},"query-input":{"@type":"PropertyValueSpecification","valueRequired":true,"valueName":"search_term_string"}}],"inLanguage":"sv-SE"},{"@type":"Organization","@id":"https:\/\/www.wretmanestate.com\/sv\/#organization","name":"WRETMAN ESTATE","url":"https:\/\/www.wretmanestate.com\/sv\/","logo":{"@type":"ImageObject","inLanguage":"sv-SE","@id":"https:\/\/www.wretmanestate.com\/sv\/#\/schema\/logo\/image\/","url":"","contentUrl":"","caption":"WRETMAN ESTATE"},"image":{"@id":"https:\/\/www.wretmanestate.com\/sv\/#\/schema\/logo\/image\/"}}]}},"_links":{"self":[{"href":"https:\/\/www.wretmanestate.com\/sv\/wp-json\/wp\/v2\/pages\/547748","targetHints":{"allow":["GET"]}}],"collection":[{"href":"https:\/\/www.wretmanestate.com\/sv\/wp-json\/wp\/v2\/pages"}],"about":[{"href":"https:\/\/www.wretmanestate.com\/sv\/wp-json\/wp\/v2\/types\/page"}],"author":[{"embeddable":true,"href":"https:\/\/www.wretmanestate.com\/sv\/wp-json\/wp\/v2\/users\/90"}],"replies":[{"embeddable":true,"href":"https:\/\/www.wretmanestate.com\/sv\/wp-json\/wp\/v2\/comments?post=547748"}],"version-history":[{"count":4,"href":"https:\/\/www.wretmanestate.com\/sv\/wp-json\/wp\/v2\/pages\/547748\/revisions"}],"predecessor-version":[{"id":832642,"href":"https:\/\/www.wretmanestate.com\/sv\/wp-json\/wp\/v2\/pages\/547748\/revisions\/832642"}],"up":[{"embeddable":true,"href":"https:\/\/www.wretmanestate.com\/sv\/wp-json\/wp\/v2\/pages\/3927"}],"wp:attachment":[{"href":"https:\/\/www.wretmanestate.com\/sv\/wp-json\/wp\/v2\/media?parent=547748"}],"curies":[{"name":"wp","href":"https:\/\/api.w.org\/{rel}","templated":true}]}}