{"id":556702,"date":"2023-11-14T16:50:48","date_gmt":"2023-11-14T15:50:48","guid":{"rendered":"https:\/\/www.wretmanestate.com\/?page_id=556702"},"modified":"2023-11-14T16:50:48","modified_gmt":"2023-11-14T15:50:48","slug":"vilissa-da-costa-ferreira","status":"publish","type":"page","link":"https:\/\/www.wretmanestate.com\/sv\/om-oss-maklare-franska-rivieran\/team\/vilissa-da-costa-ferreira\/","title":{"rendered":"Vilissa DA COSTA FERREIRA"},"content":{"rendered":"<div class=\"wpb-content-wrapper\"><p>[vc_row full_width=&#8221;stretch_row_content_no_spaces&#8221; content_placement=&#8221;bottom&#8221; css=&#8221;.vc_custom_1580722970157{background-image: url(https:\/\/www.wretmanestate.com\/wp-content\/uploads\/2019\/11\/new-banner.jpg?id=3444) !important;background-position: center !important;background-repeat: no-repeat !important;background-size: cover !important;}&#8221; el_class=&#8221;bloc-title header_team medium&#8221;][vc_column]<div class=\" \">\r\n\t\r\n        <div class=\"mh-heading-wrapper\">\r\n            <h1            class=\"mh-heading mh-color-white mh-heading--bottom-separator   \"\r\n            style=\"font-weight:700;\">\r\n\t\t\tVilissa DA COSTA FERREIRA        <\/h1>\r\n\r\n\t\t            <div class=\"mh-subheading mh-color-white\"\r\n                 style=\"\">\r\n\t\t\t\tMarknadsf\u00f6ring och kommunikations-assistent            <\/div>\r\n\t\t    <\/div>\r\n\r\n\t<\/div>[vc_single_image image=&#8221;556707&#8243; img_size=&#8221;full&#8221; alignment=&#8221;center&#8221; style=&#8221;vc_box_rounded&#8221;][\/vc_column][\/vc_row][vc_row bg_type=&#8221;bg_color&#8221; bg_override=&#8221;ex-full&#8221; el_class=&#8221;team_desc&#8221; bg_color_value=&#8221;#f2f2f6&#8243;][vc_column width=&#8221;1\/2&#8243;][vc_column_text]<\/p>\n<h4>Vad gjorde du innan du b\u00f6rjade p\u00e5 Wretman?<\/h4>\n<p>Jag l\u00e4ste en BTS i kommunikation som en grundutbildning, sedan ville jag forts\u00e4tta mina studier genom att v\u00e4lja en kandidatexamen i kommunikationshantering p\u00e5 en sandwichkurs. Jag b\u00f6rjade p\u00e5 Wretman efter att ha svarat p\u00e5 en annons p\u00e5 Indeed. Idag \u00e4r jag mycket glad \u00f6ver att ha b\u00f6rjat p\u00e5 denna byr\u00e5 och \u00f6ver att ha tr\u00e4ffat ett s\u00e5 trevligt team.<\/p>\n<h4>Vad tycker du om att g\u00f6ra p\u00e5 din lediga dag?<\/h4>\n<p>Jag gillar att lyssna p\u00e5 musik, g\u00e5 ut med v\u00e4nner, rita och spela gitarr.<\/p>\n<h4>Vilken \u00e4r din favoritpromenad\/utflykt i regionen?<\/h4>\n<p>Jag \u00e4r f\u00f6dd i Nice, s\u00e5 n\u00e4r det g\u00e4ller att g\u00e5 ut i stan f\u00f6redrar jag Nice eftersom det \u00e4r d\u00e4r min familj och mina v\u00e4nner finns.[\/vc_column_text][\/vc_column][vc_column width=&#8221;1\/2&#8243;][vc_column_text]<\/p>\n<h4>Var \u00e4r din favoritplats f\u00f6r att g\u00e5 till stranden?<\/h4>\n<p>Jag har ingen favoritplats p\u00e5 stranden, men p\u00e5 sommaren \u00e5ker jag till Baie des Fourmis i Beaulieu-sur-Mer.<\/p>\n<h4>Om du var tvungen att v\u00e4lja en plats p\u00e5 C\u00f4te d&#8217;Azur, vilken skulle det vara?<\/h4>\n<p>Mont Boron p\u00e5 kv\u00e4llen i Nice, eftersom man kan se hela staden Nice, och det \u00e4r magnifikt.<\/p>\n<h4>Hur ser en perfekt s\u00f6ndag ut f\u00f6r dig?<\/h4>\n<p>F\u00f6r mig inneb\u00e4r en idealisk s\u00f6ndag att g\u00e5 ut med familj eller v\u00e4nner, delta i aktiviteter eller helt enkelt ta tid f\u00f6r sig sj\u00e4lv.[\/vc_column_text][\/vc_column][\/vc_row][vc_row][vc_column]    <div class=\"mh-grid\">\r\n\t\t    <\/div>\r\n\r\n[\/vc_column][\/vc_row]<\/p>\n<\/div>","protected":false},"excerpt":{"rendered":"<p>[vc_row full_width=&#8221;stretch_row_content_no_spaces&#8221; content_placement=&#8221;bottom&#8221; css=&#8221;.vc_custom_1580722970157{background-image: url(https:\/\/www.wretmanestate.com\/wp-content\/uploads\/2019\/11\/new-banner.jpg?id=3444) !important;background-position: center !important;background-repeat: no-repeat !important;background-size: cover !important;}&#8221; el_class=&#8221;bloc-title header_team medium&#8221;][vc_column][vc_single_image image=&#8221;556707&#8243; img_size=&#8221;full&#8221; alignment=&#8221;center&#8221; style=&#8221;vc_box_rounded&#8221;][\/vc_column][\/vc_row][vc_row bg_type=&#8221;bg_color&#8221; bg_override=&#8221;ex-full&#8221; el_class=&#8221;team_desc&#8221; bg_color_value=&#8221;#f2f2f6&#8243;][vc_column width=&#8221;1\/2&#8243;][vc_column_text] Vad gjorde du innan du b\u00f6rjade p\u00e5 Wretman? Jag l\u00e4ste en BTS i kommunikation som en grundutbildning, sedan ville jag forts\u00e4tta mina studier genom att v\u00e4lja en kandidatexamen i kommunikationshantering p\u00e5 [&hellip;]<\/p>\n","protected":false},"author":23,"featured_media":0,"parent":3927,"menu_order":0,"comment_status":"closed","ping_status":"closed","template":"page_full-width.php","meta":{"_acf_changed":false,"content-type":"","_monsterinsights_skip_tracking":false,"_monsterinsights_sitenote_active":false,"_monsterinsights_sitenote_note":"","_monsterinsights_sitenote_category":0,"footnotes":""},"class_list":["post-556702","page","type-page","status-publish","hentry"],"acf":[],"yoast_head":"<!-- This site is optimized with the Yoast SEO plugin v27.5 - https:\/\/yoast.com\/product\/yoast-seo-wordpress\/ -->\n<title>Marknadsf\u00f6ring- Vilissa DA COSTA FERREIRA - Wretman Estate<\/title>\n<meta name=\"description\" content=\"Wretman Estate har sju kontor l\u00e4ngs hela Rivieran. Tiffany jobbar som m\u00e4klarassistent i Cannes. Kontakta oss om du vill s\u00e4lja eller k\u00f6pa boende p\u00e5 Rivieran!\" \/>\n<meta name=\"robots\" content=\"index, follow, max-snippet:-1, max-image-preview:large, max-video-preview:-1\" \/>\n<link rel=\"canonical\" href=\"https:\/\/www.wretmanestate.com\/sv\/om-oss-maklare-franska-rivieran\/team\/vilissa-da-costa-ferreira\/\" \/>\n<meta property=\"og:locale\" content=\"sv_SE\" \/>\n<meta property=\"og:type\" content=\"article\" \/>\n<meta property=\"og:title\" content=\"Marknadsf\u00f6ring- Vilissa DA COSTA FERREIRA - Wretman Estate\" \/>\n<meta property=\"og:description\" content=\"Wretman Estate har sju kontor l\u00e4ngs hela Rivieran. Tiffany jobbar som m\u00e4klarassistent i Cannes. Kontakta oss om du vill s\u00e4lja eller k\u00f6pa boende p\u00e5 Rivieran!\" \/>\n<meta property=\"og:url\" content=\"https:\/\/www.wretmanestate.com\/sv\/om-oss-maklare-franska-rivieran\/team\/vilissa-da-costa-ferreira\/\" \/>\n<meta property=\"og:site_name\" content=\"Wretman Estate\" \/>\n<meta name=\"twitter:card\" content=\"summary_large_image\" \/>\n<meta name=\"twitter:label1\" content=\"Ber\u00e4knad l\u00e4stid\" \/>\n\t<meta name=\"twitter:data1\" content=\"2 minuter\" \/>\n<script type=\"application\/ld+json\" class=\"yoast-schema-graph\">{\"@context\":\"https:\\\/\\\/schema.org\",\"@graph\":[{\"@type\":\"WebPage\",\"@id\":\"https:\\\/\\\/www.wretmanestate.com\\\/sv\\\/om-oss-maklare-franska-rivieran\\\/team\\\/vilissa-da-costa-ferreira\\\/\",\"url\":\"https:\\\/\\\/www.wretmanestate.com\\\/sv\\\/om-oss-maklare-franska-rivieran\\\/team\\\/vilissa-da-costa-ferreira\\\/\",\"name\":\"Marknadsf\u00f6ring- Vilissa DA COSTA FERREIRA - Wretman Estate\",\"isPartOf\":{\"@id\":\"https:\\\/\\\/www.wretmanestate.com\\\/sv\\\/#website\"},\"datePublished\":\"2023-11-14T15:50:48+00:00\",\"description\":\"Wretman Estate har sju kontor l\u00e4ngs hela Rivieran. Tiffany jobbar som m\u00e4klarassistent i Cannes. Kontakta oss om du vill s\u00e4lja eller k\u00f6pa boende p\u00e5 Rivieran!\",\"breadcrumb\":{\"@id\":\"https:\\\/\\\/www.wretmanestate.com\\\/sv\\\/om-oss-maklare-franska-rivieran\\\/team\\\/vilissa-da-costa-ferreira\\\/#breadcrumb\"},\"inLanguage\":\"sv-SE\",\"potentialAction\":[{\"@type\":\"ReadAction\",\"target\":[\"https:\\\/\\\/www.wretmanestate.com\\\/sv\\\/om-oss-maklare-franska-rivieran\\\/team\\\/vilissa-da-costa-ferreira\\\/\"]}]},{\"@type\":\"BreadcrumbList\",\"@id\":\"https:\\\/\\\/www.wretmanestate.com\\\/sv\\\/om-oss-maklare-franska-rivieran\\\/team\\\/vilissa-da-costa-ferreira\\\/#breadcrumb\",\"itemListElement\":[{\"@type\":\"ListItem\",\"position\":1,\"name\":\"Accueil\",\"item\":\"https:\\\/\\\/www.wretmanestate.com\\\/sv\\\/\"},{\"@type\":\"ListItem\",\"position\":2,\"name\":\"Om oss\",\"item\":\"https:\\\/\\\/www.wretmanestate.com\\\/sv\\\/om-oss-maklare-franska-rivieran\\\/\"},{\"@type\":\"ListItem\",\"position\":3,\"name\":\"Team\",\"item\":\"https:\\\/\\\/www.wretmanestate.com\\\/sv\\\/om-oss-maklare-franska-rivieran\\\/team\\\/\"},{\"@type\":\"ListItem\",\"position\":4,\"name\":\"Vilissa DA COSTA FERREIRA\"}]},{\"@type\":\"WebSite\",\"@id\":\"https:\\\/\\\/www.wretmanestate.com\\\/sv\\\/#website\",\"url\":\"https:\\\/\\\/www.wretmanestate.com\\\/sv\\\/\",\"name\":\"Wretman Estate\",\"description\":\"Immobilier sur la C\u00f4te d&#039;Azur et la Provence\",\"publisher\":{\"@id\":\"https:\\\/\\\/www.wretmanestate.com\\\/sv\\\/#organization\"},\"potentialAction\":[{\"@type\":\"SearchAction\",\"target\":{\"@type\":\"EntryPoint\",\"urlTemplate\":\"https:\\\/\\\/www.wretmanestate.com\\\/sv\\\/?s={search_term_string}\"},\"query-input\":{\"@type\":\"PropertyValueSpecification\",\"valueRequired\":true,\"valueName\":\"search_term_string\"}}],\"inLanguage\":\"sv-SE\"},{\"@type\":\"Organization\",\"@id\":\"https:\\\/\\\/www.wretmanestate.com\\\/sv\\\/#organization\",\"name\":\"WRETMAN ESTATE\",\"url\":\"https:\\\/\\\/www.wretmanestate.com\\\/sv\\\/\",\"logo\":{\"@type\":\"ImageObject\",\"inLanguage\":\"sv-SE\",\"@id\":\"https:\\\/\\\/www.wretmanestate.com\\\/sv\\\/#\\\/schema\\\/logo\\\/image\\\/\",\"url\":\"\",\"contentUrl\":\"\",\"caption\":\"WRETMAN ESTATE\"},\"image\":{\"@id\":\"https:\\\/\\\/www.wretmanestate.com\\\/sv\\\/#\\\/schema\\\/logo\\\/image\\\/\"}}]}<\/script>\n<!-- \/ Yoast SEO plugin. -->","yoast_head_json":{"title":"Marknadsf\u00f6ring- Vilissa DA COSTA FERREIRA - Wretman Estate","description":"Wretman Estate har sju kontor l\u00e4ngs hela Rivieran. Tiffany jobbar som m\u00e4klarassistent i Cannes. Kontakta oss om du vill s\u00e4lja eller k\u00f6pa boende p\u00e5 Rivieran!","robots":{"index":"index","follow":"follow","max-snippet":"max-snippet:-1","max-image-preview":"max-image-preview:large","max-video-preview":"max-video-preview:-1"},"canonical":"https:\/\/www.wretmanestate.com\/sv\/om-oss-maklare-franska-rivieran\/team\/vilissa-da-costa-ferreira\/","og_locale":"sv_SE","og_type":"article","og_title":"Marknadsf\u00f6ring- Vilissa DA COSTA FERREIRA - Wretman Estate","og_description":"Wretman Estate har sju kontor l\u00e4ngs hela Rivieran. Tiffany jobbar som m\u00e4klarassistent i Cannes. Kontakta oss om du vill s\u00e4lja eller k\u00f6pa boende p\u00e5 Rivieran!","og_url":"https:\/\/www.wretmanestate.com\/sv\/om-oss-maklare-franska-rivieran\/team\/vilissa-da-costa-ferreira\/","og_site_name":"Wretman Estate","twitter_card":"summary_large_image","twitter_misc":{"Ber\u00e4knad l\u00e4stid":"2 minuter"},"schema":{"@context":"https:\/\/schema.org","@graph":[{"@type":"WebPage","@id":"https:\/\/www.wretmanestate.com\/sv\/om-oss-maklare-franska-rivieran\/team\/vilissa-da-costa-ferreira\/","url":"https:\/\/www.wretmanestate.com\/sv\/om-oss-maklare-franska-rivieran\/team\/vilissa-da-costa-ferreira\/","name":"Marknadsf\u00f6ring- Vilissa DA COSTA FERREIRA - Wretman Estate","isPartOf":{"@id":"https:\/\/www.wretmanestate.com\/sv\/#website"},"datePublished":"2023-11-14T15:50:48+00:00","description":"Wretman Estate har sju kontor l\u00e4ngs hela Rivieran. Tiffany jobbar som m\u00e4klarassistent i Cannes. Kontakta oss om du vill s\u00e4lja eller k\u00f6pa boende p\u00e5 Rivieran!","breadcrumb":{"@id":"https:\/\/www.wretmanestate.com\/sv\/om-oss-maklare-franska-rivieran\/team\/vilissa-da-costa-ferreira\/#breadcrumb"},"inLanguage":"sv-SE","potentialAction":[{"@type":"ReadAction","target":["https:\/\/www.wretmanestate.com\/sv\/om-oss-maklare-franska-rivieran\/team\/vilissa-da-costa-ferreira\/"]}]},{"@type":"BreadcrumbList","@id":"https:\/\/www.wretmanestate.com\/sv\/om-oss-maklare-franska-rivieran\/team\/vilissa-da-costa-ferreira\/#breadcrumb","itemListElement":[{"@type":"ListItem","position":1,"name":"Accueil","item":"https:\/\/www.wretmanestate.com\/sv\/"},{"@type":"ListItem","position":2,"name":"Om oss","item":"https:\/\/www.wretmanestate.com\/sv\/om-oss-maklare-franska-rivieran\/"},{"@type":"ListItem","position":3,"name":"Team","item":"https:\/\/www.wretmanestate.com\/sv\/om-oss-maklare-franska-rivieran\/team\/"},{"@type":"ListItem","position":4,"name":"Vilissa DA COSTA FERREIRA"}]},{"@type":"WebSite","@id":"https:\/\/www.wretmanestate.com\/sv\/#website","url":"https:\/\/www.wretmanestate.com\/sv\/","name":"Wretman Estate","description":"Immobilier sur la C\u00f4te d&#039;Azur et la Provence","publisher":{"@id":"https:\/\/www.wretmanestate.com\/sv\/#organization"},"potentialAction":[{"@type":"SearchAction","target":{"@type":"EntryPoint","urlTemplate":"https:\/\/www.wretmanestate.com\/sv\/?s={search_term_string}"},"query-input":{"@type":"PropertyValueSpecification","valueRequired":true,"valueName":"search_term_string"}}],"inLanguage":"sv-SE"},{"@type":"Organization","@id":"https:\/\/www.wretmanestate.com\/sv\/#organization","name":"WRETMAN ESTATE","url":"https:\/\/www.wretmanestate.com\/sv\/","logo":{"@type":"ImageObject","inLanguage":"sv-SE","@id":"https:\/\/www.wretmanestate.com\/sv\/#\/schema\/logo\/image\/","url":"","contentUrl":"","caption":"WRETMAN ESTATE"},"image":{"@id":"https:\/\/www.wretmanestate.com\/sv\/#\/schema\/logo\/image\/"}}]}},"_links":{"self":[{"href":"https:\/\/www.wretmanestate.com\/sv\/wp-json\/wp\/v2\/pages\/556702","targetHints":{"allow":["GET"]}}],"collection":[{"href":"https:\/\/www.wretmanestate.com\/sv\/wp-json\/wp\/v2\/pages"}],"about":[{"href":"https:\/\/www.wretmanestate.com\/sv\/wp-json\/wp\/v2\/types\/page"}],"author":[{"embeddable":true,"href":"https:\/\/www.wretmanestate.com\/sv\/wp-json\/wp\/v2\/users\/23"}],"replies":[{"embeddable":true,"href":"https:\/\/www.wretmanestate.com\/sv\/wp-json\/wp\/v2\/comments?post=556702"}],"version-history":[{"count":1,"href":"https:\/\/www.wretmanestate.com\/sv\/wp-json\/wp\/v2\/pages\/556702\/revisions"}],"predecessor-version":[{"id":556735,"href":"https:\/\/www.wretmanestate.com\/sv\/wp-json\/wp\/v2\/pages\/556702\/revisions\/556735"}],"up":[{"embeddable":true,"href":"https:\/\/www.wretmanestate.com\/sv\/wp-json\/wp\/v2\/pages\/3927"}],"wp:attachment":[{"href":"https:\/\/www.wretmanestate.com\/sv\/wp-json\/wp\/v2\/media?parent=556702"}],"curies":[{"name":"wp","href":"https:\/\/api.w.org\/{rel}","templated":true}]}}