{"id":559383,"date":"2023-11-29T17:11:40","date_gmt":"2023-11-29T16:11:40","guid":{"rendered":"https:\/\/www.wretmanestate.com\/?page_id=559383"},"modified":"2025-06-16T10:08:52","modified_gmt":"2025-06-16T08:08:52","slug":"paloma-constans","status":"publish","type":"page","link":"https:\/\/www.wretmanestate.com\/sv\/om-oss-maklare-franska-rivieran\/team\/paloma-constans\/","title":{"rendered":"Paloma CONSTANS"},"content":{"rendered":"<div class=\"wpb-content-wrapper\"><p>[vc_row full_width=&#8221;stretch_row_content_no_spaces&#8221; content_placement=&#8221;bottom&#8221; css=&#8221;.vc_custom_1580720336371{background-image: url(https:\/\/www.wretmanestate.com\/wp-content\/uploads\/2019\/11\/new-banner.jpg?id=3444) !important;background-position: center !important;background-repeat: no-repeat !important;background-size: cover !important;}&#8221; el_class=&#8221;bloc-title header_team medium&#8221;][vc_column]<div class=\" \">\r\n\t\r\n        <div class=\"mh-heading-wrapper\">\r\n            <h1            class=\"mh-heading mh-color-white mh-heading--bottom-separator   \"\r\n            style=\"font-weight:700;\">\r\n\t\t\tPaloma CONSTANS        <\/h1>\r\n\r\n\t\t            <div class=\"mh-subheading mh-color-white\"\r\n                 style=\"\">\r\n\t\t\t\tAssistant at our office in Cannes            <\/div>\r\n\t\t    <\/div>\r\n\r\n\t<\/div>[vc_single_image image=&#8221;691011&#8243; img_size=&#8221;full&#8221; alignment=&#8221;center&#8221; style=&#8221;vc_box_rounded&#8221; css=&#8221;&#8221;][\/vc_column][\/vc_row][vc_row bg_type=&#8221;bg_color&#8221; bg_override=&#8221;ex-full&#8221; el_class=&#8221;team_desc&#8221; bg_color_value=&#8221;#f2f2f6&#8243; el_id=&#8221;red_links&#8221;][vc_column width=&#8221;1\/2&#8243;][vc_column_text css=&#8221;&#8221;]<\/p>\n<h5><span style=\"color: #993300;\">Vilken \u00e4r din favoritpromenad i regionen?<\/span><\/h5>\n<p>Min favoritpromenad i regionen \u00e4r f\u00f6rmodligen Cap d&#8217;Antibes. Jag \u00e4lskar att promenera l\u00e4ngs kusten, n\u00e4ra havet. Det \u00e4r en fridfull plats, omgiven av naturen och Medelhavets magnifika landskap, perfekt f\u00f6r att ladda batterierna.<\/p>\n<h5><span style=\"color: #993300;\">Om du fick v\u00e4lja en plats p\u00e5 Cote d&#8217;Azur, vilken skulle det vara?<\/span><\/h5>\n<p>Om jag var tvungen att v\u00e4lja en plats p\u00e5 C\u00f4te d&#8217;Azur skulle jag v\u00e4lja Antibes, d\u00e4r jag befinner mig just nu. Det \u00e4r en idealisk stad med sin unika charm, magnifika str\u00e4nder och trevliga atmosf\u00e4r.<\/p>\n<h5><span style=\"color: #993300;\">Hur ser en idealisk s\u00f6ndag ut f\u00f6r dig?<\/span><\/h5>\n<p>En idealisk s\u00f6ndag f\u00f6r mig skulle vara att inte g\u00e5 upp f\u00f6r tidigt, men inte heller f\u00f6r sent, f\u00f6r att f\u00e5 ut det mesta av dagen. Jag gillar att b\u00f6rja med en brunch och sedan g\u00e5 runt i stan och shoppa lite. P\u00e5 eftermiddagen tillbringar jag tid med min familj, vilket g\u00f6r dagen \u00e4nnu mer njutbar.[\/vc_column_text][\/vc_column][vc_column width=&#8221;1\/2&#8243;][vc_column_text css=&#8221;&#8221;]<\/p>\n<h5><span style=\"color: #993300;\">Vad tycker du om att g\u00f6ra p\u00e5 din lediga dag?<\/span><\/h5>\n<p>P\u00e5 en ledig dag gillar jag verkligen att koppla av och ta lite tid f\u00f6r mig sj\u00e4lv. Jag anv\u00e4nder ofta dagen till att tr\u00e4ffa min familj och g\u00f6ra saker som jag inte hinner med under veckan, som att vila, g\u00e5 till fris\u00f6ren eller f\u00e5 en ansiktsbehandling.<\/p>\n<h5><span style=\"color: #993300;\">Vad gjorde du innan du b\u00f6rjade p\u00e5 Wretman?<\/span><\/h5>\n<p>Innan jag b\u00f6rjade p\u00e5 Wretman gick jag en varvad yrkesutbildning inom fastighetsm\u00e4kleri p\u00e5 en annan fastighetsbyr\u00e5. Under mina tv\u00e5 \u00e5rs arbetslivserfarenhet fick jag m\u00f6jlighet att g\u00f6ra mycket f\u00e4ltarbete, vilket gjorde det m\u00f6jligt f\u00f6r mig att l\u00e4ra mig p\u00e5 djupet om arbetet som en f\u00f6rs\u00e4ljare.<\/p>\n<h5><span style=\"color: #993300;\">Vilken \u00e4r enligt min mening den b\u00e4sta personliga egenskapen f\u00f6r att bli en bra m\u00e4klare?<\/span><\/h5>\n<p>F\u00f6r mig \u00e4r den b\u00e4sta personliga egenskapen f\u00f6r att bli en bra s\u00e4ljare empati. Eftersom det h\u00e4r \u00e4r ett mycket relationellt yrke \u00e4r det viktigt att kunna s\u00e4tta sig in i kundens situation och f\u00f6rst\u00e5 deras behov och f\u00f6rv\u00e4ntningar. Aktivt lyssnande hj\u00e4lper dig att b\u00e4ttre f\u00f6rst\u00e5 deras motiv, men ocks\u00e5 att bygga upp en f\u00f6rtroendefull relation.[\/vc_column_text][\/vc_column][\/vc_row][vc_row][vc_column]    <div class=\"mh-grid\">\r\n\t\t    <\/div>\r\n\r\n[\/vc_column][\/vc_row]<\/p>\n<\/div>","protected":false},"excerpt":{"rendered":"<p>[vc_row full_width=&#8221;stretch_row_content_no_spaces&#8221; content_placement=&#8221;bottom&#8221; css=&#8221;.vc_custom_1580720336371{background-image: url(https:\/\/www.wretmanestate.com\/wp-content\/uploads\/2019\/11\/new-banner.jpg?id=3444) !important;background-position: center !important;background-repeat: no-repeat !important;background-size: cover !important;}&#8221; el_class=&#8221;bloc-title header_team medium&#8221;][vc_column][vc_single_image image=&#8221;691011&#8243; img_size=&#8221;full&#8221; alignment=&#8221;center&#8221; style=&#8221;vc_box_rounded&#8221; css=&#8221;&#8221;][\/vc_column][\/vc_row][vc_row bg_type=&#8221;bg_color&#8221; bg_override=&#8221;ex-full&#8221; el_class=&#8221;team_desc&#8221; bg_color_value=&#8221;#f2f2f6&#8243; el_id=&#8221;red_links&#8221;][vc_column width=&#8221;1\/2&#8243;][vc_column_text css=&#8221;&#8221;] Vilken \u00e4r din favoritpromenad i regionen? Min favoritpromenad i regionen \u00e4r f\u00f6rmodligen Cap d&#8217;Antibes. Jag \u00e4lskar att promenera l\u00e4ngs kusten, n\u00e4ra havet. Det \u00e4r en fridfull plats, omgiven [&hellip;]<\/p>\n","protected":false},"author":79,"featured_media":0,"parent":3927,"menu_order":0,"comment_status":"closed","ping_status":"closed","template":"page_full-width.php","meta":{"_acf_changed":false,"content-type":"","_monsterinsights_skip_tracking":false,"_monsterinsights_sitenote_active":false,"_monsterinsights_sitenote_note":"","_monsterinsights_sitenote_category":0,"footnotes":""},"class_list":["post-559383","page","type-page","status-publish","hentry"],"acf":[],"yoast_head":"<!-- This site is optimized with the Yoast SEO plugin v27.5 - https:\/\/yoast.com\/product\/yoast-seo-wordpress\/ -->\n<title>M\u00e4klare i Cannes - Paloma CONSTANS - Wretman Estate<\/title>\n<meta name=\"description\" content=\"Paloma \u00e4r assistent p\u00e5 Wretman Estate Cannes-kontor. Vi \u00e4r den st\u00f6rsta skandinaviska fastighetsbyr\u00e5n p\u00e5 Franska Rivieran. Kontakta oss idag\" \/>\n<meta name=\"robots\" content=\"index, follow, max-snippet:-1, max-image-preview:large, max-video-preview:-1\" \/>\n<link rel=\"canonical\" href=\"https:\/\/www.wretmanestate.com\/sv\/om-oss-maklare-franska-rivieran\/team\/paloma-constans\/\" \/>\n<meta property=\"og:locale\" content=\"sv_SE\" \/>\n<meta property=\"og:type\" content=\"article\" \/>\n<meta property=\"og:title\" content=\"M\u00e4klare i Cannes - Paloma CONSTANS - Wretman Estate\" \/>\n<meta property=\"og:description\" content=\"Paloma \u00e4r assistent p\u00e5 Wretman Estate Cannes-kontor. Vi \u00e4r den st\u00f6rsta skandinaviska fastighetsbyr\u00e5n p\u00e5 Franska Rivieran. Kontakta oss idag\" \/>\n<meta property=\"og:url\" content=\"https:\/\/www.wretmanestate.com\/sv\/om-oss-maklare-franska-rivieran\/team\/paloma-constans\/\" \/>\n<meta property=\"og:site_name\" content=\"Wretman Estate\" \/>\n<meta property=\"article:modified_time\" content=\"2025-06-16T08:08:52+00:00\" \/>\n<meta name=\"twitter:card\" content=\"summary_large_image\" \/>\n<meta name=\"twitter:label1\" content=\"Ber\u00e4knad l\u00e4stid\" \/>\n\t<meta name=\"twitter:data1\" content=\"3 minuter\" \/>\n<script type=\"application\/ld+json\" class=\"yoast-schema-graph\">{\"@context\":\"https:\\\/\\\/schema.org\",\"@graph\":[{\"@type\":\"WebPage\",\"@id\":\"https:\\\/\\\/www.wretmanestate.com\\\/sv\\\/om-oss-maklare-franska-rivieran\\\/team\\\/paloma-constans\\\/\",\"url\":\"https:\\\/\\\/www.wretmanestate.com\\\/sv\\\/om-oss-maklare-franska-rivieran\\\/team\\\/paloma-constans\\\/\",\"name\":\"M\u00e4klare i Cannes - Paloma CONSTANS - Wretman Estate\",\"isPartOf\":{\"@id\":\"https:\\\/\\\/www.wretmanestate.com\\\/sv\\\/#website\"},\"datePublished\":\"2023-11-29T16:11:40+00:00\",\"dateModified\":\"2025-06-16T08:08:52+00:00\",\"description\":\"Paloma \u00e4r assistent p\u00e5 Wretman Estate Cannes-kontor. Vi \u00e4r den st\u00f6rsta skandinaviska fastighetsbyr\u00e5n p\u00e5 Franska Rivieran. Kontakta oss idag\",\"breadcrumb\":{\"@id\":\"https:\\\/\\\/www.wretmanestate.com\\\/sv\\\/om-oss-maklare-franska-rivieran\\\/team\\\/paloma-constans\\\/#breadcrumb\"},\"inLanguage\":\"sv-SE\",\"potentialAction\":[{\"@type\":\"ReadAction\",\"target\":[\"https:\\\/\\\/www.wretmanestate.com\\\/sv\\\/om-oss-maklare-franska-rivieran\\\/team\\\/paloma-constans\\\/\"]}]},{\"@type\":\"BreadcrumbList\",\"@id\":\"https:\\\/\\\/www.wretmanestate.com\\\/sv\\\/om-oss-maklare-franska-rivieran\\\/team\\\/paloma-constans\\\/#breadcrumb\",\"itemListElement\":[{\"@type\":\"ListItem\",\"position\":1,\"name\":\"Accueil\",\"item\":\"https:\\\/\\\/www.wretmanestate.com\\\/sv\\\/\"},{\"@type\":\"ListItem\",\"position\":2,\"name\":\"Om oss\",\"item\":\"https:\\\/\\\/www.wretmanestate.com\\\/sv\\\/om-oss-maklare-franska-rivieran\\\/\"},{\"@type\":\"ListItem\",\"position\":3,\"name\":\"Team\",\"item\":\"https:\\\/\\\/www.wretmanestate.com\\\/sv\\\/om-oss-maklare-franska-rivieran\\\/team\\\/\"},{\"@type\":\"ListItem\",\"position\":4,\"name\":\"Paloma CONSTANS\"}]},{\"@type\":\"WebSite\",\"@id\":\"https:\\\/\\\/www.wretmanestate.com\\\/sv\\\/#website\",\"url\":\"https:\\\/\\\/www.wretmanestate.com\\\/sv\\\/\",\"name\":\"Wretman Estate\",\"description\":\"Immobilier sur la C\u00f4te d&#039;Azur et la Provence\",\"publisher\":{\"@id\":\"https:\\\/\\\/www.wretmanestate.com\\\/sv\\\/#organization\"},\"potentialAction\":[{\"@type\":\"SearchAction\",\"target\":{\"@type\":\"EntryPoint\",\"urlTemplate\":\"https:\\\/\\\/www.wretmanestate.com\\\/sv\\\/?s={search_term_string}\"},\"query-input\":{\"@type\":\"PropertyValueSpecification\",\"valueRequired\":true,\"valueName\":\"search_term_string\"}}],\"inLanguage\":\"sv-SE\"},{\"@type\":\"Organization\",\"@id\":\"https:\\\/\\\/www.wretmanestate.com\\\/sv\\\/#organization\",\"name\":\"WRETMAN ESTATE\",\"url\":\"https:\\\/\\\/www.wretmanestate.com\\\/sv\\\/\",\"logo\":{\"@type\":\"ImageObject\",\"inLanguage\":\"sv-SE\",\"@id\":\"https:\\\/\\\/www.wretmanestate.com\\\/sv\\\/#\\\/schema\\\/logo\\\/image\\\/\",\"url\":\"\",\"contentUrl\":\"\",\"caption\":\"WRETMAN ESTATE\"},\"image\":{\"@id\":\"https:\\\/\\\/www.wretmanestate.com\\\/sv\\\/#\\\/schema\\\/logo\\\/image\\\/\"}}]}<\/script>\n<!-- \/ Yoast SEO plugin. -->","yoast_head_json":{"title":"M\u00e4klare i Cannes - Paloma CONSTANS - Wretman Estate","description":"Paloma \u00e4r assistent p\u00e5 Wretman Estate Cannes-kontor. Vi \u00e4r den st\u00f6rsta skandinaviska fastighetsbyr\u00e5n p\u00e5 Franska Rivieran. Kontakta oss idag","robots":{"index":"index","follow":"follow","max-snippet":"max-snippet:-1","max-image-preview":"max-image-preview:large","max-video-preview":"max-video-preview:-1"},"canonical":"https:\/\/www.wretmanestate.com\/sv\/om-oss-maklare-franska-rivieran\/team\/paloma-constans\/","og_locale":"sv_SE","og_type":"article","og_title":"M\u00e4klare i Cannes - Paloma CONSTANS - Wretman Estate","og_description":"Paloma \u00e4r assistent p\u00e5 Wretman Estate Cannes-kontor. Vi \u00e4r den st\u00f6rsta skandinaviska fastighetsbyr\u00e5n p\u00e5 Franska Rivieran. Kontakta oss idag","og_url":"https:\/\/www.wretmanestate.com\/sv\/om-oss-maklare-franska-rivieran\/team\/paloma-constans\/","og_site_name":"Wretman Estate","article_modified_time":"2025-06-16T08:08:52+00:00","twitter_card":"summary_large_image","twitter_misc":{"Ber\u00e4knad l\u00e4stid":"3 minuter"},"schema":{"@context":"https:\/\/schema.org","@graph":[{"@type":"WebPage","@id":"https:\/\/www.wretmanestate.com\/sv\/om-oss-maklare-franska-rivieran\/team\/paloma-constans\/","url":"https:\/\/www.wretmanestate.com\/sv\/om-oss-maklare-franska-rivieran\/team\/paloma-constans\/","name":"M\u00e4klare i Cannes - Paloma CONSTANS - Wretman Estate","isPartOf":{"@id":"https:\/\/www.wretmanestate.com\/sv\/#website"},"datePublished":"2023-11-29T16:11:40+00:00","dateModified":"2025-06-16T08:08:52+00:00","description":"Paloma \u00e4r assistent p\u00e5 Wretman Estate Cannes-kontor. Vi \u00e4r den st\u00f6rsta skandinaviska fastighetsbyr\u00e5n p\u00e5 Franska Rivieran. Kontakta oss idag","breadcrumb":{"@id":"https:\/\/www.wretmanestate.com\/sv\/om-oss-maklare-franska-rivieran\/team\/paloma-constans\/#breadcrumb"},"inLanguage":"sv-SE","potentialAction":[{"@type":"ReadAction","target":["https:\/\/www.wretmanestate.com\/sv\/om-oss-maklare-franska-rivieran\/team\/paloma-constans\/"]}]},{"@type":"BreadcrumbList","@id":"https:\/\/www.wretmanestate.com\/sv\/om-oss-maklare-franska-rivieran\/team\/paloma-constans\/#breadcrumb","itemListElement":[{"@type":"ListItem","position":1,"name":"Accueil","item":"https:\/\/www.wretmanestate.com\/sv\/"},{"@type":"ListItem","position":2,"name":"Om oss","item":"https:\/\/www.wretmanestate.com\/sv\/om-oss-maklare-franska-rivieran\/"},{"@type":"ListItem","position":3,"name":"Team","item":"https:\/\/www.wretmanestate.com\/sv\/om-oss-maklare-franska-rivieran\/team\/"},{"@type":"ListItem","position":4,"name":"Paloma CONSTANS"}]},{"@type":"WebSite","@id":"https:\/\/www.wretmanestate.com\/sv\/#website","url":"https:\/\/www.wretmanestate.com\/sv\/","name":"Wretman Estate","description":"Immobilier sur la C\u00f4te d&#039;Azur et la Provence","publisher":{"@id":"https:\/\/www.wretmanestate.com\/sv\/#organization"},"potentialAction":[{"@type":"SearchAction","target":{"@type":"EntryPoint","urlTemplate":"https:\/\/www.wretmanestate.com\/sv\/?s={search_term_string}"},"query-input":{"@type":"PropertyValueSpecification","valueRequired":true,"valueName":"search_term_string"}}],"inLanguage":"sv-SE"},{"@type":"Organization","@id":"https:\/\/www.wretmanestate.com\/sv\/#organization","name":"WRETMAN ESTATE","url":"https:\/\/www.wretmanestate.com\/sv\/","logo":{"@type":"ImageObject","inLanguage":"sv-SE","@id":"https:\/\/www.wretmanestate.com\/sv\/#\/schema\/logo\/image\/","url":"","contentUrl":"","caption":"WRETMAN ESTATE"},"image":{"@id":"https:\/\/www.wretmanestate.com\/sv\/#\/schema\/logo\/image\/"}}]}},"_links":{"self":[{"href":"https:\/\/www.wretmanestate.com\/sv\/wp-json\/wp\/v2\/pages\/559383","targetHints":{"allow":["GET"]}}],"collection":[{"href":"https:\/\/www.wretmanestate.com\/sv\/wp-json\/wp\/v2\/pages"}],"about":[{"href":"https:\/\/www.wretmanestate.com\/sv\/wp-json\/wp\/v2\/types\/page"}],"author":[{"embeddable":true,"href":"https:\/\/www.wretmanestate.com\/sv\/wp-json\/wp\/v2\/users\/79"}],"replies":[{"embeddable":true,"href":"https:\/\/www.wretmanestate.com\/sv\/wp-json\/wp\/v2\/comments?post=559383"}],"version-history":[{"count":9,"href":"https:\/\/www.wretmanestate.com\/sv\/wp-json\/wp\/v2\/pages\/559383\/revisions"}],"predecessor-version":[{"id":826185,"href":"https:\/\/www.wretmanestate.com\/sv\/wp-json\/wp\/v2\/pages\/559383\/revisions\/826185"}],"up":[{"embeddable":true,"href":"https:\/\/www.wretmanestate.com\/sv\/wp-json\/wp\/v2\/pages\/3927"}],"wp:attachment":[{"href":"https:\/\/www.wretmanestate.com\/sv\/wp-json\/wp\/v2\/media?parent=559383"}],"curies":[{"name":"wp","href":"https:\/\/api.w.org\/{rel}","templated":true}]}}