{"id":559410,"date":"2023-11-28T16:05:03","date_gmt":"2023-11-28T15:05:03","guid":{"rendered":"https:\/\/www.wretmanestate.com\/?page_id=559410"},"modified":"2023-11-29T17:13:09","modified_gmt":"2023-11-29T16:13:09","slug":"emelie-wikander","status":"publish","type":"page","link":"https:\/\/www.wretmanestate.com\/sv\/om-oss-maklare-franska-rivieran\/team\/emelie-wikander\/","title":{"rendered":"Emelie WIKANDER"},"content":{"rendered":"<div class=\"wpb-content-wrapper\"><p>[vc_row full_width=&#8221;stretch_row_content_no_spaces&#8221; content_placement=&#8221;bottom&#8221; css=&#8221;.vc_custom_1580720336371{background-image: url(https:\/\/www.wretmanestate.com\/wp-content\/uploads\/2019\/11\/new-banner.jpg?id=3444) !important;background-position: center !important;background-repeat: no-repeat !important;background-size: cover !important;}&#8221; el_class=&#8221;bloc-title header_team medium&#8221;][vc_column]<div class=\" \">\r\n\t\r\n        <div class=\"mh-heading-wrapper\">\r\n            <h1            class=\"mh-heading mh-color-white mh-heading--bottom-separator   \"\r\n            style=\"font-weight:700;\">\r\n\t\t\tEmelie WIKANDER        <\/h1>\r\n\r\n\t\t            <div class=\"mh-subheading mh-color-white\"\r\n                 style=\"\">\r\n\t\t\t\tAssistant \u00e0 l&#039;agence de Nice            <\/div>\r\n\t\t    <\/div>\r\n\r\n\t<\/div>[vc_single_image img_size=&#8221;full&#8221; alignment=&#8221;center&#8221; style=&#8221;vc_box_rounded&#8221;][\/vc_column][\/vc_row][vc_row bg_type=&#8221;bg_color&#8221; bg_override=&#8221;ex-full&#8221; el_class=&#8221;team_desc&#8221; bg_color_value=&#8221;#f2f2f6&#8243; el_id=&#8221;red_links&#8221;][vc_column width=&#8221;1\/2&#8243;][vc_column_text]<\/p>\n<h5 style=\"text-align: left;\"><strong>Quelle est ta balade\/sortie pr\u00e9f\u00e9r\u00e9e dans la r\u00e9gion ?<\/strong><\/h5>\n<p style=\"text-align: left;\">J\u2019ai beaucoup d\u2019excursions pr\u00e9f\u00e9r\u00e9es dans la r\u00e9gion, et j\u2019adore admirer de magnifiques vues. J\u2019aime beaucoup visiter les villages d\u2019\u00c8ze et de Saint-Paul- De-Vence. Je trouve aussi tr\u00e8s agr\u00e9able de d\u00e9couvrir d\u2019autres villes ou village le temps d\u2019une journ\u00e9e, en voiture ou \u00e0 v\u00e9lo !<\/p>\n<h5 style=\"text-align: left;\"><strong>Quel est ton endroit pr\u00e9f\u00e9r\u00e9 pour aller \u00e0 la plage ?<\/strong><\/h5>\n<p style=\"text-align: left;\">J\u2019adore la plage de Ville-Franche-Sur-Mer. Il y a une vue incroyable de la vieille ville de Ville-Franche-Sur-Mer et les montagnes. J\u2019adore le d\u00e9cor : les fleurs color\u00e9es, la mer bleue azur et les bateaux. Mais il y a aussi de nombreux autres\u00a0 endroits, comme Saint-Jean-Cap-Ferrat, Beaulieu-Sur-Mer et \u00c8ze-Bord-de-Mer.<\/p>\n<h5 style=\"text-align: left;\"><strong>Si tu devais choisir un endroit sur la c\u00f4te d \u0301Azur, ce serait<\/strong><br \/>\n<strong>lequel ?<\/strong><\/h5>\n<p style=\"text-align: left;\">C\u2019est tr\u00e8s difficile de choisir un seul endroit sur la Riviera, mais je dirais Nice,<br \/>\nparce que c\u2019est une jolie ville, vivante et charmante. Il y a beaucoup de bons<br \/>\nrestaurants, de caf\u00e9s, de boutiques et de mus\u00e9es. Il se passe beaucoup de<br \/>\nchoses \u00e0 Nice, et il y a toujours une activit\u00e9 sympathique \u00e0 faire. J\u2019appr\u00e9cie<br \/>\n\u00e9galement Cannes et Antibes, qui sont plus petites, mais tout aussi agr\u00e9ables.<\/p>\n<p>[\/vc_column_text][\/vc_column][vc_column width=&#8221;1\/2&#8243;][vc_column_text]<\/p>\n<h5><strong>Comment se d\u00e9roule un dimanche id\u00e9al pour toi ?<\/strong><\/h5>\n<p style=\"text-align: left;\">Durant mon dimanche id\u00e9al, je me r\u00e9veillerais et partirais faire un jogging ou du v\u00e9lo. L\u2019apr\u00e8s-midi, je ferais une promenade et je prendrais un caf\u00e9 avec un ami, ou bien je m\u2019installerais lire un livre sur la plage. Le soir, j\u2019irais voir mes amis ou ma famille pour manger.<\/p>\n<h5><strong>Qu\u2019est-ce que tu aimes faire un jour de cong\u00e9 ?<\/strong><\/h5>\n<p>Pendant un jour de cong\u00e9, j\u2019aime passer du temps avec mes amis et ma famille,<br \/>\njouer au tennis et d\u00e9couvrir de nouveaux endroits.<\/p>\n<h5><strong>Quel est selon toi le meilleur atout\/trait de personnalit\u00e9 pour \u00eatre un bon agent immobilier ?<\/strong><\/h5>\n<p>Selon-moi, un bon agent immobilier est authentique, sympathique et<br \/>\nprofessionnel. En plus, je pense que c\u2019est important de comprendre et de se<br \/>\nconnecter aves des gens.[\/vc_column_text][\/vc_column][\/vc_row][vc_row][vc_column]    <div class=\"mh-grid\">\r\n\t\t    <\/div>\r\n\r\n[\/vc_column][\/vc_row]<\/p>\n<\/div>","protected":false},"excerpt":{"rendered":"<p>[vc_row full_width=&#8221;stretch_row_content_no_spaces&#8221; content_placement=&#8221;bottom&#8221; css=&#8221;.vc_custom_1580720336371{background-image: url(https:\/\/www.wretmanestate.com\/wp-content\/uploads\/2019\/11\/new-banner.jpg?id=3444) !important;background-position: center !important;background-repeat: no-repeat !important;background-size: cover !important;}&#8221; el_class=&#8221;bloc-title header_team medium&#8221;][vc_column][vc_single_image img_size=&#8221;full&#8221; alignment=&#8221;center&#8221; style=&#8221;vc_box_rounded&#8221;][\/vc_column][\/vc_row][vc_row bg_type=&#8221;bg_color&#8221; bg_override=&#8221;ex-full&#8221; el_class=&#8221;team_desc&#8221; bg_color_value=&#8221;#f2f2f6&#8243; el_id=&#8221;red_links&#8221;][vc_column width=&#8221;1\/2&#8243;][vc_column_text] Quelle est ta balade\/sortie pr\u00e9f\u00e9r\u00e9e dans la r\u00e9gion ? J\u2019ai beaucoup d\u2019excursions pr\u00e9f\u00e9r\u00e9es dans la r\u00e9gion, et j\u2019adore admirer de magnifiques vues. J\u2019aime beaucoup visiter les villages d\u2019\u00c8ze et de Saint-Paul- [&hellip;]<\/p>\n","protected":false},"author":79,"featured_media":0,"parent":3927,"menu_order":0,"comment_status":"closed","ping_status":"closed","template":"page_full-width.php","meta":{"_acf_changed":false,"content-type":"","_monsterinsights_skip_tracking":false,"_monsterinsights_sitenote_active":false,"_monsterinsights_sitenote_note":"","_monsterinsights_sitenote_category":0,"footnotes":""},"class_list":["post-559410","page","type-page","status-publish","hentry"],"acf":[],"yoast_head":"<!-- This site is optimized with the Yoast SEO plugin v27.4 - https:\/\/yoast.com\/product\/yoast-seo-wordpress\/ -->\n<title>Assistant \u00e0 Nice - Emelie WIKANDER - Wretman Estate<\/title>\n<meta name=\"description\" content=\"Nous sommes la plus grande agence immobili\u00e8re scandinave de la C\u00f4te d&#039;Azur. Contactez-nous d\u00e8s aujourd&#039;hui !\" \/>\n<meta name=\"robots\" content=\"index, follow, max-snippet:-1, max-image-preview:large, max-video-preview:-1\" \/>\n<link rel=\"canonical\" href=\"https:\/\/www.wretmanestate.com\/sv\/om-oss-maklare-franska-rivieran\/team\/emelie-wikander\/\" \/>\n<meta property=\"og:locale\" content=\"sv_SE\" \/>\n<meta property=\"og:type\" content=\"article\" \/>\n<meta property=\"og:title\" content=\"Assistant \u00e0 Nice - Emelie WIKANDER - Wretman Estate\" \/>\n<meta property=\"og:description\" content=\"Nous sommes la plus grande agence immobili\u00e8re scandinave de la C\u00f4te d&#039;Azur. Contactez-nous d\u00e8s aujourd&#039;hui !\" \/>\n<meta property=\"og:url\" content=\"https:\/\/www.wretmanestate.com\/sv\/om-oss-maklare-franska-rivieran\/team\/emelie-wikander\/\" \/>\n<meta property=\"og:site_name\" content=\"Wretman Estate\" \/>\n<meta property=\"article:modified_time\" content=\"2023-11-29T16:13:09+00:00\" \/>\n<meta name=\"twitter:card\" content=\"summary_large_image\" \/>\n<meta name=\"twitter:label1\" content=\"Ber\u00e4knad l\u00e4stid\" \/>\n\t<meta name=\"twitter:data1\" content=\"2 minuter\" \/>\n<script type=\"application\/ld+json\" class=\"yoast-schema-graph\">{\"@context\":\"https:\\\/\\\/schema.org\",\"@graph\":[{\"@type\":\"WebPage\",\"@id\":\"https:\\\/\\\/www.wretmanestate.com\\\/sv\\\/om-oss-maklare-franska-rivieran\\\/team\\\/emelie-wikander\\\/\",\"url\":\"https:\\\/\\\/www.wretmanestate.com\\\/sv\\\/om-oss-maklare-franska-rivieran\\\/team\\\/emelie-wikander\\\/\",\"name\":\"Assistant \u00e0 Nice - Emelie WIKANDER - Wretman Estate\",\"isPartOf\":{\"@id\":\"https:\\\/\\\/www.wretmanestate.com\\\/sv\\\/#website\"},\"datePublished\":\"2023-11-28T15:05:03+00:00\",\"dateModified\":\"2023-11-29T16:13:09+00:00\",\"description\":\"Nous sommes la plus grande agence immobili\u00e8re scandinave de la C\u00f4te d'Azur. Contactez-nous d\u00e8s aujourd'hui !\",\"breadcrumb\":{\"@id\":\"https:\\\/\\\/www.wretmanestate.com\\\/sv\\\/om-oss-maklare-franska-rivieran\\\/team\\\/emelie-wikander\\\/#breadcrumb\"},\"inLanguage\":\"sv-SE\",\"potentialAction\":[{\"@type\":\"ReadAction\",\"target\":[\"https:\\\/\\\/www.wretmanestate.com\\\/sv\\\/om-oss-maklare-franska-rivieran\\\/team\\\/emelie-wikander\\\/\"]}]},{\"@type\":\"BreadcrumbList\",\"@id\":\"https:\\\/\\\/www.wretmanestate.com\\\/sv\\\/om-oss-maklare-franska-rivieran\\\/team\\\/emelie-wikander\\\/#breadcrumb\",\"itemListElement\":[{\"@type\":\"ListItem\",\"position\":1,\"name\":\"Accueil\",\"item\":\"https:\\\/\\\/www.wretmanestate.com\\\/sv\\\/\"},{\"@type\":\"ListItem\",\"position\":2,\"name\":\"Om oss\",\"item\":\"https:\\\/\\\/www.wretmanestate.com\\\/sv\\\/om-oss-maklare-franska-rivieran\\\/\"},{\"@type\":\"ListItem\",\"position\":3,\"name\":\"Team\",\"item\":\"https:\\\/\\\/www.wretmanestate.com\\\/sv\\\/om-oss-maklare-franska-rivieran\\\/team\\\/\"},{\"@type\":\"ListItem\",\"position\":4,\"name\":\"Emelie WIKANDER\"}]},{\"@type\":\"WebSite\",\"@id\":\"https:\\\/\\\/www.wretmanestate.com\\\/sv\\\/#website\",\"url\":\"https:\\\/\\\/www.wretmanestate.com\\\/sv\\\/\",\"name\":\"Wretman Estate\",\"description\":\"Immobilier sur la C\u00f4te d&#039;Azur et la Provence\",\"publisher\":{\"@id\":\"https:\\\/\\\/www.wretmanestate.com\\\/sv\\\/#organization\"},\"potentialAction\":[{\"@type\":\"SearchAction\",\"target\":{\"@type\":\"EntryPoint\",\"urlTemplate\":\"https:\\\/\\\/www.wretmanestate.com\\\/sv\\\/?s={search_term_string}\"},\"query-input\":{\"@type\":\"PropertyValueSpecification\",\"valueRequired\":true,\"valueName\":\"search_term_string\"}}],\"inLanguage\":\"sv-SE\"},{\"@type\":\"Organization\",\"@id\":\"https:\\\/\\\/www.wretmanestate.com\\\/sv\\\/#organization\",\"name\":\"WRETMAN ESTATE\",\"url\":\"https:\\\/\\\/www.wretmanestate.com\\\/sv\\\/\",\"logo\":{\"@type\":\"ImageObject\",\"inLanguage\":\"sv-SE\",\"@id\":\"https:\\\/\\\/www.wretmanestate.com\\\/sv\\\/#\\\/schema\\\/logo\\\/image\\\/\",\"url\":\"\",\"contentUrl\":\"\",\"caption\":\"WRETMAN ESTATE\"},\"image\":{\"@id\":\"https:\\\/\\\/www.wretmanestate.com\\\/sv\\\/#\\\/schema\\\/logo\\\/image\\\/\"}}]}<\/script>\n<!-- \/ Yoast SEO plugin. -->","yoast_head_json":{"title":"Assistant \u00e0 Nice - Emelie WIKANDER - Wretman Estate","description":"Nous sommes la plus grande agence immobili\u00e8re scandinave de la C\u00f4te d'Azur. Contactez-nous d\u00e8s aujourd'hui !","robots":{"index":"index","follow":"follow","max-snippet":"max-snippet:-1","max-image-preview":"max-image-preview:large","max-video-preview":"max-video-preview:-1"},"canonical":"https:\/\/www.wretmanestate.com\/sv\/om-oss-maklare-franska-rivieran\/team\/emelie-wikander\/","og_locale":"sv_SE","og_type":"article","og_title":"Assistant \u00e0 Nice - Emelie WIKANDER - Wretman Estate","og_description":"Nous sommes la plus grande agence immobili\u00e8re scandinave de la C\u00f4te d'Azur. Contactez-nous d\u00e8s aujourd'hui !","og_url":"https:\/\/www.wretmanestate.com\/sv\/om-oss-maklare-franska-rivieran\/team\/emelie-wikander\/","og_site_name":"Wretman Estate","article_modified_time":"2023-11-29T16:13:09+00:00","twitter_card":"summary_large_image","twitter_misc":{"Ber\u00e4knad l\u00e4stid":"2 minuter"},"schema":{"@context":"https:\/\/schema.org","@graph":[{"@type":"WebPage","@id":"https:\/\/www.wretmanestate.com\/sv\/om-oss-maklare-franska-rivieran\/team\/emelie-wikander\/","url":"https:\/\/www.wretmanestate.com\/sv\/om-oss-maklare-franska-rivieran\/team\/emelie-wikander\/","name":"Assistant \u00e0 Nice - Emelie WIKANDER - Wretman Estate","isPartOf":{"@id":"https:\/\/www.wretmanestate.com\/sv\/#website"},"datePublished":"2023-11-28T15:05:03+00:00","dateModified":"2023-11-29T16:13:09+00:00","description":"Nous sommes la plus grande agence immobili\u00e8re scandinave de la C\u00f4te d'Azur. Contactez-nous d\u00e8s aujourd'hui !","breadcrumb":{"@id":"https:\/\/www.wretmanestate.com\/sv\/om-oss-maklare-franska-rivieran\/team\/emelie-wikander\/#breadcrumb"},"inLanguage":"sv-SE","potentialAction":[{"@type":"ReadAction","target":["https:\/\/www.wretmanestate.com\/sv\/om-oss-maklare-franska-rivieran\/team\/emelie-wikander\/"]}]},{"@type":"BreadcrumbList","@id":"https:\/\/www.wretmanestate.com\/sv\/om-oss-maklare-franska-rivieran\/team\/emelie-wikander\/#breadcrumb","itemListElement":[{"@type":"ListItem","position":1,"name":"Accueil","item":"https:\/\/www.wretmanestate.com\/sv\/"},{"@type":"ListItem","position":2,"name":"Om oss","item":"https:\/\/www.wretmanestate.com\/sv\/om-oss-maklare-franska-rivieran\/"},{"@type":"ListItem","position":3,"name":"Team","item":"https:\/\/www.wretmanestate.com\/sv\/om-oss-maklare-franska-rivieran\/team\/"},{"@type":"ListItem","position":4,"name":"Emelie WIKANDER"}]},{"@type":"WebSite","@id":"https:\/\/www.wretmanestate.com\/sv\/#website","url":"https:\/\/www.wretmanestate.com\/sv\/","name":"Wretman Estate","description":"Immobilier sur la C\u00f4te d&#039;Azur et la Provence","publisher":{"@id":"https:\/\/www.wretmanestate.com\/sv\/#organization"},"potentialAction":[{"@type":"SearchAction","target":{"@type":"EntryPoint","urlTemplate":"https:\/\/www.wretmanestate.com\/sv\/?s={search_term_string}"},"query-input":{"@type":"PropertyValueSpecification","valueRequired":true,"valueName":"search_term_string"}}],"inLanguage":"sv-SE"},{"@type":"Organization","@id":"https:\/\/www.wretmanestate.com\/sv\/#organization","name":"WRETMAN ESTATE","url":"https:\/\/www.wretmanestate.com\/sv\/","logo":{"@type":"ImageObject","inLanguage":"sv-SE","@id":"https:\/\/www.wretmanestate.com\/sv\/#\/schema\/logo\/image\/","url":"","contentUrl":"","caption":"WRETMAN ESTATE"},"image":{"@id":"https:\/\/www.wretmanestate.com\/sv\/#\/schema\/logo\/image\/"}}]}},"_links":{"self":[{"href":"https:\/\/www.wretmanestate.com\/sv\/wp-json\/wp\/v2\/pages\/559410","targetHints":{"allow":["GET"]}}],"collection":[{"href":"https:\/\/www.wretmanestate.com\/sv\/wp-json\/wp\/v2\/pages"}],"about":[{"href":"https:\/\/www.wretmanestate.com\/sv\/wp-json\/wp\/v2\/types\/page"}],"author":[{"embeddable":true,"href":"https:\/\/www.wretmanestate.com\/sv\/wp-json\/wp\/v2\/users\/79"}],"replies":[{"embeddable":true,"href":"https:\/\/www.wretmanestate.com\/sv\/wp-json\/wp\/v2\/comments?post=559410"}],"version-history":[{"count":2,"href":"https:\/\/www.wretmanestate.com\/sv\/wp-json\/wp\/v2\/pages\/559410\/revisions"}],"predecessor-version":[{"id":559793,"href":"https:\/\/www.wretmanestate.com\/sv\/wp-json\/wp\/v2\/pages\/559410\/revisions\/559793"}],"up":[{"embeddable":true,"href":"https:\/\/www.wretmanestate.com\/sv\/wp-json\/wp\/v2\/pages\/3927"}],"wp:attachment":[{"href":"https:\/\/www.wretmanestate.com\/sv\/wp-json\/wp\/v2\/media?parent=559410"}],"curies":[{"name":"wp","href":"https:\/\/api.w.org\/{rel}","templated":true}]}}