{"id":620218,"date":"2024-09-12T14:21:18","date_gmt":"2024-09-12T12:21:18","guid":{"rendered":"https:\/\/www.wretmanestate.com\/?page_id=620218"},"modified":"2025-12-05T17:54:30","modified_gmt":"2025-12-05T16:54:30","slug":"sofie-breien","status":"publish","type":"page","link":"https:\/\/www.wretmanestate.com\/sv\/om-oss-maklare-franska-rivieran\/team\/sofie-breien\/","title":{"rendered":"Sofie BREIEN"},"content":{"rendered":"<div class=\"wpb-content-wrapper\"><p>[vc_row full_width=&#8221;stretch_row_content_no_spaces&#8221; content_placement=&#8221;bottom&#8221; css=&#8221;.vc_custom_1580720336371{background-image: url(https:\/\/www.wretmanestate.com\/wp-content\/uploads\/2019\/11\/new-banner.jpg?id=3444) !important;background-position: center !important;background-repeat: no-repeat !important;background-size: cover !important;}&#8221; el_class=&#8221;bloc-title header_team medium&#8221;][vc_column]<div class=\" \">\r\n\t\r\n        <div class=\"mh-heading-wrapper\">\r\n            <h1            class=\"mh-heading mh-color-white mh-heading--bottom-separator   \"\r\n            style=\"font-weight:700;\">\r\n\t\t\tSofie BREIEN        <\/h1>\r\n\r\n\t\t            <div class=\"mh-subheading mh-color-white\"\r\n                 style=\"\">\r\n\t\t\t\tAssistant at our office in Nice            <\/div>\r\n\t\t    <\/div>\r\n\r\n\t<\/div>[vc_single_image image=&#8221;855751&#8243; img_size=&#8221;full&#8221; alignment=&#8221;center&#8221; style=&#8221;vc_box_rounded&#8221; css=&#8221;&#8221;][\/vc_column][\/vc_row][vc_row bg_type=&#8221;bg_color&#8221; bg_override=&#8221;ex-full&#8221; el_class=&#8221;team_desc&#8221; bg_color_value=&#8221;#f2f2f6&#8243; el_id=&#8221;red_links&#8221;][vc_column width=&#8221;1\/2&#8243;][vc_column_text css=&#8221;&#8221;]<\/p>\n<h5><span style=\"color: #993300;\"><strong>Hur kom du till C\u00f4te d&#8217;Azur?<\/strong><\/span><\/h5>\n<p>Mina f\u00f6r\u00e4ldrar k\u00f6pte ett semesterhus p\u00e5 C\u00f4te d&#8217;Azur ungef\u00e4r n\u00e4r jag f\u00f6ddes, och sedan dess har vi tillbringat s\u00e5 mycket tid som m\u00f6jligt h\u00e4r.<\/p>\n<h5><span style=\"color: #993300;\"><strong>Hur l\u00e4nge har du bott i Frankrike?<\/strong><\/span><\/h5>\n<p>Efter att ha dr\u00f6mt om att bo p\u00e5 C\u00f4te d&#8217;Azur i hela mitt liv flyttade jag till slut till Nice vintern 2024.<\/p>\n<h5><span style=\"color: #993300;\"><strong>Ber\u00e4tta n\u00e5got om dig sj\u00e4lv: n\u00e5got som inte s\u00e5 m\u00e5nga vet.<\/strong><\/span><\/h5>\n<p>Jag \u00e4lskar att titta p\u00e5 Formel 1 och fotboll och flyttade till och med till Schweiz f\u00f6r att specialisera mig p\u00e5 idrottsjuridik efter min juristexamen.[\/vc_column_text][\/vc_column][vc_column width=&#8221;1\/2&#8243;][vc_column_text css=&#8221;&#8221;]<\/p>\n<h5><span style=\"color: #993300;\"><strong>Vilken \u00e4r din favoritpromenad\/utflykt i regionen?<\/strong><\/span><\/h5>\n<p>Mina f\u00f6r\u00e4ldrars semesterhus ligger i Le Lavandou, s\u00e5 en promenad l\u00e4ngs kusten v\u00e4cker m\u00e5nga goda minnen hos mig. Atmosf\u00e4ren \u00e4r mycket fridfull och det finns flera vikar l\u00e4ngs v\u00e4gen med sin egen speciella karakt\u00e4r.<\/p>\n<h5><span style=\"color: #993300;\"><strong>Var \u00e4r ditt favoritst\u00e4lle att g\u00e5 till stranden?<\/strong><\/span><\/h5>\n<p>Pampelonne \u00e4r min favoritstrand, s\u00e4rskilt under h\u00f6sten och p\u00e5sken n\u00e4r det \u00e4r lite mindre folk.<\/p>\n<h5><span style=\"color: #993300;\"><strong>Hur ser en idealisk s\u00f6ndag ut f\u00f6r dig?<\/strong><\/span><\/h5>\n<p>En perfekt s\u00f6ndag \u00e4r att ta en promenad med v\u00e4nner eller familj och stanna till p\u00e5 ett kaf\u00e9 f\u00f6r en kopp kaffe och n\u00e5gra bakverk. P\u00e5 sommaren avslutar vi dagen p\u00e5 stranden och tittar p\u00e5 solnedg\u00e5ngen.[\/vc_column_text][\/vc_column][\/vc_row][vc_row][vc_column]    <div class=\"mh-grid\">\r\n\t\t    <\/div>\r\n\r\n[\/vc_column][\/vc_row]<\/p>\n<\/div>","protected":false},"excerpt":{"rendered":"<p>[vc_row full_width=&#8221;stretch_row_content_no_spaces&#8221; content_placement=&#8221;bottom&#8221; css=&#8221;.vc_custom_1580720336371{background-image: url(https:\/\/www.wretmanestate.com\/wp-content\/uploads\/2019\/11\/new-banner.jpg?id=3444) !important;background-position: center !important;background-repeat: no-repeat !important;background-size: cover !important;}&#8221; el_class=&#8221;bloc-title header_team medium&#8221;][vc_column][vc_single_image image=&#8221;855751&#8243; img_size=&#8221;full&#8221; alignment=&#8221;center&#8221; style=&#8221;vc_box_rounded&#8221; css=&#8221;&#8221;][\/vc_column][\/vc_row][vc_row bg_type=&#8221;bg_color&#8221; bg_override=&#8221;ex-full&#8221; el_class=&#8221;team_desc&#8221; bg_color_value=&#8221;#f2f2f6&#8243; el_id=&#8221;red_links&#8221;][vc_column width=&#8221;1\/2&#8243;][vc_column_text css=&#8221;&#8221;] Hur kom du till C\u00f4te d&#8217;Azur? Mina f\u00f6r\u00e4ldrar k\u00f6pte ett semesterhus p\u00e5 C\u00f4te d&#8217;Azur ungef\u00e4r n\u00e4r jag f\u00f6ddes, och sedan dess har vi tillbringat s\u00e5 mycket tid som [&hellip;]<\/p>\n","protected":false},"author":23,"featured_media":0,"parent":3927,"menu_order":0,"comment_status":"closed","ping_status":"closed","template":"page_full-width.php","meta":{"_acf_changed":false,"content-type":"","_monsterinsights_skip_tracking":false,"_monsterinsights_sitenote_active":false,"_monsterinsights_sitenote_note":"","_monsterinsights_sitenote_category":0,"footnotes":""},"class_list":["post-620218","page","type-page","status-publish","hentry"],"acf":[],"yoast_head":"<!-- This site is optimized with the Yoast SEO plugin v27.5 - https:\/\/yoast.com\/product\/yoast-seo-wordpress\/ -->\n<title>M\u00e4klare i Nice - Sofie BREIEN - Wretman Estate<\/title>\n<meta name=\"description\" content=\"Sofie \u00e4r assistent p\u00e5 Wretman Estate Nice-kontor. Vi \u00e4r den st\u00f6rsta skandinaviska fastighetsbyr\u00e5n p\u00e5 Franska Rivieran. Kontakta oss idag\" \/>\n<meta name=\"robots\" content=\"index, follow, max-snippet:-1, max-image-preview:large, max-video-preview:-1\" \/>\n<link rel=\"canonical\" href=\"https:\/\/www.wretmanestate.com\/sv\/om-oss-maklare-franska-rivieran\/team\/sofie-breien\/\" \/>\n<meta property=\"og:locale\" content=\"sv_SE\" \/>\n<meta property=\"og:type\" content=\"article\" \/>\n<meta property=\"og:title\" content=\"M\u00e4klare i Nice - Sofie BREIEN - Wretman Estate\" \/>\n<meta property=\"og:description\" content=\"Sofie \u00e4r assistent p\u00e5 Wretman Estate Nice-kontor. Vi \u00e4r den st\u00f6rsta skandinaviska fastighetsbyr\u00e5n p\u00e5 Franska Rivieran. Kontakta oss idag\" \/>\n<meta property=\"og:url\" content=\"https:\/\/www.wretmanestate.com\/sv\/om-oss-maklare-franska-rivieran\/team\/sofie-breien\/\" \/>\n<meta property=\"og:site_name\" content=\"Wretman Estate\" \/>\n<meta property=\"article:modified_time\" content=\"2025-12-05T16:54:30+00:00\" \/>\n<meta name=\"twitter:card\" content=\"summary_large_image\" \/>\n<meta name=\"twitter:label1\" content=\"Ber\u00e4knad l\u00e4stid\" \/>\n\t<meta name=\"twitter:data1\" content=\"2 minuter\" \/>\n<script type=\"application\/ld+json\" class=\"yoast-schema-graph\">{\"@context\":\"https:\\\/\\\/schema.org\",\"@graph\":[{\"@type\":\"WebPage\",\"@id\":\"https:\\\/\\\/www.wretmanestate.com\\\/sv\\\/om-oss-maklare-franska-rivieran\\\/team\\\/sofie-breien\\\/\",\"url\":\"https:\\\/\\\/www.wretmanestate.com\\\/sv\\\/om-oss-maklare-franska-rivieran\\\/team\\\/sofie-breien\\\/\",\"name\":\"M\u00e4klare i Nice - Sofie BREIEN - Wretman Estate\",\"isPartOf\":{\"@id\":\"https:\\\/\\\/www.wretmanestate.com\\\/sv\\\/#website\"},\"datePublished\":\"2024-09-12T12:21:18+00:00\",\"dateModified\":\"2025-12-05T16:54:30+00:00\",\"description\":\"Sofie \u00e4r assistent p\u00e5 Wretman Estate Nice-kontor. Vi \u00e4r den st\u00f6rsta skandinaviska fastighetsbyr\u00e5n p\u00e5 Franska Rivieran. Kontakta oss idag\",\"breadcrumb\":{\"@id\":\"https:\\\/\\\/www.wretmanestate.com\\\/sv\\\/om-oss-maklare-franska-rivieran\\\/team\\\/sofie-breien\\\/#breadcrumb\"},\"inLanguage\":\"sv-SE\",\"potentialAction\":[{\"@type\":\"ReadAction\",\"target\":[\"https:\\\/\\\/www.wretmanestate.com\\\/sv\\\/om-oss-maklare-franska-rivieran\\\/team\\\/sofie-breien\\\/\"]}]},{\"@type\":\"BreadcrumbList\",\"@id\":\"https:\\\/\\\/www.wretmanestate.com\\\/sv\\\/om-oss-maklare-franska-rivieran\\\/team\\\/sofie-breien\\\/#breadcrumb\",\"itemListElement\":[{\"@type\":\"ListItem\",\"position\":1,\"name\":\"Accueil\",\"item\":\"https:\\\/\\\/www.wretmanestate.com\\\/sv\\\/\"},{\"@type\":\"ListItem\",\"position\":2,\"name\":\"Om oss\",\"item\":\"https:\\\/\\\/www.wretmanestate.com\\\/sv\\\/om-oss-maklare-franska-rivieran\\\/\"},{\"@type\":\"ListItem\",\"position\":3,\"name\":\"Team\",\"item\":\"https:\\\/\\\/www.wretmanestate.com\\\/sv\\\/om-oss-maklare-franska-rivieran\\\/team\\\/\"},{\"@type\":\"ListItem\",\"position\":4,\"name\":\"Sofie BREIEN\"}]},{\"@type\":\"WebSite\",\"@id\":\"https:\\\/\\\/www.wretmanestate.com\\\/sv\\\/#website\",\"url\":\"https:\\\/\\\/www.wretmanestate.com\\\/sv\\\/\",\"name\":\"Wretman Estate\",\"description\":\"Immobilier sur la C\u00f4te d&#039;Azur et la Provence\",\"publisher\":{\"@id\":\"https:\\\/\\\/www.wretmanestate.com\\\/sv\\\/#organization\"},\"potentialAction\":[{\"@type\":\"SearchAction\",\"target\":{\"@type\":\"EntryPoint\",\"urlTemplate\":\"https:\\\/\\\/www.wretmanestate.com\\\/sv\\\/?s={search_term_string}\"},\"query-input\":{\"@type\":\"PropertyValueSpecification\",\"valueRequired\":true,\"valueName\":\"search_term_string\"}}],\"inLanguage\":\"sv-SE\"},{\"@type\":\"Organization\",\"@id\":\"https:\\\/\\\/www.wretmanestate.com\\\/sv\\\/#organization\",\"name\":\"WRETMAN ESTATE\",\"url\":\"https:\\\/\\\/www.wretmanestate.com\\\/sv\\\/\",\"logo\":{\"@type\":\"ImageObject\",\"inLanguage\":\"sv-SE\",\"@id\":\"https:\\\/\\\/www.wretmanestate.com\\\/sv\\\/#\\\/schema\\\/logo\\\/image\\\/\",\"url\":\"\",\"contentUrl\":\"\",\"caption\":\"WRETMAN ESTATE\"},\"image\":{\"@id\":\"https:\\\/\\\/www.wretmanestate.com\\\/sv\\\/#\\\/schema\\\/logo\\\/image\\\/\"}}]}<\/script>\n<!-- \/ Yoast SEO plugin. -->","yoast_head_json":{"title":"M\u00e4klare i Nice - Sofie BREIEN - Wretman Estate","description":"Sofie \u00e4r assistent p\u00e5 Wretman Estate Nice-kontor. Vi \u00e4r den st\u00f6rsta skandinaviska fastighetsbyr\u00e5n p\u00e5 Franska Rivieran. Kontakta oss idag","robots":{"index":"index","follow":"follow","max-snippet":"max-snippet:-1","max-image-preview":"max-image-preview:large","max-video-preview":"max-video-preview:-1"},"canonical":"https:\/\/www.wretmanestate.com\/sv\/om-oss-maklare-franska-rivieran\/team\/sofie-breien\/","og_locale":"sv_SE","og_type":"article","og_title":"M\u00e4klare i Nice - Sofie BREIEN - Wretman Estate","og_description":"Sofie \u00e4r assistent p\u00e5 Wretman Estate Nice-kontor. Vi \u00e4r den st\u00f6rsta skandinaviska fastighetsbyr\u00e5n p\u00e5 Franska Rivieran. Kontakta oss idag","og_url":"https:\/\/www.wretmanestate.com\/sv\/om-oss-maklare-franska-rivieran\/team\/sofie-breien\/","og_site_name":"Wretman Estate","article_modified_time":"2025-12-05T16:54:30+00:00","twitter_card":"summary_large_image","twitter_misc":{"Ber\u00e4knad l\u00e4stid":"2 minuter"},"schema":{"@context":"https:\/\/schema.org","@graph":[{"@type":"WebPage","@id":"https:\/\/www.wretmanestate.com\/sv\/om-oss-maklare-franska-rivieran\/team\/sofie-breien\/","url":"https:\/\/www.wretmanestate.com\/sv\/om-oss-maklare-franska-rivieran\/team\/sofie-breien\/","name":"M\u00e4klare i Nice - Sofie BREIEN - Wretman Estate","isPartOf":{"@id":"https:\/\/www.wretmanestate.com\/sv\/#website"},"datePublished":"2024-09-12T12:21:18+00:00","dateModified":"2025-12-05T16:54:30+00:00","description":"Sofie \u00e4r assistent p\u00e5 Wretman Estate Nice-kontor. Vi \u00e4r den st\u00f6rsta skandinaviska fastighetsbyr\u00e5n p\u00e5 Franska Rivieran. Kontakta oss idag","breadcrumb":{"@id":"https:\/\/www.wretmanestate.com\/sv\/om-oss-maklare-franska-rivieran\/team\/sofie-breien\/#breadcrumb"},"inLanguage":"sv-SE","potentialAction":[{"@type":"ReadAction","target":["https:\/\/www.wretmanestate.com\/sv\/om-oss-maklare-franska-rivieran\/team\/sofie-breien\/"]}]},{"@type":"BreadcrumbList","@id":"https:\/\/www.wretmanestate.com\/sv\/om-oss-maklare-franska-rivieran\/team\/sofie-breien\/#breadcrumb","itemListElement":[{"@type":"ListItem","position":1,"name":"Accueil","item":"https:\/\/www.wretmanestate.com\/sv\/"},{"@type":"ListItem","position":2,"name":"Om oss","item":"https:\/\/www.wretmanestate.com\/sv\/om-oss-maklare-franska-rivieran\/"},{"@type":"ListItem","position":3,"name":"Team","item":"https:\/\/www.wretmanestate.com\/sv\/om-oss-maklare-franska-rivieran\/team\/"},{"@type":"ListItem","position":4,"name":"Sofie BREIEN"}]},{"@type":"WebSite","@id":"https:\/\/www.wretmanestate.com\/sv\/#website","url":"https:\/\/www.wretmanestate.com\/sv\/","name":"Wretman Estate","description":"Immobilier sur la C\u00f4te d&#039;Azur et la Provence","publisher":{"@id":"https:\/\/www.wretmanestate.com\/sv\/#organization"},"potentialAction":[{"@type":"SearchAction","target":{"@type":"EntryPoint","urlTemplate":"https:\/\/www.wretmanestate.com\/sv\/?s={search_term_string}"},"query-input":{"@type":"PropertyValueSpecification","valueRequired":true,"valueName":"search_term_string"}}],"inLanguage":"sv-SE"},{"@type":"Organization","@id":"https:\/\/www.wretmanestate.com\/sv\/#organization","name":"WRETMAN ESTATE","url":"https:\/\/www.wretmanestate.com\/sv\/","logo":{"@type":"ImageObject","inLanguage":"sv-SE","@id":"https:\/\/www.wretmanestate.com\/sv\/#\/schema\/logo\/image\/","url":"","contentUrl":"","caption":"WRETMAN ESTATE"},"image":{"@id":"https:\/\/www.wretmanestate.com\/sv\/#\/schema\/logo\/image\/"}}]}},"_links":{"self":[{"href":"https:\/\/www.wretmanestate.com\/sv\/wp-json\/wp\/v2\/pages\/620218","targetHints":{"allow":["GET"]}}],"collection":[{"href":"https:\/\/www.wretmanestate.com\/sv\/wp-json\/wp\/v2\/pages"}],"about":[{"href":"https:\/\/www.wretmanestate.com\/sv\/wp-json\/wp\/v2\/types\/page"}],"author":[{"embeddable":true,"href":"https:\/\/www.wretmanestate.com\/sv\/wp-json\/wp\/v2\/users\/23"}],"replies":[{"embeddable":true,"href":"https:\/\/www.wretmanestate.com\/sv\/wp-json\/wp\/v2\/comments?post=620218"}],"version-history":[{"count":5,"href":"https:\/\/www.wretmanestate.com\/sv\/wp-json\/wp\/v2\/pages\/620218\/revisions"}],"predecessor-version":[{"id":855770,"href":"https:\/\/www.wretmanestate.com\/sv\/wp-json\/wp\/v2\/pages\/620218\/revisions\/855770"}],"up":[{"embeddable":true,"href":"https:\/\/www.wretmanestate.com\/sv\/wp-json\/wp\/v2\/pages\/3927"}],"wp:attachment":[{"href":"https:\/\/www.wretmanestate.com\/sv\/wp-json\/wp\/v2\/media?parent=620218"}],"curies":[{"name":"wp","href":"https:\/\/api.w.org\/{rel}","templated":true}]}}