{"id":853224,"date":"2025-11-18T15:39:37","date_gmt":"2025-11-18T14:39:37","guid":{"rendered":"https:\/\/www.wretmanestate.com\/?page_id=853224"},"modified":"2025-11-18T16:00:39","modified_gmt":"2025-11-18T15:00:39","slug":"ilona-hutsenband","status":"publish","type":"page","link":"https:\/\/www.wretmanestate.com\/sv\/om-oss-maklare-franska-rivieran\/team\/ilona-hutsenband\/","title":{"rendered":"Ilona HUTSENBAND"},"content":{"rendered":"<div class=\"wpb-content-wrapper\"><p>[vc_row full_width=&#8221;stretch_row_content_no_spaces&#8221; content_placement=&#8221;bottom&#8221; css=&#8221;.vc_custom_1580720481228{background-image: url(https:\/\/www.wretmanestate.com\/wp-content\/uploads\/2019\/11\/new-banner.jpg?id=3444) !important;background-position: center !important;background-repeat: no-repeat !important;background-size: cover !important;}&#8221; el_class=&#8221;bloc-title header_team medium&#8221;][vc_column]<div class=\" \">\r\n\t\r\n        <div class=\"mh-heading-wrapper\">\r\n            <h1            class=\"mh-heading mh-color-white mh-heading--bottom-separator   \"\r\n            style=\"font-weight:700;\">\r\n\t\t\tIlona HUTSENBAND        <\/h1>\r\n\r\n\t\t            <div class=\"mh-subheading mh-color-white\"\r\n                 style=\"\">\r\n\t\t\t\tS\u00e4ljassistent i Lorgues med omnejd            <\/div>\r\n\t\t    <\/div>\r\n\r\n\t<\/div>[vc_single_image image=&#8221;853233&#8243; img_size=&#8221;full&#8221; alignment=&#8221;center&#8221; style=&#8221;vc_box_rounded&#8221; css=&#8221;&#8221;][\/vc_column][\/vc_row][vc_row bg_type=&#8221;bg_color&#8221; bg_override=&#8221;ex-full&#8221; el_class=&#8221;team_desc&#8221; bg_color_value=&#8221;#f2f2f6&#8243;][vc_column width=&#8221;1\/2&#8243;][vc_column_text css=&#8221;&#8221;]<\/p>\n<h5><span style=\"color: #993300;\"><strong>Hur l\u00e4nge har du bott i Frankrike?<\/strong><\/span><\/h5>\n<p>Jag har bott i Frankrike i fyra \u00e5r nu, eftersom jag \u00e4r belgisk och tidigare bodde i Belgien.<\/p>\n<h5><span style=\"color: #993300;\"><strong>Vad \u00e4r din favoritutflykt i regionen?<\/strong><\/span><\/h5>\n<p>Min favoritutflykt \u00e4r en sommar eftermiddag n\u00e4r jag tar med min hund f\u00f6r att bada i en vacker flod.<\/p>\n<h5><span style=\"color: #993300;\"><strong>Vad gillar du att g\u00f6ra p\u00e5 en ledig dag?<\/strong><\/span><\/h5>\n<p>P\u00e5 mina lediga dagar \u00e4lskar jag att ta hand om mina h\u00e4star och djur, eller att g\u00e5 ut med mina v\u00e4nner, shoppa och umg\u00e5s med familjen.[\/vc_column_text][\/vc_column][vc_column width=&#8221;1\/2&#8243;][vc_column_text css=&#8221;&#8221;]<\/p>\n<h5><span style=\"color: #993300;\"><strong>Hur ser en perfekt s\u00f6ndag ut f\u00f6r dig?<\/strong><\/span><\/h5>\n<p>F\u00f6r mig \u00e4r en perfekt s\u00f6ndag en solig s\u00f6ndag som jag njuter av i lugn och ro med min familj.<\/p>\n<h5><span style=\"color: #993300;\"><strong>Hur hamnade du p\u00e5 C\u00f4te d&#8217;Azur?<\/strong><\/span><\/h5>\n<p>Jag hamnade p\u00e5 C\u00f4te d&#8217;Azur eftersom en v\u00e4n till mina f\u00f6r\u00e4ldrar bodde h\u00e4r och lyckades \u00f6vertyga dem om att flytta hit f\u00f6r att kunna njuta av solen \u00e5ret om.<\/p>\n<h5><span style=\"color: #993300;\"><strong>Vilken \u00e4r din favoritstrand?<\/strong><\/span><\/h5>\n<p>Eftersom jag inte har bott h\u00e4r s\u00e5 l\u00e4nge k\u00e4nner jag inte till s\u00e5 m\u00e5nga, men jag f\u00f6redrar str\u00e4nder med klippor eller vikar d\u00e4r det inte finns n\u00e5gon, men ocks\u00e5 St Tropez med mina v\u00e4nner.[\/vc_column_text][\/vc_column][\/vc_row][vc_row][vc_column]    <div class=\"mh-grid\">\r\n\t\t    <\/div>\r\n\r\n[\/vc_column][\/vc_row]<\/p>\n<\/div>","protected":false},"excerpt":{"rendered":"<p>[vc_row full_width=&#8221;stretch_row_content_no_spaces&#8221; content_placement=&#8221;bottom&#8221; css=&#8221;.vc_custom_1580720481228{background-image: url(https:\/\/www.wretmanestate.com\/wp-content\/uploads\/2019\/11\/new-banner.jpg?id=3444) !important;background-position: center !important;background-repeat: no-repeat !important;background-size: cover !important;}&#8221; el_class=&#8221;bloc-title header_team medium&#8221;][vc_column][vc_single_image image=&#8221;853233&#8243; img_size=&#8221;full&#8221; alignment=&#8221;center&#8221; style=&#8221;vc_box_rounded&#8221; css=&#8221;&#8221;][\/vc_column][\/vc_row][vc_row bg_type=&#8221;bg_color&#8221; bg_override=&#8221;ex-full&#8221; el_class=&#8221;team_desc&#8221; bg_color_value=&#8221;#f2f2f6&#8243;][vc_column width=&#8221;1\/2&#8243;][vc_column_text css=&#8221;&#8221;] Hur l\u00e4nge har du bott i Frankrike? Jag har bott i Frankrike i fyra \u00e5r nu, eftersom jag \u00e4r belgisk och tidigare bodde i Belgien. Vad \u00e4r din favoritutflykt [&hellip;]<\/p>\n","protected":false},"author":23,"featured_media":0,"parent":3927,"menu_order":0,"comment_status":"closed","ping_status":"closed","template":"page_full-width.php","meta":{"_acf_changed":false,"content-type":"","_monsterinsights_skip_tracking":false,"_monsterinsights_sitenote_active":false,"_monsterinsights_sitenote_note":"","_monsterinsights_sitenote_category":0,"footnotes":""},"class_list":["post-853224","page","type-page","status-publish","hentry"],"acf":[],"yoast_head":"<!-- This site is optimized with the Yoast SEO plugin v27.5 - https:\/\/yoast.com\/product\/yoast-seo-wordpress\/ -->\n<title>S\u00e4ljassistent i Lorgues och omgivning - Ilona HUTSENBAND - Wretman Estate<\/title>\n<meta name=\"description\" content=\"Ilona Hutsenband \u00e4r f\u00f6rs\u00e4ljningsassistent p\u00e5 Wretman Estate och assisterar v\u00e5ra m\u00e4klare vid fastighetstransaktioner i Lorgues p\u00e5 Franska Rivieran.\" \/>\n<meta name=\"robots\" content=\"index, follow, max-snippet:-1, max-image-preview:large, max-video-preview:-1\" \/>\n<link rel=\"canonical\" href=\"https:\/\/www.wretmanestate.com\/sv\/om-oss-maklare-franska-rivieran\/team\/ilona-hutsenband\/\" \/>\n<meta property=\"og:locale\" content=\"sv_SE\" \/>\n<meta property=\"og:type\" content=\"article\" \/>\n<meta property=\"og:title\" content=\"S\u00e4ljassistent i Lorgues och omgivning - Ilona HUTSENBAND - Wretman Estate\" \/>\n<meta property=\"og:description\" content=\"Ilona Hutsenband \u00e4r f\u00f6rs\u00e4ljningsassistent p\u00e5 Wretman Estate och assisterar v\u00e5ra m\u00e4klare vid fastighetstransaktioner i Lorgues p\u00e5 Franska Rivieran.\" \/>\n<meta property=\"og:url\" content=\"https:\/\/www.wretmanestate.com\/sv\/om-oss-maklare-franska-rivieran\/team\/ilona-hutsenband\/\" \/>\n<meta property=\"og:site_name\" content=\"Wretman Estate\" \/>\n<meta property=\"article:modified_time\" content=\"2025-11-18T15:00:39+00:00\" \/>\n<meta name=\"twitter:card\" content=\"summary_large_image\" \/>\n<meta name=\"twitter:label1\" content=\"Ber\u00e4knad l\u00e4stid\" \/>\n\t<meta name=\"twitter:data1\" content=\"2 minuter\" \/>\n<script type=\"application\/ld+json\" class=\"yoast-schema-graph\">{\"@context\":\"https:\\\/\\\/schema.org\",\"@graph\":[{\"@type\":\"WebPage\",\"@id\":\"https:\\\/\\\/www.wretmanestate.com\\\/sv\\\/om-oss-maklare-franska-rivieran\\\/team\\\/ilona-hutsenband\\\/\",\"url\":\"https:\\\/\\\/www.wretmanestate.com\\\/sv\\\/om-oss-maklare-franska-rivieran\\\/team\\\/ilona-hutsenband\\\/\",\"name\":\"S\u00e4ljassistent i Lorgues och omgivning - Ilona HUTSENBAND - Wretman Estate\",\"isPartOf\":{\"@id\":\"https:\\\/\\\/www.wretmanestate.com\\\/sv\\\/#website\"},\"datePublished\":\"2025-11-18T14:39:37+00:00\",\"dateModified\":\"2025-11-18T15:00:39+00:00\",\"description\":\"Ilona Hutsenband \u00e4r f\u00f6rs\u00e4ljningsassistent p\u00e5 Wretman Estate och assisterar v\u00e5ra m\u00e4klare vid fastighetstransaktioner i Lorgues p\u00e5 Franska Rivieran.\",\"breadcrumb\":{\"@id\":\"https:\\\/\\\/www.wretmanestate.com\\\/sv\\\/om-oss-maklare-franska-rivieran\\\/team\\\/ilona-hutsenband\\\/#breadcrumb\"},\"inLanguage\":\"sv-SE\",\"potentialAction\":[{\"@type\":\"ReadAction\",\"target\":[\"https:\\\/\\\/www.wretmanestate.com\\\/sv\\\/om-oss-maklare-franska-rivieran\\\/team\\\/ilona-hutsenband\\\/\"]}]},{\"@type\":\"BreadcrumbList\",\"@id\":\"https:\\\/\\\/www.wretmanestate.com\\\/sv\\\/om-oss-maklare-franska-rivieran\\\/team\\\/ilona-hutsenband\\\/#breadcrumb\",\"itemListElement\":[{\"@type\":\"ListItem\",\"position\":1,\"name\":\"Accueil\",\"item\":\"https:\\\/\\\/www.wretmanestate.com\\\/sv\\\/\"},{\"@type\":\"ListItem\",\"position\":2,\"name\":\"Om oss\",\"item\":\"https:\\\/\\\/www.wretmanestate.com\\\/sv\\\/om-oss-maklare-franska-rivieran\\\/\"},{\"@type\":\"ListItem\",\"position\":3,\"name\":\"Team\",\"item\":\"https:\\\/\\\/www.wretmanestate.com\\\/sv\\\/om-oss-maklare-franska-rivieran\\\/team\\\/\"},{\"@type\":\"ListItem\",\"position\":4,\"name\":\"Ilona HUTSENBAND\"}]},{\"@type\":\"WebSite\",\"@id\":\"https:\\\/\\\/www.wretmanestate.com\\\/sv\\\/#website\",\"url\":\"https:\\\/\\\/www.wretmanestate.com\\\/sv\\\/\",\"name\":\"Wretman Estate\",\"description\":\"Immobilier sur la C\u00f4te d&#039;Azur et la Provence\",\"publisher\":{\"@id\":\"https:\\\/\\\/www.wretmanestate.com\\\/sv\\\/#organization\"},\"potentialAction\":[{\"@type\":\"SearchAction\",\"target\":{\"@type\":\"EntryPoint\",\"urlTemplate\":\"https:\\\/\\\/www.wretmanestate.com\\\/sv\\\/?s={search_term_string}\"},\"query-input\":{\"@type\":\"PropertyValueSpecification\",\"valueRequired\":true,\"valueName\":\"search_term_string\"}}],\"inLanguage\":\"sv-SE\"},{\"@type\":\"Organization\",\"@id\":\"https:\\\/\\\/www.wretmanestate.com\\\/sv\\\/#organization\",\"name\":\"WRETMAN ESTATE\",\"url\":\"https:\\\/\\\/www.wretmanestate.com\\\/sv\\\/\",\"logo\":{\"@type\":\"ImageObject\",\"inLanguage\":\"sv-SE\",\"@id\":\"https:\\\/\\\/www.wretmanestate.com\\\/sv\\\/#\\\/schema\\\/logo\\\/image\\\/\",\"url\":\"\",\"contentUrl\":\"\",\"caption\":\"WRETMAN ESTATE\"},\"image\":{\"@id\":\"https:\\\/\\\/www.wretmanestate.com\\\/sv\\\/#\\\/schema\\\/logo\\\/image\\\/\"}}]}<\/script>\n<!-- \/ Yoast SEO plugin. -->","yoast_head_json":{"title":"S\u00e4ljassistent i Lorgues och omgivning - Ilona HUTSENBAND - Wretman Estate","description":"Ilona Hutsenband \u00e4r f\u00f6rs\u00e4ljningsassistent p\u00e5 Wretman Estate och assisterar v\u00e5ra m\u00e4klare vid fastighetstransaktioner i Lorgues p\u00e5 Franska Rivieran.","robots":{"index":"index","follow":"follow","max-snippet":"max-snippet:-1","max-image-preview":"max-image-preview:large","max-video-preview":"max-video-preview:-1"},"canonical":"https:\/\/www.wretmanestate.com\/sv\/om-oss-maklare-franska-rivieran\/team\/ilona-hutsenband\/","og_locale":"sv_SE","og_type":"article","og_title":"S\u00e4ljassistent i Lorgues och omgivning - Ilona HUTSENBAND - Wretman Estate","og_description":"Ilona Hutsenband \u00e4r f\u00f6rs\u00e4ljningsassistent p\u00e5 Wretman Estate och assisterar v\u00e5ra m\u00e4klare vid fastighetstransaktioner i Lorgues p\u00e5 Franska Rivieran.","og_url":"https:\/\/www.wretmanestate.com\/sv\/om-oss-maklare-franska-rivieran\/team\/ilona-hutsenband\/","og_site_name":"Wretman Estate","article_modified_time":"2025-11-18T15:00:39+00:00","twitter_card":"summary_large_image","twitter_misc":{"Ber\u00e4knad l\u00e4stid":"2 minuter"},"schema":{"@context":"https:\/\/schema.org","@graph":[{"@type":"WebPage","@id":"https:\/\/www.wretmanestate.com\/sv\/om-oss-maklare-franska-rivieran\/team\/ilona-hutsenband\/","url":"https:\/\/www.wretmanestate.com\/sv\/om-oss-maklare-franska-rivieran\/team\/ilona-hutsenband\/","name":"S\u00e4ljassistent i Lorgues och omgivning - Ilona HUTSENBAND - Wretman Estate","isPartOf":{"@id":"https:\/\/www.wretmanestate.com\/sv\/#website"},"datePublished":"2025-11-18T14:39:37+00:00","dateModified":"2025-11-18T15:00:39+00:00","description":"Ilona Hutsenband \u00e4r f\u00f6rs\u00e4ljningsassistent p\u00e5 Wretman Estate och assisterar v\u00e5ra m\u00e4klare vid fastighetstransaktioner i Lorgues p\u00e5 Franska Rivieran.","breadcrumb":{"@id":"https:\/\/www.wretmanestate.com\/sv\/om-oss-maklare-franska-rivieran\/team\/ilona-hutsenband\/#breadcrumb"},"inLanguage":"sv-SE","potentialAction":[{"@type":"ReadAction","target":["https:\/\/www.wretmanestate.com\/sv\/om-oss-maklare-franska-rivieran\/team\/ilona-hutsenband\/"]}]},{"@type":"BreadcrumbList","@id":"https:\/\/www.wretmanestate.com\/sv\/om-oss-maklare-franska-rivieran\/team\/ilona-hutsenband\/#breadcrumb","itemListElement":[{"@type":"ListItem","position":1,"name":"Accueil","item":"https:\/\/www.wretmanestate.com\/sv\/"},{"@type":"ListItem","position":2,"name":"Om oss","item":"https:\/\/www.wretmanestate.com\/sv\/om-oss-maklare-franska-rivieran\/"},{"@type":"ListItem","position":3,"name":"Team","item":"https:\/\/www.wretmanestate.com\/sv\/om-oss-maklare-franska-rivieran\/team\/"},{"@type":"ListItem","position":4,"name":"Ilona HUTSENBAND"}]},{"@type":"WebSite","@id":"https:\/\/www.wretmanestate.com\/sv\/#website","url":"https:\/\/www.wretmanestate.com\/sv\/","name":"Wretman Estate","description":"Immobilier sur la C\u00f4te d&#039;Azur et la Provence","publisher":{"@id":"https:\/\/www.wretmanestate.com\/sv\/#organization"},"potentialAction":[{"@type":"SearchAction","target":{"@type":"EntryPoint","urlTemplate":"https:\/\/www.wretmanestate.com\/sv\/?s={search_term_string}"},"query-input":{"@type":"PropertyValueSpecification","valueRequired":true,"valueName":"search_term_string"}}],"inLanguage":"sv-SE"},{"@type":"Organization","@id":"https:\/\/www.wretmanestate.com\/sv\/#organization","name":"WRETMAN ESTATE","url":"https:\/\/www.wretmanestate.com\/sv\/","logo":{"@type":"ImageObject","inLanguage":"sv-SE","@id":"https:\/\/www.wretmanestate.com\/sv\/#\/schema\/logo\/image\/","url":"","contentUrl":"","caption":"WRETMAN ESTATE"},"image":{"@id":"https:\/\/www.wretmanestate.com\/sv\/#\/schema\/logo\/image\/"}}]}},"_links":{"self":[{"href":"https:\/\/www.wretmanestate.com\/sv\/wp-json\/wp\/v2\/pages\/853224","targetHints":{"allow":["GET"]}}],"collection":[{"href":"https:\/\/www.wretmanestate.com\/sv\/wp-json\/wp\/v2\/pages"}],"about":[{"href":"https:\/\/www.wretmanestate.com\/sv\/wp-json\/wp\/v2\/types\/page"}],"author":[{"embeddable":true,"href":"https:\/\/www.wretmanestate.com\/sv\/wp-json\/wp\/v2\/users\/23"}],"replies":[{"embeddable":true,"href":"https:\/\/www.wretmanestate.com\/sv\/wp-json\/wp\/v2\/comments?post=853224"}],"version-history":[{"count":3,"href":"https:\/\/www.wretmanestate.com\/sv\/wp-json\/wp\/v2\/pages\/853224\/revisions"}],"predecessor-version":[{"id":853250,"href":"https:\/\/www.wretmanestate.com\/sv\/wp-json\/wp\/v2\/pages\/853224\/revisions\/853250"}],"up":[{"embeddable":true,"href":"https:\/\/www.wretmanestate.com\/sv\/wp-json\/wp\/v2\/pages\/3927"}],"wp:attachment":[{"href":"https:\/\/www.wretmanestate.com\/sv\/wp-json\/wp\/v2\/media?parent=853224"}],"curies":[{"name":"wp","href":"https:\/\/api.w.org\/{rel}","templated":true}]}}